{"id":1005,"date":"2025-05-11T15:09:06","date_gmt":"2025-05-11T15:09:06","guid":{"rendered":"https:\/\/autothaiduong.vn\/?post_type=product&#038;p=1005"},"modified":"2025-05-11T15:09:29","modified_gmt":"2025-05-11T15:09:29","slug":"loa-canh-o-to-focal-ps-130f","status":"publish","type":"product","link":"https:\/\/autothaiduong.vn\/?product=loa-canh-o-to-focal-ps-130f","title":{"rendered":"Loa c\u00e1nh \u00f4 t\u00f4 Focal PS 130F"},"content":{"rendered":"<p><img loading=\"lazy\" decoding=\"async\" class=\" wp-image-489 aligncenter\" src=\"https:\/\/autothaiduong.vn\/wp-content\/uploads\/2025\/04\/z6584734442481_f208f5944548cb4b46353402ce2e64e0.jpg\" alt=\"\" width=\"281\" height=\"249\" \/><\/p>\n<p style=\"text-align: center;\"><span style=\"color: #ff0000; font-size: 150%;\"><strong>273-275 Tr\u1ea7n Ph\u00fa Ph\u01b0\u1eddng L\u1ed9c S\u01a1n Th\u00e0nh Ph\u1ed1 B\u1ea3o L\u1ed9c T\u1ec9nh L\u00e2m \u0110\u1ed3ng <\/strong><\/span><\/p>\n<p style=\"text-align: center;\"><span style=\"color: #ff0000; font-size: 150%;\"><strong>Hotline: 0912197441<\/strong><\/span><\/p>\n<p>L\u00e0 th\u01b0\u01a1ng hi\u1ec7u loa \u0111\u01b0\u1ee3c r\u1ea5t nhi\u1ec1u d\u00e2n\u00a0audiophile \u01b0a chu\u1ed9ng th\u00ec\u00a0<a title=\"Focal PS 130 F\" href=\"https:\/\/thienphuauto.com\/6130-loa-canh-focal-ps130f-trep-roi-kich-thuoc-130mm.html\" target=\"_blank\" rel=\"noopener\">Focal PS 130 F<\/a>\u00a0\u0111\u01b0\u1ee3c y\u00eau th\u00edch l\u1eafp n\u00ean \u00f4 t\u00f4 b\u1edfi y\u1ebfu t\u1ed1 gi\u00e1 th\u00e0nh v\u00e0 kh\u1ea3 n\u0103ng t\u00e1i t\u1ea1o \u00e2m thanh tuy\u1ec7t v\u1eddi c\u1ee7a n\u00f3. \u0110\u00e2y l\u00e0 d\u00f2ng loa l\u00e0m m\u01b0a l\u00e0m gi\u00f3 tr\u00ean th\u1ecb tr\u01b0\u1eddng v\u1edbi ch\u1ea5t \u00e2m th\u1eadt s\u1ef1 cu\u1ed1n h\u00fat v\u00e0 d\u1ec5 gh\u00e9p n\u1ed1i.<\/p>\n<p><img loading=\"lazy\" decoding=\"async\" class=\"alignnone size-full wp-image-1007\" src=\"https:\/\/autothaiduong.vn\/wp-content\/uploads\/2025\/05\/cong-nghe-expert-loa-focal-ps-130-f.jpg\" alt=\"C\u00f4ng ngh\u1ec7 Expert loa Facal PS 130 F\" width=\"980\" height=\"260\" srcset=\"https:\/\/autothaiduong.vn\/wp-content\/uploads\/2025\/05\/cong-nghe-expert-loa-focal-ps-130-f.jpg 980w, https:\/\/autothaiduong.vn\/wp-content\/uploads\/2025\/05\/cong-nghe-expert-loa-focal-ps-130-f-600x159.jpg 600w, https:\/\/autothaiduong.vn\/wp-content\/uploads\/2025\/05\/cong-nghe-expert-loa-focal-ps-130-f-768x204.jpg 768w\" sizes=\"auto, (max-width: 980px) 100vw, 980px\" \/><\/p>\n<h2>1. \u0110\u00e1nh gi\u00e1 loa Focal PS 130 F d\u00e0nh cho \u00f4 t\u00f4<\/h2>\n<p>B\u1ed9 loa 2 way n\u1eb1m seri Expert Car Audio trong h\u1ec7 th\u1ed1ng\u00a0<a title=\"loa Focal Ph\u00e1p\" href=\"https:\/\/thienphuauto.com\/loa-canh-loa-hau-focal-phap.html\" target=\"_blank\" rel=\"noopener\">loa Focal Ph\u00e1p<\/a>\u00a0\u0111em \u0111\u1ebfn kh\u1ea3 n\u0103ng t\u00e1i t\u1ea1o \u00e2m thanh r\u1ea5t t\u1ed1t \u0111\u01b0\u1ee3c nhi\u1ec1u ch\u1ee7 xe h\u01a1i tin t\u01b0\u1edfng.<\/p>\n<p>B\u1ed9 loa hai \u0111\u01b0\u1eddng ti\u1ebfng ri\u00eang bi\u1ec7t n\u00e0y bao g\u1ed3m 1 c\u1eb7p c\u1ee7 loa Mid-Bas c\u00f3\u00a0<strong>\u0111\u01b0\u1eddng k\u00ednh l\u00e0 130mm<\/strong>, 1 c\u1eb7p loa treble \u0111\u01b0\u1ee3c ch\u1ebf t\u1ea1o theo c\u00f4ng ngh\u1ec7 m\u00e1i v\u00f2m ng\u01b0\u1ee3c v\u1edbi gi\u00e1 \u0111\u1ee1 v\u00e0 m\u00e0ng l\u1ecdc ri\u00eang bi\u1ec7t.<\/p>\n<p><img loading=\"lazy\" decoding=\"async\" class=\"alignnone size-full wp-image-1008\" src=\"https:\/\/autothaiduong.vn\/wp-content\/uploads\/2025\/05\/dau-noi-loa-mid-bas-focal-ps-130-f-cho-o-to.jpg\" alt=\"\u0110\u1ea5u n\u1ed1i loa Mid-bas Focal PS 130 F cho \u00f4 t\u00f4\" width=\"740\" height=\"459\" srcset=\"https:\/\/autothaiduong.vn\/wp-content\/uploads\/2025\/05\/dau-noi-loa-mid-bas-focal-ps-130-f-cho-o-to.jpg 740w, https:\/\/autothaiduong.vn\/wp-content\/uploads\/2025\/05\/dau-noi-loa-mid-bas-focal-ps-130-f-cho-o-to-600x372.jpg 600w\" sizes=\"auto, (max-width: 740px) 100vw, 740px\" \/><\/p>\n<p>Bao b\u1ecdc b\u00ean ngo\u00e0i l\u00e0 khung nh\u00f4m c\u1ee9ng \u0111\u01b0\u1eddng k\u00ednh 13cm bao quanh vi\u1ec1n loa l\u00e0m b\u1eb1ng ch\u1ea5t li\u1ec7u\u00a0<strong>cao su Butyl<\/strong>\u00a0gi\u00fap cho form loa b\u1ec1n theo n\u0103m th\u00e1ng. B\u00ean trong l\u00e0 m\u00e0ng loa \u0111\u01b0\u1ee3c l\u00e0m t\u1eeb hai t\u1ea5m s\u1ee3 thu\u1ef7 tinh bao quanh l\u1edbp v\u1ea3i lanh m\u1ecfng. \u0110\u00e2y l\u00e0 v\u1eadt li\u1ec7u t\u1ef1 nhi\u00ean \u0111\u01b0\u1ee3c ch\u1ecdn l\u00e0m ch\u1ea5t li\u1ec7u ch\u1ebf t\u1ea1o loa Focal PS 130 F v\u00ec t\u00ednh ch\u1ea5t c\u01a1 h\u1ecdc c\u1ee7a n\u00f3: S\u1ee3 r\u1ed7ng \u0111\u1ec5 dung ho\u00e0 t\u00ednh trung t\u00ednh nh\u1eb9, \u0111\u1ed9 \u0111\u00e0n h\u1ed3i th\u1ea5p v\u00e0 \u0111\u1ed9c c\u1ee9ng cao.<\/p>\n<p><img loading=\"lazy\" decoding=\"async\" class=\"alignnone size-full wp-image-1009\" src=\"https:\/\/autothaiduong.vn\/wp-content\/uploads\/2025\/05\/loa-mid-bas-focal-ps-165-f-lap-canh-cua-.jpg\" alt=\"loa mid-bas Focal 165F l\u1eafp c\u1ea3nh c\u1eeda \u00f4 t\u00f4\" width=\"558\" height=\"571\" \/><\/p>\n<p><em>Thi c\u00f4ng l\u1eafp loa Focal PS 130F cho kh\u00e1ch\u00a0<\/em><\/p>\n<p>Loa Tweeter \u0111\u01b0\u1ee3c ch\u1ebf t\u1ea1o theo c\u00f4ng ngh\u1ec7\u00a0<strong>TNF<\/strong>\u00a0g\u1eafn tr\u00ean gi\u00e1 \u0111\u1ee1 nghi\u00eang (10\u00b0\/30\u00b0) c\u00f3 m\u00e1i v\u00f2m ng\u01b0\u1ee3c b\u1eb1ng nh\u00f4m\/magie c\u00f3 h\u1ec7 th\u1ed1ng treo s\u1eed d\u1ee5ng poron nh\u1eb1m t\u0103ng kh\u1ea3 n\u0103ng ch\u1ecbu \u0111\u1ef1ng v\u00e0 gi\u00fap \u00e2m tr\u01b0\u1eddng c\u1ee7a loa r\u1ed9ng h\u01a1n. Loa Treble c\u1ee7a Focal PS 130 F n\u00e0y c\u00f3 th\u1ec3 \u0111i\u1ec1u ch\u1ec9nh 3 v\u1ecb tr\u00ed l\u00e0\u00a0<strong>0\/ -3\/ -6 dB<\/strong>.<\/p>\n<h2>2. Loa l\u1eafp c\u00e1nh \u00f4 t\u00f4 Focal PS 130 F t\u1ea1o ra s\u1ef1 kh\u00e1c bi\u1ec7t g\u00ec?<\/h2>\n<p>Loa l\u1eafp c\u00e1nh \u00f4 t\u00f4 Focal PS 130 F l\u00e0 b\u1ed9 loa hai \u0111\u01b0\u1eddng ti\u1ebfng ri\u00eang bi\u1ec7t \u0111\u01b0\u1ee3c nh\u00e0 s\u1ea3n xu\u1ea5t Ph\u00e1p \u0111em \u0111\u1ebfn gi\u1ea3i ph\u00e1p \u0111a n\u0103ng ph\u00f9 h\u1ee3p v\u1edbi r\u1ea5t nhi\u1ec1u lo\u1ea1i xe hi\u1ec7n nay. C\u00e1c c\u00f4ng ngh\u1ec7 k\u1ef9 thu\u1eadt loa \u0111\u00e3 \u0111\u01b0\u1ee3c minh ch\u1ee9ng trong vi\u1ec7c ch\u1ebf t\u1ea1o loa Hi-end gia \u0111\u00ecnh v\u00e0 b\u1ea1n s\u1ebd \u0111\u01b0\u1ee3c th\u01b0\u1edfng th\u1ee9c \u00e2m thanh xe h\u01a1i ho\u00e0n to\u00e0n trung t\u00ednh, s\u1ed1ng \u0111\u1ed9ng v\u1edbi m\u1ecdi th\u1ec3 lo\u1ea1i nh\u1ea1c. S\u01a1 b\u1ed9 l\u1ea1i d\u00f2ng loa Focal PS 130 F \u0111em l\u1ea1i nh\u1eefng \u0111i\u1ec3m kh\u00e1c bi\u1ec7t:<\/p>\n<p><img loading=\"lazy\" decoding=\"async\" class=\"alignnone size-full wp-image-1010\" src=\"https:\/\/autothaiduong.vn\/wp-content\/uploads\/2025\/05\/chi-tiet-loa-focal-ps-130-f-1.jpg\" alt=\"chi ti\u1ebft loa Focal PS 130F\" width=\"774\" height=\"525\" srcset=\"https:\/\/autothaiduong.vn\/wp-content\/uploads\/2025\/05\/chi-tiet-loa-focal-ps-130-f-1.jpg 774w, https:\/\/autothaiduong.vn\/wp-content\/uploads\/2025\/05\/chi-tiet-loa-focal-ps-130-f-1-600x407.jpg 600w, https:\/\/autothaiduong.vn\/wp-content\/uploads\/2025\/05\/chi-tiet-loa-focal-ps-130-f-1-768x521.jpg 768w\" sizes=\"auto, (max-width: 774px) 100vw, 774px\" \/><\/p>\n<p>&#8211; Loa c\u00f3\u00a0<strong>\u0111\u1ed9 nh\u1ea1y cao\u00a090.4 dB<\/strong>\u00a0\u0111em \u0111\u1ebfn kh\u1ea3 n\u0103ng ph\u00e1t \u00e2m thanh \u1edf m\u1ee9c \u0111\u1ed9 l\u1edbn.<\/p>\n<p>&#8211; Bao g\u1ed3m t\u1ea5t c\u1ea3 c\u00e1c gi\u1ea3i ph\u00e1p c\u00f4ng ngh\u1ec7 m\u1edbi nh\u1ea5t v\u1ec1 \u00e2m thanh hi\u1ec7n nay.<\/p>\n<p>&#8211; \u0110\u01b0\u1ee3c ch\u1ebf t\u1ea1o theo c\u00f4ng ngh\u1ec7 h\u00ecnh n\u00f3n Flax \u0111\u1ed9c quy\u1ec1n v\u1edbi b\u1eb1ng s\u00e1ng ch\u1ebf N\u00b01350116.<\/p>\n<p>V\u00e0 cu\u1ed1i c\u00f9ng b\u1ed9 loa \u0111em \u0111\u1ebfn tr\u1ea3i nghi\u1ec7m \u00e2m thanh m\u1edbi 100% Focal.<\/p>\n<p><img loading=\"lazy\" decoding=\"async\" class=\"alignnone size-full wp-image-1011\" src=\"https:\/\/autothaiduong.vn\/wp-content\/uploads\/2025\/05\/loa-treble-ps-130-f-lap-taplo-xe-o-to.jpg\" alt=\"loa treble PS 130 F l\u1eafp taplo \u00f4 t\u00f4\" width=\"621\" height=\"501\" srcset=\"https:\/\/autothaiduong.vn\/wp-content\/uploads\/2025\/05\/loa-treble-ps-130-f-lap-taplo-xe-o-to.jpg 621w, https:\/\/autothaiduong.vn\/wp-content\/uploads\/2025\/05\/loa-treble-ps-130-f-lap-taplo-xe-o-to-600x484.jpg 600w\" sizes=\"auto, (max-width: 621px) 100vw, 621px\" \/><\/p>\n<h2>3. V\u00ec sao n\u00ean thay loa Focal PS 130F cho xe h\u01a1i?<\/h2>\n<p>Vi\u1ec7c\u00a0<a title=\"\u0111\u1ed9 loa \u00f4 t\u00f4\" href=\"https:\/\/thienphuauto.com\/loa-am-ly-o-to.html\" target=\"_blank\" rel=\"noopener\">\u0111\u1ed9 loa \u00f4 t\u00f4<\/a>\u00a0hi\u1ec7n nay xu\u1ea5t ph\u00e1t t\u1eeb nhu c\u1ea7u th\u1ef1c t\u1ebf th\u01b0\u1edfng th\u1ee9c \u00e2m nh\u1ea1c ng\u00e0y c\u00e0ng cao c\u1ee7a ch\u1ee7 xe. Hi\u1ec7n nay \u0111a ph\u1ea7n c\u00e1c loa nguy\u00ean b\u1ea3n c\u1ee7a xe \u0111\u1ec1u ch\u1ec9 l\u00e0 m\u1ed9t chi\u1ebfc loa m\u00e0ng gi\u1ea5y, tr\u1ecdng l\u01b0\u1ee3ng nh\u1eb9, c\u00f4n loa n\u00f4ng&#8230;V\u00ec v\u1eady khi b\u1eadt nh\u1ea1c, m\u1edf volume to hay b\u1ecb r\u00e8 v\u00e0 ti\u1ebfng b\u1ecb m\u00e9o. V\u00ec v\u1eady n\u00e2ng c\u1ea5p loa cho x\u1ebf y\u00eau l\u00e0 vi\u1ec7c c\u1ea5p b\u00e1ch \u0111\u1ec3 b\u1ea1n th\u01b0\u1edfng th\u01b0\u1edfng th\u1ee9c nh\u1eefng b\u1ea3n nh\u1ea1c, \u00e2m thanh t\u1ed1t h\u01a1n.<\/p>\n<p>X\u00e9t v\u1ec1 ti\u00eau ch\u00ed th\u00ec loa ph\u00e2n t\u1ea7n l\u1eafp c\u00e1nh \u00f4 t\u00f4 Focal PS 130F \u0111\u1ea3m b\u1ea3o c\u00e1c ti\u00eau ch\u00ed k\u1ef9 thu\u1eadt:<\/p>\n<p>&#8211; C\u00f4ng su\u1ea5t c\u1ee7a loa kh\u00f4ng qu\u00e1 cao so v\u1edbi loa nguy\u00ean b\u1ea3n c\u1ee7a xe n\u00ean vi\u1ec7c thay loa kh\u00f4ng c\u1ea7n amly \u0111\u00e3 ti\u1ebft ki\u1ec7m m\u1ed9t kho\u1ea3n chi ph\u00ed cho ch\u1ee7 xe.<\/p>\n<p>&#8211; K\u00edch th\u01b0\u1edbc loa c\u00f3 \u0111\u01b0\u1eddng k\u00ednh l\u00e0 130mm ph\u00f9 h\u1ee3p v\u1edbi c\u00e1c lo\u1ea1i c\u00e1nh xe ho\u1eb7c c\u00e1c v\u1ecb tr\u00ed t\u01b0\u01a1ng x\u1ee9ng m\u00e0 kh\u00f4ng c\u1ea7n c\u1eaft g\u1ecdn, \u0111\u1ee5c \u0111\u1ebdo.<\/p>\n<p><img loading=\"lazy\" decoding=\"async\" class=\"alignnone size-full wp-image-1012\" src=\"https:\/\/autothaiduong.vn\/wp-content\/uploads\/2025\/05\/loa-focal-ps-130f-chinh-hang.jpg\" alt=\"Loa Focal PS 130F ch\u00ednh h\u00e3ng\" width=\"870\" height=\"350\" srcset=\"https:\/\/autothaiduong.vn\/wp-content\/uploads\/2025\/05\/loa-focal-ps-130f-chinh-hang.jpg 870w, https:\/\/autothaiduong.vn\/wp-content\/uploads\/2025\/05\/loa-focal-ps-130f-chinh-hang-600x241.jpg 600w, https:\/\/autothaiduong.vn\/wp-content\/uploads\/2025\/05\/loa-focal-ps-130f-chinh-hang-768x309.jpg 768w\" sizes=\"auto, (max-width: 870px) 100vw, 870px\" \/><\/p>\n<p>&#8211;\u00a0<strong>Ch\u1ea5t \u00e2m c\u1ee7a loa ph\u00f9 h\u1ee3p v\u1edbi nhi\u1ec1u th\u1ec3 lo\u1ea1i nh\u1ea1c<\/strong>, \u0111\u00e1p \u1ee9ng nhu c\u1ea7u ng\u01b0\u1eddi nghe.<\/p>\n<p>&#8211; Ph\u00f9 h\u1ee3p v\u1edbi vi\u1ec7c sau n\u00e0y c\u00f3 th\u1ec3 n\u00e2ng c\u1ea5p th\u00eam l\u00ean.<\/p>\n<p>&#8211; S\u1ea3n ph\u1ea9m c\u00f3 xu\u1ea5t s\u1ee9 r\u00e0ng, th\u01b0\u01a1ng hi\u1ec7u l\u1edbn, uy t\u00edn.<\/p>\n<p>M\u1ed9t th\u00f4ng tin \u0111\u00e1ng ch\u00fa \u00fd h\u01a1n n\u1eefa l\u00e0 Focal l\u00e0 th\u01b0\u01a1ng hi\u1ec7u loa c\u00f3 tu\u1ed5i \u0111\u1eddi h\u01a1n 40 n\u0103m c\u00f3 nhi\u1ec1u c\u00f4ng ngh\u1ec7 \u0111\u1ed9c quy\u1ec1n t\u1ea1o ra \u00e2m thanh ch\u1ea5t l\u01b0\u1ee3ng \u0111\u1ea7u ng\u00e0nh \u0111\u1ee7 \u0111\u1ec3 thuy\u1ebft ph\u1ee5c nh\u1eefng \u0111\u00f4i tai kh\u00f3 t\u00ednh nh\u1ea5t.<\/p>\n<p>V\u1edbi ph\u01b0\u01a1ng ch\u00e2m\u00a0<strong>uy t\u00edn, ch\u1ea5t l\u01b0\u1ee3ng, chuy\u00ean nghi\u1ec7p, t\u1ec9 m\u1ec9 trong t\u1eebng chi ti\u1ebft<\/strong> th\u00ec Thi\u00ean Ph\u00fa Auto \u0111\u00e3 c\u00f3 cho m\u00ecnh \u0111\u1ed9i ng\u0169 th\u1ee3 l\u00e0nh ngh\u1ec1 c\u00f9ng h\u1ec7 th\u1ed1ng loa \u00e2m thanh c\u1ee7a Focal ch\u00ednh h\u00e3ng. \u0110\u1ebfn v\u1edbi <strong><span style=\"color: #ff0000;\">Auto Th\u00e1i D\u01b0\u01a1ng<\/span><\/strong> ch\u00fang t\u00f4i s\u1ebd &#8221; bi\u1ebfn&#8221; x\u1ebf y\u00eau c\u1ee7a b\u1ea1n c\u00f3 h\u1ec7 th\u1ed1ng \u00e2m thanh ch\u1ea5t l\u01b0\u1ee3ng theo y\u00eau c\u1ea7u. M\u1ecdi chi ti\u1ebft vui l\u00f2ng li\u00ean h\u1ec7 s\u1ed1 \u0111i\u1ec7n tho\u1ea1i hotline \u0111\u1ec3 \u0111\u01b0\u1ee3c t\u01b0 v\u1ea5n !<\/p>\n<p>&nbsp;<\/p>\n","protected":false},"excerpt":{"rendered":"<h3 class=\"title\">Th\u00f4ng s\u1ed1 k\u1ef9 thu\u1eadt<\/h3>\n<div class=\"content\">\n<table width=\"398\">\n<tbody>\n<tr>\n<td>C\u00f4ng su\u1ea5t danh \u0111\u1ecbnh<\/td>\n<td>60w<\/td>\n<\/tr>\n<tr>\n<td>C\u00f4ng su\u1ea5t c\u1ef1c \u0111\u1ea1i<\/td>\n<td>120w<\/td>\n<\/tr>\n<tr>\n<td>\u0110\u1ed9 nh\u1ea1y<\/td>\n<td>90.4dB<\/td>\n<\/tr>\n<tr>\n<td>C\u00f4ng ngh\u1ec7 ch\u1ebf t\u1ea1o<\/td>\n<td>Flax<\/td>\n<\/tr>\n<tr>\n<td>V\u00e0nh loa<\/td>\n<td>Cao su\u00a0Butyl<\/td>\n<\/tr>\n<tr>\n<td>T\u1ea7n s\u1ed1 \u0111\u00e1p \u1ee9ng<\/td>\n<td>75Hz \u2013 28kHz<\/td>\n<\/tr>\n<tr>\n<td>C\u00f4ng ngh\u1ec7 loa treble<\/td>\n<td>M\u00e1i v\u00f2m ng\u01b0\u1ee3c nh\u00f4m\/magie<\/td>\n<\/tr>\n<tr>\n<td>\u0110\u01b0\u1eddng k\u00ednh<\/td>\n<td>130mm<\/td>\n<\/tr>\n<tr>\n<td>Tr\u1ecdng l\u01b0\u1ee3ng nam ch\u00e2m<\/td>\n<td>300g<\/td>\n<\/tr>\n<tr>\n<td>Tr\u1ecdng l\u01b0\u1ee3ng loa<\/td>\n<td>850g<\/td>\n<\/tr>\n<tr>\n<td>Nom. impedance<\/td>\n<td>4 Ohms<\/td>\n<\/tr>\n<\/tbody>\n<\/table>\n<\/div>\n","protected":false},"featured_media":1010,"comment_status":"open","ping_status":"closed","template":"","meta":[],"product_brand":[120],"product_cat":[19,100],"product_tag":[],"class_list":{"0":"post-1005","1":"product","2":"type-product","3":"status-publish","4":"has-post-thumbnail","6":"product_brand-focal","7":"product_cat-am-thanh","8":"product_cat-loa-2-duong-tieng","10":"first","11":"instock","12":"shipping-taxable","13":"purchasable","14":"product-type-simple"},"_links":{"self":[{"href":"https:\/\/autothaiduong.vn\/index.php?rest_route=\/wp\/v2\/product\/1005","targetHints":{"allow":["GET"]}}],"collection":[{"href":"https:\/\/autothaiduong.vn\/index.php?rest_route=\/wp\/v2\/product"}],"about":[{"href":"https:\/\/autothaiduong.vn\/index.php?rest_route=\/wp\/v2\/types\/product"}],"replies":[{"embeddable":true,"href":"https:\/\/autothaiduong.vn\/index.php?rest_route=%2Fwp%2Fv2%2Fcomments&post=1005"}],"wp:featuredmedia":[{"embeddable":true,"href":"https:\/\/autothaiduong.vn\/index.php?rest_route=\/wp\/v2\/media\/1010"}],"wp:attachment":[{"href":"https:\/\/autothaiduong.vn\/index.php?rest_route=%2Fwp%2Fv2%2Fmedia&parent=1005"}],"wp:term":[{"taxonomy":"product_brand","embeddable":true,"href":"https:\/\/autothaiduong.vn\/index.php?rest_route=%2Fwp%2Fv2%2Fproduct_brand&post=1005"},{"taxonomy":"product_cat","embeddable":true,"href":"https:\/\/autothaiduong.vn\/index.php?rest_route=%2Fwp%2Fv2%2Fproduct_cat&post=1005"},{"taxonomy":"product_tag","embeddable":true,"href":"https:\/\/autothaiduong.vn\/index.php?rest_route=%2Fwp%2Fv2%2Fproduct_tag&post=1005"}],"curies":[{"name":"wp","href":"https:\/\/api.w.org\/{rel}","templated":true}]}}