{"id":1013,"date":"2025-05-11T15:17:32","date_gmt":"2025-05-11T15:17:32","guid":{"rendered":"https:\/\/autothaiduong.vn\/?post_type=product&#038;p=1013"},"modified":"2025-05-11T15:17:56","modified_gmt":"2025-05-11T15:17:56","slug":"loa-canh-o-to-focal-ps-165-fx-phap","status":"publish","type":"product","link":"https:\/\/autothaiduong.vn\/?product=loa-canh-o-to-focal-ps-165-fx-phap","title":{"rendered":"Loa c\u00e1nh \u00f4 t\u00f4 Focal PS 165 FX Ph\u00e1p"},"content":{"rendered":"<p><img loading=\"lazy\" decoding=\"async\" class=\" wp-image-489 aligncenter\" src=\"https:\/\/autothaiduong.vn\/wp-content\/uploads\/2025\/04\/z6584734442481_f208f5944548cb4b46353402ce2e64e0.jpg\" alt=\"\" width=\"298\" height=\"264\" \/><\/p>\n<p style=\"text-align: center;\"><span style=\"font-size: 150%;\"><strong><span style=\"color: #ff0000;\">273-275 Tr\u1ea7n Ph\u00fa Ph\u01b0\u1eddng L\u1ed9c S\u01a1n Th\u00e0nh Ph\u1ed1 B\u1ea3o L\u1ed9c T\u1ec9nh L\u00e2m \u0110\u1ed3ng <\/span><\/strong><\/span><\/p>\n<p style=\"text-align: center;\"><span style=\"font-size: 150%;\"><strong><span style=\"color: #ff0000;\">Hotline: 0912197441<\/span><\/strong><\/span><\/p>\n<p>Mang trong m\u00ecnh \u0111\u1eb7c t\u00ednh \u00e2m thanh ch\u1ea5t l\u01b0\u1ee3ng Ph\u00e1p,\u00a0<a title=\"loa Focal PS165FX\" href=\"https:\/\/thienphuauto.com\/6132-loa-canh-cao-cap-phap-focal-ps165fx-trep-roi-kich-thuoc-165mm.html\" target=\"_blank\" rel=\"noopener\">loa Focal PS165FX<\/a>\u00a0\u0111\u01b0\u1ee3c nhi\u1ec3u ch\u1ee7 xe \u00f4 t\u00f4 y\u00eau \u00e2m nh\u1ea1c tin d\u00f9ng \u0111\u1ec3 \u0111\u1ed9 hai b\u00ean c\u00e1nh cho x\u1ebf y\u00eau c\u1ee7a m\u00ecnh. V\u1edbi kh\u1ea3 n\u0103ng t\u00e1i t\u1ea1o v\u00e0 \u0111em \u0111\u1ebfn ch\u1ea5t \u00e2m m\u01b0\u1ee3t m\u00e0 c\u00f9ng c\u00f4ng su\u1ea5t cao th\u00ec loa c\u00e1nh \u00f4 t\u00f4 Focal PS165FX ch\u00ednh l\u00e0 thi\u1ebft b\u1ecb kh\u00f4ng th\u1ec3 thi\u1ebfu \u0111\u1ec3 n\u00e2ng t\u1ea7m h\u1ec7 h\u1ed1ng \u00e2m thanh cho \u00f4 t\u00f4 c\u1ee7a b\u1ea1n.<\/p>\n<p><img loading=\"lazy\" decoding=\"async\" class=\"alignnone size-full wp-image-1015\" src=\"https:\/\/autothaiduong.vn\/wp-content\/uploads\/2025\/05\/mo-hop-loa-focal-ps165fx.jpg\" alt=\"m\u1edf h\u1ed9p loa Focal PS165FX\" width=\"894\" height=\"604\" srcset=\"https:\/\/autothaiduong.vn\/wp-content\/uploads\/2025\/05\/mo-hop-loa-focal-ps165fx.jpg 894w, https:\/\/autothaiduong.vn\/wp-content\/uploads\/2025\/05\/mo-hop-loa-focal-ps165fx-600x405.jpg 600w, https:\/\/autothaiduong.vn\/wp-content\/uploads\/2025\/05\/mo-hop-loa-focal-ps165fx-768x519.jpg 768w\" sizes=\"auto, (max-width: 894px) 100vw, 894px\" \/><\/p>\n<h2>1. \u0110\u00e1nh gi\u00e1 loa c\u00e1nh \u00f4 t\u00f4 Focal PS165FX<\/h2>\n<p>L\u00e0 d\u00f2ng\u00a0<a title=\"loa \u00e2m thanh Focal\" href=\"https:\/\/thienphuauto.com\/loa-canh-loa-hau-focal-phap.html\" target=\"_blank\" rel=\"noopener\">loa \u00e2m thanh Focal<\/a>\u00a0ch\u00ednh h\u00e3ng c\u1ee7a Ph\u00e1p v\u00ec v\u1eady loa c\u00e1nh \u00f4 t\u00f4 PS165FX \u0111\u01b0\u1ee3c gi\u1edbi s\u00e0nh \u00e2m \u0111\u00e1nh gi\u00e1 cao v\u1ec1 ch\u1ea5t li\u1ec7u ch\u1ebf t\u1ea1o v\u00e0 c\u00f4ng ngh\u1ec7 \u0111\u1eb7c thu\u1ea7n ch\u1ec9 c\u00f3 \u1edf h\u00e3ng.<\/p>\n<p>\u0110\u1ea7u ti\u00ean l\u00e0 m\u00e0ng loa \u0111\u01b0\u1ee3c ch\u1ebf t\u1ea1o v\u1edbi<strong>\u00a0c\u00f4ng ngh\u1ec7 Flax<\/strong>\u00a0\u0111\u1ed9c quy\u1ec1n c\u1ee7a Focal v\u1edbi s\u1ee3i thu\u1ef7 tinh \u0111an ch\u00e9o v\u00e0 ph\u1ee7 ch\u1ea5t c\u00e1ch nhi\u1ec7t. \u0110i\u1ec1u n\u00e0y \u0111\u01b0\u1ee3c Focal \u0111\u1eb7c bi\u1ec7t quan t\u00e2m do loa Mid-Bass n\u1eb1m \u1edf v\u1ecb tr\u00ed b\u1ecb t\u00e1c \u0111\u1ed9ng b\u1edfi nhi\u1ec7t cao v\u00e0 th\u01b0\u1eddng xuy\u00ean.<\/p>\n<p><img loading=\"lazy\" decoding=\"async\" class=\"alignnone size-full wp-image-1016\" src=\"https:\/\/autothaiduong.vn\/wp-content\/uploads\/2025\/05\/loa-mid-bas-treble-ps165-fx.jpg\" alt=\"loa mid bas treble Ps 165FX\" width=\"719\" height=\"549\" srcset=\"https:\/\/autothaiduong.vn\/wp-content\/uploads\/2025\/05\/loa-mid-bas-treble-ps165-fx.jpg 719w, https:\/\/autothaiduong.vn\/wp-content\/uploads\/2025\/05\/loa-mid-bas-treble-ps165-fx-600x458.jpg 600w\" sizes=\"auto, (max-width: 719px) 100vw, 719px\" \/><\/p>\n<p>Vi\u1ec1n c\u1ee7a loa \u0111\u01b0\u1ee3c l\u00e0m b\u1eb1ng ch\u1ea5t li\u1ec7u\u00a0<strong>cao su Butyl<\/strong>\u00a0gi\u00fap phom c\u1ee7a loa b\u1ec1n theo n\u0103m th\u00e1ng v\u00e0 t\u1ea1o ra \u0111\u1ed9 t\u00e1i t\u1ea1o \u00e2m thanh t\u1ef1 nhi\u00ean m\u00e1i v\u00f2m.<\/p>\n<p>Loa Treble Focal PS165FX \u0111\u01b0\u1ee3c l\u00e0m theo c\u00f4ng ngh\u1ec7\u00a0<strong>m\u00e1i v\u00f2m ng\u01b0\u1ee3c<\/strong>\u00a0t\u1ee9c l\u00e0 v\u00f2m l\u00f5m xu\u1ed1ng gi\u00fap cho \u00e2m tr\u01b0\u1eddng c\u1ee7a loa r\u1ed9ng h\u01a1n c\u00f9ng v\u1edbi ch\u1ea5t li\u1ec7u Magie \u0111em \u0111\u1ebfn \u0111\u1ed9 m\u01b0\u1ee3t cho \u00e2m thanh m\u00e0 kh\u00f4ng c\u1ea7n \u0111\u1ecbnh h\u01b0\u1edbng.<\/p>\n<p>B\u1ed9 ph\u00e2n t\u1ea7n c\u1ee7a loa c\u00f3 3 ch\u1ebf \u0111\u1ed9 \u0111i\u1ec1u khi\u1ec3n \u0111\u1ec3 ch\u1ec9nh theo v\u1ecb tr\u00ed c\u1ee7a loa Tweeter PS165FX tr\u00ean xe. V\u1ecb tr\u00ed l\u1eafp loa Treble n\u00e0y ph\u1ee5 thu\u1ed9c v\u00e0o t\u1eebng lo\u1ea1i xe kh\u00e1c nhau nh\u01b0 l\u1eafp tr\u00ean b\u1ec1 m\u1eb7t Taplo th\u01b0\u1eddng l\u00e0 c\u00e1c d\u00f2ng xe nh\u01b0 Santafe\u2026, c\u00e1c v\u1ecb tr\u00ed c\u1eeda nh\u01b0 xe Vinfast, CRV\u2026, C\u1ed9t A nh\u01b0 Mazda\u2026.<\/p>\n<p><img loading=\"lazy\" decoding=\"async\" class=\"alignnone size-full wp-image-1017\" src=\"https:\/\/autothaiduong.vn\/wp-content\/uploads\/2025\/05\/cau-tao-loa-treble-focal-ps165fx.jpg\" alt=\"c\u1ea5u t\u1ea1o loa Treble Focal PS165FX\" width=\"1280\" height=\"622\" srcset=\"https:\/\/autothaiduong.vn\/wp-content\/uploads\/2025\/05\/cau-tao-loa-treble-focal-ps165fx.jpg 1280w, https:\/\/autothaiduong.vn\/wp-content\/uploads\/2025\/05\/cau-tao-loa-treble-focal-ps165fx-600x292.jpg 600w, https:\/\/autothaiduong.vn\/wp-content\/uploads\/2025\/05\/cau-tao-loa-treble-focal-ps165fx-1024x498.jpg 1024w, https:\/\/autothaiduong.vn\/wp-content\/uploads\/2025\/05\/cau-tao-loa-treble-focal-ps165fx-768x373.jpg 768w\" sizes=\"auto, (max-width: 1280px) 100vw, 1280px\" \/><\/p>\n<p>B\u00ean c\u1ea1nh \u0111\u00f3 loa c\u00e1nh \u00f4 t\u00f4 Mid-Bass Focal PS165FX c\u0169ng \u0111\u01b0\u1ee3c h\u00e3ng trang b\u1ecb th\u00eam ph\u1ee5 ki\u1ebfn \u0111\u1ebf tr\u00f2n \u0111\u1ec3 ph\u00f9 h\u1ee3p v\u1edbi t\u1eebng d\u00f2ng xe.<\/p>\n<h2>2. Loa c\u00e1nh \u00f4 t\u00f4 Focal PS165FX c\u00f3 \u0111\u1eb7c t\u00ednh k\u1ef9 thu\u1eadt g\u00ec?<\/h2>\n<p>\u0110\u1ec3 mang \u0111\u1ebfn nh\u1eefng b\u1ea3n nh\u1ea1c\u00a0<a title=\"\u00e2m thanh \u00f4 t\u00f4\" href=\"https:\/\/thienphuauto.com\/loa-am-ly-o-to.html\" target=\"_blank\" rel=\"noopener\">\u00e2m thanh \u00f4 t\u00f4<\/a>\u00a0tuy\u1ec7t h\u1ea3o, d\u00f2ng loa l\u1eafp c\u00e1nh c\u1eeda Focal PS 165FX s\u1edf h\u1eefu nh\u1eefng th\u00f4ng s\u1ed1 k\u1ef9 thu\u1eadt \u0111\u1eb7c bi\u1ec7t.<\/p>\n<p>\u0110\u1ea7u ti\u00ean loa PS 165FX c\u00f3\u00a0<strong>d\u1ea3i t\u1ea7n t\u1eeb 55Hz \u2013 58kHz<\/strong>\u00a0t\u1ea1o n\u00ean s\u1ef1 rung \u0111\u1ed9ng tu\u1ea7n ho\u00e0n c\u1ee7a loa v\u00f4 c\u00f9ng t\u1ed1t.<\/p>\n<p><img loading=\"lazy\" decoding=\"async\" class=\"alignnone size-full wp-image-1018\" src=\"https:\/\/autothaiduong.vn\/wp-content\/uploads\/2025\/05\/bo-crossover-loa-focal-ps165fx.jpg\" alt=\"B\u1ed9 Crossover loa Focal PS165FX\" width=\"543\" height=\"403\" \/><\/p>\n<p>Loa c\u00f3 c\u00f4ng su\u1ea5t th\u1ef1c\u00a0<strong>RMS l\u00e0 80W<\/strong>\u00a0ph\u00f9 h\u1ee3p v\u1edbi kh\u00f4ng gian nh\u1ecf, \u0111em \u0111\u1ebfn \u00e2m thanh s\u1ed1ng \u0111\u1ed9ng ch\u00e2n th\u1ef1c tr\u00ean xe.<\/p>\n<p>\u0110\u1ed9 nh\u1ea1y c\u1ee7a loa ph\u00e2n t\u1ea7n Focal PS165FX l\u00e0\u00a0<strong>91.3 Db<\/strong>\u00a0n\u1eb1m trong d\u1ea3i ti\u00eau chu\u1ea9n \u0111\u1ec3 dang \u0111\u1ebfn \u0111\u1ed9 l\u1edbn v\u1ec1 \u00e2m thanh m\u00e0 loa c\u00f3 th\u1ec3 mang l\u1ea1i.<\/p>\n<p>Loa s\u1eed d\u1ee5ng b\u1ed9 ph\u00e2n t\u1ea7n Crossover \u0111\u1ec3 chia c\u00e1c \u0111o\u1ea1n t\u1ea7n s\u1ed1 ra nhi\u1ec1u kh\u00fac cho loa con ho\u1ea1t \u0111\u1ed9ng v\u1edbi th\u00f4ng s\u1ed1\u00a0<strong>12-18dB\/Oct<\/strong>.<\/p>\n<p>&nbsp;<\/p>\n<p>V\u00e0 gi\u1ed1ng nh\u01b0 h\u1ea7u h\u1ebft loa \u0111\u1ec3 l\u1eafp cho c\u00e1nh c\u1eeda \u00f4 t\u00f4 c\u1ee7a h\u00e3ng, Focal PS165FX c\u00f3\u00a0<strong>k\u00edch th\u01b0\u1edbc 165mm<\/strong>\u00a0ph\u1ed5 bi\u1ebfn v\u00e0 l\u1eafp \u0111\u01b0\u1ee3c tr\u00ean nhi\u1ec1u lo\u1ea1i xe.<\/p>\n<h2>3. L\u1ee3i \u00edch khi l\u1eafp loa ph\u00e2n t\u1ea7n Focal PS165FX cho c\u00e1nh \u00f4 t\u00f4<\/h2>\n<p>L\u00e0 d\u00e2n ch\u01a1i \u00e2m thanh chuy\u00ean nghi\u1ec7p ch\u00ednh v\u00ec v\u1eady c\u00e1c h\u00e3ng loa danh ti\u1ebfng, l\u00e2u \u0111\u1eddi \u0111\u1ebfn t\u1eeb Ph\u00e1p nh\u01b0 Focal lu\u00f4n \u0111\u01b0\u1ee3c nhi\u1ec1u b\u00e1c t\u00e0i \u0111\u00f3n nh\u1eadn v\u1edbi nh\u1eefng l\u1ee3i \u00edch v\u01b0\u1ee3t tr\u1ed9i:<\/p>\n<p>&#8211; Loa ph\u00e2n t\u1ea7n Focal PS165FX mang \u0111\u1ebfn ch\u1ea5t \u00e2m v\u01b0\u1ee3t tr\u1ed9i, trung th\u1ef1c, \u00e2m bass uy l\u1ef1c, \u00e2m cao m\u1ea1nh m\u1ebd cho ng\u01b0\u1eddi nghe m\u1ed9t tr\u1ea3i nghi\u1ec7m \u00e2m thanh tr\u1ecdn v\u1eb9n.<\/p>\n<p><img loading=\"lazy\" decoding=\"async\" class=\"alignnone size-full wp-image-1019\" src=\"https:\/\/autothaiduong.vn\/wp-content\/uploads\/2025\/05\/so-do-dau-noi-loa-canh-focal-ps165fx.jpg\" alt=\"s\u01a1 \u0111\u1ed3 \u0111\u1ea5u n\u1ed1i loa Focal PS165FX\" width=\"634\" height=\"378\" srcset=\"https:\/\/autothaiduong.vn\/wp-content\/uploads\/2025\/05\/so-do-dau-noi-loa-canh-focal-ps165fx.jpg 634w, https:\/\/autothaiduong.vn\/wp-content\/uploads\/2025\/05\/so-do-dau-noi-loa-canh-focal-ps165fx-600x358.jpg 600w\" sizes=\"auto, (max-width: 634px) 100vw, 634px\" \/><\/p>\n<p>&#8211;\u00a0<strong>X\u1eed l\u00fd \u00e2m thanh c\u00f4ng su\u1ea5t cao<\/strong>\u00a0l\u00ean \u0111\u1ebfn 160W.<\/p>\n<p>&#8211; S\u1edf h\u1eefu nhi\u1ec1u c\u00f4ng ngh\u1ec7 cao \u0111\u1ed9c quy\u1ec1n nh\u01b0 Flax, v\u00f2m ng\u01b0\u1ee3c\u2026<\/p>\n<p>&#8211; C\u00f3\u00a0<strong>h\u1ec7 th\u1ed1ng ph\u00e2n t\u1ea7n ri\u00eang bi\u1ec7t Bi AMP<\/strong>\u00a0l\u00e0m cho \u00e2m thanh hay h\u01a1n, r\u00f5 r\u00e0ng h\u01a1n, ch\u1eafc ch\u1eafn v\u00e0 \u00e2m cao chi ti\u1ebft h\u01a1n.<\/p>\n<p>&#8211; Nh\u01b0 \u0111\u00e3 n\u00f3i \u1edf tr\u00ean loa Focal PS165FX \u0111\u01b0\u1ee3c thi\u1ebft k\u1ebf h\u00ecnh n\u00f3n c\u00f4ng ngh\u1ec7 Flax \u0111\u1ed9c \u0111\u00e1o v\u00e0 c\u00f3 b\u1eb1ng sang ch\u1ebf.<\/p>\n<p>\u0110i\u1ec1u cu\u1ed1i c\u00f9ng l\u00e0 loa 2way Focal PS165FX \u0111\u01b0\u1ee3c thi\u1ebft k\u1ebf v\u00e0 s\u1ea3n xu\u1ea5t t\u1ea1i Ph\u00e1p \u0111em \u0111\u1ebfn uy t\u00edn v\u00e0 y\u00ean t\u00e2m cho kh\u00e1ch h\u00e0ng Vi\u1ec7t.<\/p>\n<p>&nbsp;<\/p>\n<h2>4.V\u00ec sao n\u00ean l\u1eafp loa c\u00e1nh \u00f4 t\u00f4 Focal PS165GX t\u1ea1i Auto Th\u00e1i D\u01b0\u01a1ng?<\/h2>\n<p><strong><span style=\"color: #ff0000;\">Auto Th\u00e1i D\u01b0\u01a1ng<\/span><\/strong> l\u00e0 th\u01b0\u01a1ng hi\u1ec7u uy t\u00edn v\u1ec1 l\u0129nh v\u1ef1c \u0111\u1ed9 loa \u00f4 t\u00f4 \u0111\u01b0\u1ee3c nhi\u1ec1u kh\u00e1ch h\u00e0ng tin t\u01b0\u1edfng. Ch\u00fang t\u00f4i cam k\u1ebft v\u1edbi kh\u00e1ch h\u00e0ng:<\/p>\n<p>&#8211; B\u00e1n h\u00e0ng v\u1edbi ch\u1ea5t l\u01b0\u1ee3ng t\u1ed1t v\u1edbi gi\u00e1 c\u1ea1nh tranh nh\u1ea5t th\u1ecb tr\u01b0\u1eddng.<\/p>\n<p>&#8211; Cam k\u1ebft 100% s\u1ea3n ph\u1ea9m ch\u00ednh h\u00e3ng, nh\u1eadp Ph\u00e1p.<\/p>\n<p>&#8211;<strong><span style=\"color: #ff0000;\"> Auto Th\u00e1i D\u01b0\u01a1ng<\/span><\/strong> c\u00f3 \u0111\u1ed9i ng\u0169 nh\u00e2n vi\u00ean l\u00e0nh ngh\u1ec1 \u0111\u1ea3m b\u1ea3o m\u1ecdi c\u00f4ng \u0111o\u1ea1n l\u1eafp \u0111\u1eb7t loa Focal PS165FX cho c\u00e1nh c\u1eeda \u00f4 t\u00f4 m\u1ed9t c\u00e1ch ch\u1ec9n ch\u1ee7, t\u1ec9 m\u1ec9 nh\u1ea5t.<\/p>\n<p>&#8211; T\u01b0 v\u1ea5n m\u1ecdi th\u1eafc m\u1eafc h\u1eadu m\u00e3i c\u1ee7a kh\u00e1ch h\u00e0ng m\u1ed9t c\u00e1ch chuy\u00ean nghi\u1ec7p.<\/p>\n<p>\u0110\u1eb7c bi\u1ec7t ch\u00fang t\u00f4i lu\u00f4n \u01b0u \u0111\u00e3i nh\u1eefng kh\u00e1ch h\u00e0ng \u0111\u00e3 s\u1eed d\u1ee5ng d\u1ecbch v\u1ee5 c\u1ee7a<strong><span style=\"color: #ff0000;\"> Auto Th\u00e1i D\u01b0\u01a1ng<\/span> <\/strong>v\u1edbi ch\u1ebf \u0111\u1ed9 t\u1ed1t nh\u1ea5t. M\u1ecdi chi ti\u1ebf xin vui l\u00f2ng li\u00ean h\u1ec7 s\u1ed1 hotline \u0111\u1ec3 \u0111\u01b0\u1ee3c t\u01b0 v\u1ea5n !<\/p>\n","protected":false},"excerpt":{"rendered":"<h3 class=\"title\">Th\u00f4ng s\u1ed1 k\u1ef9 thu\u1eadt<\/h3>\n<div class=\"content\">\n<table width=\"284\">\n<tbody>\n<tr>\n<td>\u0110\u01b0\u1eddng k\u00ednh<\/td>\n<td>165mm<\/td>\n<\/tr>\n<tr>\n<td>\u0110\u01b0\u1eddng k\u00ednh cu\u1ed9n d\u00e2y \u00e2m thanh<\/td>\n<td>32mm<\/td>\n<\/tr>\n<tr>\n<td>Chi\u1ec1u cao cu\u1ed9n d\u00e2y \u00e2m thanh<\/td>\n<td>15mm<\/td>\n<\/tr>\n<tr>\n<td>Nam ch\u00e2m<\/td>\n<td>85mm<\/td>\n<\/tr>\n<tr>\n<td>Loa\u00a0Tweeter<\/td>\n<td>M\u00e1i v\u00f2m ng\u01b0\u1ee3c b\u1eb1ng nh\u00f4m\/Magi\u00ea \u0111\u00e3 qua x\u1eed l\u00fd<\/td>\n<\/tr>\n<tr>\n<td>Separate crossover<\/td>\n<td>12-18dB\/Oct<\/td>\n<\/tr>\n<tr>\n<td>M\u1ee9c Tweeter<\/td>\n<td>0; -3dB\/Oct<\/td>\n<\/tr>\n<tr>\n<td>C\u00f4ng su\u1ea5t<\/td>\n<td>160W<\/td>\n<\/tr>\n<tr>\n<td>\u0110\u1ed9 nh\u1ea1y<\/td>\n<td>91,3dB<\/td>\n<\/tr>\n<tr>\n<td>T\u1ea7n s\u1ed1<\/td>\n<td>55Hz \u2013 28kHz<\/td>\n<\/tr>\n<\/tbody>\n<\/table>\n<\/div>\n","protected":false},"featured_media":1014,"comment_status":"open","ping_status":"closed","template":"","meta":[],"product_brand":[120],"product_cat":[19,100],"product_tag":[],"class_list":{"0":"post-1013","1":"product","2":"type-product","3":"status-publish","4":"has-post-thumbnail","6":"product_brand-focal","7":"product_cat-am-thanh","8":"product_cat-loa-2-duong-tieng","10":"first","11":"instock","12":"shipping-taxable","13":"purchasable","14":"product-type-simple"},"_links":{"self":[{"href":"https:\/\/autothaiduong.vn\/index.php?rest_route=\/wp\/v2\/product\/1013","targetHints":{"allow":["GET"]}}],"collection":[{"href":"https:\/\/autothaiduong.vn\/index.php?rest_route=\/wp\/v2\/product"}],"about":[{"href":"https:\/\/autothaiduong.vn\/index.php?rest_route=\/wp\/v2\/types\/product"}],"replies":[{"embeddable":true,"href":"https:\/\/autothaiduong.vn\/index.php?rest_route=%2Fwp%2Fv2%2Fcomments&post=1013"}],"wp:featuredmedia":[{"embeddable":true,"href":"https:\/\/autothaiduong.vn\/index.php?rest_route=\/wp\/v2\/media\/1014"}],"wp:attachment":[{"href":"https:\/\/autothaiduong.vn\/index.php?rest_route=%2Fwp%2Fv2%2Fmedia&parent=1013"}],"wp:term":[{"taxonomy":"product_brand","embeddable":true,"href":"https:\/\/autothaiduong.vn\/index.php?rest_route=%2Fwp%2Fv2%2Fproduct_brand&post=1013"},{"taxonomy":"product_cat","embeddable":true,"href":"https:\/\/autothaiduong.vn\/index.php?rest_route=%2Fwp%2Fv2%2Fproduct_cat&post=1013"},{"taxonomy":"product_tag","embeddable":true,"href":"https:\/\/autothaiduong.vn\/index.php?rest_route=%2Fwp%2Fv2%2Fproduct_tag&post=1013"}],"curies":[{"name":"wp","href":"https:\/\/api.w.org\/{rel}","templated":true}]}}