{"id":1048,"date":"2025-05-11T15:47:41","date_gmt":"2025-05-11T15:47:41","guid":{"rendered":"https:\/\/autothaiduong.vn\/?post_type=product&#038;p=1048"},"modified":"2025-05-11T15:47:42","modified_gmt":"2025-05-11T15:47:42","slug":"loa-canh-2-way-focal-rse-165","status":"publish","type":"product","link":"https:\/\/autothaiduong.vn\/?product=loa-canh-2-way-focal-rse-165","title":{"rendered":"Loa c\u00e1nh 2 Way Focal RSE 165"},"content":{"rendered":"<p><img loading=\"lazy\" decoding=\"async\" class=\" wp-image-1044 aligncenter\" src=\"https:\/\/autothaiduong.vn\/wp-content\/uploads\/2025\/05\/z6584734442481_f208f5944548cb4b46353402ce2e64e0.jpg\" alt=\"\" width=\"313\" height=\"277\" \/><\/p>\n<p style=\"text-align: center;\"><span style=\"color: #ff0000; font-size: 150%;\"><strong>273-275 Tr\u1ea7n Ph\u00fa Ph\u01b0\u1eddng L\u1ed9c S\u01a1n Th\u00e0nh Ph\u1ed1 B\u1ea3o L\u1ed9c T\u1ec9nh L\u00e2m \u0110\u1ed3ng <\/strong><\/span><\/p>\n<p style=\"text-align: center;\"><span style=\"color: #ff0000; font-size: 150%;\"><strong>Hotline: 0912197441<\/strong><\/span><\/p>\n<h3 class=\"title-heading mb-3 mt-3\">Th\u00f4ng tin s\u1ea3n ph\u1ea9m<\/h3>\n<div class=\"product-description-content\">\n<p>Focal l\u00e0 th\u01b0\u01a1ng hi\u1ec7u \u00e2m thanh c\u1ee7a Ph\u00e1p, th\u00e0nh l\u1eadp t\u1eeb n\u0103m 1970. \u0110\u01b0\u1ee3c c\u00e1c Audiophile bi\u1ebft \u0111\u1ebfn v\u1edbi 40 n\u0103m nghi\u00ean c\u1ee9u v\u00e0 ph\u00e1t tri\u1ec3n c\u00e1c s\u1ea3n ph\u1ea9m v\u1ec1 Home Audio, \u00c2m thanh xe h\u01a1i, Ph\u00f2ng thu \u00e2m chuy\u00ean nghi\u1ec7p v\u00e0 Tai nghe. Focal \u0111\u01b0\u1ee3c gi\u1edbi ti\u00eau d\u00f9ng \u0111\u00e1nh gi\u00e1 r\u1ea5t cao v\u1ec1 ch\u1ea5t l\u01b0\u1ee3ng d\u1eabn \u0111\u1ea7u ph\u00e2n kh\u00fac.<\/p>\n<p><img loading=\"lazy\" decoding=\"async\" class=\"alignnone size-full wp-image-1050\" src=\"https:\/\/autothaiduong.vn\/wp-content\/uploads\/2025\/05\/Focal-RSE-165-2-1.jpg\" width=\"586\" height=\"586\" alt=\"Focal-RSE-165\" srcset=\"https:\/\/autothaiduong.vn\/wp-content\/uploads\/2025\/05\/Focal-RSE-165-2-1.jpg 586w, https:\/\/autothaiduong.vn\/wp-content\/uploads\/2025\/05\/Focal-RSE-165-2-1-300x300.jpg 300w, https:\/\/autothaiduong.vn\/wp-content\/uploads\/2025\/05\/Focal-RSE-165-2-1-100x100.jpg 100w\" sizes=\"auto, (max-width: 586px) 100vw, 586px\" \/><\/p>\n<p>Trong \u00e2m thanh xe h\u01a1i, Focal s\u1ea3n xu\u1ea5t loa c\u00e1nh c\u1eeda, loa sub \u0111i\u1ec7n, loa sub h\u01a1i, ampli v\u00e0 b\u1ed9 x\u1eed l\u00fd t\u00edn hi\u1ec7u. M\u1ed9t s\u1ed1 d\u00f2ng s\u1ea3n ph\u1ea9m Focal r\u1ea5t \u0111\u01b0\u1ee3c \u01b0a chu\u1ed9ng t\u1ea1i Vi\u1ec7t Nam l\u00e0 Focal Access, Focal Flax, Focal Elite\u2026<\/p>\n<h2>Th\u00f4ng s\u1ed1 k\u1ef9 thu\u1eadt<\/h2>\n<ul>\n<li>D\u1ea3i t\u1ea7n ho\u1ea1t \u0111\u1ed9ng: 65Hz \u2013 21kHz<\/li>\n<li>C\u00f4ng su\u1ea5t: 50W (RMS) \u2013 100W (MAX)<\/li>\n<li>Tr\u1edf kh\u00e1ng: 4 ohm<\/li>\n<li>\u0110\u1ed9 nh\u1ea1y: 90dB<\/li>\n<li>K\u00edch c\u1ee1: 6,5 inch<\/li>\n<li>B\u1ed9 loa g\u1ed3m: 02 loa, 02 ph\u00e2n t\u1ea7n, 02 loa treble.<\/li>\n<li>Ph\u00f9 h\u1ee3p s\u1eed d\u1ee5ng v\u1edbi c\u00f4ng su\u1ea5t c\u00e1c lo\u1ea1i \u0111\u1ea7u \u0111\u1ecdc m\u00e0 kh\u00f4ng c\u1ea7n th\u00eam amplifier.<\/li>\n<\/ul>\n<h2>C\u1ea5u t\u1ea1o c\u1ee7a Loa c\u00e1nh 2-way Focal RSE 165<\/h2>\n<div id=\"attachment_44538\" class=\"wp-caption aligncenter\"><img loading=\"lazy\" decoding=\"async\" class=\"alignnone size-full wp-image-1051\" src=\"https:\/\/autothaiduong.vn\/wp-content\/uploads\/2025\/05\/Focal-RSE-165-1-700x525-1.jpg\" width=\"700\" height=\"525\" alt=\"Focal-RSE-165\" srcset=\"https:\/\/autothaiduong.vn\/wp-content\/uploads\/2025\/05\/Focal-RSE-165-1-700x525-1.jpg 700w, https:\/\/autothaiduong.vn\/wp-content\/uploads\/2025\/05\/Focal-RSE-165-1-700x525-1-600x450.jpg 600w\" sizes=\"auto, (max-width: 700px) 100vw, 700px\" \/><\/p>\n<p id=\"caption-attachment-44538\" class=\"wp-caption-text\">H\u00ecnh \u1ea3nh Loa c\u00e1nh 2-way Focal RSE 165<\/p>\n<\/div>\n<p>Loa 2 way g\u1ed3m m\u1ed9t loa tr\u1ea7m v\u00e0 m\u1ed9t loa tweeter, th\u01b0\u1eddng k\u1ebft h\u1ee3p v\u1edbi b\u1ed9 ph\u00e2n t\u1ea7n l\u00e0 n\u01a1i s\u1ebd quy\u1ebft \u0111\u1ecbnh chia t\u00edn hi\u1ec7u \u0111\u01b0\u1ee3c khu\u1ebfch \u0111\u1ea1i t\u1eeb amply th\u00e0nh c\u00e1c \u0111\u01b0\u1eddng ra c\u1ee7a loa.<\/p>\n<p>Loa bass v\u00e0 mid l\u00e0 loa c\u00f3 nhi\u1ec7m v\u1ee5 ch\u00ednh th\u1ec3 hi\u1ec7n d\u00e3y \u00e2m bass v\u1eeba th\u1ec3 hi\u1ec7n \u00e2m mid.<\/p>\n<p>Loa tweeter l\u00e0 loa th\u1ec3 hi\u1ec7n d\u00e3y \u00e2m cao ph\u00f9 h\u1ee3p ph\u00e1t \u00e2m thanh c\u1ee7a nh\u1eefng b\u00e0i nh\u1ea1c tr\u1eef t\u00ecnh,..<\/p>\n<h2>V\u1ecb tr\u00ed l\u1eafp \u0111\u1eb7t<\/h2>\n<p>Loa mid-bass l\u1eafp \u1edf c\u00e1nh c\u1eeda<\/p>\n<p>Loa treble l\u1eafp \u1edf \u1ed1p ch\u00e2n g\u01b0\u01a1ng\/ t\u00e1p-l\u00f4\/ c\u1ed9t A<\/p>\n<h2>L\u00fd do n\u00ean trang b\u1ecb loa c\u00e1nh 2-way Focal RSE 165 cho x\u1ebf y\u00eau c\u1ee7a b\u1ea1n?<\/h2>\n<p>Cung c\u1ea5p cho ng\u01b0\u1eddi l\u00e1i nh\u1eefng tr\u1ea3i nghi\u1ec7m th\u00fa v\u1ecb trong nh\u1eefng chuy\u1ebfn \u0111i \u0111\u1ea7y m\u1ec7t m\u1ecfi v\u1edbi thi\u1ebft k\u1ebf nh\u1ecf g\u1ecdn v\u00e0 d\u1ec5 l\u1eafp \u0111\u1eb7t c\u00f9ng ch\u1ea5t \u00e2m s\u1ed1ng \u0111\u1ed9ng v\u00e0 s\u1eafc n\u00e9t.<\/p>\n<div class=\"vms-read-more\"><\/div>\n<\/div>\n","protected":false},"excerpt":{"rendered":"<ul>\n<li>D\u1ea3i t\u1ea7n ho\u1ea1t \u0111\u1ed9ng: 65Hz \u2013 21kHz<\/li>\n<li>C\u00f4ng su\u1ea5t: 50W (RMS) \u2013 100W (MAX)<\/li>\n<li>Tr\u1edf kh\u00e1ng: 4 ohm<\/li>\n<li>\u0110\u1ed9 nh\u1ea1y: 90dB<\/li>\n<li>K\u00edch c\u1ee1: 6,5 inch<\/li>\n<li>B\u1ed9 loa g\u1ed3m: 02 loa, 02 ph\u00e2n t\u1ea7n, 02 loa treble.<\/li>\n<li>Ph\u00f9 h\u1ee3p s\u1eed d\u1ee5ng v\u1edbi c\u00f4ng su\u1ea5t c\u00e1c lo\u1ea1i \u0111\u1ea7u \u0111\u1ecdc m\u00e0 kh\u00f4ng c\u1ea7n th\u00eam amplifier.<\/li>\n<\/ul>\n","protected":false},"featured_media":1050,"comment_status":"open","ping_status":"closed","template":"","meta":[],"product_brand":[120],"product_cat":[19,100],"product_tag":[],"class_list":{"0":"post-1048","1":"product","2":"type-product","3":"status-publish","4":"has-post-thumbnail","6":"product_brand-focal","7":"product_cat-am-thanh","8":"product_cat-loa-2-duong-tieng","10":"first","11":"instock","12":"shipping-taxable","13":"purchasable","14":"product-type-simple"},"_links":{"self":[{"href":"https:\/\/autothaiduong.vn\/index.php?rest_route=\/wp\/v2\/product\/1048","targetHints":{"allow":["GET"]}}],"collection":[{"href":"https:\/\/autothaiduong.vn\/index.php?rest_route=\/wp\/v2\/product"}],"about":[{"href":"https:\/\/autothaiduong.vn\/index.php?rest_route=\/wp\/v2\/types\/product"}],"replies":[{"embeddable":true,"href":"https:\/\/autothaiduong.vn\/index.php?rest_route=%2Fwp%2Fv2%2Fcomments&post=1048"}],"wp:featuredmedia":[{"embeddable":true,"href":"https:\/\/autothaiduong.vn\/index.php?rest_route=\/wp\/v2\/media\/1050"}],"wp:attachment":[{"href":"https:\/\/autothaiduong.vn\/index.php?rest_route=%2Fwp%2Fv2%2Fmedia&parent=1048"}],"wp:term":[{"taxonomy":"product_brand","embeddable":true,"href":"https:\/\/autothaiduong.vn\/index.php?rest_route=%2Fwp%2Fv2%2Fproduct_brand&post=1048"},{"taxonomy":"product_cat","embeddable":true,"href":"https:\/\/autothaiduong.vn\/index.php?rest_route=%2Fwp%2Fv2%2Fproduct_cat&post=1048"},{"taxonomy":"product_tag","embeddable":true,"href":"https:\/\/autothaiduong.vn\/index.php?rest_route=%2Fwp%2Fv2%2Fproduct_tag&post=1048"}],"curies":[{"name":"wp","href":"https:\/\/api.w.org\/{rel}","templated":true}]}}