{"id":1052,"date":"2025-05-11T15:49:38","date_gmt":"2025-05-11T15:49:38","guid":{"rendered":"https:\/\/autothaiduong.vn\/?post_type=product&#038;p=1052"},"modified":"2025-05-11T15:50:05","modified_gmt":"2025-05-11T15:50:05","slug":"loa-canh-dong-truc-focal-rcx-165","status":"publish","type":"product","link":"https:\/\/autothaiduong.vn\/?product=loa-canh-dong-truc-focal-rcx-165","title":{"rendered":"Loa c\u00e1nh \u0111\u1ed3ng tr\u1ee5c Focal RCX 165"},"content":{"rendered":"<p><img loading=\"lazy\" decoding=\"async\" class=\" wp-image-1044 aligncenter\" src=\"https:\/\/autothaiduong.vn\/wp-content\/uploads\/2025\/05\/z6584734442481_f208f5944548cb4b46353402ce2e64e0.jpg\" alt=\"\" width=\"291\" height=\"258\" \/><\/p>\n<p style=\"text-align: center;\"><span style=\"font-size: 150%;\"><strong><span style=\"color: #ff0000;\">273-275 Tr\u1ea7n Ph\u00fa Ph\u01b0\u1eddng L\u1ed9c S\u01a1n Th\u00e0nh Ph\u1ed1 B\u1ea3o L\u1ed9c T\u1ec9nh L\u00e2m \u0110\u1ed3ng <\/span><\/strong><\/span><\/p>\n<p style=\"text-align: center;\"><span style=\"font-size: 150%;\"><strong><span style=\"color: #ff0000;\">Hotline: 0912197441<\/span><\/strong><\/span><\/p>\n<p>Focal l\u00e0 th\u01b0\u01a1ng hi\u1ec7u c\u1ee7a Ph\u00e1p, t\u1eeb l\u00e2u \u0111\u00e3 n\u1ed5i ti\u1ebfng v\u1edbi nh\u1eefng s\u1ea3n loa trong nh\u00e0 v\u00e0 loa cho studio chuy\u00ean nghi\u1ec7p. Th\u01b0\u01a1ng hi\u1ec7u \u0111\u00e3 m\u1edf r\u1ed9ng sang m\u1ea3ng loa cho xe \u00f4 t\u00f4 v\u1edbi series Inside r\u1ea5t \u0111\u01b0\u1ee3c y\u00eau th\u00edch tr\u00ean th\u1ebf gi\u1edbi.<\/p>\n<p>Focal \u0111\u01b0\u1ee3c gi\u1edbi ti\u00eau d\u00f9ng \u0111\u00e1nh gi\u00e1 r\u1ea5t cao v\u1ec1 ch\u1ea5t l\u01b0\u1ee3ng d\u1eabn \u0111\u1ea7u ph\u00e2n kh\u00fac. Trong \u0111\u00f3, loa c\u00e1nh Focal RCX 165 l\u00e0 loa \u0111\u1ed3ng tr\u1ee5c v\u1edbi bass v\u00e0 treble tr\u00ean c\u00f9ng 1 loa \u0111\u00e1p \u1ee9ng \u0111\u01b0\u1ee3c nhi\u1ec1u ti\u00eau ch\u00ed cho kh\u00e1ch h\u00e0ng l\u1ef1a ch\u1ecdn.<\/p>\n<h2>Th\u00f4ng s\u1ed1 k\u1ef9 thu\u1eadt<\/h2>\n<p>D\u1ea3i t\u1ea7n ho\u1ea1t \u0111\u1ed9ng: 1100 \u2013 20 kHz<\/p>\n<p>C\u00f4ng su\u1ea5t loa: 70W<\/p>\n<p>Tr\u1edf kh\u00e1ng: 6ohm<\/p>\n<p>\u0110\u1ed9 nh\u1ea1y: 92 dB<\/p>\n<h2>V\u1ecb tr\u00ed l\u1eafp \u0111\u1eb7t<\/h2>\n<div id=\"attachment_44542\" class=\"wp-caption aligncenter\">\n<p><img loading=\"lazy\" decoding=\"async\" class=\"alignnone size-full wp-image-1054\" src=\"https:\/\/autothaiduong.vn\/wp-content\/uploads\/2025\/05\/Focal-RCX-165-3-700x934-1.jpg\" alt=\"Focal-RCX-165\" width=\"700\" height=\"934\" srcset=\"https:\/\/autothaiduong.vn\/wp-content\/uploads\/2025\/05\/Focal-RCX-165-3-700x934-1.jpg 700w, https:\/\/autothaiduong.vn\/wp-content\/uploads\/2025\/05\/Focal-RCX-165-3-700x934-1-450x600.jpg 450w, https:\/\/autothaiduong.vn\/wp-content\/uploads\/2025\/05\/Focal-RCX-165-3-700x934-1-600x801.jpg 600w\" sizes=\"auto, (max-width: 700px) 100vw, 700px\" \/><\/p>\n<p id=\"caption-attachment-44542\" class=\"wp-caption-text\">V\u1ecb tr\u00ed l\u1eafp loa c\u00e1nh Focal RCX 165<\/p>\n<\/div>\n<h2>T\u00ednh n\u0103ng n\u1ed5i b\u1eadt<\/h2>\n<p>Loa Bass m\u00e0ng Polyglass t\u00edch h\u1ee3p. Loa Treble m\u00e0ng nh\u00f4m tr\u1ef1c tuy\u1ebfn<\/p>\n<p><img loading=\"lazy\" decoding=\"async\" class=\"alignnone size-full wp-image-1055\" src=\"https:\/\/autothaiduong.vn\/wp-content\/uploads\/2025\/05\/Focal-RCX-165-1-700x700-1.jpg\" alt=\"Focal-RCX-165\" width=\"700\" height=\"700\" srcset=\"https:\/\/autothaiduong.vn\/wp-content\/uploads\/2025\/05\/Focal-RCX-165-1-700x700-1.jpg 700w, https:\/\/autothaiduong.vn\/wp-content\/uploads\/2025\/05\/Focal-RCX-165-1-700x700-1-600x600.jpg 600w, https:\/\/autothaiduong.vn\/wp-content\/uploads\/2025\/05\/Focal-RCX-165-1-700x700-1-300x300.jpg 300w, https:\/\/autothaiduong.vn\/wp-content\/uploads\/2025\/05\/Focal-RCX-165-1-700x700-1-100x100.jpg 100w\" sizes=\"auto, (max-width: 700px) 100vw, 700px\" \/><\/p>\n<p>C\u00f4ng su\u1ea5t loa 70W gi\u00fap loa s\u1edf h\u1eefu \u00e2m thanh m\u1ea1nh m\u1ebd, r\u00f5 r\u00e0ng v\u00e0 ch\u00e2n th\u1ef1c.<\/p>\n<p>Loa c\u00e1nh Focal RCX 165 c\u00f3 \u0111\u1ed9 nh\u1ea1y cao, cho ph\u00e9p \u00e2m thanh tuy\u1ec7t v\u1eddi trong ph\u1ea1m vi c\u00f4ng su\u1ea5t l\u1edbn. \u0110\u1ed9 nh\u1ea1y c\u1ee7a loa c\u00e1nh Focal RCX 165 l\u00e0 92 dB, gi\u00fap \u00e2m l\u01b0\u1ee3ng v\u00e0 \u00e2m thanh tuy\u1ec7t v\u1eddi.<\/p>\n<h2>L\u00fd do n\u00ean trang b\u1ecb loa c\u00e1nh Focal RCX 165 cho x\u1ebf y\u00eau c\u1ee7a b\u1ea1n?<\/h2>\n<p><img loading=\"lazy\" decoding=\"async\" class=\"alignnone size-full wp-image-1056\" src=\"https:\/\/autothaiduong.vn\/wp-content\/uploads\/2025\/05\/Focal-RCX-165-4-700x346-1.jpg\" alt=\"Focal-RCX-165\" width=\"700\" height=\"346\" srcset=\"https:\/\/autothaiduong.vn\/wp-content\/uploads\/2025\/05\/Focal-RCX-165-4-700x346-1.jpg 700w, https:\/\/autothaiduong.vn\/wp-content\/uploads\/2025\/05\/Focal-RCX-165-4-700x346-1-600x297.jpg 600w\" sizes=\"auto, (max-width: 700px) 100vw, 700px\" \/><\/p>\n<p>Loa c\u00e1nh Focal RCX 165 thi\u1ebft k\u1ebf nh\u1ecf g\u1ecdn, tinh t\u1ebf. L\u1eafp \u0111\u1eb7t nhanh ch\u00f3ng, d\u1ec5 d\u00e0ng \u0111\u1ea3m b\u1ea3o mang \u0111\u1ebfn \u00e2m s\u1eafc tr\u1ea7m b\u1ed5ng r\u00f5 r\u00e0ng, n\u00e2ng t\u1ea7m tr\u1ea3i nghi\u1ec7m khi th\u01b0\u1edfng th\u1ee9c \u00e2m thanh.<\/p>\n<div class=\"vms-read-more\"><\/div>\n","protected":false},"excerpt":{"rendered":"<h2>Th\u00f4ng s\u1ed1 k\u1ef9 thu\u1eadt<\/h2>\n<p>D\u1ea3i t\u1ea7n ho\u1ea1t \u0111\u1ed9ng: 1100 \u2013 20 kHz<\/p>\n<p>C\u00f4ng su\u1ea5t loa: 70W<\/p>\n<p>Tr\u1edf kh\u00e1ng: 6ohm<\/p>\n<p>\u0110\u1ed9 nh\u1ea1y: 92 dB<\/p>\n","protected":false},"featured_media":1053,"comment_status":"open","ping_status":"closed","template":"","meta":[],"product_brand":[120],"product_cat":[19,101],"product_tag":[],"class_list":{"0":"post-1052","1":"product","2":"type-product","3":"status-publish","4":"has-post-thumbnail","6":"product_brand-focal","7":"product_cat-am-thanh","8":"product_cat-loa-dong-truc","10":"first","11":"instock","12":"shipping-taxable","13":"purchasable","14":"product-type-simple"},"_links":{"self":[{"href":"https:\/\/autothaiduong.vn\/index.php?rest_route=\/wp\/v2\/product\/1052","targetHints":{"allow":["GET"]}}],"collection":[{"href":"https:\/\/autothaiduong.vn\/index.php?rest_route=\/wp\/v2\/product"}],"about":[{"href":"https:\/\/autothaiduong.vn\/index.php?rest_route=\/wp\/v2\/types\/product"}],"replies":[{"embeddable":true,"href":"https:\/\/autothaiduong.vn\/index.php?rest_route=%2Fwp%2Fv2%2Fcomments&post=1052"}],"wp:featuredmedia":[{"embeddable":true,"href":"https:\/\/autothaiduong.vn\/index.php?rest_route=\/wp\/v2\/media\/1053"}],"wp:attachment":[{"href":"https:\/\/autothaiduong.vn\/index.php?rest_route=%2Fwp%2Fv2%2Fmedia&parent=1052"}],"wp:term":[{"taxonomy":"product_brand","embeddable":true,"href":"https:\/\/autothaiduong.vn\/index.php?rest_route=%2Fwp%2Fv2%2Fproduct_brand&post=1052"},{"taxonomy":"product_cat","embeddable":true,"href":"https:\/\/autothaiduong.vn\/index.php?rest_route=%2Fwp%2Fv2%2Fproduct_cat&post=1052"},{"taxonomy":"product_tag","embeddable":true,"href":"https:\/\/autothaiduong.vn\/index.php?rest_route=%2Fwp%2Fv2%2Fproduct_tag&post=1052"}],"curies":[{"name":"wp","href":"https:\/\/api.w.org\/{rel}","templated":true}]}}