{"id":1057,"date":"2025-05-11T15:53:04","date_gmt":"2025-05-11T15:53:04","guid":{"rendered":"https:\/\/autothaiduong.vn\/?post_type=product&#038;p=1057"},"modified":"2025-05-11T15:53:28","modified_gmt":"2025-05-11T15:53:28","slug":"loa-canh-jl-c1-650x","status":"publish","type":"product","link":"https:\/\/autothaiduong.vn\/?product=loa-canh-jl-c1-650x","title":{"rendered":"Loa c\u00e1nh JL C1-650x"},"content":{"rendered":"<p><img loading=\"lazy\" decoding=\"async\" class=\" wp-image-1044 aligncenter\" src=\"https:\/\/autothaiduong.vn\/wp-content\/uploads\/2025\/05\/z6584734442481_f208f5944548cb4b46353402ce2e64e0.jpg\" alt=\"\" width=\"311\" height=\"275\" \/><\/p>\n<p style=\"text-align: center;\"><span style=\"font-size: 150%;\"><strong><span style=\"color: #ff0000;\">273-275 Tr\u1ea7n Ph\u00fa Ph\u01b0\u1eddng L\u1ed9c S\u01a1n Th\u00e0nh Ph\u1ed1 B\u1ea3o L\u1ed9c T\u1ec9nh L\u00e2m \u0110\u1ed3ng<\/span><\/strong><\/span><\/p>\n<p style=\"text-align: center;\"><span style=\"font-size: 150%;\"><strong><span style=\"color: #ff0000;\"> Hotline: 0912197441<\/span><\/strong><\/span><\/p>\n<p>Loa c\u00e1nh JL v\u1edbi c\u00f4ng ngh\u1ec7 DMA \u0111\u1ed9c quy\u1ec1n c\u1ee7a JL (M\u1ef9) \u0111em \u0111\u1ebfn tr\u1ea3i nghi\u1ec7m \u00e2m thanh th\u1ef1c s\u1ef1 tuy\u1ec7t v\u1eddi. Loa c\u00e1nh JL C1-650X l\u00e0 c\u1eb7p loa \u0111\u1ed3ng tr\u1ee5c v\u1edbi c\u00f4ng su\u1ea5t 50W RMS c\u00f3 th\u1ec3 t\u01b0\u01a1ng th\u00edch v\u1edbi \u0111\u1ea7u ph\u00e1t nguy\u00ean b\u1ea3n c\u1ee7a xe<\/p>\n<h2>Th\u00f4ng s\u1ed1 k\u1ef9 thu\u1eadt<\/h2>\n<p>C\u00f4ng su\u1ea5t (RMS): 50 W<\/p>\n<p>Ampli \u0111\u1ec1 xu\u1ea5t (RMS): 10 \u2013 75 W \/ Ch.<\/p>\n<p>\u0110\u1ed9 nh\u1ea1y: 90.5 dB @ 1 W \/ 1 m<\/p>\n<p>Tr\u1edf kh\u00e1ng: 4 \u03a9<\/p>\n<p>\u0110\u00e1p \u1ee9ng t\u1ea7n s\u1ed1: 48 Hz \u2013 24 KHz \u00b1 3 dB<\/p>\n<h2>T\u00ednh n\u0103ng n\u1ed5i b\u1eadt<\/h2>\n<h3>\u0110\u1ed9 th\u1ea9m m\u1ef9 v\u00e0 \u0111\u1ed9 ho\u00e0n thi\u1ec7n cao<\/h3>\n<p><img loading=\"lazy\" decoding=\"async\" class=\"alignnone size-full wp-image-1059\" src=\"https:\/\/autothaiduong.vn\/wp-content\/uploads\/2025\/05\/JL-C1-650x2-1-700x700-1.jpeg\" alt=\"JL C1-650x\" width=\"700\" height=\"700\" srcset=\"https:\/\/autothaiduong.vn\/wp-content\/uploads\/2025\/05\/JL-C1-650x2-1-700x700-1.jpeg 700w, https:\/\/autothaiduong.vn\/wp-content\/uploads\/2025\/05\/JL-C1-650x2-1-700x700-1-600x600.jpeg 600w, https:\/\/autothaiduong.vn\/wp-content\/uploads\/2025\/05\/JL-C1-650x2-1-700x700-1-300x300.jpeg 300w, https:\/\/autothaiduong.vn\/wp-content\/uploads\/2025\/05\/JL-C1-650x2-1-700x700-1-100x100.jpeg 100w\" sizes=\"auto, (max-width: 700px) 100vw, 700px\" \/><\/p>\n<p>\u0110\u1ed9 th\u1ea9m m\u1ef9 v\u00e0 \u0111\u1ed9 ho\u00e0n thi\u1ec7n cao c\u1ee7a JL C1-650X v\u1edbi m\u00e0u v\u00e0ng \u1edf m\u1eb7t loa l\u00e0 \u0111\u1eb7c tr\u01b0ng c\u1ee7a JL. V\u1edbi v\u00e0nh loa \u0111\u01b0\u1ee3c l\u00e0m t\u1eeb cao su nguy\u00ean ch\u1ea5t v\u00e0 chi\u1ec1u r\u1ed9ng, chi\u1ec1u s\u00e2u l\u1edbn n\u00ean c\u00f3 th\u1ec3 t\u1ea1o ra s\u1ef1 \u0111\u00e0n h\u1ed3i c\u1ea7n thi\u1ebft \u0111\u1ec3 t\u1ea1o ra c\u00e1c dao \u0111\u1ed9ng l\u1edbn \u0111\u1ec3 t\u1ea1o ra ti\u1ebfng bass uy l\u1ef1c v\u00e0 ch\u1eafc ch\u1eafn, \u00e2m l\u1edbn h\u01a1n.<\/p>\n<h3>C\u00f4ng ngh\u1ec7 \u0111\u1ed9c quy\u1ec1n c\u1ee7a loa JL C1-650x<\/h3>\n<p>JL C1-650x s\u1eed d\u1ee5ng c\u00f4ng ngh\u1ec7 Dynamic Motor Analysis \u2013 DMA Optimized Motor. C\u00f4ng ngh\u1ec7 \u0111\u1ed9c quy\u1ec1n c\u1ee7a JL DMA \u0111\u01b0\u1ee3c ph\u00e1t minh t\u1eeb n\u0103m 1997 v\u00e0 \u0111\u01b0\u1ee3c tinh ch\u1ec9nh qua nhi\u1ec1u n\u0103m. K\u1ebft qu\u1ea3 l\u00e0 t\u1ea1o ra 1 ch\u1ea5t l\u01b0\u1ee3ng \u00e2m thanh tuy\u1ec7t h\u1ea3o \u0111\u1ed9 m\u00e9o ti\u1ebfng gi\u1ea3m t\u1ed1i \u0111a, \u00e2m tr\u1ea7m \u201cs\u1ea1ch\u201d v\u00e0 r\u00f5 r\u00e0ng.<\/p>\n<h3>H\u00ecnh n\u00f3n b\u1eb1ng polypropylene<\/h3>\n<p><img loading=\"lazy\" decoding=\"async\" class=\"alignnone size-full wp-image-1060\" src=\"https:\/\/autothaiduong.vn\/wp-content\/uploads\/2025\/05\/JL-C1-650x-700x399-1.jpeg\" alt=\"JL C1-650x\" width=\"700\" height=\"399\" srcset=\"https:\/\/autothaiduong.vn\/wp-content\/uploads\/2025\/05\/JL-C1-650x-700x399-1.jpeg 700w, https:\/\/autothaiduong.vn\/wp-content\/uploads\/2025\/05\/JL-C1-650x-700x399-1-600x342.jpeg 600w\" sizes=\"auto, (max-width: 700px) 100vw, 700px\" \/><\/p>\n<p>H\u00ecnh n\u00f3n b\u1eb1ng polypropylene \u0111\u00fac phun, \u0111\u1ea7y kho\u00e1ng ch\u1ea5t \u0111\u01b0\u1ee3c treo v\u1edbi m\u1ed9t v\u00f2ng bao quanh cao su \u1edf m\u1eb7t tr\u01b0\u1edbc v\u00e0 nh\u1ec7n loa Conex\u00ae ph\u1eb3ng \u0111\u01b0\u1ee3c thi\u1ebft k\u1ebf c\u1ea9n th\u1eadn \u1edf \u0111\u1ea7u cu\u1ed9n d\u00e2y tho\u1ea1i, \u0111\u1ec3 \u0111i\u1ec1u khi\u1ec3n ch\u00ednh x\u00e1c chuy\u1ec3n \u0111\u1ed9ng c\u1ee7a cu\u1ed9n d\u00e2y tho\u1ea1i.<\/p>\n<h3>D\u00f2ng loa C1 v\u01b0\u1ee3t xa v\u1ec1 ch\u1ea5t l\u01b0\u1ee3ng<\/h3>\n<p><img loading=\"lazy\" decoding=\"async\" class=\"alignnone size-full wp-image-1061\" src=\"https:\/\/autothaiduong.vn\/wp-content\/uploads\/2025\/05\/JL-C1-650x1-1-700x619-1.jpeg\" alt=\"\" width=\"700\" height=\"619\" srcset=\"https:\/\/autothaiduong.vn\/wp-content\/uploads\/2025\/05\/JL-C1-650x1-1-700x619-1.jpeg 700w, https:\/\/autothaiduong.vn\/wp-content\/uploads\/2025\/05\/JL-C1-650x1-1-700x619-1-600x531.jpeg 600w\" sizes=\"auto, (max-width: 700px) 100vw, 700px\" \/><\/p>\n<p>D\u00f2ng loa C1 v\u01b0\u1ee3t xa v\u1ec1 ch\u1ea5t l\u01b0\u1ee3ng so v\u1edbi nh\u1eefng loa kh\u00e1c trong c\u00f9ng lo\u1ea1i v\u1edbi \u0111\u1ed9 r\u00f5 n\u00e9t v\u00e0 t\u1ea7n s\u1ed1 cao v\u01b0\u1ee3t tr\u1ed9i. Th\u00f4ng s\u1ed1 Loa c\u00e1nh JL C1-650X v\u1edbi c\u00f4ng su\u1ea5t 50W RMS ph\u00f9 h\u1ee3p t\u1ea5t c\u1ea3 m\u1ecdi \u0111\u1ea7u ph\u00e1t m\u00e0 kh\u00f4ng c\u1ea7n qua Amply.<\/p>\n<h2>L\u00fd do n\u00ean trang b\u1ecb Loa JL C1-650x cho x\u1ebf y\u00eau c\u1ee7a b\u1ea1n?<\/h2>\n<p><img loading=\"lazy\" decoding=\"async\" class=\"alignnone size-full wp-image-1062\" src=\"https:\/\/autothaiduong.vn\/wp-content\/uploads\/2025\/05\/JL-C1-650x1-1-700x714-1.jpg\" alt=\"\" width=\"700\" height=\"714\" srcset=\"https:\/\/autothaiduong.vn\/wp-content\/uploads\/2025\/05\/JL-C1-650x1-1-700x714-1.jpg 700w, https:\/\/autothaiduong.vn\/wp-content\/uploads\/2025\/05\/JL-C1-650x1-1-700x714-1-588x600.jpg 588w, https:\/\/autothaiduong.vn\/wp-content\/uploads\/2025\/05\/JL-C1-650x1-1-700x714-1-600x612.jpg 600w\" sizes=\"auto, (max-width: 700px) 100vw, 700px\" \/><\/p>\n<p>D\u00f2ng Loa C1 mang \u0111\u1ebfn ch\u1ea5t l\u01b0\u1ee3ng th\u1ef1c v\u00e0 hi\u1ec7u su\u1ea5t \u00e2m thanh tuy\u1ec7t v\u1eddi, \u0111\u01b0\u1ee3c thi\u1ebft k\u1ebf \u0111\u1ec3 d\u1ec5 d\u00e0ng l\u1eafp cho c\u1eeda sau c\u1ee7a c\u00e1c d\u00f2ng xe. Cung c\u1ea5p cho ng\u01b0\u1eddi l\u00e1i nh\u1eefng tr\u1ea3i nghi\u1ec7m th\u00fa v\u1ecb trong nh\u1eefng chuy\u1ebfn \u0111i \u0111\u1ea7y m\u1ec7t m\u1ecfi.<\/p>\n","protected":false},"excerpt":{"rendered":"<h2>Th\u00f4ng s\u1ed1 k\u1ef9 thu\u1eadt<\/h2>\n<p>C\u00f4ng su\u1ea5t (RMS): 50 W<\/p>\n<p>Ampli \u0111\u1ec1 xu\u1ea5t (RMS): 10 \u2013 75 W \/ Ch.<\/p>\n<p>\u0110\u1ed9 nh\u1ea1y: 90.5 dB @ 1 W \/ 1 m<\/p>\n<p>Tr\u1edf kh\u00e1ng: 4 \u03a9<\/p>\n<p>\u0110\u00e1p \u1ee9ng t\u1ea7n s\u1ed1: 48 Hz \u2013 24 KHz \u00b1 3 dB<\/p>\n","protected":false},"featured_media":1058,"comment_status":"open","ping_status":"closed","template":"","meta":[],"product_brand":[113],"product_cat":[19,101],"product_tag":[],"class_list":{"0":"post-1057","1":"product","2":"type-product","3":"status-publish","4":"has-post-thumbnail","6":"product_brand-jl","7":"product_cat-am-thanh","8":"product_cat-loa-dong-truc","10":"first","11":"instock","12":"shipping-taxable","13":"purchasable","14":"product-type-simple"},"_links":{"self":[{"href":"https:\/\/autothaiduong.vn\/index.php?rest_route=\/wp\/v2\/product\/1057","targetHints":{"allow":["GET"]}}],"collection":[{"href":"https:\/\/autothaiduong.vn\/index.php?rest_route=\/wp\/v2\/product"}],"about":[{"href":"https:\/\/autothaiduong.vn\/index.php?rest_route=\/wp\/v2\/types\/product"}],"replies":[{"embeddable":true,"href":"https:\/\/autothaiduong.vn\/index.php?rest_route=%2Fwp%2Fv2%2Fcomments&post=1057"}],"wp:featuredmedia":[{"embeddable":true,"href":"https:\/\/autothaiduong.vn\/index.php?rest_route=\/wp\/v2\/media\/1058"}],"wp:attachment":[{"href":"https:\/\/autothaiduong.vn\/index.php?rest_route=%2Fwp%2Fv2%2Fmedia&parent=1057"}],"wp:term":[{"taxonomy":"product_brand","embeddable":true,"href":"https:\/\/autothaiduong.vn\/index.php?rest_route=%2Fwp%2Fv2%2Fproduct_brand&post=1057"},{"taxonomy":"product_cat","embeddable":true,"href":"https:\/\/autothaiduong.vn\/index.php?rest_route=%2Fwp%2Fv2%2Fproduct_cat&post=1057"},{"taxonomy":"product_tag","embeddable":true,"href":"https:\/\/autothaiduong.vn\/index.php?rest_route=%2Fwp%2Fv2%2Fproduct_tag&post=1057"}],"curies":[{"name":"wp","href":"https:\/\/api.w.org\/{rel}","templated":true}]}}