{"id":1063,"date":"2025-05-11T15:59:21","date_gmt":"2025-05-11T15:59:21","guid":{"rendered":"https:\/\/autothaiduong.vn\/?post_type=product&#038;p=1063"},"modified":"2025-05-11T16:00:22","modified_gmt":"2025-05-11T16:00:22","slug":"loa-phan-tang-ase-165-focal","status":"publish","type":"product","link":"https:\/\/autothaiduong.vn\/?product=loa-phan-tang-ase-165-focal","title":{"rendered":"Loa ph\u00e2n t\u1ea7ng ASE 165 FOCAL"},"content":{"rendered":"<p><img loading=\"lazy\" decoding=\"async\" class=\" wp-image-1044 aligncenter\" src=\"https:\/\/autothaiduong.vn\/wp-content\/uploads\/2025\/05\/z6584734442481_f208f5944548cb4b46353402ce2e64e0.jpg\" alt=\"\" width=\"313\" height=\"277\" \/><\/p>\n<p style=\"text-align: center;\"><span style=\"color: #ff0000; font-size: 150%;\"><strong>273-275 Tr\u1ea7n Ph\u00fa Ph\u01b0\u1eddng L\u1ed9c S\u01a1n Th\u00e0nh Ph\u1ed1 B\u1ea3o L\u1ed9c T\u1ec9nh L\u00e2m \u0110\u1ed3ng <\/strong><\/span><\/p>\n<p style=\"text-align: center;\"><span style=\"color: #ff0000; font-size: 150%;\"><strong>Hotline: 0912197441<\/strong><\/span><\/p>\n<p><a title=\"Loa ASE 165\" href=\"https:\/\/thienphuauto.com\/ase-165.html\" target=\"_blank\" rel=\"noopener\">Loa ASE 165<\/a>\u00a0l\u00e0 gi\u1ea3i ph\u00e1p \u00e2m thanh \u0111\u1ec3 thay th\u1ebf c\u00e1c loa zin tr\u00ean xe l\u00e2u ng\u00e0y b\u1ecb h\u01b0, xu\u1ed1ng c\u1ea5p, kh\u00f4ng \u0111\u00e1p \u1ee9ng nhu c\u1ea7u nghe nh\u1ea1c \u0111\u1ec9nh cao.<\/p>\n<p>S\u1edf h\u1eefu nh\u1eefng c\u00f4ng ngh\u1ec7 \u0111\u1ed9c quy\u1ec1n c\u1ee7a Focal mang l\u1ea1i ch\u1ea5t \u00e2m trung th\u1ef1c, chi ti\u1ebft, r\u00f5 r\u00e0ng, ASE 165 h\u1ee9a h\u1eb9n mang \u0111\u1ebfn nh\u1eefng tr\u1ea3i nghi\u1ec7m \u00e2m nh\u1ea1c ch\u1ea5t l\u01b0\u1ee3ng cho ng\u01b0\u1eddi y\u00eau \u00e2m thanh tr\u00ean \u00f4 t\u00f4.<\/p>\n<p><img loading=\"lazy\" decoding=\"async\" class=\"alignnone size-full wp-image-1065\" src=\"https:\/\/autothaiduong.vn\/wp-content\/uploads\/2025\/05\/ase-165-lap-canh-xe.jpg\" alt=\"ASE 165 l\u1eafp c\u00e1nh xe\" width=\"755\" height=\"580\" srcset=\"https:\/\/autothaiduong.vn\/wp-content\/uploads\/2025\/05\/ase-165-lap-canh-xe.jpg 755w, https:\/\/autothaiduong.vn\/wp-content\/uploads\/2025\/05\/ase-165-lap-canh-xe-600x461.jpg 600w\" sizes=\"auto, (max-width: 755px) 100vw, 755px\" \/><\/p>\n<h3>1. Nh\u1eefng \u0111i\u1ec3m nh\u1ea5n ch\u00ednh g\u00e2y \u1ea5n t\u01b0\u1ee3ng ASE 165 Focal<\/h3>\n<p>D\u01b0\u1edbi \u0111\u00e2y l\u00e0 nh\u1eefng \u0111i\u1ec3m nh\u1ea5n ch\u00ednh m\u00e0 d\u00f2ng loa\u00a0<a title=\"seri AUDITOR\" href=\"https:\/\/thienphuauto.com\/auditor-series.html\" target=\"_blank\" rel=\"noopener\">seri AUDITOR<\/a>\u00a0n\u00e0y mang l\u1ea1i:<\/p>\n<p>\ud83d\udd37 \u0110\u01b0\u1ee3c ph\u00e1t tri\u1ec3n v\u00e0 s\u1ea3n xu\u1ea5t b\u1edfi h\u00e3ng \u00e2m thanh l\u00e2u \u0111\u1eddi uy t\u00edn Focal &#8211; Ph\u00e1p.<\/p>\n<p>\ud83d\udd37 D\u1ec5 d\u00e0ng k\u1ebft n\u1ed1i v\u1edbi \u00e2m ly tr\u00ean xe \u0111\u1ec3 khu\u1ebfch \u0111\u1ea1i \u00e2m thanh.<\/p>\n<p><img loading=\"lazy\" decoding=\"async\" class=\"alignnone size-full wp-image-1066\" src=\"https:\/\/autothaiduong.vn\/wp-content\/uploads\/2025\/05\/do-loa-co-ban-voi-ase-165.jpg\" alt=\"\u0111\u1ed9 loa c\u01a1 b\u1ea3n ASE 165\" width=\"895\" height=\"481\" srcset=\"https:\/\/autothaiduong.vn\/wp-content\/uploads\/2025\/05\/do-loa-co-ban-voi-ase-165.jpg 895w, https:\/\/autothaiduong.vn\/wp-content\/uploads\/2025\/05\/do-loa-co-ban-voi-ase-165-600x322.jpg 600w, https:\/\/autothaiduong.vn\/wp-content\/uploads\/2025\/05\/do-loa-co-ban-voi-ase-165-768x413.jpg 768w\" sizes=\"auto, (max-width: 895px) 100vw, 895px\" \/><\/p>\n<p>\ud83d\udd37 L\u1edbp s\u01a1n m\u00e0u \u0111en tr\u00ean loa treble d\u1ec5 nh\u1eadn bi\u1ebft.<\/p>\n<p>\ud83d\udd37 S\u1eed d\u1ee5ng nhi\u1ec1u c\u00f4ng ngh\u1ec7 DNA c\u1ee7a FOCAL.<\/p>\n<p>\ud83d\udd37 D\u1ec5 d\u00e0ng l\u1eafp \u0111\u1eb7t \u0111\u01b0\u1ee3c v\u1edbi nhi\u1ec1u xe.<\/p>\n<h3>2. \u0110\u1eb7c \u0111i\u1ec3m v\u1ec1 c\u1ea5u t\u1ea1o loa ASE 165 Focal<\/h3>\n<p>ASE 165 \u0111\u01b0\u1ee3c h\u01b0\u1edfng l\u1ee3i khi s\u1edf h\u1eefu nh\u1eefng c\u00f4ng ngh\u1ec7 \u0111\u01b0\u1ee3c ph\u00e1t tri\u1ec3n trong g\u1ea7n 20 n\u0103m c\u1ee7a h\u00e3ng. Ch\u00ednh v\u00ec th\u1ebf khi ch\u1ec9 s\u1edf h\u1eefu k\u00edch th\u01b0\u1edbc\u00a0<strong>165mm<\/strong>\u00a0nh\u01b0ng\u00a0<a title=\"loa Focal ch\u00ednh h\u00e3ng\" href=\"https:\/\/thienphuauto.com\/loa-focal.html\" target=\"_blank\" rel=\"noopener\">loa Focal ch\u00ednh h\u00e3ng<\/a>\u00a0n\u00e0y mang \u0111\u1ebfn ch\u1ea5t \u00e2m \u0111\u01b0\u1ee3c c\u1ea3i thi\u1ec7n v\u00f4 c\u00f9ng t\u1ed1t \u0111\u1ebfn t\u1eebng nh\u1ea1c c\u1ee5 v\u00e0 k\u1ebft h\u1ee3p t\u1ed1t v\u1edbi v\u1edbi c\u00e1c thi\u1ebft b\u1ecb nguy\u00ean b\u1ea3n tr\u00ean xe.<\/p>\n<p><img loading=\"lazy\" decoding=\"async\" class=\"alignnone size-full wp-image-1067\" src=\"https:\/\/autothaiduong.vn\/wp-content\/uploads\/2025\/05\/loa-tram-ase-165-va-bo-phan-tan.jpg\" alt=\"loa tr\u1ea7m ASE 165 v\u00e0 b\u1ed9 ph\u00e2n t\u1ea7n\" width=\"733\" height=\"562\" srcset=\"https:\/\/autothaiduong.vn\/wp-content\/uploads\/2025\/05\/loa-tram-ase-165-va-bo-phan-tan.jpg 733w, https:\/\/autothaiduong.vn\/wp-content\/uploads\/2025\/05\/loa-tram-ase-165-va-bo-phan-tan-600x460.jpg 600w\" sizes=\"auto, (max-width: 733px) 100vw, 733px\" \/><\/p>\n<p>Nh\u1eefng \u0111\u1eb7c \u0111i\u1ec3m c\u1ea5u t\u1ea1o c\u1ee7a ASE 165 ch\u1ee9ng minh v\u01b0\u1ee3t tr\u1ed9i so v\u1edbi c\u00e1c d\u00f2ng loa c\u00f9ng ph\u00e2n kh\u00fac kh\u00e1c.<\/p>\n<p>&#8211; G\u00e2n loa v\u00e0 vi\u1ec1n loa l\u00e0m b\u1eb1ng cao su Butyl gi\u00fap gi\u1eef \u0111\u01b0\u1ee3c h\u00ecnh d\u00e1ng l\u00e2u h\u01a1n, t\u0103ng \u0111\u1ed9 \u0111\u00e0nh h\u1ed3i gi\u1ea3m s\u1ef1 rung \u0111\u1ed9ng v\u00e0 m\u00e9o ti\u1ebfng.<\/p>\n<p>&#8211;\u00a0Phase plug c\u1ea3i thi\u1ec7n tr\u1ee5c ngo\u00e0i v\u00e0 t\u0103ng hi\u1ec7u su\u1ea5t \u00e2m thanh.<\/p>\n<p><img loading=\"lazy\" decoding=\"async\" class=\"alignnone size-full wp-image-1068\" src=\"https:\/\/autothaiduong.vn\/wp-content\/uploads\/2025\/05\/loa-treble-ase-165.jpg\" alt=\"\" width=\"447\" height=\"603\" srcset=\"https:\/\/autothaiduong.vn\/wp-content\/uploads\/2025\/05\/loa-treble-ase-165.jpg 447w, https:\/\/autothaiduong.vn\/wp-content\/uploads\/2025\/05\/loa-treble-ase-165-445x600.jpg 445w\" sizes=\"auto, (max-width: 447px) 100vw, 447px\" \/><\/p>\n<p>&#8211; Khung loa l\u00e0m t\u1eeb ch\u1ea5t li\u1ec7u th\u00e9p c\u00f3 \u0111\u1ed9 b\u1ec1n v\u00e0 c\u1ee9ng cao.<\/p>\n<p>&#8211; L\u1eafp \u0111\u1eb7t c\u1ea5u t\u1ea1o c\u1ee7 loa linh ho\u1ea1t t\u1ea1o ra thi\u1ebft k\u1ebf g\u1ecdn g\u00e0ng, th\u1ea9m m\u1ef9 v\u00e0 ch\u1eafc ch\u1eafn.<\/p>\n<p>&#8211; L\u01b0\u1edbi b\u1ea3o v\u1ec7 l\u00e0m t\u1eeb nh\u1ef1a t\u1ed5ng h\u1ee3p c\u00f3 kh\u1ea3 n\u0103ng ch\u1ecbu \u0111\u01b0\u1ee3c va \u0111\u1eadp t\u1ed1t v\u00e0 s\u1ef1 \u0103n m\u00f2n c\u1ee7a m\u00f4i tr\u01b0\u1eddng, c\u1ea5u t\u1ea1o \u0111\u1eb9p m\u1eaft, tinh t\u1ebf v\u00e0 d\u1ec5 d\u00e0ng l\u1eafp \u0111\u1eb7t.<\/p>\n<p><img loading=\"lazy\" decoding=\"async\" class=\"alignnone size-full wp-image-1069\" src=\"https:\/\/autothaiduong.vn\/wp-content\/uploads\/2025\/05\/loa-asr-165-anh-bv-1.jpg\" alt=\"\" width=\"692\" height=\"580\" srcset=\"https:\/\/autothaiduong.vn\/wp-content\/uploads\/2025\/05\/loa-asr-165-anh-bv-1.jpg 692w, https:\/\/autothaiduong.vn\/wp-content\/uploads\/2025\/05\/loa-asr-165-anh-bv-1-600x503.jpg 600w\" sizes=\"auto, (max-width: 692px) 100vw, 692px\" \/><\/p>\n<p>&#8211; Loa treble c\u00f3 m\u00e0ng loa c\u1ea5u t\u1ea1o d\u1ea1ng v\u00f2m ng\u01b0\u1ee3c \u0111\u1eb7c tr\u01b0ng Focal, t\u1ea1o ra \u00e2m thanh m\u01b0\u1ee3t m\u00e0, kh\u00f4ng b\u1ecb m\u00e9o ti\u1ebfng, b\u1ea1n s\u1ebd c\u1ea3m nh\u1eadn \u0111\u01b0\u1ee3c ch\u1ea5t \u00e2m chi ti\u1ebft, \u00e2m vang r\u00f5 r\u00e0ng.<\/p>\n<p><img loading=\"lazy\" decoding=\"async\" class=\"alignnone size-full wp-image-1070\" src=\"https:\/\/autothaiduong.vn\/wp-content\/uploads\/2025\/05\/phan-tan-loa-ase-165.jpg\" alt=\"\" width=\"736\" height=\"587\" srcset=\"https:\/\/autothaiduong.vn\/wp-content\/uploads\/2025\/05\/phan-tan-loa-ase-165.jpg 736w, https:\/\/autothaiduong.vn\/wp-content\/uploads\/2025\/05\/phan-tan-loa-ase-165-600x479.jpg 600w\" sizes=\"auto, (max-width: 736px) 100vw, 736px\" \/><\/p>\n<p>&#8211; M\u00e0ng loa l\u00e0m t\u1eeb nh\u1ef1a t\u1ed5ng h\u1ee3p\u00a0polypropylene c\u00f3 \u0111\u1ed9 b\u1ec1n cao, ch\u1ed1ng \u1ea9m v\u00e0 kh\u00f4ng b\u1ecb bi\u1ebfn d\u00e1ng d\u01b0\u1edbi s\u1ef1 t\u00e1c \u0111\u1ed9ng c\u1ee7a nhi\u1ec7t \u0111\u1ed9 gi\u00fap t\u00e1i t\u1ea1o \u00e2m thanh m\u1ed9t c\u00e1ch ch\u00ednh x\u00e1c kh\u00f4ng b\u1ecb th\u00eam ho\u1eb7c gi\u1ea3m \u0111i nh\u1eefng chi ti\u1ebft \u00e2m ban \u0111\u1ea7u.<\/p>\n<h3>3. Nh\u1eefng th\u00f4ng s\u1ed1 k\u1ef9 thu\u1eadt c\u1ee7a loa ASE 165<\/h3>\n<p>\u0110\u1ec3 t\u1ea1o n\u00ean ch\u1ea5t l\u01b0\u1ee3ng \u00e2m thanh xu\u1ea5t s\u1eafc, ASE Focal s\u1edf h\u1eefu nh\u1eefng th\u00f4ng s\u1ed1 k\u1ef9 thu\u1eadt l\u00e0m n\u00ean th\u01b0\u01a1ng hi\u1ec7u c\u1ee7a h\u00e3ng loa n\u00e0y:<\/p>\n<p>&#8211; C\u00f4ng su\u1ea5t hi\u1ec7u d\u1ee5ng\u00a0<strong>RMS l\u00e0 60W<\/strong>\u00a0ph\u00f9 h\u1ee3p v\u1edbi di\u1ec7n t\u00edch kh\u00f4ng gian nh\u1ecf trong xe.<\/p>\n<p>&#8211; C\u00f4ng su\u1ea5t\u00a0<strong>max 120W<\/strong>\u00a0t\u00edch h\u1ee3p t\u1ed1t v\u1edbi c\u00e1c \u00e2m ly \u0111\u1ec3 \u0111\u1ea9y.<\/p>\n<p><img loading=\"lazy\" decoding=\"async\" class=\"alignnone size-full wp-image-1071\" src=\"https:\/\/autothaiduong.vn\/wp-content\/uploads\/2025\/05\/bo-doi-loa-ase-165.jpg\" alt=\"\" width=\"447\" height=\"609\" srcset=\"https:\/\/autothaiduong.vn\/wp-content\/uploads\/2025\/05\/bo-doi-loa-ase-165.jpg 447w, https:\/\/autothaiduong.vn\/wp-content\/uploads\/2025\/05\/bo-doi-loa-ase-165-440x600.jpg 440w\" sizes=\"auto, (max-width: 447px) 100vw, 447px\" \/><\/p>\n<p>&#8211; \u0110\u1ed9 nh\u1ea1y c\u1ee7a ASE 165 l\u00e0\u00a0<strong>91.5dB<\/strong>\u00a0gi\u00fap d\u1ec5 d\u00e0ng gh\u00e9p v\u1edbi amly c\u00f3 \u0111\u1ea7u ra c\u00f4ng su\u1ea5t ph\u00f9 h\u1ee3p.<\/p>\n<p>&#8211; ASE 165 c\u00f3 tr\u1edf kh\u00e1ng l\u00ean \u0111\u1ebfn\u00a0<strong>4\u2126<\/strong>\u00a0gi\u1ea3m t\u00ecnh tr\u1ea1ng qu\u00e1 t\u1ea3i c\u1ee7a m\u1ea1ch \u00e2m ly.<\/p>\n<p>&#8211; D\u1ea3i t\u1ea7n s\u1ed1 \u0111\u00e1p \u1ee9ng\u00a0<strong>60Hz-21kHz<\/strong>\u00a0gi\u00fap t\u00e1i t\u1ea1o \u00e2m thanh t\u1ed1t h\u01a1n.<\/p>\n<p><img loading=\"lazy\" decoding=\"async\" class=\"alignnone size-full wp-image-1072\" src=\"https:\/\/autothaiduong.vn\/wp-content\/uploads\/2025\/05\/ase-165-anh-bv.jpg\" alt=\"\" width=\"667\" height=\"549\" srcset=\"https:\/\/autothaiduong.vn\/wp-content\/uploads\/2025\/05\/ase-165-anh-bv.jpg 667w, https:\/\/autothaiduong.vn\/wp-content\/uploads\/2025\/05\/ase-165-anh-bv-600x494.jpg 600w\" sizes=\"auto, (max-width: 667px) 100vw, 667px\" \/><\/p>\n<p>&#8211; Cone loa l\u00e0m t\u1eeb ch\u1ea5t li\u1ec7u\u00a0<strong>Polypropylene<\/strong>\u00a0gi\u00fap t\u1ea1i t\u1ea1o \u00e2m thanh, gi\u1ea3 t\u1ea7n, t\u0103ng \u0111\u1ed9 b\u1ec1n gi\u1ea3m bi\u1ebfn d\u1ea1ng v\u00e0 ti\u1ebfng vang t\u1ed1t h\u01a1n so v\u1edbi c\u00e1c loa kh\u00e1c.<\/p>\n<p>&#8211; G\u00e2n loa l\u00e0m b\u1eb1ng cao su\u00a0<strong>Butyl<\/strong>\u00a0gi\u1eef h\u00ecnh d\u1ea1ng t\u1ed1t v\u00e0 gi\u1ea3m rung \u0111\u1ed9ng.<\/p>\n<p>&#8211; Cu\u1ed9n d\u00e2y \u00e2m thanh k\u00edch th\u01b0\u1edbc\u00a0<strong>25mm<\/strong>.<\/p>\n<p><img loading=\"lazy\" decoding=\"async\" class=\"alignnone size-full wp-image-1073\" src=\"https:\/\/autothaiduong.vn\/wp-content\/uploads\/2025\/05\/do-thi-cuong-do-am-thanh.jpg\" alt=\"\u0111\u1ed3 th\u1ecb c\u01b0\u1eddng \u0111\u1ed9 \u00e2m thanh\" width=\"776\" height=\"561\" srcset=\"https:\/\/autothaiduong.vn\/wp-content\/uploads\/2025\/05\/do-thi-cuong-do-am-thanh.jpg 776w, https:\/\/autothaiduong.vn\/wp-content\/uploads\/2025\/05\/do-thi-cuong-do-am-thanh-600x434.jpg 600w, https:\/\/autothaiduong.vn\/wp-content\/uploads\/2025\/05\/do-thi-cuong-do-am-thanh-768x555.jpg 768w\" sizes=\"auto, (max-width: 776px) 100vw, 776px\" \/><\/p>\n<p><em>\u00a0\u0110\u1ed3 th\u1ecb bi\u1ec3u di\u1ec5n c\u01b0\u1eddng \u0111\u1ed9 \u00e2m thanh<\/em><\/p>\n<p>C\u00e1c tham s\u1ed1 kh\u00e1c c\u1ee7a loa ASE 165<\/p>\n<p>&#8211; Tr\u1edf kh\u00e1ng cu\u1ed9n d\u00e2y RDC:\u00a03.3 \u2126.<\/p>\n<p>&#8211; T\u1ea7n s\u1ed1 t\u1ef1 nhi\u00ean m\u00e0ng loa Fs:\u00a071Hz.<\/p>\n<p>&#8211; Kh\u1ed1i l\u01b0\u1ee3ng di chuy\u1ec1n Mms loa ASE 165 Focal:\u00a013.8g.<\/p>\n<p>&#8211; \u0110\u1ed9 d\u1ebbo h\u1ec7 th\u1ed1ng treo m\u00e0ng loa Cms:\u00a00.36mm\/N.<\/p>\n<p>&#8211; VAS &#8211; \u0111\u1ed9 d\u1ebbo t\u01b0\u01a1ng \u0111\u01b0\u01a1ng:\u00a09 l.<\/p>\n<p>&#8211; Ch\u1ec9 s\u1ed1 \u0111\u00e0n h\u1ed3i Qts:\u00a00.9.<\/p>\n<p>&#8211; H\u1ec7 s\u1ed1 Qms:\u00a08<\/p>\n<p>&nbsp;<\/p>\n","protected":false},"excerpt":{"rendered":"<p><strong>\u2705C\u00f4ng su\u1ea5t:<\/strong>\u00a055 walt RMS<\/p>\n<p><strong>\u2705C\u00f4ng su\u1ea5t Max:<\/strong>\u00a0 110 walt<\/p>\n<p><strong>\u2705Gi\u1ea3i t\u1ea7n ho\u1ea1t \u0111\u1ed9ng:<\/strong>\u00a060-21.000 Hz<\/p>\n<p><strong>\u2705\u0110\u1ed9 nh\u1ea1y:<\/strong>\u00a091 dB<\/p>\n<p><strong>\u2705Tr\u1edf kh\u00e1ng:<\/strong>\u00a04 ohm<\/p>\n<p><strong>\u2705Nam ch\u00e2m:<\/strong>\u00a0Ferrite<\/p>\n<p><strong>\u2705M\u00e0ng loa:<\/strong>\u00a0Polypropylene<\/p>\n<p>\u2705<strong>K\u00edch th\u01b0\u1edbc<\/strong>: 165mm<\/p>\n","protected":false},"featured_media":1064,"comment_status":"open","ping_status":"closed","template":"","meta":[],"product_brand":[120],"product_cat":[19,100],"product_tag":[],"class_list":{"0":"post-1063","1":"product","2":"type-product","3":"status-publish","4":"has-post-thumbnail","6":"product_brand-focal","7":"product_cat-am-thanh","8":"product_cat-loa-2-duong-tieng","10":"first","11":"instock","12":"shipping-taxable","13":"purchasable","14":"product-type-simple"},"_links":{"self":[{"href":"https:\/\/autothaiduong.vn\/index.php?rest_route=\/wp\/v2\/product\/1063","targetHints":{"allow":["GET"]}}],"collection":[{"href":"https:\/\/autothaiduong.vn\/index.php?rest_route=\/wp\/v2\/product"}],"about":[{"href":"https:\/\/autothaiduong.vn\/index.php?rest_route=\/wp\/v2\/types\/product"}],"replies":[{"embeddable":true,"href":"https:\/\/autothaiduong.vn\/index.php?rest_route=%2Fwp%2Fv2%2Fcomments&post=1063"}],"wp:featuredmedia":[{"embeddable":true,"href":"https:\/\/autothaiduong.vn\/index.php?rest_route=\/wp\/v2\/media\/1064"}],"wp:attachment":[{"href":"https:\/\/autothaiduong.vn\/index.php?rest_route=%2Fwp%2Fv2%2Fmedia&parent=1063"}],"wp:term":[{"taxonomy":"product_brand","embeddable":true,"href":"https:\/\/autothaiduong.vn\/index.php?rest_route=%2Fwp%2Fv2%2Fproduct_brand&post=1063"},{"taxonomy":"product_cat","embeddable":true,"href":"https:\/\/autothaiduong.vn\/index.php?rest_route=%2Fwp%2Fv2%2Fproduct_cat&post=1063"},{"taxonomy":"product_tag","embeddable":true,"href":"https:\/\/autothaiduong.vn\/index.php?rest_route=%2Fwp%2Fv2%2Fproduct_tag&post=1063"}],"curies":[{"name":"wp","href":"https:\/\/api.w.org\/{rel}","templated":true}]}}