{"id":1074,"date":"2025-05-11T16:03:45","date_gmt":"2025-05-11T16:03:45","guid":{"rendered":"https:\/\/autothaiduong.vn\/?post_type=product&#038;p=1074"},"modified":"2025-05-11T16:04:05","modified_gmt":"2025-05-11T16:04:05","slug":"loa-phan-tan-focal-ase-165-s","status":"publish","type":"product","link":"https:\/\/autothaiduong.vn\/?product=loa-phan-tan-focal-ase-165-s","title":{"rendered":"Loa ph\u00e2n t\u1ea7n FOCAL ASE 165 S"},"content":{"rendered":"<div id=\"content-desc\" class=\"content active\">\n<p><a title=\"FOCAL ASE 165 S\" href=\"https:\/\/thienphuauto.com\/ase-165-s.html\" target=\"_blank\" rel=\"noopener\">FOCAL ASE 165 S<\/a>\u00a0\u0111\u1ebfn t\u1eeb th\u01b0\u01a1ng hi\u1ec7u \u00e2m thanh Ph\u00e1p c\u00f3 Cone loa b\u1eb1ng\u00a0Polypropylene v\u00e0nh loa \u0111\u01b0\u1ee3c l\u00e0m b\u1eb1ng cao su Butyl t\u1ef1 nhi\u00ean \u0111em \u0111\u1ebfn s\u1ee9c ch\u1ecbu \u0111\u1ef1ng b\u1ec1n b\u00ec t\u1ea1o n\u00ean \u00e2m cao v\u00e0 tr\u01b0\u1eddng ch\u00ednh x\u00e1c, l\u00e0 gi\u1ea3i ph\u00e1p thay th\u1ebf s\u1ed1 1 cho loa nguy\u00ean b\u1ea3n c\u1ee7a \u00f4 t\u00f4 m\u00e0 gi\u00e1 c\u1ea3 ph\u1ea3i ch\u0103ng.<\/p>\n<p><img loading=\"lazy\" decoding=\"async\" class=\"alignnone size-full wp-image-1076\" src=\"https:\/\/autothaiduong.vn\/wp-content\/uploads\/2025\/05\/focal-ase-165-s-lap-xe.jpg\" alt=\"FOCAL ASE 165 S l\u1eafp xe\" width=\"749\" height=\"554\" srcset=\"https:\/\/autothaiduong.vn\/wp-content\/uploads\/2025\/05\/focal-ase-165-s-lap-xe.jpg 749w, https:\/\/autothaiduong.vn\/wp-content\/uploads\/2025\/05\/focal-ase-165-s-lap-xe-600x444.jpg 600w\" sizes=\"auto, (max-width: 749px) 100vw, 749px\" \/><\/p>\n<h3>1. \u0110\u1eb7c t\u00ednh \u00e2m thanh c\u1ee7a FOCAL ASE 165 S<\/h3>\n<p>C\u00e1c d\u00f2ng\u00a0<a title=\"loa FOCAL\" href=\"https:\/\/thienphuauto.com\/loa-focal.html\" target=\"_blank\" rel=\"noopener\">loa FOCAL<\/a>\u00a0lu\u00f4n \u0111em l\u1ea1i cho ng\u01b0\u1eddi nghe m\u1ed9t c\u1ea3m gi\u00e1c h\u01b0\u1edfng th\u1ee5 \u00e2m nh\u1ea1c tr\u1ecdn v\u1eb9n. Loa ASE 165 S c\u1ea3i ti\u1ebfn ch\u1ea5t l\u01b0\u1ee3ng \u00e2m thanh mang l\u1ea1i \u00e2m h\u00ecnh v\u00e0 tr\u01b0\u1eddng \u00e2m t\u1ed1t h\u01a1n, m\u00e0ng loa \u0111\u01b0\u1ee3c l\u00e0m t\u1eeb Polypropylene ch\u1ecbu \u0111\u1ef1ng b\u1ec1n b\u1ec9, v\u00e0nh loa \u0111\u01b0\u1ee3c l\u00e0m b\u1eb1ng cao su Butyl t\u1ef1 nhi\u00ean.<\/p>\n<p><img loading=\"lazy\" decoding=\"async\" class=\"alignnone size-full wp-image-1077\" src=\"https:\/\/autothaiduong.vn\/wp-content\/uploads\/2025\/05\/tan-so-phan-ung.jpg\" alt=\"t\u1ea7n s\u1ed1 ph\u1ea3n \u1ee9ng\" width=\"590\" height=\"432\" \/><\/p>\n<p>\u0110i\u1ec1u n\u00e0y l\u00fd gi\u1ea3i v\u00ec sao loa hai chi\u1ec1u ASE 165 S c\u00f3 \u00e2m thanh trung th\u1ef1c, n\u0103ng \u0111\u1ed9ng, \u00e2m b\u1ed5ng ch\u00ednh x\u00e1c v\u00e0 \u00e2m tr\u01b0\u1eddng c\u1ea3i thi\u1ec7n. V\u00f9ng v\u1edbi loa Treble s\u1eed d\u1ee5ng c\u00f4ng ngh\u1ec7 m\u00e1i v\u00f2m ng\u01b0\u1ee3c \u0111\u1ed9c quy\u1ec1n s\u00e1ng ch\u1ebf c\u1ee7a FOCAL t\u1ea1o n\u00ean \u0111\u1ed9 s\u00e2u c\u1ee7a \u00e2m thanh c\u00e1c nh\u1ea1c c\u1ee5.<\/p>\n<h3>2. ASE 165 S c\u00f3 thi\u1ebft k\u1ebf hi\u1ec7n \u0111\u1ea1i sang tr\u1ecdng<\/h3>\n<p>L\u00e0 d\u00f2ng\u00a0<a title=\"loa c\u00e1nh \u00f4 t\u00f4\" href=\"https:\/\/thienphuauto.com\/loa-canh-o-to.html\" target=\"_blank\" rel=\"noopener\">loa c\u00e1nh \u00f4 t\u00f4<\/a>\u00a0cung c\u1ea5p nhi\u1ec1u l\u1ef1a ch\u1ecdn l\u1eafp \u0111\u1eb7t, ASE 165 S li\u00ean k\u1ebft \u0111\u01b0\u1ee3c v\u1edbi c\u00e1c thi\u1ebft b\u1ecb \u0111i\u1ec7n t\u1eed kh\u00e1c ho\u1eb7c tr\u1ef1c ti\u1ebfp v\u1edbi b\u1ed9 khu\u1ebfch \u0111\u1ea1i ban \u0111\u1ea7u c\u1ee7a xe. C\u00e1c loa treble c\u00f3 th\u1ec3 l\u1eafp tr\u1ef1c ti\u1ebfp v\u00e0 c\u1ed9t A ho\u1eb7c c\u00e1c v\u1ecb tr\u00ed ban \u0111\u1ea7u c\u1ee7a xe.<\/p>\n<p><img loading=\"lazy\" decoding=\"async\" class=\"alignnone size-full wp-image-1078\" src=\"https:\/\/autothaiduong.vn\/wp-content\/uploads\/2025\/05\/mo-hop-san-pham.jpg\" alt=\"m\u1edf h\u1ed9p s\u1ea3n ph\u1ea9m\" width=\"859\" height=\"515\" srcset=\"https:\/\/autothaiduong.vn\/wp-content\/uploads\/2025\/05\/mo-hop-san-pham.jpg 859w, https:\/\/autothaiduong.vn\/wp-content\/uploads\/2025\/05\/mo-hop-san-pham-600x360.jpg 600w, https:\/\/autothaiduong.vn\/wp-content\/uploads\/2025\/05\/mo-hop-san-pham-768x460.jpg 768w\" sizes=\"auto, (max-width: 859px) 100vw, 859px\" \/><\/p>\n<p>R\u1ed5 th\u00e9p b\u1ea3o v\u1ec7 m\u00e0ng loa c\u00f3 \u0111\u1eb7c t\u00ednh v\u1eeba c\u1ee9ng v\u00e0 b\u1ec1n, t\u1ea5m l\u01b0\u1edbi c\u1ee7a ASE 165 S \u0111\u01b0\u1ee3c l\u00e0m t\u1eeb ABS v\u00e0 Mesh v\u1eeba \u0111\u1eb9p m\u1eaft m\u00e0 l\u1ea1i ch\u1eafc ch\u1eafn, c\u00f9ng v\u1edbi \u0111\u00f3 l\u1edbp s\u01a1n \u0111en t\u1ea1o ra s\u1ef1 ho\u00e0 h\u1ee3p v\u00e0 li\u1ec1n m\u1ea1ch v\u1edbi kh\u00f4ng gian xe.<\/p>\n<h3>3. ASE 165 S c\u00f3 c\u00f4ng ngh\u1ec7 \u00e2m thanh h\u00e0ng \u0111\u1ea7u<\/h3>\n<p>N\u1eb1m trong seri\u00a0<a title=\"\u00e2m thanh\u00a0FOCAL FLAX EVO\" href=\"https:\/\/thienphuauto.com\/am-thanh-focal-flax-evo.html\" target=\"_blank\" rel=\"noopener\">\u00e2m thanh\u00a0FOCAL FLAX EVO<\/a>\u00a0s\u1edf h\u1eefu c\u00e1c c\u00f4ng ngh\u1ec7 h\u00e0ng n\u1eb1m trong DNA chuy\u00ean bi\u1ec7t c\u1ee7a FOCAL nh\u01b0 loa treble m\u00e1i v\u00f2m ng\u01b0\u1ee3c\u00a0n\u00f3n polypropylene cho \u00e2m thanh trung t\u00ednh v\u00e0 n\u0103ng \u0111\u1ed9ng; butyl bao quanh; s\u1eed d\u1ee5ng nam ch\u00e2m ferit.<\/p>\n<p><img loading=\"lazy\" decoding=\"async\" class=\"alignnone size-full wp-image-1079\" src=\"https:\/\/autothaiduong.vn\/wp-content\/uploads\/2025\/05\/ase-165-s-lap-canh-xe.jpg\" alt=\"ASE-165-S l\u1eafp c\u00e1nh xe\" width=\"659\" height=\"573\" srcset=\"https:\/\/autothaiduong.vn\/wp-content\/uploads\/2025\/05\/ase-165-s-lap-canh-xe.jpg 659w, https:\/\/autothaiduong.vn\/wp-content\/uploads\/2025\/05\/ase-165-s-lap-canh-xe-600x522.jpg 600w\" sizes=\"auto, (max-width: 659px) 100vw, 659px\" \/><\/p>\n<h3>4. Th\u00f4ng s\u1ed1 k\u1ef9 thu\u1eadt c\u1ee7a ASE 165 S FOCAL<\/h3>\n<p>N\u1eb1m trong\u00a0<a title=\"seri AUDITOR\" href=\"https:\/\/thienphuauto.com\/auditor-series.html\" target=\"_blank\" rel=\"noopener\">seri AUDITOR<\/a>\u00a0ch\u1ea5t l\u01b0\u1ee3ng cao do \u0111\u00f3 loa ASE 165 S s\u1edf h\u1eefu nh\u1eefng th\u00f4ng s\u1ed1 v\u01b0\u1ee3t tr\u1ed9i \u0111\u1ec3 t\u1ea1o n\u00ean ch\u1ea5t \u00e2m trung th\u1ef1c \u0111\u1ebfn t\u1eebng nh\u1ea1c c\u1ee5:<\/p>\n<p>&#8211; Loa tr\u1ea7m c\u00f3 k\u00edch th\u01b0\u1edbc: 165mm.<\/p>\n<p>&#8211; Chi\u1ec1u s\u00e2u: 48.5mm.<\/p>\n<p>&#8211; Ch\u1ea5t li\u1ec7u cone loa:\u00a0Polypropylene.<\/p>\n<p>&#8211; C\u00f4ng su\u1ea5t hi\u1ec7u d\u1ee5ng:\u00a055W RMS.<\/p>\n<p>&#8211; C\u00f4ng su\u1ea5t max: 110W.<\/p>\n<p>&#8211;\u00a0\u0110\u1ed9 nh\u1ea1y theo ti\u00eau chu\u1ea9n 2.83V\/1m: 91dB.<\/p>\n<p>&#8211; T\u1ea7n s\u1ed1 \u0111\u00e1p \u1ee9ng:\u00a060Hz &#8211; 21kHz.<\/p>\n<p>&#8211; Tr\u1edf kh\u00e1ng:\u00a04 \u03a9.<\/p>\n<p>&#8211; Th\u00f4ng s\u1ed1 cu\u1ed9n d\u00e2y \u00e2m thanh: 25mm.<\/p>\n<p>&#8211; Lo\u1ea1i nam ch\u00e2m:\u00a0Ferrite.<\/p>\n<p>&#8211; Vi\u1ec1n v\u00e0 g\u00e2n loa:\u00a0Butyl.<\/p>\n<p>&#8211; Loa treble: v\u00f2m ng\u01b0\u1ee3c.<\/p>\n<p>&#8211; Ph\u00e2n t\u1ea7n:\u00a0Crossover box.<\/p>\n<h3>5. Ch\u1ebf \u0111\u1ed9 b\u1ea3o h\u00e0nh v\u00e0 cam k\u1ebft l\u1eafp \u0111\u1eb7t ch\u00ednh h\u00e3ng<\/h3>\n<p>N\u00e2ng c\u1ea5p\u00a0<a title=\"\u00e2m thanh \u00f4 t\u00f4\" href=\"https:\/\/thienphuauto.com\/do-loa-o-to-am-thanh-xe-hoi.html\" target=\"_blank\" rel=\"noopener\">\u00e2m thanh \u00f4 t\u00f4<\/a> ch\u1ea5t l\u01b0\u1ee3ng v\u1edbi Focal ASE 165 S qu\u00fd kh\u00e1ch h\u00e0ng \u0111\u01b0\u1ee3c b\u1ea3o h\u00e0nh 2 n\u0103m tr\u00ean to\u00e0n qu\u1ed1c. B\u00ean c\u1ea1nh \u0111\u00f3 khi l\u1eafp \u0111\u1eb7t t\u1ea1i Auto Th\u00e1i D\u01b0\u01a1ng ch\u00fang t\u00f4i cam k\u1ebft:<\/p>\n<p>&#8211; S\u1ea3n ph\u1ea9m 100% ch\u00ednh h\u00e3ng Ph\u00e1p.<\/p>\n<p>&#8211; T\u01b0 v\u1ea5n chuy\u00ean s\u00e2u v\u1ec1 h\u1ec7 th\u1ed1ng loa tr\u00ean \u00f4 t\u00f4 cho kh\u00e1ch h\u00e0ng.<\/p>\n<p><img loading=\"lazy\" decoding=\"async\" class=\"alignnone size-full wp-image-1080\" src=\"https:\/\/autothaiduong.vn\/wp-content\/uploads\/2025\/05\/ase-165-s-khuyen-mai.jpg\" alt=\"ASE-165-S khuy\u1ebfn m\u1ea1i\" width=\"633\" height=\"596\" srcset=\"https:\/\/autothaiduong.vn\/wp-content\/uploads\/2025\/05\/ase-165-s-khuyen-mai.jpg 633w, https:\/\/autothaiduong.vn\/wp-content\/uploads\/2025\/05\/ase-165-s-khuyen-mai-600x565.jpg 600w\" sizes=\"auto, (max-width: 633px) 100vw, 633px\" \/><\/p>\n<p>&#8211; Thi c\u00f4ng l\u1eafp \u0111\u1eb7t \u0111\u1ea3m b\u1ea3o t\u00ednh k\u1ef9 thu\u1eadt v\u00e0 th\u1ea9m m\u1ef9 cao.<\/p>\n<p>&#8211; T\u01b0 v\u1ea5n h\u1eadu m\u00e3i trong su\u1ea5t qu\u00e1 tr\u00ecnh s\u1eed d\u1ee5ng.<\/p>\n<p>B\u00ean c\u1ea1nh \u0111\u00f3 khi l\u1eafp \u0111\u1eb7t h\u1ec7 th\u1ed1ng loa tr\u01b0\u1edbc v\u00e0 loa sau c\u1ee7a FOCAL qu\u00fd kh\u00e1ch h\u00e0ng s\u1ebd \u0111\u01b0\u1ee3c h\u01b0\u1edfng nhi\u1ec1u uu \u0111\u00e3i nh\u01b0 mi\u1ec5n ph\u00ed h\u1ec7 th\u1ed1ng c\u00e1ch \u00e2m 4 c\u1ee7a v\u00e0 gi\u1ea3m gi\u00e1 th\u00e0nh c\u1ee7a s\u1ea3n ph\u1ea9m. M\u1ecdi chi ti\u1ebft vui l\u00f2ng li\u00ean h\u1ec7 0913.538.555 \u0111\u1ec3 \u0111\u01b0\u1ee3c t\u01b0 v\u1ea5n !<\/p>\n<\/div>\n","protected":false},"excerpt":{"rendered":"<p>&#8211; Loa tr\u1ea7m c\u00f3 k\u00edch th\u01b0\u1edbc: 165mm.<\/p>\n<p>&#8211; Chi\u1ec1u s\u00e2u: 48.5mm.<\/p>\n<p>&#8211; Ch\u1ea5t li\u1ec7u cone loa:\u00a0Polypropylene.<\/p>\n<p>&#8211; C\u00f4ng su\u1ea5t hi\u1ec7u d\u1ee5ng:\u00a055W RMS.<\/p>\n<p>&#8211; C\u00f4ng su\u1ea5t max: 110W.<\/p>\n<p>&#8211;\u00a0\u0110\u1ed9 nh\u1ea1y theo ti\u00eau chu\u1ea9n 2.83V\/1m: 91dB.<\/p>\n<p>&#8211; T\u1ea7n s\u1ed1 \u0111\u00e1p \u1ee9ng:\u00a060Hz &#8211; 21kHz.<\/p>\n<p>&#8211; Tr\u1edf kh\u00e1ng:\u00a04 \u03a9.<\/p>\n<p>&#8211; Th\u00f4ng s\u1ed1 cu\u1ed9n d\u00e2y \u00e2m thanh: 25mm.<\/p>\n<p>&#8211; Lo\u1ea1i nam ch\u00e2m:\u00a0Ferrite.<\/p>\n<p>&#8211; Vi\u1ec1n v\u00e0 g\u00e2n loa:\u00a0Butyl.<\/p>\n<p>&#8211; Loa treble: v\u00f2m ng\u01b0\u1ee3c.<\/p>\n<p>&#8211; Ph\u00e2n t\u1ea7n:\u00a0Crossover box.<\/p>\n","protected":false},"featured_media":1075,"comment_status":"open","ping_status":"closed","template":"","meta":[],"product_brand":[120],"product_cat":[19,100],"product_tag":[],"class_list":{"0":"post-1074","1":"product","2":"type-product","3":"status-publish","4":"has-post-thumbnail","6":"product_brand-focal","7":"product_cat-am-thanh","8":"product_cat-loa-2-duong-tieng","10":"first","11":"instock","12":"shipping-taxable","13":"purchasable","14":"product-type-simple"},"_links":{"self":[{"href":"https:\/\/autothaiduong.vn\/index.php?rest_route=\/wp\/v2\/product\/1074","targetHints":{"allow":["GET"]}}],"collection":[{"href":"https:\/\/autothaiduong.vn\/index.php?rest_route=\/wp\/v2\/product"}],"about":[{"href":"https:\/\/autothaiduong.vn\/index.php?rest_route=\/wp\/v2\/types\/product"}],"replies":[{"embeddable":true,"href":"https:\/\/autothaiduong.vn\/index.php?rest_route=%2Fwp%2Fv2%2Fcomments&post=1074"}],"wp:featuredmedia":[{"embeddable":true,"href":"https:\/\/autothaiduong.vn\/index.php?rest_route=\/wp\/v2\/media\/1075"}],"wp:attachment":[{"href":"https:\/\/autothaiduong.vn\/index.php?rest_route=%2Fwp%2Fv2%2Fmedia&parent=1074"}],"wp:term":[{"taxonomy":"product_brand","embeddable":true,"href":"https:\/\/autothaiduong.vn\/index.php?rest_route=%2Fwp%2Fv2%2Fproduct_brand&post=1074"},{"taxonomy":"product_cat","embeddable":true,"href":"https:\/\/autothaiduong.vn\/index.php?rest_route=%2Fwp%2Fv2%2Fproduct_cat&post=1074"},{"taxonomy":"product_tag","embeddable":true,"href":"https:\/\/autothaiduong.vn\/index.php?rest_route=%2Fwp%2Fv2%2Fproduct_tag&post=1074"}],"curies":[{"name":"wp","href":"https:\/\/api.w.org\/{rel}","templated":true}]}}