{"id":1081,"date":"2025-05-11T16:10:06","date_gmt":"2025-05-11T16:10:06","guid":{"rendered":"https:\/\/autothaiduong.vn\/?post_type=product&#038;p=1081"},"modified":"2025-05-11T16:10:28","modified_gmt":"2025-05-11T16:10:28","slug":"focal-ic-ford-165-lap-xe-ranger-everest","status":"publish","type":"product","link":"https:\/\/autothaiduong.vn\/?product=focal-ic-ford-165-lap-xe-ranger-everest","title":{"rendered":"Focal IC FORD 165 l\u1eafp xe Ranger &#8211; Everest"},"content":{"rendered":"<p style=\"text-align: center;\"><img loading=\"lazy\" decoding=\"async\" class=\" wp-image-1044 aligncenter\" src=\"https:\/\/autothaiduong.vn\/wp-content\/uploads\/2025\/05\/z6584734442481_f208f5944548cb4b46353402ce2e64e0.jpg\" alt=\"\" width=\"286\" height=\"253\" \/><span style=\"font-size: 150%;\"><strong><span style=\"color: #ff0000;\">273-275 Tr\u1ea7n Ph\u00fa Ph\u01b0\u1eddng L\u1ed9c S\u01a1n Th\u00e0nh Ph\u1ed1 B\u1ea3o L\u1ed9c T\u1ec9nh L\u00e2m \u0110\u1ed3ng <\/span><\/strong><\/span><\/p>\n<p style=\"text-align: center;\"><span style=\"font-size: 150%;\"><strong><span style=\"color: #ff0000;\">Hotline: 0912197441<\/span><\/strong><\/span><\/p>\n<p><strong><a title=\"IC FORD 165\" href=\"https:\/\/thienphuauto.com\/focal-ic-ford-165-lap-xe-ranger-everest.html\" target=\"_blank\" rel=\"noopener\">IC FORD 165<\/a><\/strong>\u00a0l\u00e0 gi\u1ea3i ph\u00e1p n\u00e2ng c\u1ea5p \u00e2m thanh cho xe\u00a0Ranger v\u00e0 Everest d\u1ec5 d\u00e0ng, ti\u1ebft ki\u1ec7m kh\u00f4ng gian, v\u1edbi ch\u1ea5t l\u01b0\u1ee3ng \u00e2m thanh t\u1ed1t nh\u1edd c\u00f4ng ngh\u1ec7 \u0111\u1ed9c quy\u1ec1n c\u1ee7a Focal.<\/p>\n<p><img loading=\"lazy\" decoding=\"async\" class=\"alignnone size-full wp-image-1083\" src=\"https:\/\/autothaiduong.vn\/wp-content\/uploads\/2025\/05\/focal-ic-ford-165-lap-xe-ranger-everest-4.jpg\" alt=\"\" width=\"852\" height=\"499\" srcset=\"https:\/\/autothaiduong.vn\/wp-content\/uploads\/2025\/05\/focal-ic-ford-165-lap-xe-ranger-everest-4.jpg 852w, https:\/\/autothaiduong.vn\/wp-content\/uploads\/2025\/05\/focal-ic-ford-165-lap-xe-ranger-everest-4-600x351.jpg 600w, https:\/\/autothaiduong.vn\/wp-content\/uploads\/2025\/05\/focal-ic-ford-165-lap-xe-ranger-everest-4-768x450.jpg 768w\" sizes=\"auto, (max-width: 852px) 100vw, 852px\" \/><\/p>\n<h3>1. T\u1ea1i sao n\u00ean ch\u1ecdn FOCAL IC FORD 165 cho xe\u00a0Ranger v\u00e0 Everest ?<\/h3>\n<p>N\u1eb1m trong\u00a0<a title=\"series FOCAL INSIDE\" href=\"https:\/\/thienphuauto.com\/am-thanh-focal-inside.html\" target=\"_blank\" rel=\"noopener\">series FOCAL INSIDE<\/a>\u00a0th\u00ec \u0111\u00e2y l\u00e0 phi\u00ean b\u1ea3n kh\u00e1c m\u00e0 Focal d\u00e0nh cho d\u00f2ng xe\u00a0Ranger v\u00e0 Everest v\u1edbi nh\u1eefng \u01b0u \u0111i\u1ec3m v\u01b0\u1ee3t tr\u1ed9i so v\u1edbi c\u00e1c s\u1ea3n ph\u1ea9m kh\u00e1c tr\u00ean th\u1ecb tr\u01b0\u1eddng.<\/p>\n<p>&#8211; C\u1ea5u tr\u00fac \u0111\u1ed3ng tr\u1ee5c t\u00edch h\u1ee3p 2 loa tr\u1ea7m v\u00e0 1 loa tweeter trong c\u00f9ng m\u1ed9t loa, ti\u1ebft ki\u1ec7m kh\u00f4ng gian l\u1eafp \u0111\u1eb7t.<\/p>\n<p><img loading=\"lazy\" decoding=\"async\" class=\"alignnone size-full wp-image-1084\" src=\"https:\/\/autothaiduong.vn\/wp-content\/uploads\/2025\/05\/focal-ic-ford-165-lap-xe-ranger-everest-5.jpg\" alt=\"\" width=\"814\" height=\"474\" srcset=\"https:\/\/autothaiduong.vn\/wp-content\/uploads\/2025\/05\/focal-ic-ford-165-lap-xe-ranger-everest-5.jpg 814w, https:\/\/autothaiduong.vn\/wp-content\/uploads\/2025\/05\/focal-ic-ford-165-lap-xe-ranger-everest-5-600x349.jpg 600w, https:\/\/autothaiduong.vn\/wp-content\/uploads\/2025\/05\/focal-ic-ford-165-lap-xe-ranger-everest-5-768x447.jpg 768w\" sizes=\"auto, (max-width: 814px) 100vw, 814px\" \/><\/p>\n<p>&#8211; C\u00f4ng ngh\u1ec7 m\u00e0ng loa Polyglass cho \u00e2m trung v\u00e0 tr\u1ea7m r\u00f5 r\u00e0ng, m\u1ea1nh m\u1ebd, h\u1ea1n ch\u1ebf m\u00e9o ti\u1ebfng.<\/p>\n<p>&#8211; Loa tweeter v\u00f2m ng\u01b0\u1ee3c b\u1eb1ng nh\u00f4m t\u00e1i t\u1ea1o \u00e2m treble chi ti\u1ebft, m\u01b0\u1ee3t m\u00e0.<\/p>\n<p><img loading=\"lazy\" decoding=\"async\" class=\"alignnone size-full wp-image-1085\" src=\"https:\/\/autothaiduong.vn\/wp-content\/uploads\/2025\/05\/focal-ic-ford-165-lap-xe-ranger-everest-6.jpg\" alt=\"\" width=\"1169\" height=\"826\" srcset=\"https:\/\/autothaiduong.vn\/wp-content\/uploads\/2025\/05\/focal-ic-ford-165-lap-xe-ranger-everest-6.jpg 1169w, https:\/\/autothaiduong.vn\/wp-content\/uploads\/2025\/05\/focal-ic-ford-165-lap-xe-ranger-everest-6-600x424.jpg 600w, https:\/\/autothaiduong.vn\/wp-content\/uploads\/2025\/05\/focal-ic-ford-165-lap-xe-ranger-everest-6-1024x724.jpg 1024w, https:\/\/autothaiduong.vn\/wp-content\/uploads\/2025\/05\/focal-ic-ford-165-lap-xe-ranger-everest-6-768x543.jpg 768w\" sizes=\"auto, (max-width: 1169px) 100vw, 1169px\" \/><\/p>\n<p>&#8211; L\u1eafp \u0111\u1eb7t d\u1ec5 d\u00e0ng, kh\u00f4ng c\u1ea7n c\u1eaft d\u00e2y hay ch\u1ec9nh s\u1eeda xe (plug-and-play).<\/p>\n<p>&#8211; T\u01b0\u01a1ng th\u00edch v\u1edbi c\u00e1c v\u1ecb tr\u00ed l\u1eafp \u0111\u1eb7t loa nguy\u00ean b\u1ea3n tr\u00ean xe Ranger v\u00e0 Everest.<\/p>\n<p>S\u1ef1 kh\u00e1c bi\u1ec7t v\u1edbi\u00a0<a title=\"IS FORD 165\" href=\"https:\/\/thienphuauto.com\/focal-is-ford-165-lap-xe-ford-ranger-everest.html\" target=\"_blank\" rel=\"noopener\">IS FORD 165<\/a>\u00a0\u0111\u00f2i h\u1ecfi s\u1ef1 l\u1eafp \u0111\u1eb7t ri\u00eang cho t\u1eebng loa c\u00f2n IC FORD 165 l\u00e0 loa th\u00e0nh ph\u1ea7n ti\u1ebft ki\u1ec7m kh\u00f4ng gian v\u00e0 gi\u00e1 th\u00e0nh.<\/p>\n<p><img loading=\"lazy\" decoding=\"async\" class=\"alignnone size-full wp-image-1086\" src=\"https:\/\/autothaiduong.vn\/wp-content\/uploads\/2025\/05\/focal-ic-ford-165-lap-xe-ranger-everest-7.jpg\" alt=\"\" width=\"758\" height=\"403\" srcset=\"https:\/\/autothaiduong.vn\/wp-content\/uploads\/2025\/05\/focal-ic-ford-165-lap-xe-ranger-everest-7.jpg 758w, https:\/\/autothaiduong.vn\/wp-content\/uploads\/2025\/05\/focal-ic-ford-165-lap-xe-ranger-everest-7-600x319.jpg 600w\" sizes=\"auto, (max-width: 758px) 100vw, 758px\" \/><\/p>\n<h3>2. Kh\u1ea3 n\u0103ng t\u00e1i t\u1ea1o \u00e2m thanh \u0111\u1eb7c bi\u1ec7t c\u1ee7a IC FORD 165 FOCAL<\/h3>\n<p>Kh\u00f4ng ch\u1ec9 s\u1edf h\u1eefu \u01b0u \u0111i\u1ec3m l\u00e0 kh\u1ea3 n\u0103ng l\u1eafp \u0111\u1eb7t \u1ea9n, ( thay \u0111\u00fang v\u1ecb tr\u00ed lao zin) m\u00e0 \u0111\u00e2y c\u00f2n l\u00e0\u00a0<a title=\"loa c\u00e1nh \u00f4 t\u00f4\" href=\"https:\/\/thienphuauto.com\/loa-canh-o-to.html\" target=\"_blank\" rel=\"noopener\">loa c\u00e1nh \u00f4 t\u00f4<\/a>\u00a0mang l\u1ea1i \u00e2m trung v\u00e0 \u00e2m tr\u1ea7m s\u00e2u, s\u1eafc n\u00e9t. Kh\u00f4ng nh\u1eefng th\u1ebf loa\u00a0tweeter v\u00f2m ng\u01b0\u1ee3c b\u1eb1ng nh\u00f4m t\u00e1i t\u1ea1o \u00e2m treble ho\u00e0n h\u1ea3o. Kh\u00f4ng nh\u1eefng th\u1ebf \u00e2m trung c\u1ea3m nh\u1eadn tr\u00ean loa\u00a0IC FORD 165 \u0111\u01b0\u1ee3c nhi\u1ec1u kh\u00e1ch h\u00e0ng \u0111\u00e1nh gi\u00e1 l\u00e0 m\u1ea1nh m\u1ebd, kh\u00f4ng b\u1ecb m\u00e9o ti\u1ebfng.<\/p>\n<p><img loading=\"lazy\" decoding=\"async\" class=\"alignnone size-full wp-image-1087\" src=\"https:\/\/autothaiduong.vn\/wp-content\/uploads\/2025\/05\/focal-ic-ford-165-lap-xe-ranger-everest-8.jpg\" alt=\"\" width=\"717\" height=\"800\" srcset=\"https:\/\/autothaiduong.vn\/wp-content\/uploads\/2025\/05\/focal-ic-ford-165-lap-xe-ranger-everest-8.jpg 717w, https:\/\/autothaiduong.vn\/wp-content\/uploads\/2025\/05\/focal-ic-ford-165-lap-xe-ranger-everest-8-538x600.jpg 538w, https:\/\/autothaiduong.vn\/wp-content\/uploads\/2025\/05\/focal-ic-ford-165-lap-xe-ranger-everest-8-600x669.jpg 600w\" sizes=\"auto, (max-width: 717px) 100vw, 717px\" \/><\/p>\n<p>N\u00e2ng c\u1ea5p h\u1ec7 th\u1ed1ng \u00e2m thanh nguy\u00ean b\u1ea3n c\u1ee7a xe: C\u1ea3i thi\u1ec7n \u0111\u00e1ng k\u1ec3 ch\u1ea5t l\u01b0\u1ee3ng \u00e2m thanh, mang \u0111\u1ebfn tr\u1ea3i nghi\u1ec7m nghe nh\u1ea1c, xem phim hay gi\u1ea3i tr\u00ed \u0111a ph\u01b0\u01a1ng ti\u1ec7n tuy\u1ec7t v\u1eddi h\u01a1n.<\/p>\n<p>Ph\u00f9 h\u1ee3p v\u1edbi nhi\u1ec1u th\u1ec3 lo\u1ea1i nh\u1ea1c: Th\u01b0\u1edfng th\u1ee9c tr\u1ecdn v\u1eb9n m\u1ecdi giai \u0111i\u1ec7u, t\u1eeb \u00e2m thanh s\u00f4i \u0111\u1ed9ng \u0111\u1ebfn nh\u1eefng b\u1ea3n nh\u1ea1c nh\u1eb9 nh\u00e0ng, s\u00e2u l\u1eafng.<\/p>\n<p>M\u1ecdi th\u00f4ng tin chi ti\u1ebft v\u1ec1 c\u1ea5u h\u00ecnh loa qu\u00fd kh\u00e1ch vui l\u00f2ng li\u00ean h\u1ec7 s\u1ed1 \u0111i\u1ec7n tho\u1ea1i hotline ho\u1eb7c \u0111\u1ec3 l\u1ea1i comment \u0111\u1ec3 \u0111\u01b0\u1ee3c t\u01b0 v\u1ea5n !<\/p>\n","protected":false},"excerpt":{"rendered":"<h3 class=\"title\">Th\u00f4ng s\u1ed1 k\u1ef9 thu\u1eadt<\/h3>\n<div class=\"content\">\n<table width=\"344\">\n<tbody>\n<tr>\n<td>C\u00f4ng su\u1ea5t RMS<\/td>\n<td>60W<\/td>\n<\/tr>\n<tr>\n<td>C\u00f4ng su\u1ea5t max<\/td>\n<td>120W<\/td>\n<\/tr>\n<tr>\n<td>\u0110\u1ed9 nh\u1ea1y<\/td>\n<td>92.5dB<\/td>\n<\/tr>\n<tr>\n<td>Tr\u1edf kh\u00e1ng<\/td>\n<td>4\u2126<\/td>\n<\/tr>\n<tr>\n<td>M\u00e0ng loa<\/td>\n<td>Black Polyglass<\/td>\n<\/tr>\n<tr>\n<td>G\u00e2n loa<\/td>\n<td>Butyl<\/td>\n<\/tr>\n<tr>\n<td>DC resistance<\/td>\n<td>3.5\u2126<\/td>\n<\/tr>\n<tr>\n<td>VC diameter<\/td>\n<td>25mm<\/td>\n<\/tr>\n<tr>\n<td>Former<\/td>\n<td>Kapton<\/td>\n<\/tr>\n<tr>\n<td>Wire<\/td>\n<td>Copper<\/td>\n<\/tr>\n<tr>\n<td>Tr\u1ecdng l\u01b0\u1ee3ng<\/td>\n<td>900g<\/td>\n<\/tr>\n<tr>\n<td>Xu\u1ea5t x\u1ee9<\/td>\n<td>Ph\u00e1p<\/td>\n<\/tr>\n<\/tbody>\n<\/table>\n<\/div>\n","protected":false},"featured_media":1082,"comment_status":"open","ping_status":"closed","template":"","meta":[],"product_brand":[120],"product_cat":[19,21,101],"product_tag":[],"class_list":{"0":"post-1081","1":"product","2":"type-product","3":"status-publish","4":"has-post-thumbnail","6":"product_brand-focal","7":"product_cat-am-thanh","8":"product_cat-do-choi-ban-tai","9":"product_cat-loa-dong-truc","11":"first","12":"instock","13":"shipping-taxable","14":"purchasable","15":"product-type-simple"},"_links":{"self":[{"href":"https:\/\/autothaiduong.vn\/index.php?rest_route=\/wp\/v2\/product\/1081","targetHints":{"allow":["GET"]}}],"collection":[{"href":"https:\/\/autothaiduong.vn\/index.php?rest_route=\/wp\/v2\/product"}],"about":[{"href":"https:\/\/autothaiduong.vn\/index.php?rest_route=\/wp\/v2\/types\/product"}],"replies":[{"embeddable":true,"href":"https:\/\/autothaiduong.vn\/index.php?rest_route=%2Fwp%2Fv2%2Fcomments&post=1081"}],"wp:featuredmedia":[{"embeddable":true,"href":"https:\/\/autothaiduong.vn\/index.php?rest_route=\/wp\/v2\/media\/1082"}],"wp:attachment":[{"href":"https:\/\/autothaiduong.vn\/index.php?rest_route=%2Fwp%2Fv2%2Fmedia&parent=1081"}],"wp:term":[{"taxonomy":"product_brand","embeddable":true,"href":"https:\/\/autothaiduong.vn\/index.php?rest_route=%2Fwp%2Fv2%2Fproduct_brand&post=1081"},{"taxonomy":"product_cat","embeddable":true,"href":"https:\/\/autothaiduong.vn\/index.php?rest_route=%2Fwp%2Fv2%2Fproduct_cat&post=1081"},{"taxonomy":"product_tag","embeddable":true,"href":"https:\/\/autothaiduong.vn\/index.php?rest_route=%2Fwp%2Fv2%2Fproduct_tag&post=1081"}],"curies":[{"name":"wp","href":"https:\/\/api.w.org\/{rel}","templated":true}]}}