{"id":1088,"date":"2025-05-11T16:15:10","date_gmt":"2025-05-11T16:15:10","guid":{"rendered":"https:\/\/autothaiduong.vn\/?post_type=product&#038;p=1088"},"modified":"2025-05-11T16:15:18","modified_gmt":"2025-05-11T16:15:18","slug":"focal-is-ford-690-lap-xe-ranger-everest","status":"publish","type":"product","link":"https:\/\/autothaiduong.vn\/?product=focal-is-ford-690-lap-xe-ranger-everest","title":{"rendered":"Focal IS FORD 690 l\u1eafp xe Ranger &#8211; Everest"},"content":{"rendered":"<p><img loading=\"lazy\" decoding=\"async\" class=\" wp-image-1044 aligncenter\" src=\"https:\/\/autothaiduong.vn\/wp-content\/uploads\/2025\/05\/z6584734442481_f208f5944548cb4b46353402ce2e64e0.jpg\" alt=\"\" width=\"279\" height=\"247\" \/><\/p>\n<p style=\"text-align: center;\"><span style=\"font-size: 150%;\"><strong><span style=\"color: #ff0000;\">273-275 Tr\u1ea7n Ph\u00fa Ph\u01b0\u1eddng L\u1ed9c S\u01a1n Th\u00e0nh Ph\u1ed1 B\u1ea3o L\u1ed9c T\u1ec9nh L\u00e2m \u0110\u1ed3ng<\/span><\/strong><\/span><\/p>\n<p style=\"text-align: center;\"><span style=\"font-size: 150%;\"><strong><span style=\"color: #ff0000;\"> Hotline: 0912197441<\/span><\/strong><\/span><\/p>\n<p><strong><a title=\"FOCAL IS FORD 690\" href=\"https:\/\/thienphuauto.com\/focal-is-ford-690-lap-xe-ranger-everest.html\" target=\"_blank\" rel=\"noopener\">FOCAL IS FORD 690<\/a><\/strong>\u00a0l\u00e0 b\u1ed9 loa \u0111\u01b0\u1ee3c thi\u1ebft k\u1ebf d\u00e0nh ri\u00eang cho d\u00f2ng xe Ford th\u01b0\u1eddng \u0111\u01b0\u1ee3c c\u00e1c ch\u1ee7 xe n\u00e2ng c\u1ea5p \u00e2m thanh c\u1eeda tr\u01b0\u1edbc \u0111\u1ec3 \u0111em l\u1ea1i tr\u1ea3i nghi\u1ec7m Hi-fi ch\u1ea5t l\u01b0\u1ee3ng cao.<\/p>\n<p><img loading=\"lazy\" decoding=\"async\" class=\"alignnone size-full wp-image-1090\" src=\"https:\/\/autothaiduong.vn\/wp-content\/uploads\/2025\/05\/focal-is-ford-690-lap-xe-ranger-everest-5.jpg\" width=\"1004\" height=\"541\" alt=\"\" srcset=\"https:\/\/autothaiduong.vn\/wp-content\/uploads\/2025\/05\/focal-is-ford-690-lap-xe-ranger-everest-5.jpg 1004w, https:\/\/autothaiduong.vn\/wp-content\/uploads\/2025\/05\/focal-is-ford-690-lap-xe-ranger-everest-5-600x323.jpg 600w, https:\/\/autothaiduong.vn\/wp-content\/uploads\/2025\/05\/focal-is-ford-690-lap-xe-ranger-everest-5-768x414.jpg 768w\" sizes=\"auto, (max-width: 1004px) 100vw, 1004px\" \/><\/p>\n<h3>1. V\u00ec sao n\u00ean ch\u1ecdn loa c\u1eeda tr\u01b0\u1edbc xe Ford v\u1edbi IS FORD 690 c\u1ee7a Focal?<\/h3>\n<p>N\u1eb1m trong\u00a0<a title=\"Series Focal Inside\" href=\"https:\/\/thienphuauto.com\/am-thanh-focal-inside.html\" target=\"_blank\" rel=\"noopener\">Series Focal Inside<\/a>\u00a0v\u1edbi c\u00e1c ph\u00e2n kh\u00fac loa \u0111\u01b0\u1ee3c thi\u1ebft k\u1ebf ri\u00eang bi\u1ec7t cho nhi\u1ec1u d\u00f2ng xe, th\u00ec v\u1edbi IS FORD 690 \u0111\u01b0\u1ee3c nhi\u1ec1u b\u00e1c ch\u1ee7 xe ch\u1ecdn l\u1ef1a do s\u1edf h\u1eefu nh\u1eefng \u0111\u1eb7c \u0111i\u1ec3m nh\u01b0:<\/p>\n<p>&#8211; \u0110em \u0111\u1ebfn \u00e2m thanh trung th\u1ef1c, c\u00e2n b\u1eb1ng t\u00e1i t\u1ea1o \u00e2m ch\u00ednh x\u00e1c so v\u1edbi b\u1ea3n g\u1ed1c m\u00e0 kh\u00f4ng b\u1ecb &#8221; t\u00f4 m\u00e0u&#8221; hay m\u00e9o ti\u1ebfng.<\/p>\n<p><img loading=\"lazy\" decoding=\"async\" class=\"alignnone size-full wp-image-1091\" src=\"https:\/\/autothaiduong.vn\/wp-content\/uploads\/2025\/05\/focal-is-ford-690-lap-xe-ranger-everest-6.jpg\" width=\"871\" height=\"557\" alt=\"\" srcset=\"https:\/\/autothaiduong.vn\/wp-content\/uploads\/2025\/05\/focal-is-ford-690-lap-xe-ranger-everest-6.jpg 871w, https:\/\/autothaiduong.vn\/wp-content\/uploads\/2025\/05\/focal-is-ford-690-lap-xe-ranger-everest-6-600x384.jpg 600w, https:\/\/autothaiduong.vn\/wp-content\/uploads\/2025\/05\/focal-is-ford-690-lap-xe-ranger-everest-6-768x491.jpg 768w\" sizes=\"auto, (max-width: 871px) 100vw, 871px\" \/><\/p>\n<p>&#8211; Loa c\u00f3 kh\u1ea3 n\u0103ng t\u00e1i t\u1ea1o trong m\u1ed9t d\u1ea3i t\u1ea7n r\u1ed9ng t\u1eeb 50Hz \u0111\u1ebfn 20kHz b\u1eaft \u0111\u01b0\u1ee3c m\u1ecdi \u00e2m thanh tr\u1ea7m b\u1ed5ng cho tr\u1ea3i nghi\u1ec7m chan th\u1ef1c v\u00e0 s\u1ed1ng \u0111\u1ed9ng.<\/p>\n<p>&#8211; Nh\u1edd c\u00f3 c\u00f4ng ngh\u1ec7 PolyGlass \u0111\u1ed9c quy\u1ec1n c\u1ee7a Focal , loa tr\u1ea7m 150mm t\u1eeb \u0111\u00f3 \u00e2m ph\u00e1t ra t\u1eeb IS FORD 690 c\u00f3 bas m\u1ea1nh m\u1ebd, uy l\u1ef1c, ph\u00f9 h\u1ee3p v\u1edbi c\u00e1c th\u1ec3 lo\u1ea1i nh\u1ea1c s\u00f4i \u0111\u1ed9ng hay EDM.<\/p>\n<p><img loading=\"lazy\" decoding=\"async\" class=\"alignnone size-full wp-image-1092\" src=\"https:\/\/autothaiduong.vn\/wp-content\/uploads\/2025\/05\/focal-is-ford-690-lap-xe-ranger-everest-7.jpg\" width=\"923\" height=\"381\" alt=\"\" srcset=\"https:\/\/autothaiduong.vn\/wp-content\/uploads\/2025\/05\/focal-is-ford-690-lap-xe-ranger-everest-7.jpg 923w, https:\/\/autothaiduong.vn\/wp-content\/uploads\/2025\/05\/focal-is-ford-690-lap-xe-ranger-everest-7-600x248.jpg 600w, https:\/\/autothaiduong.vn\/wp-content\/uploads\/2025\/05\/focal-is-ford-690-lap-xe-ranger-everest-7-768x317.jpg 768w\" sizes=\"auto, (max-width: 923px) 100vw, 923px\" \/><\/p>\n<p>&#8211; Loa tweeter l\u00e0m b\u1eb1ng nh\u00f4m cao c\u1ea5p v\u1edbi thi\u1ebft k\u1ebf v\u00f2m ng\u01b0\u1ee3c t\u1eeb \u0111\u00f3 c\u00f3 \u00e2m treble trong tr\u1ebbo, chi ti\u1ebft, r\u00f5 r\u00e0ng, m\u01b0\u1ee3t m\u00e0 nh\u01b0ng kh\u00f4ng b\u1ecb ch\u00f3i tai.<\/p>\n<p>&#8211; C\u00f4ng su\u1ea5t m\u1ea1nh m\u1ebd v\u1edbi 75W RMS v\u00e0 150 W max \u0111\u1ee7 s\u1ee9c l\u00e0m b\u1ea1n &#8221; th\u01b0 gi\u00e3n&#8221; trong kh\u00f4ng gian xe.<\/p>\n<p><img loading=\"lazy\" decoding=\"async\" class=\"alignnone size-full wp-image-1093\" src=\"https:\/\/autothaiduong.vn\/wp-content\/uploads\/2025\/05\/focal-is-ford-690-lap-xe-ranger-everest-8.jpg\" width=\"451\" height=\"599\" alt=\"\" \/><\/p>\n<p>&#8211; \u0110\u1ed9 nh\u1ea1y 92.3dB gi\u00fap loa c\u00f3 th\u1ec3 ph\u1ed1i gh\u00e9p ampli kh\u00e1c nhau mang \u0111\u1ebfn hi\u1ec7u qu\u1ea3 \u00e2m thanh t\u1ed1i \u01b0u.<\/p>\n<p>&#8211; Tr\u1edf kh\u00e1ng 4 ohms ph\u00f9 h\u1ee3p h\u1ea7u h\u1ebft v\u1edbi c\u00e1c\u00a0<a title=\"h\u1ec7 th\u1ed1ng \u00e2m thanh xe h\u01a1i\" href=\"https:\/\/thienphuauto.com\/do-loa-o-to-am-thanh-xe-hoi.html\" target=\"_blank\" rel=\"noopener\">h\u1ec7 th\u1ed1ng \u00e2m thanh xe h\u01a1i<\/a>\u00a0hi\u1ec7n nay.<\/p>\n<p>&#8211; D\u1ec5 d\u00e0ng l\u1eafp \u0111\u1eb7t v\u00ec thi\u1ebft k\u1ebf ri\u00eang cho d\u00f2ng xe Ford.<\/p>\n<p><img loading=\"lazy\" decoding=\"async\" class=\"alignnone size-full wp-image-1094\" src=\"https:\/\/autothaiduong.vn\/wp-content\/uploads\/2025\/05\/focal-is-ford-690-lap-xe-ranger-everest-9.jpg\" width=\"454\" height=\"516\" alt=\"\" \/><\/p>\n<p>&#8211; Ph\u00f9 h\u1ee3p v\u1edbi nhi\u1ec1u c\u1eeda xe do \u0111\u1ed9 n\u00f4ng l\u1eafp \u0111\u1eb7t ch\u1ec9 41mm.<\/p>\n<p>&#8211; V\u1edbi IS FORD 690 s\u1ebd l\u00e0m trang ho\u00e0ng trong khoang n\u1ed9i th\u1ea5t xe c\u1ee7a b\u1ea1n.<\/p>\n<p><img loading=\"lazy\" decoding=\"async\" class=\"alignnone size-full wp-image-1095\" src=\"https:\/\/autothaiduong.vn\/wp-content\/uploads\/2025\/05\/focal-is-ford-690-lap-xe-ranger-everest-10.jpg\" width=\"643\" height=\"484\" alt=\"\" srcset=\"https:\/\/autothaiduong.vn\/wp-content\/uploads\/2025\/05\/focal-is-ford-690-lap-xe-ranger-everest-10.jpg 643w, https:\/\/autothaiduong.vn\/wp-content\/uploads\/2025\/05\/focal-is-ford-690-lap-xe-ranger-everest-10-600x452.jpg 600w\" sizes=\"auto, (max-width: 643px) 100vw, 643px\" \/><\/p>\n<h3>2. Chi ti\u1ebft v\u1ec1 th\u00f4ng s\u1ed1 k\u1ef9 thu\u1eadt IS FORD 690<\/h3>\n<p>D\u01b0\u1edbi \u0111\u00e2y l\u00e0 b\u1ea3ng th\u1ed1ng s\u1ed1\u00a0<a title=\"loa focal l\u1eafp cho \u00f4 t\u00f4\" href=\"https:\/\/thienphuauto.com\/loa-focal.html\" target=\"_blank\" rel=\"noopener\">loa focal l\u1eafp cho \u00f4 t\u00f4<\/a>\u00a0n\u00e0y \u0111\u1ec3 c\u00e1c b\u00e1c th\u1ee3 hay ch\u1ee7 xe tham kh\u1ea3o<\/p>\n<table width=\"475\">\n<tbody>\n<tr>\n<td width=\"222\">\u00a0C\u00f4ng su\u1ea5t max<\/td>\n<td width=\"222\">150W<\/td>\n<\/tr>\n<tr>\n<td width=\"222\">C\u00f4ng su\u1ea5t th\u01b0\u1eddng<\/td>\n<td width=\"222\">75W RMS<\/td>\n<\/tr>\n<tr>\n<td width=\"222\">\u0110\u1ed9 nh\u1ea1y\u00a0(2.83V\/1m)<\/td>\n<td width=\"222\">92.3dB<\/td>\n<\/tr>\n<tr>\n<td width=\"222\">T\u1ea7n s\u1ed1 \u0111\u00e1p \u1ee9ng<\/td>\n<td width=\"222\">50Hz &#8211; 20kHz<\/td>\n<\/tr>\n<tr>\n<td width=\"222\">Tr\u1edf kh\u00e1ng<\/td>\n<td width=\"222\">4\u03a9<\/td>\n<\/tr>\n<tr>\n<td width=\"222\">K\u00edch th\u01b0\u1edbc loa woofer<\/td>\n<td width=\"222\">150 x 230mm<\/td>\n<\/tr>\n<tr>\n<td width=\"222\">\u0110\u1ed9 s\u00e2u l\u1eafp \u0111\u1eb7t c\u1ee7a loa<\/td>\n<td width=\"222\">41mm<\/td>\n<\/tr>\n<tr>\n<td width=\"222\">M\u00e0ng loa<\/td>\n<td width=\"222\">Polyglass<\/td>\n<\/tr>\n<tr>\n<td width=\"222\">Cu\u1ed9n c\u1ea3m<\/td>\n<td width=\"222\">30mm<\/td>\n<\/tr>\n<tr>\n<td width=\"222\">Lo\u1ea1i nam ch\u00e2m<\/td>\n<td width=\"222\">Ferrite<\/td>\n<\/tr>\n<tr>\n<td width=\"222\">Vi\u1ec1n loa<\/td>\n<td width=\"222\">Butyl<\/td>\n<\/tr>\n<tr>\n<td width=\"222\">Loa tweeter<\/td>\n<td width=\"222\">Compact Aluminium inverted dome<\/td>\n<\/tr>\n<tr>\n<td width=\"222\">B\u1ed9 ph\u00e2n t\u1ea7n<\/td>\n<td width=\"222\">Woofer : integrated Tweeter : on line<\/td>\n<\/tr>\n<tr>\n<td colspan=\"2\" width=\"222\"><strong>PARAMETERS<\/strong><\/p>\n<p>&nbsp;<\/td>\n<\/tr>\n<tr>\n<td width=\"222\">Rdc<\/td>\n<td width=\"222\">3.8\u2126<\/td>\n<\/tr>\n<tr>\n<td width=\"222\">\u00a0Fs<\/td>\n<td width=\"222\">71.8 Hz<\/td>\n<\/tr>\n<tr>\n<td width=\"222\">Mms<\/td>\n<td width=\"222\">22.02 g<\/td>\n<\/tr>\n<tr>\n<td width=\"222\">Cms<\/td>\n<td width=\"222\">0.223 mm\/N<\/td>\n<\/tr>\n<tr>\n<td width=\"222\">Vas<\/td>\n<td width=\"222\">15.26l<\/td>\n<\/tr>\n<tr>\n<td width=\"222\">Qts<\/td>\n<td width=\"222\">1.06<\/td>\n<\/tr>\n<tr>\n<td width=\"222\">Qes<\/td>\n<td width=\"222\">1.21<\/td>\n<\/tr>\n<tr>\n<td width=\"222\">Qms<\/td>\n<td width=\"222\">8.66<\/td>\n<\/tr>\n<tr>\n<td width=\"222\">Bxl<\/td>\n<td width=\"222\">5.57N\/A<\/td>\n<\/tr>\n<tr>\n<td width=\"222\">Sd<\/td>\n<td width=\"222\">220cm\u00b2<\/td>\n<\/tr>\n<tr>\n<td width=\"222\">SPL<\/td>\n<td width=\"222\">89.3dB<\/td>\n<\/tr>\n<tr>\n<td width=\"222\">Xmax<\/td>\n<td width=\"222\">3mm<\/td>\n<\/tr>\n<\/tbody>\n<\/table>\n","protected":false},"excerpt":{"rendered":"<h3 class=\"title\">Th\u00f4ng s\u1ed1 k\u1ef9 thu\u1eadt<\/h3>\n<div class=\"content\">\n<table width=\"332\">\n<tbody>\n<tr>\n<td>Type<\/td>\n<td>Loa l\u1eafp c\u00e1nh 2 chi\u1ec1u<\/td>\n<\/tr>\n<tr>\n<td>C\u00f4ng su\u1ea5t max<\/td>\n<td>150W<\/td>\n<\/tr>\n<tr>\n<td>C\u00f4ng su\u1ea5t RMS<\/td>\n<td>75W<\/td>\n<\/tr>\n<tr>\n<td>\u0110\u1ed9 nh\u1ea1y\u00a0(2.83V\/1m)<\/td>\n<td>92.3dB<\/td>\n<\/tr>\n<tr>\n<td>T\u1ea7n s\u1ed1 \u0111\u00e1p \u1ee9ng<\/td>\n<td>50Hz &#8211; 20kHz<\/td>\n<\/tr>\n<tr>\n<td>Tr\u1edf kh\u00e1ng<\/td>\n<td>4\u03a9<\/td>\n<\/tr>\n<tr>\n<td>K\u00edch th\u01b0\u1edbc loa woofer<\/td>\n<td>150 x 230mm<\/td>\n<\/tr>\n<tr>\n<td>M\u00e0ng loa<\/td>\n<td>Polyglass<\/td>\n<\/tr>\n<tr>\n<td>Voice coil diameter<\/td>\n<td>30mm<\/td>\n<\/tr>\n<tr>\n<td>Nam ch\u00e2m<\/td>\n<td>30mm<\/td>\n<\/tr>\n<tr>\n<td>G\u00e2n loa<\/td>\n<td>Butyl<\/td>\n<\/tr>\n<tr>\n<td>Xu\u1ea5t x\u1ee9<\/td>\n<td>Ph\u00e1p<\/td>\n<\/tr>\n<\/tbody>\n<\/table>\n<\/div>\n","protected":false},"featured_media":1090,"comment_status":"open","ping_status":"closed","template":"","meta":[],"product_brand":[120],"product_cat":[19,21,100],"product_tag":[],"class_list":{"0":"post-1088","1":"product","2":"type-product","3":"status-publish","4":"has-post-thumbnail","6":"product_brand-focal","7":"product_cat-am-thanh","8":"product_cat-do-choi-ban-tai","9":"product_cat-loa-2-duong-tieng","11":"first","12":"instock","13":"shipping-taxable","14":"purchasable","15":"product-type-simple"},"_links":{"self":[{"href":"https:\/\/autothaiduong.vn\/index.php?rest_route=\/wp\/v2\/product\/1088","targetHints":{"allow":["GET"]}}],"collection":[{"href":"https:\/\/autothaiduong.vn\/index.php?rest_route=\/wp\/v2\/product"}],"about":[{"href":"https:\/\/autothaiduong.vn\/index.php?rest_route=\/wp\/v2\/types\/product"}],"replies":[{"embeddable":true,"href":"https:\/\/autothaiduong.vn\/index.php?rest_route=%2Fwp%2Fv2%2Fcomments&post=1088"}],"wp:featuredmedia":[{"embeddable":true,"href":"https:\/\/autothaiduong.vn\/index.php?rest_route=\/wp\/v2\/media\/1090"}],"wp:attachment":[{"href":"https:\/\/autothaiduong.vn\/index.php?rest_route=%2Fwp%2Fv2%2Fmedia&parent=1088"}],"wp:term":[{"taxonomy":"product_brand","embeddable":true,"href":"https:\/\/autothaiduong.vn\/index.php?rest_route=%2Fwp%2Fv2%2Fproduct_brand&post=1088"},{"taxonomy":"product_cat","embeddable":true,"href":"https:\/\/autothaiduong.vn\/index.php?rest_route=%2Fwp%2Fv2%2Fproduct_cat&post=1088"},{"taxonomy":"product_tag","embeddable":true,"href":"https:\/\/autothaiduong.vn\/index.php?rest_route=%2Fwp%2Fv2%2Fproduct_tag&post=1088"}],"curies":[{"name":"wp","href":"https:\/\/api.w.org\/{rel}","templated":true}]}}