{"id":1096,"date":"2025-05-11T16:18:48","date_gmt":"2025-05-11T16:18:48","guid":{"rendered":"https:\/\/autothaiduong.vn\/?post_type=product&#038;p=1096"},"modified":"2025-05-11T16:19:13","modified_gmt":"2025-05-11T16:19:13","slug":"loa-focal-is-ford-165-lap-xe-ranger-everest","status":"publish","type":"product","link":"https:\/\/autothaiduong.vn\/?product=loa-focal-is-ford-165-lap-xe-ranger-everest","title":{"rendered":"Loa Focal IS FORD 165 l\u1eafp xe Ranger &#8211; Everest"},"content":{"rendered":"<p><img loading=\"lazy\" decoding=\"async\" class=\" wp-image-1044 aligncenter\" src=\"https:\/\/autothaiduong.vn\/wp-content\/uploads\/2025\/05\/z6584734442481_f208f5944548cb4b46353402ce2e64e0.jpg\" alt=\"\" width=\"262\" height=\"232\" \/><\/p>\n<p style=\"text-align: center;\"><span style=\"font-size: 150%; color: #ff0000;\"><strong>273-275 Tr\u1ea7n Ph\u00fa Ph\u01b0\u1eddng L\u1ed9c S\u01a1n Th\u00e0nh Ph\u1ed1 B\u1ea3o L\u1ed9c T\u1ec9nh L\u00e2m \u0110\u1ed3ng<\/strong><\/span><\/p>\n<p style=\"text-align: center;\"><span style=\"font-size: 150%; color: #ff0000;\"><strong> Hotline: 0912197441<\/strong><\/span><\/p>\n<p><strong><a title=\"FOCAL IS FORD 165\" href=\"https:\/\/thienphuauto.com\/focal-is-ford-165-lap-xe-ford-ranger-everest.html\" target=\"_blank\" rel=\"noopener\">FOCAL IS FORD 165<\/a><\/strong>\u00a0l\u00e0 b\u1ed9 loa c\u00e1nh cao c\u1ea5p \u0111\u01b0\u1ee3c FOCAL s\u1ea3n xu\u1ea5t ri\u00eang cho d\u00f2ng xe Ford Ranger &#8211; Everest. \u0110\u00e2y l\u00e0 gi\u1ea3i ph\u00e1p n\u00e2ng c\u1ea5p \u00e2m thanh ch\u1ea5t l\u01b0\u1ee3ng m\u00e0 c\u00e1c ch\u1ee7 xe Ford tr\u00ean to\u00e0n th\u1ebf gi\u1edbi l\u1ef1a ch\u1ecdn hi\u1ec7n nay.<\/p>\n<p><img loading=\"lazy\" decoding=\"async\" class=\"alignnone size-full wp-image-1098\" src=\"https:\/\/autothaiduong.vn\/wp-content\/uploads\/2025\/05\/focal-is-ford-165-lap-xe-ford-ranger-everest-anh-4.jpg\" alt=\"\" width=\"733\" height=\"525\" srcset=\"https:\/\/autothaiduong.vn\/wp-content\/uploads\/2025\/05\/focal-is-ford-165-lap-xe-ford-ranger-everest-anh-4.jpg 733w, https:\/\/autothaiduong.vn\/wp-content\/uploads\/2025\/05\/focal-is-ford-165-lap-xe-ford-ranger-everest-anh-4-600x430.jpg 600w\" sizes=\"auto, (max-width: 733px) 100vw, 733px\" \/><\/p>\n<h3>1. \u0110\u1eb7c \u0111i\u1ec3m c\u1ee7a loa FOCAL IS FORD 165<\/h3>\n<p>N\u1eb1m trong\u00a0<a title=\"Series FOCAL INSIDE\" href=\"https:\/\/thienphuauto.com\/am-thanh-focal-inside.html\" target=\"_blank\" rel=\"noopener\">Series FOCAL INSIDE<\/a>\u00a0d\u00e0nh ri\u00eang cho c\u00e1c h\u00e3ng xe, loa FOCAL IS FORD 165 s\u1edf h\u1eefu nhi\u1ec3u \u01b0u \u0111i\u1ec3m n\u1ed5i b\u1eadt so v\u1edbi v\u1edbi c\u00e1c d\u00f2ng loa tr\u00ean th\u1ecb tr\u01b0\u1eddng m\u00e0 nhi\u1ec1u b\u00e1c ch\u1ee7 xe mong mu\u1ed1n.<\/p>\n<p><img loading=\"lazy\" decoding=\"async\" class=\"alignnone size-full wp-image-1099\" src=\"https:\/\/autothaiduong.vn\/wp-content\/uploads\/2025\/05\/focal-is-ford-165-lap-xe-ford-ranger-everest-5.jpg\" alt=\"\" width=\"942\" height=\"542\" srcset=\"https:\/\/autothaiduong.vn\/wp-content\/uploads\/2025\/05\/focal-is-ford-165-lap-xe-ford-ranger-everest-5.jpg 942w, https:\/\/autothaiduong.vn\/wp-content\/uploads\/2025\/05\/focal-is-ford-165-lap-xe-ford-ranger-everest-5-600x345.jpg 600w, https:\/\/autothaiduong.vn\/wp-content\/uploads\/2025\/05\/focal-is-ford-165-lap-xe-ford-ranger-everest-5-768x442.jpg 768w\" sizes=\"auto, (max-width: 942px) 100vw, 942px\" \/><\/p>\n<p>&#8211; Loa tr\u1ea7m \u0111\u01b0\u1ee3c ch\u1ebf t\u1ea1o b\u1eb1ng c\u00f4ng ngh\u1ec7 Polyglass, mang l\u1ea1i \u00e2m trung v\u00e0 tr\u1ea7m r\u00f5 r\u00e0ng, m\u1ea1nh m\u1ebd.<\/p>\n<p>&#8211; Loa tweeter v\u00f2m ng\u01b0\u1ee3c b\u1eb1ng nh\u00f4m, \u0111\u1ed9c quy\u1ec1n c\u1ee7a Focal, t\u00e1i t\u1ea1o \u00e2m treble ho\u00e0n h\u1ea3o.<\/p>\n<p><img loading=\"lazy\" decoding=\"async\" class=\"alignnone size-full wp-image-1100\" src=\"https:\/\/autothaiduong.vn\/wp-content\/uploads\/2025\/05\/focal-is-ford-165-lap-xe-ford-ranger-everest-6.jpg\" alt=\"\" width=\"837\" height=\"472\" srcset=\"https:\/\/autothaiduong.vn\/wp-content\/uploads\/2025\/05\/focal-is-ford-165-lap-xe-ford-ranger-everest-6.jpg 837w, https:\/\/autothaiduong.vn\/wp-content\/uploads\/2025\/05\/focal-is-ford-165-lap-xe-ford-ranger-everest-6-600x338.jpg 600w, https:\/\/autothaiduong.vn\/wp-content\/uploads\/2025\/05\/focal-is-ford-165-lap-xe-ford-ranger-everest-6-768x433.jpg 768w\" sizes=\"auto, (max-width: 837px) 100vw, 837px\" \/><\/p>\n<p>&#8211; L\u1eafp \u0111\u1eb7t nhanh ch\u00f3ng v\u00e0 d\u1ec5 d\u00e0ng, kh\u00f4ng c\u1ea7n h\u00e0n d\u00e2y, c\u1eaft d\u00e2y ho\u1eb7c ch\u1ec9nh s\u1eeda xe.<\/p>\n<p>&#8211; T\u00edch h\u1ee3p loa \u1ea9n, kh\u00f4ng \u1ea3nh h\u01b0\u1edfng \u0111\u1ebfn th\u1ea9m m\u1ef9 xe.<\/p>\n<p>&#8211; D\u00e0nh ri\u00eang cho c\u00e1c xe c\u00f3 s\u1eb5n v\u1ecb tr\u00ed l\u1eafp loa tweeter.<\/p>\n<p><img loading=\"lazy\" decoding=\"async\" class=\"alignnone size-full wp-image-1101\" src=\"https:\/\/autothaiduong.vn\/wp-content\/uploads\/2025\/05\/focal-is-ford-165-lap-xe-ford-ranger-everest-7.jpg\" alt=\"\" width=\"839\" height=\"401\" srcset=\"https:\/\/autothaiduong.vn\/wp-content\/uploads\/2025\/05\/focal-is-ford-165-lap-xe-ford-ranger-everest-7.jpg 839w, https:\/\/autothaiduong.vn\/wp-content\/uploads\/2025\/05\/focal-is-ford-165-lap-xe-ford-ranger-everest-7-600x287.jpg 600w, https:\/\/autothaiduong.vn\/wp-content\/uploads\/2025\/05\/focal-is-ford-165-lap-xe-ford-ranger-everest-7-768x367.jpg 768w\" sizes=\"auto, (max-width: 839px) 100vw, 839px\" \/><\/p>\n<h3>2. L\u1ee3i \u00edch l\u1eafp IS FORD 165 cho xe\u00a0Ford\u00a0Ranger &#8211; Everest<\/h3>\n<p>L\u00e0 b\u1ed9\u00a0<a title=\"loa Focal l\u1eafp cho \u00f4 t\u00f4\" href=\"https:\/\/thienphuauto.com\/loa-focal.html\" target=\"_blank\" rel=\"noopener\">loa Focal l\u1eafp cho \u00f4 t\u00f4<\/a>\u00a0v\u00e0 d\u00e0nh ri\u00eang cho hai d\u00f2ng xe c\u1ee7a h\u00e3ng Ford, nhi\u1ec1u kh\u00e1ch h\u00e0ng \u0111\u00e3 c\u1ea3m nh\u1eadn lu\u00f4n \u0111\u01b0\u1ee3c ch\u1ea5t \u00e2m tuy\u1ec7t v\u1eddi m\u00e0 loa Is FORD 165 mang l\u1ea1i.<\/p>\n<p>&#8211; N\u00e2ng cao ch\u1ea5t l\u01b0\u1ee3ng \u00e2m thanh t\u1ed5ng th\u1ec3 trong xe.<\/p>\n<p>&#8211; \u00c2m trung r\u00f5 r\u00e0ng, \u00e2m tr\u1ea7m m\u1ea1nh m\u1ebd.<\/p>\n<p><img loading=\"lazy\" decoding=\"async\" class=\"alignnone size-full wp-image-1102\" src=\"https:\/\/autothaiduong.vn\/wp-content\/uploads\/2025\/05\/focal-is-ford-165-lap-xe-ford-ranger-everest-8.jpg\" alt=\"\" width=\"791\" height=\"466\" srcset=\"https:\/\/autothaiduong.vn\/wp-content\/uploads\/2025\/05\/focal-is-ford-165-lap-xe-ford-ranger-everest-8.jpg 791w, https:\/\/autothaiduong.vn\/wp-content\/uploads\/2025\/05\/focal-is-ford-165-lap-xe-ford-ranger-everest-8-600x353.jpg 600w, https:\/\/autothaiduong.vn\/wp-content\/uploads\/2025\/05\/focal-is-ford-165-lap-xe-ford-ranger-everest-8-768x452.jpg 768w\" sizes=\"auto, (max-width: 791px) 100vw, 791px\" \/><\/p>\n<p>&#8211; \u00c2m treble chi ti\u1ebft, m\u01b0\u1ee3t m\u00e0.<\/p>\n<p>&#8211; C\u0169ng gi\u1ed1ng nh\u01b0\u00a0<a title=\"loa \u0111\u1ed3ng tr\u1ee5c IC FORD 165\" href=\"https:\/\/thienphuauto.com\/focal-ic-ford-165-lap-xe-ranger-everest.html\" target=\"_blank\" rel=\"noopener\">loa \u0111\u1ed3ng tr\u1ee5c IC FORD 165<\/a>\u00a0th\u00ec vi\u1ec7c l\u1eafp \u0111\u1eb7t d\u1ec5 d\u00e0ng, kh\u00f4ng t\u1ed1n th\u1eddi gian v\u00e0 c\u00f4ng s\u1ee9c.<\/p>\n<p>&#8211; Gi\u1eef nguy\u00ean th\u1ea9m m\u1ef9 n\u1ed9i th\u1ea5t xe.<\/p>\n<p><img loading=\"lazy\" decoding=\"async\" class=\"alignnone size-full wp-image-1103\" src=\"https:\/\/autothaiduong.vn\/wp-content\/uploads\/2025\/05\/focal-is-ford-165-lap-xe-ford-ranger-everest-9.jpg\" alt=\"\" width=\"797\" height=\"385\" srcset=\"https:\/\/autothaiduong.vn\/wp-content\/uploads\/2025\/05\/focal-is-ford-165-lap-xe-ford-ranger-everest-9.jpg 797w, https:\/\/autothaiduong.vn\/wp-content\/uploads\/2025\/05\/focal-is-ford-165-lap-xe-ford-ranger-everest-9-600x290.jpg 600w, https:\/\/autothaiduong.vn\/wp-content\/uploads\/2025\/05\/focal-is-ford-165-lap-xe-ford-ranger-everest-9-768x371.jpg 768w\" sizes=\"auto, (max-width: 797px) 100vw, 797px\" \/><\/p>\n<h3>3. Th\u00f4ng s\u1ed1 k\u1ef9 thu\u1eadt c\u1ee7a loa<\/h3>\n<p>D\u01b0\u1edbi \u0111\u00e2y l\u00e0 th\u00f4ng s\u1ed1 c\u1ee5 th\u1ec3 c\u1ee7a b\u1ed9 loa \u0111\u1ec3 b\u1ea1n tham kh\u1ea3o khi\u00a0<a title=\"n\u00e2ng c\u1ea5p \u00e2m thanh \u00f4 t\u00f4\" href=\"https:\/\/thienphuauto.com\/do-loa-o-to-am-thanh-xe-hoi.html\" target=\"_blank\" rel=\"noopener\">n\u00e2ng c\u1ea5p \u00e2m thanh \u00f4 t\u00f4<\/a>\u00a0c\u1ee7a m\u00ecnh.<\/p>\n<p>&#8211; Th\u00f4ng s\u1ed1 loa\u00a0Woofer<\/p>\n<table width=\"475\">\n<tbody>\n<tr>\n<td width=\"222\">\u00a0C\u00f4ng su\u1ea5t th\u01b0\u1eddng<\/td>\n<td width=\"222\">60W<\/td>\n<\/tr>\n<tr>\n<td width=\"222\">C\u00f4ng su\u1ea5t max<\/td>\n<td width=\"222\">120W<\/td>\n<\/tr>\n<tr>\n<td width=\"222\">\u0110\u1ed9 nh\u1ea1y<\/td>\n<td width=\"222\">91.7dB<\/td>\n<\/tr>\n<tr>\n<td width=\"222\">Tr\u1edf kh\u00e1ng<\/td>\n<td width=\"222\">4\u2126<\/td>\n<\/tr>\n<tr>\n<td width=\"222\">M\u00e0ng loa<\/td>\n<td width=\"222\">Black Polyglass<\/td>\n<\/tr>\n<tr>\n<td width=\"222\">G\u00e2n loa<\/td>\n<td width=\"222\">Butyl<\/td>\n<\/tr>\n<tr>\n<td width=\"222\">DC resistance<\/td>\n<td width=\"222\">3.48\u2126<\/td>\n<\/tr>\n<tr>\n<td width=\"222\">VC diameter<\/td>\n<td width=\"222\">25mm<\/td>\n<\/tr>\n<tr>\n<td width=\"222\">Former<\/td>\n<td width=\"222\">Kapton<\/td>\n<\/tr>\n<tr>\n<td width=\"222\">Layers<\/td>\n<td width=\"222\">2<\/td>\n<\/tr>\n<tr>\n<td width=\"222\">Wire<\/td>\n<td width=\"222\">Copper<\/td>\n<\/tr>\n<tr>\n<td width=\"222\">Tr\u1ecdng l\u01b0\u1ee3ng<\/td>\n<td width=\"222\">860g<\/td>\n<\/tr>\n<\/tbody>\n<\/table>\n<p>&nbsp;<\/p>\n<p><img loading=\"lazy\" decoding=\"async\" class=\"alignnone size-full wp-image-1104\" src=\"https:\/\/autothaiduong.vn\/wp-content\/uploads\/2025\/05\/focal-is-ford-165-lap-xe-ford-ranger-everest-10.jpg\" alt=\"\" width=\"855\" height=\"320\" srcset=\"https:\/\/autothaiduong.vn\/wp-content\/uploads\/2025\/05\/focal-is-ford-165-lap-xe-ford-ranger-everest-10.jpg 855w, https:\/\/autothaiduong.vn\/wp-content\/uploads\/2025\/05\/focal-is-ford-165-lap-xe-ford-ranger-everest-10-600x225.jpg 600w, https:\/\/autothaiduong.vn\/wp-content\/uploads\/2025\/05\/focal-is-ford-165-lap-xe-ford-ranger-everest-10-768x287.jpg 768w\" sizes=\"auto, (max-width: 855px) 100vw, 855px\" \/><\/p>\n<p>&#8211; Th\u00f4ng s\u1ed1 loa\u00a0Tweeter<\/p>\n<table width=\"475\">\n<tbody>\n<tr>\n<td width=\"222\">C\u00f4ng su\u1ea5t th\u01b0\u1eddng<\/td>\n<td width=\"222\">15W<\/td>\n<\/tr>\n<tr>\n<td width=\"222\">C\u00f4ng su\u1ea5t max<\/td>\n<td width=\"222\">100W<\/td>\n<\/tr>\n<tr>\n<td width=\"222\">\u0110\u1ed9 nh\u1ea1y<\/td>\n<td width=\"222\">91dB<\/td>\n<\/tr>\n<tr>\n<td width=\"222\">Tr\u1edf kh\u00e1ng<\/td>\n<td width=\"222\">4\u2126<\/td>\n<\/tr>\n<tr>\n<td width=\"222\">M\u00e0ng loa<\/td>\n<td width=\"222\">Alu<\/td>\n<\/tr>\n<tr>\n<td width=\"222\">DC resistance<\/td>\n<td width=\"222\">3.4\u2126<\/td>\n<\/tr>\n<tr>\n<td width=\"222\">VC diameter<\/td>\n<td width=\"222\">20mm<\/td>\n<\/tr>\n<tr>\n<td width=\"222\">Former<\/td>\n<td width=\"222\">Forme<\/td>\n<\/tr>\n<tr>\n<td width=\"222\">Layers<\/td>\n<td width=\"222\">2<\/td>\n<\/tr>\n<tr>\n<td width=\"222\">Wire<\/td>\n<td width=\"222\">Alu<\/td>\n<\/tr>\n<tr>\n<td width=\"222\">Tr\u1ecdng l\u01b0\u1ee3ng<\/td>\n<td width=\"222\">40g<\/td>\n<\/tr>\n<\/tbody>\n<\/table>\n<p>&nbsp;<\/p>\n","protected":false},"excerpt":{"rendered":"<h3 class=\"title\">Th\u00f4ng s\u1ed1 k\u1ef9 thu\u1eadt<\/h3>\n<div class=\"content\">\n<table width=\"278\">\n<tbody>\n<tr>\n<td>Type<\/td>\n<td>Loa 2 \u0111\u01b0\u1eddng ti\u1ebfng<\/td>\n<\/tr>\n<tr>\n<td>C\u00f4ng su\u1ea5t max<\/td>\n<td>120W<\/td>\n<\/tr>\n<tr>\n<td>C\u00f4ng su\u1ea5t th\u01b0\u1eddng<\/td>\n<td>60W<\/td>\n<\/tr>\n<tr>\n<td>\u0110\u1ed9 nh\u1ea1y<\/td>\n<td>91.7dB<\/td>\n<\/tr>\n<tr>\n<td>T\u1ea7n s\u1ed1 \u0111\u00e1p \u1ee9ng<\/td>\n<td>60Hz &#8211; 20kHz<\/td>\n<\/tr>\n<tr>\n<td>Tr\u1edf kh\u00e1ng<\/td>\n<td>4\u03a9<\/td>\n<\/tr>\n<tr>\n<td>Loa\u00a0Woofer<\/td>\n<td>165mm<\/td>\n<\/tr>\n<tr>\n<td>\u00a0\u0110\u1ed9 s\u00e2u<\/td>\n<td>42.5mm`<\/td>\n<\/tr>\n<tr>\n<td>M\u00e0ng loa<\/td>\n<td>Polyglass<\/td>\n<\/tr>\n<tr>\n<td>Nam ch\u00e2m<\/td>\n<td>Ferrite<\/td>\n<\/tr>\n<tr>\n<td>G\u00e2n loa<\/td>\n<td>Buty<\/td>\n<\/tr>\n<tr>\n<td>Xu\u1ea5t x\u1ee9<\/td>\n<td>Ph\u00e1p<\/td>\n<\/tr>\n<\/tbody>\n<\/table>\n<\/div>\n","protected":false},"featured_media":1097,"comment_status":"open","ping_status":"closed","template":"","meta":[],"product_brand":[120],"product_cat":[19,21,100],"product_tag":[],"class_list":{"0":"post-1096","1":"product","2":"type-product","3":"status-publish","4":"has-post-thumbnail","6":"product_brand-focal","7":"product_cat-am-thanh","8":"product_cat-do-choi-ban-tai","9":"product_cat-loa-2-duong-tieng","11":"first","12":"instock","13":"shipping-taxable","14":"purchasable","15":"product-type-simple"},"_links":{"self":[{"href":"https:\/\/autothaiduong.vn\/index.php?rest_route=\/wp\/v2\/product\/1096","targetHints":{"allow":["GET"]}}],"collection":[{"href":"https:\/\/autothaiduong.vn\/index.php?rest_route=\/wp\/v2\/product"}],"about":[{"href":"https:\/\/autothaiduong.vn\/index.php?rest_route=\/wp\/v2\/types\/product"}],"replies":[{"embeddable":true,"href":"https:\/\/autothaiduong.vn\/index.php?rest_route=%2Fwp%2Fv2%2Fcomments&post=1096"}],"wp:featuredmedia":[{"embeddable":true,"href":"https:\/\/autothaiduong.vn\/index.php?rest_route=\/wp\/v2\/media\/1097"}],"wp:attachment":[{"href":"https:\/\/autothaiduong.vn\/index.php?rest_route=%2Fwp%2Fv2%2Fmedia&parent=1096"}],"wp:term":[{"taxonomy":"product_brand","embeddable":true,"href":"https:\/\/autothaiduong.vn\/index.php?rest_route=%2Fwp%2Fv2%2Fproduct_brand&post=1096"},{"taxonomy":"product_cat","embeddable":true,"href":"https:\/\/autothaiduong.vn\/index.php?rest_route=%2Fwp%2Fv2%2Fproduct_cat&post=1096"},{"taxonomy":"product_tag","embeddable":true,"href":"https:\/\/autothaiduong.vn\/index.php?rest_route=%2Fwp%2Fv2%2Fproduct_tag&post=1096"}],"curies":[{"name":"wp","href":"https:\/\/api.w.org\/{rel}","templated":true}]}}