{"id":1106,"date":"2025-05-11T16:27:51","date_gmt":"2025-05-11T16:27:51","guid":{"rendered":"https:\/\/autothaiduong.vn\/?post_type=product&#038;p=1106"},"modified":"2025-05-11T16:28:37","modified_gmt":"2025-05-11T16:28:37","slug":"vietmap-speedmap-m2","status":"publish","type":"product","link":"https:\/\/autothaiduong.vn\/?product=vietmap-speedmap-m2","title":{"rendered":"VIETMAP SPEEDMAP M2"},"content":{"rendered":"<p><img loading=\"lazy\" decoding=\"async\" class=\" wp-image-1044 aligncenter\" src=\"https:\/\/autothaiduong.vn\/wp-content\/uploads\/2025\/05\/z6584734442481_f208f5944548cb4b46353402ce2e64e0.jpg\" alt=\"\" width=\"272\" height=\"241\" \/><\/p>\n<p style=\"text-align: center;\"><span style=\"font-size: 150%;\"><strong><span style=\"color: #ff0000;\">273-275 Tr\u1ea7n Ph\u00fa Ph\u01b0\u1eddng L\u1ed9c S\u01a1n Th\u00e0nh Ph\u1ed1 B\u1ea3o L\u1ed9c T\u1ec9nh L\u00e2m \u0110\u1ed3ng<\/span><\/strong><\/span><\/p>\n<p style=\"text-align: center;\"><span style=\"font-size: 150%;\"><strong><span style=\"color: #ff0000;\"> Hotline: 0912197441<\/span><\/strong><\/span><\/p>\n<h2><strong>Ghi H\u00ecnh S\u1eafc N\u00e9t &#8211; Th\u00f4ng Tin Chi Ti\u1ebft\u00a0<\/strong><\/h2>\n<ul role=\"list\">\n<li role=\"listitem\" aria-setsize=\"-1\" data-aria-level=\"3\" data-aria-posinset=\"1\" data-font=\"Courier New\" data-leveltext=\"o\" data-list-defn-props=\"{&quot;335552541&quot;:1,&quot;335559685&quot;:1080,&quot;335559991&quot;:360,&quot;469769226&quot;:&quot;Courier New&quot;,&quot;469769242&quot;:[9675],&quot;469777803&quot;:&quot;left&quot;,&quot;469777804&quot;:&quot;o&quot;,&quot;469777815&quot;:&quot;multilevel&quot;}\" data-listid=\"3\">\n<p role=\"heading\" aria-level=\"2\">C\u1ea3m bi\u1ebfn Sony Starvis 2 IMX675: C\u1ea3m bi\u1ebfn h\u00e0ng \u0111\u1ea7u t\u1eeb Sony \u0111\u1ea3m b\u1ea3o h\u00ecnh \u1ea3nh s\u1eafc n\u00e9t, r\u00f5 r\u00e0ng trong m\u1ecdi \u0111i\u1ec1u ki\u1ec7n \u00e1nh s\u00e1ng.<\/p>\n<\/li>\n<\/ul>\n<ul role=\"list\">\n<li role=\"listitem\" aria-setsize=\"-1\" data-aria-level=\"3\" data-aria-posinset=\"2\" data-font=\"Courier New\" data-leveltext=\"o\" data-list-defn-props=\"{&quot;335552541&quot;:1,&quot;335559685&quot;:1080,&quot;335559991&quot;:360,&quot;469769226&quot;:&quot;Courier New&quot;,&quot;469769242&quot;:[9675],&quot;469777803&quot;:&quot;left&quot;,&quot;469777804&quot;:&quot;o&quot;,&quot;469777815&quot;:&quot;multilevel&quot;}\" data-listid=\"3\">\n<p role=\"heading\" aria-level=\"2\">T\u1ed1i \u01b0u h\u00ecnh \u1ea3nh b\u1edfi \u0111\u1ed9i ng\u0169 VIETMAP: V\u1edbi s\u1ef1 \u0111i\u1ec1u ch\u1ec9nh t\u1eeb c\u00e1c chuy\u00ean gia, h\u00ecnh \u1ea3nh \u0111\u01b0\u1ee3c t\u1ed1i \u01b0u \u0111\u1ec3 mang l\u1ea1i tr\u1ea3i nghi\u1ec7m ch\u00e2n th\u1ef1c nh\u1ea5t.<\/p>\n<\/li>\n<\/ul>\n<ul role=\"list\">\n<li role=\"listitem\" aria-setsize=\"-1\" data-aria-level=\"3\" data-aria-posinset=\"3\" data-font=\"Courier New\" data-leveltext=\"o\" data-list-defn-props=\"{&quot;335552541&quot;:1,&quot;335559685&quot;:1080,&quot;335559991&quot;:360,&quot;469769226&quot;:&quot;Courier New&quot;,&quot;469769242&quot;:[9675],&quot;469777803&quot;:&quot;left&quot;,&quot;469777804&quot;:&quot;o&quot;,&quot;469777815&quot;:&quot;multilevel&quot;}\" data-listid=\"3\">\n<p role=\"heading\" aria-level=\"2\">Ghi h\u00ecnh k\u00e8m \u0111\u1ecba ch\u1ec9: Video ghi h\u00ecnh s\u1ebd k\u00e8m theo th\u00f4ng tin chi ti\u1ebft: t\u00ean \u0110\u01b0\u1eddng, Qu\u1eadn\/ Huy\u1ec7n, T\u1ec9nh\/ Th\u00e0nh ph\u1ed1 &#8211; T\u1ed1c \u0111\u1ed9 gi\u1edbi h\u1ea1n &#8211; T\u1ed1c \u0111\u1ed9 xe hi\u1ec7n t\u1ea1i.<\/p>\n<\/li>\n<\/ul>\n<p><img loading=\"lazy\" decoding=\"async\" class=\"alignnone size-full wp-image-1111\" src=\"https:\/\/autothaiduong.vn\/wp-content\/uploads\/2025\/05\/biggic-3-m2-cf630430-5c82-4402-889d-12c3f2f16aef.jpg\" width=\"1280\" height=\"604\" srcset=\"https:\/\/autothaiduong.vn\/wp-content\/uploads\/2025\/05\/biggic-3-m2-cf630430-5c82-4402-889d-12c3f2f16aef.jpg 1280w, https:\/\/autothaiduong.vn\/wp-content\/uploads\/2025\/05\/biggic-3-m2-cf630430-5c82-4402-889d-12c3f2f16aef-600x283.jpg 600w, https:\/\/autothaiduong.vn\/wp-content\/uploads\/2025\/05\/biggic-3-m2-cf630430-5c82-4402-889d-12c3f2f16aef-1024x483.jpg 1024w, https:\/\/autothaiduong.vn\/wp-content\/uploads\/2025\/05\/biggic-3-m2-cf630430-5c82-4402-889d-12c3f2f16aef-768x362.jpg 768w\" sizes=\"auto, (max-width: 1280px) 100vw, 1280px\" \/><\/p>\n<h2 role=\"heading\" aria-level=\"2\"><strong>M\u00e0n H\u00ecnh C\u1ea3m \u1ee8ng 4 Inch &#8211; Tr\u1ea3i Nghi\u1ec7m M\u01b0\u1ee3t M\u00e0\u00a0<\/strong><\/h2>\n<ul role=\"list\">\n<li role=\"listitem\" aria-setsize=\"-1\" data-aria-level=\"3\" data-aria-posinset=\"1\" data-font=\"Courier New\" data-leveltext=\"o\" data-list-defn-props=\"{&quot;335552541&quot;:1,&quot;335559685&quot;:1080,&quot;335559991&quot;:360,&quot;469769226&quot;:&quot;Courier New&quot;,&quot;469769242&quot;:[9675],&quot;469777803&quot;:&quot;left&quot;,&quot;469777804&quot;:&quot;o&quot;,&quot;469777815&quot;:&quot;multilevel&quot;}\" data-listid=\"3\">\n<p role=\"heading\" aria-level=\"2\">M\u00e0n h\u00ecnh c\u1ea3m \u1ee9ng\u202f 4&#8221; v\u1edbi \u0111\u1ed9 s\u1eafc n\u00e9t cao, k\u00edch th\u01b0\u1edbc l\u1edbn gi\u00fap thao t\u00e1c d\u1ec5 d\u00e0ng.<\/p>\n<\/li>\n<\/ul>\n<ul role=\"list\">\n<li role=\"listitem\" aria-setsize=\"-1\" data-aria-level=\"3\" data-aria-posinset=\"2\" data-font=\"Courier New\" data-leveltext=\"o\" data-list-defn-props=\"{&quot;335552541&quot;:1,&quot;335559685&quot;:1080,&quot;335559991&quot;:360,&quot;469769226&quot;:&quot;Courier New&quot;,&quot;469769242&quot;:[9675],&quot;469777803&quot;:&quot;left&quot;,&quot;469777804&quot;:&quot;o&quot;,&quot;469777815&quot;:&quot;multilevel&quot;}\" data-listid=\"3\">\n<p role=\"heading\" aria-level=\"2\">H\u00ecnh \u1ea3nh hi\u1ec3n th\u1ecb r\u00f5 r\u00e0ng, gi\u00fap ng\u01b0\u1eddi d\u00f9ng d\u1ec5 d\u00e0ng quan s\u00e1t v\u00e0 \u0111i\u1ec1u ch\u1ec9nh.<\/p>\n<\/li>\n<\/ul>\n<p><img loading=\"lazy\" decoding=\"async\" class=\"alignnone size-full wp-image-1112\" src=\"https:\/\/autothaiduong.vn\/wp-content\/uploads\/2025\/05\/biggic-4-m2-d381ee64-f475-4fef-a33f-98031060fe71.jpg\" width=\"1280\" height=\"604\" srcset=\"https:\/\/autothaiduong.vn\/wp-content\/uploads\/2025\/05\/biggic-4-m2-d381ee64-f475-4fef-a33f-98031060fe71.jpg 1280w, https:\/\/autothaiduong.vn\/wp-content\/uploads\/2025\/05\/biggic-4-m2-d381ee64-f475-4fef-a33f-98031060fe71-600x283.jpg 600w, https:\/\/autothaiduong.vn\/wp-content\/uploads\/2025\/05\/biggic-4-m2-d381ee64-f475-4fef-a33f-98031060fe71-1024x483.jpg 1024w, https:\/\/autothaiduong.vn\/wp-content\/uploads\/2025\/05\/biggic-4-m2-d381ee64-f475-4fef-a33f-98031060fe71-768x362.jpg 768w\" sizes=\"auto, (max-width: 1280px) 100vw, 1280px\" \/><\/p>\n<h2><strong>C\u1ea3nh B\u00e1o Giao Th\u00f4ng To\u00e0n Di\u1ec7n\u00a0<\/strong><\/h2>\n<ul role=\"list\">\n<li role=\"listitem\" aria-setsize=\"-1\" data-aria-level=\"3\" data-aria-posinset=\"1\" data-font=\"Courier New\" data-leveltext=\"o\" data-list-defn-props=\"{&quot;335552541&quot;:1,&quot;335559685&quot;:1080,&quot;335559991&quot;:360,&quot;469769226&quot;:&quot;Courier New&quot;,&quot;469769242&quot;:[9675],&quot;469777803&quot;:&quot;left&quot;,&quot;469777804&quot;:&quot;o&quot;,&quot;469777815&quot;:&quot;multilevel&quot;}\" data-listid=\"3\">\n<p role=\"heading\" aria-level=\"2\"><strong>Hi\u1ec3n th\u1ecb t\u1ed1c \u0111\u1ed9 gi\u1edbi h\u1ea1n<\/strong>: C\u1eadp nh\u1eadt th\u00f4ng tin gi\u1edbi h\u1ea1n t\u1ed1c \u0111\u1ed9 theo v\u1ecb tr\u00ed hi\u1ec7n t\u1ea1i, gi\u00fap t\u00e0i x\u1ebf lu\u00f4n l\u00e1i xe an to\u00e0n.<\/p>\n<\/li>\n<\/ul>\n<ul role=\"list\">\n<li role=\"listitem\" aria-setsize=\"-1\" data-aria-level=\"3\" data-aria-posinset=\"2\" data-font=\"Courier New\" data-leveltext=\"o\" data-list-defn-props=\"{&quot;335552541&quot;:1,&quot;335559685&quot;:1080,&quot;335559991&quot;:360,&quot;469769226&quot;:&quot;Courier New&quot;,&quot;469769242&quot;:[9675],&quot;469777803&quot;:&quot;left&quot;,&quot;469777804&quot;:&quot;o&quot;,&quot;469777815&quot;:&quot;multilevel&quot;}\" data-listid=\"3\">\n<p role=\"heading\" aria-level=\"2\"><strong>C\u1ea3nh b\u00e1o v\u01b0\u1ee3t t\u1ed1c \u0111\u1ed9<\/strong>: H\u1ec7 th\u1ed1ng s\u1ebd nh\u1eafc nh\u1edf khi xe v\u01b0\u1ee3t qu\u00e1 gi\u1edbi h\u1ea1n cho ph\u00e9p.<\/p>\n<\/li>\n<\/ul>\n<ul role=\"list\">\n<li role=\"listitem\" aria-setsize=\"-1\" data-aria-level=\"3\" data-aria-posinset=\"3\" data-font=\"Courier New\" data-leveltext=\"o\" data-list-defn-props=\"{&quot;335552541&quot;:1,&quot;335559685&quot;:1080,&quot;335559991&quot;:360,&quot;469769226&quot;:&quot;Courier New&quot;,&quot;469769242&quot;:[9675],&quot;469777803&quot;:&quot;left&quot;,&quot;469777804&quot;:&quot;o&quot;,&quot;469777815&quot;:&quot;multilevel&quot;}\" data-listid=\"3\">\n<p role=\"heading\" aria-level=\"2\"><strong>C\u1ea3nh b\u00e1o bi\u1ec3n b\u00e1o giao th\u00f4ng b\u1eb1ng gi\u1ecdng n\u00f3i:<\/strong>\u00a0Th\u00f4ng b\u00e1o r\u00f5 r\u00e0ng gi\u00fap ng\u01b0\u1eddi l\u00e1i nh\u1eadn bi\u1ebft c\u00e1c bi\u1ec3n b\u00e1o quan tr\u1ecdng tr\u00ean \u0111\u01b0\u1eddng.<\/p>\n<\/li>\n<\/ul>\n<p><img loading=\"lazy\" decoding=\"async\" class=\"alignnone size-full wp-image-1113\" src=\"https:\/\/autothaiduong.vn\/wp-content\/uploads\/2025\/05\/biggic-5-m2-7563a195-ece9-4a02-80a9-a68a74eed682.jpg\" width=\"1280\" height=\"604\" srcset=\"https:\/\/autothaiduong.vn\/wp-content\/uploads\/2025\/05\/biggic-5-m2-7563a195-ece9-4a02-80a9-a68a74eed682.jpg 1280w, https:\/\/autothaiduong.vn\/wp-content\/uploads\/2025\/05\/biggic-5-m2-7563a195-ece9-4a02-80a9-a68a74eed682-600x283.jpg 600w, https:\/\/autothaiduong.vn\/wp-content\/uploads\/2025\/05\/biggic-5-m2-7563a195-ece9-4a02-80a9-a68a74eed682-1024x483.jpg 1024w, https:\/\/autothaiduong.vn\/wp-content\/uploads\/2025\/05\/biggic-5-m2-7563a195-ece9-4a02-80a9-a68a74eed682-768x362.jpg 768w\" sizes=\"auto, (max-width: 1280px) 100vw, 1280px\" \/><\/p>\n<p>&nbsp;<\/p>\n<h2><strong>Module 4G T\u00edch H\u1ee3p &#8211; L\u01b0u tr\u1eef tr\u1ef1c tuy\u1ebfn v\u00e0 Qu\u1ea3n l\u00fd t\u1eeb xa\u00a0<\/strong><\/h2>\n<ul role=\"list\">\n<li role=\"listitem\" aria-setsize=\"-1\" data-aria-level=\"3\" data-aria-posinset=\"1\" data-font=\"Courier New\" data-leveltext=\"o\" data-list-defn-props=\"{&quot;335552541&quot;:1,&quot;335559685&quot;:1080,&quot;335559991&quot;:360,&quot;469769226&quot;:&quot;Courier New&quot;,&quot;469769242&quot;:[9675],&quot;469777803&quot;:&quot;left&quot;,&quot;469777804&quot;:&quot;o&quot;,&quot;469777815&quot;:&quot;multilevel&quot;}\" data-listid=\"3\">\n<p role=\"heading\" aria-level=\"1\">T\u1ef1 \u0111\u1ed9ng l\u01b0u video kho\u00e1\u00a0l\u00ean \u0111\u00e1m m\u00e2y: Camera h\u00e0nh tr\u00ecnh VIETMAP SpeedMap M2 t\u1ef1 \u0111\u1ed9ng kh\u00f3a v\u00e0 l\u01b0u tr\u1eef video tr\u00ean \u0111\u00e1m m\u00e2y, \u0111\u1ea3m b\u1ea3o d\u1eef li\u1ec7u kh\u00f4ng b\u1ecb m\u1ea5t m\u00e1t.<\/p>\n<\/li>\n<\/ul>\n<ul role=\"list\">\n<li role=\"listitem\" aria-setsize=\"-1\" data-aria-level=\"3\" data-aria-posinset=\"2\" data-font=\"Courier New\" data-leveltext=\"o\" data-list-defn-props=\"{&quot;335552541&quot;:1,&quot;335559685&quot;:1080,&quot;335559991&quot;:360,&quot;469769226&quot;:&quot;Courier New&quot;,&quot;469769242&quot;:[9675],&quot;469777803&quot;:&quot;left&quot;,&quot;469777804&quot;:&quot;o&quot;,&quot;469777815&quot;:&quot;multilevel&quot;}\" data-listid=\"3\">\n<p role=\"heading\" aria-level=\"1\">Xem video tr\u1ef1c ti\u1ebfp t\u1eeb xa: Th\u00f4ng qua k\u1ebft n\u1ed1i 4G, ng\u01b0\u1eddi d\u00f9ng c\u00f3 th\u1ec3 xem tr\u1ef1c ti\u1ebfp h\u00ecnh \u1ea3nh t\u1eeb camera.<\/p>\n<\/li>\n<\/ul>\n<ul role=\"list\">\n<li role=\"listitem\" aria-setsize=\"-1\" data-aria-level=\"3\" data-aria-posinset=\"3\" data-font=\"Courier New\" data-leveltext=\"o\" data-list-defn-props=\"{&quot;335552541&quot;:1,&quot;335559685&quot;:1080,&quot;335559991&quot;:360,&quot;469769226&quot;:&quot;Courier New&quot;,&quot;469769242&quot;:[9675],&quot;469777803&quot;:&quot;left&quot;,&quot;469777804&quot;:&quot;o&quot;,&quot;469777815&quot;:&quot;multilevel&quot;}\" data-listid=\"3\">\n<p role=\"heading\" aria-level=\"1\">C\u1eadp nh\u1eadt ph\u1ea7n m\u1ec1m tr\u1ef1c tuy\u1ebfn:<\/p>\n<\/li>\n<\/ul>\n<ul role=\"list\">\n<li role=\"listitem\" aria-setsize=\"-1\" data-aria-level=\"2\" data-aria-posinset=\"1\" data-font=\"Arial\" data-leveltext=\"\u2022\" data-list-defn-props=\"{&quot;335552541&quot;:1,&quot;335559685&quot;:1859,&quot;335559991&quot;:360,&quot;469769242&quot;:[9675],&quot;469777803&quot;:&quot;left&quot;,&quot;469777804&quot;:&quot;\u2022&quot;,&quot;469777815&quot;:&quot;hybridMultilevel&quot;}\" data-listid=\"13\">\n<p role=\"heading\" aria-level=\"2\">D\u1eef li\u1ec7u giao th\u00f4ng lu\u00f4n \u0111\u01b0\u1ee3c c\u1eadp nh\u1eadt m\u1edbi nh\u1ea5t, gi\u00fap ng\u01b0\u1eddi d\u00f9ng an to\u00e0n h\u01a1n khi di chuy\u1ec3n.<\/p>\n<\/li>\n<\/ul>\n<ul role=\"list\">\n<li role=\"listitem\" aria-setsize=\"-1\" data-aria-level=\"2\" data-aria-posinset=\"2\" data-font=\"Arial\" data-leveltext=\"\u2022\" data-list-defn-props=\"{&quot;335552541&quot;:1,&quot;335559685&quot;:1859,&quot;335559991&quot;:360,&quot;469769242&quot;:[9675],&quot;469777803&quot;:&quot;left&quot;,&quot;469777804&quot;:&quot;\u2022&quot;,&quot;469777815&quot;:&quot;hybridMultilevel&quot;}\" data-listid=\"13\">\n<p role=\"heading\" aria-level=\"2\">H\u1ec7 th\u1ed1ng camera lu\u00f4n trong tr\u1ea1ng th\u00e1i t\u1ed1t nh\u1ea5t v\u1edbi t\u00ednh n\u0103ng c\u1eadp nh\u1eadt ph\u1ea7n m\u1ec1m tr\u1ef1c tuy\u1ebfn.<\/p>\n<\/li>\n<\/ul>\n<ul role=\"list\">\n<li role=\"listitem\" aria-setsize=\"-1\" data-aria-level=\"1\" data-aria-posinset=\"2\" data-font=\"Courier New\" data-leveltext=\"o\" data-list-defn-props=\"{&quot;335552541&quot;:1,&quot;335559685&quot;:1139,&quot;335559991&quot;:360,&quot;469769226&quot;:&quot;Courier New&quot;,&quot;469769242&quot;:[9675],&quot;469777803&quot;:&quot;left&quot;,&quot;469777804&quot;:&quot;o&quot;,&quot;469777815&quot;:&quot;hybridMultilevel&quot;}\" data-listid=\"13\">\n<p role=\"heading\" aria-level=\"2\">Qu\u1ea3n l\u00fd di chuy\u1ec3n chi ti\u1ebft:<\/p>\n<\/li>\n<\/ul>\n<ul role=\"list\">\n<li role=\"listitem\" aria-setsize=\"-1\" data-aria-level=\"1\" data-aria-posinset=\"1\" data-font=\"Arial\" data-leveltext=\"\u2022\" data-list-defn-props=\"{&quot;335552541&quot;:1,&quot;335559685&quot;:1800,&quot;335559991&quot;:360,&quot;469769242&quot;:[8226],&quot;469777803&quot;:&quot;left&quot;,&quot;469777804&quot;:&quot;\u2022&quot;,&quot;469777815&quot;:&quot;hybridMultilevel&quot;}\" data-listid=\"21\">\n<p role=\"heading\" aria-level=\"2\">Xem l\u1ea1i\u202fl\u1ecbch s\u1eed di chuy\u1ec3n\u202f\u0111\u1ec3 theo d\u00f5i qu\u00e3ng \u0111\u01b0\u1eddng \u0111\u00e3 \u0111i.<\/p>\n<\/li>\n<\/ul>\n<ul role=\"list\">\n<li role=\"listitem\" aria-setsize=\"-1\" data-aria-level=\"1\" data-aria-posinset=\"2\" data-font=\"Arial\" data-leveltext=\"\u2022\" data-list-defn-props=\"{&quot;335552541&quot;:1,&quot;335559685&quot;:1800,&quot;335559991&quot;:360,&quot;469769242&quot;:[8226],&quot;469777803&quot;:&quot;left&quot;,&quot;469777804&quot;:&quot;\u2022&quot;,&quot;469777815&quot;:&quot;hybridMultilevel&quot;}\" data-listid=\"21\">\n<p role=\"heading\" aria-level=\"2\">\u0110\u1ecbnh v\u1ecb xe\u202fnhanh ch\u00f3ng v\u00e0 ch\u00ednh x\u00e1c<\/p>\n<\/li>\n<\/ul>\n<p role=\"heading\" aria-level=\"2\"><img loading=\"lazy\" decoding=\"async\" class=\"alignnone size-full wp-image-1114\" src=\"https:\/\/autothaiduong.vn\/wp-content\/uploads\/2025\/05\/biggic-6-m2-668b5a2b-5d59-412c-ac4e-361e64ea3615.jpg\" width=\"1280\" height=\"604\" srcset=\"https:\/\/autothaiduong.vn\/wp-content\/uploads\/2025\/05\/biggic-6-m2-668b5a2b-5d59-412c-ac4e-361e64ea3615.jpg 1280w, https:\/\/autothaiduong.vn\/wp-content\/uploads\/2025\/05\/biggic-6-m2-668b5a2b-5d59-412c-ac4e-361e64ea3615-600x283.jpg 600w, https:\/\/autothaiduong.vn\/wp-content\/uploads\/2025\/05\/biggic-6-m2-668b5a2b-5d59-412c-ac4e-361e64ea3615-1024x483.jpg 1024w, https:\/\/autothaiduong.vn\/wp-content\/uploads\/2025\/05\/biggic-6-m2-668b5a2b-5d59-412c-ac4e-361e64ea3615-768x362.jpg 768w\" sizes=\"auto, (max-width: 1280px) 100vw, 1280px\" \/><\/p>\n<h2 role=\"heading\" aria-level=\"2\"><strong>K\u1ebft N\u1ed1i Kh\u00f4ng D\u00e2y Nhanh Ch\u00f3ng\u00a0<\/strong><\/h2>\n<ul role=\"list\">\n<li role=\"listitem\" aria-setsize=\"-1\" data-aria-level=\"3\" data-aria-posinset=\"1\" data-font=\"Courier New\" data-leveltext=\"o\" data-list-defn-props=\"{&quot;335552541&quot;:1,&quot;335559685&quot;:1080,&quot;335559991&quot;:360,&quot;469769226&quot;:&quot;Courier New&quot;,&quot;469769242&quot;:[9675],&quot;469777803&quot;:&quot;left&quot;,&quot;469777804&quot;:&quot;o&quot;,&quot;469777815&quot;:&quot;multilevel&quot;}\" data-listid=\"3\">\n<p role=\"heading\" aria-level=\"2\">WiFi 5GHz: T\u1ed1c \u0111\u1ed9 t\u1ea3i video nhanh v\u00e0 \u1ed5n \u0111\u1ecbnh v\u1edbi k\u1ebft n\u1ed1i WiFi 5GHz.<\/p>\n<\/li>\n<\/ul>\n<ul role=\"list\">\n<li role=\"listitem\" aria-setsize=\"-1\" data-aria-level=\"3\" data-aria-posinset=\"2\" data-font=\"Courier New\" data-leveltext=\"o\" data-list-defn-props=\"{&quot;335552541&quot;:1,&quot;335559685&quot;:1080,&quot;335559991&quot;:360,&quot;469769226&quot;:&quot;Courier New&quot;,&quot;469769242&quot;:[9675],&quot;469777803&quot;:&quot;left&quot;,&quot;469777804&quot;:&quot;o&quot;,&quot;469777815&quot;:&quot;multilevel&quot;}\" data-listid=\"3\">\n<p role=\"heading\" aria-level=\"2\">\u1ee8ng d\u1ee5ng VIETMAP LIVE: K\u1ebft n\u1ed1i v\u00e0 qu\u1ea3n l\u00fd camera d\u1ec5 d\u00e0ng qua \u1ee9ng d\u1ee5ng VIETMAP LIVE, gi\u00fap vi\u1ec7c xem v\u00e0 t\u1ea3i video tr\u1edf n\u00ean \u0111\u01a1n gi\u1ea3n.<\/p>\n<\/li>\n<\/ul>\n<p role=\"heading\" aria-level=\"2\"><img loading=\"lazy\" decoding=\"async\" class=\"alignnone size-full wp-image-1115\" src=\"https:\/\/autothaiduong.vn\/wp-content\/uploads\/2025\/05\/biggic-7-m2-60792c23-b835-4e0b-b7cf-ff4c8b8bc47b.jpg\" width=\"1280\" height=\"604\" srcset=\"https:\/\/autothaiduong.vn\/wp-content\/uploads\/2025\/05\/biggic-7-m2-60792c23-b835-4e0b-b7cf-ff4c8b8bc47b.jpg 1280w, https:\/\/autothaiduong.vn\/wp-content\/uploads\/2025\/05\/biggic-7-m2-60792c23-b835-4e0b-b7cf-ff4c8b8bc47b-600x283.jpg 600w, https:\/\/autothaiduong.vn\/wp-content\/uploads\/2025\/05\/biggic-7-m2-60792c23-b835-4e0b-b7cf-ff4c8b8bc47b-1024x483.jpg 1024w, https:\/\/autothaiduong.vn\/wp-content\/uploads\/2025\/05\/biggic-7-m2-60792c23-b835-4e0b-b7cf-ff4c8b8bc47b-768x362.jpg 768w\" sizes=\"auto, (max-width: 1280px) 100vw, 1280px\" \/><\/p>\n","protected":false},"excerpt":{"rendered":"<p>Tr\u1ea3i nghi\u1ec7m l\u00e1i xe an to\u00e0n, th\u00f4ng minh c\u00f9ng SpeedMap M2 camera h\u00e0nh tr\u00ecnh h\u00e0ng \u0111\u1ea7u c\u1ee7a VIETMAP. V\u1edbi c\u1ea3m bi\u1ebfn Sony Starvis 2, ghi h\u00ecnh si\u00eau n\u00e9t c\u1ea3 ng\u00e0y l\u1eabn \u0111\u00eam, c\u1ea3nh b\u00e1o giao th\u00f4ng \u0111a d\u1ea1ng, k\u1ebft n\u1ed1i 4G ti\u1ec7n l\u1ee3i, VIETMAP SpeedMap M2 l\u00e0 ng\u01b0\u1eddi b\u1ea1n \u0111\u1ed3ng h\u00e0nh kh\u00f4ng th\u1ec3 thi\u1ebfu c\u1ee7a m\u1ecdi t\u00e0i x\u1ebf. B\u1ea3o v\u1ec7 b\u1ea1n v\u00e0 gia \u0111\u00ecnh tr\u00ean m\u1ecdi n\u1ebbo \u0111\u01b0\u1eddng.<\/p>\n","protected":false},"featured_media":1107,"comment_status":"open","ping_status":"closed","template":"","meta":[],"product_brand":[84],"product_cat":[76],"product_tag":[],"class_list":{"0":"post-1106","1":"product","2":"type-product","3":"status-publish","4":"has-post-thumbnail","6":"product_brand-vietmap","7":"product_cat-camera-hanh-trinh","9":"first","10":"instock","11":"shipping-taxable","12":"purchasable","13":"product-type-simple"},"_links":{"self":[{"href":"https:\/\/autothaiduong.vn\/index.php?rest_route=\/wp\/v2\/product\/1106","targetHints":{"allow":["GET"]}}],"collection":[{"href":"https:\/\/autothaiduong.vn\/index.php?rest_route=\/wp\/v2\/product"}],"about":[{"href":"https:\/\/autothaiduong.vn\/index.php?rest_route=\/wp\/v2\/types\/product"}],"replies":[{"embeddable":true,"href":"https:\/\/autothaiduong.vn\/index.php?rest_route=%2Fwp%2Fv2%2Fcomments&post=1106"}],"wp:featuredmedia":[{"embeddable":true,"href":"https:\/\/autothaiduong.vn\/index.php?rest_route=\/wp\/v2\/media\/1107"}],"wp:attachment":[{"href":"https:\/\/autothaiduong.vn\/index.php?rest_route=%2Fwp%2Fv2%2Fmedia&parent=1106"}],"wp:term":[{"taxonomy":"product_brand","embeddable":true,"href":"https:\/\/autothaiduong.vn\/index.php?rest_route=%2Fwp%2Fv2%2Fproduct_brand&post=1106"},{"taxonomy":"product_cat","embeddable":true,"href":"https:\/\/autothaiduong.vn\/index.php?rest_route=%2Fwp%2Fv2%2Fproduct_cat&post=1106"},{"taxonomy":"product_tag","embeddable":true,"href":"https:\/\/autothaiduong.vn\/index.php?rest_route=%2Fwp%2Fv2%2Fproduct_tag&post=1106"}],"curies":[{"name":"wp","href":"https:\/\/api.w.org\/{rel}","templated":true}]}}