{"id":1116,"date":"2025-05-11T16:31:32","date_gmt":"2025-05-11T16:31:32","guid":{"rendered":"https:\/\/autothaiduong.vn\/?post_type=product&#038;p=1116"},"modified":"2025-05-11T16:31:56","modified_gmt":"2025-05-11T16:31:56","slug":"vietmap-speedmap-m1","status":"publish","type":"product","link":"https:\/\/autothaiduong.vn\/?product=vietmap-speedmap-m1","title":{"rendered":"VIETMAP SPEEDMAP M1"},"content":{"rendered":"<p><img loading=\"lazy\" decoding=\"async\" class=\" wp-image-1044 aligncenter\" src=\"https:\/\/autothaiduong.vn\/wp-content\/uploads\/2025\/05\/z6584734442481_f208f5944548cb4b46353402ce2e64e0.jpg\" alt=\"\" width=\"271\" height=\"240\" \/><\/p>\n<p style=\"text-align: center;\"><span style=\"color: #ff0000; font-size: 150%;\"><strong>273-275 Tr\u1ea7n Ph\u00fa Ph\u01b0\u1eddng L\u1ed9c S\u01a1n Th\u00e0nh Ph\u1ed1 B\u1ea3o L\u1ed9c T\u1ec9nh L\u00e2m \u0110\u1ed3ng<\/strong><\/span><\/p>\n<p style=\"text-align: center;\"><span style=\"color: #ff0000; font-size: 150%;\"><strong> Hotline: 0912197441<\/strong><\/span><\/p>\n<h2>LU\u00d4N HI\u1ec2N TH\u1eca T\u1ed0C \u0110\u1ed8 GI\u1edaI H\u1ea0N, T\u1ef0 \u0110\u1ed8NG NH\u1eaeC NH\u1ede KHI V\u01af\u1ee2T T\u1ed0C \u0110\u1ed8<\/h2>\n<p><strong><a href=\"https:\/\/c.lazada.vn\/t\/c.0Ej8Qb\" target=\"_blank\" rel=\"noopener\">VIETMAP SpeedMap M1<\/a>\u00a0<\/strong>d\u00f2ng camera h\u00e0nh tr\u00ecnh VIETMAP \u0111\u1ea7u ti\u00ean v\u00e0 duy nh\u1ea5t tr\u00ean th\u1ecb tr\u01b0\u1eddng trang b\u1ecb t\u00ednh n\u0103ng lu\u00f4n hi\u1ec3n th\u1ecb t\u1ed1c \u0111\u1ed9 gi\u1edbi h\u1ea1n c\u1ee7a tuy\u1ebfn \u0111\u01b0\u1eddng di chuy\u1ec3n khi l\u00e1i xe, \u0111\u1ed3ng th\u1eddi\u00a0<strong>c\u1ea3nh b\u00e1o b\u1eb1ng h\u00ecnh \u1ea3n<\/strong>h &amp;\u00a0<strong>gi\u1ecdng n\u00f3i khi t\u1ed1c \u0111\u1ed9 di chuy\u1ec3n cao h\u01a1n t\u1ed1c \u0111\u1ed9 cho ph\u00e9p<\/strong>.<\/p>\n<p><img loading=\"lazy\" decoding=\"async\" class=\"alignnone size-full wp-image-1120\" src=\"https:\/\/autothaiduong.vn\/wp-content\/uploads\/2025\/05\/bigpicm1-5.png\" width=\"1280\" height=\"362\" srcset=\"https:\/\/autothaiduong.vn\/wp-content\/uploads\/2025\/05\/bigpicm1-5.png 1280w, https:\/\/autothaiduong.vn\/wp-content\/uploads\/2025\/05\/bigpicm1-5-600x170.png 600w, https:\/\/autothaiduong.vn\/wp-content\/uploads\/2025\/05\/bigpicm1-5-1024x290.png 1024w, https:\/\/autothaiduong.vn\/wp-content\/uploads\/2025\/05\/bigpicm1-5-768x217.png 768w\" sizes=\"auto, (max-width: 1280px) 100vw, 1280px\" \/><\/p>\n<p>&nbsp;<\/p>\n<h2>CAMERA GHI H\u00ccNH K\u00c9P TO\u00c0N C\u1ea2NH, T\u00cdCH H\u1ee2P CHI TI\u1ebeT TH\u00d4NG TIN \u0110\u01af\u1edcNG DI CHUY\u1ec2N<\/h2>\n<p>SpeedMap M1\u00a0s\u1edf h\u1eefu\u00a0thi\u1ebft k\u1ebf m\u1edbi hi\u1ec7n \u0111\u1ea1i v\u1eeba ghi h\u00ecnh, v\u1eeba \u0111\u1ea3m b\u1ea3o t\u00ednh thanh l\u1ecbch, sang tr\u1ecdng c\u1ee7a n\u1ed9i th\u1ea5t xe. Camera h\u00e0nh tr\u00ecnh VIETMAP SPEEDMAP M1 v\u1edbi \u1ed1ng k\u00ednh ghi h\u00ecnh g\u00f3c r\u1ed9ng,\u00a0<strong>ch\u1ea5t l\u01b0\u1ee3ng SUPER HD 2K k\u00eanh tr\u01b0\u1edbc\u00a0<\/strong>&amp;\u00a0<strong>Full HD 1080p k\u00eanh sau<\/strong>\u00a0gi\u00fap ghi l\u1ea1i to\u00e0n c\u1ea3nh tr\u01b0\u1edbc xe k\u1ebft h\u1ee3p m\u00e0n h\u00ecnh IPS 3.18&#8243; mang l\u1ea1i tr\u1ea3i nghi\u1ec7m h\u00ecnh \u1ea3nh s\u1eafc n\u00e9t.<br \/>\n<strong>VIETMAP Speed M1\u00a0<\/strong>c\u00f2n l\u00e0 d\u00f2ng camera h\u00e0nh tr\u00ecnh \u0111\u1ea7u ti\u00ean t\u00edch h\u1ee3p c\u00f4ng ngh\u1ec7\u00a0<strong>ghi h\u00ecnh v\u1edbi th\u00f4ng tin tuy\u1ebfn \u0111\u01b0\u1eddng di chuy\u1ec3n<\/strong>\u00a0bao g\u1ed3m th\u00f4ng tin:<br \/>\nT\u00ean \u0110\u01b0\u1eddng \u2013 Qu\u1eadn \u2013 Th\u00e0nh Ph\u1ed1 &#8211; T\u1ed1c \u0110\u1ed9 Gi\u1edbi H\u1ea1n \u2013 T\u1ed1c \u0110\u1ed9 Xe \u0110ang Di Chuy\u1ec3n<br \/>\n<em>* L\u01b0u \u00fd: b\u1ed9 camera sau l\u00e0 ph\u1ee5 ki\u1ec7n b\u1ed5 sung kh\u00f4ng k\u00e8m theo b\u1ed9 thi\u1ebft b\u1ecb<\/em><\/p>\n<p>&nbsp;<\/p>\n<p><img loading=\"lazy\" decoding=\"async\" class=\"alignnone size-full wp-image-1121\" src=\"https:\/\/autothaiduong.vn\/wp-content\/uploads\/2025\/05\/bigpicm1-3.png\" width=\"1280\" height=\"362\" srcset=\"https:\/\/autothaiduong.vn\/wp-content\/uploads\/2025\/05\/bigpicm1-3.png 1280w, https:\/\/autothaiduong.vn\/wp-content\/uploads\/2025\/05\/bigpicm1-3-600x170.png 600w, https:\/\/autothaiduong.vn\/wp-content\/uploads\/2025\/05\/bigpicm1-3-1024x290.png 1024w, https:\/\/autothaiduong.vn\/wp-content\/uploads\/2025\/05\/bigpicm1-3-768x217.png 768w\" sizes=\"auto, (max-width: 1280px) 100vw, 1280px\" \/><\/p>\n<h2>C\u1ea2NH B\u00c1O BI\u1ec2N GIAO TH\u00d4NG B\u1eb0NG GI\u1eccNG N\u00d3I<\/h2>\n<p><strong>VIETMAP SpeedMap M1\u00a0<\/strong>v\u1edbi t\u00ednh n\u0103ng \u0111\u1ed9c \u0111\u00e1o c\u1ea3nh b\u00e1o th\u00f4ng tin giao th\u00f4ng b\u1eb1ng gi\u1ecdng n\u00f3i tr\u00ean to\u00e0n qu\u1ed1c:<\/p>\n<ul>\n<li>C\u1ea3nh b\u00e1o bi\u1ec3n b\u00e1o gi\u1edbi h\u1ea1n t\u1ed1c \u0111\u1ed9 tr\u00ean t\u1eebng cung \u0111\u01b0\u1eddng.<\/li>\n<li>C\u1ea3nh b\u00e1o v\u00e0o v\u00e0 ra kh\u1ecfi khu d\u00e2n c\u01b0.<\/li>\n<li>C\u1ea3nh b\u00e1o bi\u1ec3n b\u00e1o c\u1ea5m v\u01b0\u1ee3t\/ h\u1ebft c\u1ea5m v\u01b0\u1ee3t.<\/li>\n<li>B\u00e1o khu v\u1ef1c c\u00f3 camera giao th\u00f4ng.<\/li>\n<li>C\u1ea3nh b\u00e1o khu v\u1ef1c th\u01b0\u1eddng xuy\u00ean ki\u1ec3m tra t\u1ed1c \u0111\u1ed9.<\/li>\n<\/ul>\n<p>(V\u00e0 m\u1ed9t s\u1ed1 th\u00f4ng tin c\u1ea3nh b\u00e1o giao th\u00f4ng quan tr\u1ecdng kh\u00e1c)<\/p>\n<p>D\u1eef li\u1ec7u th\u00f4ng tin bi\u1ec3n b\u00e1o giao th\u00f4ng \u0111\u01b0\u1ee3c\u00a0<strong>VIETMAP<\/strong>\u00a0thu th\u1eadp v\u00e0 c\u1eadp nh\u1eadt th\u01b0\u1eddng xuy\u00ean.<\/p>\n<p><img loading=\"lazy\" decoding=\"async\" class=\"alignnone size-full wp-image-1122\" src=\"https:\/\/autothaiduong.vn\/wp-content\/uploads\/2025\/05\/bigpicm1-4.png\" width=\"1280\" height=\"362\" srcset=\"https:\/\/autothaiduong.vn\/wp-content\/uploads\/2025\/05\/bigpicm1-4.png 1280w, https:\/\/autothaiduong.vn\/wp-content\/uploads\/2025\/05\/bigpicm1-4-600x170.png 600w, https:\/\/autothaiduong.vn\/wp-content\/uploads\/2025\/05\/bigpicm1-4-1024x290.png 1024w, https:\/\/autothaiduong.vn\/wp-content\/uploads\/2025\/05\/bigpicm1-4-768x217.png 768w\" sizes=\"auto, (max-width: 1280px) 100vw, 1280px\" \/><\/p>\n<p>&nbsp;<\/p>\n<h2>K\u1ebeT N\u1ed0I WIFI TRUY\u1ec0N T\u1ea2I VIDEO NHANH CH\u00d3NG<\/h2>\n<p><b>SpeedMap M1\u00a0<\/b>c\u00f2n trang b\u1ecb c\u00f4ng ngh\u1ec7 chu\u1ea9n h\u00ecnh \u1ea3nh H.265 k\u1ebft h\u1ee3p truy\u1ec1n d\u1eef li\u1ec7u kh\u00f4ng d\u00e2y\u00a0gi\u00fap vi\u1ec7c xem l\u1ea1i, tr\u00edch xu\u1ea5t video nhanh ch\u00f3ng tr\u00ean c\u00e1c thi\u1ebft b\u1ecb h\u1ec7 \u0111i\u1ec1u h\u00e0nh Android, IOS th\u00f4ng qua \u1ee9ng d\u1ee5ng VIETMAP REC.<\/p>\n<p><img loading=\"lazy\" decoding=\"async\" class=\"alignnone size-full wp-image-1123\" src=\"https:\/\/autothaiduong.vn\/wp-content\/uploads\/2025\/05\/bigpicm1-6.png\" width=\"1280\" height=\"362\" srcset=\"https:\/\/autothaiduong.vn\/wp-content\/uploads\/2025\/05\/bigpicm1-6.png 1280w, https:\/\/autothaiduong.vn\/wp-content\/uploads\/2025\/05\/bigpicm1-6-600x170.png 600w, https:\/\/autothaiduong.vn\/wp-content\/uploads\/2025\/05\/bigpicm1-6-1024x290.png 1024w, https:\/\/autothaiduong.vn\/wp-content\/uploads\/2025\/05\/bigpicm1-6-768x217.png 768w\" sizes=\"auto, (max-width: 1280px) 100vw, 1280px\" \/><\/p>\n<p>&nbsp;<\/p>\n<h2>AN TO\u00c0N \u0110\u1ed6 XE GHI H\u00ccNH KH\u1ea8N C\u1ea4P<\/h2>\n<p>Nh\u1eefng d\u00f2ng xe cao c\u1ea5p m\u1edbi nh\u01b0 BMW, Audi, Mercedes-benz,&#8230; ti\u1ebfn h\u00e0nh d\u1eddi v\u1ecb tr\u00ed ho\u1eb7c thay th\u1ebf c\u1ed5ng s\u1ea1c t\u1ea9u thu\u1ed1c b\u1eb1ng c\u00e1c c\u1ed5ng k\u1ebft n\u1ed1i m\u1edbi hi\u1ec7n \u0111\u1ea1i h\u01a1n \u0111\u1ed3ng th\u1eddi t\u01b0\u01a1ng th\u00edch v\u1edbi c\u00e1c thi\u1ebft b\u1ecb di \u0111\u1ed9ng nh\u01b0 USB \/ Type C song g\u00e2y kh\u00f3 kh\u0103n trong vi\u1ec7c l\u1eafp \u0111\u1eb7t &amp; s\u1eed d\u1ee5ng c\u00e1c thi\u1ebft b\u1ecb\u00a0<a href=\"https:\/\/vietmap.vn\/camera-hanh-trinh\" target=\"_blank\" rel=\"noopener\"><strong>camera h\u00e0nh tr\u00ecnh<\/strong><\/a>\u00a0c\u00f9ng ph\u1ee5 ki\u1ec7n l\u00e1i xe.<br \/>\nNh\u1eb1m kh\u1eafc ph\u1ee5c kh\u00f3 kh\u0103n trong vi\u1ec7c kh\u00f4ng c\u00f3 c\u1ed5ng t\u1ea9u s\u1ea1c \u0111\u1ed3ng th\u1eddi \u0111\u00e1p \u1ee9ng nhu c\u1ea7u l\u1eafp \u0111\u1eb7t c\u00e1c s\u1ea3n ph\u1ea9m camera h\u00e0nh tr\u00ecnh tr\u00ean c\u00e1c d\u00f2ng xe cao c\u1ea5p &#8211;\u00a0<a href=\"https:\/\/vietmap.vn\/\" target=\"_blank\" rel=\"noopener\"><strong>VIETMAP<\/strong><\/a>\u00a0cho ra m\u1eaft\u00a0<strong>Gi\u1ea3i Ph\u00e1p D\u00e2y Ngu\u1ed3n D\u00e0nh Cho Camera H\u00e0nh Tr\u00ecnh &amp;\u00a0<a href=\"https:\/\/vietmap.vn\/phu-kien-oto\" target=\"_blank\" rel=\"noopener\">Ph\u1ee5 Ki\u1ec7n \u00f4 t\u00f4 m\u1edbi<\/a>\u00a0<\/strong>v\u1edbi c\u00e1c t\u00ednh n\u0103ng n\u1ed5i b\u1eadt:<\/p>\n<ul>\n<li>Thi\u1ebft k\u1ebf nh\u1ecf g\u1ecdn d\u1ec5 d\u00e0ng l\u1eafp \u0111\u1eb7t &amp; s\u1eed d\u1ee5ng.<\/li>\n<li>Kh\u00f4ng c\u1ea7n t\u1ea9u s\u1ea1c thu\u1ed1c l\u00e1 n\u00e2ng t\u1ea7m th\u1ea9m m\u1ef9 xe.<\/li>\n<li>Chu\u1ea9n k\u1ebft n\u1ed1i hi\u1ec7n \u0111\u1ea1i t\u01b0\u01a1ng th\u00edch m\u1ecdi d\u00f2ng xe cao c\u1ea5p.<\/li>\n<\/ul>\n<p>Ngo\u00e0i ra Khi trang b\u1ecb ph\u1ee5 ki\u1ec7n s\u1ea1c ngu\u1ed3n tr\u1ef1c ti\u1ebfp,\u00a0<strong>VIETMAP SpeedMap M1<\/strong>\u00a0s\u1ebd k\u00edch ho\u1ea1t t\u00ednh n\u0103ng ghi h\u00ecnh \u0111\u1ed7 xe. Trong tr\u01b0\u1eddng h\u1ee3p c\u00f3 t\u00e1c \u0111\u1ed9ng do ngo\u1ea1i l\u1ef1c khi xe t\u1eaft m\u00e1y SpeedMap M1\u00a0s\u1ebd t\u1ef1 kh\u1edfi \u0111\u1ed9ng v\u00e0 ti\u1ebfn h\u00e0nh ghi h\u00ecnh kh\u1ea9n c\u1ea5p.<\/p>\n<p>&nbsp;<\/p>\n","protected":false},"excerpt":{"rendered":"<p>Camera h\u00e0nh tr\u00ecnh SpeedMap M1 &#8211; d\u00f2ng camera VIETMAP \u0111\u1ea7u ti\u00ean trang b\u1ecb t\u00ednh n\u0103ng lu\u00f4n hi\u1ec3n th\u1ecb t\u1ed1c \u0111\u1ed9 gi\u1edbi h\u1ea1n khi l\u00e1i xe \u0111\u1ed3ng th\u1eddi c\u1ea3nh b\u00e1o nh\u1eafc nh\u1edf khi v\u01b0\u1ee3t t\u1ed1c \u0111\u1ed9 gi\u1edbi h\u1ea1n. Ngo\u00e0i ra trong video ghi h\u00ecnh t\u00edch h\u1ee3p chi ti\u1ebft th\u00f4ng tin tuy\u1ebfn \u0111\u01b0\u1eddng di chuy\u1ec3n bao g\u1ed3m T\u00ean \u0110\u01b0\u1eddng, Qu\u1eadn, Th\u00e0nh Ph\u1ed1 v\u00e0 t\u1ed1c \u0111\u1ed9 gi\u1edbi h\u1ea1n.<\/p>\n<p><a href=\"https:\/\/c.lazada.vn\/t\/c.0Ej8Qb\"><b>VietMap SpeedMap M1<\/b><\/a>\u00a0c\u00f2n s\u1edf h\u1eefu\u00a0thi\u1ebft k\u1ebf m\u1edbi hi\u1ec7n \u0111\u1ea1i v\u1eeba ghi h\u00ecnh, v\u1eeba \u0111\u1ea3m b\u1ea3o t\u00ednh thanh l\u1ecbch, sang tr\u1ecdng c\u1ee7a n\u1ed9i th\u1ea5t xe. Camera h\u00e0nh tr\u00ecnh SpeedMap M1 v\u1edbi camera tr\u01b0\u1edbc \u0111\u1ed9 ph\u00e2n gi\u1ea3i SUPER HD 2K k\u1ebft h\u1ee3p c\u00f9ng camera sau Full HD 1080p ghi l\u1ea1i chi ti\u1ebft to\u00e0n b\u1ed9 h\u00e0nh tr\u00ecnh tr\u01b0\u1edbc &amp; sau xe c\u00f9ng v\u1edbi th\u00f4ng tin chi ti\u1ebft tuy\u1ebfn \u0111\u01b0\u1eddng di chuy\u1ec3n.<\/p>\n<table border=\"0\" cellspacing=\"1\" cellpadding=\"0\">\n<tbody>\n<tr>\n<td><img decoding=\"async\" src=\"https:\/\/bizweb.dktcdn.net\/thumb\/small\/100\/415\/690\/files\/icon-bsh-3624f797-e28f-49ac-9f82-18bec5bb427e.png?v=1655801071971\" data-thumb=\"small\" \/><\/td>\n<td>S\u1ea2N PH\u1ea8M \u00c1P D\u1ee4NG B\u1ea2O HI\u1ec2M<br \/>\nTR\u00c1CH NHI\u1ec6M S\u1ea2N PH\u1ea8M<\/td>\n<\/tr>\n<\/tbody>\n<\/table>\n","protected":false},"featured_media":1117,"comment_status":"open","ping_status":"closed","template":"","meta":[],"product_brand":[84],"product_cat":[76],"product_tag":[],"class_list":{"0":"post-1116","1":"product","2":"type-product","3":"status-publish","4":"has-post-thumbnail","6":"product_brand-vietmap","7":"product_cat-camera-hanh-trinh","9":"first","10":"instock","11":"shipping-taxable","12":"purchasable","13":"product-type-simple"},"_links":{"self":[{"href":"https:\/\/autothaiduong.vn\/index.php?rest_route=\/wp\/v2\/product\/1116","targetHints":{"allow":["GET"]}}],"collection":[{"href":"https:\/\/autothaiduong.vn\/index.php?rest_route=\/wp\/v2\/product"}],"about":[{"href":"https:\/\/autothaiduong.vn\/index.php?rest_route=\/wp\/v2\/types\/product"}],"replies":[{"embeddable":true,"href":"https:\/\/autothaiduong.vn\/index.php?rest_route=%2Fwp%2Fv2%2Fcomments&post=1116"}],"wp:featuredmedia":[{"embeddable":true,"href":"https:\/\/autothaiduong.vn\/index.php?rest_route=\/wp\/v2\/media\/1117"}],"wp:attachment":[{"href":"https:\/\/autothaiduong.vn\/index.php?rest_route=%2Fwp%2Fv2%2Fmedia&parent=1116"}],"wp:term":[{"taxonomy":"product_brand","embeddable":true,"href":"https:\/\/autothaiduong.vn\/index.php?rest_route=%2Fwp%2Fv2%2Fproduct_brand&post=1116"},{"taxonomy":"product_cat","embeddable":true,"href":"https:\/\/autothaiduong.vn\/index.php?rest_route=%2Fwp%2Fv2%2Fproduct_cat&post=1116"},{"taxonomy":"product_tag","embeddable":true,"href":"https:\/\/autothaiduong.vn\/index.php?rest_route=%2Fwp%2Fv2%2Fproduct_tag&post=1116"}],"curies":[{"name":"wp","href":"https:\/\/api.w.org\/{rel}","templated":true}]}}