{"id":1135,"date":"2025-05-11T16:38:43","date_gmt":"2025-05-11T16:38:43","guid":{"rendered":"https:\/\/autothaiduong.vn\/?post_type=product&#038;p=1135"},"modified":"2025-05-11T16:39:13","modified_gmt":"2025-05-11T16:39:13","slug":"vietmap-ts-c9p-2","status":"publish","type":"product","link":"https:\/\/autothaiduong.vn\/?product=vietmap-ts-c9p-2","title":{"rendered":"VIETMAP TS-C9P"},"content":{"rendered":"<p><img loading=\"lazy\" decoding=\"async\" class=\" wp-image-1044 aligncenter\" src=\"https:\/\/autothaiduong.vn\/wp-content\/uploads\/2025\/05\/z6584734442481_f208f5944548cb4b46353402ce2e64e0.jpg\" alt=\"\" width=\"263\" height=\"233\" \/><\/p>\n<p style=\"text-align: center;\"><span style=\"color: #ff0000; font-size: 150%;\"><strong>273-275 Tr\u1ea7n Ph\u00fa Ph\u01b0\u1eddng L\u1ed9c S\u01a1n Th\u00e0nh Ph\u1ed1 B\u1ea3o L\u1ed9c T\u1ec9nh L\u00e2m \u0110\u1ed3ng<\/strong><\/span><\/p>\n<p style=\"text-align: center;\"><span style=\"color: #ff0000; font-size: 150%;\"><strong> Hotline: 0912197441<\/strong><\/span><\/p>\n<section class=\"product-especially\">\n<div class=\"container\">\n<div class=\"rte\">\n<p><strong>***T\u1eb6NG NGAY B\u1ea2N QUY\u1ec0N VIETMAP LIVE PRO\u00a0 &#8211; 12 TH\u00c1NG khi mua s\u1ea3n ph\u1ea9m<\/strong><\/p>\n<p><img loading=\"lazy\" decoding=\"async\" class=\"alignnone size-full wp-image-1140\" src=\"https:\/\/autothaiduong.vn\/wp-content\/uploads\/2025\/05\/microsoftteams-image-38.png\" width=\"1280\" height=\"604\" srcset=\"https:\/\/autothaiduong.vn\/wp-content\/uploads\/2025\/05\/microsoftteams-image-38.png 1280w, https:\/\/autothaiduong.vn\/wp-content\/uploads\/2025\/05\/microsoftteams-image-38-600x283.png 600w, https:\/\/autothaiduong.vn\/wp-content\/uploads\/2025\/05\/microsoftteams-image-38-1024x483.png 1024w, https:\/\/autothaiduong.vn\/wp-content\/uploads\/2025\/05\/microsoftteams-image-38-768x362.png 768w\" sizes=\"auto, (max-width: 1280px) 100vw, 1280px\" \/><\/p>\n<h2>GI\u1ea2I PH\u00c1P CAMERA GHI H\u00ccNH TO\u00c0N C\u1ea2NH<\/h2>\n<p><strong>VIETMAP TS-C9P<\/strong>\u00a0<strong><a href=\"https:\/\/vietmap.vn\/camera-hanh-trinh\" target=\"_blank\" rel=\"noopener\">Camera h\u00e0nh tr\u00ecnh<\/a><\/strong>\u00a0v\u1edbi \u1ed1ng k\u00ednh ghi h\u00ecnh g\u00f3c r\u1ed9ng, ch\u1ea5t l\u01b0\u1ee3ng\u00a0<b>2K\u00a0<\/b>(2560x1440p)\u00a0gi\u00fap ghi l\u1ea1i chi ti\u1ebft to\u00e0n c\u1ea3nh tr\u01b0\u1edbc xe.<\/p>\n<h2><img loading=\"lazy\" decoding=\"async\" class=\"alignnone size-full wp-image-1141\" src=\"https:\/\/autothaiduong.vn\/wp-content\/uploads\/2025\/05\/biggic-c9p-2.jpg\" width=\"1280\" height=\"604\" srcset=\"https:\/\/autothaiduong.vn\/wp-content\/uploads\/2025\/05\/biggic-c9p-2.jpg 1280w, https:\/\/autothaiduong.vn\/wp-content\/uploads\/2025\/05\/biggic-c9p-2-600x283.jpg 600w, https:\/\/autothaiduong.vn\/wp-content\/uploads\/2025\/05\/biggic-c9p-2-1024x483.jpg 1024w, https:\/\/autothaiduong.vn\/wp-content\/uploads\/2025\/05\/biggic-c9p-2-768x362.jpg 768w\" sizes=\"auto, (max-width: 1280px) 100vw, 1280px\" \/><\/h2>\n<h2>M\u00c0N H\u00ccNH HI\u1ec2N TH\u1eca LCD 0.96&#8243;<\/h2>\n<p><strong>VIETMAP\u00a0TS-C9P\u00a0<\/strong>\u0111\u01b0\u1ee3c trang b\u1ecb m\u00e0n h\u00ecnh LCD nh\u1ecf \u1edf ph\u1ea7n th\u00e2n m\u00e1y gi\u00fap quan s\u00e1t nhanh ch\u00f3ng tr\u1ea1ng th\u00e1i ho\u1ea1t \u0111\u1ed9ng c\u1ee7a camera: T\u00ecnh tr\u1ea1ng ghi h\u00ecnh, ghi \u00e2m, k\u1ebft n\u1ed1i Wi-Fi, k\u1ebft n\u1ed1i th\u1ebb nh\u1edb v\u00e0 hi\u1ec3n th\u1ecb th\u1eddi gian<\/p>\n<h2><img loading=\"lazy\" decoding=\"async\" class=\"alignnone size-full wp-image-1142\" src=\"https:\/\/autothaiduong.vn\/wp-content\/uploads\/2025\/05\/biggic-c9p-6.jpg\" width=\"1280\" height=\"604\" srcset=\"https:\/\/autothaiduong.vn\/wp-content\/uploads\/2025\/05\/biggic-c9p-6.jpg 1280w, https:\/\/autothaiduong.vn\/wp-content\/uploads\/2025\/05\/biggic-c9p-6-600x283.jpg 600w, https:\/\/autothaiduong.vn\/wp-content\/uploads\/2025\/05\/biggic-c9p-6-1024x483.jpg 1024w, https:\/\/autothaiduong.vn\/wp-content\/uploads\/2025\/05\/biggic-c9p-6-768x362.jpg 768w\" sizes=\"auto, (max-width: 1280px) 100vw, 1280px\" \/><\/h2>\n<h2>B\u1ec0N B\u1ec8 V\u1edaI PIN SI\u00caU T\u1ee4 \u0110I\u1ec6N<\/h2>\n<p><strong>VIETMAP TS-C9P\u00a0<\/strong>\u0111\u01b0\u1ee3c trang b\u1ecb c\u00f4ng ngh\u1ec7 pin m\u1edbi trong vi\u1ec7c \u00e1p\u00a0d\u1ee5ng pin si\u00eau t\u1ee5 \u0111i\u1ec7n v\u1edbi kh\u1ea3 n\u0103ng n\u1ea1p n\u0103ng l\u01b0\u1ee3ng nhanh ch\u00f3ng v\u00e0 ch\u1ecbu nhi\u1ec7t cao. Gi\u00fap n\u00e2ng cao kh\u1ea3 n\u0103ng ho\u1ea1t \u0111\u1ed9ng li\u00ean t\u1ee5c v\u00e0 t\u0103ng c\u01b0\u1eddng tu\u1ed5i th\u1ecd thi\u1ebft b\u1ecb.<\/p>\n<p><img loading=\"lazy\" decoding=\"async\" class=\"alignnone size-full wp-image-1143\" src=\"https:\/\/autothaiduong.vn\/wp-content\/uploads\/2025\/05\/biggic-c9p-3.jpg\" width=\"1280\" height=\"604\" srcset=\"https:\/\/autothaiduong.vn\/wp-content\/uploads\/2025\/05\/biggic-c9p-3.jpg 1280w, https:\/\/autothaiduong.vn\/wp-content\/uploads\/2025\/05\/biggic-c9p-3-600x283.jpg 600w, https:\/\/autothaiduong.vn\/wp-content\/uploads\/2025\/05\/biggic-c9p-3-1024x483.jpg 1024w, https:\/\/autothaiduong.vn\/wp-content\/uploads\/2025\/05\/biggic-c9p-3-768x362.jpg 768w\" sizes=\"auto, (max-width: 1280px) 100vw, 1280px\" \/><\/p>\n<h2>T\u00cdCH H\u1ee2P GPS B\u00caN TRONG TH\u00c2N M\u00c1Y<\/h2>\n<h2>Thi\u1ebft k\u1ebf h\u01b0\u1edbng \u0111\u1ebfn s\u1ef1 nh\u1ecf g\u1ecdn v\u00e0 hi\u1ec7n \u0111\u1ea1i TS-C9P \u0111\u01b0\u1ee3c t\u00edch h\u1ee3p ph\u1ea7n chip GPS v\u00e0o trong th\u00e2n m\u00e1y gi\u00fap vi\u1ec7c ghi h\u00ecnh lu\u00f4n hi\u1ec3n th\u1ecb \u0111\u1ed3ng th\u1eddi th\u00f4ng tin to\u1ea1 \u0111\u1ed9, v\u1ecb tr\u00ed v\u00e0 t\u1ed1c \u0111\u1ed9.<\/h2>\n<p><img loading=\"lazy\" decoding=\"async\" class=\"alignnone size-full wp-image-1144\" src=\"https:\/\/autothaiduong.vn\/wp-content\/uploads\/2025\/05\/biggic-c9p-5.jpg\" width=\"1280\" height=\"604\" srcset=\"https:\/\/autothaiduong.vn\/wp-content\/uploads\/2025\/05\/biggic-c9p-5.jpg 1280w, https:\/\/autothaiduong.vn\/wp-content\/uploads\/2025\/05\/biggic-c9p-5-600x283.jpg 600w, https:\/\/autothaiduong.vn\/wp-content\/uploads\/2025\/05\/biggic-c9p-5-1024x483.jpg 1024w, https:\/\/autothaiduong.vn\/wp-content\/uploads\/2025\/05\/biggic-c9p-5-768x362.jpg 768w\" sizes=\"auto, (max-width: 1280px) 100vw, 1280px\" \/><\/p>\n<h2>K\u1ebeT N\u1ed0I WIFI &#8211; TRUY\u1ec0N T\u1ea2I VIDEO NHANH CH\u00d3NG<\/h2>\n<p><strong>VIETMAP TS-C9P<\/strong>\u00a0trang b\u1ecb c\u00f4ng ngh\u1ec7 truy\u1ec1n d\u1eef li\u1ec7u th\u00f4ng qua k\u1ebft n\u1ed1i\u00a0<strong>WIFI<\/strong>\u00a0kh\u00f4ng d\u00e2y, gi\u00fap vi\u1ec7c xem l\u1ea1i, l\u01b0u tr\u1eef chia s\u1ebb\u00a0video d\u1ec5 d\u00e0ng tr\u00ean c\u00e1c thi\u1ebft b\u1ecb h\u1ec7 \u0111i\u1ec1u h\u00e0nh Android, IOS th\u00f4ng qua \u1ee9ng d\u1ee5ng\u00a0<strong><a href=\"https:\/\/vietmap.vn\/\" target=\"_blank\" rel=\"noopener\">VIETMAP<\/a>\u00a0REC<\/strong>.<\/p>\n<p><img loading=\"lazy\" decoding=\"async\" class=\"alignnone size-full wp-image-1145\" src=\"https:\/\/autothaiduong.vn\/wp-content\/uploads\/2025\/05\/biggic-c9p-4.jpg\" width=\"1280\" height=\"604\" srcset=\"https:\/\/autothaiduong.vn\/wp-content\/uploads\/2025\/05\/biggic-c9p-4.jpg 1280w, https:\/\/autothaiduong.vn\/wp-content\/uploads\/2025\/05\/biggic-c9p-4-600x283.jpg 600w, https:\/\/autothaiduong.vn\/wp-content\/uploads\/2025\/05\/biggic-c9p-4-1024x483.jpg 1024w, https:\/\/autothaiduong.vn\/wp-content\/uploads\/2025\/05\/biggic-c9p-4-768x362.jpg 768w\" sizes=\"auto, (max-width: 1280px) 100vw, 1280px\" \/><\/p>\n<h2>AN TO\u00c0N V\u1edaI C\u1ea2M BI\u1ebeN VA CH\u1ea0M<\/h2>\n<p>Camera h\u00e0nh tr\u00ecnh\u00a0<b>VIETMAP<\/b><strong>\u00a0C9P\u00a0<\/strong>\u0111\u01b0\u1ee3c trang b\u1ecb\u00a0<strong>c\u1ea3m bi\u1ebfn\u00a0G-Sensor<\/strong>\u00a0gi\u00fap t\u1ef1 \u0111\u1ed9ng kh\u00f3a ghi h\u00ecnh khi c\u00f3 va ch\u1ea1m. Trong qu\u00e1\u00a0tr\u00ecnh di chuy\u1ec3n c\u1ee7a xe khi x\u1ea3y ra rung l\u1eafc, va ch\u1ea1m thi\u1ebft b\u1ecb s\u1ebd t\u1ef1 \u0111\u1ed9ng kh\u00f3a v\u00e0 b\u1ea3o v\u1ec7 video.<\/p>\n<p>&nbsp;<\/p>\n<\/div>\n<\/div>\n<\/section>\n<section class=\"product-especially\"><img loading=\"lazy\" decoding=\"async\" class=\"alignnone size-full wp-image-1146\" src=\"https:\/\/autothaiduong.vn\/wp-content\/uploads\/2025\/05\/microsoftteams-image-32-5d823118-43ac-41e2-ad74-360603b2e39e.png\" alt=\"Banner 3\" width=\"1280\" height=\"480\" srcset=\"https:\/\/autothaiduong.vn\/wp-content\/uploads\/2025\/05\/microsoftteams-image-32-5d823118-43ac-41e2-ad74-360603b2e39e.png 1280w, https:\/\/autothaiduong.vn\/wp-content\/uploads\/2025\/05\/microsoftteams-image-32-5d823118-43ac-41e2-ad74-360603b2e39e-600x225.png 600w, https:\/\/autothaiduong.vn\/wp-content\/uploads\/2025\/05\/microsoftteams-image-32-5d823118-43ac-41e2-ad74-360603b2e39e-1024x384.png 1024w, https:\/\/autothaiduong.vn\/wp-content\/uploads\/2025\/05\/microsoftteams-image-32-5d823118-43ac-41e2-ad74-360603b2e39e-768x288.png 768w\" sizes=\"auto, (max-width: 1280px) 100vw, 1280px\" \/><\/section>\n","protected":false},"excerpt":{"rendered":"<p>Tr\u1ea3i nghi\u1ec7m ch\u1ea5t l\u01b0\u1ee3ng h\u00ecnh \u1ea3nh r\u00f5 n\u00e9t m\u1ecdi l\u00fac v\u1edbi VIETMAP TS-C9P, camera h\u00e0nh tr\u00ecnh \u0111\u1ec9nh cao v\u1edbi ch\u1ea5t l\u01b0\u1ee3ng ghi h\u00ecnh 2K v\u01b0\u1ee3t tr\u1ed9i.<strong>\u00a0T\u1eb7ng ngay b\u1ea3n quy\u1ec1n VIETMAP LIVE PRO &#8211; 12 th\u00e1ng khi mua s\u1ea3n ph\u1ea9m.<\/strong><\/p>\n<p>Camera VIETMAP TS-C9P\u00a0\u0111\u01b0\u1ee3c\u00a0trang b\u1ecb c\u00f4ng ngh\u1ec7 truy\u1ec1n d\u1eef li\u1ec7u th\u00f4ng qua k\u1ebft n\u1ed1i WIFI kh\u00f4ng d\u00e2y, gi\u00fap vi\u1ec7c xem l\u1ea1i, l\u01b0u tr\u1eef chia s\u1ebb video l\u00ean m\u1ea1ng x\u00e3 h\u1ed9i d\u1ec5 d\u00e0ng tr\u00ean c\u00e1c thi\u1ebft b\u1ecb h\u1ec7 \u0111i\u1ec1u h\u00e0nh Android v\u00e0 IOS th\u00f4ng qua \u1ee9ng d\u1ee5ng VIETMAP REC.<\/p>\n<table border=\"0\" cellspacing=\"1\" cellpadding=\"0\">\n<tbody>\n<tr>\n<td><img decoding=\"async\" src=\"https:\/\/bizweb.dktcdn.net\/thumb\/small\/100\/415\/690\/files\/icon-bsh-3624f797-e28f-49ac-9f82-18bec5bb427e.png?v=1655801071971\" data-thumb=\"small\" \/><\/td>\n<td>S\u1ea2N PH\u1ea8M \u00c1P D\u1ee4NG B\u1ea2O HI\u1ec2M<br \/>\nTR\u00c1CH NHI\u1ec6M S\u1ea2N PH\u1ea8M<\/td>\n<\/tr>\n<\/tbody>\n<\/table>\n","protected":false},"featured_media":1136,"comment_status":"open","ping_status":"closed","template":"","meta":[],"product_brand":[84],"product_cat":[76],"product_tag":[],"class_list":{"0":"post-1135","1":"product","2":"type-product","3":"status-publish","4":"has-post-thumbnail","6":"product_brand-vietmap","7":"product_cat-camera-hanh-trinh","9":"first","10":"instock","11":"shipping-taxable","12":"purchasable","13":"product-type-simple"},"_links":{"self":[{"href":"https:\/\/autothaiduong.vn\/index.php?rest_route=\/wp\/v2\/product\/1135","targetHints":{"allow":["GET"]}}],"collection":[{"href":"https:\/\/autothaiduong.vn\/index.php?rest_route=\/wp\/v2\/product"}],"about":[{"href":"https:\/\/autothaiduong.vn\/index.php?rest_route=\/wp\/v2\/types\/product"}],"replies":[{"embeddable":true,"href":"https:\/\/autothaiduong.vn\/index.php?rest_route=%2Fwp%2Fv2%2Fcomments&post=1135"}],"wp:featuredmedia":[{"embeddable":true,"href":"https:\/\/autothaiduong.vn\/index.php?rest_route=\/wp\/v2\/media\/1136"}],"wp:attachment":[{"href":"https:\/\/autothaiduong.vn\/index.php?rest_route=%2Fwp%2Fv2%2Fmedia&parent=1135"}],"wp:term":[{"taxonomy":"product_brand","embeddable":true,"href":"https:\/\/autothaiduong.vn\/index.php?rest_route=%2Fwp%2Fv2%2Fproduct_brand&post=1135"},{"taxonomy":"product_cat","embeddable":true,"href":"https:\/\/autothaiduong.vn\/index.php?rest_route=%2Fwp%2Fv2%2Fproduct_cat&post=1135"},{"taxonomy":"product_tag","embeddable":true,"href":"https:\/\/autothaiduong.vn\/index.php?rest_route=%2Fwp%2Fv2%2Fproduct_tag&post=1135"}],"curies":[{"name":"wp","href":"https:\/\/api.w.org\/{rel}","templated":true}]}}