{"id":1147,"date":"2025-05-11T16:41:30","date_gmt":"2025-05-11T16:41:30","guid":{"rendered":"https:\/\/autothaiduong.vn\/?post_type=product&#038;p=1147"},"modified":"2025-05-11T16:41:54","modified_gmt":"2025-05-11T16:41:54","slug":"vietmap-ts-2k","status":"publish","type":"product","link":"https:\/\/autothaiduong.vn\/?product=vietmap-ts-2k","title":{"rendered":"VIETMAP TS-2K"},"content":{"rendered":"<p><img loading=\"lazy\" decoding=\"async\" class=\" wp-image-1044 aligncenter\" src=\"https:\/\/autothaiduong.vn\/wp-content\/uploads\/2025\/05\/z6584734442481_f208f5944548cb4b46353402ce2e64e0.jpg\" alt=\"\" width=\"306\" height=\"270\" \/><\/p>\n<p style=\"text-align: center;\"><span style=\"font-size: 150%;\"><strong><span style=\"color: #ff0000;\">273-275 Tr\u1ea7n Ph\u00fa Ph\u01b0\u1eddng L\u1ed9c S\u01a1n Th\u00e0nh Ph\u1ed1 B\u1ea3o L\u1ed9c T\u1ec9nh L\u00e2m \u0110\u1ed3ng<\/span><\/strong><\/span><\/p>\n<p style=\"text-align: center;\"><span style=\"font-size: 150%;\"><strong><span style=\"color: #ff0000;\"> Hotline: 0912197441<\/span><\/strong><\/span><\/p>\n<p><img loading=\"lazy\" decoding=\"async\" class=\"alignnone size-full wp-image-1149\" src=\"https:\/\/autothaiduong.vn\/wp-content\/uploads\/2025\/05\/bigpic-ts2k-4-54e7eda9-abdb-4c0f-9d6c-f84ea1d11003.png\" width=\"1200\" height=\"340\" srcset=\"https:\/\/autothaiduong.vn\/wp-content\/uploads\/2025\/05\/bigpic-ts2k-4-54e7eda9-abdb-4c0f-9d6c-f84ea1d11003.png 1200w, https:\/\/autothaiduong.vn\/wp-content\/uploads\/2025\/05\/bigpic-ts2k-4-54e7eda9-abdb-4c0f-9d6c-f84ea1d11003-600x170.png 600w, https:\/\/autothaiduong.vn\/wp-content\/uploads\/2025\/05\/bigpic-ts2k-4-54e7eda9-abdb-4c0f-9d6c-f84ea1d11003-1024x290.png 1024w, https:\/\/autothaiduong.vn\/wp-content\/uploads\/2025\/05\/bigpic-ts2k-4-54e7eda9-abdb-4c0f-9d6c-f84ea1d11003-768x218.png 768w\" sizes=\"auto, (max-width: 1200px) 100vw, 1200px\" \/><\/p>\n<p>&nbsp;<\/p>\n<h2>CAMERA GHI H\u00ccNH K\u00c9P TO\u00c0N C\u1ea2NH<br \/>\nTR\u01af\u1edaC &amp; SAU<\/h2>\n<p><strong>VIETMAP TS-2K<\/strong>\u00a0v\u1edbi camera tr\u01b0\u1edbc \u0111\u1ed9 ph\u00e2n gi\u1ea3i\u00a0<strong>SUPER HD 2K<\/strong>\u00a0k\u1ebft h\u1ee3p c\u00f9ng camera sau\u00a0<strong>Full HD 1080p<\/strong>\u00a0ghi l\u1ea1i chi ti\u1ebft to\u00e0n b\u1ed9 h\u00e0nh tr\u00ecnh tr\u01b0\u1edbc &amp; sau xe c\u00f9ng v\u1edbi t\u1ed1c \u0111\u1ed9.<\/p>\n<p><img loading=\"lazy\" decoding=\"async\" class=\"alignnone size-full wp-image-1150\" src=\"https:\/\/autothaiduong.vn\/wp-content\/uploads\/2025\/05\/bigpic-ts2k-5-59cc96b9-513e-44d5-8b63-f72baa3046d0.png\" width=\"1200\" height=\"340\" srcset=\"https:\/\/autothaiduong.vn\/wp-content\/uploads\/2025\/05\/bigpic-ts2k-5-59cc96b9-513e-44d5-8b63-f72baa3046d0.png 1200w, https:\/\/autothaiduong.vn\/wp-content\/uploads\/2025\/05\/bigpic-ts2k-5-59cc96b9-513e-44d5-8b63-f72baa3046d0-600x170.png 600w, https:\/\/autothaiduong.vn\/wp-content\/uploads\/2025\/05\/bigpic-ts2k-5-59cc96b9-513e-44d5-8b63-f72baa3046d0-1024x290.png 1024w, https:\/\/autothaiduong.vn\/wp-content\/uploads\/2025\/05\/bigpic-ts2k-5-59cc96b9-513e-44d5-8b63-f72baa3046d0-768x218.png 768w\" sizes=\"auto, (max-width: 1200px) 100vw, 1200px\" \/><\/p>\n<p>&nbsp;<\/p>\n<h2>C\u1ea2NH B\u00c1O BI\u1ec2N GIAO TH\u00d4NG<br \/>\nB\u1eb0NG GI\u1eccNG N\u00d3I<\/h2>\n<p><strong>VIETMAP TS-2K\u00a0<\/strong>v\u1edbi t\u00ednh n\u0103ng \u0111\u1ed9c \u0111\u00e1o c\u1ea3nh b\u00e1o th\u00f4ng tin giao th\u00f4ng b\u1eb1ng gi\u1ecdng n\u00f3i tr\u00ean to\u00e0n qu\u1ed1c:<\/p>\n<ul>\n<li>C\u1ea3nh b\u00e1o bi\u1ec3n b\u00e1o gi\u1edbi h\u1ea1n t\u1ed1c \u0111\u1ed9.<\/li>\n<li>C\u1ea3nh b\u00e1o v\u00e0o v\u00e0 ra kh\u1ecfi khu d\u00e2n c\u01b0.<\/li>\n<li>C\u1ea3nh b\u00e1o bi\u1ec3n b\u00e1o c\u1ea5m v\u01b0\u1ee3t\/ h\u1ebft c\u1ea5m v\u01b0\u1ee3t.<\/li>\n<li>B\u00e1o khu v\u1ef1c c\u00f3 camera giao th\u00f4ng.<\/li>\n<li>C\u1ea3nh b\u00e1o khu v\u1ef1c th\u01b0\u1eddng xuy\u00ean ki\u1ec3m tra t\u1ed1c \u0111\u1ed9.<\/li>\n<\/ul>\n<p>(V\u00e0 m\u1ed9t s\u1ed1 th\u00f4ng tin c\u1ea3nh b\u00e1o giao th\u00f4ng quan tr\u1ecdng kh\u00e1c)<\/p>\n<p>D\u1eef li\u1ec7u th\u00f4ng tin bi\u1ec3n b\u00e1o giao th\u00f4ng \u0111\u01b0\u1ee3c\u00a0<strong>VIETMAP<\/strong>\u00a0thu th\u1eadp v\u00e0 c\u1eadp nh\u1eadt th\u01b0\u1eddng xuy\u00ean.<\/p>\n<p><img loading=\"lazy\" decoding=\"async\" class=\"alignnone size-full wp-image-1151\" src=\"https:\/\/autothaiduong.vn\/wp-content\/uploads\/2025\/05\/bigpic-ts2k-3-4d5860bc-db78-4e9c-b756-8d13680636cf.png\" width=\"1200\" height=\"340\" srcset=\"https:\/\/autothaiduong.vn\/wp-content\/uploads\/2025\/05\/bigpic-ts2k-3-4d5860bc-db78-4e9c-b756-8d13680636cf.png 1200w, https:\/\/autothaiduong.vn\/wp-content\/uploads\/2025\/05\/bigpic-ts2k-3-4d5860bc-db78-4e9c-b756-8d13680636cf-600x170.png 600w, https:\/\/autothaiduong.vn\/wp-content\/uploads\/2025\/05\/bigpic-ts2k-3-4d5860bc-db78-4e9c-b756-8d13680636cf-1024x290.png 1024w, https:\/\/autothaiduong.vn\/wp-content\/uploads\/2025\/05\/bigpic-ts2k-3-4d5860bc-db78-4e9c-b756-8d13680636cf-768x218.png 768w\" sizes=\"auto, (max-width: 1200px) 100vw, 1200px\" \/><\/p>\n<p>&nbsp;<\/p>\n<h2>AN TO\u00c0N \u0110\u1ed6 XE GHI H\u00ccNH KH\u1ea8N C\u1ea4P<\/h2>\n<p>Nh\u1eefng d\u00f2ng xe cao c\u1ea5p m\u1edbi nh\u01b0 BMW, Audi, Mercedes-benz,&#8230; ti\u1ebfn h\u00e0nh d\u1eddi v\u1ecb tr\u00ed ho\u1eb7c thay th\u1ebf c\u1ed5ng s\u1ea1c t\u1ea9u thu\u1ed1c b\u1eb1ng c\u00e1c c\u1ed5ng k\u1ebft n\u1ed1i m\u1edbi hi\u1ec7n \u0111\u1ea1i h\u01a1n \u0111\u1ed3ng th\u1eddi t\u01b0\u01a1ng th\u00edch v\u1edbi c\u00e1c thi\u1ebft b\u1ecb di \u0111\u1ed9ng nh\u01b0 USB \/ Type C song g\u00e2y kh\u00f3 kh\u0103n trong vi\u1ec7c l\u1eafp \u0111\u1eb7t &amp; s\u1eed d\u1ee5ng c\u00e1c thi\u1ebft b\u1ecb\u00a0<a href=\"https:\/\/vietmap.vn\/camera-hanh-trinh\" target=\"_blank\" rel=\"noopener\"><strong>camera h\u00e0nh tr\u00ecnh<\/strong><\/a>\u00a0c\u00f9ng ph\u1ee5 ki\u1ec7n l\u00e1i xe.<br \/>\nNh\u1eb1m kh\u1eafc ph\u1ee5c kh\u00f3 kh\u0103n trong vi\u1ec7c kh\u00f4ng c\u00f3 c\u1ed5ng t\u1ea9u s\u1ea1c \u0111\u1ed3ng th\u1eddi \u0111\u00e1p \u1ee9ng nhu c\u1ea7u l\u1eafp \u0111\u1eb7t c\u00e1c s\u1ea3n ph\u1ea9m camera h\u00e0nh tr\u00ecnh tr\u00ean c\u00e1c d\u00f2ng xe cao c\u1ea5p &#8211;\u00a0<a href=\"https:\/\/vietmap.vn\/\" target=\"_blank\" rel=\"noopener\"><strong>VIETMAP<\/strong><\/a>\u00a0cho ra m\u1eaft\u00a0<strong>Gi\u1ea3i Ph\u00e1p D\u00e2y Ngu\u1ed3n D\u00e0nh Cho Camera H\u00e0nh Tr\u00ecnh &amp; Ph\u1ee5 Ki\u1ec7n \u00f4 t\u00f4 m\u1edbi\u00a0<\/strong>v\u1edbi c\u00e1c t\u00ednh n\u0103ng n\u1ed5i b\u1eadt:<\/p>\n<ul>\n<li>Thi\u1ebft k\u1ebf nh\u1ecf g\u1ecdn d\u1ec5 d\u00e0ng l\u1eafp \u0111\u1eb7t &amp; s\u1eed d\u1ee5ng.<\/li>\n<li>Kh\u00f4ng c\u1ea7n t\u1ea9u s\u1ea1c thu\u1ed1c l\u00e1 n\u00e2ng t\u1ea7m th\u1ea9m m\u1ef9 xe.<\/li>\n<li>Chu\u1ea9n k\u1ebft n\u1ed1i hi\u1ec7n \u0111\u1ea1i t\u01b0\u01a1ng th\u00edch m\u1ecdi d\u00f2ng xe cao c\u1ea5p.<\/li>\n<\/ul>\n<p>Ngo\u00e0i ra\u00a0Khi trang b\u1ecb ph\u1ee5 ki\u1ec7n s\u1ea1c ngu\u1ed3n tr\u1ef1c ti\u1ebfp,\u00a0<strong>VIETMAP TS-2K<\/strong>\u00a0s\u1ebd k\u00edch ho\u1ea1t t\u00ednh n\u0103ng ghi h\u00ecnh \u0111\u1ed7 xe. Trong tr\u01b0\u1eddng h\u1ee3p c\u00f3 t\u00e1c \u0111\u1ed9ng do ngo\u1ea1i l\u1ef1c khi xe t\u1eaft m\u00e1y TS-2K s\u1ebd t\u1ef1 kh\u1edfi \u0111\u1ed9ng v\u00e0 ti\u1ebfn h\u00e0nh ghi h\u00ecnh kh\u1ea9n c\u1ea5p.<\/p>\n<p><img loading=\"lazy\" decoding=\"async\" class=\"alignnone size-full wp-image-1152\" src=\"https:\/\/autothaiduong.vn\/wp-content\/uploads\/2025\/05\/bigpic-ts2k-6-500e55e2-7cb7-44d1-a3c0-10fcb25b7a00.png\" width=\"1200\" height=\"340\" srcset=\"https:\/\/autothaiduong.vn\/wp-content\/uploads\/2025\/05\/bigpic-ts2k-6-500e55e2-7cb7-44d1-a3c0-10fcb25b7a00.png 1200w, https:\/\/autothaiduong.vn\/wp-content\/uploads\/2025\/05\/bigpic-ts2k-6-500e55e2-7cb7-44d1-a3c0-10fcb25b7a00-600x170.png 600w, https:\/\/autothaiduong.vn\/wp-content\/uploads\/2025\/05\/bigpic-ts2k-6-500e55e2-7cb7-44d1-a3c0-10fcb25b7a00-1024x290.png 1024w, https:\/\/autothaiduong.vn\/wp-content\/uploads\/2025\/05\/bigpic-ts2k-6-500e55e2-7cb7-44d1-a3c0-10fcb25b7a00-768x218.png 768w\" sizes=\"auto, (max-width: 1200px) 100vw, 1200px\" \/><\/p>\n<p>&nbsp;<\/p>\n<h2>C\u1ea2M BI\u1ebeN SONY GHI H\u00ccNH \u0110\u00caM N\u00c9T<\/h2>\n<p><strong>VIETMAP TS-2K\u00a0<\/strong>\u0111\u01b0\u1ee3c t\u00edch h\u1ee3p c\u1ea3m bi\u1ebfn h\u00ecnh \u1ea3nh<strong>\u00a0Sony<\/strong>\u00a0<strong>Starvis\u00a0<\/strong>ghi h\u00ecnh video si\u00eau r\u00f5 n\u00e9t v\u1edbi \u0111\u1ed9 ph\u00e2n gi\u1ea3i\u00a0Super HD\u00a0k\u00eanh tr\u01b0\u1edbc v\u00e0\u00a0Full HD\u00a0k\u00eanh sau\u200b ch\u1ea5t l\u01b0\u1ee3ng h\u00ecnh \u1ea3nh c\u1ef1c r\u00f5 trong \u0111i\u1ec1u ki\u1ec7n m\u00f4i tr\u01b0\u1eddng \u00e1nh s\u00e1ng y\u1ebfu ho\u1eb7c ban \u0111\u00eam.<br \/>\nC\u1ea3m bi\u1ebfn \u1ea3nh\u00a0<strong>Sony Starvis<\/strong>\u00a0c\u00f2n c\u00f3 th\u1ec3 t\u1ef1 \u0111\u1ed9ng \u0111i\u1ec1u ch\u1ec9nh c\u00e2n b\u1eb1ng s\u00e1ng t\u00f9y thu\u1ed9c m\u00f4i tr\u01b0\u1eddng \u00e1nh s\u00e1ng c\u1ef1c y\u1ebfu, gi\u00fap h\u00ecnh \u1ea3nh r\u00f5 n\u00e9t.<\/p>\n<p><img loading=\"lazy\" decoding=\"async\" class=\"alignnone size-full wp-image-1153\" src=\"https:\/\/autothaiduong.vn\/wp-content\/uploads\/2025\/05\/bigpic-ts2k-7-c609a82b-14f2-4f41-a6a1-c36004d91295.png\" width=\"1200\" height=\"340\" srcset=\"https:\/\/autothaiduong.vn\/wp-content\/uploads\/2025\/05\/bigpic-ts2k-7-c609a82b-14f2-4f41-a6a1-c36004d91295.png 1200w, https:\/\/autothaiduong.vn\/wp-content\/uploads\/2025\/05\/bigpic-ts2k-7-c609a82b-14f2-4f41-a6a1-c36004d91295-600x170.png 600w, https:\/\/autothaiduong.vn\/wp-content\/uploads\/2025\/05\/bigpic-ts2k-7-c609a82b-14f2-4f41-a6a1-c36004d91295-1024x290.png 1024w, https:\/\/autothaiduong.vn\/wp-content\/uploads\/2025\/05\/bigpic-ts2k-7-c609a82b-14f2-4f41-a6a1-c36004d91295-768x218.png 768w\" sizes=\"auto, (max-width: 1200px) 100vw, 1200px\" \/><\/p>\n<p>&nbsp;<\/p>\n<h2>K\u1ebeT N\u1ed0I WIFI TRUY\u1ec0N T\u1ea2I VIDEO NHANH CH\u00d3NG<\/h2>\n<p><b>VIETMAP TS-2K\u00a0<\/b>trang b\u1ecb c\u00f4ng ngh\u1ec7 truy\u1ec1n d\u1eef li\u1ec7u kh\u00f4ng d\u00e2y b\u0103ng t\u1ea7n 5.0 Ghz Gi\u00fap vi\u1ec7c xem l\u1ea1i, tr\u00edch xu\u1ea5t video, c\u1eadp nh\u1eadt d\u1eef li\u1ec7u c\u1ea3nh b\u00e1o tr\u1ef1c ti\u1ebfp nhanh ch\u00f3ng th\u00f4ng qua \u1ee9ng d\u1ee5ng\u00a0<strong>VIETMAP REC<\/strong>.<\/p>\n<p><img loading=\"lazy\" decoding=\"async\" class=\"alignnone size-full wp-image-1154\" src=\"https:\/\/autothaiduong.vn\/wp-content\/uploads\/2025\/05\/bigpic-ts2k-8-b65ec172-6caf-4ed1-a3fc-80ae773f961a.png\" width=\"1200\" height=\"340\" srcset=\"https:\/\/autothaiduong.vn\/wp-content\/uploads\/2025\/05\/bigpic-ts2k-8-b65ec172-6caf-4ed1-a3fc-80ae773f961a.png 1200w, https:\/\/autothaiduong.vn\/wp-content\/uploads\/2025\/05\/bigpic-ts2k-8-b65ec172-6caf-4ed1-a3fc-80ae773f961a-600x170.png 600w, https:\/\/autothaiduong.vn\/wp-content\/uploads\/2025\/05\/bigpic-ts2k-8-b65ec172-6caf-4ed1-a3fc-80ae773f961a-1024x290.png 1024w, https:\/\/autothaiduong.vn\/wp-content\/uploads\/2025\/05\/bigpic-ts2k-8-b65ec172-6caf-4ed1-a3fc-80ae773f961a-768x218.png 768w\" sizes=\"auto, (max-width: 1200px) 100vw, 1200px\" \/><\/p>\n<h2>NH\u1ece G\u1eccN TI\u1ec6N L\u1ee2I T\u1ed0I \u01afU N\u1ed8I TH\u1ea4T<\/h2>\n<p><strong>VIETMAP TS-2K<\/strong>\u00a0v\u1edbi thi\u1ebft k\u1ebf &#8220;th\u1ecfi son&#8221; nh\u1ecf g\u1ecdn, linh ho\u1ea1t thao t\u00e1c, d\u1ec5 d\u00e0ng l\u1eafp \u0111\u1eb7t gi\u1ea5u<\/p>\n","protected":false},"excerpt":{"rendered":"<table border=\"1\">\n<tbody>\n<tr>\n<td width=\"100\">C\u1ea3m bi\u1ebfn<\/td>\n<td width=\"270\">SONY Starvis<\/td>\n<\/tr>\n<tr>\n<td width=\"100\">\u1ed0ng k\u00ednh<\/td>\n<td width=\"270\">K\u00eanh tr\u01b0\u1edbc g\u00f3c r\u1ed9ng 150 \u00b0<br \/>\nK\u00eanh sau g\u00f3c r\u1ed9ng 150 \u00b0<br \/>\nC\u00f3 th\u1ec3 \u0111i\u1ec1u ch\u1ec9nh g\u00f3c quay camera<\/td>\n<\/tr>\n<tr>\n<td width=\"100\">C\u1ea3nh b\u00e1o giao th\u00f4ng<\/td>\n<td width=\"270\">C\u00f3<\/td>\n<\/tr>\n<tr>\n<td width=\"100\">G-Sensor<\/td>\n<td width=\"270\">C\u00f3<\/td>\n<\/tr>\n<tr>\n<td width=\"100\">GPS<\/td>\n<td width=\"270\">C\u00f3<\/td>\n<\/tr>\n<tr>\n<td width=\"100\">\u0110\u1ed9 ph\u00e2n gi\u1ea3i video<\/td>\n<td width=\"270\">Camera tr\u01b0\u1edbc Super HD 2K 1440P 30fps<br \/>\nCamera sau Full HD 1080p<\/td>\n<\/tr>\n<tr>\n<td width=\"100\">Th\u1ebb nh\u1edb<\/td>\n<td width=\"270\">MicroSD card (H\u1ed7 tr\u1ee3 th\u1ebb t\u1ed1i \u0111a (128GB)<\/td>\n<\/tr>\n<tr>\n<td width=\"100\">Pin<\/td>\n<td width=\"270\">Si\u00eau t\u1ee5 \u0111i\u1ec7n<\/td>\n<\/tr>\n<tr>\n<td width=\"100\">Ngu\u1ed3n \u0111i\u1ec7n<\/td>\n<td width=\"270\">5V \/ 1A<\/td>\n<\/tr>\n<tr>\n<td width=\"100\">Nhi\u1ec7t \u0111\u1ed9 ho\u1ea1t \u0111\u1ed9ng<\/td>\n<td width=\"270\">20\u00b0C &#8211; 80\u00b0C<\/td>\n<\/tr>\n<tr>\n<td width=\"100\">K\u00edch c\u1ee1<\/td>\n<td width=\"270\">90mm * 30mm * 44mm (LxWxH)<\/td>\n<\/tr>\n<tr>\n<td width=\"100\">\u1ee8ng d\u1ee5ng h\u1ed7 tr\u1ee3<\/td>\n<td width=\"270\">VIETMAP REC<\/td>\n<\/tr>\n<\/tbody>\n<\/table>\n","protected":false},"featured_media":1148,"comment_status":"open","ping_status":"closed","template":"","meta":[],"product_brand":[84],"product_cat":[76],"product_tag":[],"class_list":{"0":"post-1147","1":"product","2":"type-product","3":"status-publish","4":"has-post-thumbnail","6":"product_brand-vietmap","7":"product_cat-camera-hanh-trinh","9":"first","10":"instock","11":"shipping-taxable","12":"product-type-simple"},"_links":{"self":[{"href":"https:\/\/autothaiduong.vn\/index.php?rest_route=\/wp\/v2\/product\/1147","targetHints":{"allow":["GET"]}}],"collection":[{"href":"https:\/\/autothaiduong.vn\/index.php?rest_route=\/wp\/v2\/product"}],"about":[{"href":"https:\/\/autothaiduong.vn\/index.php?rest_route=\/wp\/v2\/types\/product"}],"replies":[{"embeddable":true,"href":"https:\/\/autothaiduong.vn\/index.php?rest_route=%2Fwp%2Fv2%2Fcomments&post=1147"}],"wp:featuredmedia":[{"embeddable":true,"href":"https:\/\/autothaiduong.vn\/index.php?rest_route=\/wp\/v2\/media\/1148"}],"wp:attachment":[{"href":"https:\/\/autothaiduong.vn\/index.php?rest_route=%2Fwp%2Fv2%2Fmedia&parent=1147"}],"wp:term":[{"taxonomy":"product_brand","embeddable":true,"href":"https:\/\/autothaiduong.vn\/index.php?rest_route=%2Fwp%2Fv2%2Fproduct_brand&post=1147"},{"taxonomy":"product_cat","embeddable":true,"href":"https:\/\/autothaiduong.vn\/index.php?rest_route=%2Fwp%2Fv2%2Fproduct_cat&post=1147"},{"taxonomy":"product_tag","embeddable":true,"href":"https:\/\/autothaiduong.vn\/index.php?rest_route=%2Fwp%2Fv2%2Fproduct_tag&post=1147"}],"curies":[{"name":"wp","href":"https:\/\/api.w.org\/{rel}","templated":true}]}}