{"id":1155,"date":"2025-05-11T16:44:13","date_gmt":"2025-05-11T16:44:13","guid":{"rendered":"https:\/\/autothaiduong.vn\/?post_type=product&#038;p=1155"},"modified":"2025-05-11T16:44:48","modified_gmt":"2025-05-11T16:44:48","slug":"vietmap-kc01-canh-bao-giao-thong","status":"publish","type":"product","link":"https:\/\/autothaiduong.vn\/?product=vietmap-kc01-canh-bao-giao-thong","title":{"rendered":"VIETMAP KC01 C\u1ea2NH B\u00c1O GIAO TH\u00d4NG"},"content":{"rendered":"<p><img loading=\"lazy\" decoding=\"async\" class=\" wp-image-1044 aligncenter\" src=\"https:\/\/autothaiduong.vn\/wp-content\/uploads\/2025\/05\/z6584734442481_f208f5944548cb4b46353402ce2e64e0.jpg\" alt=\"\" width=\"278\" height=\"246\" \/><\/p>\n<p style=\"text-align: center;\"><span style=\"font-size: 150%;\"><strong><span style=\"color: #ff0000;\">273-275 Tr\u1ea7n Ph\u00fa Ph\u01b0\u1eddng L\u1ed9c S\u01a1n Th\u00e0nh Ph\u1ed1 B\u1ea3o L\u1ed9c T\u1ec9nh L\u00e2m \u0110\u1ed3ng<\/span><\/strong><\/span><\/p>\n<p style=\"text-align: center;\"><span style=\"font-size: 150%;\"><strong><span style=\"color: #ff0000;\"> Hotline: 0912197441<\/span><\/strong><\/span><\/p>\n<section class=\"product-especially\">\n<div class=\"container\">\n<div class=\"rte\">\n<p><img loading=\"lazy\" decoding=\"async\" class=\"alignnone size-full wp-image-1157\" src=\"https:\/\/autothaiduong.vn\/wp-content\/uploads\/2025\/05\/bigpickc01-2-e87cce10-e322-4276-95e3-dd724aff0458.png\" width=\"1280\" height=\"362\" srcset=\"https:\/\/autothaiduong.vn\/wp-content\/uploads\/2025\/05\/bigpickc01-2-e87cce10-e322-4276-95e3-dd724aff0458.png 1280w, https:\/\/autothaiduong.vn\/wp-content\/uploads\/2025\/05\/bigpickc01-2-e87cce10-e322-4276-95e3-dd724aff0458-600x170.png 600w, https:\/\/autothaiduong.vn\/wp-content\/uploads\/2025\/05\/bigpickc01-2-e87cce10-e322-4276-95e3-dd724aff0458-1024x290.png 1024w, https:\/\/autothaiduong.vn\/wp-content\/uploads\/2025\/05\/bigpickc01-2-e87cce10-e322-4276-95e3-dd724aff0458-768x217.png 768w\" sizes=\"auto, (max-width: 1280px) 100vw, 1280px\" \/><\/p>\n<p>&nbsp;<\/p>\n<h2>CAMERA GHI H\u00ccNH K\u00c9P TO\u00c0N C\u1ea2NH<br \/>\nTR\u01af\u1edaC &amp; SAU<\/h2>\n<p><strong>VIETMAP KC01<\/strong>\u00a0v\u1edbi camera tr\u01b0\u1edbc \u0111\u1ed9 ph\u00e2n gi\u1ea3i\u00a0<strong>SUPER HD 2K<\/strong>\u00a0k\u1ebft h\u1ee3p c\u00f9ng camera sau\u00a0<strong>Full HD 1080p<\/strong>\u00a0ghi l\u1ea1i chi ti\u1ebft to\u00e0n b\u1ed9 h\u00e0nh tr\u00ecnh tr\u01b0\u1edbc &amp; sau xe c\u00f9ng v\u1edbi t\u1ed1c \u0111\u1ed9.<\/p>\n<p><img loading=\"lazy\" decoding=\"async\" class=\"alignnone size-full wp-image-1158\" src=\"https:\/\/autothaiduong.vn\/wp-content\/uploads\/2025\/05\/2.png\" width=\"1280\" height=\"362\" srcset=\"https:\/\/autothaiduong.vn\/wp-content\/uploads\/2025\/05\/2.png 1280w, https:\/\/autothaiduong.vn\/wp-content\/uploads\/2025\/05\/2-600x170.png 600w, https:\/\/autothaiduong.vn\/wp-content\/uploads\/2025\/05\/2-1024x290.png 1024w, https:\/\/autothaiduong.vn\/wp-content\/uploads\/2025\/05\/2-768x217.png 768w\" sizes=\"auto, (max-width: 1280px) 100vw, 1280px\" \/><\/p>\n<p>&nbsp;<\/p>\n<h2>C\u1ea2NH B\u00c1O BI\u1ec2N GIAO TH\u00d4NG<br \/>\nB\u1eb0NG GI\u1eccNG N\u00d3I<\/h2>\n<p><strong>VIETMAP KC01<\/strong>\u00a0v\u1edbi t\u00ednh n\u0103ng \u0111\u1ed9c \u0111\u00e1o c\u1ea3nh b\u00e1o th\u00f4ng tin giao th\u00f4ng b\u1eb1ng gi\u1ecdng n\u00f3i tr\u00ean to\u00e0n qu\u1ed1c:<\/p>\n<ul>\n<li>C\u1ea3nh b\u00e1o bi\u1ec3n b\u00e1o gi\u1edbi h\u1ea1n t\u1ed1c \u0111\u1ed9.<\/li>\n<li>C\u1ea3nh b\u00e1o v\u00e0o v\u00e0 ra kh\u1ecfi khu d\u00e2n c\u01b0.<\/li>\n<li>C\u1ea3nh b\u00e1o bi\u1ec3n b\u00e1o c\u1ea5m v\u01b0\u1ee3t\/ h\u1ebft c\u1ea5m v\u01b0\u1ee3t.<\/li>\n<li>B\u00e1o khu v\u1ef1c c\u00f3 camera giao th\u00f4ng.<\/li>\n<li>C\u1ea3nh b\u00e1o khu v\u1ef1c th\u01b0\u1eddng xuy\u00ean ki\u1ec3m tra t\u1ed1c \u0111\u1ed9.<\/li>\n<\/ul>\n<p>(V\u00e0 m\u1ed9t s\u1ed1 th\u00f4ng tin c\u1ea3nh b\u00e1o giao th\u00f4ng quan tr\u1ecdng kh\u00e1c)<\/p>\n<p>D\u1eef li\u1ec7u th\u00f4ng tin bi\u1ec3n b\u00e1o giao th\u00f4ng \u0111\u01b0\u1ee3c\u00a0<a href=\"https:\/\/vietmap.vn\/\" target=\"_blank\" rel=\"noopener\"><strong>VIETMAP<\/strong><\/a>\u00a0thu th\u1eadp v\u00e0 c\u1eadp nh\u1eadt th\u01b0\u1eddng xuy\u00ean.<\/p>\n<p><img loading=\"lazy\" decoding=\"async\" class=\"alignnone size-full wp-image-1159\" src=\"https:\/\/autothaiduong.vn\/wp-content\/uploads\/2025\/05\/4.png\" width=\"1280\" height=\"362\" srcset=\"https:\/\/autothaiduong.vn\/wp-content\/uploads\/2025\/05\/4.png 1280w, https:\/\/autothaiduong.vn\/wp-content\/uploads\/2025\/05\/4-600x170.png 600w, https:\/\/autothaiduong.vn\/wp-content\/uploads\/2025\/05\/4-1024x290.png 1024w, https:\/\/autothaiduong.vn\/wp-content\/uploads\/2025\/05\/4-768x217.png 768w\" sizes=\"auto, (max-width: 1280px) 100vw, 1280px\" \/><\/p>\n<p>&nbsp;<\/p>\n<h2>C\u1ea2M BI\u1ebeN SONY GHI H\u00ccNH \u0110\u00caM N\u00c9T<\/h2>\n<p><strong>VIETMAP KC01\u00a0<\/strong>\u0111\u01b0\u1ee3c t\u00edch h\u1ee3p c\u1ea3m bi\u1ebfn h\u00ecnh \u1ea3nh<strong>\u00a0Sony<\/strong>\u00a0<strong>Starvis<\/strong>\u00a0ghi h\u00ecnh video si\u00eau r\u00f5 n\u00e9t v\u1edbi \u0111\u1ed9 ph\u00e2n gi\u1ea3i\u00a0<strong>Super HD<\/strong>\u00a0k\u00eanh tr\u01b0\u1edbc v\u00e0\u00a0<strong>Full HD<\/strong>\u00a0k\u00eanh sau ch\u1ea5t l\u01b0\u1ee3ng h\u00ecnh \u1ea3nh c\u1ef1c r\u00f5 trong \u0111i\u1ec1u ki\u1ec7n m\u00f4i tr\u01b0\u1eddng \u00e1nh s\u00e1ng y\u1ebfu ho\u1eb7c ban \u0111\u00eam.<br \/>\nC\u1ea3m bi\u1ebfn \u1ea3nh\u00a0<strong>Sony Starvis<\/strong>\u00a0c\u00f2n c\u00f3 th\u1ec3 t\u1ef1 \u0111\u1ed9ng \u0111i\u1ec1u ch\u1ec9nh c\u00e2n b\u1eb1ng s\u00e1ng t\u00f9y thu\u1ed9c m\u00f4i tr\u01b0\u1eddng \u00e1nh s\u00e1ng c\u1ef1c y\u1ebfu, gi\u00fap h\u00ecnh \u1ea3nh r\u00f5 n\u00e9t.<\/p>\n<p><img loading=\"lazy\" decoding=\"async\" class=\"alignnone size-full wp-image-1160\" src=\"https:\/\/autothaiduong.vn\/wp-content\/uploads\/2025\/05\/6-1.png\" width=\"1280\" height=\"362\" srcset=\"https:\/\/autothaiduong.vn\/wp-content\/uploads\/2025\/05\/6-1.png 1280w, https:\/\/autothaiduong.vn\/wp-content\/uploads\/2025\/05\/6-1-600x170.png 600w, https:\/\/autothaiduong.vn\/wp-content\/uploads\/2025\/05\/6-1-1024x290.png 1024w, https:\/\/autothaiduong.vn\/wp-content\/uploads\/2025\/05\/6-1-768x217.png 768w\" sizes=\"auto, (max-width: 1280px) 100vw, 1280px\" \/><\/p>\n<p>&nbsp;<\/p>\n<h2>K\u1ebeT N\u1ed0I WIFI TRUY\u1ec0N T\u1ea2I VIDEO NHANH CH\u00d3NG<\/h2>\n<p><b>VIETMAP KC01\u00a0<\/b>l\u00e0 s\u1ea3n ph\u1ea9m Camera h\u00e0nh tr\u00ecnh\u00a0<b>VIETMAP\u00a0<\/b>\u0111\u1ea7u ti\u00ean v\u1edbi c\u00f4ng ngh\u1ec7 truy\u1ec1n d\u1eef li\u1ec7u kh\u00f4ng d\u00e2y b\u0103ng t\u1ea7n 5.0 Ghz Gi\u00fap vi\u1ec7c xem l\u1ea1i, tr\u00edch xu\u1ea5t video, c\u1eadp nh\u1eadt d\u1eef li\u1ec7u c\u1ea3nh b\u00e1o tr\u1ef1c ti\u1ebfp nhanh ch\u00f3ng th\u00f4ng qua \u1ee9ng d\u1ee5ng\u00a0<strong>VIETMAP REC<\/strong>.<\/p>\n<p><img loading=\"lazy\" decoding=\"async\" class=\"alignnone size-full wp-image-1161\" src=\"https:\/\/autothaiduong.vn\/wp-content\/uploads\/2025\/05\/3.png\" width=\"1280\" height=\"362\" srcset=\"https:\/\/autothaiduong.vn\/wp-content\/uploads\/2025\/05\/3.png 1280w, https:\/\/autothaiduong.vn\/wp-content\/uploads\/2025\/05\/3-600x170.png 600w, https:\/\/autothaiduong.vn\/wp-content\/uploads\/2025\/05\/3-1024x290.png 1024w, https:\/\/autothaiduong.vn\/wp-content\/uploads\/2025\/05\/3-768x217.png 768w\" sizes=\"auto, (max-width: 1280px) 100vw, 1280px\" \/><\/p>\n<p>&nbsp;<\/p>\n<h2>AN TO\u00c0N \u0110\u1ed6 XE GHI H\u00ccNH KH\u1ea8N C\u1ea4P<\/h2>\n<p>Khi trang b\u1ecb ph\u1ee5 ki\u1ec7n s\u1ea1c ngu\u1ed3n tr\u1ef1c ti\u1ebfp,\u00a0<strong>VIETMAP KC01<\/strong>\u00a0s\u1ebd k\u00edch ho\u1ea1t t\u00ednh n\u0103ng ghi h\u00ecnh \u0111\u1ed7 xe. Trong tr\u01b0\u1eddng h\u1ee3p c\u00f3 t\u00e1c \u0111\u1ed9ng do ngo\u1ea1i l\u1ef1c khi xe t\u1eaft m\u00e1y KC01 s\u1ebd t\u1ef1 kh\u1edfi \u0111\u1ed9ng v\u00e0 ti\u1ebfn h\u00e0nh ghi h\u00ecnh kh\u1ea9n c\u1ea5p.<\/p>\n<p><img loading=\"lazy\" decoding=\"async\" class=\"alignnone size-full wp-image-1162\" src=\"https:\/\/autothaiduong.vn\/wp-content\/uploads\/2025\/05\/bigpickc01-6-dd6c6ff8-3f9d-440f-8b04-5226b8d2bed8.png\" width=\"1280\" height=\"362\" srcset=\"https:\/\/autothaiduong.vn\/wp-content\/uploads\/2025\/05\/bigpickc01-6-dd6c6ff8-3f9d-440f-8b04-5226b8d2bed8.png 1280w, https:\/\/autothaiduong.vn\/wp-content\/uploads\/2025\/05\/bigpickc01-6-dd6c6ff8-3f9d-440f-8b04-5226b8d2bed8-600x170.png 600w, https:\/\/autothaiduong.vn\/wp-content\/uploads\/2025\/05\/bigpickc01-6-dd6c6ff8-3f9d-440f-8b04-5226b8d2bed8-1024x290.png 1024w, https:\/\/autothaiduong.vn\/wp-content\/uploads\/2025\/05\/bigpickc01-6-dd6c6ff8-3f9d-440f-8b04-5226b8d2bed8-768x217.png 768w\" sizes=\"auto, (max-width: 1280px) 100vw, 1280px\" \/><\/p>\n<p>&nbsp;<\/p>\n<h2>B\u1ec0N B\u1ec8 V\u1edaI PIN SI\u00caU T\u1ee4 \u0110I\u1ec6N<\/h2>\n<p><strong>VIETMAP KC01<\/strong>\u00a0\u0111\u01b0\u1ee3c trang b\u1ecb c\u00f4ng ngh\u1ec7 pin m\u1edbi trong vi\u1ec7c \u00e1p\u00a0d\u1ee5ng pin si\u00eau t\u1ee5 \u0111i\u1ec7n v\u1edbi kh\u1ea3 n\u0103ng n\u1ea1p n\u0103ng l\u01b0\u1ee3ng nhanh ch\u00f3ng v\u00e0 ch\u1ecbu nhi\u1ec7t cao. Gi\u00fap n\u00e2ng cao kh\u1ea3 n\u0103ng ho\u1ea1t \u0111\u1ed9ng li\u00ean t\u1ee5c v\u00e0 t\u0103ng c\u01b0\u1eddng tu\u1ed5i th\u1ecd thi\u1ebft b\u1ecb.<\/p>\n<p><img loading=\"lazy\" decoding=\"async\" class=\"alignnone size-full wp-image-1163\" src=\"https:\/\/autothaiduong.vn\/wp-content\/uploads\/2025\/05\/7.png\" width=\"1280\" height=\"362\" srcset=\"https:\/\/autothaiduong.vn\/wp-content\/uploads\/2025\/05\/7.png 1280w, https:\/\/autothaiduong.vn\/wp-content\/uploads\/2025\/05\/7-600x170.png 600w, https:\/\/autothaiduong.vn\/wp-content\/uploads\/2025\/05\/7-1024x290.png 1024w, https:\/\/autothaiduong.vn\/wp-content\/uploads\/2025\/05\/7-768x217.png 768w\" sizes=\"auto, (max-width: 1280px) 100vw, 1280px\" \/><\/p>\n<p>&nbsp;<\/p>\n<h2>NH\u1ece G\u1eccN TI\u1ec6N L\u1ee2I T\u1ed0I \u01afU N\u1ed8I TH\u1ea4T<\/h2>\n<p><strong>VIETMAP KC01<\/strong>\u00a0v\u1edbi thi\u1ebft k\u1ebf &#8220;th\u1ecfi son&#8221; nh\u1ecf g\u1ecdn, d\u1ec5 d\u00e0ng l\u1eafp \u0111\u1eb7t gi\u1ea5u k\u00edn k\u1ebft h\u1ee3p v\u1edbi \u1ed1ng k\u00ednh c\u00f3 th\u1ec3 t\u1ef1 do t\u00f9y ch\u1ec9nh gi\u00fap t\u1ed1i \u01b0u n\u1ed9i th\u1ea5t v\u00e0 kh\u00f4ng gian b\u00ean trong xe song nh\u01b0ng v\u1eabn \u0111\u1ea3m b\u1ea3o kh\u1ea3 n\u0103ng ghi h\u00ecnh to\u00e0n c\u1ea3nh.<\/p>\n<\/div>\n<\/div>\n<\/section>\n<section class=\"product-especially\"><img loading=\"lazy\" decoding=\"async\" class=\"alignnone size-full wp-image-1164\" src=\"https:\/\/autothaiduong.vn\/wp-content\/uploads\/2025\/05\/bigpic-ts2k-1.png\" alt=\"Banner 3\" width=\"1200\" height=\"340\" srcset=\"https:\/\/autothaiduong.vn\/wp-content\/uploads\/2025\/05\/bigpic-ts2k-1.png 1200w, https:\/\/autothaiduong.vn\/wp-content\/uploads\/2025\/05\/bigpic-ts2k-1-600x170.png 600w, https:\/\/autothaiduong.vn\/wp-content\/uploads\/2025\/05\/bigpic-ts2k-1-1024x290.png 1024w, https:\/\/autothaiduong.vn\/wp-content\/uploads\/2025\/05\/bigpic-ts2k-1-768x218.png 768w\" sizes=\"auto, (max-width: 1200px) 100vw, 1200px\" \/><\/p>\n<div class=\"container\">\n<div class=\"rte\"><\/div>\n<\/div>\n<\/section>\n<section id=\"pro_specifications\" class=\"product-specifications\">\n<div class=\"container\">\n<h2>Th\u00f4ng s\u1ed1 k\u1ef9 thu\u1eadt<\/h2>\n<div class=\"row\">\n<div class=\"col-lg-6 col-md-12 col-sm-12 col-12\">\n<h3>K\u00edch th\u01b0\u1edbc s\u1ea3n ph\u1ea9m<\/h3>\n<p><img loading=\"lazy\" decoding=\"async\" class=\"alignnone size-full wp-image-1165\" src=\"https:\/\/autothaiduong.vn\/wp-content\/uploads\/2025\/05\/s.png\" alt=\"Th\u00f4ng s\u1ed1 k\u1ef9 thu\u1eadt\" width=\"390\" height=\"390\" srcset=\"https:\/\/autothaiduong.vn\/wp-content\/uploads\/2025\/05\/s.png 390w, https:\/\/autothaiduong.vn\/wp-content\/uploads\/2025\/05\/s-300x300.png 300w, https:\/\/autothaiduong.vn\/wp-content\/uploads\/2025\/05\/s-100x100.png 100w\" sizes=\"auto, (max-width: 390px) 100vw, 390px\" \/><\/p>\n<\/div>\n<div class=\"col-lg-6 col-md-12 col-sm-12 col-12\">\n<div class=\"rte\">\n<p>&nbsp;<\/p>\n<table border=\"1\">\n<tbody>\n<tr>\n<td width=\"100\">C\u1ea3m bi\u1ebfn<\/td>\n<td width=\"270\">SONY Starvis<\/td>\n<\/tr>\n<tr>\n<td width=\"100\">\u1ed0ng k\u00ednh<\/td>\n<td width=\"270\">K\u00eanh tr\u01b0\u1edbc g\u00f3c r\u1ed9ng 150 \u00b0<br \/>\nK\u00eanh sau g\u00f3c r\u1ed9ng 150 \u00b0<br \/>\nC\u00f3 th\u1ec3 \u0111i\u1ec1u ch\u1ec9nh g\u00f3c quay camera<\/td>\n<\/tr>\n<tr>\n<td width=\"100\">C\u1ea3nh b\u00e1o giao th\u00f4ng<\/td>\n<td width=\"270\">C\u00f3<\/td>\n<\/tr>\n<tr>\n<td width=\"100\">G-Sensor<\/td>\n<td width=\"270\">C\u00f3<\/td>\n<\/tr>\n<tr>\n<td width=\"100\">GPS<\/td>\n<td width=\"270\">C\u00f3<\/td>\n<\/tr>\n<tr>\n<td width=\"100\">\u0110\u1ed9 ph\u00e2n gi\u1ea3i video<\/td>\n<td width=\"270\">Camera tr\u01b0\u1edbc Super HD 2K 1440P 30fps<br \/>\nCamera sau Full HD 1080p<\/td>\n<\/tr>\n<tr>\n<td width=\"100\">Th\u1ebb nh\u1edb<\/td>\n<td width=\"270\">MicroSD card (H\u1ed7 tr\u1ee3 th\u1ebb t\u1ed1i \u0111a 128GB)<\/td>\n<\/tr>\n<tr>\n<td width=\"100\">Pin<\/td>\n<td width=\"270\">Si\u00eau t\u1ee5 \u0111i\u1ec7n<\/td>\n<\/tr>\n<tr>\n<td width=\"100\">Ngu\u1ed3n \u0111i\u1ec7n<\/td>\n<td width=\"270\">5V \/ 1A<\/td>\n<\/tr>\n<tr>\n<td width=\"100\">Nhi\u1ec7t \u0111\u1ed9 ho\u1ea1t \u0111\u1ed9ng<\/td>\n<td width=\"270\">20\u00b0C &#8211; 80\u00b0C<\/td>\n<\/tr>\n<tr>\n<td width=\"100\">K\u00edch c\u1ee1<\/td>\n<td width=\"270\">90mm * 30mm * 44mm (LxWxH)<\/td>\n<\/tr>\n<tr>\n<td width=\"100\">\u1ee8ng d\u1ee5ng h\u1ed7 tr\u1ee3<\/td>\n<td width=\"270\">VIETMAP REC<\/td>\n<\/tr>\n<\/tbody>\n<\/table>\n<\/div>\n<\/div>\n<\/div>\n<\/div>\n<\/section>\n","protected":false},"excerpt":{"rendered":"<p>Camera h\u00e0nh tr\u00ecnh tr\u01b0\u1edbc sau\u00a0<strong><a href=\"https:\/\/vietmap.vn\/vietmap-kc01-canh-bao-giao-thong\" target=\"_blank\" rel=\"noopener\">VIETMAP\u00a0KC01<\/a><\/strong>\u00a0v\u1edbi k\u00edch th\u01b0\u1edbc nh\u1ecf g\u1ecdn v\u1eeba ghi h\u00ecnh, v\u1eeba \u0111\u1ea3m b\u1ea3o t\u00ednh thanh l\u1ecbch, sang tr\u1ecdng c\u1ee7a n\u1ed9i th\u1ea5t xe. Camera h\u00e0nh tr\u00ecnh VIETMAP KC01 v\u1edbi camera tr\u01b0\u1edbc \u0111\u1ed9 ph\u00e2n gi\u1ea3i SUPER HD 2K k\u1ebft h\u1ee3p c\u00f9ng camera sau Full HD 1080p ghi l\u1ea1i chi ti\u1ebft to\u00e0n b\u1ed9 h\u00e0nh tr\u00ecnh tr\u01b0\u1edbc &amp; sau xe c\u00f9ng v\u1edbi t\u1ed1c \u0111\u1ed9.<\/p>\n<p>VIETMAP KC01 l\u00e0 s\u1ea3n ph\u1ea9m\u00a0<strong><a href=\"https:\/\/vietmap.vn\/camera-hanh-trinh\" target=\"_blank\" rel=\"noopener\">Camera h\u00e0nh tr\u00ecnh<\/a><\/strong>\u00a0VIETMAP \u0111\u1ea7u ti\u00ean s\u1eed d\u1ee5ng chu\u1ea9n h\u00ecnh \u1ea3nh H.265 c\u00f4ng ngh\u1ec7 truy\u1ec1n d\u1eef li\u1ec7u kh\u00f4ng d\u00e2y b\u0103ng t\u1ea7n 5.0 Ghz, gi\u00fap vi\u1ec7c xem l\u1ea1i, tr\u00edch xu\u1ea5t video nhanh ch\u00f3ng tr\u00ean c\u00e1c thi\u1ebft b\u1ecb h\u1ec7 \u0111i\u1ec1u h\u00e0nh Android, IOS th\u00f4ng qua \u1ee9ng d\u1ee5ng VIETMAP REC.<\/p>\n","protected":false},"featured_media":1156,"comment_status":"open","ping_status":"closed","template":"","meta":[],"product_brand":[84],"product_cat":[76],"product_tag":[],"class_list":{"0":"post-1155","1":"product","2":"type-product","3":"status-publish","4":"has-post-thumbnail","6":"product_brand-vietmap","7":"product_cat-camera-hanh-trinh","9":"first","10":"instock","11":"sale","12":"shipping-taxable","13":"purchasable","14":"product-type-simple"},"_links":{"self":[{"href":"https:\/\/autothaiduong.vn\/index.php?rest_route=\/wp\/v2\/product\/1155","targetHints":{"allow":["GET"]}}],"collection":[{"href":"https:\/\/autothaiduong.vn\/index.php?rest_route=\/wp\/v2\/product"}],"about":[{"href":"https:\/\/autothaiduong.vn\/index.php?rest_route=\/wp\/v2\/types\/product"}],"replies":[{"embeddable":true,"href":"https:\/\/autothaiduong.vn\/index.php?rest_route=%2Fwp%2Fv2%2Fcomments&post=1155"}],"wp:featuredmedia":[{"embeddable":true,"href":"https:\/\/autothaiduong.vn\/index.php?rest_route=\/wp\/v2\/media\/1156"}],"wp:attachment":[{"href":"https:\/\/autothaiduong.vn\/index.php?rest_route=%2Fwp%2Fv2%2Fmedia&parent=1155"}],"wp:term":[{"taxonomy":"product_brand","embeddable":true,"href":"https:\/\/autothaiduong.vn\/index.php?rest_route=%2Fwp%2Fv2%2Fproduct_brand&post=1155"},{"taxonomy":"product_cat","embeddable":true,"href":"https:\/\/autothaiduong.vn\/index.php?rest_route=%2Fwp%2Fv2%2Fproduct_cat&post=1155"},{"taxonomy":"product_tag","embeddable":true,"href":"https:\/\/autothaiduong.vn\/index.php?rest_route=%2Fwp%2Fv2%2Fproduct_tag&post=1155"}],"curies":[{"name":"wp","href":"https:\/\/api.w.org\/{rel}","templated":true}]}}