{"id":1169,"date":"2025-05-11T16:52:38","date_gmt":"2025-05-11T16:52:38","guid":{"rendered":"https:\/\/autothaiduong.vn\/?post_type=product&#038;p=1169"},"modified":"2025-05-11T16:53:03","modified_gmt":"2025-05-11T16:53:03","slug":"vietmap-hud-h1as","status":"publish","type":"product","link":"https:\/\/autothaiduong.vn\/?product=vietmap-hud-h1as","title":{"rendered":"VIETMAP HUD H1AS"},"content":{"rendered":"<p><img loading=\"lazy\" decoding=\"async\" class=\" wp-image-1044 aligncenter\" src=\"https:\/\/autothaiduong.vn\/wp-content\/uploads\/2025\/05\/z6584734442481_f208f5944548cb4b46353402ce2e64e0.jpg\" alt=\"\" width=\"273\" height=\"242\" \/><\/p>\n<p style=\"text-align: center;\"><span style=\"font-size: 150%;\"><strong><span style=\"color: #ff0000;\">273-275 Tr\u1ea7n Ph\u00fa Ph\u01b0\u1eddng L\u1ed9c S\u01a1n Th\u00e0nh Ph\u1ed1 B\u1ea3o L\u1ed9c T\u1ec9nh L\u00e2m \u0110\u1ed3ng <\/span><\/strong><\/span><\/p>\n<p style=\"text-align: center;\"><span style=\"font-size: 150%;\"><strong><span style=\"color: #ff0000;\">Hotline: 0912197441<\/span><\/strong><\/span><\/p>\n<section class=\"product-especially\">\n<div class=\"container\">\n<div class=\"rte\">\n<p><img loading=\"lazy\" decoding=\"async\" class=\"alignnone size-full wp-image-1174\" src=\"https:\/\/autothaiduong.vn\/wp-content\/uploads\/2025\/05\/bigpich1asi-2.png\" width=\"1280\" height=\"362\" srcset=\"https:\/\/autothaiduong.vn\/wp-content\/uploads\/2025\/05\/bigpich1asi-2.png 1280w, https:\/\/autothaiduong.vn\/wp-content\/uploads\/2025\/05\/bigpich1asi-2-600x170.png 600w, https:\/\/autothaiduong.vn\/wp-content\/uploads\/2025\/05\/bigpich1asi-2-1024x290.png 1024w, https:\/\/autothaiduong.vn\/wp-content\/uploads\/2025\/05\/bigpich1asi-2-768x217.png 768w\" sizes=\"auto, (max-width: 1280px) 100vw, 1280px\" \/><\/p>\n<h2>TR\u1ea2I NGHI\u1ec6M M\u00c0N H\u00ccNH HI\u1ec2N TH\u1eca TH\u00d4NG MINH<\/h2>\n<p>M\u00e0n h\u00ecnh\u00a0hi\u1ec3n th\u1ecb th\u00f4ng tin l\u00ean k\u00ednh l\u00e1i xe\u00a0<strong>HUD H1AS\u00a0<\/strong>th\u00f4ng minh, cung c\u1ea5p th\u00f4ng tin d\u1eef li\u1ec7u giao th\u00f4ng, h\u01b0\u1edbng d\u1eabn ch\u1ec9 \u0111\u01b0\u1eddng chi ti\u1ebft kh\u00f4ng \u0111\u00f2i h\u1ecfi ng\u01b0\u1eddi s\u1eed d\u1ee5ng thay \u0111\u1ed5i g\u00f3c nh\u00ecn gi\u00fap vi\u1ec7c l\u00e1i xe d\u1ec5 d\u00e0ng v\u00e0 an to\u00e0n.<\/p>\n<p><img loading=\"lazy\" decoding=\"async\" class=\"alignnone size-full wp-image-1175\" src=\"https:\/\/autothaiduong.vn\/wp-content\/uploads\/2025\/05\/bigpich1asi-3.png\" width=\"1280\" height=\"362\" srcset=\"https:\/\/autothaiduong.vn\/wp-content\/uploads\/2025\/05\/bigpich1asi-3.png 1280w, https:\/\/autothaiduong.vn\/wp-content\/uploads\/2025\/05\/bigpich1asi-3-600x170.png 600w, https:\/\/autothaiduong.vn\/wp-content\/uploads\/2025\/05\/bigpich1asi-3-1024x290.png 1024w, https:\/\/autothaiduong.vn\/wp-content\/uploads\/2025\/05\/bigpich1asi-3-768x217.png 768w\" sizes=\"auto, (max-width: 1280px) 100vw, 1280px\" \/><\/p>\n<h2>C\u1ea2NH B\u00c1O V\u01af\u1ee2T QU\u00c1 T\u1ed0C \u0110\u1ed8<\/h2>\n<p><strong><a href=\"https:\/\/c.lazada.vn\/t\/c.0Ej8Q2\" target=\"_blank\" rel=\"noopener\">M\u00e0n h\u00ecnh HUD<\/a>\u00a0VIETMAP<\/strong>\u00a0H1AS s\u1eed d\u1ee5ng th\u00f4ng tin t\u1ed1c \u0111\u1ed9 th\u1ef1c t\u1ebf l\u1ea5y t\u1eeb giao th\u1ee9c OBDII. Khi xe ch\u1ea1y qu\u00e1 t\u1ed1c \u0111\u1ed9 cho ph\u00e9p thi\u1ebft b\u1ecb s\u1ebd th\u00f4ng b\u00e1o b\u1eb1ng \u00e2m thanh k\u1ebft h\u1ee3p h\u00ecnh \u1ea3nh<br \/>\n\u0111\u1ec3 ng\u01b0\u1eddi t\u00e0i x\u1ebf ch\u1ee7 \u0111\u1ed9ng l\u00e1i xe ph\u00f9 h\u1ee3p v\u1edbi lu\u1eadt giao th\u00f4ng Vi\u1ec7t Nam.<br \/>\n<em>* C\u1ea7n k\u1ebft n\u1ed1i thi\u1ebft b\u1ecb v\u1edbi \u1ee9ng d\u1ee5ng VIETMAP Live \u0111\u1ec3 s\u1eed d\u1ee5ng t\u00ednh n\u0103ng<\/em><\/p>\n<p><img loading=\"lazy\" decoding=\"async\" class=\"alignnone size-full wp-image-1176\" src=\"https:\/\/autothaiduong.vn\/wp-content\/uploads\/2025\/05\/bigpich2as-5-ac156de2-d485-45b9-a566-3a59e8762e56.png\" width=\"1280\" height=\"362\" srcset=\"https:\/\/autothaiduong.vn\/wp-content\/uploads\/2025\/05\/bigpich2as-5-ac156de2-d485-45b9-a566-3a59e8762e56.png 1280w, https:\/\/autothaiduong.vn\/wp-content\/uploads\/2025\/05\/bigpich2as-5-ac156de2-d485-45b9-a566-3a59e8762e56-600x170.png 600w, https:\/\/autothaiduong.vn\/wp-content\/uploads\/2025\/05\/bigpich2as-5-ac156de2-d485-45b9-a566-3a59e8762e56-1024x290.png 1024w, https:\/\/autothaiduong.vn\/wp-content\/uploads\/2025\/05\/bigpich2as-5-ac156de2-d485-45b9-a566-3a59e8762e56-768x217.png 768w\" sizes=\"auto, (max-width: 1280px) 100vw, 1280px\" \/><\/p>\n<h2>THEO D\u00d5I L\u1ed0P XE \u1ed4N \u0110\u1ecaNH CH\u00cdNH X\u00c1C<\/h2>\n<p><strong>HUD H1AS\u00a0<\/strong>k\u00e8m theo gi\u1ea3i ph\u00e1p theo d\u00f5i th\u00f4ng tin nhi\u1ec7t \u0111\u1ed9 v\u00e0 \u00e1p su\u1ea5t\u00a0l\u1ed1p xe b\u1eb1ng c\u1ea3m bi\u1ebfn TPMS s\u1eed d\u1ee5ng Chip c\u1ea3m bi\u1ebfn Infineon SP40 c\u1ee7a \u0110\u1ee9c\u00a0s\u1ea3n xu\u1ea5t \u0111\u1ea3m b\u1ea3o vi\u1ec7c gi\u00e1m s\u00e1t \u00e1p su\u1ea5t l\u1ed1p lu\u00f4n \u0111\u01b0\u1ee3c \u1ed5n \u0111\u1ecbnh, li\u00ean t\u1ee5c v\u00e0 ch\u00ednh x\u00e1c :<\/p>\n<p>&#8211; B\u1ed9 c\u1ea3m bi\u1ebfn g\u1eafn trong \/ g\u1eafn ngo\u00e0i<\/p>\n<p>&#8211; Hi\u1ec3n th\u1ecb nhi\u1ec7t \u0111\u1ed9 l\u1ed1p xe<\/p>\n<p>&#8211; Hi\u1ec3n th\u1ecb \u00e1p su\u1ea5t l\u1ed1p xe.<\/p>\n<p>&#8211;\u00a0<strong><a href=\"https:\/\/vietmap.vn\/canh-bao-ap-suat-lop-xe-o-to\" target=\"_blank\" rel=\"noopener\">C\u1ea3nh b\u00e1o \u00e1p su\u1ea5t l\u1ed1p<\/a><\/strong>\u00a0th\u1ea5p<\/p>\n<p>&#8211; C\u1ea3nh b\u00e1o \u00e1p su\u1ea5t l\u1ed1p cao<\/p>\n<p>&#8211; C\u1ea3nh b\u00e1o nhi\u1ec7t \u0111\u1ed9 l\u1ed1p cao.<\/p>\n<p>(V\u00e0 m\u1ed9t s\u1ed1 th\u00f4ng tin c\u1ea3nh b\u00e1o quan tr\u1ecdng kh\u00e1c)<\/p>\n<p><img loading=\"lazy\" decoding=\"async\" class=\"alignnone size-full wp-image-1177\" src=\"https:\/\/autothaiduong.vn\/wp-content\/uploads\/2025\/05\/edit-hud-2-dcbb5a23-6b7c-4ed0-9f5d-1c7044f484d0.png\" width=\"1280\" height=\"362\" srcset=\"https:\/\/autothaiduong.vn\/wp-content\/uploads\/2025\/05\/edit-hud-2-dcbb5a23-6b7c-4ed0-9f5d-1c7044f484d0.png 1280w, https:\/\/autothaiduong.vn\/wp-content\/uploads\/2025\/05\/edit-hud-2-dcbb5a23-6b7c-4ed0-9f5d-1c7044f484d0-600x170.png 600w, https:\/\/autothaiduong.vn\/wp-content\/uploads\/2025\/05\/edit-hud-2-dcbb5a23-6b7c-4ed0-9f5d-1c7044f484d0-1024x290.png 1024w, https:\/\/autothaiduong.vn\/wp-content\/uploads\/2025\/05\/edit-hud-2-dcbb5a23-6b7c-4ed0-9f5d-1c7044f484d0-768x217.png 768w\" sizes=\"auto, (max-width: 1280px) 100vw, 1280px\" \/><\/p>\n<h2>K\u1ebeT N\u1ed0I \u0110I\u1ec6N THO\u1ea0I C\u1ea2NH B\u00c1O GI\u1eccNG N\u00d3I<\/h2>\n<p>H1AS v\u1edbi \u1ee9ng d\u1ee5ng\u00a0<strong>VIETMAP LIVE\u00a0<\/strong>t\u00edch h\u1ee3p d\u1eef li\u1ec7u c\u1ea3nh b\u00e1o th\u00f4ng tin giao th\u00f4ng chi ti\u1ebft to\u00e0n qu\u1ed1c:<\/p>\n<p>&#8211;\u00a0D\u1eef li\u1ec7u tr\u1ef1c tuy\u1ebfn, chi ti\u1ebft t\u00ean \u0110\u01b0\u1eddng; Ph\u01b0\u1eddng \/ X\u00e3; Qu\u1eadn \/ Huy\u1ec7n; T\u1ec9nh \/ Th\u00e0nh Ph\u1ed1<\/p>\n<p>&#8211; Th\u00f4ng tin t\u00ean \u0111\u01b0\u1eddng di chuy\u1ec3n &#8211; Th\u00f4ng tin ng\u00e3 r\u1ebd s\u1eafp t\u1edbi &#8211; Ch\u1ec9 d\u1eabn di chuy\u1ec3n.<\/p>\n<p>&#8211; C\u1ea3nh b\u00e1o t\u1ed1c \u0111\u1ed9 di chuy\u1ec3n t\u1ed1i \u0111a tr\u00ean t\u1eebng cung \u0111\u01b0\u1eddng &#8211; B\u00e1o khu v\u1ef1c c\u00f3\u00a0camera giao th\u00f4ng &#8211; B\u00e1o bi\u1ebfn t\u1ed1c \u0111\u1ed9 gi\u1edbi h\u1ea1n ti\u1ebfp theo.<\/p>\n<p>&#8211; B\u00e1o ra v\u00e0o khu v\u1ef1c \u0111\u00f4ng d\u00e2n c\u01b0 &#8211; B\u00e1o ra v\u00e0o khu v\u1ef1c c\u1ea5m v\u01b0\u1ee3t &#8211; B\u00e1o tr\u1ea1m thu ph\u00ed \/ gi\u00e1 v\u00e9.<\/p>\n<p>&#8211; H\u00ecnh \u1ea3nh th\u1ef1c t\u1ebf camera giao th\u00f4ng.<\/p>\n<p>&#8211; M\u1eadt \u0111\u1ed9 giao th\u00f4ng h\u00ecnh \u1ea3nh th\u1ef1c t\u1ebf.<\/p>\n<p>&#8211;\u00a0H\u1ed7 tr\u1ee3 t\u00ecm ki\u1ebfm nhanh \u0111\u1ecba \u0111i\u1ec3m xung quanh.<\/p>\n<p>&#8211;\u00a0Ti\u1ec7n \u00edch l\u00e1i xe c\u1ea5m d\u1eebng c\u1ea5m \u0111\u1ed7.<\/p>\n<p>&#8211; K\u1ebft n\u1ed1i Android Auto &amp; Apple Carplay<\/p>\n<p>(V\u00e0 m\u1ed9t s\u1ed1 th\u00f4ng tin c\u1ea3nh b\u00e1o quan tr\u1ecdng kh\u00e1c).<\/p>\n<p><img loading=\"lazy\" decoding=\"async\" class=\"alignnone size-full wp-image-1178\" src=\"https:\/\/autothaiduong.vn\/wp-content\/uploads\/2025\/05\/bigpich1asi-6.png\" width=\"1280\" height=\"362\" srcset=\"https:\/\/autothaiduong.vn\/wp-content\/uploads\/2025\/05\/bigpich1asi-6.png 1280w, https:\/\/autothaiduong.vn\/wp-content\/uploads\/2025\/05\/bigpich1asi-6-600x170.png 600w, https:\/\/autothaiduong.vn\/wp-content\/uploads\/2025\/05\/bigpich1asi-6-1024x290.png 1024w, https:\/\/autothaiduong.vn\/wp-content\/uploads\/2025\/05\/bigpich1asi-6-768x217.png 768w\" sizes=\"auto, (max-width: 1280px) 100vw, 1280px\" \/><\/p>\n<h2>K\u1ebeT N\u1ed0I OBDII<\/h2>\n<p>HUD H1AS c\u00f3 th\u1ec3 c\u1eadp nh\u1eadt v\u00e0 cho ph\u00e9p hi\u1ec3n th\u1ecb nhi\u1ec1u th\u00f4ng s\u1ed1 ho\u1ea1t \u0111\u1ed9ng kh\u00e1c nhau c\u1ee7a xe gi\u00fap ng\u01b0\u1eddi \u0111i\u1ec1u khi\u1ec3n xe an to\u00e0n, \u0111\u1ed3ng th\u1eddi c\u1eadp nh\u1eadt tr\u1ea1ng th\u00e1i xe nhanh ch\u00f3ng th\u00f4ng qua c\u1ed5ng OBDII.<\/p>\n<p><img loading=\"lazy\" decoding=\"async\" class=\"alignnone size-full wp-image-1179\" src=\"https:\/\/autothaiduong.vn\/wp-content\/uploads\/2025\/05\/bigpich1asi-7.png\" width=\"1280\" height=\"362\" srcset=\"https:\/\/autothaiduong.vn\/wp-content\/uploads\/2025\/05\/bigpich1asi-7.png 1280w, https:\/\/autothaiduong.vn\/wp-content\/uploads\/2025\/05\/bigpich1asi-7-600x170.png 600w, https:\/\/autothaiduong.vn\/wp-content\/uploads\/2025\/05\/bigpich1asi-7-1024x290.png 1024w, https:\/\/autothaiduong.vn\/wp-content\/uploads\/2025\/05\/bigpich1asi-7-768x217.png 768w\" sizes=\"auto, (max-width: 1280px) 100vw, 1280px\" \/><\/p>\n<h2>D\u1eee LI\u1ec6U TR\u1ef0C TUY\u1ebeN TO\u00c0N QU\u1ed0C<\/h2>\n<p>VIETMAP HUD v\u1edbi d\u1eef li\u1ec7u giao th\u00f4ng v\u00e0 th\u00f4ng tin bi\u1ec3n b\u00e1o, \u0111\u01b0\u1ee3c VIETMAP thu th\u1eadp v\u00e0 c\u1eadp nh\u1eadt tr\u1ef1c tuy\u1ebfn th\u01b0\u1eddng xuy\u00ean<br \/>\n<em>* C\u1ea7n k\u1ebft n\u1ed1i thi\u1ebft b\u1ecb v\u1edbi \u1ee9ng d\u1ee5ng VIETMAP Live \u0111\u1ec3 s\u1eed d\u1ee5ng t\u00ednh n\u0103ng<\/em><\/p>\n<p><img loading=\"lazy\" decoding=\"async\" class=\"alignnone size-full wp-image-1180\" src=\"https:\/\/autothaiduong.vn\/wp-content\/uploads\/2025\/05\/edit-hud3-e73883d9-d3f7-447a-a3aa-7bbc66efe88a.png\" width=\"1280\" height=\"362\" srcset=\"https:\/\/autothaiduong.vn\/wp-content\/uploads\/2025\/05\/edit-hud3-e73883d9-d3f7-447a-a3aa-7bbc66efe88a.png 1280w, https:\/\/autothaiduong.vn\/wp-content\/uploads\/2025\/05\/edit-hud3-e73883d9-d3f7-447a-a3aa-7bbc66efe88a-600x170.png 600w, https:\/\/autothaiduong.vn\/wp-content\/uploads\/2025\/05\/edit-hud3-e73883d9-d3f7-447a-a3aa-7bbc66efe88a-1024x290.png 1024w, https:\/\/autothaiduong.vn\/wp-content\/uploads\/2025\/05\/edit-hud3-e73883d9-d3f7-447a-a3aa-7bbc66efe88a-768x217.png 768w\" sizes=\"auto, (max-width: 1280px) 100vw, 1280px\" \/><\/p>\n<h2>NH\u1eeeNG D\u00d2NG XE CH\u01afA H\u1ed6 TR\u1ee2 VIETMAP HUD<\/h2>\n<p><strong>HUD H1AS<\/strong>\u00a0l\u00e0 m\u00e0n h\u00ecnh hi\u1ec3n th\u1ecb r\u1eddi s\u1eed d\u1ee5ng ngu\u1ed3n t\u1eeb c\u1ed5ng OBDII c\u1ee7a xe. Vi\u1ec7c l\u1eafp \u0111\u1eb7t r\u1ea5t \u0111\u01a1n gi\u1ea3n, ch\u1ec9 c\u1ea7n k\u1ebft n\u1ed1i thi\u1ebft b\u1ecb v\u00e0 c\u1ed5ng OBD c\u1ee7a xe, thi\u1ebft b\u1ecb \u0111\u00e3 s\u1eb5n s\u00e0ng ho\u1ea1t \u0111\u1ed9ng. Song v\u1eabn t\u1ed3n t\u1ea1i m\u1ed9t s\u1ed1 d\u00f2ng xe do giao th\u1ee9c OBD ch\u01b0a t\u01b0\u01a1ng th\u00edch VIETMAP HUD, n\u00ean ch\u01b0a h\u1ed7 tr\u1ee3 vi\u1ec7c s\u1eed d\u1ee5ng, t\u00f9y theo nhu c\u1ea7u th\u1ecb tr\u01b0\u1eddng\u00a0<a href=\"https:\/\/vietmap.vn\/\" target=\"_blank\" rel=\"noopener\"><strong>VIETMAP<\/strong><\/a>\u00a0s\u1ebd ti\u1ebfn h\u00e0nh nghi\u00ean c\u1ee9u ph\u00e1t tri\u1ec3n v\u00e0 h\u1ed7 tr\u1ee3 trong th\u1eddi gian t\u1edbi.<\/p>\n<\/div>\n<\/div>\n<\/section>\n<section class=\"product-especially\">\n<div class=\"container\">\n<div class=\"rte\"><\/div>\n<\/div>\n<\/section>\n<section id=\"pro_specifications\" class=\"product-specifications\">\n<div class=\"container\">\n<h2>Th\u00f4ng s\u1ed1 k\u1ef9 thu\u1eadt<\/h2>\n<div class=\"row\">\n<div class=\"col-lg-6 col-md-12 col-sm-12 col-12\">\n<h3>K\u00edch th\u01b0\u1edbc s\u1ea3n ph\u1ea9m<\/h3>\n<p><img loading=\"lazy\" decoding=\"async\" class=\"alignnone size-full wp-image-1181\" src=\"https:\/\/autothaiduong.vn\/wp-content\/uploads\/2025\/05\/size-37ce4133-1ec8-4d78-bb60-7efaf4e4e084.png\" alt=\"Th\u00f4ng s\u1ed1 k\u1ef9 thu\u1eadt\" width=\"595\" height=\"450\" \/><\/p>\n<\/div>\n<div class=\"col-lg-6 col-md-12 col-sm-12 col-12\">\n<div class=\"rte\">\n<table border=\"1\">\n<tbody>\n<tr>\n<td width=\"100\">Ngu\u1ed3n<\/td>\n<td width=\"270\">12V &#8211; 3A<\/td>\n<\/tr>\n<tr>\n<td width=\"100\">Nhi\u1ec7t \u0111\u1ed9 ho\u1ea1t \u0111\u1ed9ng<\/td>\n<td width=\"270\">-20\u00b0C &#8211; 80\u00b0C<\/td>\n<\/tr>\n<tr>\n<td width=\"100\">C\u1ea3nh b\u00e1o giao th\u00f4ng<\/td>\n<td width=\"270\">C\u00f3 ( T\u1ed1c \u0111\u1ed9 gi\u1edbi h\u1ea1n + bi\u1ec3n b\u00e1o giao th\u00f4ng + camera ph\u1ea1t ngu\u1ed9i + tr\u1ea1m thu ph\u00ed k\u00e8m gi\u00e1 v\u00e9 )<\/td>\n<\/tr>\n<tr>\n<td width=\"100\">K\u1ebft n\u1ed1i \u0111i\u1ec7n tho\u1ea1i<\/td>\n<td width=\"270\">C\u00f3 ( \u1ee8ng d\u1ee5ng VIETMAP HUD )<\/td>\n<\/tr>\n<tr>\n<td width=\"100\">C\u1ea3m bi\u1ebfn TPMS<\/td>\n<td width=\"270\">C\u00f3 ( G\u1eafn Trong \/ G\u1eafn Ngo\u00e0i )<\/td>\n<\/tr>\n<tr>\n<td width=\"100\">Nhi\u1ec7t \u0111\u1ed9 k\u00e9t n\u01b0\u1edbc<\/td>\n<td width=\"270\">C\u00f3<\/td>\n<\/tr>\n<tr>\n<td width=\"100\">\u0110i\u1ec7n \u00e1p<\/td>\n<td width=\"270\">C\u00f3<\/td>\n<\/tr>\n<tr>\n<td width=\"100\">Hi\u1ec3n th\u1ecb d\u1eabn \u0111\u01b0\u1eddng<\/td>\n<td width=\"270\">C\u00f3<\/td>\n<\/tr>\n<tr>\n<td width=\"100\">V\u00f2ng tua m\u00e1y<\/td>\n<td width=\"270\">C\u00f3<\/td>\n<\/tr>\n<tr>\n<td width=\"100\">Th\u00f4ng tin cu\u1ed9c g\u1ecdi<\/td>\n<td width=\"270\">C\u00f3<\/td>\n<\/tr>\n<\/tbody>\n<\/table>\n<\/div>\n<\/div>\n<\/div>\n<\/div>\n<\/section>\n","protected":false},"excerpt":{"rendered":"<p>D\u1eabn \u0111\u1ea7u v\u1ec1 t\u00ednh n\u0103ng v\u00e0 c\u00f4ng ngh\u1ec7, m\u00e0n h\u00ecnh\u00a0<strong><a href=\"https:\/\/c.lazada.vn\/t\/c.0Ej8Q2\" target=\"_blank\" rel=\"noopener\">VIETMAP HUD H1AS<\/a><\/strong>\u00a0th\u1ebf h\u1ec7 m\u1edbi c\u1ee7a VIETMAP \u0111\u01b0\u1ee3c t\u00edch h\u1ee3p th\u00eam ch\u1ee9c n\u0103ng c\u1ea3nh b\u00e1o giao th\u00f4ng tr\u1ef1c tuy\u1ebfn. Ngo\u00e0i ra, HUD H1AS c\u00f2n h\u1ed7 tr\u1ee3 th\u00eam c\u00e1c t\u00ednh n\u0103ng h\u1eefu \u00edch kh\u00e1c nh\u01b0: c\u1ea3nh b\u00e1o camera ph\u1ea1t ngu\u1ed9i, theo d\u00f5i t\u1ed1c \u0111\u1ed9, v\u01b0\u1ee3t \u0111\u00e8n \u0111\u1ecf, tr\u1ea1m thu ph\u00ed v\u1edbi gi\u00e1 v\u00e9 c\u1ee7a t\u1eebng tr\u1ea1m,\u2026 gi\u00fap ng\u01b0\u1eddi l\u00e1i ch\u1ee7 \u0111\u1ed9ng h\u01a1n trong c\u00e1c t\u00ecnh hu\u1ed1ng giao th\u00f4ng.<\/p>\n","protected":false},"featured_media":1171,"comment_status":"open","ping_status":"closed","template":"","meta":[],"product_brand":[84],"product_cat":[125],"product_tag":[],"class_list":{"0":"post-1169","1":"product","2":"type-product","3":"status-publish","4":"has-post-thumbnail","6":"product_brand-vietmap","7":"product_cat-hud","9":"first","10":"instock","11":"shipping-taxable","12":"purchasable","13":"product-type-simple"},"_links":{"self":[{"href":"https:\/\/autothaiduong.vn\/index.php?rest_route=\/wp\/v2\/product\/1169","targetHints":{"allow":["GET"]}}],"collection":[{"href":"https:\/\/autothaiduong.vn\/index.php?rest_route=\/wp\/v2\/product"}],"about":[{"href":"https:\/\/autothaiduong.vn\/index.php?rest_route=\/wp\/v2\/types\/product"}],"replies":[{"embeddable":true,"href":"https:\/\/autothaiduong.vn\/index.php?rest_route=%2Fwp%2Fv2%2Fcomments&post=1169"}],"wp:featuredmedia":[{"embeddable":true,"href":"https:\/\/autothaiduong.vn\/index.php?rest_route=\/wp\/v2\/media\/1171"}],"wp:attachment":[{"href":"https:\/\/autothaiduong.vn\/index.php?rest_route=%2Fwp%2Fv2%2Fmedia&parent=1169"}],"wp:term":[{"taxonomy":"product_brand","embeddable":true,"href":"https:\/\/autothaiduong.vn\/index.php?rest_route=%2Fwp%2Fv2%2Fproduct_brand&post=1169"},{"taxonomy":"product_cat","embeddable":true,"href":"https:\/\/autothaiduong.vn\/index.php?rest_route=%2Fwp%2Fv2%2Fproduct_cat&post=1169"},{"taxonomy":"product_tag","embeddable":true,"href":"https:\/\/autothaiduong.vn\/index.php?rest_route=%2Fwp%2Fv2%2Fproduct_tag&post=1169"}],"curies":[{"name":"wp","href":"https:\/\/api.w.org\/{rel}","templated":true}]}}