{"id":1182,"date":"2025-05-11T16:55:02","date_gmt":"2025-05-11T16:55:02","guid":{"rendered":"https:\/\/autothaiduong.vn\/?post_type=product&#038;p=1182"},"modified":"2025-05-11T16:55:28","modified_gmt":"2025-05-11T16:55:28","slug":"vietmap-hud-h1x","status":"publish","type":"product","link":"https:\/\/autothaiduong.vn\/?product=vietmap-hud-h1x","title":{"rendered":"VIETMAP HUD H1X"},"content":{"rendered":"<p><img loading=\"lazy\" decoding=\"async\" class=\" wp-image-1044 aligncenter\" src=\"https:\/\/autothaiduong.vn\/wp-content\/uploads\/2025\/05\/z6584734442481_f208f5944548cb4b46353402ce2e64e0.jpg\" alt=\"\" width=\"343\" height=\"304\" \/><\/p>\n<p style=\"text-align: center;\"><strong><span style=\"color: #ff0000; font-size: 150%;\">273-275 Tr\u1ea7n Ph\u00fa Ph\u01b0\u1eddng L\u1ed9c S\u01a1n Th\u00e0nh Ph\u1ed1 B\u1ea3o L\u1ed9c T\u1ec9nh L\u00e2m \u0110\u1ed3ng <\/span><\/strong><\/p>\n<p style=\"text-align: center;\"><strong><span style=\"color: #ff0000; font-size: 150%;\">Hotline: 0912197441<\/span><\/strong><\/p>\n<section class=\"product-especially\">\n<div class=\"container\">\n<div class=\"rte\">\n<p><img loading=\"lazy\" decoding=\"async\" class=\"alignnone size-full wp-image-1184\" src=\"https:\/\/autothaiduong.vn\/wp-content\/uploads\/2025\/05\/vietmap-hud-h1x-man-hinh-hien-thi-thong-minh.jpg\" width=\"1280\" height=\"362\" srcset=\"https:\/\/autothaiduong.vn\/wp-content\/uploads\/2025\/05\/vietmap-hud-h1x-man-hinh-hien-thi-thong-minh.jpg 1280w, https:\/\/autothaiduong.vn\/wp-content\/uploads\/2025\/05\/vietmap-hud-h1x-man-hinh-hien-thi-thong-minh-600x170.jpg 600w, https:\/\/autothaiduong.vn\/wp-content\/uploads\/2025\/05\/vietmap-hud-h1x-man-hinh-hien-thi-thong-minh-1024x290.jpg 1024w, https:\/\/autothaiduong.vn\/wp-content\/uploads\/2025\/05\/vietmap-hud-h1x-man-hinh-hien-thi-thong-minh-768x217.jpg 768w\" sizes=\"auto, (max-width: 1280px) 100vw, 1280px\" \/><\/p>\n<h2>TR\u1ea2I NGHI\u1ec6M M\u00c0N H\u00ccNH HI\u1ec2N TH\u1eca TH\u00d4NG MINH<\/h2>\n<p>M\u00e0n h\u00ecnh\u00a0hi\u1ec3n th\u1ecb th\u00f4ng tin l\u00ean k\u00ednh l\u00e1i xe\u00a0<strong>HUD H1X\u00a0<\/strong>th\u00f4ng minh, cung c\u1ea5p th\u00f4ng tin d\u1eef li\u1ec7u giao th\u00f4ng kh\u00f4ng \u0111\u00f2i h\u1ecfi ng\u01b0\u1eddi s\u1eed d\u1ee5ng thay \u0111\u1ed5i g\u00f3c nh\u00ecn gi\u00fap vi\u1ec7c l\u00e1i xe d\u1ec5 d\u00e0ng v\u00e0 an to\u00e0n.<br \/>\n<em>* C\u1ea7n k\u1ebft n\u1ed1i thi\u1ebft b\u1ecb v\u1edbi \u1ee9ng d\u1ee5ng VIETMAP Live \u0111\u1ec3 s\u1eed d\u1ee5ng t\u00ednh n\u0103ng c\u1ea3nh b\u00e1o t\u1ed1c \u0111\u1ed9<\/em><\/p>\n<p><img loading=\"lazy\" decoding=\"async\" class=\"alignnone size-full wp-image-1185\" src=\"https:\/\/autothaiduong.vn\/wp-content\/uploads\/2025\/05\/vietmap-hud-h1x-ket-noi-dien-thoai-canh-bao-giao-thong.jpg\" width=\"1280\" height=\"362\" srcset=\"https:\/\/autothaiduong.vn\/wp-content\/uploads\/2025\/05\/vietmap-hud-h1x-ket-noi-dien-thoai-canh-bao-giao-thong.jpg 1280w, https:\/\/autothaiduong.vn\/wp-content\/uploads\/2025\/05\/vietmap-hud-h1x-ket-noi-dien-thoai-canh-bao-giao-thong-600x170.jpg 600w, https:\/\/autothaiduong.vn\/wp-content\/uploads\/2025\/05\/vietmap-hud-h1x-ket-noi-dien-thoai-canh-bao-giao-thong-1024x290.jpg 1024w, https:\/\/autothaiduong.vn\/wp-content\/uploads\/2025\/05\/vietmap-hud-h1x-ket-noi-dien-thoai-canh-bao-giao-thong-768x217.jpg 768w\" sizes=\"auto, (max-width: 1280px) 100vw, 1280px\" \/><\/p>\n<h2>K\u1ebeT N\u1ed0I \u0110I\u1ec6N THO\u1ea0I C\u1ea2NH B\u00c1O T\u1ed0C \u0110\u1ed8 T\u1ed0I \u0110A<\/h2>\n<p><strong><a href=\"https:\/\/vietmap.vn\/man-hinh-hud-vietmap\" target=\"_blank\" rel=\"noopener\">M\u00e0n h\u00ecnh HUD VIET MAP<\/a><\/strong>\u00a0H1X v\u1edbi \u1ee9ng d\u1ee5ng\u00a0<strong><a href=\"https:\/\/vietmap.vn\/vietmap-live\" target=\"_blank\" rel=\"noopener\">VIETMAP LIVE<\/a>\u00a0<\/strong>t\u00edch h\u1ee3p d\u1eef li\u1ec7u c\u1ea3nh b\u00e1o th\u00f4ng tin giao th\u00f4ng chi ti\u1ebft to\u00e0n qu\u1ed1c:<br \/>\n&#8211;\u00a0\u00a0 \u00a0C\u1ea3nh b\u00e1o t\u1ed1c \u0111\u1ed9 di chuy\u1ec3n t\u1ed1i \u0111a tr\u00ean t\u1eebng cung \u0111\u01b0\u1eddng.<br \/>\n&#8211;\u00a0\u00a0 \u00a0B\u00e1o khu v\u1ef1c c\u00f3\u00a0camera ph\u1ea1t ngu\u1ed9i<br \/>\n&#8211;\u00a0\u00a0 \u00a0B\u00e1o khu v\u1ef1c c\u00f3\u00a0camera v\u01b0\u1ee3t \u0111\u00e8n \u0111\u1ecf<br \/>\n&#8211;\u00a0\u00a0 \u00a0B\u00e1o khu v\u1ef1c c\u00f3\u00a0camera v\u01b0\u1ee3t t\u1ed1c \u0111\u1ed9<br \/>\n(V\u00e0 m\u1ed9t s\u1ed1 th\u00f4ng tin c\u1ea3nh b\u00e1o giao th\u00f4ng quan tr\u1ecdng kh\u00e1c)<br \/>\nD\u1eef li\u1ec7u th\u00f4ng tin bi\u1ec3n b\u00e1o giao th\u00f4ng \u0111\u01b0\u1ee3c VIETMAP thu th\u1eadp v\u00e0 c\u1eadp nh\u1eadt th\u01b0\u1eddng xuy\u00ean.<\/p>\n<p><img loading=\"lazy\" decoding=\"async\" class=\"alignnone size-full wp-image-1186\" src=\"https:\/\/autothaiduong.vn\/wp-content\/uploads\/2025\/05\/vietmap-hud-h1x-man-hinh-gap-tu-dong.jpg\" width=\"1280\" height=\"362\" srcset=\"https:\/\/autothaiduong.vn\/wp-content\/uploads\/2025\/05\/vietmap-hud-h1x-man-hinh-gap-tu-dong.jpg 1280w, https:\/\/autothaiduong.vn\/wp-content\/uploads\/2025\/05\/vietmap-hud-h1x-man-hinh-gap-tu-dong-600x170.jpg 600w, https:\/\/autothaiduong.vn\/wp-content\/uploads\/2025\/05\/vietmap-hud-h1x-man-hinh-gap-tu-dong-1024x290.jpg 1024w, https:\/\/autothaiduong.vn\/wp-content\/uploads\/2025\/05\/vietmap-hud-h1x-man-hinh-gap-tu-dong-768x217.jpg 768w\" sizes=\"auto, (max-width: 1280px) 100vw, 1280px\" \/><\/p>\n<h2>M\u00c0N H\u00ccNH G\u1eacP T\u1ef0 \u0110\u1ed8NG<\/h2>\n<p><strong>M\u00e0n h\u00ecnh HUD H1X<\/strong>\u00a0v\u1edbi kh\u1ea3 n\u0103ng g\u1eadp m\u1edf t\u1ef1 \u0111\u1ed9ng gi\u00fap h\u1ea1n ch\u1ebf thao t\u00e1c tr\u1ef1c ti\u1ebfp tr\u00ean thi\u1ebft b\u1ecb mang \u0111\u1ebfn s\u1ef1 ti\u1ec7n ti\u1ec7n l\u1ee3i &amp; tho\u1ea3i m\u00e1i cho ng\u01b0\u1eddi s\u1eed d\u1ee5ng.<\/p>\n<p><img loading=\"lazy\" decoding=\"async\" class=\"alignnone size-full wp-image-1187\" src=\"https:\/\/autothaiduong.vn\/wp-content\/uploads\/2025\/05\/vietmap-hud-h1x-hien-thi-sac-net.jpg\" width=\"1280\" height=\"362\" srcset=\"https:\/\/autothaiduong.vn\/wp-content\/uploads\/2025\/05\/vietmap-hud-h1x-hien-thi-sac-net.jpg 1280w, https:\/\/autothaiduong.vn\/wp-content\/uploads\/2025\/05\/vietmap-hud-h1x-hien-thi-sac-net-600x170.jpg 600w, https:\/\/autothaiduong.vn\/wp-content\/uploads\/2025\/05\/vietmap-hud-h1x-hien-thi-sac-net-1024x290.jpg 1024w, https:\/\/autothaiduong.vn\/wp-content\/uploads\/2025\/05\/vietmap-hud-h1x-hien-thi-sac-net-768x217.jpg 768w\" sizes=\"auto, (max-width: 1280px) 100vw, 1280px\" \/><\/p>\n<h2>HI\u1ec2N TH\u1eca S\u1eaeC N\u00c9T NG\u00c0Y &amp; \u0110\u00caM<\/h2>\n<p><strong>VIETMAP H1X\u00a0<\/strong>v\u1edbi kh\u1ea3 n\u0103ng hi\u1ec3n th\u1ecb nhi\u1ec1u m\u00e0u s\u1eafc, h\u1ed7 tr\u1ee3 l\u00e1i xe an to\u00e0n trong m\u1ecdi \u0111i\u1ec1u ki\u1ec7n \u00e1nh s\u00e1ng.<\/p>\n<p><img loading=\"lazy\" decoding=\"async\" class=\"alignnone size-full wp-image-1188\" src=\"https:\/\/autothaiduong.vn\/wp-content\/uploads\/2025\/05\/vietmap-hud-h1x-ket-noi-obd2-hien-thi-trang-thai-xe.jpg\" width=\"1280\" height=\"362\" srcset=\"https:\/\/autothaiduong.vn\/wp-content\/uploads\/2025\/05\/vietmap-hud-h1x-ket-noi-obd2-hien-thi-trang-thai-xe.jpg 1280w, https:\/\/autothaiduong.vn\/wp-content\/uploads\/2025\/05\/vietmap-hud-h1x-ket-noi-obd2-hien-thi-trang-thai-xe-600x170.jpg 600w, https:\/\/autothaiduong.vn\/wp-content\/uploads\/2025\/05\/vietmap-hud-h1x-ket-noi-obd2-hien-thi-trang-thai-xe-1024x290.jpg 1024w, https:\/\/autothaiduong.vn\/wp-content\/uploads\/2025\/05\/vietmap-hud-h1x-ket-noi-obd2-hien-thi-trang-thai-xe-768x217.jpg 768w\" sizes=\"auto, (max-width: 1280px) 100vw, 1280px\" \/><\/p>\n<h2>K\u1ebeT N\u1ed0I OBDII TR\u1ea0NG TH\u00c1I XE<\/h2>\n<p>HUD H1X c\u00f3 th\u1ec3 c\u1eadp nh\u1eadt v\u00e0 cho ph\u00e9p hi\u1ec3n th\u1ecb nhi\u1ec1u th\u00f4ng s\u1ed1 ho\u1ea1t \u0111\u1ed9ng kh\u00e1c nhau c\u1ee7a xe gi\u00fap ng\u01b0\u1eddi \u0111i\u1ec1u khi\u1ec3n xe an to\u00e0n \u0111\u1ed3ng th\u1eddi n\u1eafm b\u1eaft \u0111\u01b0\u1ee3c tr\u1ea1ng th\u00e1i xe th\u00f4ng qua c\u1ed5ng OBDII.<\/p>\n<p><img loading=\"lazy\" decoding=\"async\" class=\"alignnone size-full wp-image-1189\" src=\"https:\/\/autothaiduong.vn\/wp-content\/uploads\/2025\/05\/don-xe-chua-ho-tro-vietmap-hud.jpg\" width=\"1280\" height=\"362\" srcset=\"https:\/\/autothaiduong.vn\/wp-content\/uploads\/2025\/05\/don-xe-chua-ho-tro-vietmap-hud.jpg 1280w, https:\/\/autothaiduong.vn\/wp-content\/uploads\/2025\/05\/don-xe-chua-ho-tro-vietmap-hud-600x170.jpg 600w, https:\/\/autothaiduong.vn\/wp-content\/uploads\/2025\/05\/don-xe-chua-ho-tro-vietmap-hud-1024x290.jpg 1024w, https:\/\/autothaiduong.vn\/wp-content\/uploads\/2025\/05\/don-xe-chua-ho-tro-vietmap-hud-768x217.jpg 768w\" sizes=\"auto, (max-width: 1280px) 100vw, 1280px\" \/><\/p>\n<h2>NH\u1eeeNG D\u00d2NG XE CH\u01afA H\u1ed6 TR\u1ee2 VIETMAP HUD<\/h2>\n<p><strong>HUD H1X<\/strong>\u00a0l\u00e0 m\u00e0n h\u00ecnh hi\u1ec3n th\u1ecb r\u1eddi s\u1eed d\u1ee5ng ngu\u1ed3n t\u1eeb c\u1ed5ng OBDII c\u1ee7a xe. Vi\u1ec7c l\u1eafp \u0111\u1eb7t r\u1ea5t \u0111\u01a1n gi\u1ea3n, ch\u1ec9 c\u1ea7n k\u1ebft n\u1ed1i thi\u1ebft b\u1ecb v\u00e0 c\u1ed5ng OBD c\u1ee7a xe, thi\u1ebft b\u1ecb \u0111\u00e3 s\u1eb5n s\u00e0ng ho\u1ea1t \u0111\u1ed9ng. Song v\u1eabn t\u1ed3n t\u1ea1i m\u1ed9t s\u1ed1 d\u00f2ng xe do giao th\u1ee9c OBD ch\u01b0a t\u01b0\u01a1ng th\u00edch\u00a0<strong><a href=\"https:\/\/vietmap.vn\/\" target=\"_blank\" rel=\"noopener\">VIETMAP<\/a><\/strong>\u00a0HUD, n\u00ean ch\u01b0a h\u1ed7 tr\u1ee3 vi\u1ec7c s\u1eed d\u1ee5ng, t\u00f9y theo nhu c\u1ea7u th\u1ecb tr\u01b0\u1eddng VIETMAP s\u1ebd ti\u1ebfn h\u00e0nh nghi\u00ean c\u1ee9u ph\u00e1t tri\u1ec3n v\u00e0 h\u1ed7 tr\u1ee3 trong th\u1eddi gian t\u1edbi.<\/p>\n<\/div>\n<\/div>\n<\/section>\n<section class=\"product-especially\"><img loading=\"lazy\" decoding=\"async\" class=\"alignnone size-full wp-image-1190\" src=\"https:\/\/autothaiduong.vn\/wp-content\/uploads\/2025\/05\/banner-video-a2107ff2-ea8d-45c3-9f87-810df80762b2.jpg\" alt=\"Banner 3\" width=\"1280\" height=\"480\" srcset=\"https:\/\/autothaiduong.vn\/wp-content\/uploads\/2025\/05\/banner-video-a2107ff2-ea8d-45c3-9f87-810df80762b2.jpg 1280w, https:\/\/autothaiduong.vn\/wp-content\/uploads\/2025\/05\/banner-video-a2107ff2-ea8d-45c3-9f87-810df80762b2-600x225.jpg 600w, https:\/\/autothaiduong.vn\/wp-content\/uploads\/2025\/05\/banner-video-a2107ff2-ea8d-45c3-9f87-810df80762b2-1024x384.jpg 1024w, https:\/\/autothaiduong.vn\/wp-content\/uploads\/2025\/05\/banner-video-a2107ff2-ea8d-45c3-9f87-810df80762b2-768x288.jpg 768w\" sizes=\"auto, (max-width: 1280px) 100vw, 1280px\" \/><\/p>\n<div class=\"container\">\n<div class=\"rte\"><\/div>\n<\/div>\n<\/section>\n<section id=\"pro_specifications\" class=\"product-specifications\">\n<div class=\"container\">\n<h2>Th\u00f4ng s\u1ed1 k\u1ef9 thu\u1eadt<\/h2>\n<div class=\"row\">\n<div class=\"col-lg-6 col-md-12 col-sm-12 col-12\">\n<h3>K\u00edch th\u01b0\u1edbc s\u1ea3n ph\u1ea9m<\/h3>\n<p><img loading=\"lazy\" decoding=\"async\" class=\"alignnone size-full wp-image-1191\" src=\"https:\/\/autothaiduong.vn\/wp-content\/uploads\/2025\/05\/size-58456ad4-a0b2-4e92-be5c-9243e02d0c82.png\" alt=\"Th\u00f4ng s\u1ed1 k\u1ef9 thu\u1eadt\" width=\"594\" height=\"450\" \/><\/p>\n<\/div>\n<div class=\"col-lg-6 col-md-12 col-sm-12 col-12\">\n<div class=\"rte\">\n<table border=\"1\">\n<tbody>\n<tr>\n<td width=\"100\">Ngu\u1ed3n<\/td>\n<td width=\"270\">12V &#8211; 3A<\/td>\n<\/tr>\n<tr>\n<td width=\"100\">Nhi\u1ec7t \u0111\u1ed9 ho\u1ea1t \u0111\u1ed9ng<\/td>\n<td width=\"270\">-20\u00b0C &#8211; 80\u00b0C<\/td>\n<\/tr>\n<tr>\n<td width=\"100\">C\u1ea3nh b\u00e1o giao th\u00f4ng<\/td>\n<td width=\"270\">C\u00f3 ( T\u1ed1c \u0111\u1ed9 gi\u1edbi h\u1ea1n + camera ph\u1ea1t ngu\u1ed9i )<\/td>\n<\/tr>\n<tr>\n<td width=\"100\">K\u1ebft n\u1ed1i \u0111i\u1ec7n tho\u1ea1i<\/td>\n<td width=\"270\">C\u00f3 ( \u1ee8ng d\u1ee5ng VIETMAP LIVE )<\/td>\n<\/tr>\n<tr>\n<td width=\"100\">C\u1ea3m bi\u1ebfn TPMS<\/td>\n<td width=\"270\">Kh\u00f4ng<\/td>\n<\/tr>\n<tr>\n<td width=\"100\">Nhi\u1ec7t \u0111\u1ed9 k\u00e9t n\u01b0\u1edbc<\/td>\n<td width=\"270\">C\u00f3<\/td>\n<\/tr>\n<tr>\n<td width=\"100\">\u0110i\u1ec7n \u00e1p<\/td>\n<td width=\"270\">C\u00f3<\/td>\n<\/tr>\n<tr>\n<td width=\"100\">Hi\u1ec3n th\u1ecb d\u1eabn \u0111\u01b0\u1eddng<\/td>\n<td width=\"270\">Kh\u00f4ng<\/td>\n<\/tr>\n<tr>\n<td width=\"100\">V\u00f2ng tua m\u00e1y<\/td>\n<td width=\"270\">C\u00f3<\/td>\n<\/tr>\n<tr>\n<td width=\"100\">Th\u00f4ng tin cu\u1ed9c g\u1ecdi<\/td>\n<td width=\"270\">Kh\u00f4ng<\/td>\n<\/tr>\n<\/tbody>\n<\/table>\n<\/div>\n<\/div>\n<\/div>\n<\/div>\n<\/section>\n","protected":false},"excerpt":{"rendered":"<p><strong><a href=\"https:\/\/vietmap.vn\/vietmap-hud-h1x\" target=\"_blank\" rel=\"noopener\">VIETMAP\u00a0HUD H1X<\/a><\/strong>\u00a0&#8211; M\u00e0n h\u00ecnh hi\u1ec3n th\u1ecb k\u00ednh l\u00e1i\u00a0HUD c\u1ea3nh b\u00e1o t\u1ed1c \u0111\u1ed9\u00a0ch\u00ednh l\u00e0 tr\u1ee3 l\u00fd l\u00e1i xe chuy\u00ean nghi\u1ec7p gi\u00fap b\u00e1c t\u00e0i tho\u1ea3i m\u00e1i khi tham gia giao th\u00f4ng<br \/>\nb\u1edfi c\u00e1c t\u00ednh n\u0103ng si\u00eau vi\u1ec7t v\u00e0 duy nh\u1ea5t t\u1ea1i th\u1ecb tr\u01b0\u1eddng Vi\u1ec7t Nam hi\u1ec7n nay.<\/p>\n<p>VIETMAP HUD H1X \u0111\u01b0\u1ee3c \u01b0a chu\u1ed9ng v\u1edbi nhi\u1ec1u t\u00ednh n\u0103ng n\u1ed5i b\u1eadt: Th\u00f4ng tin<br \/>\nt\u1ed1c \u0111\u1ed9 hi\u1ec7n t\u1ea1i; C\u1ea3nh b\u00e1o camera ph\u1ea1t ngu\u1ed9i; C\u1ea3nh b\u00e1o t\u1ed1c \u0111\u1ed9 gi\u1edbi h\u1ea1n;<br \/>\nTheo d\u00f5i tr\u1ea1ng th\u00e1i xe.<\/p>\n","protected":false},"featured_media":1191,"comment_status":"open","ping_status":"closed","template":"","meta":[],"product_brand":[84],"product_cat":[125],"product_tag":[],"class_list":{"0":"post-1182","1":"product","2":"type-product","3":"status-publish","4":"has-post-thumbnail","6":"product_brand-vietmap","7":"product_cat-hud","9":"first","10":"instock","11":"shipping-taxable","12":"purchasable","13":"product-type-simple"},"_links":{"self":[{"href":"https:\/\/autothaiduong.vn\/index.php?rest_route=\/wp\/v2\/product\/1182","targetHints":{"allow":["GET"]}}],"collection":[{"href":"https:\/\/autothaiduong.vn\/index.php?rest_route=\/wp\/v2\/product"}],"about":[{"href":"https:\/\/autothaiduong.vn\/index.php?rest_route=\/wp\/v2\/types\/product"}],"replies":[{"embeddable":true,"href":"https:\/\/autothaiduong.vn\/index.php?rest_route=%2Fwp%2Fv2%2Fcomments&post=1182"}],"wp:featuredmedia":[{"embeddable":true,"href":"https:\/\/autothaiduong.vn\/index.php?rest_route=\/wp\/v2\/media\/1191"}],"wp:attachment":[{"href":"https:\/\/autothaiduong.vn\/index.php?rest_route=%2Fwp%2Fv2%2Fmedia&parent=1182"}],"wp:term":[{"taxonomy":"product_brand","embeddable":true,"href":"https:\/\/autothaiduong.vn\/index.php?rest_route=%2Fwp%2Fv2%2Fproduct_brand&post=1182"},{"taxonomy":"product_cat","embeddable":true,"href":"https:\/\/autothaiduong.vn\/index.php?rest_route=%2Fwp%2Fv2%2Fproduct_cat&post=1182"},{"taxonomy":"product_tag","embeddable":true,"href":"https:\/\/autothaiduong.vn\/index.php?rest_route=%2Fwp%2Fv2%2Fproduct_tag&post=1182"}],"curies":[{"name":"wp","href":"https:\/\/api.w.org\/{rel}","templated":true}]}}