{"id":1200,"date":"2025-05-11T16:59:30","date_gmt":"2025-05-11T16:59:30","guid":{"rendered":"https:\/\/autothaiduong.vn\/?post_type=product&#038;p=1200"},"modified":"2025-05-11T17:00:03","modified_gmt":"2025-05-11T17:00:03","slug":"vietmap-vm300","status":"publish","type":"product","link":"https:\/\/autothaiduong.vn\/?product=vietmap-vm300","title":{"rendered":"VIETMAP VM300"},"content":{"rendered":"<p><img loading=\"lazy\" decoding=\"async\" class=\" wp-image-1044 aligncenter\" src=\"https:\/\/autothaiduong.vn\/wp-content\/uploads\/2025\/05\/z6584734442481_f208f5944548cb4b46353402ce2e64e0.jpg\" alt=\"\" width=\"304\" height=\"269\" \/><\/p>\n<p style=\"text-align: center;\"><span style=\"font-size: 150%;\"><strong><span style=\"color: #ff0000;\">273-275 Tr\u1ea7n Ph\u00fa Ph\u01b0\u1eddng L\u1ed9c S\u01a1n Th\u00e0nh Ph\u1ed1 B\u1ea3o L\u1ed9c T\u1ec9nh L\u00e2m \u0110\u1ed3ng <\/span><\/strong><\/span><\/p>\n<p style=\"text-align: center;\"><span style=\"font-size: 150%;\"><strong><span style=\"color: #ff0000;\">Hotline: 0912197441<\/span><\/strong><\/span><\/p>\n<section class=\"product-especially\">\n<div class=\"container\">\n<div class=\"rte\">\n<p><img loading=\"lazy\" decoding=\"async\" class=\"alignnone size-full wp-image-1202\" src=\"https:\/\/autothaiduong.vn\/wp-content\/uploads\/2025\/05\/biggic-3-f6c034ef-5bfa-4158-9178-55c76d580232.png\" width=\"1280\" height=\"695\" srcset=\"https:\/\/autothaiduong.vn\/wp-content\/uploads\/2025\/05\/biggic-3-f6c034ef-5bfa-4158-9178-55c76d580232.png 1280w, https:\/\/autothaiduong.vn\/wp-content\/uploads\/2025\/05\/biggic-3-f6c034ef-5bfa-4158-9178-55c76d580232-600x326.png 600w, https:\/\/autothaiduong.vn\/wp-content\/uploads\/2025\/05\/biggic-3-f6c034ef-5bfa-4158-9178-55c76d580232-1024x556.png 1024w, https:\/\/autothaiduong.vn\/wp-content\/uploads\/2025\/05\/biggic-3-f6c034ef-5bfa-4158-9178-55c76d580232-768x417.png 768w\" sizes=\"auto, (max-width: 1280px) 100vw, 1280px\" \/><\/p>\n<h2 lang=\"EN-US\" xml:lang=\"EN-US\" data-ccp-props=\"{&quot;335551550&quot;:1,&quot;335551620&quot;:1,&quot;335559683&quot;:0,&quot;335559685&quot;:0,&quot;335559731&quot;:0,&quot;335559737&quot;:0,&quot;335562764&quot;:2,&quot;335562765&quot;:1,&quot;335562766&quot;:4,&quot;335562767&quot;:0,&quot;335562768&quot;:4,&quot;335562769&quot;:0}\">GHI H\u00ccNH TO\u00c0N C\u1ea2NH TR\u01af\u1edaC &amp; TRONG XE\u200b<strong>\u200b<\/strong><\/h2>\n<p lang=\"EN-US\" xml:lang=\"EN-US\" data-ccp-props=\"{&quot;335551550&quot;:1,&quot;335551620&quot;:1,&quot;335559683&quot;:0,&quot;335559685&quot;:0,&quot;335559731&quot;:0,&quot;335559737&quot;:0,&quot;335562764&quot;:2,&quot;335562765&quot;:1,&quot;335562766&quot;:4,&quot;335562767&quot;:0,&quot;335562768&quot;:4,&quot;335562769&quot;:0}\"><strong>VIETMAP VM300<\/strong>\u00a0c\u00f3 \u0111\u1ed9 ph\u00e2n gi\u1ea3i\u00a0Full HD 1080p g\u00f3c r\u1ed9ng 150\u00b0,\u00a0ghi l\u1ea1i\u00a0to\u00e0n c\u1ea3nh h\u00e0nh tr\u00ecnh tr\u01b0\u1edbc xe\u00a0r\u00f5 n\u00e9t. Thi\u1ebft b\u1ecb \u0111\u1ed3ng th\u1eddi t\u00edch h\u1ee3p camera h\u1ed3ng ngo\u1ea1i ph\u00eda trong gi\u00fap ghi h\u00ecnh si\u00eau t\u1ed1t trong m\u00f4i tr\u01b0\u1eddng thi\u1ebfu s\u00e1ng\u200b<\/p>\n<p><img loading=\"lazy\" decoding=\"async\" class=\"alignnone size-full wp-image-1203\" src=\"https:\/\/autothaiduong.vn\/wp-content\/uploads\/2025\/05\/biggic1.jpg\" width=\"1280\" height=\"695\" srcset=\"https:\/\/autothaiduong.vn\/wp-content\/uploads\/2025\/05\/biggic1.jpg 1280w, https:\/\/autothaiduong.vn\/wp-content\/uploads\/2025\/05\/biggic1-600x326.jpg 600w, https:\/\/autothaiduong.vn\/wp-content\/uploads\/2025\/05\/biggic1-1024x556.jpg 1024w, https:\/\/autothaiduong.vn\/wp-content\/uploads\/2025\/05\/biggic1-768x417.jpg 768w\" sizes=\"auto, (max-width: 1280px) 100vw, 1280px\" \/><\/p>\n<h2 lang=\"VI-VN\" xml:lang=\"VI-VN\" data-ccp-props=\"{&quot;335551550&quot;:1,&quot;335551620&quot;:1,&quot;335559683&quot;:0,&quot;335559685&quot;:0,&quot;335559731&quot;:0,&quot;335559737&quot;:0,&quot;335562764&quot;:2,&quot;335562765&quot;:1,&quot;335562766&quot;:4,&quot;335562767&quot;:0,&quot;335562768&quot;:4,&quot;335562769&quot;:0}\">\u0110\u1ecaNH V\u1eca, QU\u1ea2N L\u00dd XE\u200b<\/h2>\n<p lang=\"EN-US\" xml:lang=\"EN-US\" data-ccp-props=\"{&quot;335551550&quot;:1,&quot;335551620&quot;:1,&quot;335559683&quot;:0,&quot;335559685&quot;:0,&quot;335559731&quot;:0,&quot;335559737&quot;:0,&quot;335562764&quot;:2,&quot;335562765&quot;:1,&quot;335562766&quot;:4,&quot;335562767&quot;:0,&quot;335562768&quot;:4,&quot;335562769&quot;:0}\"><strong>VIETMAP VM300<\/strong>\u00a0qu\u1ea3n l\u00fd xe m\u1ecdi l\u00fac m\u1ecdi n\u01a1i. Xem l\u1ea1i\u202fl\u1ecbch s\u1eed di chuy\u1ec3n\u202f\u0111\u1ec3 theo d\u00f5i qu\u00e3ng \u0111\u01b0\u1eddng \u0111\u00e3 \u0111i trong v\u00f2ng 7 ng\u00e0y. Ngo\u00e0i ra c\u00f2n \u0111\u1ecbnh v\u1ecb xe\u202fnhanh ch\u00f3ng v\u00e0 ch\u00ednh x\u00e1c. \u200b<\/p>\n<p lang=\"VI-VN\" xml:lang=\"VI-VN\" data-ccp-props=\"{&quot;335551550&quot;:1,&quot;335551620&quot;:1,&quot;335559683&quot;:0,&quot;335559685&quot;:0,&quot;335559731&quot;:0,&quot;335559737&quot;:0,&quot;335562764&quot;:2,&quot;335562765&quot;:1,&quot;335562766&quot;:4,&quot;335562767&quot;:0,&quot;335562768&quot;:4,&quot;335562769&quot;:0}\"><img loading=\"lazy\" decoding=\"async\" class=\"alignnone size-full wp-image-1204\" src=\"https:\/\/autothaiduong.vn\/wp-content\/uploads\/2025\/05\/biggic-5-83ec846b-1afa-4c75-92a3-496c588f9083.png\" width=\"1280\" height=\"695\" srcset=\"https:\/\/autothaiduong.vn\/wp-content\/uploads\/2025\/05\/biggic-5-83ec846b-1afa-4c75-92a3-496c588f9083.png 1280w, https:\/\/autothaiduong.vn\/wp-content\/uploads\/2025\/05\/biggic-5-83ec846b-1afa-4c75-92a3-496c588f9083-600x326.png 600w, https:\/\/autothaiduong.vn\/wp-content\/uploads\/2025\/05\/biggic-5-83ec846b-1afa-4c75-92a3-496c588f9083-1024x556.png 1024w, https:\/\/autothaiduong.vn\/wp-content\/uploads\/2025\/05\/biggic-5-83ec846b-1afa-4c75-92a3-496c588f9083-768x417.png 768w\" sizes=\"auto, (max-width: 1280px) 100vw, 1280px\" \/><\/p>\n<h2 lang=\"EN-US\" xml:lang=\"EN-US\" data-ccp-props=\"{&quot;335551550&quot;:1,&quot;335551620&quot;:1,&quot;335559683&quot;:0,&quot;335559685&quot;:0,&quot;335559731&quot;:0,&quot;335559737&quot;:0,&quot;335562764&quot;:2,&quot;335562765&quot;:1,&quot;335562766&quot;:4,&quot;335562767&quot;:0,&quot;335562768&quot;:4,&quot;335562769&quot;:0}\">XEM VIDEO TR\u1ef0C TI\u1ebeP T\u1eea XA:\u00a0<strong>\u200b<\/strong><\/h2>\n<p lang=\"VI-VN\" xml:lang=\"VI-VN\" data-ccp-props=\"{&quot;335551550&quot;:1,&quot;335551620&quot;:1,&quot;335559683&quot;:0,&quot;335559685&quot;:0,&quot;335559731&quot;:0,&quot;335559737&quot;:0,&quot;335562764&quot;:2,&quot;335562765&quot;:1,&quot;335562766&quot;:4,&quot;335562767&quot;:0,&quot;335562768&quot;:4,&quot;335562769&quot;:0}\">Th\u00f4ng qua k\u1ebft n\u1ed1i 4G, ng\u01b0\u1eddi d\u00f9ng c\u00f3 th\u1ec3 xem tr\u1ef1c ti\u1ebfp h\u00ecnh \u1ea3nh camera tr\u01b0\u1edbc &amp; trong t\u1eeb b\u1ea5t k\u1ef3 \u0111\u00e2u.\u200b<\/p>\n<p><img loading=\"lazy\" decoding=\"async\" class=\"alignnone size-full wp-image-1205\" src=\"https:\/\/autothaiduong.vn\/wp-content\/uploads\/2025\/05\/bigpicvm300-7.png\" width=\"1280\" height=\"362\" srcset=\"https:\/\/autothaiduong.vn\/wp-content\/uploads\/2025\/05\/bigpicvm300-7.png 1280w, https:\/\/autothaiduong.vn\/wp-content\/uploads\/2025\/05\/bigpicvm300-7-600x170.png 600w, https:\/\/autothaiduong.vn\/wp-content\/uploads\/2025\/05\/bigpicvm300-7-1024x290.png 1024w, https:\/\/autothaiduong.vn\/wp-content\/uploads\/2025\/05\/bigpicvm300-7-768x217.png 768w\" sizes=\"auto, (max-width: 1280px) 100vw, 1280px\" \/><\/p>\n<h2 lang=\"EN-US\" xml:lang=\"EN-US\" data-ccp-props=\"{&quot;335551550&quot;:1,&quot;335551620&quot;:1,&quot;335559683&quot;:0,&quot;335559685&quot;:0,&quot;335559731&quot;:0,&quot;335559737&quot;:0,&quot;335562764&quot;:2,&quot;335562765&quot;:1,&quot;335562766&quot;:4,&quot;335562767&quot;:0,&quot;335562768&quot;:4,&quot;335562769&quot;:0}\">K\u1ebeT N\u1ed0I 4G\u200b<\/h2>\n<p lang=\"EN-US\" xml:lang=\"EN-US\" data-ccp-props=\"{&quot;335551550&quot;:1,&quot;335551620&quot;:1,&quot;335559683&quot;:0,&quot;335559685&quot;:0,&quot;335559731&quot;:0,&quot;335559737&quot;:0,&quot;335562764&quot;:2,&quot;335562765&quot;:1,&quot;335562766&quot;:4,&quot;335562767&quot;:0,&quot;335562768&quot;:4,&quot;335562769&quot;:0}\"><strong>VIETMAP VM300<\/strong>\u00a0trang b\u1ecb khe\u00a0<strong>SIM Data 4G<\/strong>. H\u1ed7 tr\u1ee3\u00a0\u0111\u1ecbnh v\u1ecb xe, xem tr\u1ef1c tuy\u1ebfn t\u1eeb xa, ph\u00e1t WIFI k\u1ebft n\u1ed1i di \u0111\u1ed9ng t\u1ed1c \u0111\u1ed9 cao.\u200b<\/p>\n<p lang=\"VI-VN\" xml:lang=\"VI-VN\" data-ccp-props=\"{&quot;335551550&quot;:1,&quot;335551620&quot;:1,&quot;335559683&quot;:0,&quot;335559685&quot;:0,&quot;335559731&quot;:0,&quot;335559737&quot;:0,&quot;335562764&quot;:2,&quot;335562765&quot;:1,&quot;335562766&quot;:4,&quot;335562767&quot;:0,&quot;335562768&quot;:4,&quot;335562769&quot;:0}\">\u200b<\/p>\n<p><img loading=\"lazy\" decoding=\"async\" class=\"alignnone size-full wp-image-1206\" src=\"https:\/\/autothaiduong.vn\/wp-content\/uploads\/2025\/05\/biggic4.jpg\" width=\"1280\" height=\"695\" srcset=\"https:\/\/autothaiduong.vn\/wp-content\/uploads\/2025\/05\/biggic4.jpg 1280w, https:\/\/autothaiduong.vn\/wp-content\/uploads\/2025\/05\/biggic4-600x326.jpg 600w, https:\/\/autothaiduong.vn\/wp-content\/uploads\/2025\/05\/biggic4-1024x556.jpg 1024w, https:\/\/autothaiduong.vn\/wp-content\/uploads\/2025\/05\/biggic4-768x417.jpg 768w\" sizes=\"auto, (max-width: 1280px) 100vw, 1280px\" \/><\/p>\n<p>&nbsp;<\/p>\n<h2 lang=\"EN-US\" xml:lang=\"EN-US\" data-ccp-props=\"{&quot;335551550&quot;:1,&quot;335551620&quot;:1,&quot;335559683&quot;:0,&quot;335559685&quot;:0,&quot;335559731&quot;:0,&quot;335559737&quot;:0,&quot;335562764&quot;:2,&quot;335562765&quot;:1,&quot;335562766&quot;:4,&quot;335562767&quot;:0,&quot;335562768&quot;:4,&quot;335562769&quot;:0}\">B\u1ec0N B\u1ec8 V\u1edaI PIN SI\u00caU T\u1ee4 \u0110I\u1ec6N\u200b<\/h2>\n<p lang=\"EN-US\" xml:lang=\"EN-US\" data-ccp-props=\"{&quot;335551550&quot;:1,&quot;335551620&quot;:1,&quot;335559683&quot;:0,&quot;335559685&quot;:0,&quot;335559731&quot;:0,&quot;335559737&quot;:0,&quot;335562764&quot;:2,&quot;335562765&quot;:1,&quot;335562766&quot;:4,&quot;335562767&quot;:0,&quot;335562768&quot;:4,&quot;335562769&quot;:0}\"><strong>VIETMAP VM300<\/strong>\u00a0\u0111\u01b0\u1ee3c trang b\u1ecb c\u00f4ng ngh\u1ec7 pin m\u1edbi trong vi\u1ec7c \u00e1p\u00a0d\u1ee5ng pin si\u00eau t\u1ee5 \u0111i\u1ec7n v\u1edbi kh\u1ea3 n\u0103ng n\u1ea1p n\u0103ng l\u01b0\u1ee3ng nhanh ch\u00f3ng v\u00e0 ch\u1ecbu nhi\u1ec7t cao. Gi\u00fap n\u00e2ng cao kh\u1ea3 n\u0103ng ho\u1ea1t \u0111\u1ed9ng li\u00ean t\u1ee5c v\u00e0 t\u0103ng c\u01b0\u1eddng tu\u1ed5i th\u1ecd thi\u1ebft b\u1ecb.<\/p>\n<h2><img loading=\"lazy\" decoding=\"async\" class=\"alignnone size-full wp-image-1207\" src=\"https:\/\/autothaiduong.vn\/wp-content\/uploads\/2025\/05\/video.png\" width=\"1280\" height=\"480\" srcset=\"https:\/\/autothaiduong.vn\/wp-content\/uploads\/2025\/05\/video.png 1280w, https:\/\/autothaiduong.vn\/wp-content\/uploads\/2025\/05\/video-600x225.png 600w, https:\/\/autothaiduong.vn\/wp-content\/uploads\/2025\/05\/video-1024x384.png 1024w, https:\/\/autothaiduong.vn\/wp-content\/uploads\/2025\/05\/video-768x288.png 768w\" sizes=\"auto, (max-width: 1280px) 100vw, 1280px\" \/><\/h2>\n<p>&nbsp;<\/p>\n<\/div>\n<\/div>\n<\/section>\n<section class=\"product-especially\">\n<div class=\"container\">\n<div class=\"rte\"><\/div>\n<\/div>\n<\/section>\n<section id=\"pro_specifications\" class=\"product-specifications\">\n<div class=\"container\">\n<h2>Th\u00f4ng s\u1ed1 k\u1ef9 thu\u1eadt<\/h2>\n<div class=\"row\">\n<div class=\"col-lg-6 col-md-12 col-sm-12 col-12\">\n<h3>K\u00edch th\u01b0\u1edbc s\u1ea3n ph\u1ea9m<\/h3>\n<\/div>\n<div class=\"col-lg-6 col-md-12 col-sm-12 col-12\">\n<div class=\"rte\">\n<p>&nbsp;<\/p>\n<table border=\"1\">\n<tbody>\n<tr>\n<td width=\"100\">M\u00e0n h\u00ecnh<\/td>\n<td width=\"270\">Kh\u00f4ng c\u00f3<\/td>\n<\/tr>\n<tr>\n<td width=\"100\">Camera<\/td>\n<td width=\"270\">Camera tr\u01b0\u1edbc Full HD 1080p<br \/>\nCamera trong 720p + H\u1ed3ng Ngo\u1ea1i<\/td>\n<\/tr>\n<tr>\n<td width=\"100\">\u1ed0ng k\u00ednh<\/td>\n<td width=\"270\">G\u00f3c r\u1ed9ng 150 \u0111\u1ed9 \u0111i\u1ec1u ch\u1ec9nh \u0111\u01b0\u1ee3c<\/td>\n<\/tr>\n<tr>\n<td width=\"100\">GPS<\/td>\n<td width=\"270\">C\u00f3<\/td>\n<\/tr>\n<tr>\n<td width=\"100\">K\u1ebft n\u1ed1i 4G<\/td>\n<td width=\"270\">C\u00f3<\/td>\n<\/tr>\n<tr>\n<td width=\"100\">WIFI Hotspot<\/td>\n<td width=\"270\">C\u00f3<\/td>\n<\/tr>\n<tr>\n<td width=\"100\">\u0110\u1ecbnh v\u1ecb tr\u1ef1c tuy\u1ebfn<\/td>\n<td width=\"270\">C\u00f3 ( \u1ee8ng d\u1ee5ng VIETMAP LIVE )<\/td>\n<\/tr>\n<tr>\n<td width=\"100\">Ghi h\u00ecnh v\u00f2ng l\u1eb7p<\/td>\n<td width=\"270\">C\u00f3 ( Video m\u1eb7c \u0111\u1ecbnh 1 ph\u00fat )<\/td>\n<\/tr>\n<tr>\n<td width=\"100\">Gi\u00e1m s\u00e1t video tr\u1ef1c tuy\u1ebfn<\/td>\n<td width=\"270\">C\u00f3 (Th\u00f4ng qua\u00a0\u1ee8ng d\u1ee5ng VIETMAP LIVE\u00a0)<\/td>\n<\/tr>\n<tr>\n<td width=\"100\">Th\u1ebb nh\u1edb<\/td>\n<td width=\"270\">MicroSD card ( H\u1ed7 tr\u1ee3 th\u1ebb t\u1ed1i \u0111a 128GB )<\/td>\n<\/tr>\n<\/tbody>\n<\/table>\n<\/div>\n<\/div>\n<\/div>\n<\/div>\n<\/section>\n","protected":false},"excerpt":{"rendered":"<p><strong>VIETMAP VM300\u00a0<\/strong>l\u00e0 camera gi\u00e1m s\u00e1t h\u00e0nh tr\u00ecnh tr\u1ef1c tuy\u1ebfn t\u1eeb xa \u0111\u01b0\u1ee3c t\u00edch h\u1ee3p nhi\u1ec1u t\u00ednh n\u0103ng n\u1ed5i b\u1eadt: Ghi h\u00ecnh c\u00f9ng l\u00fac Tr\u01b0\u1edbc &amp; Trong xe r\u00f5 n\u00e9t to\u00e0n c\u1ea3nh. L\u01b0u tr\u1eef h\u00ecnh \u1ea3nh, video gi\u00fap t\u00e0i x\u1ebf d\u1ec5 d\u00e0ng tr\u00edch xu\u1ea5t. Ngo\u00e0i ra VIETMAP VM300 c\u00f2n c\u00f3 ch\u1ee9c n\u0103ng \u0111\u1ecbnh v\u1ecb tr\u1ef1c tuy\u1ebfn, gi\u00e1m s\u00e1t l\u1ed9 tr\u00ecnh di chuy\u1ec3n trong v\u00f2ng 7 ng\u00e0y v\u00e0 gi\u00e1m s\u00e1t h\u00e0nh tr\u00ecnh tr\u1ef1c tuy\u1ebfn t\u1eeb xa.\u00a0\u0110\u1eb7c bi\u1ec7t khi kh\u00e1ch h\u00e0ng s\u1eed d\u1ee5ng VIETMAP VM300 s\u1ebd \u0111\u01b0\u1ee3c\u00a0<strong>t\u1eb7ng k\u00e8m 12 th\u00e1ng\u00a0b\u1ea3n quy\u1ec1n \u1ee9ng d\u1ee5ng b\u1ea3n \u0111\u1ed3 tr\u1ef1c tuy\u1ebfn VIETMAP Live Pro<\/strong><\/p>\n<table border=\"0\" cellspacing=\"1\" cellpadding=\"0\">\n<tbody>\n<tr>\n<td><img decoding=\"async\" src=\"https:\/\/bizweb.dktcdn.net\/thumb\/small\/100\/415\/690\/files\/icon-bsh-3624f797-e28f-49ac-9f82-18bec5bb427e.png?v=1655801071971\" data-thumb=\"small\" \/><\/td>\n<td>S\u1ea2N PH\u1ea8M \u00c1P D\u1ee4NG B\u1ea2O HI\u1ec2M<br \/>\nTR\u00c1CH NHI\u1ec6M S\u1ea2N PH\u1ea8M<\/td>\n<\/tr>\n<\/tbody>\n<\/table>\n","protected":false},"featured_media":1201,"comment_status":"open","ping_status":"closed","template":"","meta":[],"product_brand":[84],"product_cat":[15,76],"product_tag":[],"class_list":{"0":"post-1200","1":"product","2":"type-product","3":"status-publish","4":"has-post-thumbnail","6":"product_brand-vietmap","7":"product_cat-uncategorized","8":"product_cat-camera-hanh-trinh","10":"first","11":"instock","12":"shipping-taxable","13":"purchasable","14":"product-type-simple"},"_links":{"self":[{"href":"https:\/\/autothaiduong.vn\/index.php?rest_route=\/wp\/v2\/product\/1200","targetHints":{"allow":["GET"]}}],"collection":[{"href":"https:\/\/autothaiduong.vn\/index.php?rest_route=\/wp\/v2\/product"}],"about":[{"href":"https:\/\/autothaiduong.vn\/index.php?rest_route=\/wp\/v2\/types\/product"}],"replies":[{"embeddable":true,"href":"https:\/\/autothaiduong.vn\/index.php?rest_route=%2Fwp%2Fv2%2Fcomments&post=1200"}],"wp:featuredmedia":[{"embeddable":true,"href":"https:\/\/autothaiduong.vn\/index.php?rest_route=\/wp\/v2\/media\/1201"}],"wp:attachment":[{"href":"https:\/\/autothaiduong.vn\/index.php?rest_route=%2Fwp%2Fv2%2Fmedia&parent=1200"}],"wp:term":[{"taxonomy":"product_brand","embeddable":true,"href":"https:\/\/autothaiduong.vn\/index.php?rest_route=%2Fwp%2Fv2%2Fproduct_brand&post=1200"},{"taxonomy":"product_cat","embeddable":true,"href":"https:\/\/autothaiduong.vn\/index.php?rest_route=%2Fwp%2Fv2%2Fproduct_cat&post=1200"},{"taxonomy":"product_tag","embeddable":true,"href":"https:\/\/autothaiduong.vn\/index.php?rest_route=%2Fwp%2Fv2%2Fproduct_tag&post=1200"}],"curies":[{"name":"wp","href":"https:\/\/api.w.org\/{rel}","templated":true}]}}