{"id":1208,"date":"2025-05-11T17:02:15","date_gmt":"2025-05-11T17:02:15","guid":{"rendered":"https:\/\/autothaiduong.vn\/?post_type=product&#038;p=1208"},"modified":"2025-05-11T17:02:35","modified_gmt":"2025-05-11T17:02:35","slug":"vietmap-vm350","status":"publish","type":"product","link":"https:\/\/autothaiduong.vn\/?product=vietmap-vm350","title":{"rendered":"VIETMAP VM350"},"content":{"rendered":"<p><img loading=\"lazy\" decoding=\"async\" class=\" wp-image-1044 aligncenter\" src=\"https:\/\/autothaiduong.vn\/wp-content\/uploads\/2025\/05\/z6584734442481_f208f5944548cb4b46353402ce2e64e0.jpg\" alt=\"\" width=\"282\" height=\"250\" \/><\/p>\n<p style=\"text-align: center;\"><span style=\"font-size: 150%;\"><strong><span style=\"color: #ff0000;\">273-275 Tr\u1ea7n Ph\u00fa Ph\u01b0\u1eddng L\u1ed9c S\u01a1n Th\u00e0nh Ph\u1ed1 B\u1ea3o L\u1ed9c T\u1ec9nh L\u00e2m \u0110\u1ed3ng <\/span><\/strong><\/span><\/p>\n<p style=\"text-align: center;\"><span style=\"font-size: 150%;\"><strong><span style=\"color: #ff0000;\">Hotline: 0912197441<\/span><\/strong><\/span><\/p>\n<section class=\"product-especially\">\n<div class=\"container\">\n<div class=\"rte\">\n<p><img loading=\"lazy\" decoding=\"async\" class=\"alignnone size-full wp-image-1210\" src=\"https:\/\/autothaiduong.vn\/wp-content\/uploads\/2025\/05\/bigpicvm350-2.png\" width=\"1280\" height=\"362\" srcset=\"https:\/\/autothaiduong.vn\/wp-content\/uploads\/2025\/05\/bigpicvm350-2.png 1280w, https:\/\/autothaiduong.vn\/wp-content\/uploads\/2025\/05\/bigpicvm350-2-600x170.png 600w, https:\/\/autothaiduong.vn\/wp-content\/uploads\/2025\/05\/bigpicvm350-2-1024x290.png 1024w, https:\/\/autothaiduong.vn\/wp-content\/uploads\/2025\/05\/bigpicvm350-2-768x217.png 768w\" sizes=\"auto, (max-width: 1280px) 100vw, 1280px\" \/><\/p>\n<p>&nbsp;<\/p>\n<h2>CAMERA GI\u00c1M S\u00c1T H\u00c0NH TR\u00ccNH TR\u1ef0C TUY\u1ebeN<\/h2>\n<p>H\u1ec7 th\u1ed1ng camera\u00a0<a href=\"https:\/\/vietmap.vn\/thiet-bi-giam-sat-hanh-trinh\" target=\"_blank\" rel=\"noopener\"><strong>gi\u00e1m s\u00e1t h\u00e0nh tr\u00ecnh<\/strong><\/a>\u00a0tr\u1ef1c tuy\u1ebfn\u00a0<strong>VIETMAP VM350 &#8211; Gi\u1ea3i ph\u00e1p gi\u00e1m s\u00e1t qu\u1ea3n l\u00fd chuy\u00ean d\u1ee5ng d\u00e0nh ri\u00eang cho doanh nghi\u1ec7p kinh doanh v\u1eadn t\u1ea3i<\/strong><br \/>\n&#8211;\u00a0 \u00a0 Ghi h\u00ecnh c\u00f9ng l\u00fac Tr\u01b0\u1edbc &amp; Trong xe.<br \/>\n&#8211;\u00a0 \u00a0 H\u1ed7 tr\u1ee3 quan s\u00e1t Tr\u01b0\u1edbc &amp; Trong xe t\u1eeb xa.<br \/>\n&#8211;\u00a0\u00a0 \u00a0H\u1ed7 tr\u1ee3 ghi h\u00ecnh \/ ch\u1ee5p \u1ea3nh Tr\u01b0\u1edbc &amp; Trong xe t\u1eeb xa.<br \/>\n&#8211;\u00a0\u00a0 \u00a0H\u1ec7 th\u1ed1ng \u0111\u1ecbnh v\u1ecb xe tr\u1ef1c tuy\u1ebfn.<br \/>\n&#8211;\u00a0\u00a0 \u00a0H\u1ec7 th\u1ed1ng qu\u1ea3n l\u00fd xe tr\u1ef1c tuy\u1ebfn.<br \/>\n&#8211;\u00a0 \u00a0 H\u1ec7 th\u1ed1ng d\u1eef li\u1ec7u h\u00e0nh tr\u00ecnh xe.<br \/>\n( V\u00e0 m\u1ed9t s\u1ed1 th\u00f4ng tin h\u1ed7 tr\u1ee3 quan tr\u1ecdng kh\u00e1c )<br \/>\nD\u1eef li\u1ec7u th\u00f4ng tin \u0111\u01b0\u1ee3c qu\u1ea3n l\u00fd &amp; l\u01b0u tr\u1eef trong h\u1ec7 th\u1ed1ng m\u00e1y ch\u1ee7 VIETMAP.<\/p>\n<p><img loading=\"lazy\" decoding=\"async\" class=\"alignnone size-full wp-image-1211\" src=\"https:\/\/autothaiduong.vn\/wp-content\/uploads\/2025\/05\/bigpicvm350-3.png\" width=\"1280\" height=\"362\" srcset=\"https:\/\/autothaiduong.vn\/wp-content\/uploads\/2025\/05\/bigpicvm350-3.png 1280w, https:\/\/autothaiduong.vn\/wp-content\/uploads\/2025\/05\/bigpicvm350-3-600x170.png 600w, https:\/\/autothaiduong.vn\/wp-content\/uploads\/2025\/05\/bigpicvm350-3-1024x290.png 1024w, https:\/\/autothaiduong.vn\/wp-content\/uploads\/2025\/05\/bigpicvm350-3-768x217.png 768w\" sizes=\"auto, (max-width: 1280px) 100vw, 1280px\" \/><\/p>\n<p>&nbsp;<\/p>\n<h2>GI\u1ea2I PH\u00c1P \u0110\u00c1P \u1ee8NG NGH\u1eca \u0110\u1ecaNH 10\/2020\/N\u0110.CP<\/h2>\n<p><strong>VIETMAP VM350<\/strong>\u00a0l\u00e0 camera gi\u00e1m s\u00e1t h\u00e0nh tr\u00ecnh tr\u1ef1c tuy\u1ebfn h\u1ee3p chu\u1ea9n\u00a0<strong>Ngh\u1ecb \u0110\u1ecbnh 10\/2020\/N\u0110-CP<\/strong>, gi\u00fap doanh nghi\u1ec7p qu\u1ea3n l\u00fd ph\u01b0\u01a1ng ti\u1ec7n giao th\u00f4ng t\u1ed1i \u01b0u v\u00e0 \u0111\u00e1ng tin c\u1eady:<br \/>\n&#8211; Ghi h\u00ecnh tr\u01b0\u1edbc &#8211; trong xe r\u00f5 n\u00e9t to\u00e0n c\u1ea3nh v\u00e0 hi\u1ec3n th\u1ecb chi ti\u1ebft t\u1ed1c \u0111\u1ed9, t\u1ecda \u0111\u1ed9 h\u00e0nh tr\u00ecnh xe.<br \/>\n&#8211; L\u01b0u tr\u1eef h\u00ecnh \u1ea3nh v\u00e0 truy\u1ec1n d\u1eef li\u1ec7u v\u1ec1 t\u1ed5ng c\u1ee5c \u0111\u01b0\u1eddng b\u1ed9.<br \/>\n&#8211; H\u1ec7 th\u1ed1ng gi\u00e1m s\u00e1t tr\u1ef1c tuy\u1ebfn: \u0111\u1ecbnh v\u1ecb GPS tr\u1ef1c tuy\u1ebfn, l\u1ecbch s\u1eed l\u1ed9 tr\u00ecnh, t\u1ed1c \u0111\u1ed9 di chuy\u1ec3n, h\u00e0nh vi t\u00e0i x\u1ebf.<br \/>\n&#8211; \u0110\u1eb7c bi\u1ec7t, khi xe di chuy\u1ec3n v\u00e0o khu v\u1ef1c kh\u00f4ng c\u00f3 s\u00f3ng VM350 v\u1eabn ti\u1ebfp t\u1ee5c ghi h\u00ecnh, t\u1ef1 \u0111\u1ed9ng sao l\u01b0u khi c\u00f3 s\u00f3ng 3G\/4G thi\u1ebft b\u1ecb s\u1ebd chuy\u1ec3n song song c\u1ea3 d\u1eef li\u1ec7u b\u1ecb thi\u1ebfu v\u00e0 d\u1eef li\u1ec7u hi\u1ec7n t\u1ea1i l\u00ean t\u1ed5ng c\u1ee5c.<\/p>\n<p><img loading=\"lazy\" decoding=\"async\" class=\"alignnone size-full wp-image-1212\" src=\"https:\/\/autothaiduong.vn\/wp-content\/uploads\/2025\/05\/bigpicvm350-4.png\" width=\"1280\" height=\"362\" srcset=\"https:\/\/autothaiduong.vn\/wp-content\/uploads\/2025\/05\/bigpicvm350-4.png 1280w, https:\/\/autothaiduong.vn\/wp-content\/uploads\/2025\/05\/bigpicvm350-4-600x170.png 600w, https:\/\/autothaiduong.vn\/wp-content\/uploads\/2025\/05\/bigpicvm350-4-1024x290.png 1024w, https:\/\/autothaiduong.vn\/wp-content\/uploads\/2025\/05\/bigpicvm350-4-768x217.png 768w\" sizes=\"auto, (max-width: 1280px) 100vw, 1280px\" \/><\/p>\n<p>&nbsp;<\/p>\n<h2>GHI H\u00ccNH TO\u00c0N C\u1ea2NH TR\u01af\u1edaC &amp; TRONG XE<\/h2>\n<p><strong>VIETMAP VM350<\/strong>\u00a0\u0111\u01b0\u1ee3c trang b\u1ecb \u1ed1ng k\u00ednh ghi h\u00ecnh ph\u00eda tr\u01b0\u1edbc v\u1edbi \u0111\u1ed9 ph\u00e2n gi\u1ea3i\u00a0<strong>Full HD 1080p,<\/strong>\u00a0ghi l\u1ea1i\u00a0to\u00e0n c\u1ea3nh h\u00e0nh tr\u00ecnh tr\u01b0\u1edbc xe\u00a0r\u00f5 n\u00e9t. Thi\u1ebft b\u1ecb \u0111\u1ed3ng th\u1eddi t\u00edch h\u1ee3p camera trong xe g\u1eafn r\u1eddi h\u1ed7 tr\u1ee3 ch\u1ee5p \u1ea3nh &#8211; ghi h\u00ecnh trong xe c\u00f9ng l\u00fac.<\/p>\n<p><img loading=\"lazy\" decoding=\"async\" class=\"alignnone size-full wp-image-1213\" src=\"https:\/\/autothaiduong.vn\/wp-content\/uploads\/2025\/05\/bigpicvm350-5.png\" width=\"1280\" height=\"362\" srcset=\"https:\/\/autothaiduong.vn\/wp-content\/uploads\/2025\/05\/bigpicvm350-5.png 1280w, https:\/\/autothaiduong.vn\/wp-content\/uploads\/2025\/05\/bigpicvm350-5-600x170.png 600w, https:\/\/autothaiduong.vn\/wp-content\/uploads\/2025\/05\/bigpicvm350-5-1024x290.png 1024w, https:\/\/autothaiduong.vn\/wp-content\/uploads\/2025\/05\/bigpicvm350-5-768x217.png 768w\" sizes=\"auto, (max-width: 1280px) 100vw, 1280px\" \/><\/p>\n<p>&nbsp;<\/p>\n<h2>K\u1ebeT N\u1ed0I M\u00c1Y CH\u1ee6 T\u1ed4NG C\u1ee4C \u0110\u01af\u1edcNG B\u1ed8<\/h2>\n<p>VIETMAP VM350\u00a0<a href=\"https:\/\/vietmap.vn\/camera-hanh-trinh\" target=\"_blank\" rel=\"noopener\"><strong>camera h\u00e0nh tr\u00ecnh<\/strong><\/a>\u00a0tr\u1ef1c tuy\u1ebfn \u0111\u00e1p \u1ee9ng y\u00eau c\u1ea7u k\u1ef9 thu\u1eadt, ph\u00f9 h\u1ee3p ti\u00eau chu\u1ea9n ngh\u1ecb \u0111\u1ecbnh 10\/2020\/N\u0110-CP, t\u1ef1 \u0111\u1ed9ng l\u01b0u tr\u1eef h\u00ecnh \u1ea3nh truy\u1ec1n d\u1eef li\u1ec7u v\u1ec1 m\u00e1y ch\u1ee7 t\u1ed5ng c\u1ee5c \u0111\u01b0\u1eddng b\u1ed9 Vi\u1ec7t Nam.<br \/>\n\u0110\u1eb7c bi\u1ec7t, khi xe di chuy\u1ec3n v\u00e0o khu v\u1ef1c kh\u00f4ng c\u00f3 s\u00f3ng\u00a0<strong>VIETMAP VM350<\/strong>\u00a0v\u1eabn ti\u1ebfp t\u1ee5c ghi h\u00ecnh, t\u1ef1 \u0111\u1ed9ng sao l\u01b0u khi c\u00f3 s\u00f3ng 3G\/4G thi\u1ebft b\u1ecb s\u1ebd chuy\u1ec3n song song c\u1ea3 d\u1eef li\u1ec7u b\u1ecb thi\u1ebfu v\u00e0 d\u1eef li\u1ec7u hi\u1ec7n t\u1ea1i l\u00ean t\u1ed5ng c\u1ee5c.<\/p>\n<p><img loading=\"lazy\" decoding=\"async\" class=\"alignnone size-full wp-image-1214\" src=\"https:\/\/autothaiduong.vn\/wp-content\/uploads\/2025\/05\/bigpicvm350-6.png\" width=\"1280\" height=\"362\" srcset=\"https:\/\/autothaiduong.vn\/wp-content\/uploads\/2025\/05\/bigpicvm350-6.png 1280w, https:\/\/autothaiduong.vn\/wp-content\/uploads\/2025\/05\/bigpicvm350-6-600x170.png 600w, https:\/\/autothaiduong.vn\/wp-content\/uploads\/2025\/05\/bigpicvm350-6-1024x290.png 1024w, https:\/\/autothaiduong.vn\/wp-content\/uploads\/2025\/05\/bigpicvm350-6-768x217.png 768w\" sizes=\"auto, (max-width: 1280px) 100vw, 1280px\" \/><\/p>\n<p>&nbsp;<\/p>\n<h2>H\u1ec6 TH\u1ed0NG QU\u1ea2N L\u00dd \u0110A N\u1ec0N T\u1ea2NG<\/h2>\n<p>H\u1ec7 th\u1ed1ng gi\u00e1m s\u00e1t qu\u1ea3n l\u00fd xe\u00a0<strong>quanlyxe.vn<\/strong>\u00a0th\u00f4ng minh k\u1ebft h\u1ee3p \u1ee9ng d\u1ee5ng\u00a0<strong>H\u1ec7 th\u1ed1ng qu\u1ea3n l\u00fd xe<\/strong>. H\u1ed7 tr\u1ee3 xem,\u00a0theo d\u00f5i, gi\u00e1m s\u00e1t, qu\u1ea3n l\u00fd xe t\u1eeb xa tr\u00ean \u1ee9ng d\u1ee5ng v\u00e0 m\u00e1y t\u00ednh.<\/p>\n<p><img loading=\"lazy\" decoding=\"async\" class=\"alignnone size-full wp-image-1215\" src=\"https:\/\/autothaiduong.vn\/wp-content\/uploads\/2025\/05\/bigpicvm350-7.png\" width=\"1280\" height=\"362\" srcset=\"https:\/\/autothaiduong.vn\/wp-content\/uploads\/2025\/05\/bigpicvm350-7.png 1280w, https:\/\/autothaiduong.vn\/wp-content\/uploads\/2025\/05\/bigpicvm350-7-600x170.png 600w, https:\/\/autothaiduong.vn\/wp-content\/uploads\/2025\/05\/bigpicvm350-7-1024x290.png 1024w, https:\/\/autothaiduong.vn\/wp-content\/uploads\/2025\/05\/bigpicvm350-7-768x217.png 768w\" sizes=\"auto, (max-width: 1280px) 100vw, 1280px\" \/><\/p>\n<p>&nbsp;<\/p>\n<h2>K\u1ebeT N\u1ed0I 4G<\/h2>\n<p><strong>VIETMAP VM350<\/strong>\u00a0trang b\u1ecb khe\u00a0<strong>SIM Data 4G<\/strong>. H\u1ed7 tr\u1ee3 l\u01b0\u1edbt Web, nghe nh\u1ea1c, gi\u1ea3i tr\u00ed tr\u1ef1c tuy\u1ebfn, ph\u00e1t WIFI k\u1ebft n\u1ed1i di \u0111\u1ed9ng t\u1ed1c \u0111\u1ed9 cao.<\/p>\n<\/div>\n<\/div>\n<\/section>\n<section class=\"product-especially\"><img loading=\"lazy\" decoding=\"async\" class=\"alignnone size-full wp-image-1216\" src=\"https:\/\/autothaiduong.vn\/wp-content\/uploads\/2025\/05\/banner-video-df776ba3-2e3a-4ca4-b415-60ac9f6da727.jpg\" alt=\"Banner 3\" width=\"1280\" height=\"480\" srcset=\"https:\/\/autothaiduong.vn\/wp-content\/uploads\/2025\/05\/banner-video-df776ba3-2e3a-4ca4-b415-60ac9f6da727.jpg 1280w, https:\/\/autothaiduong.vn\/wp-content\/uploads\/2025\/05\/banner-video-df776ba3-2e3a-4ca4-b415-60ac9f6da727-600x225.jpg 600w, https:\/\/autothaiduong.vn\/wp-content\/uploads\/2025\/05\/banner-video-df776ba3-2e3a-4ca4-b415-60ac9f6da727-1024x384.jpg 1024w, https:\/\/autothaiduong.vn\/wp-content\/uploads\/2025\/05\/banner-video-df776ba3-2e3a-4ca4-b415-60ac9f6da727-768x288.jpg 768w\" sizes=\"auto, (max-width: 1280px) 100vw, 1280px\" \/><\/p>\n<div class=\"container\">\n<div class=\"rte\"><\/div>\n<\/div>\n<\/section>\n<section id=\"pro_specifications\" class=\"product-specifications\">\n<div class=\"container\">\n<h2>Th\u00f4ng s\u1ed1 k\u1ef9 thu\u1eadt<\/h2>\n<div class=\"row\">\n<div class=\"col-lg-6 col-md-12 col-sm-12 col-12\">\n<h3>K\u00edch th\u01b0\u1edbc s\u1ea3n ph\u1ea9m<\/h3>\n<p><img loading=\"lazy\" decoding=\"async\" class=\"alignnone size-full wp-image-1217\" src=\"https:\/\/autothaiduong.vn\/wp-content\/uploads\/2025\/05\/size-dc9dd8f0-6318-4345-8765-11d3c2a034a5.png\" alt=\"Th\u00f4ng s\u1ed1 k\u1ef9 thu\u1eadt\" width=\"590\" height=\"383\" \/><\/p>\n<\/div>\n<div class=\"col-lg-6 col-md-12 col-sm-12 col-12\">\n<div class=\"rte\">\n<p>&nbsp;<\/p>\n<table border=\"1\">\n<tbody>\n<tr>\n<td width=\"100\">M\u00e0n h\u00ecnh<\/td>\n<td width=\"270\">Kh\u00f4ng c\u00f3<\/td>\n<\/tr>\n<tr>\n<td width=\"100\">Camera<\/td>\n<td width=\"270\">Camera tr\u01b0\u1edbc FHD 1080p \/ HD 720p<br \/>\nCamera trong 720p + H\u1ed3ng Ngo\u1ea1i<\/td>\n<\/tr>\n<tr>\n<td width=\"100\">\u1ed0ng k\u00ednh<\/td>\n<td width=\"270\">G\u00f3c r\u1ed9ng 150 \u00b0 \u0111i\u1ec1u ch\u1ec9nh \u0111\u01b0\u1ee3c<\/td>\n<\/tr>\n<tr>\n<td width=\"100\">GPS<\/td>\n<td width=\"270\">C\u00f3<\/td>\n<\/tr>\n<tr>\n<td width=\"100\">K\u1ebft N\u1ed1i 4G<\/td>\n<td width=\"270\">C\u00f3<\/td>\n<\/tr>\n<tr>\n<td width=\"100\">WIFI Hotspot<\/td>\n<td width=\"270\">C\u00f3<\/td>\n<\/tr>\n<tr>\n<td width=\"100\">\u0110\u1ecbnh v\u1ecb tr\u1ef1c tuy\u1ebfn<\/td>\n<td width=\"270\">C\u00f3 ( \u1ee8ng d\u1ee5ng H\u1ec7 Th\u1ed1ng Qu\u1ea3n L\u00fd Xe )<\/td>\n<\/tr>\n<tr>\n<td width=\"100\">Ghi h\u00ecnh v\u00f2ng l\u1eb7p<\/td>\n<td width=\"270\">C\u00f3 ( Video m\u1eb7c \u0111\u1ecbnh 1 ph\u00fat )<\/td>\n<\/tr>\n<tr>\n<td width=\"100\">Gi\u00e1m s\u00e1t video tr\u1ef1c tuy\u1ebfn<\/td>\n<td width=\"270\">C\u00f3<\/td>\n<\/tr>\n<tr>\n<td width=\"100\">M\u00e1y ch\u1ee7<\/td>\n<td width=\"270\">quanlyxe.vn<\/td>\n<\/tr>\n<tr>\n<td width=\"100\">Th\u1ebb nh\u1edb<\/td>\n<td width=\"270\">MicroSD card (H\u1ed7 tr\u1ee3 th\u1ebb t\u1ed1i \u0111a 256GB)<\/td>\n<\/tr>\n<\/tbody>\n<\/table>\n<\/div>\n<\/div>\n<\/div>\n<\/div>\n<\/section>\n","protected":false},"excerpt":{"rendered":"<p>Camera gi\u00e1m s\u00e1t h\u00e0nh tr\u00ecnh tr\u1ef1c tuy\u1ebfn\u00a0<strong><a href=\"https:\/\/vietmap.vn\/vietmap-vm350\" target=\"_blank\" rel=\"noopener\">VIETMAP VM350<\/a>\u00a0<\/strong>l\u00e0 gi\u1ea3i ph\u00e1p gi\u00e1m s\u00e1t h\u00e0nh tr\u00ecnh tr\u1ef1c tuy\u1ebfn \u0111\u00e1p \u1ee9ng ti\u00eau chu\u1ea9n k\u1ef9 thu\u1eadt, ph\u00f9 h\u1ee3p y\u00eau c\u1ea7u\u00a0<a href=\"https:\/\/datafiles.chinhphu.vn\/cpp\/files\/vbpq\/2020\/01\/10.signed.pdf\" target=\"_blank\" rel=\"nofollow noopener\"><strong>Ngh\u1ecb \u0111\u1ecbnh 10\/2020\/N\u0110-CP<\/strong><\/a>. VIETMAP VM350\u00a0gi\u00fap gi\u00e1m s\u00e1t, \u0111i\u1ec1u h\u00e0nh ph\u01b0\u01a1ng ti\u1ec7n v\u1eadn t\u1ea3i, xe kh\u00e1ch d\u1ecbch v\u1ee5 ch\u1eb7t ch\u1ebd h\u01a1n \u0111\u1ed3ng th\u1eddi h\u1ed7 tr\u1ee3 c\u00e1c doanh nghi\u1ec7p v\u1eadn t\u1ea3i n\u00e2ng c\u1ea5p ch\u1ea5t l\u01b0\u1ee3ng d\u1ecbch v\u1ee5, ki\u1ec3m so\u00e1t r\u1ee7i ro v\u00e0 gi\u1ea3m thi\u1ec3u chi ph\u00ed ph\u00e1t sinh m\u1ed9t c\u00e1ch d\u1ec5 d\u00e0ng v\u00e0 hi\u1ec7u qu\u1ea3.<\/p>\n<p>\u0110\u00e1p \u1ee9ng \u0111a d\u1ea1ng nhu c\u1ea7u c\u1ee7a Doanh nghi\u1ec7p Vi\u1ec7t,\u00a0<strong>VIETMAP VM350 &#8211; Gi\u1ea3i ph\u00e1p gi\u00e1m s\u00e1t qu\u1ea3n l\u00fd chuy\u00ean d\u1ee5ng d\u00e0nh ri\u00eang cho lo\u1ea1i h\u00ecnh kinh doanh d\u1ecbch v\u1ee5 v\u1eadn t\u1ea3i<\/strong>\u00a0\u0111\u01b0\u1ee3c t\u00edch h\u1ee3p nhi\u1ec1u t\u00ednh n\u0103ng n\u1ed5i b\u1eadt:\u00a0Ghi h\u00ecnh c\u00f9ng l\u00fac Tr\u01b0\u1edbc &amp; Trong xe r\u00f5 n\u00e9t to\u00e0n c\u1ea3nh, L\u01b0u tr\u1eef h\u00ecnh \u1ea3nh, t\u1ef1 \u0111\u1ed9ng truy\u1ec1n d\u1eef li\u1ec7u v\u1ec1 t\u1ed5ng c\u1ee5c \u0111\u01b0\u1eddng b\u1ed9,\u00a0H\u1ec7 th\u1ed1ng\u00a0<strong><a href=\"https:\/\/vietmap.vn\/\" target=\"_blank\" rel=\"noopener\">VIETMAP<\/a><\/strong>\u00a0Qu\u1ea3n L\u00fd Xe gi\u00e1m s\u00e1t tr\u1ef1c tuy\u1ebfn, t\u00edch h\u1ee3p \u0111\u1ecbnh danh t\u00e0i x\u1ebf.\u00a0\u0110\u1eb7c bi\u1ec7t, khi xe di chuy\u1ec3n v\u00e0o khu v\u1ef1c kh\u00f4ng c\u00f3 s\u00f3ng VM350 v\u1eabn ti\u1ebfp t\u1ee5c ghi h\u00ecnh, t\u1ef1 \u0111\u1ed9ng sao l\u01b0u khi c\u00f3 s\u00f3ng 3G\/4G thi\u1ebft b\u1ecb s\u1ebd chuy\u1ec3n song song c\u1ea3 d\u1eef li\u1ec7u b\u1ecb thi\u1ebfu v\u00e0 d\u1eef li\u1ec7u hi\u1ec7n t\u1ea1i l\u00ean t\u1ed5ng c\u1ee5c.<\/p>\n<table border=\"0\" cellspacing=\"1\" cellpadding=\"0\">\n<tbody>\n<tr>\n<td><img decoding=\"async\" src=\"https:\/\/bizweb.dktcdn.net\/thumb\/small\/100\/415\/690\/files\/icon-bsh-3624f797-e28f-49ac-9f82-18bec5bb427e.png?v=1655801071971\" data-thumb=\"small\" \/><\/td>\n<td>S\u1ea2N PH\u1ea8M \u00c1P D\u1ee4NG B\u1ea2O HI\u1ec2M<br \/>\nTR\u00c1CH NHI\u1ec6M S\u1ea2N PH\u1ea8M<\/td>\n<\/tr>\n<\/tbody>\n<\/table>\n","protected":false},"featured_media":1217,"comment_status":"open","ping_status":"closed","template":"","meta":[],"product_brand":[84],"product_cat":[76],"product_tag":[],"class_list":{"0":"post-1208","1":"product","2":"type-product","3":"status-publish","4":"has-post-thumbnail","6":"product_brand-vietmap","7":"product_cat-camera-hanh-trinh","9":"first","10":"instock","11":"shipping-taxable","12":"purchasable","13":"product-type-simple"},"_links":{"self":[{"href":"https:\/\/autothaiduong.vn\/index.php?rest_route=\/wp\/v2\/product\/1208","targetHints":{"allow":["GET"]}}],"collection":[{"href":"https:\/\/autothaiduong.vn\/index.php?rest_route=\/wp\/v2\/product"}],"about":[{"href":"https:\/\/autothaiduong.vn\/index.php?rest_route=\/wp\/v2\/types\/product"}],"replies":[{"embeddable":true,"href":"https:\/\/autothaiduong.vn\/index.php?rest_route=%2Fwp%2Fv2%2Fcomments&post=1208"}],"wp:featuredmedia":[{"embeddable":true,"href":"https:\/\/autothaiduong.vn\/index.php?rest_route=\/wp\/v2\/media\/1217"}],"wp:attachment":[{"href":"https:\/\/autothaiduong.vn\/index.php?rest_route=%2Fwp%2Fv2%2Fmedia&parent=1208"}],"wp:term":[{"taxonomy":"product_brand","embeddable":true,"href":"https:\/\/autothaiduong.vn\/index.php?rest_route=%2Fwp%2Fv2%2Fproduct_brand&post=1208"},{"taxonomy":"product_cat","embeddable":true,"href":"https:\/\/autothaiduong.vn\/index.php?rest_route=%2Fwp%2Fv2%2Fproduct_cat&post=1208"},{"taxonomy":"product_tag","embeddable":true,"href":"https:\/\/autothaiduong.vn\/index.php?rest_route=%2Fwp%2Fv2%2Fproduct_tag&post=1208"}],"curies":[{"name":"wp","href":"https:\/\/api.w.org\/{rel}","templated":true}]}}