{"id":1218,"date":"2025-05-11T17:06:36","date_gmt":"2025-05-11T17:06:36","guid":{"rendered":"https:\/\/autothaiduong.vn\/?post_type=product&#038;p=1218"},"modified":"2025-09-03T02:57:17","modified_gmt":"2025-09-03T02:57:17","slug":"camera-hanh-trinh-70mai-m310","status":"publish","type":"product","link":"https:\/\/autothaiduong.vn\/?product=camera-hanh-trinh-70mai-m310","title":{"rendered":"Camera h\u00e0nh tr\u00ecnh 70mai M310"},"content":{"rendered":"<p><img loading=\"lazy\" decoding=\"async\" class=\" wp-image-1044 aligncenter\" src=\"https:\/\/autothaiduong.vn\/wp-content\/uploads\/2025\/05\/z6584734442481_f208f5944548cb4b46353402ce2e64e0.jpg\" alt=\"\" width=\"294\" height=\"260\" \/><\/p>\n<p style=\"text-align: center;\"><span style=\"font-size: 150%;\"><strong><span style=\"color: #ff0000;\">273-275 Tr\u1ea7n Ph\u00fa Ph\u01b0\u1eddng L\u1ed9c S\u01a1n Th\u00e0nh Ph\u1ed1 B\u1ea3o L\u1ed9c T\u1ec9nh L\u00e2m \u0110\u1ed3ng <\/span><\/strong><\/span><\/p>\n<p style=\"text-align: center;\"><span style=\"font-size: 150%;\"><strong><span style=\"color: #ff0000;\">Hotline: 0912197441<\/span><\/strong><\/span><\/p>\n<p>70mai M310 l\u00e0 phi\u00ean b\u1ea3n n\u00e2ng c\u1ea5p c\u1ee7a m\u1eabu M300 \u0111\u00e3 r\u1ea5t \u0111\u01b0\u1ee3c \u01b0a chu\u1ed9ng tr\u01b0\u1edbc \u0111\u00f3. V\u1edbi nh\u1eefng n\u00e2ng c\u1ea5p \u0111\u00e1ng gi\u00e1 v\u1ec1 kh\u1ea3 n\u0103ng ghi h\u00ecnh, c\u1ed5ng k\u1ebft n\u1ed1i Type-C, t\u00ednh n\u0103ng ra l\u1ec7nh gi\u1ecdng n\u00f3i th\u00ec \u0111\u00e2y ch\u1eafc ch\u1eafn s\u1ebd l\u00e0 m\u1ed9t s\u1ef1 l\u1ef1a ch\u1ecdn kh\u00f4ng th\u1ec3 b\u1ecf qua d\u00e0nh cho ng\u01b0\u1eddi d\u00f9ng \u0111ang t\u00ecm m\u1ed9t m\u1eabu\u00a0<a href=\"https:\/\/70maivietnam.store\/\" target=\"_blank\" rel=\"noreferrer noopener\"><mark class=\"has-inline-color has-vivid-red-color\">camera h\u00e0nh tr\u00ecnh<\/mark><\/a>\u00a0gi\u00e1 r\u1ebb nh\u01b0ng c\u00f3 ch\u1ea5t l\u01b0\u1ee3ng ghi h\u00ecnh thu\u1ed9c d\u1ea1ng t\u1ed1t nh\u1ea5t ph\u00e2n kh\u00fac<\/p>\n<figure class=\"wp-block-image size-full is-style-default\"><img loading=\"lazy\" decoding=\"async\" class=\"alignnone size-full wp-image-1220\" src=\"https:\/\/autothaiduong.vn\/wp-content\/uploads\/2025\/05\/70mai-dash-cam-M310.jpg\" alt=\"\" width=\"1280\" height=\"720\" srcset=\"https:\/\/autothaiduong.vn\/wp-content\/uploads\/2025\/05\/70mai-dash-cam-M310.jpg 1280w, https:\/\/autothaiduong.vn\/wp-content\/uploads\/2025\/05\/70mai-dash-cam-M310-600x338.jpg 600w, https:\/\/autothaiduong.vn\/wp-content\/uploads\/2025\/05\/70mai-dash-cam-M310-1024x576.jpg 1024w, https:\/\/autothaiduong.vn\/wp-content\/uploads\/2025\/05\/70mai-dash-cam-M310-768x432.jpg 768w\" sizes=\"auto, (max-width: 1280px) 100vw, 1280px\" \/><\/figure>\n<h2 class=\"wp-block-heading\"><strong>\u0110\u1ed9 ph\u00e2n gi\u1ea3i 2K (QHD),<\/strong>\u00a0<strong>Ch\u1ea5t l\u01b0\u1ee3ng h\u00ecnh \u1ea3nh 3 Megapixel<\/strong><\/h2>\n<p>Camera h\u00e0nh tr\u00ecnh 70mai M310 ghi h\u00ecnh \u1edf \u0111\u1ed9 ph\u00e2n gi\u1ea3i 2304*1296 3 megapixel, r\u00f5 n\u00e9t h\u01a1n 1,5 l\u1ea7n so v\u1edbi \u0111\u1ed9 ph\u00e2n gi\u1ea3i 1080P ti\u00eau chu\u1ea9n, gi\u00fap t\u0103ng c\u01b0\u1eddng \u0111\u1ed9 s\u1ed1ng \u0111\u1ed9ng c\u1ee7a h\u00ecnh \u1ea3nh.<\/p>\n<p>G\u00f3c quay r\u1ed9ng 130\u00b0 v\u00e0 kh\u1ea9u \u0111\u1ed9 l\u1edbn F2.0, bao qu\u00e1t to\u00e0n b\u1ed9 ba l\u00e0n \u0111\u01b0\u1eddng giao th\u00f4ng v\u00e0 c\u00f3 t\u1ea7m nh\u00ecn ban \u0111\u00eam t\u1ed1t h\u01a1n.<\/p>\n<div class=\"wp-block-image\">\n<figure class=\"aligncenter size-full\"><img loading=\"lazy\" decoding=\"async\" class=\"alignnone size-full wp-image-1221\" src=\"https:\/\/autothaiduong.vn\/wp-content\/uploads\/2025\/05\/70mai-M310-2-1.jpg\" alt=\"\" width=\"1280\" height=\"720\" srcset=\"https:\/\/autothaiduong.vn\/wp-content\/uploads\/2025\/05\/70mai-M310-2-1.jpg 1280w, https:\/\/autothaiduong.vn\/wp-content\/uploads\/2025\/05\/70mai-M310-2-1-600x338.jpg 600w, https:\/\/autothaiduong.vn\/wp-content\/uploads\/2025\/05\/70mai-M310-2-1-1024x576.jpg 1024w, https:\/\/autothaiduong.vn\/wp-content\/uploads\/2025\/05\/70mai-M310-2-1-768x432.jpg 768w\" sizes=\"auto, (max-width: 1280px) 100vw, 1280px\" \/><\/figure>\n<\/div>\n<h2 class=\"wp-block-heading\"><strong>C\u00f3 kh\u1ea3 n\u0103ng ho\u1ea1t \u0111\u1ed9ng t\u1ed1t trong m\u00f4i tr\u01b0\u1eddng nhi\u1ec7t \u0111\u1ed9 cao<\/strong><\/h2>\n<p>70mai M310 ho\u1ea1t \u0111\u1ed9ng hi\u1ec7u qu\u1ea3 trong ph\u1ea1m vi nhi\u1ec7t \u0111\u1ed9 t\u1eeb -20\u00b0C \u0111\u1ebfn 60\u00b0C (-4\u00b0F \u0111\u1ebfn 140\u00b0F). Kh\u00f4ng gi\u1ed1ng nh\u01b0 pin lithium th\u00f4ng th\u01b0\u1eddng, c\u00f4ng ngh\u1ec7 \u0111\u00f3ng g\u00f3i t\u1ee5 \u0111i\u1ec7n v\u1ecf c\u1ee9ng th\u00fac \u0111\u1ea9y kh\u1ea3 n\u0103ng ch\u1ecbu nhi\u1ec7t c\u1ee7a pin. Ngo\u00e0i ra, v\u1ecf pin v\u1eeba ch\u1ed1ng ch\u00e1y v\u1eeba ch\u1ed1ng n\u1ed5, \u0111\u01b0\u1ee3c th\u1eed nghi\u1ec7m \u0111\u1ec3 \u0111\u1ea3m b\u1ea3o an to\u00e0n m\u00e0 kh\u00f4ng c\u00f3 nguy c\u01a1 n\u1ed5 ho\u1eb7c h\u1ecfa ho\u1ea1n khi nhi\u1ec7t \u0111\u1ed9 pin b\u00ean ngo\u00e0i v\u01b0\u1ee3t qu\u00e1 130\u00b0C (266\u00b0F)<\/p>\n<figure class=\"wp-block-image size-full\"><img loading=\"lazy\" decoding=\"async\" class=\"alignnone size-full wp-image-1222\" src=\"https:\/\/autothaiduong.vn\/wp-content\/uploads\/2025\/05\/70mai-M310-3.jpg\" alt=\"\" width=\"1280\" height=\"720\" srcset=\"https:\/\/autothaiduong.vn\/wp-content\/uploads\/2025\/05\/70mai-M310-3.jpg 1280w, https:\/\/autothaiduong.vn\/wp-content\/uploads\/2025\/05\/70mai-M310-3-600x338.jpg 600w, https:\/\/autothaiduong.vn\/wp-content\/uploads\/2025\/05\/70mai-M310-3-1024x576.jpg 1024w, https:\/\/autothaiduong.vn\/wp-content\/uploads\/2025\/05\/70mai-M310-3-768x432.jpg 768w\" sizes=\"auto, (max-width: 1280px) 100vw, 1280px\" \/><\/figure>\n<h3 class=\"wp-block-heading\"><strong>C\u01a1 ch\u1ebf b\u1ea3o v\u1ec7 \u0111i\u1ec7n \u00e1p th\u1ea5p<\/strong><\/h3>\n<p>Vi\u1ec7c s\u1eed d\u1ee5ng B\u1ed9 Hardwire kit 70mai s\u1ebd k\u00edch ho\u1ea1t c\u01a1 ch\u1ebf b\u1ea3o v\u1ec7 \u0111i\u1ec7n \u00e1p th\u1ea5p. \u0110i\u1ec1u n\u00e0y \u0111\u1ea3m b\u1ea3o r\u1eb1ng n\u1ebfu \u0111i\u1ec7n \u00e1p \u1eafc quy xe gi\u1ea3m xu\u1ed1ng d\u01b0\u1edbi ng\u01b0\u1ee1ng c\u00e0i \u0111\u1eb7t tr\u01b0\u1edbc, camera h\u00e0nh tr\u00ecnh v\u00e0 b\u1ed9 hardwire kit s\u1ebd t\u1ef1 \u0111\u1ed9ng ng\u1eaft k\u1ebft n\u1ed1i \u0111\u1ec3 ng\u0103n ng\u1eeba t\u00ecnh tr\u1ea1ng c\u1ea1n \u1eafc quy, cho ph\u00e9p xe v\u1eabn kh\u1edfi \u0111\u1ed9ng \u0111\u01b0\u1ee3c.<\/p>\n<h3 class=\"wp-block-heading\"><strong>\u0110\u1ed9 b\u1ec1n \u0111\u00e3 \u0111\u01b0\u1ee3c ch\u1ee9ng minh<\/strong><\/h3>\n<p>M310 \u0111\u00e3 tr\u1ea3i qua qu\u00e1 tr\u00ecnh th\u1eed nghi\u1ec7m nghi\u00eam ng\u1eb7t, bao g\u1ed3m h\u01a1n 5.000 l\u1ea7n th\u1eed nghi\u1ec7m b\u1eadt-t\u1eaft ngu\u1ed3n, \u0111\u1ec3 \u0111\u1ea3m b\u1ea3o \u0111\u1ed9 tin c\u1eady v\u00e0 \u1ed5n \u0111\u1ecbnh trong qu\u00e1 tr\u00ecnh v\u1eadn h\u00e0nh. C\u00e1c th\u1eed nghi\u1ec7m n\u00e0y \u0111\u1ea3m b\u1ea3o r\u1eb1ng thi\u1ebft b\u1ecb c\u00f3 th\u1ec3 ch\u1ecbu \u0111\u01b0\u1ee3c c\u00e1c chu k\u1ef3 b\u1eadt-t\u1eaft th\u01b0\u1eddng xuy\u00ean m\u00e0 kh\u00f4ng \u1ea3nh h\u01b0\u1edfng \u0111\u1ebfn hi\u1ec7u su\u1ea5t, mang \u0111\u1ebfn cho ng\u01b0\u1eddi d\u00f9ng tr\u1ea3i nghi\u1ec7m \u1ed5n \u0111\u1ecbnh li\u00ean t\u1ee5c. (D\u1eef li\u1ec7u tr\u00ean l\u00e0 t\u1eeb 70mai Lab. Hi\u1ec7u su\u1ea5t c\u00f3 th\u1ec3 thay \u0111\u1ed5i \u0111\u00f4i ch\u00fat t\u00f9y thu\u1ed9c v\u00e0o t\u00ecnh hu\u1ed1ng th\u1ef1c t\u1ebf c\u1ee7a ng\u01b0\u1eddi d\u00f9ng)<\/p>\n<h2 class=\"wp-block-heading\">T\u01b0\u01a1ng t\u00e1c th\u00f4ng minh<\/h2>\n<h3 class=\"wp-block-heading\"><strong>\u0110i\u1ec1u khi\u1ec3n gi\u1ecdng n\u00f3i th\u00f4ng minh<\/strong><\/h3>\n<p>Ch\u1ee5p \u1ea3nh\/quay video, b\u1eadt\/t\u1eaft \u00e2m thanh \u2013 t\u1ea5t c\u1ea3 ch\u1ec9 b\u1eb1ng l\u1ec7nh tho\u1ea1i \u0111\u01a1n gi\u1ea3n* tr\u00ean M310, gi\u00fap b\u1ea1n r\u1ea3nh tay kh\u1ecfi c\u00e1c c\u00e0i \u0111\u1eb7t th\u1ee7 c\u00f4ng v\u00e0 \u0111\u1ea3m b\u1ea3o tr\u1ea3i nghi\u1ec7m l\u00e1i xe kh\u00f4ng lo l\u1eafng.<\/p>\n<p>*L\u1ec7nh tho\u1ea1i ch\u1ec9 \u0111\u01b0\u1ee3c h\u1ed7 tr\u1ee3 b\u1eb1ng ti\u1ebfng Anh<\/p>\n<figure class=\"wp-block-image size-full\"><img loading=\"lazy\" decoding=\"async\" class=\"alignnone size-full wp-image-1223\" src=\"https:\/\/autothaiduong.vn\/wp-content\/uploads\/2025\/05\/70mai-M310-4.jpg\" alt=\"\" width=\"1280\" height=\"716\" srcset=\"https:\/\/autothaiduong.vn\/wp-content\/uploads\/2025\/05\/70mai-M310-4.jpg 1280w, https:\/\/autothaiduong.vn\/wp-content\/uploads\/2025\/05\/70mai-M310-4-600x336.jpg 600w, https:\/\/autothaiduong.vn\/wp-content\/uploads\/2025\/05\/70mai-M310-4-1024x573.jpg 1024w, https:\/\/autothaiduong.vn\/wp-content\/uploads\/2025\/05\/70mai-M310-4-768x430.jpg 768w\" sizes=\"auto, (max-width: 1280px) 100vw, 1280px\" \/><\/figure>\n<h3 class=\"wp-block-heading\"><strong>C\u1ed5ng k\u1ebft n\u1ed1i Type-C \u0111\u01b0\u1ee3c n\u00e2ng c\u1ea5p<\/strong><\/h3>\n<p>Giao di\u1ec7n Type-C h\u1ed7 tr\u1ee3 truy\u1ec1n d\u1eef li\u1ec7u nhanh h\u01a1n, cung c\u1ea5p kh\u1ea3 n\u0103ng t\u01b0\u01a1ng th\u00edch cao h\u01a1n v\u00e0 cho ph\u00e9p cung c\u1ea5p \u0111i\u1ec7n n\u0103ng cao h\u01a1n, t\u0103ng c\u01b0\u1eddng t\u00ednh linh ho\u1ea1t c\u1ee7a camera h\u00e0nh tr\u00ecnh. Th\u00eam v\u00e0o \u0111\u00f3, thi\u1ebft k\u1ebf \u0111\u1ea3o ng\u01b0\u1ee3c gi\u00fap c\u1eafm d\u1ec5 d\u00e0ng h\u01a1n m\u00e0 kh\u00f4ng c\u1ea7n lo l\u1eafng v\u1ec1 h\u01b0\u1edbng, gi\u1ea3m hao m\u00f2n.<\/p>\n<figure class=\"wp-block-image size-full\"><img loading=\"lazy\" decoding=\"async\" class=\"alignnone size-full wp-image-1224\" src=\"https:\/\/autothaiduong.vn\/wp-content\/uploads\/2025\/05\/70mai-M310-5.jpg\" alt=\"\" width=\"1280\" height=\"720\" srcset=\"https:\/\/autothaiduong.vn\/wp-content\/uploads\/2025\/05\/70mai-M310-5.jpg 1280w, https:\/\/autothaiduong.vn\/wp-content\/uploads\/2025\/05\/70mai-M310-5-600x338.jpg 600w, https:\/\/autothaiduong.vn\/wp-content\/uploads\/2025\/05\/70mai-M310-5-1024x576.jpg 1024w, https:\/\/autothaiduong.vn\/wp-content\/uploads\/2025\/05\/70mai-M310-5-768x432.jpg 768w\" sizes=\"auto, (max-width: 1280px) 100vw, 1280px\" \/><\/figure>\n<h2 class=\"wp-block-heading\">Ghi h\u00ecnh v\u00f2ng l\u1eb7p<\/h2>\n<p>C\u00e1c t\u1ec7p m\u1edbi nh\u1ea5t s\u1ebd t\u1ef1 \u0111\u1ed9ng ghi \u0111\u00e8 l\u00ean c\u00e1c t\u1ec7p c\u0169 h\u01a1n, \u0111\u1ea3m b\u1ea3o v\u00f2ng ghi kh\u00f4ng b\u1ecb gi\u00e1n \u0111o\u1ea1n m\u00e0 kh\u00f4ng ph\u1ea3i lo l\u1eafng v\u1ec1 l\u01b0u tr\u1eef. H\u00e3y y\u00ean t\u00e2m, video ghi kh\u1ea9n c\u1ea5p \u0111\u01b0\u1ee3c \u0111\u1ec7m v\u00e0 video gi\u00e1m s\u00e1t \u0111\u1ed7 xe s\u1ebd \u0111\u01b0\u1ee3c l\u01b0u ri\u00eang trong th\u01b0 m\u1ee5c \u201cs\u1ef1 ki\u1ec7n\u201d v\u00e0 \u201c\u0111\u1ed7 xe\u201d v\u00e0 s\u1ebd l\u1eb7p l\u1ea1i \u0111\u1ed9c l\u1eadp \u0111\u1ec3 tr\u00e1nh b\u1ecb ghi \u0111\u00e8 b\u1edfi c\u00e1c b\u1ea3n ghi th\u00f4ng th\u01b0\u1eddng.<\/p>\n<figure class=\"wp-block-image size-full\"><img loading=\"lazy\" decoding=\"async\" class=\"alignnone size-full wp-image-1225\" src=\"https:\/\/autothaiduong.vn\/wp-content\/uploads\/2025\/05\/70mai-M310-7.jpg\" alt=\"\" width=\"1280\" height=\"720\" srcset=\"https:\/\/autothaiduong.vn\/wp-content\/uploads\/2025\/05\/70mai-M310-7.jpg 1280w, https:\/\/autothaiduong.vn\/wp-content\/uploads\/2025\/05\/70mai-M310-7-600x338.jpg 600w, https:\/\/autothaiduong.vn\/wp-content\/uploads\/2025\/05\/70mai-M310-7-1024x576.jpg 1024w, https:\/\/autothaiduong.vn\/wp-content\/uploads\/2025\/05\/70mai-M310-7-768x432.jpg 768w\" sizes=\"auto, (max-width: 1280px) 100vw, 1280px\" \/><\/figure>\n<h2 class=\"wp-block-heading\">Gi\u00e1m s\u00e1t \u0111\u1ed7 xe 24h<\/h2>\n<h3 class=\"wp-block-heading\"><strong>Ghi h\u00ecnh Time-Lapse<\/strong><\/h3>\n<ul class=\"wp-block-list\">\n<li>Ghi h\u00ecnh theo ch\u1ebf \u0111\u1ed9 Time-Lapse* cho ph\u00e9p ghi h\u00ecnh li\u00ean t\u1ee5c \u1edf t\u1ed1c \u0111\u1ed9 1FPS \u1edf ch\u1ebf \u0111\u1ed9 \u0111\u1ed7 xe.<\/li>\n<li>M\u00e1y quay s\u1ebd n\u00e9n m\u1ed7i 30 ph\u00fat video th\u00e0nh 1 ph\u00fat \u0111\u1ec3 ti\u1ebft ki\u1ec7m dung l\u01b0\u1ee3ng th\u1ebb nh\u1edb.<\/li>\n<li>Ph\u00e1t l\u1ea1i nhanh h\u01a1n cho ph\u00e9p b\u1ea1n n\u1eafm b\u1eaft c\u00e1c s\u1ef1 c\u1ed1 \u0111\u00e1ng ch\u00fa \u00fd ngay l\u1eadp t\u1ee9c.<\/li>\n<\/ul>\n<figure class=\"wp-block-image size-full\"><img loading=\"lazy\" decoding=\"async\" class=\"alignnone size-full wp-image-1226\" src=\"https:\/\/autothaiduong.vn\/wp-content\/uploads\/2025\/05\/ghi-hinh-timelapse.png\" alt=\"\" width=\"1235\" height=\"517\" srcset=\"https:\/\/autothaiduong.vn\/wp-content\/uploads\/2025\/05\/ghi-hinh-timelapse.png 1235w, https:\/\/autothaiduong.vn\/wp-content\/uploads\/2025\/05\/ghi-hinh-timelapse-600x251.png 600w, https:\/\/autothaiduong.vn\/wp-content\/uploads\/2025\/05\/ghi-hinh-timelapse-1024x429.png 1024w, https:\/\/autothaiduong.vn\/wp-content\/uploads\/2025\/05\/ghi-hinh-timelapse-768x322.png 768w\" sizes=\"auto, (max-width: 1235px) 100vw, 1235px\" \/><\/figure>\n<h3 class=\"wp-block-heading\"><strong>Ph\u00e1t hi\u1ec7n va ch\u1ea1m<\/strong><\/h3>\n<ul class=\"wp-block-list\">\n<li>Camera s\u1ebd lu\u00f4n trong tr\u1ea1ng th\u00e1i c\u1ea3nh b\u00e1o \u1edf ch\u1ebf \u0111\u1ed9 \u0111\u1ed7 xe*.<\/li>\n<li>\u1ede ch\u1ebf \u0111\u1ed9 \u0111\u1ed7 xe, khi ph\u00e1t hi\u1ec7n va ch\u1ea1m, c\u1ea3m bi\u1ebfn G s\u1ebd k\u00edch ho\u1ea1t camera h\u00e0nh tr\u00ecnh \u0111\u1ec3 ghi l\u1ea1i video 30 gi\u00e2y, cung c\u1ea5p b\u1eb1ng ch\u1ee9ng ch\u1eafc ch\u1eafn v\u1ec1 hi\u1ec7n tr\u01b0\u1eddng v\u1ee5 vi\u1ec7c.<\/li>\n<li>N\u1ebfu c\u00f3 video kh\u1ea9n c\u1ea5p \u0111\u01b0\u1ee3c ghi l\u1ea1i, camera h\u00e0nh tr\u00ecnh s\u1ebd th\u00f4ng b\u00e1o cho b\u1ea1n b\u1eb1ng c\u1ea3nh b\u00e1o b\u1eb1ng gi\u1ecdng n\u00f3i sau khi \u0111\u01b0\u1ee3c b\u1eadt l\u1ea1i.<\/li>\n<\/ul>\n<p>* C\u1ea7n l\u1eafp b\u1ed9 Hardwire 70mai UP03 \u0111\u1ec3 k\u00edch ho\u1ea1t ch\u1ebf \u0111\u1ed9 gi\u00e1m s\u00e1t \u0111\u1ed7 xe 24h v\u00e0 \u0111\u01b0\u1ee3c b\u00e1n ri\u00eang.<\/p>\n<div class=\"wp-block-image\">\n<figure class=\"aligncenter size-full\"><img loading=\"lazy\" decoding=\"async\" class=\"alignnone size-full wp-image-1227\" src=\"https:\/\/autothaiduong.vn\/wp-content\/uploads\/2025\/05\/phat-hien-va-cham-12.png\" alt=\"\" width=\"893\" height=\"589\" srcset=\"https:\/\/autothaiduong.vn\/wp-content\/uploads\/2025\/05\/phat-hien-va-cham-12.png 893w, https:\/\/autothaiduong.vn\/wp-content\/uploads\/2025\/05\/phat-hien-va-cham-12-600x396.png 600w, https:\/\/autothaiduong.vn\/wp-content\/uploads\/2025\/05\/phat-hien-va-cham-12-768x507.png 768w\" sizes=\"auto, (max-width: 893px) 100vw, 893px\" \/><\/figure>\n<\/div>\n<h2 class=\"wp-block-heading\"><strong>Thi\u1ebft k\u1ebf t\u1ed1i gi\u1ea3n<\/strong><\/h2>\n<p>Thi\u1ebft k\u1ebf t\u1ed1i gi\u1ea3n v\u00e0 l\u1eafp \u0111\u1eb7t kh\u00f4ng c\u1ea3n tr\u1edf t\u1ea7m nh\u00ecn t\u00e0i x\u1ebf, ho\u00e0n h\u1ea3o cho ng\u01b0\u1eddi d\u00f9ng th\u00edch s\u1ef1 \u0111\u01a1n gi\u1ea3n.<\/p>\n<p>\u0110\u00e8n b\u00e1o LED t\u00edch h\u1ee3p s\u1eed d\u1ee5ng ba m\u00e0u (\u0111\u1ecf, xanh l\u00e1 c\u00e2y v\u00e0 xanh lam) \u0111\u1ec3 hi\u1ec3n th\u1ecb c\u00e1c tr\u1ea1ng th\u00e1i ghi kh\u00e1c nhau, cung c\u1ea5p l\u1eddi nh\u1eafc \u0111\u01a1n gi\u1ea3n nh\u01b0ng r\u00f5 r\u00e0ng \u0111\u1ec3 gi\u00fap b\u1ea1n lu\u00f4n c\u1eadp nh\u1eadt th\u00f4ng tin khi l\u00e1i xe.<\/p>\n<h2 class=\"wp-block-heading\">K\u1ebft n\u1ed1i \u1ee9ng d\u1ee5ng \u0111\u01a1n gi\u1ea3n<\/h2>\n<div class=\"wp-block-image\">\n<figure class=\"aligncenter size-full\"><img loading=\"lazy\" decoding=\"async\" class=\"alignnone size-full wp-image-1228\" src=\"https:\/\/autothaiduong.vn\/wp-content\/uploads\/2025\/05\/70mai-M310-8.jpg\" alt=\"\" width=\"1280\" height=\"720\" srcset=\"https:\/\/autothaiduong.vn\/wp-content\/uploads\/2025\/05\/70mai-M310-8.jpg 1280w, https:\/\/autothaiduong.vn\/wp-content\/uploads\/2025\/05\/70mai-M310-8-600x338.jpg 600w, https:\/\/autothaiduong.vn\/wp-content\/uploads\/2025\/05\/70mai-M310-8-1024x576.jpg 1024w, https:\/\/autothaiduong.vn\/wp-content\/uploads\/2025\/05\/70mai-M310-8-768x432.jpg 768w\" sizes=\"auto, (max-width: 1280px) 100vw, 1280px\" \/><\/figure>\n<\/div>\n<p><strong>Qu\u1ea3n l\u00fd c\u00e0i \u0111\u1eb7t camera<\/strong><\/p>\n<p>Qu\u1ea3n l\u00fd th\u1eddi l\u01b0\u1ee3ng ghi, \u0111\u1ed9 ph\u00e2n gi\u1ea3i video, \u0111\u1ed9 nh\u1ea1y c\u1ea3m bi\u1ebfn G v\u00e0 nhi\u1ec1u h\u01a1n n\u1eefa. T\u1ea5t c\u1ea3 trong t\u1ea7m tay b\u1ea1n<\/p>\n<p><strong>Xem c\u1ea3nh quay tr\u1ef1c ti\u1ebfp v\u00e0 ch\u1ee5p \u1ea3nh<\/strong><\/p>\n<p>K\u1ebft n\u1ed1i v\u1edbi Wi-Fi t\u00edch h\u1ee3p* c\u1ee7a camera h\u00e0nh tr\u00ecnh \u0111\u1ec3 truy c\u1eadp v\u00e0 xem c\u1ea3nh quay th\u1eddi gian th\u1ef1c. Ghi l\u1ea1i kho\u1ea3nh kh\u1eafc t\u1ee9c th\u1eddi b\u1eb1ng c\u00e1ch nh\u1ea5n \u2018Ch\u1ee5p \u1ea3nh\u2019.<\/p>\n<p><strong>Ki\u1ec3m tra v\u00e0 t\u1ea3i xu\u1ed1ng d\u1ec5 d\u00e0ng<\/strong><\/p>\n<p>Truy c\u1eadp v\u00e0o \u1ea3nh v\u00e0 video t\u1eeb camera h\u00e0nh tr\u00ecnh c\u1ee7a b\u1ea1n th\u00f4ng qua \u1ee9ng d\u1ee5ng c\u1ee7a ch\u00fang t\u00f4i v\u00e0 d\u1ec5 d\u00e0ng t\u1ea3i xu\u1ed1ng ch\u1ec9 b\u1eb1ng m\u1ed9t l\u1ea7n ch\u1ea1m.<\/p>\n","protected":false},"excerpt":{"rendered":"<ul>\n<li>Ghi h\u00ecnh \u0111\u1ed9 ph\u00e2n gi\u1ea3i 2304*1296P<\/li>\n<li>Ra l\u1ec7nh gi\u1ecdng n\u00f3i th\u00f4ng minh<\/li>\n<li>Gi\u00e1m s\u00e1t \u0111\u1ed7 xe 24h<\/li>\n<li>Ghi h\u00ecnh Time-Lapse<\/li>\n<li>K\u1ebft n\u1ed1i \u1ee9ng d\u1ee5ng 70mai \u0111\u01a1n gi\u1ea3n<\/li>\n<\/ul>\n","protected":false},"featured_media":1219,"comment_status":"open","ping_status":"closed","template":"","meta":[],"product_brand":[126],"product_cat":[76],"product_tag":[],"class_list":{"0":"post-1218","1":"product","2":"type-product","3":"status-publish","4":"has-post-thumbnail","6":"product_brand-70mai","7":"product_cat-camera-hanh-trinh","9":"first","10":"instock","11":"shipping-taxable","12":"purchasable","13":"product-type-simple"},"_links":{"self":[{"href":"https:\/\/autothaiduong.vn\/index.php?rest_route=\/wp\/v2\/product\/1218","targetHints":{"allow":["GET"]}}],"collection":[{"href":"https:\/\/autothaiduong.vn\/index.php?rest_route=\/wp\/v2\/product"}],"about":[{"href":"https:\/\/autothaiduong.vn\/index.php?rest_route=\/wp\/v2\/types\/product"}],"replies":[{"embeddable":true,"href":"https:\/\/autothaiduong.vn\/index.php?rest_route=%2Fwp%2Fv2%2Fcomments&post=1218"}],"wp:featuredmedia":[{"embeddable":true,"href":"https:\/\/autothaiduong.vn\/index.php?rest_route=\/wp\/v2\/media\/1219"}],"wp:attachment":[{"href":"https:\/\/autothaiduong.vn\/index.php?rest_route=%2Fwp%2Fv2%2Fmedia&parent=1218"}],"wp:term":[{"taxonomy":"product_brand","embeddable":true,"href":"https:\/\/autothaiduong.vn\/index.php?rest_route=%2Fwp%2Fv2%2Fproduct_brand&post=1218"},{"taxonomy":"product_cat","embeddable":true,"href":"https:\/\/autothaiduong.vn\/index.php?rest_route=%2Fwp%2Fv2%2Fproduct_cat&post=1218"},{"taxonomy":"product_tag","embeddable":true,"href":"https:\/\/autothaiduong.vn\/index.php?rest_route=%2Fwp%2Fv2%2Fproduct_tag&post=1218"}],"curies":[{"name":"wp","href":"https:\/\/api.w.org\/{rel}","templated":true}]}}