{"id":1253,"date":"2025-05-12T06:51:58","date_gmt":"2025-05-12T06:51:58","guid":{"rendered":"https:\/\/autothaiduong.vn\/?post_type=product&#038;p=1253"},"modified":"2025-09-03T02:57:49","modified_gmt":"2025-09-03T02:57:49","slug":"camera-hanh-trinh-70mai-a200-truoc-sau","status":"publish","type":"product","link":"https:\/\/autothaiduong.vn\/?product=camera-hanh-trinh-70mai-a200-truoc-sau","title":{"rendered":"Camera h\u00e0nh tr\u00ecnh 70mai A200 Tr\u01b0\u1edbc Sau"},"content":{"rendered":"<p><img loading=\"lazy\" decoding=\"async\" class=\" wp-image-1044 aligncenter\" src=\"https:\/\/autothaiduong.vn\/wp-content\/uploads\/2025\/05\/z6584734442481_f208f5944548cb4b46353402ce2e64e0.jpg\" alt=\"\" width=\"304\" height=\"269\" \/><\/p>\n<p style=\"text-align: center;\"><span style=\"color: #ff0000; font-size: 150%;\"><strong>273-275 Tr\u1ea7n Ph\u00fa Ph\u01b0\u1eddng L\u1ed9c S\u01a1n Th\u00e0nh Ph\u1ed1 B\u1ea3o L\u1ed9c T\u1ec9nh L\u00e2m \u0110\u1ed3ng<\/strong><\/span><\/p>\n<p style=\"text-align: center;\"><span style=\"color: #ff0000; font-size: 150%;\"><strong>Hotline: 0912197441<\/strong><\/span><\/p>\n<p>Camera h\u00e0nh tr\u00ecnh 70mai A200 l\u00e0 d\u00f2ng s\u1ea3n ph\u1ea9m m\u1edbi nh\u1ea5t c\u1ee7a nh\u00e0 70mai v\u1edbi thi\u1ebft k\u1ebf ghi h\u00ecnh 2 k\u00eanh tr\u01b0\u1edbc sau 1080P c\u00f9ng v\u1edbi c\u00f4ng ngh\u1ec7 HDR, chip c\u1ea3m bi\u1ebfn h\u00ecnh \u1ea3nh GC2093 v\u00e0 c\u00e1c c\u00f4ng ngh\u1ec7\u00a0<strong>MaiColor Vivid+ Solution\u2122<\/strong>\u00a0v\u00e0\u00a0<strong>70mai Night Owl Vision\u2122<\/strong>\u00a0\u0111\u1ed9c quy\u1ec1n c\u1ee7a h\u00e3ng<\/p>\n<h2 class=\"wp-block-heading\"><strong>\u0110i\u1ec3m n\u1ed5i b\u1eadt c\u1ee7a camera h\u00e0nh tr\u00ecnh 70mai A200<\/strong><\/h2>\n<p>\u0110\u00e1p \u1ee9ng nhu c\u1ea7u ng\u00e0y c\u00e0ng t\u0103ng v\u1ec1 ghi h\u00ecnh hai k\u00eanh v\u00e0 \u0111a k\u00eanh tr\u00ean th\u1ecb tr\u01b0\u1eddng\u00a0<a href=\"https:\/\/70maivietnam.store\/\" target=\"_blank\" rel=\"noopener\"><mark class=\"has-inline-color has-vivid-red-color\">camera h\u00e0nh tr\u00ecnh<\/mark><\/a>\u00a0to\u00e0n c\u1ea7u, 70mai gi\u1edbi thi\u1ec7u m\u1eabu camera h\u00e0nh tr\u00ecnh A200 \u2013 s\u1ef1 l\u1ef1a ch\u1ecdn to\u00e0n di\u1ec7n d\u00e0nh cho ng\u01b0\u1eddi d\u00f9ng m\u1edbi, v\u1edbi m\u00e0n h\u00ecnh IPS 2 inch ph\u00f9 h\u1ee3p v\u1edbi nhi\u1ec1u \u0111\u1ed1i t\u01b0\u1ee3ng kh\u00e1ch h\u00e0ng.<\/p>\n<figure class=\"wp-block-image size-full\"><img loading=\"lazy\" decoding=\"async\" class=\"alignnone size-full wp-image-1275\" src=\"https:\/\/autothaiduong.vn\/wp-content\/uploads\/2025\/05\/Group-2-edited.jpg\" width=\"1213\" height=\"909\" alt=\"\" srcset=\"https:\/\/autothaiduong.vn\/wp-content\/uploads\/2025\/05\/Group-2-edited.jpg 1213w, https:\/\/autothaiduong.vn\/wp-content\/uploads\/2025\/05\/Group-2-edited-600x450.jpg 600w, https:\/\/autothaiduong.vn\/wp-content\/uploads\/2025\/05\/Group-2-edited-1024x767.jpg 1024w, https:\/\/autothaiduong.vn\/wp-content\/uploads\/2025\/05\/Group-2-edited-768x576.jpg 768w\" sizes=\"auto, (max-width: 1213px) 100vw, 1213px\" \/><\/figure>\n<div class=\"wp-block-columns is-layout-flex wp-container-core-columns-is-layout-9d6595d7 wp-block-columns-is-layout-flex\">\n<div class=\"wp-block-column is-layout-flow wp-block-column-is-layout-flow\">\n<div class=\"wp-block-buttons is-content-justification-center is-layout-flex wp-container-core-buttons-is-layout-16018d1d wp-block-buttons-is-layout-flex\">\n<div class=\"wp-block-button has-custom-width wp-block-button__width-100\"><a class=\"wp-block-button__link has-vivid-red-background-color has-background has-text-align-center wp-element-button\"><strong>Mua Ngay<\/strong><\/a><\/div>\n<\/div>\n<\/div>\n<div class=\"wp-block-column is-layout-flow wp-block-column-is-layout-flow\">\n<div class=\"wp-block-buttons is-layout-flex wp-block-buttons-is-layout-flex\">\n<div class=\"wp-block-button has-custom-width wp-block-button__width-100\"><a class=\"wp-block-button__link has-luminous-vivid-amber-background-color has-background wp-element-button\" href=\"https:\/\/70maivietnam.store\/camera-hanh-trinh\/camera-hanh-trinh-70mai-a200\/#formdat\" target=\"_blank\" rel=\"noopener\"><strong>\u0110\u0103ng K\u00fd T\u01b0 V\u1ea5n<\/strong><\/a><\/div>\n<\/div>\n<\/div>\n<\/div>\n<p>Trong khi c\u00e1c camera h\u00e0nh tr\u00ecnh 70mai gi\u00e1 r\u1ebb \u0111\u00e3 \u0111\u1ea1t \u0111\u01b0\u1ee3c th\u00e0nh c\u00f4ng \u0111\u00e1ng k\u1ec3 v\u00e0 thu h\u00fat \u0111\u01b0\u1ee3c m\u1ed9t c\u1ed9ng \u0111\u1ed3ng ng\u01b0\u1eddi d\u00f9ng m\u1ea1nh m\u1ebd, 70mai c\u00f2n ti\u1ebfn xa h\u01a1n b\u1eb1ng vi\u1ec7c th\u00eam ch\u1ee9c n\u0103ng ghi h\u00ecnh ph\u00eda sau mang \u0111\u1ebfn kh\u1ea3 n\u0103ng ghi h\u00ecnh k\u00e9p. Th\u00f4ng qua vi\u1ec7c t\u00edch h\u1ee3p c\u1ea3m bi\u1ebfn ti\u00ean ti\u1ebfn GC2093 v\u00e0 khai th\u00e1c s\u1ee9c m\u1ea1nh c\u1ee7a MaiColor Vivid+ Solution\u2122 \u0111\u1ed9c quy\u1ec1n c\u1ee7a 70mai, ch\u1ea5t l\u01b0\u1ee3ng h\u00ecnh \u1ea3nh c\u1ee7a camera h\u00e0nh tr\u00ecnh gi\u00e1 r\u1ebb A200 \u0111\u00e3 \u0111\u01b0\u1ee3c c\u1ea3i thi\u1ec7n v\u00e0 t\u1ed1i \u01b0u t\u1ed1t nh\u1ea5t. H\u00e3y s\u1eb5n s\u00e0ng tr\u1ea3i nghi\u1ec7m h\u00ecnh \u1ea3nh ch\u1ea5t l\u01b0\u1ee3ng cao v\u1edbi HDR v\u00e0 60FPS.<\/p>\n<p>V\u1edbi camera h\u00e0nh tr\u00ecnh A200, m\u1ee5c ti\u00eau c\u1ee7a 70mai l\u00e0 mang \u0111\u1ebfn cho ng\u01b0\u1eddi d\u00f9ng tr\u1ea3i nghi\u1ec7m camera h\u00e0nh tr\u00ecnh gi\u00e1 r\u1ebb v\u1edbi ch\u1ea5t l\u01b0\u1ee3ng t\u1ed1t nh\u1ea5t v\u00e0 thi\u1ebft l\u1eadp m\u1ed9t ti\u00eau chu\u1ea9n m\u1edbi trong ng\u00e0nh. Camera h\u00e0nh tr\u00ecnh A200 s\u1eafp s\u1eafp ra m\u1eaft th\u1ec3 hi\u1ec7n t\u1ea7m nh\u00ecn c\u1ee7a 70mai \u0111\u1ec3 ti\u00ean phong trong ngh\u00e0nh camera h\u00e0nh tr\u00ecnh v\u00e0 \u0111\u1ecbnh ngh\u0129a l\u1ea1i \u00fd ngh\u0129a c\u1ee7a vi\u1ec7c s\u1edf h\u1eefu m\u1ed9t s\u1ea3n ph\u1ea9m camera h\u00e0nh tr\u00ecnh th\u00f4ng minh v\u00e0 v\u01b0\u1ee3t tr\u1ed9i.<\/p>\n<h3 class=\"wp-block-heading\"><strong>Tr\u1ea3i nghi\u1ec7m camera h\u00e0nh tr\u00ecnh 2 k\u00eanh gi\u00e1 r\u1ebb v\u1edbi c\u00f4ng ngh\u1ec7 \u0111\u1ec9nh cao<\/strong><\/h3>\n<div class=\"wp-block-media-text is-stacked-on-mobile\">\n<figure class=\"wp-block-media-text__media\"><img loading=\"lazy\" decoding=\"async\" class=\"alignnone size-full wp-image-1276\" src=\"https:\/\/autothaiduong.vn\/wp-content\/uploads\/2025\/05\/1.jpg\" width=\"912\" height=\"811\" alt=\"camera h\u00e0nh tr\u00ecnh 2 kenh tr\u01b0\u1edbc sau 70mai A200\" srcset=\"https:\/\/autothaiduong.vn\/wp-content\/uploads\/2025\/05\/1.jpg 912w, https:\/\/autothaiduong.vn\/wp-content\/uploads\/2025\/05\/1-600x534.jpg 600w, https:\/\/autothaiduong.vn\/wp-content\/uploads\/2025\/05\/1-768x683.jpg 768w\" sizes=\"auto, (max-width: 912px) 100vw, 912px\" \/><\/figure>\n<div class=\"wp-block-media-text__content\">\n<p>A200 l\u00e0 phi\u00ean b\u1ea3n n\u00e2ng c\u1ea5p m\u1ea1nh m\u1ebd so v\u1edbi c\u00e1c phi\u00ean b\u1ea3n 70mai lite v\u00e0 70mai lite 2 \u0111\u00e3 ra m\u1eaft tr\u01b0\u1edbc \u0111\u00f3. Tuy nhi\u00ean 70mai A200 v\u01b0\u1ee3t tr\u1ed9i h\u01a1n h\u1eb3n v\u1edbi vi\u1ec7c t\u00edch h\u1ee3p th\u00eam m\u1eaft camera sau* c\u00f9ng v\u1edbi kh\u1ea3 n\u0103ng ghi h\u00ecnh FHD HDR cho camera tr\u01b0\u1edbc<\/p>\n<p>Ch\u1ebf \u0111\u1ed9 ghi h\u00ecnh k\u00e9p mang l\u1ea1i ph\u1ea1m v\u1ecb ph\u1ee7 s\u00f3ng to\u00e0n di\u1ec7n cho c\u1ea3 ph\u00eda tr\u01b0\u1edbc v\u00e0 ph\u00eda sau, cung c\u1ea5p kh\u1ea3 n\u0103ng b\u1ea3o v\u1ec7 k\u00e9p v\u00e0 b\u1eb1ng ch\u1ee9ng tr\u1ef1c quan thuy\u1ebft ph\u1ee5c<\/p>\n<p>*Camera ph\u00eda sau RC11 \u0111\u01b0\u1ee3c b\u00e1n ri\u00eang.<\/p>\n<\/div>\n<\/div>\n<h3 class=\"wp-block-heading\"><strong>Kh\u00e1m ph\u00e1 th\u1ebf gi\u1edbi v\u1edbi c\u00f4ng ngh\u1ec7 HDR<\/strong><\/h3>\n<div class=\"wp-block-media-text has-media-on-the-right is-stacked-on-mobile\">\n<div class=\"wp-block-media-text__content\">\n<p>C\u00f4ng ngh\u1ec7 high dynamic range (HDR*) gi\u00fap t\u00e1i t\u1ea1o l\u1ea1i chi ti\u1ebft c\u1ee7a \u0111i\u1ec3m s\u00e1ng v\u00e0 t\u1ed1i th\u01b0\u1eddng b\u1ecb m\u1ea5t trong c\u00e1c h\u00ecnh \u1ea3nh th\u00f4ng th\u01b0\u1eddng, t\u1eeb \u0111\u00f3 mang l\u1ea1i h\u00ecnh \u1ea3nh s\u1eafc n\u00e9t, tinh t\u1ebf v\u00e0 s\u1ed1ng \u0111\u1ed9ng h\u01a1n.<\/p>\n<p>C\u00f4ng ngh\u1ec7 HDR, \u0111\u01b0\u1ee3c h\u1ed7 tr\u1ee3 b\u1edfi thu\u1eadt to\u00e1n \u0111\u1ed9c quy\u1ec1n MaiColor Vivid+ Solution\u2122 c\u1ee7a 70mai, \u0111\u1ea3m b\u1ea3o c\u00e1c chuy\u1ec3n \u0111\u1ed5i \u00e1nh s\u00e1ng m\u01b0\u1ee3t m\u00e0 h\u01a1n v\u00e0 c\u1ea3i thi\u1ec7n \u0111\u00e1ng k\u1ec3 kh\u1ea3 n\u0103ng ghi h\u00ecnh \u0111\u1eb7c bi\u1ec7t trong c\u00e1c tr\u01b0\u1eddng h\u1ee3p quan tr\u1ecdng nh\u01b0 b\u1eaft bi\u1ec3n b\u00e1o giao th\u00f4ng v\u00e0 bi\u1ec3n s\u1ed1 xe. Trong c\u00e1c \u0111i\u1ec1u ki\u1ec7n \u00e1nh s\u00e1ng y\u1ebfu, ch\u1eb3ng h\u1ea1n nh\u01b0 trong \u0111\u01b0\u1eddng h\u1ea7m t\u1ed1i v\u00e0 c\u00e1c t\u00ecnh hu\u1ed1ng c\u00f3 \u0111\u1ed9 t\u01b0\u01a1ng ph\u1ea3n cao, A200 th\u1ec3 hi\u1ec7n kh\u1ea3 n\u0103ng ghi h\u00ecnh v\u01b0\u1ee3t tr\u1ed9i.<\/p>\n<p>V\u1edbi c\u00f4ng ngh\u1ec7 70mai Night Owl Vision\u2122 \u0111\u1ed9c quy\u1ec1n, Camera h\u00e0nh tr\u00ecnh A200 c\u00f3 kh\u1ea3 n\u0103ng ghi h\u00ecnh ban \u0111\u00eam \u0111\u1eb7c bi\u1ec7t \u1ea5n t\u01b0\u1ee3ng b\u1eb1ng c\u00e1ch kh\u1eed nhi\u1ec5u v\u00e0 gi\u1eef l\u1ea1i chi ti\u1ebft h\u00ecnh \u1ea3nh m\u1ed9t c\u00e1ch xu\u1ea5t s\u1eafc<\/p>\n<\/div>\n<figure class=\"wp-block-media-text__media\"><video src=\"https:\/\/70maivietnam.store\/wp-content\/uploads\/2023\/10\/Ghi-hinh-HDR-tren-70mai-A200.mp4\" controls=\"controls\" width=\"300\" height=\"150\" data-mce-fragment=\"1\"><\/video><\/figure>\n<\/div>\n<h3 class=\"wp-block-heading\"><strong>C\u00e1c c\u00f4ng ngh\u1ec7 x\u1eed l\u00ed h\u00ecnh \u1ea3nh \u0111\u1ed9c quy\u1ec1n c\u1ee7a 70mai<\/strong><\/h3>\n<div class=\"wp-block-media-text is-stacked-on-mobile\">\n<figure class=\"wp-block-media-text__media\"><video src=\"https:\/\/70maivietnam.store\/wp-content\/uploads\/2024\/01\/Maicolor.mp4\" controls=\"controls\" width=\"300\" height=\"150\" data-mce-fragment=\"1\"><\/video><\/figure>\n<div class=\"wp-block-media-text__content\">\n<h4 class=\"wp-block-heading\"><strong>MaiColor Vivid+ Solution\u2122<\/strong><\/h4>\n<ul class=\"wp-block-list\">\n<li><strong>C\u00f4ng ngh\u1ec7 ph\u01a1i s\u00e1ng t\u1ef1 \u0111\u1ed9ng:\u00a0<\/strong>\u0110\u1ed9 s\u00e1ng c\u1ee7a v\u00f9ng ROI \u0111\u01b0\u1ee3c \u0111i\u1ec1u ch\u1ec9nh b\u1ed5 sung \u0111\u1ec3 thi\u1ebft l\u1eadp h\u00ecnh \u1ea3nh c\u00e2n b\u1eb1ng v\u00e0 t\u1ef1 nhi\u00ean, t\u01b0\u01a1ng t\u1ef1 nh\u01b0 qu\u00e1 tr\u00ecnh th\u00edch \u1ee9ng c\u1ee7a h\u1ec7 th\u1ed1ng th\u1ecb gi\u00e1c c\u1ee7a con ng\u01b0\u1eddi \u0111\u1ec3 \u0111\u00e1p \u1ee9ng v\u1edbi \u0111i\u1ec1u ki\u1ec7n m\u00f4i tr\u01b0\u1eddng.<\/li>\n<li><strong>X\u1eed l\u00fd h\u00ecnh \u1ea3nh c\u00f3 ch\u1ecdn l\u1ecdc:\u00a0<\/strong>cho ph\u00e9p camera h\u00e0nh tr\u00ecnh x\u00e1c \u0111\u1ecbnh c\u00e1c y\u1ebfu t\u1ed1 quan tr\u1ecdng nh\u01b0 bi\u1ec3n s\u1ed1 xe v\u00e0 bi\u1ec3n b\u00e1o \u0111\u01b0\u1eddng b\u1ed9. \u0110\u1ed3ng th\u1eddi, n\u00f3 l\u00e0m gi\u1ea3m \u0111\u1ed9 r\u00f5 n\u00e9t c\u1ee7a c\u00e1c v\u1eadt th\u1ec3 kh\u00f4ng li\u00ean quan nh\u01b0 c\u00e2y c\u1ed1i b\u00ean \u0111\u01b0\u1eddng nh\u1edd vi\u1ec7c s\u1eed d\u1ee5ng t\u1ed1i \u01b0u s\u1ee9c m\u1ea1nh c\u1ee7a c\u00e1c thu\u1eadt to\u00e1n<\/li>\n<li><strong>Gi\u1ea3m thi\u1ec3u s\u1ef1 ph\u00e2n c\u1ef1c v\u00e0 ph\u1ea3n x\u1ea1 \u00e1nh s\u00e1ng:<\/strong>\u00a0gi\u00fap c\u00e2n b\u1eb1ng m\u00e0u s\u1eafc v\u00e0 \u0111\u1ed9 trong su\u1ed1t c\u1ee7a k\u00ednh ch\u1eafn gi\u00f3, mang l\u1ea1i \u0111\u1ed9 ch\u00e2n th\u1ef1c cao h\u01a1n \u1edf h\u00ecnh \u1ea3nh \u0111\u1ea7u ra<\/li>\n<\/ul>\n<\/div>\n<\/div>\n<div class=\"wp-block-media-text has-media-on-the-right is-stacked-on-mobile\">\n<div class=\"wp-block-media-text__content\">\n<h4 class=\"wp-block-heading\"><strong>70mai Night Owl Vision\u2122<\/strong><\/h4>\n<p><strong>70mai Night Owl Vision\u2122<\/strong>\u00a0l\u00e0 m\u1ed9t c\u00f4ng ngh\u1ec7 \u0111\u1ed9c quy\u1ec1n c\u1ee7a 70mai gi\u00fap mang l\u1ea1i h\u00ecnh \u1ea3nh ban \u0111\u00eam r\u00f5 n\u00e9t h\u01a1n v\u1edbi \u00edt nhi\u1ec5u h\u01a1n, \u0111\u1ed9 ph\u01a1i s\u00e1ng c\u00e2n b\u1eb1ng v\u00e0 kh\u1ea3 n\u0103ng ki\u1ec3m so\u00e1t \u0111\u1ed9 ch\u00f3i \u0111\u01b0\u1ee3c c\u1ea3i thi\u1ec7n. Ngay c\u1ea3 bi\u1ec3n s\u1ed1 xe \u1edf xa c\u0169ng r\u00f5 r\u00e0ng, d\u1ec5 ph\u00e2n bi\u1ec7t. Khi ph\u00f3ng to, s\u1ebd th\u1ea5y r\u00f5 \u0111\u01b0\u1ee3c s\u1ef1 t\u01b0\u01a1ng ph\u1ea3n<\/p>\n<\/div>\n<figure class=\"wp-block-media-text__media\"><video src=\"https:\/\/70maivietnam.store\/wp-content\/uploads\/2024\/01\/3-NightVision.27430f1.mp4\" controls=\"controls\" width=\"300\" height=\"150\" data-mce-fragment=\"1\"><\/video><\/figure>\n<\/div>\n<h3 class=\"wp-block-heading\"><strong>Ch\u1ea5t l\u01b0\u1ee3ng h\u00ecnh \u1ea3nh \u0111\u01b0\u1ee3c kh\u1eb3ng \u0111\u1ecbnh<\/strong><\/h3>\n<div class=\"wp-block-media-text is-stacked-on-mobile\">\n<figure class=\"wp-block-media-text__media\"><video src=\"https:\/\/70maivietnam.store\/wp-content\/uploads\/2023\/10\/ghi-hinh-60FPS-tren-70mai-A200.mp4\" controls=\"controls\" width=\"300\" height=\"150\" data-mce-fragment=\"1\"><\/video><\/figure>\n<div class=\"wp-block-media-text__content\">\n<ul class=\"wp-block-list\">\n<li><strong>1080P 60FPS*<\/strong>\u00a0gi\u00fap ghi l\u1ea1i nh\u1eefng chi ti\u1ebft quan tr\u1ecdng tr\u00ean \u0111\u01b0\u1eddng \u0111i v\u1edbi \u0111\u1ed9 r\u00f5 n\u00e9t v\u00e0 s\u1ed1ng \u0111\u1ed9ng nh\u1ea5t.<\/li>\n<li><strong>G\u00f3c quay r\u1ed9ng 130\u00b0<\/strong>\u00a0bao ph\u1ee7 \u00edt nh\u1ea5t 3 l\u00e0n \u0111\u01b0\u1eddng giao th\u00f4ng. Kh\u00f4ng c\u00f3 s\u1ef1 ki\u1ec7n n\u00e0o s\u1ebd b\u1ecb b\u1ecf l\u1ee1 ho\u1eb7c b\u1ecb b\u1ecf qua.<\/li>\n<li><strong>Kh\u1ea9u \u0111\u1ed9 F2.0<\/strong>\u00a0v\u00e0 d\u1ea3i \u0111\u1ed9ng cao \u0111\u1ea3m b\u1ea3o ghi l\u1ea1i c\u00e1c chi ti\u1ebft quan tr\u1ecdng trong \u0111i\u1ec1u ki\u1ec7n \u00e1nh s\u00e1ng y\u1ebfu, ch\u1eb3ng h\u1ea1n nh\u01b0 bi\u1ec3n s\u1ed1 xe ho\u1eb7c bi\u1ec3n b\u00e1o \u0111\u01b0\u1eddng b\u1ed9<\/li>\n<\/ul>\n<\/div>\n<\/div>\n<h3 class=\"wp-block-heading\"><strong>Gi\u00e1m s\u00e1t \u0111\u1ed7 xe 24H<\/strong><\/h3>\n<div class=\"wp-block-media-text has-media-on-the-right is-stacked-on-mobile\">\n<div class=\"wp-block-media-text__content\">\n<p><strong>C\u1ea3m bi\u1ebfn G t\u00edch h\u1ee3p s\u1ebd t\u1ef1 \u0111\u1ed9ng k\u00edch ho\u1ea1t ghi h\u00ecnh<\/strong><\/p>\n<ul class=\"wp-block-list\">\n<li>Camera s\u1ebd lu\u00f4n c\u1ea3nh b\u00e1o khi b\u1ea1n kh\u00f4ng c\u00f3 m\u1eb7t*<\/li>\n<li>C\u1ea3m bi\u1ebfn G t\u00edch h\u1ee3p c\u00f3 th\u1ec3 ph\u00e1t hi\u1ec7n rung l\u1eafc ho\u1eb7c va ch\u1ea1m \u0111\u1ed9t ng\u1ed9t khi xe c\u1ee7a b\u1ea1n \u0111ang \u0111\u1ee9ng y\u00ean v\u00e0 s\u1ebd t\u1ef1 \u0111\u1ed9ng b\u1eaft \u0111\u1ea7u ghi h\u00ecnh \u0111\u1ec3 l\u01b0u l\u1ea1i m\u1ecdi s\u1ef1 ki\u1ec7n<\/li>\n<li>N\u1ebfu video tai n\u1ea1n \u0111\u01b0\u1ee3c ghi l\u1ea1i, camera h\u00e0nh tr\u00ecnh s\u1ebd th\u00f4ng b\u00e1o cho b\u1ea1n th\u00f4ng qua \u00e2m thanh c\u1ea3nh b\u00e1o khi n\u00f3 \u0111\u01b0\u1ee3c b\u1eadt l\u1ea1i<\/li>\n<\/ul>\n<p>*C\u1ea7n c\u00f3 B\u1ed9 Hardwire Kit 70mai UP02 cho ch\u1ebf \u0111\u1ed9 gi\u00e1m s\u00e1t \u0111\u1ed7 xe v\u00e0 \u0111\u01b0\u1ee3c b\u00e1n ri\u00eang<\/p>\n<\/div>\n<figure class=\"wp-block-media-text__media\"><video src=\"https:\/\/70maivietnam.store\/wp-content\/uploads\/2023\/10\/Giam-sat-do-xe-24h.mp4\" controls=\"controls\" width=\"300\" height=\"150\" data-mce-fragment=\"1\"><\/video><\/figure>\n<\/div>\n<h3 class=\"wp-block-heading\"><strong>Ghi h\u00ecnh Time-Lapse<\/strong><\/h3>\n<div class=\"wp-block-media-text is-stacked-on-mobile\">\n<figure class=\"wp-block-media-text__media\"><video src=\"https:\/\/70maivietnam.store\/wp-content\/uploads\/2023\/10\/Ghi-hinh-time-lapse-tren-70mai-A200.mp4\" controls=\"controls\" width=\"300\" height=\"150\" data-mce-fragment=\"1\"><\/video><\/figure>\n<div class=\"wp-block-media-text__content\">\n<ul class=\"wp-block-list\">\n<li>Ghi h\u00ecnh Time-Lapse* cho ph\u00e9p ghi li\u00ean t\u1ee5c \u1edf t\u1ed1c \u0111\u1ed9 1FPS trong ch\u1ebf \u0111\u1ed9 \u0111\u1ed7 xe.<\/li>\n<li>Camera s\u1ebd n\u00e9n m\u1ed7i 30 ph\u00fat video th\u00e0nh 1 ph\u00fat \u0111\u1ec3 ti\u1ebft ki\u1ec7m dung l\u01b0\u1ee3ng th\u1ebb nh\u1edb.<\/li>\n<li>Ph\u00e1t l\u1ea1i nhanh h\u01a1n cho ph\u00e9p b\u1ea1n n\u1eafm b\u1eaft c\u00e1c s\u1ef1 ki\u1ec7n \u0111\u00e1ng ch\u00fa \u00fd ngay l\u1eadp t\u1ee9c<\/li>\n<\/ul>\n<\/div>\n<\/div>\n<h3 class=\"wp-block-heading\"><strong>T\u1ef1 \u0111\u1ed9ng b\u1ea3o v\u1ec7 b\u00ecnh \u1eaec Quy<\/strong><\/h3>\n<div class=\"wp-block-media-text has-media-on-the-right is-stacked-on-mobile\">\n<div class=\"wp-block-media-text__content\">\n<p>Khi \u0111\u01b0\u1ee3c c\u1ea5p ngu\u1ed3n b\u1eb1ng B\u1ed9 d\u00e2y Hardwire Kit 70mai UP02, n\u00f3 s\u1ebd b\u1ea3o v\u1ec7 \u1eafc quy v\u00e0 h\u1ec7 th\u1ed1ng \u0111i\u1ec7n c\u1ee7a xe b\u1ea1n kh\u1ecfi b\u1ecb h\u01b0 h\u1ecfng do \u0111i\u1ec7n \u00e1p th\u1ea5p. Camera s\u1ebd k\u00edch ho\u1ea1t ng\u1eaft k\u1ebft n\u1ed1i ngu\u1ed3n \u0111i\u1ec7n t\u1ef1 \u0111\u1ed9ng khi \u0111i\u1ec7n \u00e1p c\u1ee7a xe gi\u1ea3m xu\u1ed1ng d\u01b0\u1edbi 11,8V.<\/p>\n<\/div>\n<figure class=\"wp-block-media-text__media\"><img loading=\"lazy\" decoding=\"async\" class=\"alignnone size-full wp-image-1277\" src=\"https:\/\/autothaiduong.vn\/wp-content\/uploads\/2025\/05\/6-1024x576-1.jpg\" width=\"1024\" height=\"576\" alt=\"T\u1ef1 \u0111\u1ed9ng b\u1ea3o v\u1ec7 b\u00ecnh \u1eafc quy tr\u00ean 70mai A200\" srcset=\"https:\/\/autothaiduong.vn\/wp-content\/uploads\/2025\/05\/6-1024x576-1.jpg 1024w, https:\/\/autothaiduong.vn\/wp-content\/uploads\/2025\/05\/6-1024x576-1-600x338.jpg 600w, https:\/\/autothaiduong.vn\/wp-content\/uploads\/2025\/05\/6-1024x576-1-768x432.jpg 768w\" sizes=\"auto, (max-width: 1024px) 100vw, 1024px\" \/><\/figure>\n<\/div>\n<p><strong><mark class=\"has-inline-color has-vivid-red-color\">Hi\u1ec7n nay Camera h\u00e0nh tr\u00ecnh 70mai A200 t\u01b0\u01a1ng th\u00edch v\u1edbi b\u1ed9 Hardwire Kit UP02 ho\u1eb7c b\u1ed9 Hardwire Kit c\u1eafm c\u1ed5ng OBD. V\u1edbi kh\u00e1ch h\u00e0ng mu\u1ed1n gi\u1eef chu\u1ea9n Zin xe c\u1ee7a m\u00ecnh kh\u00f4ng mu\u1ed1n ph\u1ea3i \u0111\u1ea5u n\u1ed1i ngu\u1ed3n ph\u00fac t\u1ea1p th\u00ec b\u1ed9 HardWire Kit 70mai c\u1eafm c\u1ed5ng OBD l\u00e0 s\u1ef1 l\u1ef1a ch\u1ecdn t\u1ed1i \u01b0u nh\u1ea5t<\/mark><\/strong><\/p>\n<div class=\"wp-block-image\">\n<figure class=\"aligncenter size-full\"><img loading=\"lazy\" decoding=\"async\" class=\"alignnone size-full wp-image-1278\" src=\"https:\/\/autothaiduong.vn\/wp-content\/uploads\/2025\/05\/Hardwire-Kit-OBD-II-Micro-USB-e1721444760384.jpg\" width=\"697\" height=\"572\" alt=\"Hardwire Kit OBD II Micro USB\" srcset=\"https:\/\/autothaiduong.vn\/wp-content\/uploads\/2025\/05\/Hardwire-Kit-OBD-II-Micro-USB-e1721444760384.jpg 697w, https:\/\/autothaiduong.vn\/wp-content\/uploads\/2025\/05\/Hardwire-Kit-OBD-II-Micro-USB-e1721444760384-600x492.jpg 600w\" sizes=\"auto, (max-width: 697px) 100vw, 697px\" \/><\/figure>\n<\/div>\n<h3 class=\"wp-block-heading\"><strong>D\u1ec5 d\u00e0ng k\u1ebft n\u1ed1i v\u1edbi App 70mai<\/strong><\/h3>\n<div class=\"wp-block-media-text is-stacked-on-mobile\">\n<figure class=\"wp-block-media-text__media\"><img loading=\"lazy\" decoding=\"async\" class=\"alignnone size-full wp-image-1279\" src=\"https:\/\/autothaiduong.vn\/wp-content\/uploads\/2025\/05\/7-1024x576-1.jpg\" width=\"1024\" height=\"576\" alt=\"k\u1ebft n\u1ed1i v\u1edbi app 70mai\" srcset=\"https:\/\/autothaiduong.vn\/wp-content\/uploads\/2025\/05\/7-1024x576-1.jpg 1024w, https:\/\/autothaiduong.vn\/wp-content\/uploads\/2025\/05\/7-1024x576-1-600x338.jpg 600w, https:\/\/autothaiduong.vn\/wp-content\/uploads\/2025\/05\/7-1024x576-1-768x432.jpg 768w\" sizes=\"auto, (max-width: 1024px) 100vw, 1024px\" \/><\/figure>\n<div class=\"wp-block-media-text__content\">\n<ul class=\"wp-block-list\">\n<li><strong>C\u00e0i \u0111\u1eb7t qu\u1ea3n l\u00fd Camera:\u00a0<\/strong>Qu\u1ea3n l\u00fd th\u1eddi l\u01b0\u1ee3ng ghi, \u0111\u1ed9 ph\u00e2n gi\u1ea3i video, \u0111\u1ed9 nh\u1ea1y c\u1ea3m bi\u1ebfn G v\u00e0 h\u01a1n th\u1ebf n\u1eefa. T\u1ea5t c\u1ea3 trong t\u1ea7m tay c\u1ee7a b\u1ea1n.<\/li>\n<li><strong>Xem c\u1ea3nh quay tr\u1ef1c ti\u1ebfp v\u00e0 ch\u1ee5p \u1ea3nh:\u00a0<\/strong>K\u1ebft n\u1ed1i v\u1edbi Wi-Fi t\u00edch h\u1ee3p c\u1ee7a camera h\u00e0nh tr\u00ecnh \u0111\u1ec3 truy c\u1eadp v\u00e0 xem c\u1ea3nh quay theo th\u1eddi gian th\u1ef1c. Ghi l\u1ea1i kho\u1ea3nh kh\u1eafc ngay l\u1eadp t\u1ee9c b\u1eb1ng c\u00e1ch nh\u1ea5n \u2018Ch\u1ee5p \u1ea3nh\u2019.<\/li>\n<li><strong>T\u1ea3i xu\u1ed1ng d\u1ec5 d\u00e0ng:\u00a0<\/strong>Truy c\u1eadp album th\u00f4ng qua APP 70mai v\u00e0 d\u1ec5 d\u00e0ng t\u1ea3i xu\u1ed1ng n\u1ed9i dung c\u1ee5c b\u1ed9. T\u1ea5t c\u1ea3 d\u1eef li\u1ec7u li\u00ean quan \u0111\u1ebfn tr\u01b0\u1eddng h\u1ee3p kh\u1ea9n c\u1ea5p \u0111\u1ec1u \u0111\u01b0\u1ee3c l\u01b0u tr\u1eef an to\u00e0n<\/li>\n<\/ul>\n<\/div>\n<\/div>\n<h2 class=\"wp-block-heading has-text-align-center\">Top 3 camera h\u00e0nh tr\u00ecnh 70mai \u0111\u00e1ng mua nh\u1ea5t hi\u1ec7n nay<\/h2>\n<div class=\"wp-block-image\">\n<figure class=\"aligncenter size-large\"><img loading=\"lazy\" decoding=\"async\" class=\"alignnone size-full wp-image-1280\" src=\"https:\/\/autothaiduong.vn\/wp-content\/uploads\/2025\/05\/Top3-camera-hanh-trinh-70mai-M300-A200-A500S-768x1024-1.jpg\" width=\"768\" height=\"1024\" alt=\"Top 3 camera h\u00e0nh tr\u00ecnh \u0111\u00e1ng mua nh\u1ea5t 2024\" srcset=\"https:\/\/autothaiduong.vn\/wp-content\/uploads\/2025\/05\/Top3-camera-hanh-trinh-70mai-M300-A200-A500S-768x1024-1.jpg 768w, https:\/\/autothaiduong.vn\/wp-content\/uploads\/2025\/05\/Top3-camera-hanh-trinh-70mai-M300-A200-A500S-768x1024-1-450x600.jpg 450w, https:\/\/autothaiduong.vn\/wp-content\/uploads\/2025\/05\/Top3-camera-hanh-trinh-70mai-M300-A200-A500S-768x1024-1-600x800.jpg 600w\" sizes=\"auto, (max-width: 768px) 100vw, 768px\" \/><\/figure>\n<\/div>\n<p><strong>Tham kh\u1ea3o th\u00eam c\u00e1c s\u1ea3n ph\u1ea9m \u0111\u01b0\u1ee3c \u01b0a chu\u1ed9ng<\/strong><\/p>\n<p>&gt;&gt;\u00a0<a href=\"https:\/\/70maivietnam.store\/camera-hanh-trinh\/camera-hanh-trinh-70mai-m310\/\" target=\"_blank\" rel=\"noopener\"><mark class=\"has-inline-color has-vivid-red-color\">Camera h\u00e0nh tr\u00ecnh 70mai M310 ghi h\u00ecnh 2K gi\u00e1 r\u1ebb<\/mark><\/a><\/p>\n<p>&gt;&gt;\u00a0<a href=\"https:\/\/70maivietnam.store\/camera-hanh-trinh\/camera-hanh-trinh-70mai-a500s\/\" target=\"_blank\" rel=\"noopener\"><mark class=\"has-inline-color has-vivid-red-color\">Camera h\u00e0nh tr\u00ecnh 70maj A500S ghi h\u00ecnh 2 k\u00eanh b\u00e1n ch\u1ea1y nh\u1ea5t<\/mark><\/a><\/p>\n<div id=\"formdat\"><\/div>\n","protected":false},"excerpt":{"rendered":"<ul>\n<li>Ghi h\u00ecnh tr\u01b0\u1edbc 1080P HDR v\u00e0 sau 1080P si\u00eau n\u00e9t<\/li>\n<li>S\u1eed d\u1ee5ng c\u00f4ng ngh\u1ec7 \u0111\u1ed9c quy\u1ec1n\u00a0<strong>MaiColor Vivid+ Solution\u2122 v\u00e0\u00a0<\/strong><strong>70mai Night Owl Vision\u2122<\/strong><\/li>\n<li>Kh\u1ea9u \u0111\u1ed9 F2.0, g\u00f3c quay r\u1ed9ng 130 \u0111\u1ed9, t\u1ed1c \u0111\u1ed9 khung h\u00ecnh 60FPS<\/li>\n<li>Ch\u1ebf \u0111\u1ed9 gi\u00e1m s\u00e1t \u0111\u1ed7 xe 24h<\/li>\n<li>Ghi h\u00ecnh Time-Lapse<\/li>\n<li class=\"wp-block-heading\">T\u1ef1 \u0111\u1ed9ng b\u1ea3o v\u1ec7 b\u00ecnh \u1eaec Quy<\/li>\n<li class=\"wp-block-heading\">Xem, t\u1ea3i v\u00e0 chia s\u1ebb video \u0111\u01a1n gi\u1ea3n v\u1edbi App 70mai<\/li>\n<\/ul>\n<div id=\"eJOY__extension_root\" class=\"eJOY__extension_root_class\"><\/div>\n","protected":false},"featured_media":1275,"comment_status":"open","ping_status":"closed","template":"","meta":[],"product_brand":[126],"product_cat":[76],"product_tag":[],"class_list":{"0":"post-1253","1":"product","2":"type-product","3":"status-publish","4":"has-post-thumbnail","6":"product_brand-70mai","7":"product_cat-camera-hanh-trinh","9":"first","10":"instock","11":"shipping-taxable","12":"purchasable","13":"product-type-simple"},"_links":{"self":[{"href":"https:\/\/autothaiduong.vn\/index.php?rest_route=\/wp\/v2\/product\/1253","targetHints":{"allow":["GET"]}}],"collection":[{"href":"https:\/\/autothaiduong.vn\/index.php?rest_route=\/wp\/v2\/product"}],"about":[{"href":"https:\/\/autothaiduong.vn\/index.php?rest_route=\/wp\/v2\/types\/product"}],"replies":[{"embeddable":true,"href":"https:\/\/autothaiduong.vn\/index.php?rest_route=%2Fwp%2Fv2%2Fcomments&post=1253"}],"wp:featuredmedia":[{"embeddable":true,"href":"https:\/\/autothaiduong.vn\/index.php?rest_route=\/wp\/v2\/media\/1275"}],"wp:attachment":[{"href":"https:\/\/autothaiduong.vn\/index.php?rest_route=%2Fwp%2Fv2%2Fmedia&parent=1253"}],"wp:term":[{"taxonomy":"product_brand","embeddable":true,"href":"https:\/\/autothaiduong.vn\/index.php?rest_route=%2Fwp%2Fv2%2Fproduct_brand&post=1253"},{"taxonomy":"product_cat","embeddable":true,"href":"https:\/\/autothaiduong.vn\/index.php?rest_route=%2Fwp%2Fv2%2Fproduct_cat&post=1253"},{"taxonomy":"product_tag","embeddable":true,"href":"https:\/\/autothaiduong.vn\/index.php?rest_route=%2Fwp%2Fv2%2Fproduct_tag&post=1253"}],"curies":[{"name":"wp","href":"https:\/\/api.w.org\/{rel}","templated":true}]}}