{"id":1281,"date":"2025-05-12T06:56:11","date_gmt":"2025-05-12T06:56:11","guid":{"rendered":"https:\/\/autothaiduong.vn\/?post_type=product&#038;p=1281"},"modified":"2025-09-03T02:58:12","modified_gmt":"2025-09-03T02:58:12","slug":"camera-hanh-trinh-70mai-a500s","status":"publish","type":"product","link":"https:\/\/autothaiduong.vn\/?product=camera-hanh-trinh-70mai-a500s","title":{"rendered":"Camera h\u00e0nh tr\u00ecnh 70mai A500S Tr\u01b0\u1edbc Ho\u1eb7c Tr\u01b0\u1edbc Sau"},"content":{"rendered":"<p><img loading=\"lazy\" decoding=\"async\" class=\" wp-image-1044 aligncenter\" src=\"https:\/\/autothaiduong.vn\/wp-content\/uploads\/2025\/05\/z6584734442481_f208f5944548cb4b46353402ce2e64e0.jpg\" alt=\"\" width=\"284\" height=\"251\" \/><\/p>\n<p style=\"text-align: center;\"><strong><span style=\"color: #ff0000; font-size: 150%;\">273-275 Tr\u1ea7n Ph\u00fa Ph\u01b0\u1eddng L\u1ed9c S\u01a1n Th\u00e0nh Ph\u1ed1 B\u1ea3o L\u1ed9c T\u1ec9nh L\u00e2m \u0110\u1ed3ng<\/span><\/strong><\/p>\n<p style=\"text-align: center;\"><strong><span style=\"color: #ff0000; font-size: 150%;\"> Hotline: 0912197441<\/span><\/strong><\/p>\n<p>D\u00f2ng s\u1ea3n ph\u1ea9m\u00a0<strong>camera h\u00e0nh tr\u00ecnh 70mai A500S<\/strong>\u00a0\u0111\u01b0\u1ee3c nh\u00e0 70mai cho ra m\u1eaft v\u1edbi kh\u1ea3 n\u0103ng ghi h\u00ecnh 2,7K si\u00eau n\u00e9t. L\u00e0 phi\u00ean b\u1ea3n n\u00e2ng c\u1ea5p c\u1ee7a\u00a0<strong>70mai A500<\/strong>\u00a0\u0111\u01b0\u1ee3c c\u00e1c Fan 70mai ch\u00e0o \u0111\u00f3n v\u00e0 \u0111ang g\u00e2y s\u1ed1t tr\u00ean th\u1ecb tr\u01b0\u1eddng\u00a0<a href=\"https:\/\/70maivietnam.store\/\" target=\"_blank\" rel=\"noreferrer noopener\"><mark class=\"has-inline-color has-vivid-red-color\">camera h\u00e0nh tr\u00ecnh \u00f4 t\u00f4<\/mark><\/a>\u00a0hi\u1ec7n nay.<\/p>\n<p>Kh\u00f4ng ch\u1ec9 d\u1eebng l\u1ea1i \u1edf \u0111\u00f3,\u00a0<strong>70mai A500S<\/strong>\u00a0\u0111\u01b0\u1ee3c ng\u01b0\u1eddi d\u00f9ng tin t\u01b0\u1edfng v\u00e0 l\u1ef1a ch\u1ecdn b\u1edfi gi\u00e1 th\u00e0nh v\u00e0 ch\u1ea5t l\u01b0\u1ee3ng c\u1ee7a s\u1ea3n ph\u1ea9m. H\u00e3y c\u00f9ng 70mai VI\u1ec7t Nam kh\u00e1m ph\u00e1 v\u1ec1 chi\u1ebfc camera h\u00e0nh tr\u00ecnh n\u00e0y nh\u00e9.<\/p>\n<h2 class=\"wp-block-heading\"><strong>T\u1ed5n quan v\u1ec1 camera h\u00e0nh tr\u00ecnh 70mai A500S<\/strong><\/h2>\n<div class=\"wp-block-media-text alignwide is-stacked-on-mobile\">\n<figure class=\"wp-block-media-text__media\"><img loading=\"lazy\" decoding=\"async\" class=\"alignnone size-full wp-image-1284\" src=\"https:\/\/autothaiduong.vn\/wp-content\/uploads\/2025\/05\/462deeca326ce932b07d-1024x768-1.jpg\" alt=\"70mai A500S thi\u1ebft k\u1ebf sang tr\u1ecdng\" width=\"1024\" height=\"768\" srcset=\"https:\/\/autothaiduong.vn\/wp-content\/uploads\/2025\/05\/462deeca326ce932b07d-1024x768-1.jpg 1024w, https:\/\/autothaiduong.vn\/wp-content\/uploads\/2025\/05\/462deeca326ce932b07d-1024x768-1-600x450.jpg 600w, https:\/\/autothaiduong.vn\/wp-content\/uploads\/2025\/05\/462deeca326ce932b07d-1024x768-1-768x576.jpg 768w\" sizes=\"auto, (max-width: 1024px) 100vw, 1024px\" \/><\/figure>\n<div class=\"wp-block-media-text__content\">\n<h3 class=\"wp-block-heading\"><strong>Camera h\u00e0nh tr\u00ecnh 70mai A500S v\u1edbi thi\u1ebft k\u1ebf sang tr\u1ecdng<\/strong><\/h3>\n<p>70mai A500S c\u00f3 thi\u1ebft k\u1ebf nguy\u00ean b\u1ea3n gi\u1ed1ng v\u1edbi\u00a0<em>camera h\u00e0nh tr\u00ecnh 70mai\u00a0pro<\/em>. C\u00f3 c\u00e1c \u0111\u01b0\u1eddng bo vi\u1ec1n r\u1ea5t m\u1ec1m m\u1ea1i, khi nh\u00ecn s\u1ebd cho b\u1ea1n c\u1ea3m gi\u00e1c r\u1ea5t \u0111\u1eb9p v\u00e0 ch\u1eafc ch\u1eafn. Th\u00e2n camera m\u00e0u \u0111en b\u00f3ng v\u00e0 \u1ed1ng k\u00ednh m\u00e0u h\u01a1i b\u1ea1c s\u1ebd t\u00f4n l\u00ean v\u1ebb \u0111\u1eb9p sang tr\u1ecdng c\u1ee7a m\u1ed9t chi\u1ebfc cam h\u00e0nh tr\u00ecnh. V\u1edbi m\u00e0u \u0111en k\u1ebft h\u1ee3p v\u1edbi b\u1ea1c cho b\u1ea1n m\u1ed9t thi\u1ebft k\u1ebf sang tr\u1ecdng v\u00e0 r\u1ea5t \u0111\u1eb9p m\u1eaft ng\u01b0\u1eddi d\u00f9ng.<\/p>\n<\/div>\n<\/div>\n<div class=\"wp-block-media-text alignwide has-media-on-the-right is-stacked-on-mobile\">\n<div class=\"wp-block-media-text__content\">\n<h3 class=\"wp-block-heading\"><strong>70mai A500S \u2013 C\u1ea5u h\u00ecnh m\u1ea1nh m\u1ebd v\u1edbi c\u1ea3m bi\u1ebfn Sony<\/strong><\/h3>\n<p>70mai A500S c\u00f3 C\u1ea3m bi\u1ebfn Sony 5 mega-pixel v\u00e0 B\u1ed9 x\u1eed l\u00fd l\u00f5i k\u00e9p HiSilicon c\u00f4ng ngh\u1ec7 m\u00e3 h\u00f3a H265 cho h\u00ecnh \u1ea3nh v\u00f4 c\u00f9ng ch\u00e2n th\u1ef1c.<\/p>\n<p>V\u1edbi c\u1ea3m bi\u1ebfn h\u00ecnh \u1ea3nh SONY IMX335 5 mega pixel m\u1ea1nh m\u1ebd, \u0111\u1ed9 nh\u1ea1y cao. T\u1eeb \u0111\u00f3 cho kh\u1ea3 n\u0103ng x\u1eed l\u00fd m\u01b0\u1ee3t m\u00e0, h\u00ecnh \u1ea3nh r\u00f5 r\u00e0ng, chi ti\u1ebft v\u1edbi \u0111\u1ed9 ph\u00e2n gi\u1ea3i 2592 x 1944 px s\u1ed1ng \u0111\u1ed9ng v\u00e0 ch\u00e2n ch\u1ef1c h\u01a1n.<\/p>\n<\/div>\n<figure class=\"wp-block-media-text__media\"><img loading=\"lazy\" decoding=\"async\" class=\"alignnone size-full wp-image-1285\" src=\"https:\/\/autothaiduong.vn\/wp-content\/uploads\/2025\/05\/Cam-bien-hinh-anh-Sony-IMX335.jpg\" alt=\"B\u1ed9 vi x\u1eed l\u00ed Sony IMX335 c\u1ee7a 70mai A500S\" width=\"800\" height=\"437\" srcset=\"https:\/\/autothaiduong.vn\/wp-content\/uploads\/2025\/05\/Cam-bien-hinh-anh-Sony-IMX335.jpg 800w, https:\/\/autothaiduong.vn\/wp-content\/uploads\/2025\/05\/Cam-bien-hinh-anh-Sony-IMX335-600x328.jpg 600w, https:\/\/autothaiduong.vn\/wp-content\/uploads\/2025\/05\/Cam-bien-hinh-anh-Sony-IMX335-768x420.jpg 768w\" sizes=\"auto, (max-width: 800px) 100vw, 800px\" \/><\/figure>\n<\/div>\n<div class=\"wp-block-media-text alignwide is-stacked-on-mobile\">\n<figure class=\"wp-block-media-text__media\"><img loading=\"lazy\" decoding=\"async\" class=\"alignnone size-full wp-image-1286\" src=\"https:\/\/autothaiduong.vn\/wp-content\/uploads\/2025\/05\/Mat-camera-sau-RC06-3.jpg\" alt=\"\" width=\"640\" height=\"292\" srcset=\"https:\/\/autothaiduong.vn\/wp-content\/uploads\/2025\/05\/Mat-camera-sau-RC06-3.jpg 640w, https:\/\/autothaiduong.vn\/wp-content\/uploads\/2025\/05\/Mat-camera-sau-RC06-3-600x274.jpg 600w\" sizes=\"auto, (max-width: 640px) 100vw, 640px\" \/><\/figure>\n<div class=\"wp-block-media-text__content\">\n<h3 class=\"wp-block-heading\"><strong>T\u00edch h\u1ee3p camera ghi h\u00ecnh ph\u00eda sau<\/strong><\/h3>\n<p>(V\u1edbi phi\u00ean b\u1ea3n cam tr\u01b0\u1edbc n\u00e0y b\u1ea1n c\u1ea7n mua th\u00eam camera sau \u0111\u1ec3 s\u1eed d\u1ee5ng t\u00ednh n\u0103ng n\u00e0y). Camera ghi h\u00ecnh ph\u00eda sau Full HD, ghi h\u00ecnh g\u00f3c r\u1ed9ng bao qu\u00e1t to\u00e0n b\u1ed9 ph\u00eda sau xe gi\u00fap ng\u01b0\u1eddi \u0111i\u1ec1u khi\u1ec3n c\u00f3 th\u1ec3 d\u1ec5 d\u00e0ng quan s\u00e1t m\u1ecdi di\u1ec5n bi\u1ebfn ph\u00eda sau xe m\u1ed9t c\u00e1ch v\u00f4 c\u00f9ng ti\u1ec7n l\u1ee3i.<\/p>\n<\/div>\n<\/div>\n<h2 class=\"wp-block-heading\"><strong>T\u00ecm hi\u1ec3u v\u1ec1 t\u00ednh n\u0103ng c\u1ee7a camera\u00a070mai A500S\u00a0<\/strong><\/h2>\n<div class=\"wp-block-media-text alignwide is-stacked-on-mobile\">\n<figure class=\"wp-block-media-text__media\"><img loading=\"lazy\" decoding=\"async\" class=\"alignnone size-full wp-image-1287\" src=\"https:\/\/autothaiduong.vn\/wp-content\/uploads\/2025\/05\/A500S-ghi-hinh-truoc-sau.jpg\" alt=\"ghi h\u00ecnh 2 k\u00eanh \u0111\u1ec9nh cao c\u1ee7a 70mai A500S\" width=\"600\" height=\"909\" srcset=\"https:\/\/autothaiduong.vn\/wp-content\/uploads\/2025\/05\/A500S-ghi-hinh-truoc-sau.jpg 600w, https:\/\/autothaiduong.vn\/wp-content\/uploads\/2025\/05\/A500S-ghi-hinh-truoc-sau-396x600.jpg 396w\" sizes=\"auto, (max-width: 600px) 100vw, 600px\" \/><\/figure>\n<div class=\"wp-block-media-text__content\">\n<h3 class=\"wp-block-heading\"><strong>Ghi h\u00ecnh ph\u00eda tr\u01b0\u1edbc v\u00e0 ph\u00eda sau c\u00f9ng l\u00fac<\/strong><\/h3>\n<p>Camera h\u00e0nh tr\u00ecnh 70mai A500S\u00a0cho ch\u1ea5t l\u01b0\u1ee3ng h\u00ecnh \u1ea3nh v\u01b0\u1ee3t tr\u1ed9i v\u1edbi \u0111\u1ed9 ph\u00e2n gi\u1ea3i cao 2592\u00d71944, ch\u1ee5p bi\u1ec3n s\u1ed1 xe, bi\u1ec3n b\u00e1o \u0111\u01b0\u1eddng b\u1ed9 v\u00e0 c\u00e1c chi ti\u1ebft quan tr\u1ecdng kh\u00e1c tr\u00ean \u0111\u01b0\u1eddng.<\/p>\n<p>T\u01b0\u01a1ng th\u00edch v\u1edbi camera sau RC06 *,\u00a070mai Pro Plus +\u00a0c\u00f3 th\u1ec3 quay hai k\u00eanh **, cung c\u1ea5p kh\u1ea3 n\u0103ng b\u1ea3o v\u1ec7 to\u00e0n di\u1ec7n \u0111\u1ec3 b\u1ea1n c\u00f3 th\u1ec3 y\u00ean t\u00e2m l\u00e1i xe.<\/p>\n<p>* Camera sau RC06 \u0111\u01b0\u1ee3c b\u00e1n ri\u00eang.<br \/>\n** \u1ede ch\u1ebf \u0111\u1ed9 ghi h\u00ecnh k\u00e9p, camera tr\u01b0\u1edbc duy tr\u00ec \u0111\u1ed9 ph\u00e2n gi\u1ea3i l\u00ean \u0111\u1ebfn 1944P,\u00a0camera sau ghi \u1edf 1080P.<\/p>\n<\/div>\n<\/div>\n<p><strong>Tham kh\u1ea3o th\u00eam m\u1ed9t s\u1ed1 d\u00f2ng s\u1ea3n ph\u1ea3m ghi h\u00ecnh 2 k\u00eanh b\u00e1n ch\u1ea1y:<\/strong><\/p>\n<p>&gt;&gt;\u00a0<a href=\"https:\/\/70maivietnam.store\/camera-hanh-trinh\/camera-hanh-trinh-70mai-a200\/\" target=\"_blank\" rel=\"noreferrer noopener\"><mark class=\"has-inline-color has-vivid-red-color\">Camera h\u00e0nh tr\u00ecnh 70mai A200 ghi h\u00ecnh 2 k\u00eanh gi\u00e1 r\u1ebb<\/mark><\/a><\/p>\n<p>&gt;&gt;\u00a0<a href=\"https:\/\/70maivietnam.store\/camera-hanh-trinh\/camera-hanh-trinh-70mai-a810\/\" target=\"_blank\" rel=\"noopener\"><mark class=\"has-inline-color has-vivid-red-color\">Camera h\u00e0nh tr\u00ecnh 70mai A510 ghi h\u00ecnh 2 k\u00eanh k\u1ebft n\u1ed1i 4G gi\u00e1m s\u00e1t xe t\u1eeb xa<\/mark><\/a><\/p>\n<div class=\"wp-block-media-text alignwide has-media-on-the-right is-stacked-on-mobile\">\n<div class=\"wp-block-media-text__content\">\n<h3 class=\"wp-block-heading\"><strong>T\u00edch h\u1ee3p s\u1eb5n GPS v\u00e0 Wifi<\/strong><\/h3>\n<p>\u0110i\u1ec3m m\u1ea1nh \u0111\u1ea7u ti\u00ean c\u1ee7a 70mai A500S l\u00e0 c\u00f3 Wifi k\u1ebft n\u1ed1i tr\u00ean App 70mai \u0111\u1ec3 xem video tr\u00ean \u0111i\u1ec7n tho\u1ea1i.<\/p>\n<p>70mai A500S kh\u00e1c h\u1eb3n chi\u1ebfc 70mai pro, 70mai Lite, 70mai 1S l\u00e0 \u0111\u01b0\u1ee3c t\u00edch h\u1ee3p s\u1eb5n Gps gi\u00fap camera x\u00e1c \u0111\u1ecbnh \u0111\u01b0\u1ee3c t\u1ed1c \u0111\u1ed9 di chuy\u1ec3n c\u1ee7a xe v\u00e0 t\u1ecda \u0111\u1ed9 n\u01a1i xe di chuy\u1ec3n. (T\u1ea3i video v\u1ec1 \u0111i\u1ec7n tho\u1ea1i v\u1eabn gi\u1eef \u0111\u01b0\u1ee3c th\u00f4ng tin t\u1ed1c \u0111\u1ed9 di chuy\u1ec3n 70mai pro t\u1ea3i v\u1ec1 th\u00ec kh\u00f4ng hi\u1ec3n th\u1ecb).<\/p>\n<\/div>\n<figure class=\"wp-block-media-text__media\"><img loading=\"lazy\" decoding=\"async\" class=\"alignnone size-full wp-image-1288\" src=\"https:\/\/autothaiduong.vn\/wp-content\/uploads\/2025\/05\/70mai-A500S-dai-dien-8.jpg\" alt=\"\" width=\"640\" height=\"640\" srcset=\"https:\/\/autothaiduong.vn\/wp-content\/uploads\/2025\/05\/70mai-A500S-dai-dien-8.jpg 640w, https:\/\/autothaiduong.vn\/wp-content\/uploads\/2025\/05\/70mai-A500S-dai-dien-8-600x600.jpg 600w, https:\/\/autothaiduong.vn\/wp-content\/uploads\/2025\/05\/70mai-A500S-dai-dien-8-300x300.jpg 300w, https:\/\/autothaiduong.vn\/wp-content\/uploads\/2025\/05\/70mai-A500S-dai-dien-8-100x100.jpg 100w\" sizes=\"auto, (max-width: 640px) 100vw, 640px\" \/><\/figure>\n<\/div>\n<div class=\"wp-block-media-text alignwide is-stacked-on-mobile\">\n<figure class=\"wp-block-media-text__media\"><img loading=\"lazy\" decoding=\"async\" class=\"alignnone size-full wp-image-1289\" src=\"https:\/\/autothaiduong.vn\/wp-content\/uploads\/2025\/05\/70mai-A500S-Ho-tro-ADAS-2.png\" alt=\"C\u1ea3nh b\u00e1o ADAS tr\u00ean 70mai dash cam A500S\" width=\"800\" height=\"800\" srcset=\"https:\/\/autothaiduong.vn\/wp-content\/uploads\/2025\/05\/70mai-A500S-Ho-tro-ADAS-2.png 800w, https:\/\/autothaiduong.vn\/wp-content\/uploads\/2025\/05\/70mai-A500S-Ho-tro-ADAS-2-600x600.png 600w, https:\/\/autothaiduong.vn\/wp-content\/uploads\/2025\/05\/70mai-A500S-Ho-tro-ADAS-2-300x300.png 300w, https:\/\/autothaiduong.vn\/wp-content\/uploads\/2025\/05\/70mai-A500S-Ho-tro-ADAS-2-768x768.png 768w, https:\/\/autothaiduong.vn\/wp-content\/uploads\/2025\/05\/70mai-A500S-Ho-tro-ADAS-2-100x100.png 100w\" sizes=\"auto, (max-width: 800px) 100vw, 800px\" \/><\/figure>\n<div class=\"wp-block-media-text__content\">\n<h3 class=\"wp-block-heading\"><strong>C\u1ea3nh b\u00e1o ADAS th\u00f4ng minh<\/strong><\/h3>\n<p>B\u00ean c\u1ea1nh kh\u1ea3 n\u0103ng ghi h\u00ecnh ch\u1ea5t l\u01b0\u1ee3ng si\u00eau n\u00e9t.\u00a0<strong>Camera 70mai A500S\u00a0<\/strong>c\u00f2n \u0111\u1eb7c bi\u1ec7t n\u1ed5i b\u1eadt v\u1edbi trang b\u1ecb c\u00f4ng ngh\u1ec7 GPS v\u00e0 h\u1ed7 tr\u1ee3 l\u00e1i xe ADAS. Cho kh\u1ea3 n\u0103ng l\u01b0u tr\u1eef d\u1eef li\u1ec7u ch\u00ednh x\u00e1c h\u01a1n m\u1ecdi l\u00fac m\u1ecdi n\u01a1i, \u0111o t\u1ed1c \u0111\u1ed9, ch\u1ee5p \u1ea3nh \u0111o\u1ea1n \u0111\u01b0\u1eddng, ph\u00e1t gi\u1ecdng n\u00f3i ngay th\u1eddi gian th\u1ef1c, ch\u1ee5p \u0111\u00e8n \u0111\u1ecf,\u2026 C\u00f9ng nhi\u1ec1u gi\u00e1m s\u00e1t kh\u00e1c b\u1ea3o v\u1ec7 ng\u01b0\u1eddi d\u00f9ng t\u1ed1t h\u01a1n tr\u00ean su\u1ed1t chuy\u1ebfn h\u00e0nh tr\u00ecnh.<\/p>\n<p>C\u1ea3nh b\u00e1o va ch\u1ea1m ph\u00eda tr\u01b0\u1edbc ti\u00ean ti\u1ebfn.\u00a0<em><strong>Camera h\u00e0nh tr\u00ecnh Xiaomi 70mai A500S<\/strong><\/em>\u00a0th\u00f4ng minh s\u1ebd gi\u00fap b\u1ea1n gi\u1eef kho\u1ea3ng c\u00e1ch an to\u00e0n v\u1edbi xe ph\u00eda tr\u01b0\u1edbc t\u1eeb 7-10m. Thi\u1ebft b\u1ecb s\u1ebd \u0111\u01b0a ra c\u1ea3nh b\u00e1o cho b\u1ea1n khi c\u00f3 ph\u01b0\u01a1ng ti\u1ec7n v\u00f4 t\u00ecnh \u201ct\u1ea1t \u0111\u1ea7u xe\u201d. Gi\u00fap b\u1ea1n tr\u00e1nh nh\u1eefng va ch\u1ea1m kh\u00f4ng \u0111\u00e1ng c\u00f3.<\/p>\n<\/div>\n<\/div>\n<div class=\"wp-block-media-text alignwide has-media-on-the-right is-stacked-on-mobile\">\n<div class=\"wp-block-media-text__content\">\n<h3 class=\"wp-block-heading\"><strong>Gi\u00e1m s\u00e1t \u0111\u1ed7 xe 24 gi\u1edd<\/strong><\/h3>\n<p>Kh\u1edfi \u0111\u1ed9ng ghi h\u00ecnh khi xe c\u00f3 va ch\u1ea1m *. C\u1ea3m bi\u1ebfn G t\u00edch h\u1ee3p c\u00f3 th\u1ec3 ph\u00e1t hi\u1ec7n rung l\u1eafc ho\u1eb7c va ch\u1ea1m \u0111\u1ed9t ng\u1ed9t trong khi xe c\u1ee7a b\u1ea1n \u0111\u1ee9ng y\u00ean t\u1eaft m\u00e1y v\u00e0 s\u1ebd t\u1ef1 \u0111\u1ed9ng ghi h\u00ecnh \u0111\u1ec3 n\u1eafm b\u1eaft m\u1ecdi s\u1ef1 t\u00e1c \u0111\u1ed9ng \u0111\u1ebfn xe. Video ghi h\u00ecnh kh\u1ea9n c\u1ea5p \u0111\u00f3 s\u1ebd \u0111\u01b0\u1ee3c ghi l\u1ea1i, camera h\u00e0nh tr\u00ecnh s\u1ebd th\u00f4ng b\u00e1o cho b\u1ea1n th\u00f4ng qua c\u1ea3nh b\u00e1o b\u1eb1ng gi\u1ecdng n\u00f3i khi b\u1ea1n l\u00ean xe n\u1ed5 m\u00e1y.<\/p>\n<p><small>* C\u1ea6N L\u1eaeP B\u1ed8 KIT NGU\u1ed2N 70MAI CHO CH\u1ebe \u0110\u1ed8 GI\u00c1M S\u00c1T \u0110\u1ed6 XE V\u00c0 N\u00d3 \u0110\u01af\u1ee2C B\u00c1N RI\u00caNG.<\/small><\/p>\n<\/div>\n<figure class=\"wp-block-media-text__media\"><img loading=\"lazy\" decoding=\"async\" class=\"alignnone size-full wp-image-1290\" src=\"https:\/\/autothaiduong.vn\/wp-content\/uploads\/2025\/05\/Che-do-giam-sat-bai-do-xe-24h-1024x448-1.jpg\" alt=\"Ch\u1ebf \u0111\u1ed9 gi\u00e1m s\u00e1t b\u00e3i \u0111\u1eadu xe tr\u00ean A500S\" width=\"1024\" height=\"448\" srcset=\"https:\/\/autothaiduong.vn\/wp-content\/uploads\/2025\/05\/Che-do-giam-sat-bai-do-xe-24h-1024x448-1.jpg 1024w, https:\/\/autothaiduong.vn\/wp-content\/uploads\/2025\/05\/Che-do-giam-sat-bai-do-xe-24h-1024x448-1-600x263.jpg 600w, https:\/\/autothaiduong.vn\/wp-content\/uploads\/2025\/05\/Che-do-giam-sat-bai-do-xe-24h-1024x448-1-768x336.jpg 768w\" sizes=\"auto, (max-width: 1024px) 100vw, 1024px\" \/><\/figure>\n<\/div>\n<div class=\"wp-block-media-text alignwide is-stacked-on-mobile\">\n<figure class=\"wp-block-media-text__media\"><img loading=\"lazy\" decoding=\"async\" class=\"alignnone size-full wp-image-1291\" src=\"https:\/\/autothaiduong.vn\/wp-content\/uploads\/2025\/05\/70mai-A500S-dai-dien-9.jpg\" alt=\"D\u1ec5 d\u00e0ng \u0111i\u1ec1u khi\u1ec3n m\u1ecdi t\u00ednh nawgn tr\u00ean App 70mai\" width=\"640\" height=\"640\" srcset=\"https:\/\/autothaiduong.vn\/wp-content\/uploads\/2025\/05\/70mai-A500S-dai-dien-9.jpg 640w, https:\/\/autothaiduong.vn\/wp-content\/uploads\/2025\/05\/70mai-A500S-dai-dien-9-600x600.jpg 600w, https:\/\/autothaiduong.vn\/wp-content\/uploads\/2025\/05\/70mai-A500S-dai-dien-9-300x300.jpg 300w, https:\/\/autothaiduong.vn\/wp-content\/uploads\/2025\/05\/70mai-A500S-dai-dien-9-100x100.jpg 100w\" sizes=\"auto, (max-width: 640px) 100vw, 640px\" \/><\/figure>\n<div class=\"wp-block-media-text__content\">\n<h3 class=\"wp-block-heading\"><strong>Ki\u1ec3m so\u00e1t tr\u00ean \u1ee9ng d\u1ee5ng 70mai<\/strong><\/h3>\n<p>Camera h\u00e0nh tr\u00ecnh 70mai A500S s\u1eed d\u1ee5ng \u1ee8ng d\u1ee5ng 70mai tr\u00ean \u0111i\u1ec7n tho\u1ea1i c\u00f3 h\u1ec7 \u0111i\u1ec1u h\u00e0nh iOS v\u00e0 Android. Cho ph\u00e9p b\u1ea1n xem video v\u00e0 t\u1ea3i v\u1ec1 \u0111i\u1ec7n tho\u1ea1i trong th\u1eddi gian th\u1ef1c th\u00f4ng qua Wi-Fi c\u1ee7a camera h\u00e0nh tr\u00ecnh. N\u00f3 c\u0169ng kh\u00f3a c\u00e1c video kh\u1ea9n c\u1ea5p v\u00e0o \u201cT\u1ec7p kh\u00f3a\u201d \u0111\u1ec3 kh\u00f4ng b\u1ecb ghi \u0111\u00e8.<\/p>\n<\/div>\n<\/div>\n<div class=\"wp-block-media-text alignwide has-media-on-the-right is-stacked-on-mobile\">\n<div class=\"wp-block-media-text__content\">\n<h3 class=\"wp-block-heading\"><strong>Th\u00eam t\u00f9y ch\u1ecdn v\u1edbi m\u1eaft cam ghi h\u00ecnh trong xe<\/strong><\/h3>\n<p>70mai FC02 l\u00e0 m\u1eaft cam \u0111\u01b0\u1ee3c thi\u1ebft k\u1ebf quay video b\u00ean trong xe \u00f4 t\u00f4 t\u00edch h\u1ee3p cho m\u1eabu 70mai 70mai A400<\/p>\n<p>70mai FC02 C\u00d3 \u01b0u \u0111i\u1ec3m \u0111\u01b0\u1ee3c thi\u1ebft k\u1ebf h\u1ed3ng ngo\u1ea1i c\u00f3 th\u1ec3 ghi h\u00ecnh \u0111\u01b0\u1ee3c b\u00ean trong xe khi tr\u1eddi t\u1ed1i, ho\u1eb7c \u0111i\u1ec1u ki\u1ec7n th\u1eddi ti\u1ebft \u00e2m u, thi\u1ebfu \u00e1nh s\u00e1ng b\u00ean trong xe<\/p>\n<p>*L\u01b0u \u00fd: Kh\u00f4ng l\u1eafp c\u00f9ng l\u00fac \u0111\u01b0\u1ee3c m\u1eaft camera ghi h\u00ecnh ph\u00eda sau xe v\u00e0 camera trong xe FC02 (l\u1ef1a ch\u1ecdn l\u1eafp 1 trong 2)<\/p>\n<\/div>\n<figure class=\"wp-block-media-text__media\"><img loading=\"lazy\" decoding=\"async\" class=\"alignnone size-full wp-image-1292\" src=\"https:\/\/autothaiduong.vn\/wp-content\/uploads\/2025\/05\/70mai-A800s-4-1.jpg\" alt=\"T\u00f9y ch\u1ecdn l\u1eafp m\u1eaft ghi h\u00ecnh trong xe FC02\" width=\"1000\" height=\"800\" srcset=\"https:\/\/autothaiduong.vn\/wp-content\/uploads\/2025\/05\/70mai-A800s-4-1.jpg 1000w, https:\/\/autothaiduong.vn\/wp-content\/uploads\/2025\/05\/70mai-A800s-4-1-600x480.jpg 600w, https:\/\/autothaiduong.vn\/wp-content\/uploads\/2025\/05\/70mai-A800s-4-1-768x614.jpg 768w\" sizes=\"auto, (max-width: 1000px) 100vw, 1000px\" \/><\/figure>\n<\/div>\n<p><strong><mark class=\"has-inline-color has-vivid-red-color\">Hi\u1ec7n nay Camera h\u00e0nh tr\u00ecnh 70mai A500s t\u01b0\u01a1ng th\u00edch v\u1edbi b\u1ed9 Hardwire Kit UP02 ho\u1eb7c b\u1ed9 Hardwire Kit c\u1eafm c\u1ed5ng OBD. V\u1edbi kh\u00e1ch h\u00e0ng mu\u1ed1n gi\u1eef chu\u1ea9n Zin xe c\u1ee7a m\u00ecnh kh\u00f4ng mu\u1ed1n ph\u1ea3i \u0111\u1ea5u n\u1ed1i ngu\u1ed3n ph\u00fac t\u1ea1p th\u00ec b\u1ed9 HardWire Kit 70mai c\u1eafm c\u1ed5ng OBD l\u00e0 s\u1ef1 l\u1ef1a ch\u1ecdn t\u1ed1i \u01b0u nh\u1ea5t<\/mark><\/strong><\/p>\n<p>&nbsp;<\/p>\n<div class=\"wp-block-image\">\n<figure class=\"aligncenter size-full\"><img loading=\"lazy\" decoding=\"async\" class=\"alignnone size-full wp-image-1293\" src=\"https:\/\/autothaiduong.vn\/wp-content\/uploads\/2025\/05\/Hardwire-Kit-OBD-II-Micro-USB-e1721444760384-1.jpg\" alt=\"Hardwire Kit OBD II Micro USB\" width=\"697\" height=\"572\" srcset=\"https:\/\/autothaiduong.vn\/wp-content\/uploads\/2025\/05\/Hardwire-Kit-OBD-II-Micro-USB-e1721444760384-1.jpg 697w, https:\/\/autothaiduong.vn\/wp-content\/uploads\/2025\/05\/Hardwire-Kit-OBD-II-Micro-USB-e1721444760384-1-600x492.jpg 600w\" sizes=\"auto, (max-width: 697px) 100vw, 697px\" \/><\/figure>\n<\/div>\n<h2 class=\"wp-block-heading\"><strong>Ph\u00e2n bi\u1ec7t camera h\u00e0nh tr\u00ecnh\u00a0Xiaomi\u00a070mai A500S B\u1ea3n Qu\u1ed1c t\u1ebf v\u00e0 N\u1ed9i\u00a0<\/strong><\/h2>\n<p>Tr\u00ean th\u1ecb tr\u01b0\u1eddng xu\u1ea5t hi\u1ec7n 2 phi\u00ean b\u1ea3n\u00a0 70mai A500S, \u0111\u00f3 ch\u00ednh l\u00e0 b\u1ea3n qu\u1ed1c t\u1ebf v\u00e0 n\u1ed9i \u0111\u1ecba. Theo nh\u01b0 l\u1eddi khuy\u00ean c\u1ee7a c\u00e1c chuy\u00ean gia, b\u1ea1n n\u00ean l\u1ef1a ch\u1ecdn mua 70mai A500S b\u1ea3n qu\u1ed1c t\u1ebf \u0111\u1ec3 c\u00f3 th\u1ec3 s\u1eed d\u1ee5ng \u0111\u01b0\u1ee3c \u0111\u1ea7y \u0111\u1ee7 c\u00e1c t\u00ednh n\u0103ng, \u0111\u1ed9 \u1ed5n \u0111\u1ecbnh cao kh\u00f4ng b\u1ecb l\u1ed7i v\u1eb7t v\u00e0 c\u00f3 th\u1ec3 c\u1eadp nh\u1eadt c\u00e1c phi\u00ean b\u1ea3n Firmware m\u1edbi nh\u1ea5t tr\u1ef1c ti\u1ebfp t\u1eeb nh\u00e0 s\u1ea3n xu\u1ea5t.<\/p>\n<p><strong>C\u00e1ch ph\u00e2n bi\u1ec7t 2 phi\u00ean b\u1ea3n A500S n\u1ed9i \u0111\u1ecba v\u00e0 qu\u1ed1c t\u1ebf<\/strong><\/p>\n<p>\u2013 B\u1ea3n n\u1ed9i \u0111\u1ecba: Ng\u00f4n ng\u1eef hi\u1ec3n th\u1ecb v\u00e0 gi\u1ecdng n\u00f3i tr\u00ean camera h\u00e0nh tr\u00ecnh 70mai A500S duy nh\u1ea5t l\u00e0 Ti\u1ebfng Trung. Kh\u00f4ng h\u1ed7 tr\u1ee3 ng\u00f4n ng\u1eef n\u00e0o kh\u00e1c<\/p>\n<p>\u2013 B\u1ea3n Qu\u1ed1c t\u1ebf: Ngo\u00e0i ng\u00f4n ng\u1eef ti\u1ebfng trung c\u00f3 ng\u00f4n ng\u1eef Ti\u1ebfng Anh, Ti\u1ebfng Nga \u2026.(m\u1eb7c \u0111\u1ecbnh thi\u1ebft b\u1ecb s\u1ebd hi\u1ec3n th\u1ecb ng\u00f4n ng\u1eef ti\u1ebfng Anh)<\/p>\n<p>Th\u00f4ng qua quan s\u00e1t b\u00ean ngo\u00e0i h\u1ed9p thi\u1ebft b\u1ecb v\u00e0 c\u00e1c th\u00f4ng s\u1ed1 c\u1ee7a camera A500S. Qu\u00fd kh\u00e1ch h\u00e0ng c\u00f3 th\u1ec3 d\u1ec5 d\u00e0ng nh\u1eadn bi\u1ebft \u0111\u01b0\u1ee3c b\u1ea3n Qu\u1ed1c T\u1ebf hay N\u1ed9i \u0111\u1ecba<\/p>\n<div class=\"wp-block-image\">\n<figure class=\"aligncenter size-large is-resized\"><img loading=\"lazy\" decoding=\"async\" class=\"alignnone size-full wp-image-1294\" src=\"https:\/\/autothaiduong.vn\/wp-content\/uploads\/2025\/05\/Phan-biet-70mai-A500S-Quoc-te-va-noi-dia-854x1024-1.jpg\" alt=\"\" width=\"854\" height=\"1024\" srcset=\"https:\/\/autothaiduong.vn\/wp-content\/uploads\/2025\/05\/Phan-biet-70mai-A500S-Quoc-te-va-noi-dia-854x1024-1.jpg 854w, https:\/\/autothaiduong.vn\/wp-content\/uploads\/2025\/05\/Phan-biet-70mai-A500S-Quoc-te-va-noi-dia-854x1024-1-500x600.jpg 500w, https:\/\/autothaiduong.vn\/wp-content\/uploads\/2025\/05\/Phan-biet-70mai-A500S-Quoc-te-va-noi-dia-854x1024-1-768x921.jpg 768w, https:\/\/autothaiduong.vn\/wp-content\/uploads\/2025\/05\/Phan-biet-70mai-A500S-Quoc-te-va-noi-dia-854x1024-1-600x719.jpg 600w\" sizes=\"auto, (max-width: 854px) 100vw, 854px\" \/><\/figure>\n<\/div>\n","protected":false},"excerpt":{"rendered":"<p>\u2022 Ghi h\u00ecnh r\u00f5 n\u00e9t hai k\u00eanh \u2013 Camera tr\u01b0\u1edbc 1944P HD + camera sau 1080P cung c\u1ea5p kh\u1ea3 n\u0103ng b\u1ea3o v\u1ec7 to\u00e0n di\u1ec7n, \u0111\u1eb7c bi\u1ec7t l\u00e0 trong c\u00e1c tranh ch\u1ea5p va ch\u1ea1m t\u1eeb ph\u00eda sau.<\/p>\n<p>\u2022 1944P HD v\u00e0 70mai Night Owl Vision \u2013 g\u1ea5p 2,5 l\u1ea7n c\u00e1c thu\u1eadt to\u00e1n x\u1eed l\u00fd h\u00ecnh \u1ea3nh 1080P &amp; 3D DNR + WDR ph\u1ed1i h\u1ee3p v\u1edbi nhau \u0111\u1ec3 \u0111\u1ea1t \u0111\u01b0\u1ee3c t\u1ea7m nh\u00ecn v\u01b0\u1ee3t tr\u1ed9i c\u1ea3 ng\u00e0y.<\/p>\n<p>\u2022 Gi\u00e1m S\u00e1t B\u00e3i \u0110\u1eadu Xe Th\u00f4<\/p>\n","protected":false},"featured_media":1282,"comment_status":"open","ping_status":"closed","template":"","meta":[],"product_brand":[126],"product_cat":[76],"product_tag":[],"class_list":{"0":"post-1281","1":"product","2":"type-product","3":"status-publish","4":"has-post-thumbnail","6":"product_brand-70mai","7":"product_cat-camera-hanh-trinh","9":"first","10":"instock","11":"shipping-taxable","12":"purchasable","13":"product-type-simple"},"_links":{"self":[{"href":"https:\/\/autothaiduong.vn\/index.php?rest_route=\/wp\/v2\/product\/1281","targetHints":{"allow":["GET"]}}],"collection":[{"href":"https:\/\/autothaiduong.vn\/index.php?rest_route=\/wp\/v2\/product"}],"about":[{"href":"https:\/\/autothaiduong.vn\/index.php?rest_route=\/wp\/v2\/types\/product"}],"replies":[{"embeddable":true,"href":"https:\/\/autothaiduong.vn\/index.php?rest_route=%2Fwp%2Fv2%2Fcomments&post=1281"}],"wp:featuredmedia":[{"embeddable":true,"href":"https:\/\/autothaiduong.vn\/index.php?rest_route=\/wp\/v2\/media\/1282"}],"wp:attachment":[{"href":"https:\/\/autothaiduong.vn\/index.php?rest_route=%2Fwp%2Fv2%2Fmedia&parent=1281"}],"wp:term":[{"taxonomy":"product_brand","embeddable":true,"href":"https:\/\/autothaiduong.vn\/index.php?rest_route=%2Fwp%2Fv2%2Fproduct_brand&post=1281"},{"taxonomy":"product_cat","embeddable":true,"href":"https:\/\/autothaiduong.vn\/index.php?rest_route=%2Fwp%2Fv2%2Fproduct_cat&post=1281"},{"taxonomy":"product_tag","embeddable":true,"href":"https:\/\/autothaiduong.vn\/index.php?rest_route=%2Fwp%2Fv2%2Fproduct_tag&post=1281"}],"curies":[{"name":"wp","href":"https:\/\/api.w.org\/{rel}","templated":true}]}}