{"id":1321,"date":"2025-05-12T07:40:46","date_gmt":"2025-05-12T07:40:46","guid":{"rendered":"https:\/\/autothaiduong.vn\/?post_type=product&#038;p=1321"},"modified":"2025-05-12T07:40:46","modified_gmt":"2025-05-12T07:40:46","slug":"camera-3-mat-elliview-y5-premium-170-do","status":"publish","type":"product","link":"https:\/\/autothaiduong.vn\/?product=camera-3-mat-elliview-y5-premium-170-do","title":{"rendered":"Camera 3 m\u1eaft Elliview Y5 Premium 170 \u0111\u1ed9"},"content":{"rendered":"<p><img loading=\"lazy\" decoding=\"async\" class=\" wp-image-1044 aligncenter\" src=\"https:\/\/autothaiduong.vn\/wp-content\/uploads\/2025\/05\/z6584734442481_f208f5944548cb4b46353402ce2e64e0.jpg\" alt=\"\" width=\"291\" height=\"258\" \/><\/p>\n<p style=\"text-align: center;\"><span style=\"color: #ff0000; font-size: 150%;\"><strong>273-275 Tr\u1ea7n Ph\u00fa Ph\u01b0\u1eddng L\u1ed9c S\u01a1n Th\u00e0nh Ph\u1ed1 B\u1ea3o L\u1ed9c T\u1ec9nh L\u00e2m \u0110\u1ed3ng <\/strong><\/span><\/p>\n<p style=\"text-align: center;\"><span style=\"color: #ff0000; font-size: 150%;\"><strong>Hotline: 0912197441<\/strong><\/span><\/p>\n<ul>\n<li aria-level=\"1\">Hi\u1ec3n th\u1ecb ngay tr\u00ean m\u00e0n h\u00ecnh nguy\u00ean b\u1ea3n c\u1ee7a x\u1ebf h\u1ed9p ho\u1eb7c m\u00e0n Android.<\/li>\n<li aria-level=\"1\">Ch\u1ea5t l\u01b0\u1ee3ng camera s\u1eafc n\u00e9t c\u0103n chu\u1ea9n t\u1eebng g\u00f3c \u0111\u1ed9.<\/li>\n<li>\u0110\u1ed9 r\u1ed9ng c\u1ee7a g\u00f3c camera 170 \u0111\u1ed9 v\u1edbi quan s\u00e1t c\u1ef1c r\u1ed9ng.<\/li>\n<li aria-level=\"1\">Kh\u1ea3 n\u0103ng gh\u00e9p t\u1eeb 1 \u2013 2 -3 \u2013 4 g\u00f3c cam tr\u00ean m\u1ed9t m\u00e0n h\u00ecnh zin xe.<\/li>\n<li aria-level=\"1\">Hi\u1ec3n th\u1ecb g\u00f3c cam chu\u1ea9n theo thao t\u00e1c l\u00e1i.<\/li>\n<li aria-level=\"1\">M\u1edf \u2013 \u0111i\u1ec1u khi\u1ec3n c\u00e1c g\u00f3c cam theo y\u00eau c\u1ea7u v\u1edbi n\u00fat b\u1ea5m \u1edf v\u00f4 l\u0103ng ch\u1ec9 c\u00f3 \u1edf ICAR.<\/li>\n<li aria-level=\"1\">T\u1ef1 \u0111\u1ed9ng b\u1eadt camera khi c\u1ea3m bi\u1ebfn \u0111\u1ed7 xe ph\u00e1t hi\u1ec7n v\u1eadt c\u1ea3n.<\/li>\n<li aria-level=\"1\">T\u1eadn d\u1ee5ng cam l\u00f9i xe, k\u1ebft h\u1ee3p th\u00e0nh cam 360 \u0111\u1ed9 xung quanh xe.<\/li>\n<li aria-level=\"1\">C\u1eafm jack zin 100%.<\/li>\n<li aria-level=\"1\">L\u1eafp \u0111\u1eb7t thi c\u00f4ng nhanh ch\u00f3ng, ti\u1ebft ki\u1ec7m th\u1eddi gian.<\/li>\n<li aria-level=\"1\">Ti\u1ebft ki\u1ec7m chi ph\u00ed t\u1ed1i \u01b0u.<\/li>\n<li aria-level=\"1\">B\u1ea3o h\u00e0nh 2 n\u0103m.<\/li>\n<\/ul>\n","protected":false},"excerpt":{"rendered":"<p>Hi\u1ec3n th\u1ecb ngay tr\u00ean m\u00e0n zin x\u1ebf h\u1ed9p, c\u1eafm jack zin ho\u00e0n to\u00e0n v\u1edbi th\u1eddi gian l\u1eafp \u0111\u1eb7t nhanh ch\u00f3ng h\u01a1n nhi\u1ec1u so v\u1edbi camera 360 \u0111\u1ed9, camera 3 m\u1eaft Elliview Y5 Premium g\u00f3c quan s\u00e1t 150 \u0111\u1ed9 v\u1edbi kh\u1ea3 n\u0103ng gh\u00e9p 1-2-3-4 h\u00ecnh c\u00f9ng tr\u00ean m\u1ed9t giao di\u1ec7n m\u00e0n h\u00ecnh zin k\u1ebft h\u1ee3p v\u1edbi camera l\u00f9i nguy\u00ean b\u1ea3n c\u1ee7a xe tr\u1edf th\u00e0nh m\u1ea3nh gh\u00e9p ho\u00e0n h\u1ea3o t\u1ea1o n\u00ean b\u1ed9 camera 360 \u0111\u1ed9 v\u1edbi g\u00f3c cam s\u1eafc n\u00e9t, c\u0103n chu\u1ea9n t\u1eebng cm, h\u1ed7 tr\u1ee3 an to\u00e0n cho ch\u1ee7 nh\u00e2n khi v\u00e0o ng\u00f5 h\u1eb9p, \u0111\u01b0\u1eddng \u0111\u00f4ng hay c\u1eadp l\u1ec1, l\u00f9i chu\u1ed3ng, mang \u0111\u1ebfn tr\u1ea3i nghi\u1ec7m l\u00e1i an to\u00e0n, to\u00e0n di\u1ec7n v\u1edbi chi ph\u00ed t\u1ed1i \u01b0u nh\u1ea5t.<\/p>\n","protected":false},"featured_media":1322,"comment_status":"open","ping_status":"closed","template":"","meta":[],"product_brand":[119],"product_cat":[82],"product_tag":[],"class_list":{"0":"post-1321","1":"product","2":"type-product","3":"status-publish","4":"has-post-thumbnail","6":"product_brand-icar","7":"product_cat-camera-3-mat","9":"first","10":"instock","11":"shipping-taxable","12":"purchasable","13":"product-type-simple"},"_links":{"self":[{"href":"https:\/\/autothaiduong.vn\/index.php?rest_route=\/wp\/v2\/product\/1321","targetHints":{"allow":["GET"]}}],"collection":[{"href":"https:\/\/autothaiduong.vn\/index.php?rest_route=\/wp\/v2\/product"}],"about":[{"href":"https:\/\/autothaiduong.vn\/index.php?rest_route=\/wp\/v2\/types\/product"}],"replies":[{"embeddable":true,"href":"https:\/\/autothaiduong.vn\/index.php?rest_route=%2Fwp%2Fv2%2Fcomments&post=1321"}],"wp:featuredmedia":[{"embeddable":true,"href":"https:\/\/autothaiduong.vn\/index.php?rest_route=\/wp\/v2\/media\/1322"}],"wp:attachment":[{"href":"https:\/\/autothaiduong.vn\/index.php?rest_route=%2Fwp%2Fv2%2Fmedia&parent=1321"}],"wp:term":[{"taxonomy":"product_brand","embeddable":true,"href":"https:\/\/autothaiduong.vn\/index.php?rest_route=%2Fwp%2Fv2%2Fproduct_brand&post=1321"},{"taxonomy":"product_cat","embeddable":true,"href":"https:\/\/autothaiduong.vn\/index.php?rest_route=%2Fwp%2Fv2%2Fproduct_cat&post=1321"},{"taxonomy":"product_tag","embeddable":true,"href":"https:\/\/autothaiduong.vn\/index.php?rest_route=%2Fwp%2Fv2%2Fproduct_tag&post=1321"}],"curies":[{"name":"wp","href":"https:\/\/api.w.org\/{rel}","templated":true}]}}