{"id":1325,"date":"2025-05-12T07:44:23","date_gmt":"2025-05-12T07:44:23","guid":{"rendered":"https:\/\/autothaiduong.vn\/?post_type=product&#038;p=1325"},"modified":"2025-05-12T07:44:23","modified_gmt":"2025-05-12T07:44:23","slug":"camera-360-do-elliview-v5mx-danh-cho-mitsubishi-xforce","status":"publish","type":"product","link":"https:\/\/autothaiduong.vn\/?product=camera-360-do-elliview-v5mx-danh-cho-mitsubishi-xforce","title":{"rendered":"Camera 360 \u0111\u1ed9 Elliview V5MX d\u00e0nh cho Mitsubishi Xforce"},"content":{"rendered":"<p><img loading=\"lazy\" decoding=\"async\" class=\" wp-image-1044 aligncenter\" src=\"https:\/\/autothaiduong.vn\/wp-content\/uploads\/2025\/05\/z6584734442481_f208f5944548cb4b46353402ce2e64e0.jpg\" alt=\"\" width=\"272\" height=\"241\" \/><\/p>\n<p style=\"text-align: center;\"><span style=\"color: #ff0000; font-size: 150%;\"><strong>273-275 Tr\u1ea7n Ph\u00fa Ph\u01b0\u1eddng L\u1ed9c S\u01a1n Th\u00e0nh Ph\u1ed1 B\u1ea3o L\u1ed9c T\u1ec9nh L\u00e2m \u0110\u1ed3ng <\/strong><\/span><\/p>\n<p style=\"text-align: center;\"><span style=\"color: #ff0000; font-size: 150%;\"><strong>Hotline: 0912197441<\/strong><\/span><\/p>\n<ul>\n<li>\u0110a d\u1ea1ng g\u00f3c nh\u00ecn v\u1edbi 8 g\u00f3c quan s\u00e1t.<\/li>\n<li>Camera si\u00eau n\u00e9t 1280\u00d7720.<\/li>\n<li>\u0110i\u1ec1u khi\u1ec3n c\u1ea3m \u1ee9ng tr\u00ean m\u00e0n h\u00ecnh zin xe.<\/li>\n<li>T\u1eaft v\u1ea1ch l\u00f9i zin c\u1ee7a xe.<\/li>\n<li>T\u00f9y ch\u1ec9nh ghi h\u00ecnh khi \u0111\u1ed7 xe (L\u01b0u tr\u1eef b\u1eb1ng USB).<\/li>\n<li>Hi\u1ec3n th\u1ecb h\u00ecnh \u1ea3nh 2D\/3D\/5D.<\/li>\n<li>H\u1ed7 tr\u1ee3 \u0111\u00e1nh l\u00e1i theo v\u00f4 l\u0103ng.<\/li>\n<li>T\u00f9y ch\u1ec9nh b\u1eadt\/t\u1eaft camera theo t\u1ed1c \u0111\u1ed9 xe.<\/li>\n<li>\u0110i\u1ec1u khi\u1ec3n d\u1ec5 d\u00e0ng b\u1eb1ng Remote ho\u1eb7c n\u00fat b\u1ea5m Bluetooth.<\/li>\n<li>Giao di\u1ec7n ho\u00e0n to\u00e0n b\u1eb1ng ti\u1ebfng Vi\u1ec7t d\u1ec5 s\u1eed d\u1ee5ng.<\/li>\n<li>L\u1eafp \u0111\u1eb7t jack zin.<\/li>\n<li>D\u00e0nh ri\u00eang cho Mitsubishi Xforce Premium.<\/li>\n<li>B\u1ea3o h\u00e0nh 24 th\u00e1ng.<\/li>\n<\/ul>\n","protected":false},"excerpt":{"rendered":"<p>\u0110a d\u1ea1ng g\u00f3c nh\u00ecn v\u1edbi 8 g\u00f3c quan s\u00e1t c\u00f3 th\u1ec3 xem d\u01b0\u1edbi nhi\u1ec1u ch\u1ebf \u0111\u1ed9 2D, 3D v\u00e0 c\u1ea3 5D v\u00f4 c\u00f9ng s\u1eafc n\u00e9t, camera 360 \u0111\u1ed9 Elliview V5MX \u0111i k\u00e8m nhi\u1ec1u t\u00ednh n\u0103ng ti\u1ec7n \u00edch nh\u01b0 h\u1ed7 tr\u1ee3 ghi h\u00ecnh \u0111\u1ed7 xe, h\u1ed7 tr\u1ee3 \u0111\u00e1nh l\u00e1i theo v\u00f4 l\u0103ng tr\u01b0\u1edbc sau v\u00e0 \u0111i\u1ec1u khi\u1ec3n camera b\u1eb1ng c\u1ea3m \u1ee9ng tr\u00ean m\u00e0n h\u00ecnh. \u0110\u00e2y l\u00e0 ph\u1ee5 ki\u1ec7n kh\u00f4ng th\u1ec3 thi\u1ebfu gi\u00fap ch\u1ee7 nh\u00e2n Mitsubishi Xforce Premium l\u00e1i xe an to\u00e0n, \u0111\u1eb7c bi\u1ec7t trong khu v\u1ef1c d\u00e2n c\u01b0 \u0111\u00f4ng \u0111\u00fac. V\u1edbi nh\u1eefng c\u1ea3i ti\u1ebfn v\u01b0\u1ee3t tr\u1ed9i, ch\u1ee7 nh\u00e2n Mitsubishi Xforce Premium khi l\u1eafp \u0111\u1eb7t camera ICAR Elliview V5MX c\u00f3 th\u1ec3 quan s\u00e1t to\u00e0n b\u1ed9 xung quanh xe d\u1ec5 d\u00e0ng m\u00e0 kh\u00f4ng b\u1ecb v\u1ea1ch l\u00f9i zin c\u1ee7a xe c\u1ea3n tr\u1edf, mang l\u1ea1i s\u1ef1 tho\u1ea3i m\u00e1i v\u00e0 ti\u1ec7n l\u1ee3i h\u01a1n so v\u1edbi c\u00e1c d\u00f2ng camera kh\u00e1c tr\u00ean th\u1ecb tr\u01b0\u1eddng.<\/p>\n","protected":false},"featured_media":1326,"comment_status":"open","ping_status":"closed","template":"","meta":[],"product_brand":[119],"product_cat":[82,72,22,128],"product_tag":[],"class_list":{"0":"post-1325","1":"product","2":"type-product","3":"status-publish","4":"has-post-thumbnail","6":"product_brand-icar","7":"product_cat-camera-3-mat","8":"product_cat-danh-muc-xe","9":"product_cat-do-choi-xe","10":"product_cat-mitshubishi","12":"first","13":"instock","14":"shipping-taxable","15":"purchasable","16":"product-type-simple"},"_links":{"self":[{"href":"https:\/\/autothaiduong.vn\/index.php?rest_route=\/wp\/v2\/product\/1325","targetHints":{"allow":["GET"]}}],"collection":[{"href":"https:\/\/autothaiduong.vn\/index.php?rest_route=\/wp\/v2\/product"}],"about":[{"href":"https:\/\/autothaiduong.vn\/index.php?rest_route=\/wp\/v2\/types\/product"}],"replies":[{"embeddable":true,"href":"https:\/\/autothaiduong.vn\/index.php?rest_route=%2Fwp%2Fv2%2Fcomments&post=1325"}],"wp:featuredmedia":[{"embeddable":true,"href":"https:\/\/autothaiduong.vn\/index.php?rest_route=\/wp\/v2\/media\/1326"}],"wp:attachment":[{"href":"https:\/\/autothaiduong.vn\/index.php?rest_route=%2Fwp%2Fv2%2Fmedia&parent=1325"}],"wp:term":[{"taxonomy":"product_brand","embeddable":true,"href":"https:\/\/autothaiduong.vn\/index.php?rest_route=%2Fwp%2Fv2%2Fproduct_brand&post=1325"},{"taxonomy":"product_cat","embeddable":true,"href":"https:\/\/autothaiduong.vn\/index.php?rest_route=%2Fwp%2Fv2%2Fproduct_cat&post=1325"},{"taxonomy":"product_tag","embeddable":true,"href":"https:\/\/autothaiduong.vn\/index.php?rest_route=%2Fwp%2Fv2%2Fproduct_tag&post=1325"}],"curies":[{"name":"wp","href":"https:\/\/api.w.org\/{rel}","templated":true}]}}