{"id":1327,"date":"2025-05-12T08:22:07","date_gmt":"2025-05-12T08:22:07","guid":{"rendered":"https:\/\/autothaiduong.vn\/?post_type=product&#038;p=1327"},"modified":"2025-05-12T08:22:18","modified_gmt":"2025-05-12T08:22:18","slug":"sub-gam-ghe-pioneer-ts-wh500a","status":"publish","type":"product","link":"https:\/\/autothaiduong.vn\/?product=sub-gam-ghe-pioneer-ts-wh500a","title":{"rendered":"SUB G\u1ea6M GH\u1ebe PIONEER TS-WH500A"},"content":{"rendered":"<p><img loading=\"lazy\" decoding=\"async\" class=\" wp-image-1044 aligncenter\" src=\"https:\/\/autothaiduong.vn\/wp-content\/uploads\/2025\/05\/z6584734442481_f208f5944548cb4b46353402ce2e64e0.jpg\" alt=\"\" width=\"289\" height=\"256\" \/><\/p>\n<p style=\"text-align: center;\"><span style=\"font-size: 150%;\"><strong><span style=\"color: #ff0000;\">273-275 Tr\u1ea7n Ph\u00fa Ph\u01b0\u1eddng L\u1ed9c S\u01a1n Th\u00e0nh Ph\u1ed1 B\u1ea3o L\u1ed9c T\u1ec9nh L\u00e2m \u0110\u1ed3ng<\/span><\/strong><\/span><\/p>\n<p style=\"text-align: center;\"><span style=\"font-size: 150%;\"><strong><span style=\"color: #ff0000;\"> Hotline: 0912197441<\/span><\/strong><\/span><\/p>\n<h2><strong>SUB G\u1ea6M GH\u1ebe PIONEER TS-WH500A\u00a0<\/strong>CHO \u00d4 T\u00d4<\/h2>\n<p>Hi\u1ec7n nay, tr\u00ean th\u1ecb tr\u01b0\u1eddng ph\u1ee5 ki\u1ec7n, \u0111\u1ed3 ch\u01a1i \u00f4 t\u00f4 c\u00f3 kh\u00f4ng \u00edt nh\u1eefng b\u1ed9 loa sub ph\u1ee5c v\u1ee5 cho nhu c\u1ea7u gi\u1ea3i tr\u00ed trong xe. Trong s\u1ed1 \u0111\u00f3 c\u00f3\u00a0<strong>Sub g\u1ea7m gh\u1ebf Pioneer TS-WH500A<\/strong>\u00a0cho \u00f4 t\u00f4, ch\u00fang \u0111\u01b0\u1ee3c x\u1ebfp v\u00e0o h\u00e0ng cao c\u1ea5p b\u1edfi kh\u1ea3 n\u0103ng gi\u1ea3m thi\u1ec3u c\u00f4ng su\u1ea5t l\u00e0m vi\u1ec7c c\u1ee7a loa zin theo xe v\u00e0 t\u1ea1o th\u00eam nh\u1eefng hi\u1ec7u \u1ee9ng \u00e2m thanh m\u1ea1nh m\u1ebd, mang \u0111\u1ebfn kh\u00f4ng gian d\u1ec5 ch\u1ecbu, th\u00edch th\u00fa cho m\u1ecdi th\u00e0nh vi\u00ean.<\/p>\n<p>Hi\u1ec7n d\u00f2ng s\u1ea3n ph\u1ea9m ti\u1ec7n \u00edch n\u00e0y \u0111ang \u0111\u01b0\u1ee3c c\u00f4ng ty ch\u00fang t\u00f4i nh\u1eadp kh\u1ea9u tr\u1ef1c ti\u1ebfp v\u00e0 cung \u1ee9ng v\u1edbi m\u1ee9c gi\u00e1 h\u1ee3p l\u00fd, \u0111\u00e1p \u1ee9ng \u0111\u1ea7y \u0111\u1ee7 nh\u1eefng y\u00eau c\u1ea7u theo ti\u00eau chu\u1ea9n c\u1ee7a h\u00e3ng.<\/p>\n<p>&nbsp;<\/p>\n<p><img loading=\"lazy\" decoding=\"async\" class=\"alignnone size-full wp-image-1329\" src=\"https:\/\/autothaiduong.vn\/wp-content\/uploads\/2025\/05\/5161_0_loa_gam_ghe_wh500a_1.jpg\" alt=\"LOA SUB G\u1ea6M GH\u1ebe PIONEER TS-WH500A\" width=\"900\" height=\"600\" srcset=\"https:\/\/autothaiduong.vn\/wp-content\/uploads\/2025\/05\/5161_0_loa_gam_ghe_wh500a_1.jpg 900w, https:\/\/autothaiduong.vn\/wp-content\/uploads\/2025\/05\/5161_0_loa_gam_ghe_wh500a_1-600x400.jpg 600w, https:\/\/autothaiduong.vn\/wp-content\/uploads\/2025\/05\/5161_0_loa_gam_ghe_wh500a_1-768x512.jpg 768w\" sizes=\"auto, (max-width: 900px) 100vw, 900px\" \/><\/p>\n<p>&nbsp;<\/p>\n<h2><strong>Sub G\u1ea7m Gh\u1ebf Pioneer TS-WH500A Cho \u00d4 T\u00f4 T\u1ea1i Tp.B\u1ea3o L\u1ed9c\u00a0<\/strong><\/h2>\n<h2><\/h2>\n<p>Th\u00f4ng s\u1ed1 k\u1ef9 thu\u1eadt c\u1ee7a Loa Sub Pioneer TS-WH500A:<\/p>\n<p>&#8211; K\u00edch th\u01b0\u1edbc: 8-1\/4\u2019\u2019<\/p>\n<p>&#8211; C\u00f4ng su\u1ea5t t\u1ed1i \u0111a: 150W<\/p>\n<p>&#8211; C\u00f4ng su\u1ea5t th\u1ef1c: 50W<\/p>\n<p>&#8211; \u0110\u1ed9 s\u00e2u: 2-3\/8\u2019\u2019<\/p>\n<p>&#8211; Tr\u1edf kh\u00e1ng: 4\u03a9<\/p>\n<h2><strong>Sub G\u1ea7m Gh\u1ebf Pioneer TS-WH500A Cho \u00d4 T\u00f4 Ch\u00ednh H\u00e3ng<\/strong><\/h2>\n<p>&#8211; \u0110\u1ed9 nh\u1ea1y: 98dB<\/p>\n<p>&#8211; Th\u00e0nh ph\u1ea7n v\u00f2m: cao su<\/p>\n<p>&#8211; \u0110\u00e1p \u1ee9ng t\u1ea7n s\u1ed1 20Hz-20kHz<\/p>\n<p>&#8211; Tr\u1ecdng l\u01b0\u1ee3ng: 4.5kg<\/p>\n<h2><strong>Sub G\u1ea7m Gh\u1ebf Pioneer TS-WH500A Cho \u00d4 T\u00f4 Cao C\u1ea5p<\/strong><\/h2>\n<p>&#8211; Thi\u1ebft k\u1ebf h\u00ecnh n\u00f3n l\u00e0m b\u1eb1ng ch\u1ea5t li\u1ec7u polymer \u0111\u00e0n h\u1ed3i t\u1ed1t.<\/p>\n<p>&#8211; \u1ee8ng d\u1ee5ng c\u00f4ng ngh\u1ec7 HVT cho \u00e2m thanh ch\u00e2n th\u1eadt, m\u1ea1nh m\u1ebd, ph\u1ea1m vi \u00e2m tr\u1ea7m r\u1ed9ng h\u01a1n.<\/p>\n<p>&#8211; Cho ph\u00e9p c\u00e1c cu\u1ed9n d\u00e2y nam ch\u00e2m v\u00e0 cu\u1ed9n d\u00e2y tho\u1ea1i \u1edf b\u00ean tr\u00e1i v\u00e0 ph\u1ea3i c\u1ee7a m\u00e0ng loa.<\/p>\n<p>&#8211; Nh\u1edd thi\u1ebft k\u1ebf m\u1ecfng, TS-WH500A c\u00f3 th\u1ec3 s\u1eed d\u1ee5ng m\u00e0 kh\u00f4ng c\u1ea7n th\u00eam loa si\u00eau tr\u1ea7m d\u00f9 c\u00f3 \u0111\u1ed9 s\u00e2u c\u1ea1n.<\/p>\n","protected":false},"excerpt":{"rendered":"<p>Th\u00f4ng s\u1ed1 k\u1ef9 thu\u1eadt c\u1ee7a Loa Sub Pioneer TS-WH500A:<\/p>\n<p>&#8211; K\u00edch th\u01b0\u1edbc: 8-1\/4\u2019\u2019<\/p>\n<p>&#8211; C\u00f4ng su\u1ea5t t\u1ed1i \u0111a: 150W<\/p>\n<p>&#8211; C\u00f4ng su\u1ea5t th\u1ef1c: 50W<\/p>\n<p>&#8211; \u0110\u1ed9 s\u00e2u: 2-3\/8\u2019\u2019<\/p>\n<p>&#8211; Tr\u1edf kh\u00e1ng: 4\u03a9<\/p>\n","protected":false},"featured_media":1328,"comment_status":"open","ping_status":"closed","template":"","meta":[],"product_brand":[117],"product_cat":[19,97],"product_tag":[],"class_list":{"0":"post-1327","1":"product","2":"type-product","3":"status-publish","4":"has-post-thumbnail","6":"product_brand-pioneer","7":"product_cat-am-thanh","8":"product_cat-sub-dien","10":"first","11":"instock","12":"sale","13":"shipping-taxable","14":"purchasable","15":"product-type-simple"},"_links":{"self":[{"href":"https:\/\/autothaiduong.vn\/index.php?rest_route=\/wp\/v2\/product\/1327","targetHints":{"allow":["GET"]}}],"collection":[{"href":"https:\/\/autothaiduong.vn\/index.php?rest_route=\/wp\/v2\/product"}],"about":[{"href":"https:\/\/autothaiduong.vn\/index.php?rest_route=\/wp\/v2\/types\/product"}],"replies":[{"embeddable":true,"href":"https:\/\/autothaiduong.vn\/index.php?rest_route=%2Fwp%2Fv2%2Fcomments&post=1327"}],"wp:featuredmedia":[{"embeddable":true,"href":"https:\/\/autothaiduong.vn\/index.php?rest_route=\/wp\/v2\/media\/1328"}],"wp:attachment":[{"href":"https:\/\/autothaiduong.vn\/index.php?rest_route=%2Fwp%2Fv2%2Fmedia&parent=1327"}],"wp:term":[{"taxonomy":"product_brand","embeddable":true,"href":"https:\/\/autothaiduong.vn\/index.php?rest_route=%2Fwp%2Fv2%2Fproduct_brand&post=1327"},{"taxonomy":"product_cat","embeddable":true,"href":"https:\/\/autothaiduong.vn\/index.php?rest_route=%2Fwp%2Fv2%2Fproduct_cat&post=1327"},{"taxonomy":"product_tag","embeddable":true,"href":"https:\/\/autothaiduong.vn\/index.php?rest_route=%2Fwp%2Fv2%2Fproduct_tag&post=1327"}],"curies":[{"name":"wp","href":"https:\/\/api.w.org\/{rel}","templated":true}]}}