{"id":1331,"date":"2025-05-12T08:25:27","date_gmt":"2025-05-12T08:25:27","guid":{"rendered":"https:\/\/autothaiduong.vn\/?post_type=product&#038;p=1331"},"modified":"2025-05-12T08:25:27","modified_gmt":"2025-05-12T08:25:27","slug":"sub-dien-rainbow-mk2-el-w68a-lap-gam-ghe-xe","status":"publish","type":"product","link":"https:\/\/autothaiduong.vn\/?product=sub-dien-rainbow-mk2-el-w68a-lap-gam-ghe-xe","title":{"rendered":"Sub \u0111i\u1ec7n Rainbow MK2 EL-W68A l\u1eafp g\u1ea7m gh\u1ebf xe"},"content":{"rendered":"<p><img loading=\"lazy\" decoding=\"async\" class=\" wp-image-1044 aligncenter\" src=\"https:\/\/autothaiduong.vn\/wp-content\/uploads\/2025\/05\/z6584734442481_f208f5944548cb4b46353402ce2e64e0.jpg\" alt=\"\" width=\"278\" height=\"246\" \/><\/p>\n<p style=\"text-align: center;\"><span style=\"font-size: 150%;\"><strong><span style=\"color: #ff0000;\">273-275 Tr\u1ea7n Ph\u00fa Ph\u01b0\u1eddng L\u1ed9c S\u01a1n Th\u00e0nh Ph\u1ed1 B\u1ea3o L\u1ed9c T\u1ec9nh L\u00e2m \u0110\u1ed3ng <\/span><\/strong><\/span><\/p>\n<p style=\"text-align: center;\"><span style=\"font-size: 150%;\"><strong><span style=\"color: #ff0000;\">Hotline: 0912197441<\/span><\/strong><\/span><\/p>\n<p><strong><a title=\"Loa Rainbow EL-W68A MK2\" href=\"https:\/\/thienphuauto.com\/sub-rainbow-mk2-el-w68a.html\" target=\"_blank\" rel=\"noopener\">Loa Rainbow EL-W68A MK2<\/a><\/strong>\u00a0tuy c\u00f3 gi\u00e1 th\u00e0nh r\u1ebb nh\u01b0ng gi\u00fap c\u00e1c d\u00f2ng xe ph\u1ed5 th\u00f4ng gi\u1ea3i quy\u1ebft b\u00e0i to\u00e1n \u00e2m bass y\u1ebfu, m\u1ecfng, kh\u00f4ng c\u00f3 l\u1ef1c, th\u1eadm ch\u00ed c\u00f3 nh\u1eefng \u0111o\u1ea1n nh\u1ea1c kh\u00f4ng c\u00f3 \u00e2m tr\u1ea7m. \u0110\u01b0\u1ee3c thi\u1ebft k\u1ebf v\u00e0 s\u1ea3n xu\u1ea5t t\u1ea1i \u0110\u1ee9c loa Rainbow MK2 mang \u0111\u1ebfn \u00e2m thanh chuy\u00ean s\u00e2u, ch\u1ea5t l\u01b0\u1ee3ng c\u1ee7a Ch\u00e2u \u00c2u.<\/p>\n<p>&nbsp;<\/p>\n<p><em>C\u1ea5u h\u00ecnh \u00e2m thanh xe c\u00f3\u00a0Rainbow MK2 EL-W68A<\/em><\/p>\n<h3>1. V\u00ec sao n\u00ean ch\u1ecdn loa sub Rainbow MK2 cho xe ?<\/h3>\n<p>V\u1edbi vi\u1ec7c \u00e2m bass tr\u00ean h\u1ec7 th\u1ed1ng nguy\u00ean b\u1ea3n xe y\u1ebfu, m\u1ecfng, thi\u1ebfu l\u1ef1c, kh\u00f3 nghe r\u00f5 trong xe v\u00ec th\u1ebf gi\u1ea3i ph\u00e1p \u0111\u01b0\u1ee3c \u0111\u01b0a ra l\u00e0 ch\u1ecdn loa sub \u0111\u1ec3 b\u1ed5 sung \u00e2m tr\u1ea7m ngay cho xe. Tr\u00ean th\u1ecb tr\u01b0\u1eddng c\u00f3 nhi\u1ec1u d\u00f2ng loa sub\u00a0tuy nhi\u00ean\u00a0Rainbow EL-W68A MK2 \u0111\u01b0\u1ee3c nhi\u1ec1u chuy\u00ean gia \u00e2m thanh tin t\u01b0\u1edfng ch\u1ecdn l\u1ef1a v\u1edbi nh\u1eefng l\u00fd do:<\/p>\n<p>&#8211; C\u1ea3i thi\u1ec7n \u0111\u00e1ng k\u1ec3 ch\u1ea5t l\u01b0\u1ee3ng \u00e2m thanh cho xe khi b\u1ed5 sung d\u1ea3i \u00e2m tr\u1ea7m m\u1ea1nh m\u1ebd.<\/p>\n<p>&nbsp;<\/p>\n<p>&#8211; Thi\u1ebft k\u1ebf nh\u1ecf g\u1ecdn, vu\u00f4ng v\u1ee9c \u0111\u1eb7t l\u1ecdt l\u00f2ng g\u1ea7m gh\u1ebf xe.<\/p>\n<p>&#8211; \u00c2m bass s\u00e2u, d\u1ec5 d\u00e0ng t\u00f9y ch\u1ec9nh.<\/p>\n<p>&#8211; S\u1ea3n xu\u1ea5t t\u1ea1i \u0110\u1ee9c v\u00e0 l\u00e0 m\u1ed9t trong nh\u1eefng h\u00e3ng \u00e2m thanh l\u00e2u \u0111\u1eddi nh\u1ea5t Ch\u00e2u \u00c2u.<\/p>\n<p>&#8211; Gi\u00e1 th\u00e0nh h\u1ee3p l\u00fd d\u00e0nh cho xe ph\u1ed5 th\u00f4ng c\u00f9ng v\u1edbi tu\u1ed5i th\u1ecd b\u1ec1n b\u1ec9.<\/p>\n<h3>2.\u00a0Ph\u00e2n t\u00edch v\u1ec1 th\u00f4ng s\u1ed1 k\u1ef9 thu\u1eadt<\/h3>\n<p>Rainbow EL-W68A MK2 \u0111ang d\u1ea7n n\u1eb1m trong top\u00a0<a title=\"loa \u00f4 t\u00f4\" href=\"https:\/\/thienphuauto.com\/do-loa-o-to-am-thanh-xe-hoi.html\" target=\"_blank\" rel=\"noopener\">loa \u00f4 t\u00f4<\/a>\u00a0\u0111\u01b0\u1ee3c y\u00eau th\u00edch nh\u1ea5t khi n\u00f3 c\u00f3 c\u00f4ng su\u1ea5t\u00a0<strong>120W<\/strong>\u00a0gi\u00fap cung c\u1ea5p \u00e2m tr\u1ea7m cho c\u1ea3 kh\u00f4ng gian xe. Sau khi l\u1eafp \u0111\u1eb7t b\u1ea1n s\u1ebd c\u1ea3m nh\u1eadn \u0111\u01b0\u1ee3c ngu\u1ed3 bass v\u00f4 t\u1eadn, kh\u00f4ng c\u00f2n t\u00ecnh tr\u1ea1ng r\u00e8, hay m\u00e9o ti\u1ebfng khi b\u00e0i h\u00e1t c\u00f3 nh\u1eefng \u0111o\u1ea1n cao tr\u00e0o.<\/p>\n<p>&nbsp;<\/p>\n<p>So v\u1edbi nhi\u1ec1u m\u1eabu loa kh\u00e1c trong c\u00f9ng ph\u00e2n kh\u00fac th\u00ec\u00a0Rainbow EL-W68A MK2 \u0111\u01b0\u1ee3c \u0111\u00e1nh gi\u00e1 l\u00e0 kh\u00e1 nh\u1ecf g\u1ecdn v\u1edbi k\u00edch th\u01b0\u1edbc ch\u1ec9\u00a0<strong>260mm x 195mm x 76mm<\/strong>\u00a0gi\u00fap n\u00f3 n\u1eb1m l\u1ecdt v\u00e0 g\u1ea7m gh\u1ebf xe nh\u01b0 thi\u1ebft k\u1ebf zin v\u1eady.<\/p>\n<p>T\u1ef7 l\u1ec7 t\u00edn hi\u1ec7u tr\u00ean nhi\u1ec5u (SNR) &gt; 91dB, cho \u00e2m thanh s\u1ea1ch, \u00edt nhi\u1ec5u.<\/p>\n<p>D\u1ea3i t\u1ea7n r\u1ed9ng 20Hz &#8211; 150Hz, gi\u00fap t\u00e1i t\u1ea1o \u00e2m bass s\u00e2u v\u00e0 r\u00f5 r\u00e0ng.<\/p>\n<p>&nbsp;<\/p>\n<p>B\u1ed9 l\u1ecdc Low Pass 50Hz &#8211; 150Hz, gi\u00fap c\u1eaft t\u1ea7n s\u1ed1 cao, ch\u1ec9 gi\u1eef l\u1ea1i \u00e2m tr\u1ea7m.<\/p>\n<p>B\u00ean c\u1ea1nh \u0111\u00f3 loa\u00a0Rainbow EL-W68A MK2 ho\u1ea1t \u0111\u1ed9ng v\u00f4 c\u00f9ng \u1ed5n \u0111\u1ecbnh, v\u1edbi \u0111i\u1ec7n \u00e1p\u00a0<strong>12 -15v<\/strong>\u00a0ph\u00f9 h\u1ee3p v\u1edbi nhi\u1ec1u d\u00f2ng xe c\u00f9ng v\u1edbi tr\u1edf kh\u00e1ng\u00a04 Ohm t\u01b0\u01a1ng th\u00edch v\u1edbi nhi\u1ec1u h\u1ec7 th\u1ed1ng \u00e2m thanh s\u1eb5n c\u00f3.<\/p>\n<h3>3. Trang b\u1ecb b\u1ed9 l\u1ecdc th\u00f4ng th\u1ea5p<\/h3>\n<p>M\u1ed9t trong nh\u1eefng t\u00ednh n\u0103ng c\u1ee7a loa Sub \u0111i\u1ec7n g\u1ea7m gh\u1ebf RainBow MK2 \u0111\u00f3 ch\u00ednh l\u00e0 s\u1ea3n ph\u1ea9m \u0111\u01b0\u1ee3c trang b\u1ecb b\u1ed9 l\u1ecdc th\u00f4ng th\u1ea5p (Low pass filter) th\u00f4ng qua \u0111\u00f3 gi\u00fap lo\u1ea1i b\u1ecf c\u00e1c t\u1ea7n s\u1ed1 cao v\u00e0 ch\u1ec9 mang l\u1ea1i \u00e2m bass r\u00f5 r\u00e0ng, m\u1ea1nh m\u1ebd.<\/p>\n<h3>4. \u0110i k\u00e8m b\u1ed9 \u0111i\u1ec1u khi\u1ec3n t\u1eeb xa<\/h3>\n<p>Sub \u0111i\u1ec7n g\u1ea7m gh\u1ebf RainBow MK2 c\u0169ng \u0111i k\u00e8m v\u1edbi b\u1ed9 \u0111i\u1ec1u khi\u1ec3n \u00e2m thanh t\u00edch h\u1ee3p\u00a0<strong>Bass Boost \u00b112dB<\/strong>, cho ph\u00e9p ng\u01b0\u1eddi d\u00f9ng d\u1ec5 d\u00e0ng \u0111i\u1ec1u ch\u1ec9nh \u00e2m l\u01b0\u1ee3ng v\u00e0 thi\u1ebft l\u1eadp \u00e2m thanh m\u1ed9t c\u00e1ch d\u1ec5 d\u00e0ng m\u00e0 kh\u00f4ng c\u1ea7n ph\u1ea3i r\u1eddi gh\u1ebf ng\u1ed3i.<\/p>\n<h3>5.T\u00edch h\u1ee3p b\u1ed9 khu\u1ebfch \u0111\u1ea1i \u00e2m thanh<\/h3>\n<p>Ri\u00eang \u0111\u1ed1i v\u1edbi c\u00e1c d\u00f2ng sub \u0111i\u1ec7n s\u1ebd \u0111\u01b0\u1ee3c t\u00edch h\u1ee3p b\u1ed9 khu\u1ebfch \u0111\u1ea1i \u00e2m thanh \u0111i k\u00e8m b\u00ean trong v\u00e0 Sub \u0111i\u1ec7n g\u1ea7m gh\u1ebf RainBow MK2 c\u0169ng kh\u00f4ng ngo\u1ea1i l\u1ec7 gi\u00fap ch\u1ee7 xe t\u1ed1i \u01b0u h\u00f3a \u00e2m thanh v\u00e0 chi ph\u00ed r\u1ea5t nhi\u1ec1u trong vi\u1ec7c ph\u1ea3i trang b\u1ecb th\u00eam 1 b\u1ed9 khu\u1ebfch \u0111\u1ea1i ri\u00eang.<\/p>\n","protected":false},"excerpt":{"rendered":"<h3 class=\"title\">Th\u00f4ng s\u1ed1 k\u1ef9 thu\u1eadt<\/h3>\n<div class=\"content\">\n<table width=\"683\">\n<tbody>\n<tr>\n<td>C\u00f4ng su\u1ea5t RMS<\/td>\n<td>120W<\/td>\n<\/tr>\n<tr>\n<td>C\u00f4ng su\u1ea5t max<\/td>\n<td>250W<\/td>\n<\/tr>\n<tr>\n<td>Tr\u1edf kh\u00e1ng \u0111\u1ea7u ra<\/td>\n<td>4 ohms<\/td>\n<\/tr>\n<tr>\n<td>K\u00edch th\u01b0\u1edbc<\/td>\n<td>6&#215;8 inch<\/td>\n<\/tr>\n<tr>\n<td>T\u1ea7n s\u1ed1 ph\u1ea3n h\u1ed3i<\/td>\n<td>20Hz -&gt; 150Hz<\/td>\n<\/tr>\n<tr>\n<td>\u0110.K t\u1eeb xa<\/td>\n<td>C\u00f3<\/td>\n<\/tr>\n<tr>\n<td>B\u1ed9 l\u1ecdc Low Pass Variable<\/td>\n<td>50Hz -&gt; 150Hz<\/td>\n<\/tr>\n<\/tbody>\n<\/table>\n<\/div>\n","protected":false},"featured_media":1332,"comment_status":"open","ping_status":"closed","template":"","meta":[],"product_brand":[129],"product_cat":[19,97],"product_tag":[],"class_list":{"0":"post-1331","1":"product","2":"type-product","3":"status-publish","4":"has-post-thumbnail","6":"product_brand-rainbow","7":"product_cat-am-thanh","8":"product_cat-sub-dien","10":"first","11":"instock","12":"shipping-taxable","13":"purchasable","14":"product-type-simple"},"_links":{"self":[{"href":"https:\/\/autothaiduong.vn\/index.php?rest_route=\/wp\/v2\/product\/1331","targetHints":{"allow":["GET"]}}],"collection":[{"href":"https:\/\/autothaiduong.vn\/index.php?rest_route=\/wp\/v2\/product"}],"about":[{"href":"https:\/\/autothaiduong.vn\/index.php?rest_route=\/wp\/v2\/types\/product"}],"replies":[{"embeddable":true,"href":"https:\/\/autothaiduong.vn\/index.php?rest_route=%2Fwp%2Fv2%2Fcomments&post=1331"}],"wp:featuredmedia":[{"embeddable":true,"href":"https:\/\/autothaiduong.vn\/index.php?rest_route=\/wp\/v2\/media\/1332"}],"wp:attachment":[{"href":"https:\/\/autothaiduong.vn\/index.php?rest_route=%2Fwp%2Fv2%2Fmedia&parent=1331"}],"wp:term":[{"taxonomy":"product_brand","embeddable":true,"href":"https:\/\/autothaiduong.vn\/index.php?rest_route=%2Fwp%2Fv2%2Fproduct_brand&post=1331"},{"taxonomy":"product_cat","embeddable":true,"href":"https:\/\/autothaiduong.vn\/index.php?rest_route=%2Fwp%2Fv2%2Fproduct_cat&post=1331"},{"taxonomy":"product_tag","embeddable":true,"href":"https:\/\/autothaiduong.vn\/index.php?rest_route=%2Fwp%2Fv2%2Fproduct_tag&post=1331"}],"curies":[{"name":"wp","href":"https:\/\/api.w.org\/{rel}","templated":true}]}}