{"id":1335,"date":"2025-05-12T08:37:26","date_gmt":"2025-05-12T08:37:26","guid":{"rendered":"https:\/\/autothaiduong.vn\/?post_type=product&#038;p=1335"},"modified":"2025-05-12T08:39:57","modified_gmt":"2025-05-12T08:39:57","slug":"loa-sub-o-to-ability-at-10s-400w-maximum","status":"publish","type":"product","link":"https:\/\/autothaiduong.vn\/?product=loa-sub-o-to-ability-at-10s-400w-maximum","title":{"rendered":"Loa SUB \u00d4 t\u00f4 Ability AT-10S | 400W Maximum"},"content":{"rendered":"<p><img loading=\"lazy\" decoding=\"async\" class=\" wp-image-1044 aligncenter\" src=\"https:\/\/autothaiduong.vn\/wp-content\/uploads\/2025\/05\/z6584734442481_f208f5944548cb4b46353402ce2e64e0.jpg\" alt=\"\" width=\"269\" height=\"238\" \/><\/p>\n<p style=\"text-align: center;\"><span style=\"color: #ff0000; font-size: 150%;\"><strong>273-275 Tr\u1ea7n Ph\u00fa Ph\u01b0\u1eddng L\u1ed9c S\u01a1n Th\u00e0nh Ph\u1ed1 B\u1ea3o L\u1ed9c T\u1ec9nh L\u00e2m \u0110\u1ed3ng\u00a0<\/strong><\/span><\/p>\n<p style=\"text-align: center;\"><span style=\"color: #ff0000; font-size: 150%;\"><strong>Hotline: 0912197441<\/strong><\/span><\/p>\n<h1>Loa SUB \u00f4 t\u00f4 Ability AT-10S | D\u00f2ng loa SUB g\u1ea7m gh\u1ebf gi\u00e1 r\u1ebb 10inch nh\u01b0ng nh\u1ecf g\u1ecdn<\/h1>\n<p><em>M\u1eabu\u00a0<strong><a href=\"http:\/\/doxe3s.com\/loa-sub-o-to-ability-at-10s-400w-max\/\" target=\"_blank\" rel=\"noopener\">loa SUB \u00f4 t\u00f4 Ability AT-10S<\/a><\/strong>\u00a0l\u00e0 d\u00f2ng loa\u00a0<a href=\"https:\/\/doxe3s.com\/am-thanh-xe-hoi\/loa-sub-o-to\/\" target=\"_blank\" rel=\"noopener\"><strong>SUB g\u1ea7m gh\u1ebf<\/strong><\/a>\u00a0ch\u1ea5t l\u01b0\u1ee3ng c\u1ee7a Ability n\u00f3i ri\u00eang. V\u00e0 l\u00e0 m\u1eabu loa tr\u1ea7m \u00f4 t\u00f4 v\u00f4 \u0111\u1ed1i trong t\u1ea7m gi\u00e1 d\u01b0\u1edbi 5 Tri\u1ec7u tr\u00ean th\u1ecb tr\u01b0\u1eddng. \u0110\u1ea1t \u0111\u01b0\u1ee3c c\u1ea3 2 y\u1ebfu t\u1ed1 c\u00f4ng su\u1ea5t \u0111\u1ec9nh cao (400W-Max) &amp; \u0111\u1ed9 s\u00e2u ho\u00e0n h\u1ea3o.<\/em><\/p>\n<figure id=\"attachment_4961\" class=\"wp-caption aligncenter\" aria-describedby=\"caption-attachment-4961\"><figcaption id=\"caption-attachment-4961\" class=\"wp-caption-text\"><em>Loa SUB \u00f4 t\u00f4 Ability AT 10S trong g\u00f3i n\u00e2ng c\u1ea5p cho Mazda CX5<\/em><\/figcaption><\/figure>\n<h2><em><strong>#. V\u1ec1 loa SUB Ability AT-10S<\/strong><\/em><\/h2>\n<ul>\n<li>Th\u01b0\u01a1ng hi\u1ec7u Ability \u2013 Korea<\/li>\n<li>\u0110\u1ecba ch\u1ec9 Office Ability t\u1ea1i H\u00e0n Qu\u1ed1c: 143, BONGSU-DAERO, SEO-GU, INCHEON, KOREA<\/li>\n<li>Made in China<\/li>\n<\/ul>\n<h2><strong><em>#. Th\u00f4ng s\u1ed1 k\u1ef9 thu\u1eadt loa SUB \u00f4 t\u00f4 Ability AT-10S<\/em><\/strong><\/h2>\n<ul>\n<li>C\u00f4ng su\u1ea5t hi\u1ec7u d\u1ee5ng RMS: 160W<\/li>\n<li>C\u00f4ng su\u1ea5t \u0111\u1ec9nh c\u1ef1c \u0111\u1ea1i: 400W<\/li>\n<li>D\u1ea3i t\u1ea7n s\u1ed1 ho\u1ea1t \u0111\u1ed9ng: 20Hz-150Hz<\/li>\n<li>C\u1ea7u ch\u00ec: 25A<\/li>\n<li>K\u00edch th\u01b0\u1edbc c\u1ee7 loa: 10 inch (2.5 t\u1ea5c)<\/li>\n<li>Ch\u1ea5t li\u1ec7u v\u1ecf: Nh\u00f4m<\/li>\n<li>Lo\u1ea1i nam ch\u00e2m: Ferrite<\/li>\n<li>Ch\u1ea5t li\u1ec7u v\u1ecf loa: Nh\u00f4m<\/li>\n<li>\u0110\u1ea3o pha loa: 0 \/ 180 \u0111\u1ed9<\/li>\n<li>K\u00edch th\u01b0\u1edbc: 345(L) x 245(W) x 68(H) mm<\/li>\n<li>Tr\u1ecdng l\u01b0\u1ee3ng:\u00a0 6 Kg<\/li>\n<\/ul>\n<h2><strong><em>#. V\u1ecb tr\u00ed l\u1eafp \u0111\u1eb7t loa SUB \u00f4 t\u00f4 Ability AT-10S l\u00ean xe<\/em><\/strong><\/h2>\n<p>Loa tr\u1ea7m \u00f4 t\u00f4 Ability AT-10S \u0111\u01b0\u1ee3c thi\u1ebft k\u1ebf \u0111\u1ec3 l\u1eafp \u0111\u1eb7t b\u00ean d\u01b0\u1edbi g\u1ea7m gh\u1ebf ph\u1ee5 c\u1ee7a \u0111a s\u1ed1 c\u00e1c d\u00f2ng xe.<\/p>\n<p>Trong nhi\u1ec1u \u0111i\u1ec1u ki\u1ec7n ph\u1ee9c t\u1ea1p. Loa SUB \u00f4 t\u00f4 Ability c\u0169ng \u0111\u01b0\u1ee3c b\u1ed1 tr\u00ed l\u1eafp \u0111\u1eb7t t\u1ea1i g\u1ea7m gh\u1ebf ph\u00eda sau \u2013 c\u1ee7a nh\u1eefng d\u00f2ng xe c\u00f3 h\u00e0ng gh\u1ebf th\u1ee9 3.<\/p>\n<figure id=\"attachment_4963\" class=\"wp-caption aligncenter\" aria-describedby=\"caption-attachment-4963\"><figcaption id=\"caption-attachment-4963\" class=\"wp-caption-text\"><em>Loa SUB g\u1ea7m \u00f4 t\u00f4 Ability AT-10S \u0111\u01b0\u1ee3c l\u1eafp \u0111\u1eb7t g\u1ecdn g\u00e0ng tr\u00ean s\u00e0n \u2013 ph\u00eda d\u01b0\u1edbi g\u1ea7m gh\u1ebf ph\u1ee5<\/em><\/figcaption><\/figure>\n<h2><strong><em>#. H\u01b0\u1edbng d\u1eabn \u0111i\u1ec1u ch\u1ec9nh loa SUB \u00f4 t\u00f4 Ability\u00a0 AT-10S c\u01a1 b\u1ea3n<\/em><\/strong><\/h2>\n<h3><strong>Tri\u1ec3n khai<\/strong><\/h3>\n<p>Loa SUB \u0111i\u1ec7n oto s\u1ebd kh\u00f4ng cho ra m\u1ed9t ch\u1ea5t l\u01b0\u1ee3ng \u00e2m tr\u1ea7m m\u1ea1nh m\u1ebd, c\u0103ng l\u1ef1c &amp; th\u01b0\u1eddng s\u1ebd b\u1ecb um ti\u1ebfng n\u1ebfu tri\u1ec3n khai sai k\u1ef9 thu\u1eadt.<\/p>\n<p>Tuy v\u1eady. Vi\u1ec7c tri\u1ec3n khai \u0111\u00fang k\u1ef9 thu\u1eadt c\u0169ng v\u00f4 c\u00f9ng \u0111\u01a1n gi\u1ea3n.<\/p>\n<p>Qu\u00e1 tr\u00ecnh tri\u1ec3n khai h\u1ec7 th\u1ed1ng \u00e2m thanh n\u00f3i chung &amp; SUB \u0111i\u1ec7n \u00f4 t\u00f4 n\u00f3i ri\u00eang y\u00eau c\u1ea7u \u0111\u01a1n v\u1ecb thi c\u00f4ng ph\u1ea3i \u0111\u1ea3m b\u1ea3o ch\u1eafc ch\u1eafn r\u1eb1ng<\/p>\n<ul>\n<li>H\u1ec7 th\u1ed1ng ngu\u1ed3n c\u1ea5p (ngu\u1ed3n 12V &amp; GND) ph\u1ea3i th\u1ef1c s\u1ef1 ch\u1ea5t l\u01b0\u1ee3ng. \u1ede \u0111\u00e2y mu\u1ed1n n\u00f3i v\u1ec1 c\u1ee5m d\u00e2y ngu\u1ed3n ph\u1ea3i th\u1eadt ch\u1ea5t l\u01b0\u1ee3ng. \u0110\u00e2y l\u00e0 y\u1ebfu t\u1ed1 h\u00e0ng \u0111\u1ea7u.<\/li>\n<li>C\u00e1c \u0111\u1ea7u ti\u1ebfp x\u00fac l\u1ea5y n\u0103ng l\u01b0\u1ee3ng ti\u00eau th\u1ee5 ph\u1ea3i th\u1eadt ch\u1eafc ch\u1eafn &amp; ti\u1ebfp x\u00fac t\u1ed1t nh\u1ea5t.<\/li>\n<li>B\u1ed9 d\u00e2y t\u00edn hi\u1ec7u input &amp; Output kh\u00f4ng g\u1eb7p v\u1ea5n \u0111\u1ec1 do nhi\u1ec5u c\u1ed9ng h\u01b0\u1edfng.<\/li>\n<\/ul>\n<figure id=\"attachment_4962\" class=\"wp-caption aligncenter\" aria-describedby=\"caption-attachment-4962\"><figcaption id=\"caption-attachment-4962\" class=\"wp-caption-text\"><em>Loa SUB oto Ability \u0111\u01b0\u1ee3c l\u1eafp \u0111\u1eb7t chu\u1ea9n k\u1ef9 thu\u1eadt \u2013 v\u1edbi c\u00e1c ph\u1ee5 ki\u1ec7n d\u00e2y d\u1eabn &amp; d\u00e2y t\u00edn hi\u1ec7u ti\u00eau chu\u1ea9n s\u1ebd cho ti\u1ebfng Bass m\u1ea1nh m\u1ebd<\/em><\/figcaption><\/figure>\n<h3><strong>C\u0103n ch\u1ec9nh<\/strong><\/h3>\n<p>Sau khi \u0111\u1ea3m b\u1ea3o qu\u00e1 tr\u00ecnh tri\u1ec3n khai di\u1ec5n ra thu\u1eadn l\u1ee3i &amp; chu\u1ea9n nguy\u00ean t\u1eafc. B\u01b0\u1edbc c\u0103n ch\u1ec9nh s\u01a1 b\u1ed9 \u0111\u1ec3 thu l\u1ea1i ch\u1ea5t l\u01b0\u1ee3ng \u00e2m tr\u1ea7m tuy\u1ec7t v\u1eddi, di\u1ec5n ra v\u00f4 c\u00f9ng \u0111\u01a1n gi\u1ea3n.<\/p>\n<p>Nh\u00e0 s\u1ea3n xu\u1ea5t s\u1ebd thi\u1ebft k\u1ebf c\u00e1c c\u00f4ng t\u1eafc control c\u1ea7n thi\u1ebft \u2013 t\u1ea1i v\u1ecb tr\u00ed khoa h\u1ecdc nh\u1ea5t \u0111\u1ec3 b\u1ea1n c\u00f3 th\u1ec3 can thi\u1ec7p c\u00e1c ch\u1ec9 s\u1ed1 \u2013 nh\u1eb1m t\u1ea1o ra ch\u1ea5t l\u01b0\u1ee3ng \u00e2m tr\u1ea7m cho loa SUB m\u1ed9t c\u00e1ch h\u00e0i l\u00f2ng nh\u1ea5t.<\/p>\n<figure id=\"attachment_4970\" class=\"wp-caption aligncenter\" aria-describedby=\"caption-attachment-4970\"><img loading=\"lazy\" decoding=\"async\" class=\"alignnone size-full wp-image-1337\" title=\"C\u00e1c Swicth c\u00f3 th\u1ec3 can thi\u1ec7p \u0111\u1ec3 thu v\u1ec1 ti\u1ebfng Bass t\u1ed1t nh\u1ea5t khi l\u1eafp \u0111\u1eb7t SUB g\u1ea7m \u00f4 t\u00f4 Ability\" src=\"https:\/\/autothaiduong.vn\/wp-content\/uploads\/2025\/05\/sub-gam-ghe-o-to-ability-at-10s-15.jpg\" alt=\"can-chinh-loa-sub-o-to-ability-at-10s\" width=\"800\" height=\"534\" srcset=\"https:\/\/autothaiduong.vn\/wp-content\/uploads\/2025\/05\/sub-gam-ghe-o-to-ability-at-10s-15.jpg 800w, https:\/\/autothaiduong.vn\/wp-content\/uploads\/2025\/05\/sub-gam-ghe-o-to-ability-at-10s-15-600x401.jpg 600w, https:\/\/autothaiduong.vn\/wp-content\/uploads\/2025\/05\/sub-gam-ghe-o-to-ability-at-10s-15-768x513.jpg 768w\" sizes=\"auto, (max-width: 800px) 100vw, 800px\" \/><figcaption id=\"caption-attachment-4970\" class=\"wp-caption-text\"><em>C\u00e1c Swicth c\u00f3 th\u1ec3 can thi\u1ec7p \u0111\u1ec3 thu v\u1ec1 ti\u1ebfng Bass t\u1ed1t nh\u1ea5t khi l\u1eafp \u0111\u1eb7t loa SUB \u00f4 t\u00f4 Ability<\/em><\/figcaption><\/figure>\n<p>Nguy\u00ean t\u1eafc \u0111i\u1ec1u ch\u1ec9nh c\u1ee7a c\u00e1c c\u00f4ng t\u1eafc tr\u00ean loa SUB g\u1ea7m \u00f4 t\u00f4 nh\u01b0 sau<\/p>\n<ul>\n<li>[1] PHASE: \u0111i\u1ec1u ch\u1ec9nh 2 tr\u1ea1ng th\u00e1i 0\u00b0 v\u00e0 180\u00b0 \u0111\u1ec3 sao cho pha c\u1ee7a loa SUB c\u00f9ng chi\u1ec1u v\u1edbi pha c\u1ee7a h\u1ec7 th\u1ed1ng loa c\u00e1nh c\u1eeda. Nh\u1eb1m t\u1ea1o hi\u1ec7u \u1ee9ng c\u1ed9ng h\u01b0\u1edfng ti\u1ebfng BASS cho to\u00e0n h\u1ec7 th\u1ed1ng \u00e2m thanh \u0111ang SETUP<\/li>\n<li>[2] AUTO POWER ON: \u0111i\u1ec1u ch\u1ec9nh 2 tr\u1ea1ng th\u00e1i ON-khi t\u00edn hi\u1ec7u \u0111\u1ea7u v\u00e0o s\u1eed d\u1ee5ng l\u00e0 High Level; OFF-khi t\u00edn hi\u1ec7u \u0111\u1ea7u v\u00e0o l\u00e0 Low Level (Jack t\u00edn hi\u1ec7u RCA \u2013 hay Jack hoa sen)<\/li>\n<li>[3] LOW PASS: \u0111i\u1ec1u ch\u1ec9nh \u1edf m\u1ee9c t\u1eeb 50Hz-150Hz nh\u1eb1m ki\u1ec3m so\u00e1t t\u1ea7n s\u1ed1 ho\u1ea1t \u0111\u1ed9ng cho loa SUB g\u1ea7m \u00f4 t\u00f4. Th\u01b0\u1eddng ch\u1ec9 s\u1ed1 n\u00e0y s\u1ebd SETUP \u1edf m\u1ee9c 80-100Hz (t\u01b0\u01a1ng \u1ee9ng v\u1edbi tr\u1ea1ng th\u00e1i 12 gi\u1edd)<\/li>\n<li>[4] BASS BOOST: \u0111i\u1ec1u ch\u1ec9nh \u1edf m\u1ee9c t\u1eeb 0db \u2013 18db nh\u1eb1m t\u0103ng ho\u1eb7c gi\u1ea3m m\u1ee9c to nh\u1ecf \u00e2m l\u01b0\u1ee3ng c\u1ee7a SUB g\u1ea7m \u00f4 t\u00f4. Th\u01b0\u1eddng ch\u1ec9 s\u1ed1 n\u00e0y s\u1ebd SETUP \u1edf m\u1ee9c 8-10db (t\u01b0\u01a1ng \u1ee9ng v\u1edbi tr\u1ea1ng th\u00e1i 12 gi\u1edd)<\/li>\n<li>[5] INPUT GAIN: \u0111i\u1ec1u ch\u1ec9nh \u1edf m\u1ee9c t\u1eeb MIN-MAX nh\u1eb1m t\u0103ng ho\u1eb7c gi\u1ea3m m\u1ee9c to nh\u1ecf t\u00edn hi\u1ec7u \u0111\u1ea7u v\u00e0o cho SUB. Th\u01b0\u1eddng ch\u1ec9 s\u1ed1 n\u00e0y s\u1ebd SETUP \u1edf m\u1ee9c 50% (t\u01b0\u01a1ng \u1ee9ng v\u1edbi tr\u1ea1ng th\u00e1i 12 gi\u1edd)<\/li>\n<\/ul>\n<h2><em><strong>#. C\u00e2u h\u1ecfi th\u01b0\u1eddng g\u1eb7p<\/strong><\/em><\/h2>\n<h3><em><strong>L\u1eafp loa SUB \u00f4 t\u00f4 Ability c\u00f3 \u1ea3nh h\u01b0\u1edfng t\u1edbi an to\u00e0n k\u1ef9 thu\u1eadt \u0111i\u1ec7n c\u1ee7a xe kh\u00f4ng<\/strong><\/em><\/h3>\n<p>Trong tr\u01b0\u1eddng h\u1ee3p t\u00ednh to\u00e1n sai c\u00e1c c\u1ea7u ch\u00ec cho m\u1ea1nh b\u1ea3o v\u1ec7 \u0111\u1ea7u ngu\u1ed3n, ho\u1eb7c KTV tri\u1ec3n khai kh\u00f4ng \u0111\u1ee7 n\u0103ng l\u1ef1c. H\u1ec7 th\u1ed1ng b\u1ea3o v\u1ec7 s\u1ebd l\u00e0m vi\u1ec7c sai. D\u1eabn \u0111\u1ebfn thi\u1ebfu an to\u00e0n k\u1ef9 thu\u1eadt nghi\u00eam tr\u1ecdng.<\/p>\n<p>Tr\u01b0\u1eddng h\u1ee3p n\u00e0y ch\u1ec9 g\u1eb7p ph\u1ea3i \u1edf c\u00e1c \u0111i\u1ec3m \u0111\u1ed9 xe b\u00e1n chuy\u00ean, kh\u00f4ng \u0111\u01b0\u1ee3c trang b\u1ecb ki\u1ebfn th\u1ee9c n\u1ec1n c\u01a1 b\u1ea3n.<\/p>\n<p>Do v\u1eady h\u00e3y l\u1ef1a ch\u1ecdn c\u00e1c trung t\u00e2m \u0111\u1ed9 xe uy t\u00edn v\u00e0 c\u00f3 t\u00ednh chuy\u00ean m\u00f4n trong l\u0129nh v\u1ef1c \u00e2m thanh.<\/p>\n<figure id=\"attachment_5022\" class=\"wp-caption aligncenter\" aria-describedby=\"caption-attachment-5022\"><figcaption id=\"caption-attachment-5022\" class=\"wp-caption-text\"><em>H\u00e3y ch\u1eafc ch\u1eafn r\u1eb1ng b\u1ea1n \u0111\u00e3 s\u1eed d\u1ee5ng nh\u1eefng ph\u1ee5 ki\u1ec7n \u2013 d\u00e2y t\u00edn hi\u1ec7u ch\u1ea5t l\u01b0\u1ee3ng cho h\u1ec7 th\u1ed1ng \u00e2m thanh c\u1ee7a m\u00ecnh<\/em><\/figcaption><\/figure>\n<h3><em><strong>L\u1eafp loa SUB g\u1ea7m \u00f4 t\u00f4 c\u00f3 \u0111\u0103ng ki\u1ec3m \u0111\u01b0\u1ee3c kh\u00f4ng<\/strong><\/em><\/h3>\n<p>C\u00e1c h\u1ea1ng m\u1ee5c \u0111\u1ed9 th\u00eam nh\u01b0 loa-\u0111\u00e0i-g\u01b0\u01a1ng-k\u00ednh \u0111i\u1ec7n\u2026. .Kh\u00f4ng n\u1eb1m trong h\u1ea1ng m\u1ee5c ki\u1ec3m tra khi \u0111\u0103ng ki\u1ec3m. Do v\u1eady b\u1ea1n ho\u00e0n to\u00e0n tho\u1ea3i m\u00e1i th\u1ec3 hi\u1ec7n \u0111am m\u00ea nh\u00e9.<\/p>\n<h3><em><strong>L\u1eafp loa SUB g\u1ea7m \u00f4 t\u00f4 th\u1ebf n\u00e0o \u0111\u00fang ti\u00eau chu\u1ea9n &amp; thu \u0111\u01b0\u1ee3c ch\u1ea5t \u00e2m hay nh\u1ea5t<\/strong><\/em><\/h3>\n<p>Y\u1ebfu t\u1ed1 k\u1ef9 thu\u1eadt \u2013 ph\u1ee5 ki\u1ec7n quy chu\u1ea9n quy\u1ebft \u0111\u1ecbnh 50% ch\u1ea5t l\u01b0\u1ee3ng c\u1ee7a m\u1ed9t h\u1ec7 th\u1ed1ng \u00e2m thanh tr\u00ean xe h\u01a1i.<\/p>\n<p>H\u00e3y \u0111\u1ea3m b\u1ea3o r\u1eb1ng b\u1ed1 c\u1ee5c \u0111i d\u00e2y t\u00edn hi\u1ec7u \u0111\u01b0\u1ee3c tri\u1ec3n khai chu\u1ea9n m\u1ef1c. V\u00e0 s\u1eed d\u1ee5ng c\u00e1c ph\u1ee5 ki\u1ec7n ch\u1ea5t l\u01b0\u1ee3ng \u0111\u1ec3 trang b\u1ecb cho h\u1ec7 th\u1ed1ng nh\u01b0<\/p>\n<ul>\n<li>Tr\u1ea1m chia \u00e2m d\u01b0\u01a1ng ch\u1ea5t l\u01b0\u1ee3ng, ch\u1eafc ch\u1eafn.<\/li>\n<li>Tr\u1ea1m c\u1ea7u ch\u00ec t\u1ed5ng ph\u00f9 h\u1ee3p v\u1edbi th\u00f4ng s\u1ed1 b\u1ea3o v\u1ec7<\/li>\n<li>D\u00e2y t\u00edn hi\u1ec7u ch\u1ed1ng nhi\u1ec5u<\/li>\n<li>C\u00e1ch \u00e2m v\u00e0 ch\u1ed1ng \u1ed3n \u0111\u00fang k\u1ef9 thu\u1eadt \u2013 Nh\u1eb1m tri\u1ec7t ti\u00eau c\u00e1c ti\u1ebfng \u1ed3n c\u1ed9ng h\u01b0\u1edfng<\/li>\n<\/ul>\n","protected":false},"excerpt":{"rendered":"<p>273-275 Tr\u1ea7n Ph\u00fa Ph\u01b0\u1eddng L\u1ed9c S\u01a1n Th\u00e0nh Ph\u1ed1 B\u1ea3o L\u1ed9c T\u1ec9nh L\u00e2m \u0110\u1ed3ng\u00a0 Hotline: 0912197441 Loa SUB \u00f4 t\u00f4 Ability AT-10S | D\u00f2ng loa SUB g\u1ea7m gh\u1ebf gi\u00e1 r\u1ebb 10inch nh\u01b0ng nh\u1ecf g\u1ecdn M\u1eabu\u00a0loa SUB \u00f4 t\u00f4 Ability AT-10S\u00a0l\u00e0 d\u00f2ng loa\u00a0SUB g\u1ea7m gh\u1ebf\u00a0ch\u1ea5t l\u01b0\u1ee3ng c\u1ee7a Ability n\u00f3i ri\u00eang. V\u00e0 l\u00e0 m\u1eabu loa tr\u1ea7m \u00f4 t\u00f4 [&#8230;]\n","protected":false},"featured_media":1336,"comment_status":"open","ping_status":"closed","template":"","meta":[],"product_brand":[130],"product_cat":[19,97],"product_tag":[],"class_list":{"0":"post-1335","1":"product","2":"type-product","3":"status-publish","4":"has-post-thumbnail","6":"product_brand-abiliti","7":"product_cat-am-thanh","8":"product_cat-sub-dien","10":"first","11":"instock","12":"shipping-taxable","13":"product-type-simple"},"_links":{"self":[{"href":"https:\/\/autothaiduong.vn\/index.php?rest_route=\/wp\/v2\/product\/1335","targetHints":{"allow":["GET"]}}],"collection":[{"href":"https:\/\/autothaiduong.vn\/index.php?rest_route=\/wp\/v2\/product"}],"about":[{"href":"https:\/\/autothaiduong.vn\/index.php?rest_route=\/wp\/v2\/types\/product"}],"replies":[{"embeddable":true,"href":"https:\/\/autothaiduong.vn\/index.php?rest_route=%2Fwp%2Fv2%2Fcomments&post=1335"}],"wp:featuredmedia":[{"embeddable":true,"href":"https:\/\/autothaiduong.vn\/index.php?rest_route=\/wp\/v2\/media\/1336"}],"wp:attachment":[{"href":"https:\/\/autothaiduong.vn\/index.php?rest_route=%2Fwp%2Fv2%2Fmedia&parent=1335"}],"wp:term":[{"taxonomy":"product_brand","embeddable":true,"href":"https:\/\/autothaiduong.vn\/index.php?rest_route=%2Fwp%2Fv2%2Fproduct_brand&post=1335"},{"taxonomy":"product_cat","embeddable":true,"href":"https:\/\/autothaiduong.vn\/index.php?rest_route=%2Fwp%2Fv2%2Fproduct_cat&post=1335"},{"taxonomy":"product_tag","embeddable":true,"href":"https:\/\/autothaiduong.vn\/index.php?rest_route=%2Fwp%2Fv2%2Fproduct_tag&post=1335"}],"curies":[{"name":"wp","href":"https:\/\/api.w.org\/{rel}","templated":true}]}}