{"id":1350,"date":"2025-05-12T09:05:29","date_gmt":"2025-05-12T09:05:29","guid":{"rendered":"https:\/\/autothaiduong.vn\/?post_type=product&#038;p=1350"},"modified":"2025-05-12T09:05:29","modified_gmt":"2025-05-12T09:05:29","slug":"jl-audio-c1-650","status":"publish","type":"product","link":"https:\/\/autothaiduong.vn\/?product=jl-audio-c1-650","title":{"rendered":"JL Audio C1-650"},"content":{"rendered":"<p><img loading=\"lazy\" decoding=\"async\" class=\" wp-image-1044 aligncenter\" src=\"https:\/\/autothaiduong.vn\/wp-content\/uploads\/2025\/05\/z6584734442481_f208f5944548cb4b46353402ce2e64e0.jpg\" alt=\"\" width=\"302\" height=\"267\" \/><\/p>\n<p style=\"text-align: center;\"><span style=\"color: #ff0000; font-size: 150%;\"><strong>273-275 Tr\u1ea7n Ph\u00fa Ph\u01b0\u1eddng L\u1ed9c S\u01a1n Th\u00e0nh Ph\u1ed1 B\u1ea3o L\u1ed9c T\u1ec9nh L\u00e2m \u0110\u1ed3ng <\/strong><\/span><\/p>\n<p style=\"text-align: center;\"><span style=\"color: #ff0000; font-size: 150%;\"><strong>Hotline: 0912197441<\/strong><\/span><\/p>\n<ul class=\"tabs wc-tabs\" role=\"tablist\">\n<li id=\"tab-title-description\" class=\"description_tab active\" role=\"tab\" aria-controls=\"tab-description\"><a href=\"https:\/\/saigoncaraudio.com\/product\/jl\/#tab-description\" target=\"_blank\" rel=\"noopener\">Description<\/a><\/li>\n<\/ul>\n<div id=\"tab-description\" class=\"woocommerce-Tabs-panel woocommerce-Tabs-panel--description panel entry-content wc-tab\" role=\"tabpanel\" aria-labelledby=\"tab-title-description\">\n<p>Loa JL Audio\u00a0<strong><b>C1-650<\/b><\/strong>\u00a0\u2013 2 way mang \u0111\u1ebfn ch\u1ea5t l\u01b0\u1ee3ng th\u1ef1c v\u00e0 hi\u1ec7u su\u1ea5t \u00e2m thanh tuy\u1ec7t v\u1eddi. V\u1edbi Tweeter m\u00e0ng nh\u00f4m \u0111\u00e1p \u1ee9ng t\u1ea7n s\u1ed1 cao v\u00e0 Woofer ch\u1ec9 0.75-inch (19 mm) d\u1ec5 d\u00e0ng l\u1eafp \u0111\u1eb7p.<\/p>\n<p>Ngo\u00e0i ra, C1-650 c\u00f2n s\u1eed d\u1ee5ng m\u00f4 h\u00ecnh FEA t\u1eeb c\u00e1c chuy\u00ean gia c\u1ee7a JL Audio thi\u1ebft k\u1ebf cho ra \u00e2m l\u01b0\u1ee3ng l\u1edbn nh\u01b0ng v\u1eabn duy tr\u00ec \u0111\u01b0\u1ee3c ch\u1ea5t \u00e2m m\u1ec1m m\u1ea1i, dynamic v\u00e0 \u00edt b\u1ecb m\u00e9o ti\u1ebfng mang l\u1ea1i tr\u1ea3i nghi\u1ec7m tuy\u1ec7t v\u1eddi cho ng\u01b0\u1eddi th\u01b0\u1edfng th\u1ee9c.<\/p>\n<\/div>\n","protected":false},"excerpt":{"rendered":"<p><em><strong>Th\u00f4ng s\u1ed1 k\u1ef9 thu\u1eadt :<\/strong><\/em><\/p>\n<p><strong>C1-650<\/strong>\u00a06.5-inch (165 mm) 2-Way Component Speaker System<\/p>\n<p>Continuous Power Handling (RMS) 50 W<\/p>\n<p>Recommended Amplifier Power (RMS) 10 \u2013 75 W \/ Ch.<\/p>\n<p>System Efficiency91.0 dB @ 1 W \/ 1 m<\/p>\n<p>System Nominal Impedance 4 \u03a9<\/p>\n<p>System Frequency Response 48 Hz \u2013 24 KHz \u00b1 3 dB<\/p>\n","protected":false},"featured_media":1351,"comment_status":"open","ping_status":"closed","template":"","meta":[],"product_brand":[113],"product_cat":[19,100],"product_tag":[],"class_list":{"0":"post-1350","1":"product","2":"type-product","3":"status-publish","4":"has-post-thumbnail","6":"product_brand-jl","7":"product_cat-am-thanh","8":"product_cat-loa-2-duong-tieng","10":"first","11":"instock","12":"shipping-taxable","13":"purchasable","14":"product-type-simple"},"_links":{"self":[{"href":"https:\/\/autothaiduong.vn\/index.php?rest_route=\/wp\/v2\/product\/1350","targetHints":{"allow":["GET"]}}],"collection":[{"href":"https:\/\/autothaiduong.vn\/index.php?rest_route=\/wp\/v2\/product"}],"about":[{"href":"https:\/\/autothaiduong.vn\/index.php?rest_route=\/wp\/v2\/types\/product"}],"replies":[{"embeddable":true,"href":"https:\/\/autothaiduong.vn\/index.php?rest_route=%2Fwp%2Fv2%2Fcomments&post=1350"}],"wp:featuredmedia":[{"embeddable":true,"href":"https:\/\/autothaiduong.vn\/index.php?rest_route=\/wp\/v2\/media\/1351"}],"wp:attachment":[{"href":"https:\/\/autothaiduong.vn\/index.php?rest_route=%2Fwp%2Fv2%2Fmedia&parent=1350"}],"wp:term":[{"taxonomy":"product_brand","embeddable":true,"href":"https:\/\/autothaiduong.vn\/index.php?rest_route=%2Fwp%2Fv2%2Fproduct_brand&post=1350"},{"taxonomy":"product_cat","embeddable":true,"href":"https:\/\/autothaiduong.vn\/index.php?rest_route=%2Fwp%2Fv2%2Fproduct_cat&post=1350"},{"taxonomy":"product_tag","embeddable":true,"href":"https:\/\/autothaiduong.vn\/index.php?rest_route=%2Fwp%2Fv2%2Fproduct_tag&post=1350"}],"curies":[{"name":"wp","href":"https:\/\/api.w.org\/{rel}","templated":true}]}}