{"id":1352,"date":"2025-05-12T09:09:44","date_gmt":"2025-05-12T09:09:44","guid":{"rendered":"https:\/\/autothaiduong.vn\/?post_type=product&#038;p=1352"},"modified":"2025-05-12T09:10:27","modified_gmt":"2025-05-12T09:10:27","slug":"cach-am-vibrofiltr-chong-on-o-to","status":"publish","type":"product","link":"https:\/\/autothaiduong.vn\/?product=cach-am-vibrofiltr-chong-on-o-to","title":{"rendered":"C\u00e1ch \u00e2m Vibrofiltr \u2013 ch\u1ed1ng \u1ed3n \u00f4 t\u00f4"},"content":{"rendered":"<p><img loading=\"lazy\" decoding=\"async\" class=\" wp-image-1044 aligncenter\" src=\"https:\/\/autothaiduong.vn\/wp-content\/uploads\/2025\/05\/z6584734442481_f208f5944548cb4b46353402ce2e64e0.jpg\" alt=\"\" width=\"286\" height=\"253\" \/><\/p>\n<p style=\"text-align: center;\"><span style=\"font-size: 150%;\"><strong><span style=\"color: #ff0000;\">273-275 Tr\u1ea7n Ph\u00fa Ph\u01b0\u1eddng L\u1ed9c S\u01a1n Th\u00e0nh Ph\u1ed1 B\u1ea3o L\u1ed9c T\u1ec9nh L\u00e2m \u0110\u1ed3ng<\/span><\/strong><\/span><\/p>\n<p style=\"text-align: center;\"><span style=\"font-size: 150%;\"><strong><span style=\"color: #ff0000;\"> Hotline: 0912197441<\/span><\/strong><\/span><\/p>\n<p>&nbsp;<\/p>\n<p><img loading=\"lazy\" decoding=\"async\" class=\" wp-image-1353 aligncenter\" src=\"https:\/\/autothaiduong.vn\/wp-content\/uploads\/2025\/05\/bang-gia-cach-am-chong-on-vibrofiltr-600x278.webp\" alt=\"\" width=\"850\" height=\"394\" srcset=\"https:\/\/autothaiduong.vn\/wp-content\/uploads\/2025\/05\/bang-gia-cach-am-chong-on-vibrofiltr-600x278.webp 600w, https:\/\/autothaiduong.vn\/wp-content\/uploads\/2025\/05\/bang-gia-cach-am-chong-on-vibrofiltr-768x356.webp 768w, https:\/\/autothaiduong.vn\/wp-content\/uploads\/2025\/05\/bang-gia-cach-am-chong-on-vibrofiltr.webp 800w\" sizes=\"auto, (max-width: 850px) 100vw, 850px\" \/><\/p>\n<p>S\u1ea3n ph\u1ea9m c\u00e1ch \u00e2m Vibrofiltr hi\u1ec7n \u0111ang l\u00e0 m\u1ed9t trong nh\u1eefng d\u00f2ng s\u1ea3n ph\u1ea9m c\u00e1ch \u00e2m ch\u1ea5t l\u01b0\u1ee3ng nh\u1ea5t c\u1ee7a Nga. S\u1ea3n ph\u1ea9m c\u00e1ch \u00e2m n\u00e0y c\u00f3 kh\u1ea3 n\u0103ng duy tr\u00ec s\u1ef1 y\u00ean t\u0129nh v\u00e0 gi\u1ea3m thi\u1ec3u t\u00ecnh tr\u1ea1ng b\u1ecb \u00f9 tai c\u1ee7a ng\u01b0\u1eddi s\u1eed d\u1ee5ng. Qua \u0111\u00f3, b\u1ea1n c\u00f3 th\u1ec3 y\u00ean t\u00e2m khi l\u00e1i xe h\u01a1n. N\u1ebfu b\u1ea1n mu\u1ed1n bi\u1ebft th\u00eam nhi\u1ec1u th\u00f4ng tin h\u01a1n v\u1ec1 s\u1ea3n ph\u1ea9m c\u00e1ch \u00e2m n\u00e0y th\u00ec b\u1ea1n n\u00ean xem ngay b\u00e0i m\u00f4 t\u1ea3 d\u01b0\u1edbi \u0111\u00e2y nh\u00e9.<\/p>\n<h2 id=\"ftoc-heading-1\" class=\"ftwp-heading\">Gi\u1edbi thi\u1ec7u v\u1ec1 s\u1ea3n ph\u1ea9m c\u00e1ch \u00e2m ch\u00ednh h\u00e3ng Nga Vibrofiltr<\/h2>\n<p>S\u1ea3n ph\u1ea9m c\u00e1ch \u00e2m Vibrofiltr c\u0169ng l\u00e0 m\u1ed9t trong nh\u1eefng d\u00f2ng s\u1ea3n ph\u1ea9m c\u00e1ch \u00e2m, ch\u1ed1ng \u1ed3n \u00f4 t\u00f4 t\u1ed1t nh\u1ea5t tr\u00ean th\u1ecb tr\u01b0\u1eddng hi\u1ec7n nay. S\u1ea3n ph\u1ea9m c\u00e1ch \u00e2m n\u00e0y c\u0169ng \u0111\u01b0\u1ee3c nhi\u1ec1u chuy\u00ean gia \u0111\u00e1nh gi\u00e1 cao b\u1edfi kh\u1ea3 n\u0103ng gi\u1ea3m ti\u1ebfng \u1ed3n, gi\u1ea3m \u00f9 tai r\u1ea5t hi\u1ec7u qu\u1ea3, kh\u00f4ng g\u00e2y m\u00f9i kh\u00f3 ch\u1ecbu,\u2026 Ngo\u00e0i ra, s\u1ea3n ph\u1ea9m c\u00e1ch \u00e2m n\u00e0y c\u00f2n c\u00f3 ngu\u1ed3n g\u1ed1c xu\u1ea5t x\u1ee9 t\u1eeb Nga r\u00f5 r\u00e0ng, b\u1ea1n c\u00f3 th\u1ec3 y\u00ean t\u00e2m khi s\u1eed d\u1ee5ng.<\/p>\n<p>C\u00e1ch \u00e2m Vibrofiltr c\u00f3 k\u00edch th\u01b0\u1edbc 50x70cm, \u0111\u01b0\u1ee3c c\u1ea5u t\u1ea1o t\u1eeb nh\u1ef1a Butyl nh\u1eb1m h\u1ea5p thu \u00e2m thanh, ti\u1ebfng \u1ed3n tr\u00ean b\u1ec1 m\u1eb7t xe. Ngo\u00e0i ra, v\u00ec \u0111\u01b0\u1ee3c c\u1ea5u t\u1ea1o t\u1eeb Butyl cao c\u1ea5p n\u00ean s\u1ea3n ph\u1ea9m c\u00e1ch \u00e2m n\u00e0y c\u00f2n c\u00f3 kh\u1ea3 n\u0103ng l\u00e0m gi\u1ea3m t\u1ed1i \u0111a \u0111\u01b0\u1eddng truy\u1ec1n rung \u0111\u1ed9ng c\u1ee7a t\u1ea7n s\u00f3ng \u00e2m v\u00e0 tri\u1ec7t ti\u00eau c\u00e1c t\u1ea1p \u00e2m trong khi l\u00e1i xe. Th\u00eam n\u1eefa, Vibrofiltr c\u00f2n c\u00f3 l\u1edbp b\u1ecdt polyurethane gi\u00fap ng\u0103n ch\u1eb7n qu\u00e1 tr\u00ecnh oxy h\u00f3a t\u1eeb m\u00f4i tr\u01b0\u1eddng.<\/p>\n<p>L\u1edbp nh\u1ef1a \u0111\u01b0\u1ee3c t\u00edch h\u1ee3p trong s\u1ea3n ph\u1ea9m l\u00e0 v\u1eadt li\u1ec7u c\u00e1ch \u00e2m h\u00e0ng \u0111\u1ea7u n\u00ean kh\u1ea3 n\u0103ng ng\u0103n ch\u1eb7n ti\u1ebfng \u1ed3n \u0111\u01b0\u1ee3c th\u1ec3 hi\u1ec7n r\u00f5 r\u1ec7t. S\u1ea3n ph\u1ea9m Vibrofiltr c\u00f2n c\u00f3 th\u00eam l\u1edbp keo b\u00e1m d\u00ednh \u0111\u1ea3m b\u1ea3o \u0111\u1ed9 k\u1ebft d\u00ednh cao v\u00e0 an to\u00e0n, kh\u00f4ng g\u00e2y ra m\u00f9i h\u00f4i kh\u00f3 ch\u1ecbu, kh\u00f4ng ch\u1ea3y keo v\u00e0 \u0111\u1ea3m b\u1ea3o an to\u00e0n \u0111\u1ebfn ng\u01b0\u1eddi s\u1eed d\u1ee5ng. S\u1ea3n ph\u1ea9m c\u00e1ch \u00e2m n\u00e0y s\u1ebd gi\u00fap b\u1ea1n t\u1eadn d\u1ee5ng \u0111\u01b0\u1ee3c nh\u1eefng ph\u00fat gi\u00e2y th\u01b0 gi\u00e3n ngay trong xe c\u1ee7a m\u00ecnh.<\/p>\n<figure id=\"attachment_10595\" class=\"wp-caption aligncenter\" aria-describedby=\"caption-attachment-10595\"><img loading=\"lazy\" decoding=\"async\" class=\"alignnone size-full wp-image-1355\" src=\"https:\/\/autothaiduong.vn\/wp-content\/uploads\/2025\/05\/cach-am-vibrofiltr-1.jpg\" width=\"800\" height=\"533\" alt=\"cach am vibrofiltr\" srcset=\"https:\/\/autothaiduong.vn\/wp-content\/uploads\/2025\/05\/cach-am-vibrofiltr-1.jpg 800w, https:\/\/autothaiduong.vn\/wp-content\/uploads\/2025\/05\/cach-am-vibrofiltr-1-600x400.jpg 600w, https:\/\/autothaiduong.vn\/wp-content\/uploads\/2025\/05\/cach-am-vibrofiltr-1-768x512.jpg 768w\" sizes=\"auto, (max-width: 800px) 100vw, 800px\" \/><figcaption id=\"caption-attachment-10595\" class=\"wp-caption-text\">Vibrofiltr l\u00e0 s\u1ea3n ph\u1ea9m c\u00e1ch \u00e2m c\u00f3 ngu\u1ed3n g\u1ed1c xu\u1ea5t x\u1ee9 t\u1eeb Nga r\u00f5 r\u00e0ng v\u00e0 ch\u00ednh h\u00e3ng<\/figcaption><\/figure>\n<h2 id=\"ftoc-heading-2\" class=\"ftwp-heading\">V\u00ec sao b\u1ea1n n\u00ean d\u00e1n c\u00e1ch \u00e2m Vibrofiltr cho xe \u00f4 t\u00f4<\/h2>\n<p>Khi l\u00e1i xe, ch\u1eafc h\u1eb3n b\u1ea1n s\u1ebd th\u01b0\u1eddng g\u1eb7p ph\u1ea3i nh\u1eefng ti\u1ebfng \u1ed3n \u0111\u01b0\u1ee3c truy\u1ec1n \u0111\u1ebfn t\u1eeb m\u00f4i tr\u01b0\u1eddng xung quanh xe c\u1ee7a b\u1ea1n. Nh\u1eefng \u00e2m thanh \u0111\u00f3 th\u01b0\u1eddng s\u1ebd khi\u1ebfn nhi\u1ec1u ng\u01b0\u1eddi c\u1ea3m th\u1ea5y kh\u00f3 ch\u1ecbu v\u00e0 g\u00e2y m\u1ea5t t\u1eadp trung trong qu\u00e1 tr\u00ecnh l\u00e1i xe. Ch\u00ednh v\u00ec v\u1eady, c\u00e1ch \u00e2m Vibrofiltr mang \u0111\u1ebfn gi\u1ea3i ph\u00e1p \u0111\u1ec3 h\u1ea1n ch\u1ebf nh\u1eefng ti\u1ebfng \u1ed3n \u0111\u00f3 cho b\u1ea1n. Vi\u1ec7c c\u00e1ch \u00e2m c\u00f3 th\u1ec3 l\u00e0m gi\u1ea3m l\u00ean \u0111\u1ebfn 80% t\u1ea1p \u00e2m t\u1eeb m\u00f4i tr\u01b0\u1eddng b\u00ean ngo\u00e0i.<\/p>\n<p>Vi\u1ec7c c\u00e1ch \u00e2m c\u00f2n gi\u00fap vi\u1ec7c \u0111\u00f3ng c\u1eeda \u00f4 t\u00f4 \u0111\u01b0\u1ee3c k\u00edn \u0111\u00e1o v\u00e0 ch\u1eafc ch\u1eafn h\u01a1n. Ngo\u00e0i ra, vi\u1ec7c d\u00e1n c\u00e1ch \u00e2m cho \u00f4 t\u00f4 c\u00f2n gi\u00fap chi\u1ebfc xe c\u1ee7a b\u1ea1n tr\u1edf n\u00ean sang tr\u1ecdng v\u00e0 \u0111\u1eb3ng c\u1ea5p h\u01a1n r\u1ea5t nhi\u1ec1u. Kh\u00f4ng nh\u1eefng th\u1ebf, b\u1ea1n c\u00f2n c\u00f3 th\u1ec3 t\u1eadn h\u01b0\u1edfng kh\u00f4ng gian b\u00ean trong xe \u0111\u01b0\u1ee3c tho\u1ea3i m\u00e1i h\u01a1n, ch\u1eb3ng h\u1ea1n nh\u01b0 khi nghe nh\u1ea1c, xem phim,\u2026 s\u1ebd tr\u00e1nh b\u1ecb qu\u1ea5y nhi\u1ec5u t\u1eeb nh\u1eefng ti\u1ebfng \u1ed3n xung quanh.<\/p>\n<figure id=\"attachment_10657\" class=\"wp-caption aligncenter\" aria-describedby=\"caption-attachment-10657\"><img loading=\"lazy\" decoding=\"async\" class=\"wp-image-10657 entered error\" src=\"https:\/\/auto66.vn\/wp-content\/uploads\/2023\/04\/122127320_1254126128278145_5662964833823308354_n-768x1024.jpg\" alt=\"Vi\u1ec7c c\u00e1ch \u00e2m c\u00f3 th\u1ec3 l\u00e0m gi\u1ea3m l\u00ean \u0111\u1ebfn 80% t\u1ea1p \u00e2m c\u1ea3 b\u00ean ngo\u00e0i v\u00e0 b\u00ean trong \u0111\u1ed9ng c\u01a1 xe\" width=\"800\" height=\"1067\" data-lazy-src=\"https:\/\/auto66.vn\/wp-content\/uploads\/2023\/04\/122127320_1254126128278145_5662964833823308354_n-768x1024.jpg\" data-ll-status=\"error\" \/><figcaption id=\"caption-attachment-10657\" class=\"wp-caption-text\">Vi\u1ec7c c\u00e1ch \u00e2m c\u00f3 th\u1ec3 l\u00e0m gi\u1ea3m l\u00ean \u0111\u1ebfn 80% t\u1ea1p \u00e2m t\u1eeb m\u00f4i tr\u01b0\u1eddng b\u00ean ngo\u00e0i<\/figcaption><\/figure>\n<h2 id=\"ftoc-heading-3\" class=\"ftwp-heading\">Nh\u1eefng v\u1ecb tr\u00ed n\u00ean l\u1eafp c\u00e1ch \u00e2m ch\u00ednh h\u00e3ng Nga Vibrofiltr cho xe \u00f4 t\u00f4<\/h2>\n<p>Ngo\u00e0i c\u00e1c th\u00f4ng tin v\u1ec1 c\u1ea5u t\u1ea1o v\u00e0 \u0111\u1eb7c \u0111i\u1ec3m c\u1ee7a s\u1ea3n ph\u1ea9m c\u00e1ch \u00e2m ch\u1ed1ng \u1ed3n cho \u00f4 t\u00f4 Vibrofiltr, b\u1ea1n c\u0169ng n\u00ean bi\u1ebft \u0111\u1ebfn c\u00e1c v\u1ecb tr\u00ed c\u1ea7n d\u00e1n c\u00e1ch \u00e2m ph\u00f9 h\u1ee3p. Hi\u1ec7u qu\u1ea3 c\u1ee7a s\u1ea3n ph\u1ea9m c\u00e0ng \u0111\u01b0\u1ee3c t\u0103ng cao ch\u1ec9 khi v\u1ecb tr\u00ed d\u00e1n c\u00f3 th\u1ec3 ph\u00e1t huy \u0111\u01b0\u1ee3c nh\u1eefng t\u00ednh n\u0103ng c\u1ee7a s\u1ea3n ph\u1ea9m c\u00e1ch \u00e2m. Th\u00f4ng th\u01b0\u1eddng, c\u00e1c v\u1ecb tr\u00ed n\u00ean d\u00e1n c\u00e1ch \u00e2m c\u00f3 th\u1ec3 k\u1ec3 \u0111\u1ebfn l\u00e0 n\u1eafp \u0111\u1ed9ng c\u01a1, h\u1ed1c b\u00e1nh xe, c\u1eeda xe, s\u00e0n xe.<\/p>\n<h3 id=\"ftoc-heading-4\" class=\"ftwp-heading\">D\u00e1n c\u00e1ch \u00e2m Vibrofiltr n\u1eafp \u0111\u1ed9ng c\u01a1<\/h3>\n<p>D\u00e1n c\u00e1ch \u00e2m t\u1ea1i n\u1eafp \u0111\u1ed9ng c\u01a1 gi\u00fap h\u1ea1n ch\u1ebf \u0111\u01b0\u1ee3c ti\u1ebfng \u1ed3n th\u01b0\u1eddng hay ph\u00e1t ra b\u00ean trong \u0111\u1ed9ng c\u01a1 xe;<\/p>\n<figure id=\"attachment_10663\" class=\"wp-caption aligncenter\" aria-describedby=\"caption-attachment-10663\"><img loading=\"lazy\" decoding=\"async\" class=\"wp-image-10663 entered error\" src=\"https:\/\/auto66.vn\/wp-content\/uploads\/2023\/04\/330949857_2372520766248595_1479289899788299253_n-1024x768.jpg\" alt=\"d\u00e1n c\u00e1ch \u00e2m Vibrofiltr n\u1eafp capo v\u00e0 ch\u00e2n k\u00ednh khoan m\u00e1y\" width=\"800\" height=\"600\" data-lazy-src=\"https:\/\/auto66.vn\/wp-content\/uploads\/2023\/04\/330949857_2372520766248595_1479289899788299253_n-1024x768.jpg\" data-ll-status=\"error\" \/><figcaption id=\"caption-attachment-10663\" class=\"wp-caption-text\">D\u00e1n c\u00e1ch \u00e2m Vibrofiltr n\u1eafp capo v\u00e0 ch\u00e2n k\u00ednh khoan m\u00e1y<\/figcaption><\/figure>\n<p>&nbsp;<\/p>\n<h3 id=\"ftoc-heading-5\" class=\"ftwp-heading\">D\u00e1n c\u00e1ch \u00e2m Vibrofiltr h\u1ed1c b\u00e1nh xe<\/h3>\n<p>D\u00e1n c\u00e1ch \u00e2m t\u1ea1i h\u1ed1c xe c\u00f3 kh\u1ea3 n\u0103ng ng\u0103n ch\u1eb7n ti\u1ebfng \u1ed3n ph\u00e1t ra khi b\u00e1nh xe ma s\u00e1t v\u1edbi m\u1eb7t \u0111\u01b0\u1eddng l\u00fac di chuy\u1ec3n;<\/p>\n<p>&nbsp;<\/p>\n<figure id=\"attachment_10664\" class=\"wp-caption aligncenter\" aria-describedby=\"caption-attachment-10664\"><img loading=\"lazy\" decoding=\"async\" class=\"wp-image-10664 entered error\" src=\"https:\/\/auto66.vn\/wp-content\/uploads\/2023\/04\/331053595_687349959838899_8142384304405608055_n-1024x768.jpg\" alt=\"D\u00e1n c\u00e1ch \u00e2m Vibrofiltr v\u1ecb tr\u00ed h\u00f3c b\u00e1nh xe\" width=\"800\" height=\"600\" data-lazy-src=\"https:\/\/auto66.vn\/wp-content\/uploads\/2023\/04\/331053595_687349959838899_8142384304405608055_n-1024x768.jpg\" data-ll-status=\"error\" \/><figcaption id=\"caption-attachment-10664\" class=\"wp-caption-text\">D\u00e1n c\u00e1ch \u00e2m Vibrofiltr v\u1ecb tr\u00ed h\u00f3c b\u00e1nh xe<\/figcaption><\/figure>\n<figure id=\"attachment_10661\" class=\"wp-caption aligncenter\" aria-describedby=\"caption-attachment-10661\"><img decoding=\"async\" class=\"wp-image-10661 entered exited\" src=\"data:;base64,<svg%20xmlns='http:\/\/www.w3.org\/2000\/svg'%20viewBox='0%200%20800%201126'><\/svg>&#8221; alt=&#8221;D\u00e1n c\u00e1ch \u00e2m Vibrofiltr v\u1ecb tr\u00ed l\u00f2ng d\u00e8 (h\u00f3c b\u00e1nh xe)&#8221; width=&#8221;800&#8243; height=&#8221;1126&#8243; data-lazy-src=&#8221;https:\/\/auto66.vn\/wp-content\/uploads\/2023\/04\/319178725_2461465744000892_8392627227015480941_n-e1681225897753-728&#215;1024.jpg&#8221; \/><figcaption id=\"caption-attachment-10661\" class=\"wp-caption-text\">D\u00e1n c\u00e1ch \u00e2m Vibrofiltr v\u1ecb tr\u00ed l\u00f2ng d\u00e8 (h\u00f3c b\u00e1nh xe)<\/figcaption><\/figure>\n<figure id=\"attachment_10660\" class=\"wp-caption aligncenter\" aria-describedby=\"caption-attachment-10660\"><img decoding=\"async\" class=\"wp-image-10660 entered exited\" src=\"data:;base64,<svg%20xmlns='http:\/\/www.w3.org\/2000\/svg'%20viewBox='0%200%20800%20450'><\/svg>&#8221; alt=&#8221;d\u00e1n c\u00e1ch \u00e2m Vibrofiltr v\u1ecb tr\u00ed h\u00f3c b\u00e1nh trong xe 2 l\u1edbp&#8221; width=&#8221;800&#8243; height=&#8221;450&#8243; data-lazy-src=&#8221;https:\/\/auto66.vn\/wp-content\/uploads\/2023\/04\/318957530_2461465710667562_3096602079230044479_n-1024&#215;576.jpg&#8221; \/><figcaption id=\"caption-attachment-10660\" class=\"wp-caption-text\">D\u00e1n c\u00e1ch \u00e2m Vibrofiltr v\u1ecb tr\u00ed h\u00f3c b\u00e1nh trong xe 2 l\u1edbp<\/figcaption><\/figure>\n<h3 id=\"ftoc-heading-6\" class=\"ftwp-heading\">D\u00e1n c\u00e1ch \u00e2m Vibrofiltr c\u1eeda xe<\/h3>\n<p>D\u00e1n c\u00e1ch \u00e2m \u1edf c\u1eeda xe nh\u1eb1m h\u1ea5p thu c\u00e1c \u00e2m thanh, ti\u1ebfng \u1ed3n t\u1eeb m\u00f4i tr\u01b0\u1eddng xung quanh;<\/p>\n<p>&nbsp;<\/p>\n<figure id=\"attachment_10592\" class=\"wp-caption aligncenter\" aria-describedby=\"caption-attachment-10592\"><img loading=\"lazy\" decoding=\"async\" class=\"alignnone size-full wp-image-1356\" src=\"https:\/\/autothaiduong.vn\/wp-content\/uploads\/2025\/05\/cach-am-vibrofiltr-3.jpg\" width=\"800\" height=\"601\" alt=\"cach am vibrofiltr\" srcset=\"https:\/\/autothaiduong.vn\/wp-content\/uploads\/2025\/05\/cach-am-vibrofiltr-3.jpg 800w, https:\/\/autothaiduong.vn\/wp-content\/uploads\/2025\/05\/cach-am-vibrofiltr-3-600x451.jpg 600w, https:\/\/autothaiduong.vn\/wp-content\/uploads\/2025\/05\/cach-am-vibrofiltr-3-768x577.jpg 768w\" sizes=\"auto, (max-width: 800px) 100vw, 800px\" \/><figcaption id=\"caption-attachment-10592\" class=\"wp-caption-text\">D\u00e1n c\u00e1ch \u00e2m c\u1eeda Vibrofiltr l\u1edbp th\u1ee9 nh\u1ea5t gi\u1ea3m \u1ed3n m\u00f4i tr\u01b0\u1eddng b\u00ean ngo\u00e0i<\/figcaption><\/figure>\n<figure id=\"attachment_10662\" class=\"wp-caption aligncenter\" aria-describedby=\"caption-attachment-10662\"><img decoding=\"async\" class=\"wp-image-10662 entered exited\" src=\"data:;base64,<svg%20xmlns='http:\/\/www.w3.org\/2000\/svg'%20viewBox='0%200%20800%20600'><\/svg>&#8221; alt=&#8221;D\u00e1n c\u00e1ch \u00e2m c\u1eeda Vibrofiltr l\u1edbp th\u1ee9 2 t\u0103ng c\u01b0\u1eddng v\u00e0 t\u1ea1o th\u00f9ng h\u01a1i cho \u00e2m thanh loa hay h\u01a1n&#8221; width=&#8221;800&#8243; height=&#8221;600&#8243; data-lazy-src=&#8221;https:\/\/auto66.vn\/wp-content\/uploads\/2023\/04\/330345686_875985097037568_1124694622318958802_n-1024&#215;768.jpg&#8221; \/><figcaption id=\"caption-attachment-10662\" class=\"wp-caption-text\">D\u00e1n c\u00e1ch \u00e2m c\u1eeda Vibrofiltr l\u1edbp th\u1ee9 2 t\u0103ng c\u01b0\u1eddng v\u00e0 t\u1ea1o th\u00f9ng h\u01a1i cho \u00e2m thanh loa hay h\u01a1n<\/figcaption><\/figure>\n<h3 id=\"ftoc-heading-7\" class=\"ftwp-heading\">D\u00e1n c\u00e1ch \u00e2m Vibrofiltr s\u00e0n xe<\/h3>\n<p>D\u00e1n c\u00e1ch \u00e2m \u1edf s\u00e0n xe gi\u00fap ng\u0103n ch\u1eb7n \u00e2m thanh ph\u00e1t ra khi \u0111\u1ea5t, \u0111\u00e1 va ch\u1ea1m v\u00e0 \u0111\u1eadp v\u00e0o g\u1ea7m xe.<\/p>\n<figure id=\"attachment_10591\" class=\"wp-caption aligncenter\" aria-describedby=\"caption-attachment-10591\"><img loading=\"lazy\" decoding=\"async\" class=\"alignnone size-full wp-image-1357\" src=\"https:\/\/autothaiduong.vn\/wp-content\/uploads\/2025\/05\/cach-am-vibrofiltr-2.jpg\" width=\"800\" height=\"520\" alt=\"cach am vibrofiltr\" srcset=\"https:\/\/autothaiduong.vn\/wp-content\/uploads\/2025\/05\/cach-am-vibrofiltr-2.jpg 800w, https:\/\/autothaiduong.vn\/wp-content\/uploads\/2025\/05\/cach-am-vibrofiltr-2-600x390.jpg 600w, https:\/\/autothaiduong.vn\/wp-content\/uploads\/2025\/05\/cach-am-vibrofiltr-2-768x499.jpg 768w\" sizes=\"auto, (max-width: 800px) 100vw, 800px\" \/><figcaption id=\"caption-attachment-10591\" class=\"wp-caption-text\">D\u00e1n c\u00e1ch \u00e2m c\u1eeda Vibrofiltr v\u1ecb tr\u00ed s\u00e0n xe<\/figcaption><\/figure>\n<figure id=\"attachment_10659\" class=\"wp-caption aligncenter\" aria-describedby=\"caption-attachment-10659\"><img decoding=\"async\" class=\"wp-image-10659 entered exited\" src=\"data:;base64,<svg%20xmlns='http:\/\/www.w3.org\/2000\/svg'%20viewBox='0%200%20800%20600'><\/svg>&#8221; alt=&#8221;D\u00e1n c\u00e1ch \u00e2m c\u1eeda Vibrofiltr v\u1ecb tr\u00ed s\u00e0n xe th\u00eam l\u1edbp ti\u00eau \u00e2m&#8221; width=&#8221;800&#8243; height=&#8221;600&#8243; data-lazy-src=&#8221;https:\/\/auto66.vn\/wp-content\/uploads\/2023\/04\/317093089_2461465804000886_2093560318258417620_n-1024&#215;768.jpg&#8221; \/><figcaption id=\"caption-attachment-10659\" class=\"wp-caption-text\">D\u00e1n c\u00e1ch \u00e2m c\u1eeda Vibrofiltr v\u1ecb tr\u00ed s\u00e0n xe th\u00eam l\u1edbp th\u1ee9 2 l\u00e0 ti\u00eau \u00e2m<\/figcaption><\/figure>\n<h3 id=\"ftoc-heading-8\" class=\"ftwp-heading\">D\u00e1n c\u00e1ch \u00e2m Vibrofiltr tr\u1ea7n xe<\/h3>\n<p>D\u00e1n c\u00e1ch \u00e2m v\u1ecb tr\u00ed tr\u1ea7n xe gi\u00fap gi\u1ea3m \u1ed3n khi tr\u1eddi m\u01b0a v\u00e0 gi\u1ea3m rung \u0111\u1ed9ng th\u00e2n xe.<\/p>\n<figure id=\"attachment_10658\" class=\"wp-caption aligncenter\" aria-describedby=\"caption-attachment-10658\"><img decoding=\"async\" class=\"wp-image-10658 entered exited\" src=\"data:;base64,<svg%20xmlns='http:\/\/www.w3.org\/2000\/svg'%20viewBox='0%200%20800%20600'><\/svg>&#8221; alt=&#8221;D\u00e1n c\u00e1ch \u00e2m c\u1eeda Vibrofiltr tr\u1ea7n xe&#8221; width=&#8221;800&#8243; height=&#8221;600&#8243; data-lazy-src=&#8221;https:\/\/auto66.vn\/wp-content\/uploads\/2023\/04\/122446959_1254125998278158_4827218311439163265_n-1024&#215;768.jpg&#8221; \/><figcaption id=\"caption-attachment-10658\" class=\"wp-caption-text\">D\u00e1n c\u00e1ch \u00e2m c\u1eeda Vibrofiltr tr\u1ea7n xe<\/figcaption><\/figure>\n<p>&nbsp;<\/p>\n<h2 id=\"ftoc-heading-9\" class=\"ftwp-heading\">\u01afu \u0111i\u1ec3m n\u1ed5i b\u1eadt c\u1ee7a c\u00e1ch \u00e2m ch\u00ednh h\u00e3ng Nga Vibrofiltr<\/h2>\n<p>Ngo\u00e0i vi\u1ec7c s\u1ea3n ph\u1ea9m c\u00e1ch \u00e2m ch\u00ednh h\u00e3ng Nga Vibrofiltr \u0111\u01b0\u1ee3c c\u1ea5u t\u1ea1o v\u1edbi c\u00e1c th\u00e0nh ph\u1ea7n an to\u00e0n, \u0111\u1ea3m b\u1ea3o s\u1ee9c kh\u1ecfe cho ng\u01b0\u1eddi s\u1eed d\u1ee5ng, ngu\u1ed3n g\u1ed1c, xu\u1ea5t x\u1ee9 r\u00f5 r\u00e0ng,\u2026, s\u1ea3n ph\u1ea9m c\u00f2n t\u00edch h\u1ee3p nhi\u1ec1u \u01b0u \u0111i\u1ec3m n\u1ed5i b\u1eadt. S\u1ea3n ph\u1ea9m c\u00e1ch \u00e2m n\u00e0y c\u0169ng th\u01b0\u1eddng \u0111\u01b0\u1ee3c nhi\u1ec1u kh\u00e1ch h\u00e0ng tin t\u01b0\u1edfng v\u00e0 l\u1ef1a ch\u1ecdn s\u1eed d\u1ee5ng. D\u01b0\u1edbi \u0111\u00e2y l\u00e0 nh\u1eefng \u01b0u \u0111i\u1ec3m v\u01b0\u1ee3t tr\u1ed9i c\u1ee7a Vibrofiltr m\u00e0 b\u1ea1n n\u00ean bi\u1ebft:<\/p>\n<ul>\n<li>S\u1ea3n ph\u1ea9m \u0111\u01b0\u1ee3c c\u1ea5u t\u1ea1o t\u1eeb nh\u1ef1a Butyl cao c\u1ea5p c\u00f9ng l\u1edbp b\u1ecdt polyurethane ch\u1ed1ng th\u1ea5m n\u01b0\u1edbc n\u00ean \u0111\u01b0\u1ee3c \u0111\u1ea3m b\u1ea3o v\u1ec1 c\u1ea3 ch\u1ea5t l\u01b0\u1ee3ng l\u1eabn \u0111\u1ed9 an to\u00e0n khi s\u1eed d\u1ee5ng;<\/li>\n<li>Kh\u1ea3 n\u0103ng ng\u0103n ti\u1ebfng \u1ed3n l\u00ean \u0111\u1ebfn 80% gi\u00fap ch\u1ee7 xe d\u1ec5 ch\u1ecbu, tho\u1ea3i m\u00e1i v\u00e0 t\u1eadp trung h\u01a1n trong qu\u00e1 tr\u00ecnh l\u00e1i xe;<\/li>\n<li>S\u1ea3n ph\u1ea9m c\u00f3 ngu\u1ed3n g\u1ed1c xu\u1ea5t x\u1ee9 r\u00f5 r\u00e0ng v\u00e0 \u0111\u00e3 th\u00f4ng qua qu\u00e1 tr\u00ecnh th\u1ea9m \u0111\u1ecbnh nghi\u00eam ng\u1eb7t v\u1ec1 \u0111\u1ed9 b\u1ec1n v\u00e0 kh\u1ea3 n\u0103ng ch\u1ecbu nhi\u1ec7t c\u1ee7a s\u1ea3n ph\u1ea9m c\u00e1ch \u00e2m;<\/li>\n<li>Gi\u1ea3m thi\u1ec3u c\u00e1c ti\u1ebfng \u1ed3n, ti\u1ebfng va \u0111\u1eadp \u0111\u01b0\u1ee3c g\u00e2y n\u00ean b\u1edfi \u0111\u1ea5t, \u0111\u00e1, ph\u01b0\u01a1ng ti\u1ec7n giao th\u00f4ng kh\u00e1c, th\u1eddi ti\u1ebft,\u2026 l\u00ean xung quanh xe c\u1ee7a b\u1ea1n;<\/li>\n<li>Gi\u00fap b\u1ea1n c\u00f3 th\u1ec3 th\u01b0\u1edfng th\u1ee9c \u00e2m thanh \u0111\u01b0\u1ee3c r\u00f5 r\u00e0ng v\u00e0 t\u1eadn h\u01b0\u1edfng kh\u00f4ng gian th\u01b0 gi\u00e3n b\u00ean trong xe c\u1ee7a m\u00ecnh.<\/li>\n<\/ul>\n<figure id=\"attachment_10593\" class=\"wp-caption aligncenter\" aria-describedby=\"caption-attachment-10593\"><img loading=\"lazy\" decoding=\"async\" class=\"alignnone size-full wp-image-1358\" src=\"https:\/\/autothaiduong.vn\/wp-content\/uploads\/2025\/05\/cach-am-vibrofiltr-4.jpg\" width=\"800\" height=\"521\" alt=\"cach am vibrofiltr\" srcset=\"https:\/\/autothaiduong.vn\/wp-content\/uploads\/2025\/05\/cach-am-vibrofiltr-4.jpg 800w, https:\/\/autothaiduong.vn\/wp-content\/uploads\/2025\/05\/cach-am-vibrofiltr-4-600x391.jpg 600w, https:\/\/autothaiduong.vn\/wp-content\/uploads\/2025\/05\/cach-am-vibrofiltr-4-768x500.jpg 768w\" sizes=\"auto, (max-width: 800px) 100vw, 800px\" \/><figcaption id=\"caption-attachment-10593\" class=\"wp-caption-text\">Nh\u1eefng \u01b0u \u0111i\u1ec3m n\u1ed5i b\u1eadt c\u1ee7a s\u1ea3n ph\u1ea9m c\u00e1ch \u00e2m, ch\u1ed1ng \u1ed3n Nga Vibrofiltr b\u1ea1n n\u00ean bi\u1ebft<\/figcaption><\/figure>\n<h2 id=\"ftoc-heading-10\" class=\"ftwp-heading\">Tham kh\u1ea3o b\u1ea3ng gi\u00e1 c\u00e1ch \u00e2m xe h\u01a1i \u2013 V\u1eadt li\u1ec7u Vibrofilr<\/h2>\n<figure id=\"attachment_11309\" class=\"wp-caption aligncenter\" aria-describedby=\"caption-attachment-11309\"><img loading=\"lazy\" decoding=\"async\" class=\"size-large wp-image-11309 entered error\" src=\"https:\/\/auto66.vn\/wp-content\/uploads\/2023\/04\/344028727_1219858832030127_6008754881150264781_n-1024x710.jpg\" alt=\"Tham kh\u1ea3o b\u1ea3ng gi\u00e1 c\u00e1ch \u00e2m xe h\u01a1i \u2013 V\u1eadt li\u1ec7u Vibrofilr\" width=\"1020\" height=\"707\" data-lazy-src=\"https:\/\/auto66.vn\/wp-content\/uploads\/2023\/04\/344028727_1219858832030127_6008754881150264781_n-1024x710.jpg\" data-ll-status=\"error\" \/><figcaption id=\"caption-attachment-11309\" class=\"wp-caption-text\">Tham kh\u1ea3o b\u1ea3ng gi\u00e1 c\u00e1ch \u00e2m xe h\u01a1i \u2013 V\u1eadt li\u1ec7u Vibrofilr<\/figcaption><\/figure>\n","protected":false},"excerpt":{"rendered":"<p>273-275 Tr\u1ea7n Ph\u00fa Ph\u01b0\u1eddng L\u1ed9c S\u01a1n Th\u00e0nh Ph\u1ed1 B\u1ea3o L\u1ed9c T\u1ec9nh L\u00e2m \u0110\u1ed3ng Hotline: 0912197441 &nbsp; S\u1ea3n ph\u1ea9m c\u00e1ch \u00e2m Vibrofiltr hi\u1ec7n \u0111ang l\u00e0 m\u1ed9t trong nh\u1eefng d\u00f2ng s\u1ea3n ph\u1ea9m c\u00e1ch \u00e2m ch\u1ea5t l\u01b0\u1ee3ng nh\u1ea5t c\u1ee7a Nga. S\u1ea3n ph\u1ea9m c\u00e1ch \u00e2m n\u00e0y c\u00f3 kh\u1ea3 n\u0103ng duy tr\u00ec s\u1ef1 y\u00ean t\u0129nh v\u00e0 gi\u1ea3m thi\u1ec3u t\u00ecnh tr\u1ea1ng [&#8230;]\n","protected":false},"featured_media":1355,"comment_status":"open","ping_status":"closed","template":"","meta":[],"product_brand":[123],"product_cat":[19,121],"product_tag":[],"class_list":{"0":"post-1352","1":"product","2":"type-product","3":"status-publish","4":"has-post-thumbnail","6":"product_brand-vibrofilt","7":"product_cat-am-thanh","8":"product_cat-cach-am-chong-on","10":"first","11":"instock","12":"shipping-taxable","13":"product-type-simple"},"_links":{"self":[{"href":"https:\/\/autothaiduong.vn\/index.php?rest_route=\/wp\/v2\/product\/1352","targetHints":{"allow":["GET"]}}],"collection":[{"href":"https:\/\/autothaiduong.vn\/index.php?rest_route=\/wp\/v2\/product"}],"about":[{"href":"https:\/\/autothaiduong.vn\/index.php?rest_route=\/wp\/v2\/types\/product"}],"replies":[{"embeddable":true,"href":"https:\/\/autothaiduong.vn\/index.php?rest_route=%2Fwp%2Fv2%2Fcomments&post=1352"}],"wp:featuredmedia":[{"embeddable":true,"href":"https:\/\/autothaiduong.vn\/index.php?rest_route=\/wp\/v2\/media\/1355"}],"wp:attachment":[{"href":"https:\/\/autothaiduong.vn\/index.php?rest_route=%2Fwp%2Fv2%2Fmedia&parent=1352"}],"wp:term":[{"taxonomy":"product_brand","embeddable":true,"href":"https:\/\/autothaiduong.vn\/index.php?rest_route=%2Fwp%2Fv2%2Fproduct_brand&post=1352"},{"taxonomy":"product_cat","embeddable":true,"href":"https:\/\/autothaiduong.vn\/index.php?rest_route=%2Fwp%2Fv2%2Fproduct_cat&post=1352"},{"taxonomy":"product_tag","embeddable":true,"href":"https:\/\/autothaiduong.vn\/index.php?rest_route=%2Fwp%2Fv2%2Fproduct_tag&post=1352"}],"curies":[{"name":"wp","href":"https:\/\/api.w.org\/{rel}","templated":true}]}}