{"id":1361,"date":"2025-05-13T13:57:18","date_gmt":"2025-05-13T13:57:18","guid":{"rendered":"https:\/\/autothaiduong.vn\/?post_type=product&#038;p=1361"},"modified":"2025-05-13T13:57:30","modified_gmt":"2025-05-13T13:57:30","slug":"phuoc-profender-monotube-8-step-chinh-8-nac","status":"publish","type":"product","link":"https:\/\/autothaiduong.vn\/?product=phuoc-profender-monotube-8-step-chinh-8-nac","title":{"rendered":"Phu\u1ed9c Profender Monotube 8 step (ch\u1ec9nh 8 n\u1ea5c)"},"content":{"rendered":"<h2 class=\"title1 text-left\">Chi ti\u1ebft s\u1ea3n ph\u1ea9m<\/h2>\n<div class=\"content\">\n<ul>\n<li><strong>Phu\u1ed9c Profender Monotube<\/strong>\u00a0cao c\u1ea5p s\u1ea3n xu\u1ea5t t\u1ea1i\u00a0<strong>Th\u00e1i Lan<\/strong>.<\/li>\n<li>L\u1eafp \u0111\u01b0\u1ee3c cho xe b\u00e1n t\u1ea3i\u00a0<strong>Ford Ranger<\/strong>,\u00a0<strong>Hilux<\/strong>,\u00a0<strong>Triton<\/strong>,\u00a0<strong>Colorado<\/strong>,\u00a0<strong>Bt50<\/strong>,\u00a0<strong>Dmax<\/strong>\u00a0v\u00e0 m\u1ed9t s\u1ed1 d\u00f2ng xe SUV kh\u00e1c nh\u01b0:\u00a0<strong>Everest<\/strong>,\u00a0<strong>Fortuner<\/strong>,\u00a0<strong>Traiblazer<\/strong>,\u00a0<strong>Pajero Sport<\/strong>.<\/li>\n<li>B\u1ed9<strong>\u00a0phu\u1ed9c Profender Monotube<\/strong>\u00a0g\u1ed3m 2 c\u00e2y tr\u01b0\u1edbc v\u00e0 2 c\u00e2y sau.<\/li>\n<li><strong>Phu\u1ed9c Profender Th\u00e1i Lan\u00a0<\/strong>c\u00f3 8 ch\u1ebf \u0111\u1ed9 \u0111i\u1ec1u ch\u1ec9nh, gi\u00fap xe di chuy\u1ec3n \u00eam \u00e1i h\u01a1n, h\u1ea1n ch\u1ebf t\u00ecnh tr\u1ea1ng d\u1eb1n x\u00f3c khi \u0111i tr\u00ean nh\u1eefng \u0111o\u1ea1n \u0111\u01b0\u1eddng x\u1ea5u v\u00e0 g\u1ed3 gh\u1ec1.<\/li>\n<li>Ngo\u00e0i ra,\u00a0<strong>\u0111\u1ed9 phu\u1ed9c Profender Monotube<\/strong>\u00a0c\u00f2n gi\u00fap t\u0103ng kh\u1ea3 n\u0103ng ch\u1ecbu t\u1ea3i c\u1ee7a xe.<\/li>\n<li>Linh ho\u1ea1t h\u01a1n trong vi\u1ec7c v\u1eadn chuy\u1ec3n c\u00e1c lo\u1ea1i h\u00e0ng h\u00f3a c\u00f3 t\u1ea3i tr\u1ecdng kh\u00e1c nhau v\u1edbi 8 n\u1ea5c \u0111i\u1ec1u ch\u1ec9nh.<\/li>\n<li>B\u1ea3o d\u01b0\u1ee1ng d\u1ec5 d\u00e0ng v\u00e0 nhanh ch\u00f3ng v\u1edbi\u00a0<strong>k\u1ebft c\u1ea5u Monotube<\/strong><strong>\u00a0<\/strong>(thi\u1ebft k\u1ebf th\u00e1o r\u1eddi t\u1eebng chi ti\u1ebft).<\/li>\n<li>Thi\u1ebft k\u1ebf ch\u1ed1ng r\u00f2 r\u1ec9 d\u1ea7u, ho\u1ea1t \u0111\u1ed9ng t\u1ed1t ngay c\u1ea3 trong \u0111i\u1ec1u ki\u1ec7n b\u1ee5i b\u1ea9n v\u00e0 n\u01b0\u1edbc.<\/li>\n<li>\u0110a d\u1ea1ng v\u1ec1 m\u1eabu m\u00e3 ph\u00f9 h\u1ee3p cho t\u1eebng d\u00f2ng xe, gi\u00fap form xe ch\u1eafc ch\u1eafn h\u01a1n khi v\u1eadn h\u00e0nh tr\u00ean m\u1ecdi cung \u0111\u01b0\u1eddng.<\/li>\n<li>B\u1ea3o h\u00e0nh l\u00ean \u0111\u1ebfn 24 th\u00e1ng.<\/li>\n<li><strong>MI\u1ec4N PH\u00cd L\u1eaeP \u0110\u1eb6T HO\u00c0N THI\u1ec6N<\/strong> t\u1ea1i Auto Th\u00e1i D\u01b0\u01a1ng (gi\u00e1 tr\u00ean ch\u01b0a bao g\u1ed3m VAT).<\/li>\n<\/ul>\n<p>\u0110\u1ec3 mua h\u00e0ng qu\u00fd kh\u00e1ch vui l\u00f2ng li\u00ean h\u1ec7 nh\u00e2n vi\u00ean t\u01b0 v\u1ea5n theo s\u1ed1 <strong>0912197441<\/strong> Ho\u1eb7c gh\u00e9 tr\u1ef1c ti\u1ebfp \u0111\u1ecba ch\u1ec9 l\u00e0m vi\u1ec7c c\u1ee7a Auto Th\u00e1i D\u01b0\u01a1ng t\u1ea1i 273-275 Tr\u1ea7n Ph\u00fa Ph\u01b0\u1eddng L\u1ed9c S\u01a1n Th\u00e0nh Ph\u1ed1 B\u1ea3o L\u1ed9c T\u1ec9nh L\u00e2m \u0110\u1ed3ng<\/p>\n<\/div>\n","protected":false},"excerpt":{"rendered":"<p>Phu\u1ed9c Profender Monotube cao c\u1ea5p s\u1ea3n xu\u1ea5t t\u1ea1i Th\u00e1i Lan, c\u00f3 8 ch\u1ebf \u0111\u1ed9 \u0111i\u1ec1u ch\u1ec9nh ri\u00eang bi\u1ec7t, l\u1eafp \u0111\u01b0\u1ee3c cho nhi\u1ec1u d\u00f2ng xe b\u00e1n t\u1ea3i nh\u01b0: Ford Ranger, Hilux, Triton, Colorado, Bt50 v\u00e0 Dmax.<\/p>\n","protected":false},"featured_media":1362,"comment_status":"open","ping_status":"closed","template":"","meta":[],"product_brand":[133],"product_cat":[22,21,92],"product_tag":[],"class_list":{"0":"post-1361","1":"product","2":"type-product","3":"status-publish","4":"has-post-thumbnail","6":"product_brand-profender","7":"product_cat-do-choi-xe","8":"product_cat-do-choi-ban-tai","9":"product_cat-phuoc","11":"first","12":"instock","13":"shipping-taxable","14":"purchasable","15":"product-type-simple"},"_links":{"self":[{"href":"https:\/\/autothaiduong.vn\/index.php?rest_route=\/wp\/v2\/product\/1361","targetHints":{"allow":["GET"]}}],"collection":[{"href":"https:\/\/autothaiduong.vn\/index.php?rest_route=\/wp\/v2\/product"}],"about":[{"href":"https:\/\/autothaiduong.vn\/index.php?rest_route=\/wp\/v2\/types\/product"}],"replies":[{"embeddable":true,"href":"https:\/\/autothaiduong.vn\/index.php?rest_route=%2Fwp%2Fv2%2Fcomments&post=1361"}],"wp:featuredmedia":[{"embeddable":true,"href":"https:\/\/autothaiduong.vn\/index.php?rest_route=\/wp\/v2\/media\/1362"}],"wp:attachment":[{"href":"https:\/\/autothaiduong.vn\/index.php?rest_route=%2Fwp%2Fv2%2Fmedia&parent=1361"}],"wp:term":[{"taxonomy":"product_brand","embeddable":true,"href":"https:\/\/autothaiduong.vn\/index.php?rest_route=%2Fwp%2Fv2%2Fproduct_brand&post=1361"},{"taxonomy":"product_cat","embeddable":true,"href":"https:\/\/autothaiduong.vn\/index.php?rest_route=%2Fwp%2Fv2%2Fproduct_cat&post=1361"},{"taxonomy":"product_tag","embeddable":true,"href":"https:\/\/autothaiduong.vn\/index.php?rest_route=%2Fwp%2Fv2%2Fproduct_tag&post=1361"}],"curies":[{"name":"wp","href":"https:\/\/api.w.org\/{rel}","templated":true}]}}