{"id":1373,"date":"2025-05-13T14:38:34","date_gmt":"2025-05-13T14:38:34","guid":{"rendered":"https:\/\/autothaiduong.vn\/?post_type=product&#038;p=1373"},"modified":"2026-01-27T12:42:23","modified_gmt":"2026-01-27T12:42:23","slug":"bi-gam-henvvei-gt-1-3-che-do-mau","status":"publish","type":"product","link":"https:\/\/autothaiduong.vn\/?product=bi-gam-henvvei-gt-1-3-che-do-mau","title":{"rendered":"BI G\u1ea6M HENVVEI GT-1  3.0  3 Ch\u1ebf \u0110\u1ed9 M\u00e0u"},"content":{"rendered":"<p><img loading=\"lazy\" decoding=\"async\" class=\" wp-image-1044 aligncenter\" src=\"https:\/\/autothaiduong.vn\/wp-content\/uploads\/2025\/05\/z6584734442481_f208f5944548cb4b46353402ce2e64e0.jpg\" alt=\"\" width=\"227\" height=\"201\" \/><\/p>\n<p style=\"text-align: center;\"><span style=\"color: #ff0000; font-size: 150%;\"><strong>273-275 Tr\u1ea7n Ph\u00fa Ph\u01b0\u1eddng L\u1ed9c S\u01a1n Th\u00e0nh Ph\u1ed1 B\u1ea3o L\u1ed9c T\u1ec9nh L\u00e2m \u0110\u1ed3ng <\/strong><\/span><\/p>\n<p style=\"text-align: center;\"><span style=\"color: #ff0000; font-size: 150%;\"><strong>Hotline: 0912197441<\/strong><\/span><\/p>\n<p><img loading=\"lazy\" decoding=\"async\" class=\"alignnone size-full wp-image-1379\" title=\"BI G\u1ea6M HENVVEI GT-1\" src=\"https:\/\/autothaiduong.vn\/wp-content\/uploads\/2025\/05\/GT-1.jpeg\" alt=\"BI G\u1ea6M HENVVEI GT-1\" width=\"1280\" height=\"958\" srcset=\"https:\/\/autothaiduong.vn\/wp-content\/uploads\/2025\/05\/GT-1.jpeg 1280w, https:\/\/autothaiduong.vn\/wp-content\/uploads\/2025\/05\/GT-1-600x449.jpeg 600w, https:\/\/autothaiduong.vn\/wp-content\/uploads\/2025\/05\/GT-1-1024x766.jpeg 1024w, https:\/\/autothaiduong.vn\/wp-content\/uploads\/2025\/05\/GT-1-768x575.jpeg 768w\" sizes=\"auto, (max-width: 1280px) 100vw, 1280px\" \/><\/p>\n<h2><a id=\"1-h-nh--nh--nh-s-ng-th--c-t--c--a-bi-g--m-henvvei-gt-1\" class=\"toc-a-tag\"><\/a>1. H\u00ecnh \u1ea3nh \u00e1nh s\u00e1ng th\u1ef1c t\u1ebf c\u1ee7a BI G\u1ea6M HENVVEI GT-1<\/h2>\n<h3><a id=\"1-1-h-nh--nh--nh-s-ng-th--c-t--cos-c--a-bi-g--m-henvvei-gt-1\" class=\"toc-a-tag\"><\/a>1.1 H\u00ecnh \u1ea3nh \u00e1nh s\u00e1ng th\u1ef1c t\u1ebf Cos c\u1ee7a BI G\u1ea6M HENVVEI GT-1<\/h3>\n<p>&nbsp;<\/p>\n<ul>\n<li dir=\"ltr\">\n<p dir=\"ltr\">Test th\u1ef1c t\u1ebf:<\/p>\n<\/li>\n<\/ul>\n<p dir=\"ltr\"><em><img loading=\"lazy\" decoding=\"async\" class=\"alignnone size-full wp-image-1380\" src=\"https:\/\/autothaiduong.vn\/wp-content\/uploads\/2025\/05\/bi-gam-henvvei-gt1-1.jpg\" width=\"800\" height=\"558\" srcset=\"https:\/\/autothaiduong.vn\/wp-content\/uploads\/2025\/05\/bi-gam-henvvei-gt1-1.jpg 800w, https:\/\/autothaiduong.vn\/wp-content\/uploads\/2025\/05\/bi-gam-henvvei-gt1-1-600x419.jpg 600w, https:\/\/autothaiduong.vn\/wp-content\/uploads\/2025\/05\/bi-gam-henvvei-gt1-1-768x536.jpg 768w\" sizes=\"auto, (max-width: 800px) 100vw, 800px\" \/><\/em><\/p>\n<p dir=\"ltr\"><em>&lt;\u00c1nh s\u00e1ng Pha &#8211; Nhi\u1ec7t m\u00e0u 3000K&gt;<\/em><\/p>\n<p dir=\"ltr\"><em><img loading=\"lazy\" decoding=\"async\" class=\"alignnone size-full wp-image-1381\" src=\"https:\/\/autothaiduong.vn\/wp-content\/uploads\/2025\/05\/bi-gam-henvvei-gt1-2.jpg\" width=\"800\" height=\"558\" srcset=\"https:\/\/autothaiduong.vn\/wp-content\/uploads\/2025\/05\/bi-gam-henvvei-gt1-2.jpg 800w, https:\/\/autothaiduong.vn\/wp-content\/uploads\/2025\/05\/bi-gam-henvvei-gt1-2-600x419.jpg 600w, https:\/\/autothaiduong.vn\/wp-content\/uploads\/2025\/05\/bi-gam-henvvei-gt1-2-768x536.jpg 768w\" sizes=\"auto, (max-width: 800px) 100vw, 800px\" \/><\/em><\/p>\n<p dir=\"ltr\"><em>&lt;\u00c1nh s\u00e1ng Pha &#8211; Nhi\u1ec7t m\u00e0u 4300K&gt;<\/em><\/p>\n<p dir=\"ltr\"><em><img loading=\"lazy\" decoding=\"async\" class=\"alignnone size-full wp-image-1382\" src=\"https:\/\/autothaiduong.vn\/wp-content\/uploads\/2025\/05\/bi-gam-henvvei-gt1-3.jpg\" width=\"800\" height=\"558\" srcset=\"https:\/\/autothaiduong.vn\/wp-content\/uploads\/2025\/05\/bi-gam-henvvei-gt1-3.jpg 800w, https:\/\/autothaiduong.vn\/wp-content\/uploads\/2025\/05\/bi-gam-henvvei-gt1-3-600x419.jpg 600w, https:\/\/autothaiduong.vn\/wp-content\/uploads\/2025\/05\/bi-gam-henvvei-gt1-3-768x536.jpg 768w\" sizes=\"auto, (max-width: 800px) 100vw, 800px\" \/><\/em><\/p>\n<p dir=\"ltr\"><em>&lt;\u00c1nh s\u00e1ng Pha &#8211; Nhi\u1ec7t m\u00e0u 5500K&gt;<\/em><\/p>\n<h3 dir=\"ltr\"><strong><a id=\"1-2-h-nh--nh-th--c-t--pha-c--a-bi-g--m-henvvei-gt-1\" class=\"toc-a-tag\"><\/a>1.2 H\u00ecnh \u1ea3nh th\u1ef1c t\u1ebf Pha c\u1ee7a BI G\u1ea6M HENVVEI GT-1<\/strong><\/h3>\n<p dir=\"ltr\">Test th\u1ef1c t\u1ebf:<\/p>\n<p dir=\"ltr\"><img loading=\"lazy\" decoding=\"async\" class=\"alignnone size-full wp-image-1383\" src=\"https:\/\/autothaiduong.vn\/wp-content\/uploads\/2025\/05\/bi-gam-henvvei-gt1-4.jpg\" width=\"800\" height=\"558\" srcset=\"https:\/\/autothaiduong.vn\/wp-content\/uploads\/2025\/05\/bi-gam-henvvei-gt1-4.jpg 800w, https:\/\/autothaiduong.vn\/wp-content\/uploads\/2025\/05\/bi-gam-henvvei-gt1-4-600x419.jpg 600w, https:\/\/autothaiduong.vn\/wp-content\/uploads\/2025\/05\/bi-gam-henvvei-gt1-4-768x536.jpg 768w\" sizes=\"auto, (max-width: 800px) 100vw, 800px\" \/><\/p>\n<p dir=\"ltr\"><em>&lt;\u00c1nh s\u00e1ng Cos &#8211; Nhi\u1ec7t m\u00e0u 3000K&gt;<\/em><\/p>\n<p dir=\"ltr\"><em><img loading=\"lazy\" decoding=\"async\" class=\"alignnone size-full wp-image-1384\" src=\"https:\/\/autothaiduong.vn\/wp-content\/uploads\/2025\/05\/bi-gam-henvvei-gt1-5.jpg\" width=\"800\" height=\"558\" srcset=\"https:\/\/autothaiduong.vn\/wp-content\/uploads\/2025\/05\/bi-gam-henvvei-gt1-5.jpg 800w, https:\/\/autothaiduong.vn\/wp-content\/uploads\/2025\/05\/bi-gam-henvvei-gt1-5-600x419.jpg 600w, https:\/\/autothaiduong.vn\/wp-content\/uploads\/2025\/05\/bi-gam-henvvei-gt1-5-768x536.jpg 768w\" sizes=\"auto, (max-width: 800px) 100vw, 800px\" \/><\/em><\/p>\n<p dir=\"ltr\"><em>&lt;\u00c1nh s\u00e1ng Cos &#8211; Nhi\u1ec7t m\u00e0u 4300K&gt;<\/em><\/p>\n<p dir=\"ltr\"><em><img loading=\"lazy\" decoding=\"async\" class=\"alignnone size-full wp-image-1385\" src=\"https:\/\/autothaiduong.vn\/wp-content\/uploads\/2025\/05\/bi-gam-henvvei-gt1-6.jpg\" width=\"800\" height=\"558\" srcset=\"https:\/\/autothaiduong.vn\/wp-content\/uploads\/2025\/05\/bi-gam-henvvei-gt1-6.jpg 800w, https:\/\/autothaiduong.vn\/wp-content\/uploads\/2025\/05\/bi-gam-henvvei-gt1-6-600x419.jpg 600w, https:\/\/autothaiduong.vn\/wp-content\/uploads\/2025\/05\/bi-gam-henvvei-gt1-6-768x536.jpg 768w\" sizes=\"auto, (max-width: 800px) 100vw, 800px\" \/><\/em><\/p>\n<p dir=\"ltr\"><em>&lt;\u00c1nh s\u00e1ng Cos &#8211; Nhi\u1ec7t m\u00e0u 5500K&gt;<\/em><\/p>\n<p dir=\"ltr\">Bi g\u1ea7m Henvvei GT-1 n\u1ed5i b\u1eadt v\u1edbi ch\u1ebf \u0111\u1ed9 Cos, mang l\u1ea1i \u00e1nh s\u00e1ng m\u1ea1nh m\u1ebd v\u00e0 cung t\u1ecfa r\u1ed9ng, \u00e1nh s\u00e1ng m\u1ecbn m\u00e0ng, b\u00e1m \u0111\u01b0\u1eddng gi\u00fap t\u00e0i x\u1ebf d\u1ec5 d\u00e0ng di chuy\u1ec3n trong m\u1ecdi \u0111i\u1ec1u ki\u1ec7n th\u1eddi ti\u1ebft. T\u1eeb nh\u1eefng con \u0111\u01b0\u1eddng m\u01b0a \u01b0\u1edbt \u0111\u1ebfn s\u01b0\u01a1ng m\u00f9 nh\u1eb9, \u00e1nh s\u00e1ng Cos c\u1ee7a GT-1 \u0111\u1ec1u c\u00f3 th\u1ec3 \u0111\u1ea3m b\u1ea3o \u0111\u01b0\u1ee3c t\u1ea7m nh\u00ecn, gi\u00fap t\u00e0i x\u1ebf tr\u00e1nh c\u00e1c ch\u01b0\u1edbng ng\u1ea1i v\u1eadt nh\u01b0 \u1ed5 g\u00e0, \u0111\u1ea5t, \u0111\u00e1,&#8230; n\u00e2ng cao tr\u1ea3i nghi\u1ec7m khi l\u00e1i xe.<\/p>\n<p dir=\"ltr\">H\u00ecnh \u1ea3nh \u00e1nh s\u00e1ng khi l\u01b0u th\u00f4ng tr\u00ean \u0111\u01b0\u1eddng: \u0111ang c\u1eadp nh\u1eadt<\/p>\n<p>\u00c1nh s\u00e1ng Pha c\u1ee7a bi g\u1ea7m Henvvei GT-1 c\u00f3 kh\u1ea3 n\u0103ng chi\u1ebfu s\u00e1ng v\u00f4 c\u00f9ng m\u1ea1nh m\u1ebd, \u0111\u01b0\u1ee3c \u0111\u00e1nh gi\u00e1 l\u00e0 bi g\u1ea7m c\u00f3 \u00e1nh s\u00e1ng Pha kh\u1ee7ng nh\u1ea5t hi\u1ec7n nay.<\/p>\n<p>N\u1ebfu nh\u01b0 nhu c\u1ea7u c\u1ee7a kh\u00e1ch h\u00e0ng l\u00e0 c\u1ea7n m\u1ed9t d\u00f2ng \u0111\u00e8n bi g\u1ea7m c\u00f3 Pha chi\u1ebfu s\u00e1ng v\u01b0\u1ee3t tr\u1ed9i v\u00e0 m\u1ea1nh m\u1ebd th\u00ec Henvvei GT-1 ho\u00e0n to\u00e0n c\u00f3 th\u1ec3 \u0111\u00e1p \u1ee9ng \u0111\u01b0\u1ee3c \u0111i\u1ec1u \u0111\u00f3, \u0111\u1eb7c bi\u1ec7t l\u00e0 khi b\u1eadt \u00e1nh s\u00e1ng Pha th\u00ec Henvvei GT-1 c\u00f3 kh\u1ea3 n\u0103ng thay th\u1ebf \u0111\u01b0\u1ee3c \u00e1nh s\u00e1ng Pha c\u1ee7a \u0111\u00e8n nguy\u00ean zin.<\/p>\n<ul>\n<li aria-level=\"1\">H\u00ecnh \u1ea3nh \u00e1nh s\u00e1ng khi l\u01b0u th\u00f4ng tr\u00ean \u0111\u01b0\u1eddng: \u0111ang c\u1eadp nh\u1eadt<\/li>\n<\/ul>\n<h3><a id=\"1-3-h-nh--nh--nh-s-ng-th--c-t--cos-pha-c--a-bi-g--m-henvvei-gt-1\" class=\"toc-a-tag\"><\/a>1.3 H\u00ecnh \u1ea3nh \u00e1nh s\u00e1ng th\u1ef1c t\u1ebf Cos\/Pha c\u1ee7a BI G\u1ea6M HENVVEI GT-1<\/h3>\n<p>&nbsp;<\/p>\n<h2><a id=\"2-video-th--c-t---nh-s-ng-bi-g--m-henvvei-gt-1\" class=\"toc-a-tag\"><\/a>2. Video th\u1ef1c t\u1ebf \u00e1nh s\u00e1ng BI G\u1ea6M HENVVEI GT-1<\/h2>\n<h3><a id=\"2-1-video-test-b--ng-canh---n-bi-g--m-henvvei-gt-1\" class=\"toc-a-tag\"><\/a>2.1 Video test b\u1ea3ng canh \u0111\u00e8n BI G\u1ea6M HENVVEI GT-1<\/h3>\n<h3><a id=\"2-2-video-flycam-th--c-t---nh-s-ng-bi-g--m-henvvei-gt-1\" class=\"toc-a-tag\"><\/a>2.2 Video Flycam th\u1ef1c t\u1ebf \u00e1nh s\u00e1ng BI G\u1ea6M HENVVEI GT-1<\/h3>\n<ul>\n<li aria-level=\"1\">Flycam test t\u1eeb g\u00f3c tr\u00ean cao: \u0111ang c\u1eadp nh\u1eadt<\/li>\n<li aria-level=\"1\">Flycam test t\u1eeb g\u00f3c th\u1eb3ng \u0111\u1ee9ng: \u0111ang c\u1eadp nh\u1eadt<\/li>\n<li aria-level=\"1\">Flycam test t\u1eeb g\u00f3c b\u00ean h\u00f4ng: \u0111ang c\u1eadp nh\u1eadt<\/li>\n<li aria-level=\"1\">Flycam test t\u1eeb g\u00f3c tr\u01b0\u1edbc \u0111\u1ea7u xe: \u0111ang c\u1eadp nh\u1eadt<\/li>\n<\/ul>\n<h3><a id=\"2-3-video-th--c-t---nh-s-ng-bi-g--m-henvvei-gt-1\" class=\"toc-a-tag\"><\/a>2.3 Video th\u1ef1c t\u1ebf \u00e1nh s\u00e1ng BI G\u1ea6M HENVVEI GT-1<\/h3>\n<p>&nbsp;<\/p>\n<h2><a id=\"3-c-ng-ngh--bi-g--m-henvvei-gt-1\" class=\"toc-a-tag\"><\/a>3. C\u00f4ng ngh\u1ec7 BI G\u1ea6M HENVVEI GT-1<\/h2>\n<h3><a id=\"3-1-thi--t-k--body-c--a-bi-g--m-henvvei-gt-1\" class=\"toc-a-tag\"><\/a>3.1 Thi\u1ebft k\u1ebf body c\u1ee7a BI G\u1ea6M HENVVEI GT-1<\/h3>\n<p>Henvvei GT-1 l\u00e0 d\u00f2ng \u0111\u00e8n bi g\u1ea7m \u0111\u1ea7u ti\u00ean c\u1ee7a trong h\u1ec7 sinh th\u00e1i s\u1ea3n ph\u1ea9m \u0111\u1ebfn t\u1eeb th\u01b0\u01a1ng hi\u1ec7u Henvvei. T\u1ed5ng th\u1ec3 body \u0111\u01b0\u1ee3c thi\u1ebft k\u1ebf v\u1edbi m\u00e0u \u0111en sang tr\u1ecdng v\u00e0 \u0111\u01b0\u1ee3c ho\u00e0n thi\u1ec7n b\u1edfi v\u1eadt li\u1ec7u Aluminum cao c\u1ea5p gi\u00fap t\u0103ng \u0111\u1ed9 c\u1ee9ng c\u00e1p cho s\u1ea3n ph\u1ea9m v\u00e0 h\u1ea1n ch\u1ebf c\u00e1c nh\u00e2n ngo\u1ea1i l\u1ef1c b\u00ean ngo\u00e0i g\u00e2y h\u1ea1i \u0111\u1ebfn \u0111\u00e8n. M\u1ed9t \u0111i\u1ec3m \u0111\u1eb7c bi\u1ec7t c\u1ee7a Henvvei GT-1 l\u00e0 \u0111\u01b0\u1ee3c trang b\u1ecb th\u00eam m\u1ed9t m\u1eaft tr\u1ee3 Pha l\u1edbn theo xu h\u01b0\u1edbng c\u00f4ng ngh\u1ec7 m\u1edbi mang \u0111\u1ebfn t\u00ednh th\u1eddi trang v\u00e0 hi\u1ec7n \u0111\u1ea1i.<\/p>\n<p><img loading=\"lazy\" decoding=\"async\" class=\"alignnone size-full wp-image-1386\" src=\"https:\/\/autothaiduong.vn\/wp-content\/uploads\/2025\/05\/gt-1-9.jpg\" alt=\"\" width=\"1280\" height=\"1280\" srcset=\"https:\/\/autothaiduong.vn\/wp-content\/uploads\/2025\/05\/gt-1-9.jpg 1280w, https:\/\/autothaiduong.vn\/wp-content\/uploads\/2025\/05\/gt-1-9-600x600.jpg 600w, https:\/\/autothaiduong.vn\/wp-content\/uploads\/2025\/05\/gt-1-9-1024x1024.jpg 1024w, https:\/\/autothaiduong.vn\/wp-content\/uploads\/2025\/05\/gt-1-9-300x300.jpg 300w, https:\/\/autothaiduong.vn\/wp-content\/uploads\/2025\/05\/gt-1-9-768x768.jpg 768w, https:\/\/autothaiduong.vn\/wp-content\/uploads\/2025\/05\/gt-1-9-100x100.jpg 100w\" sizes=\"auto, (max-width: 1280px) 100vw, 1280px\" \/><\/p>\n<p>K\u00edch th\u01b0\u1edbc nh\u1ecf g\u1ecdn<\/p>\n<p><img loading=\"lazy\" decoding=\"async\" class=\"alignnone size-full wp-image-1387\" src=\"https:\/\/autothaiduong.vn\/wp-content\/uploads\/2025\/05\/gt-1-13.jpg\" alt=\"\" width=\"1280\" height=\"1280\" srcset=\"https:\/\/autothaiduong.vn\/wp-content\/uploads\/2025\/05\/gt-1-13.jpg 1280w, https:\/\/autothaiduong.vn\/wp-content\/uploads\/2025\/05\/gt-1-13-600x600.jpg 600w, https:\/\/autothaiduong.vn\/wp-content\/uploads\/2025\/05\/gt-1-13-1024x1024.jpg 1024w, https:\/\/autothaiduong.vn\/wp-content\/uploads\/2025\/05\/gt-1-13-300x300.jpg 300w, https:\/\/autothaiduong.vn\/wp-content\/uploads\/2025\/05\/gt-1-13-768x768.jpg 768w, https:\/\/autothaiduong.vn\/wp-content\/uploads\/2025\/05\/gt-1-13-100x100.jpg 100w\" sizes=\"auto, (max-width: 1280px) 100vw, 1280px\" \/><\/p>\n<p>Lens 3.0 inch ph\u1ee7 AR<\/p>\n<h3><a id=\"3-2-c--u-h-nh--nh-s-ng\" class=\"toc-a-tag\"><\/a>3.2 C\u1ea5u h\u00ecnh \u00e1nh s\u00e1ng<\/h3>\n<p>Bi g\u1ea7m Henvvei GT-1 trang b\u1ecb 6 nh\u00e2n chip LED l\u1edbn gi\u00fap \u00e1nh s\u00e1ng ph\u00e1t ra c\u00f3 cung t\u1ecfa r\u1ed9ng, b\u00e1m \u0111\u01b0\u1eddng v\u00e0 m\u1ecbn m\u00e0ng, h\u1ed7 tr\u1ee3 \u00e1nh s\u00e1ng t\u1ed1i \u0111a cho t\u1ea7m chi\u1ebfu s\u00e1ng g\u1ea7n. Khi ho\u1ea1t \u0111\u1ed9ng \u1edf ch\u1ebf \u0111\u1ed9 Cos th\u00ec bi g\u1ea7m Henvvei GT-1 \u0111\u1ea1t c\u00f4ng su\u1ea5t 35W.<\/p>\n<p><img loading=\"lazy\" decoding=\"async\" class=\"alignnone size-full wp-image-1388\" src=\"https:\/\/autothaiduong.vn\/wp-content\/uploads\/2025\/05\/gt-1-6.jpg\" alt=\"\" width=\"1280\" height=\"1280\" srcset=\"https:\/\/autothaiduong.vn\/wp-content\/uploads\/2025\/05\/gt-1-6.jpg 1280w, https:\/\/autothaiduong.vn\/wp-content\/uploads\/2025\/05\/gt-1-6-600x600.jpg 600w, https:\/\/autothaiduong.vn\/wp-content\/uploads\/2025\/05\/gt-1-6-1024x1024.jpg 1024w, https:\/\/autothaiduong.vn\/wp-content\/uploads\/2025\/05\/gt-1-6-300x300.jpg 300w, https:\/\/autothaiduong.vn\/wp-content\/uploads\/2025\/05\/gt-1-6-768x768.jpg 768w, https:\/\/autothaiduong.vn\/wp-content\/uploads\/2025\/05\/gt-1-6-100x100.jpg 100w\" sizes=\"auto, (max-width: 1280px) 100vw, 1280px\" \/><\/p>\n<p>C\u1ea5u h\u00ecnh \u00e1nh s\u00e1ng v\u01b0\u1ee3t tr\u1ed9i<\/p>\n<p>Ngo\u00e0i ra, bi g\u1ea7m Henvvei GT-1 c\u00f2n trang b\u1ecb th\u00eam 1 m\u1eaft tr\u1ee3 Pha l\u1edbn gi\u00fap \u00e1nh s\u00e1ng ph\u00e1t ra v\u00f4 c\u00f9ng m\u1ea1nh m\u1ebd, ch\u00ednh v\u00ec th\u1ebf Henvvei GT-1 \u0111\u01b0\u1ee3c h\u00e3ng \u0111\u00e1nh gi\u00e1 l\u00e0 d\u00f2ng s\u1ea3n ph\u1ea9m bi g\u1ea7m c\u00f3 Pha kh\u1ee7ng trong h\u1ec7 sinh th\u00e1i 365 Group. \u00c1nh s\u00e1ng ph\u00e1t ra \u0111\u1ea1t \u0111\u1ed9 chi\u1ebfu xa \u1ea5n t\u01b0\u1ee3ng v\u1edbi c\u00f4ng su\u1ea5t 55W.<\/p>\n<p><img loading=\"lazy\" decoding=\"async\" class=\"alignnone size-full wp-image-1389\" src=\"https:\/\/autothaiduong.vn\/wp-content\/uploads\/2025\/05\/gt-1-14.jpg\" alt=\"\" width=\"1280\" height=\"1280\" srcset=\"https:\/\/autothaiduong.vn\/wp-content\/uploads\/2025\/05\/gt-1-14.jpg 1280w, https:\/\/autothaiduong.vn\/wp-content\/uploads\/2025\/05\/gt-1-14-600x600.jpg 600w, https:\/\/autothaiduong.vn\/wp-content\/uploads\/2025\/05\/gt-1-14-1024x1024.jpg 1024w, https:\/\/autothaiduong.vn\/wp-content\/uploads\/2025\/05\/gt-1-14-300x300.jpg 300w, https:\/\/autothaiduong.vn\/wp-content\/uploads\/2025\/05\/gt-1-14-768x768.jpg 768w, https:\/\/autothaiduong.vn\/wp-content\/uploads\/2025\/05\/gt-1-14-100x100.jpg 100w\" sizes=\"auto, (max-width: 1280px) 100vw, 1280px\" \/><\/p>\n<p>M\u1eaft tr\u1ee3 Pha l\u1edbn<\/p>\n<p>\u0110\u1eb7c bi\u1ec7t, Henvvei GT-1 c\u00f2n \u0111\u01b0\u1ee3c trang b\u1ecb th\u00eam c\u00f4ng ngh\u1ec7 \u201cc\u1ea3m bi\u1ebfn nhi\u1ec7t\u201d ho\u00e0n to\u00e0n m\u1edbi. V\u1edbi c\u00f4ng ngh\u1ec7 n\u00e0y cho ph\u00e9p \u0111\u00e8n t\u1ef1 c\u1ea3m nh\u1eadn khi c\u00e1c chip LED ho\u1ea1t \u0111\u1ed9ng qu\u00e1 c\u00f4ng su\u1ea5t, sau \u0111\u00f3 s\u1ebd t\u1ef1 \u0111i\u1ec1u ch\u1ec9nh c\u00f4ng su\u1ea5t \u0111\u1ec3 chip LED ho\u1ea1t \u0111\u1ed9ng \u1edf ng\u01b0\u1ee1ng an to\u00e0n, t\u1eeb \u0111\u00f3 k\u00e9o d\u00e0i tu\u1ed5i th\u1ecd c\u0169ng nh\u01b0 gia t\u0103ng \u0111\u1ed9 b\u1ec1n cho s\u1ea3n ph\u1ea9m.<\/p>\n<p><img loading=\"lazy\" decoding=\"async\" class=\"alignnone size-full wp-image-1390\" src=\"https:\/\/autothaiduong.vn\/wp-content\/uploads\/2025\/05\/gt-1-15.jpg\" alt=\"\" width=\"1280\" height=\"1280\" srcset=\"https:\/\/autothaiduong.vn\/wp-content\/uploads\/2025\/05\/gt-1-15.jpg 1280w, https:\/\/autothaiduong.vn\/wp-content\/uploads\/2025\/05\/gt-1-15-600x600.jpg 600w, https:\/\/autothaiduong.vn\/wp-content\/uploads\/2025\/05\/gt-1-15-1024x1024.jpg 1024w, https:\/\/autothaiduong.vn\/wp-content\/uploads\/2025\/05\/gt-1-15-300x300.jpg 300w, https:\/\/autothaiduong.vn\/wp-content\/uploads\/2025\/05\/gt-1-15-768x768.jpg 768w, https:\/\/autothaiduong.vn\/wp-content\/uploads\/2025\/05\/gt-1-15-100x100.jpg 100w\" sizes=\"auto, (max-width: 1280px) 100vw, 1280px\" \/><\/p>\n<p>C\u1ea3m bi\u1ebfn nhi\u1ec7t hi\u1ec7n \u0111\u1ea1i v\u00e0 th\u00f4ng minh<\/p>\n<h3><a id=\"3-3-h--th--ng-t--n-nhi--t-nbsp-\" class=\"toc-a-tag\"><\/a>3.3 H\u1ec7 th\u1ed1ng t\u1ea3n nhi\u1ec7t<\/h3>\n<p>V\u1edbi c\u00f4ng su\u1ea5t m\u1ea1nh m\u1ebd v\u00e0 \u00e1nh s\u00e1ng Pha \u1ea5n t\u01b0\u1ee3ng, Henvvei GT-1 \u0111\u01b0\u1ee3c trang b\u1ecb h\u1ec7 th\u1ed1ng t\u1ea3n nhi\u1ec7t cao c\u1ea5p v\u1edbi c\u00e1c s\u00f3ng t\u1ea3n nhi\u1ec7t hi\u1ec7n \u0111\u1ea1i. Khi gi\u00f3 th\u1ed5i qua, lu\u1ed3ng gi\u00f3 s\u1ebd gi\u00fap l\u00e0m m\u00e1t, gi\u00fap nhi\u1ec7t \u0111\u1ed9 b\u00ean trong \u0111\u01b0\u1ee3c t\u1ea3n ra nhanh ch\u00f3ng v\u00e0 hi\u1ec7u qu\u1ea3..<\/p>\n<p><img loading=\"lazy\" decoding=\"async\" class=\"alignnone size-full wp-image-1391\" src=\"https:\/\/autothaiduong.vn\/wp-content\/uploads\/2025\/05\/gt-1-7.jpg\" alt=\"\" width=\"1280\" height=\"1280\" srcset=\"https:\/\/autothaiduong.vn\/wp-content\/uploads\/2025\/05\/gt-1-7.jpg 1280w, https:\/\/autothaiduong.vn\/wp-content\/uploads\/2025\/05\/gt-1-7-600x600.jpg 600w, https:\/\/autothaiduong.vn\/wp-content\/uploads\/2025\/05\/gt-1-7-1024x1024.jpg 1024w, https:\/\/autothaiduong.vn\/wp-content\/uploads\/2025\/05\/gt-1-7-300x300.jpg 300w, https:\/\/autothaiduong.vn\/wp-content\/uploads\/2025\/05\/gt-1-7-768x768.jpg 768w, https:\/\/autothaiduong.vn\/wp-content\/uploads\/2025\/05\/gt-1-7-100x100.jpg 100w\" sizes=\"auto, (max-width: 1280px) 100vw, 1280px\" \/><\/p>\n<p>R\u00e3nh t\u1ea3n nhi\u1ec7t hi\u1ec7n \u0111\u1ea1i<\/p>\n<p>Ngo\u00e0i ra, bi g\u1ea7m Henvvei GT-1 c\u00f3 Driver r\u1eddi \u0111\u01b0\u1ee3c l\u1eafp \u0111\u1eb7t \u0111\u1ed9c l\u1eadp b\u00ean ngo\u00e0i, gi\u00fap nhi\u1ec7t \u0111\u1ed9 c\u1ee7a Driver ho\u1ea1t \u0111\u1ed9ng b\u00ean ngo\u00e0i. \u0110i\u1ec1u n\u00e0y gi\u00fap gi\u1ea3m nhi\u1ec7t \u0111\u1ed9 b\u00ean trong \u0111\u00e8n \u0111\u00e1ng k\u1ec3 so v\u1edbi c\u00e1c lo\u1ea1i \u0111\u00e8n kh\u00e1c s\u1eed d\u1ee5ng Driver t\u00edch h\u1ee3p.<\/p>\n<h3><a id=\"3-4-nhi--t-m-u-c--a-bi-g--m-henvvei-gt-1\" class=\"toc-a-tag\"><\/a>3.4 Nhi\u1ec7t m\u00e0u c\u1ee7a Bi g\u1ea7m Henvvei GT-1<\/h3>\n<p>Henvvei GT-1 l\u00e0 d\u00f2ng bi g\u1ea7m 3 m\u00e0u, gi\u00fap cho kh\u00e1ch h\u00e0ng c\u00f3 th\u1ec3 linh ho\u1ea1t t\u00f9y ch\u1ec9nh nhi\u1ec7t m\u00e0u sao cho ph\u00f9 h\u1ee3p v\u1edbi \u0111\u1ecba h\u00ecnh v\u00e0 th\u1eddi ti\u1ebft \u0111ang di chuy\u1ec3n.<\/p>\n<p>Nhi\u1ec7t m\u00e0u 3000K: cho ra \u00e1nh s\u00e1ng v\u00e0ng, ph\u00f9 h\u1ee3p di chuy\u1ec3n \u1edf nh\u1eefng khu v\u1ef1c c\u00f3 s\u01b0\u01a1ng m\u00f9.<\/p>\n<p><img loading=\"lazy\" decoding=\"async\" class=\"alignnone size-full wp-image-1392\" src=\"https:\/\/autothaiduong.vn\/wp-content\/uploads\/2025\/05\/gt-1-10.jpg\" alt=\"\" width=\"1280\" height=\"1280\" srcset=\"https:\/\/autothaiduong.vn\/wp-content\/uploads\/2025\/05\/gt-1-10.jpg 1280w, https:\/\/autothaiduong.vn\/wp-content\/uploads\/2025\/05\/gt-1-10-600x600.jpg 600w, https:\/\/autothaiduong.vn\/wp-content\/uploads\/2025\/05\/gt-1-10-1024x1024.jpg 1024w, https:\/\/autothaiduong.vn\/wp-content\/uploads\/2025\/05\/gt-1-10-300x300.jpg 300w, https:\/\/autothaiduong.vn\/wp-content\/uploads\/2025\/05\/gt-1-10-768x768.jpg 768w, https:\/\/autothaiduong.vn\/wp-content\/uploads\/2025\/05\/gt-1-10-100x100.jpg 100w\" sizes=\"auto, (max-width: 1280px) 100vw, 1280px\" \/><\/p>\n<p>\u00c1nh s\u00e1ng \u1edf nhi\u1ec7t m\u00e0u 3000K<\/p>\n<p>Nhi\u1ec7t m\u00e0u 4300K: cho ra \u00e1nh s\u00e1ng trung t\u00ednh b\u00e1m \u0111\u01b0\u1eddng, ph\u00f9 h\u1ee3p cho nh\u1eefng b\u00e1c t\u00e0i th\u01b0\u1eddng xuy\u00ean di chuy\u1ec3n \u1edf \u0111i\u1ec1u ki\u1ec7n th\u1eddi ti\u1ebft c\u00f3 m\u01b0a.<\/p>\n<p><img loading=\"lazy\" decoding=\"async\" class=\"alignnone size-full wp-image-1393\" src=\"https:\/\/autothaiduong.vn\/wp-content\/uploads\/2025\/05\/gt-1-11.jpg\" alt=\"\" width=\"1280\" height=\"1280\" srcset=\"https:\/\/autothaiduong.vn\/wp-content\/uploads\/2025\/05\/gt-1-11.jpg 1280w, https:\/\/autothaiduong.vn\/wp-content\/uploads\/2025\/05\/gt-1-11-600x600.jpg 600w, https:\/\/autothaiduong.vn\/wp-content\/uploads\/2025\/05\/gt-1-11-1024x1024.jpg 1024w, https:\/\/autothaiduong.vn\/wp-content\/uploads\/2025\/05\/gt-1-11-300x300.jpg 300w, https:\/\/autothaiduong.vn\/wp-content\/uploads\/2025\/05\/gt-1-11-768x768.jpg 768w, https:\/\/autothaiduong.vn\/wp-content\/uploads\/2025\/05\/gt-1-11-100x100.jpg 100w\" sizes=\"auto, (max-width: 1280px) 100vw, 1280px\" \/><\/p>\n<p>\u00c1nh s\u00e1ng nhi\u1ec7t m\u00e0u 4300K<\/p>\n<p>Nhi\u1ec7t m\u00e0u 5500K: cho ra \u00e1nh s\u00e1ng tr\u1eafng th\u1eddi trang, \u0111\u00e2y s\u1ebd l\u00e0 nhi\u1ec7t m\u00e0u ph\u00f9 h\u1ee3p cho vi\u1ec7c t\u00e0i x\u1ebf di chuy\u1ec3n \u1edf khu v\u1ef1c n\u1ed9i th\u00e0nh.<\/p>\n<p><img loading=\"lazy\" decoding=\"async\" class=\"alignnone size-full wp-image-1394\" src=\"https:\/\/autothaiduong.vn\/wp-content\/uploads\/2025\/05\/gt-1-12.jpg\" alt=\"\" width=\"1280\" height=\"1280\" srcset=\"https:\/\/autothaiduong.vn\/wp-content\/uploads\/2025\/05\/gt-1-12.jpg 1280w, https:\/\/autothaiduong.vn\/wp-content\/uploads\/2025\/05\/gt-1-12-600x600.jpg 600w, https:\/\/autothaiduong.vn\/wp-content\/uploads\/2025\/05\/gt-1-12-1024x1024.jpg 1024w, https:\/\/autothaiduong.vn\/wp-content\/uploads\/2025\/05\/gt-1-12-300x300.jpg 300w, https:\/\/autothaiduong.vn\/wp-content\/uploads\/2025\/05\/gt-1-12-768x768.jpg 768w, https:\/\/autothaiduong.vn\/wp-content\/uploads\/2025\/05\/gt-1-12-100x100.jpg 100w\" sizes=\"auto, (max-width: 1280px) 100vw, 1280px\" \/><\/p>\n<p>\u00c1nh s\u00e1ng nhi\u1ec7t m\u00e0u 5500K<\/p>\n<p>Ngo\u00e0i ra, khi s\u1eed d\u1ee5ng ch\u1ebf \u0111\u1ed9 Pha th\u00ec t\u00e2m Pha s\u1ebd ra cho ra nhi\u1ec7t m\u00e0u 5500K v\u1edbi \u00e1nh s\u00e1ng c\u1ef1c kh\u1ee7ng v\u00e0 c\u00f3 th\u1ec3 thay th\u1ebf \u0111\u01b0\u1ee3c \u00e1nh s\u00e1ng Pha c\u1ee7a \u0111\u00e8n ch\u00ednh.<\/p>\n<h3><a id=\"3-5-kh--n-ng-ch--ng-n---c-v---t-tr--i\" class=\"toc-a-tag\"><\/a>3.5 Kh\u1ea3 n\u0103ng ch\u1ed1ng n\u01b0\u1edbc v\u01b0\u1ee3t tr\u1ed9i<\/h3>\n<p>Bi g\u1ea7m Henvvei GT-1 c\u00f3 kh\u1ea3 n\u0103ng ch\u1ed1ng n\u01b0\u1edbc xu\u1ea5t s\u1eafc, \u0111\u1ea1t ti\u00eau chu\u1ea9n IP68 v\u1edbi kh\u1ea3 n\u0103ng ch\u1ed1ng n\u01b0\u1edbc v\u00e0 ch\u1ed1ng b\u1ee5i cao nh\u1ea5t hi\u1ec7n nay. Nh\u1edd v\u1eady, \u0111\u00e8n c\u00f3 th\u1ec3 ho\u1ea1t \u0111\u1ed9ng \u1ed5n \u0111\u1ecbnh khi di chuy\u1ec3n qua nh\u1eefng khu v\u1ef1c c\u00f3 n\u01b0\u1edbc ho\u1eb7c \u0111\u1ed9 \u1ea9m cao.<\/p>\n<p><img loading=\"lazy\" decoding=\"async\" class=\"alignnone size-full wp-image-1395\" src=\"https:\/\/autothaiduong.vn\/wp-content\/uploads\/2025\/05\/gt-1-8.jpg\" alt=\"\" width=\"1280\" height=\"1280\" srcset=\"https:\/\/autothaiduong.vn\/wp-content\/uploads\/2025\/05\/gt-1-8.jpg 1280w, https:\/\/autothaiduong.vn\/wp-content\/uploads\/2025\/05\/gt-1-8-600x600.jpg 600w, https:\/\/autothaiduong.vn\/wp-content\/uploads\/2025\/05\/gt-1-8-1024x1024.jpg 1024w, https:\/\/autothaiduong.vn\/wp-content\/uploads\/2025\/05\/gt-1-8-300x300.jpg 300w, https:\/\/autothaiduong.vn\/wp-content\/uploads\/2025\/05\/gt-1-8-768x768.jpg 768w, https:\/\/autothaiduong.vn\/wp-content\/uploads\/2025\/05\/gt-1-8-100x100.jpg 100w\" sizes=\"auto, (max-width: 1280px) 100vw, 1280px\" \/><\/p>\n<p>Ch\u1ed1ng n\u01b0\u1edbc IP68<\/p>\n<p>&nbsp;<\/p>\n<h2><a id=\"4-gi--v--ch-----b--o-h-nh\" class=\"toc-a-tag\"><\/a>4. Gi\u00e1 v\u00e0 ch\u1ebf \u0111\u1ed9 b\u1ea3o h\u00e0nh<\/h2>\n<p>Bi g\u1ea7m Henvvei GT-1 c\u00f3 gi\u00e1 ni\u00eam y\u1ebft l\u00e0 5.800.000 VN\u0110 (\u0111\u00e3 bao g\u1ed3m VAT), \u0111\u01b0\u1ee3c b\u1ea3o h\u00e0nh ch\u00ednh h\u00e3ng 2 n\u0103m. Ngo\u00e0i ra, s\u1ea3n ph\u1ea9m s\u1ebd \u0111\u01b0\u1ee3c k\u00edch ho\u1ea1t b\u1ea3o h\u00e0nh \u0111i\u1ec7n t\u1eed sau khi l\u1eafp \u0111\u1eb7t n\u00ean qu\u00fd kh\u00e1ch h\u00e0ng c\u00f3 th\u1ec3 qu\u00e9t m\u00e3 QR tr\u00ean v\u1ecf h\u1ed9p \u0111\u1ec3 tra c\u1ee9u th\u00f4ng tin b\u1ea3o h\u00e0nh, t\u1eeb \u0111\u00f3 c\u00f3 th\u1ec3 b\u1ea3o v\u1ec7 \u0111\u01b0\u1ee3c quy\u1ec1n l\u1ee3i s\u1eed d\u1ee5ng h\u00e0ng ch\u00ednh h\u00e3ng, \u0111\u1ed3ng th\u1eddi c\u0169ng gi\u00fap qu\u00fd kh\u00e1ch h\u00e0ng tr\u00e1nh t\u00ecnh tr\u1ea1ng mua ph\u1ea3i h\u00e0ng kh\u00f4ng r\u00f5 ngu\u1ed3n g\u1ed1c.<\/p>\n<p>&nbsp;<\/p>\n","protected":false},"excerpt":{"rendered":"<p>273-275 Tr\u1ea7n Ph\u00fa Ph\u01b0\u1eddng L\u1ed9c S\u01a1n Th\u00e0nh Ph\u1ed1 B\u1ea3o L\u1ed9c T\u1ec9nh L\u00e2m \u0110\u1ed3ng Hotline: 0912197441 1. H\u00ecnh \u1ea3nh \u00e1nh s\u00e1ng th\u1ef1c t\u1ebf c\u1ee7a BI G\u1ea6M HENVVEI GT-1 1.1 H\u00ecnh \u1ea3nh \u00e1nh s\u00e1ng th\u1ef1c t\u1ebf Cos c\u1ee7a BI G\u1ea6M HENVVEI GT-1 &nbsp; Test th\u1ef1c t\u1ebf: &lt;\u00c1nh s\u00e1ng Pha &#8211; Nhi\u1ec7t m\u00e0u 3000K&gt; &lt;\u00c1nh s\u00e1ng Pha &#8211; [&#8230;]\n","protected":false},"featured_media":1374,"comment_status":"open","ping_status":"closed","template":"","meta":[],"product_brand":[136],"product_cat":[16,143],"product_tag":[],"class_list":{"0":"post-1373","1":"product","2":"type-product","3":"status-publish","4":"has-post-thumbnail","6":"product_brand-henvei","7":"product_cat-anh-sang","8":"product_cat-den-bi-gam","10":"first","11":"outofstock","12":"shipping-taxable","13":"purchasable","14":"product-type-simple"},"_links":{"self":[{"href":"https:\/\/autothaiduong.vn\/index.php?rest_route=\/wp\/v2\/product\/1373","targetHints":{"allow":["GET"]}}],"collection":[{"href":"https:\/\/autothaiduong.vn\/index.php?rest_route=\/wp\/v2\/product"}],"about":[{"href":"https:\/\/autothaiduong.vn\/index.php?rest_route=\/wp\/v2\/types\/product"}],"replies":[{"embeddable":true,"href":"https:\/\/autothaiduong.vn\/index.php?rest_route=%2Fwp%2Fv2%2Fcomments&post=1373"}],"wp:featuredmedia":[{"embeddable":true,"href":"https:\/\/autothaiduong.vn\/index.php?rest_route=\/wp\/v2\/media\/1374"}],"wp:attachment":[{"href":"https:\/\/autothaiduong.vn\/index.php?rest_route=%2Fwp%2Fv2%2Fmedia&parent=1373"}],"wp:term":[{"taxonomy":"product_brand","embeddable":true,"href":"https:\/\/autothaiduong.vn\/index.php?rest_route=%2Fwp%2Fv2%2Fproduct_brand&post=1373"},{"taxonomy":"product_cat","embeddable":true,"href":"https:\/\/autothaiduong.vn\/index.php?rest_route=%2Fwp%2Fv2%2Fproduct_cat&post=1373"},{"taxonomy":"product_tag","embeddable":true,"href":"https:\/\/autothaiduong.vn\/index.php?rest_route=%2Fwp%2Fv2%2Fproduct_tag&post=1373"}],"curies":[{"name":"wp","href":"https:\/\/api.w.org\/{rel}","templated":true}]}}