{"id":1426,"date":"2025-05-13T15:05:11","date_gmt":"2025-05-13T15:05:11","guid":{"rendered":"https:\/\/autothaiduong.vn\/?post_type=product&#038;p=1426"},"modified":"2026-01-27T12:42:07","modified_gmt":"2026-01-27T12:42:07","slug":"bi-gam-x-light-f10-turbo","status":"publish","type":"product","link":"https:\/\/autothaiduong.vn\/?product=bi-gam-x-light-f10-turbo","title":{"rendered":"BI G\u1ea6M X-LIGHT F10 TURBO 3.0 1 Ch\u1ebf \u0110\u1ed9 M\u00e0u"},"content":{"rendered":"<p><img loading=\"lazy\" decoding=\"async\" class=\" wp-image-1044 aligncenter\" src=\"https:\/\/autothaiduong.vn\/wp-content\/uploads\/2025\/05\/z6584734442481_f208f5944548cb4b46353402ce2e64e0.jpg\" alt=\"\" width=\"275\" height=\"243\" \/><\/p>\n<p style=\"text-align: center;\"><span style=\"color: #ff0000; font-size: 150%;\"><strong>273-275 Tr\u1ea7n Ph\u00fa Ph\u01b0\u1eddng L\u1ed9c S\u01a1n Th\u00e0nh Ph\u1ed1 B\u1ea3o L\u1ed9c T\u1ec9nh L\u00e2m \u0110\u1ed3ng<\/strong><\/span><\/p>\n<p style=\"text-align: center;\"><span style=\"color: #ff0000; font-size: 150%;\"><strong> Hotline: 0912197441<\/strong><\/span><\/p>\n<p><img loading=\"lazy\" decoding=\"async\" class=\"alignnone size-full wp-image-1434\" title=\"BI G\u1ea6M X-LIGHT F10 TURBO\" src=\"https:\/\/autothaiduong.vn\/wp-content\/uploads\/2025\/05\/10-2.jpg\" alt=\"BI G\u1ea6M X-LIGHT F10 TURBO\" width=\"1280\" height=\"1280\" srcset=\"https:\/\/autothaiduong.vn\/wp-content\/uploads\/2025\/05\/10-2.jpg 1280w, https:\/\/autothaiduong.vn\/wp-content\/uploads\/2025\/05\/10-2-600x600.jpg 600w, https:\/\/autothaiduong.vn\/wp-content\/uploads\/2025\/05\/10-2-1024x1024.jpg 1024w, https:\/\/autothaiduong.vn\/wp-content\/uploads\/2025\/05\/10-2-300x300.jpg 300w, https:\/\/autothaiduong.vn\/wp-content\/uploads\/2025\/05\/10-2-768x768.jpg 768w, https:\/\/autothaiduong.vn\/wp-content\/uploads\/2025\/05\/10-2-100x100.jpg 100w\" sizes=\"auto, (max-width: 1280px) 100vw, 1280px\" \/><\/p>\n<p>Sau s\u1ef1 th\u00e0nh c\u00f4ng c\u1ee7a bi g\u1ea7m X-Light F10 New, th\u01b0\u01a1ng hi\u1ec7u \u0111\u00e8n t\u0103ng s\u00e1ng qu\u1ed1c d\u00e2n X-Light ti\u1ebfp t\u1ee5c cho ra m\u1eaft X-Light F10 Turbo. Kh\u00f4ng ch\u1ec9 n\u00e2ng c\u1ea5p v\u1ec1 ngo\u1ea1i h\u00ecnh m\u00e0 bi g\u1ea7m X-Light F10 Turbo c\u00f2n \u00e1p d\u1ee5ng nh\u1eefng c\u00f4ng ngh\u1ec7 hi\u1ec7n \u0111\u1ea1i l\u00ean s\u1ea3n ph\u1ea9m, h\u1ee9a h\u1eb9n \u0111\u00e2y s\u1ebd l\u00e0 d\u00f2ng s\u1ea3n ph\u1ea9m l\u00e0m khu\u1ea5y \u0111\u1ea3o th\u1ecb tr\u01b0\u1eddng bi g\u1ea7m trong th\u1eddi gian t\u1edbi.<\/p>\n<p><img loading=\"lazy\" decoding=\"async\" class=\"alignnone size-full wp-image-1435\" src=\"https:\/\/autothaiduong.vn\/wp-content\/uploads\/2025\/05\/ngoai-hinh-f10-turbo-1.jpg\" alt=\"\" width=\"800\" height=\"800\" srcset=\"https:\/\/autothaiduong.vn\/wp-content\/uploads\/2025\/05\/ngoai-hinh-f10-turbo-1.jpg 800w, https:\/\/autothaiduong.vn\/wp-content\/uploads\/2025\/05\/ngoai-hinh-f10-turbo-1-600x600.jpg 600w, https:\/\/autothaiduong.vn\/wp-content\/uploads\/2025\/05\/ngoai-hinh-f10-turbo-1-300x300.jpg 300w, https:\/\/autothaiduong.vn\/wp-content\/uploads\/2025\/05\/ngoai-hinh-f10-turbo-1-768x768.jpg 768w, https:\/\/autothaiduong.vn\/wp-content\/uploads\/2025\/05\/ngoai-hinh-f10-turbo-1-100x100.jpg 100w\" sizes=\"auto, (max-width: 800px) 100vw, 800px\" \/><\/p>\n<h2><a id=\"1-h-nh--nh--nh-s-ng-th--c-t--c--a-bi-g--m-x-light-f10-turbo\" class=\"toc-a-tag\"><\/a>1. H\u00ecnh \u1ea3nh \u00e1nh s\u00e1ng th\u1ef1c t\u1ebf c\u1ee7a Bi g\u1ea7m X-Light F10 Turbo<\/h2>\n<h3><a id=\"1-1-h-nh--nh--nh-s-ng-th--c-t--cos-c--a-bi-g--m-x-light-f10-turbo\" class=\"toc-a-tag\"><\/a>1.1 H\u00ecnh \u1ea3nh \u00e1nh s\u00e1ng th\u1ef1c t\u1ebf Cos c\u1ee7a Bi g\u1ea7m X-Light F10 Turbo<\/h3>\n<ul>\n<li aria-level=\"1\">Test b\u1ea3ng canh \u0111\u00e8n:<\/li>\n<\/ul>\n<p><img loading=\"lazy\" decoding=\"async\" class=\"alignnone size-full wp-image-1436\" src=\"https:\/\/autothaiduong.vn\/wp-content\/uploads\/2025\/05\/cos-bat-canh-den.jpg\" alt=\"\" width=\"800\" height=\"800\" srcset=\"https:\/\/autothaiduong.vn\/wp-content\/uploads\/2025\/05\/cos-bat-canh-den.jpg 800w, https:\/\/autothaiduong.vn\/wp-content\/uploads\/2025\/05\/cos-bat-canh-den-600x600.jpg 600w, https:\/\/autothaiduong.vn\/wp-content\/uploads\/2025\/05\/cos-bat-canh-den-300x300.jpg 300w, https:\/\/autothaiduong.vn\/wp-content\/uploads\/2025\/05\/cos-bat-canh-den-768x768.jpg 768w, https:\/\/autothaiduong.vn\/wp-content\/uploads\/2025\/05\/cos-bat-canh-den-100x100.jpg 100w\" sizes=\"auto, (max-width: 800px) 100vw, 800px\" \/><\/p>\n<p>\u00c1nh s\u00e1ng Cos Bi G\u1ea7m F10 Turbo khi test tr\u00ean b\u1ea1t canh \u0111\u00e8n<\/p>\n<ul>\n<li aria-level=\"1\">Test th\u1ef1c t\u1ebf th\u1ef1c t\u1ebf :<\/li>\n<\/ul>\n<p><img loading=\"lazy\" decoding=\"async\" class=\"alignnone size-full wp-image-1437\" src=\"https:\/\/autothaiduong.vn\/wp-content\/uploads\/2025\/05\/1-pha-den-duong-1.jpg\" alt=\"\" width=\"800\" height=\"800\" srcset=\"https:\/\/autothaiduong.vn\/wp-content\/uploads\/2025\/05\/1-pha-den-duong-1.jpg 800w, https:\/\/autothaiduong.vn\/wp-content\/uploads\/2025\/05\/1-pha-den-duong-1-600x600.jpg 600w, https:\/\/autothaiduong.vn\/wp-content\/uploads\/2025\/05\/1-pha-den-duong-1-300x300.jpg 300w, https:\/\/autothaiduong.vn\/wp-content\/uploads\/2025\/05\/1-pha-den-duong-1-768x768.jpg 768w, https:\/\/autothaiduong.vn\/wp-content\/uploads\/2025\/05\/1-pha-den-duong-1-100x100.jpg 100w\" sizes=\"auto, (max-width: 800px) 100vw, 800px\" \/><\/p>\n<p>\u00c1nh s\u00e1ng Cos v\u01b0\u1ee3t tr\u1ed9i<\/p>\n<p>\u1ede ch\u1ebf \u0111\u1ed9 Cos, bi g\u1ea7m X-Light F10 Turbo cho ra \u00e1nh s\u00e1ng m\u1ea1nh m\u1ebd v\u00e0 r\u1ed9ng h\u01a1n 1.5 l\u1ea7n so v\u1edbi phi\u00ean b\u1ea3n bi g\u1ea7m X-Light F10 New, c\u00f3 th\u1ec3 n\u00f3i \u0111\u00e2y l\u00e0 \u00e1nh s\u00e1ng thu\u1ed9c top r\u1ed9ng nh\u1ea5t trong ph\u00e2n kh\u00fac \u0111\u00e8n bi g\u1ea7m c\u1ee7a X-Light t\u1eeb tr\u01b0\u1edbc \u0111\u1ebfn nay. \u00c1nh s\u00e1ng \u1edf ch\u1ebf \u0111\u1ed9 Cos r\u1ed9ng, b\u00e1m \u0111\u01b0\u1eddng v\u1edbi ph\u1ea7n b\u1ee5ng s\u00e1ng b\u00e1m \u0111\u01b0\u1eddng, gi\u00fap cho t\u00e0i x\u1ebf d\u1ec5 d\u00e0ng di chuy\u1ec3n \u1edf nh\u1eefng cung \u0111\u01b0\u1eddng \u0111i\u1ec1u ki\u1ec7n th\u1eddi ti\u1ebft x\u1ea5u, nhi\u1ec1u \u1ed5 g\u00e0.<\/p>\n<p>B\u00ean c\u1ea1nh \u0111\u00f3, ch\u00e2n s\u00e1ng cong c\u1ee7a bi g\u1ea7m X-Light F10 Turbo gi\u00fap t\u1ea1o ra \u00e1nh s\u00e1ng th\u1eddi trang v\u00e0 d\u1ecbu m\u1eaft h\u01a1n r\u1ea5t nhi\u1ec1u.<\/p>\n<ul>\n<li aria-level=\"1\">H\u00ecnh \u1ea3nh l\u01b0u th\u00f4ng tr\u00ean \u0111\u01b0\u1eddng: \u0111ang c\u1eadp nh\u1eadt<\/li>\n<\/ul>\n<h3><a id=\"1-2-h-nh--nh-th--c-t--pha-c--a-bi-g--m-x-light-f10-turbo\" class=\"toc-a-tag\"><\/a>1.2 H\u00ecnh \u1ea3nh th\u1ef1c t\u1ebf Pha c\u1ee7a Bi g\u1ea7m X-Light F10 Turbo<\/h3>\n<ul>\n<li aria-level=\"1\">Test b\u1ea3ng canh \u0111\u00e8n:<\/li>\n<\/ul>\n<p><img loading=\"lazy\" decoding=\"async\" class=\"alignnone size-full wp-image-1438\" src=\"https:\/\/autothaiduong.vn\/wp-content\/uploads\/2025\/05\/bat-canh-den-pha.jpg\" alt=\"\" width=\"800\" height=\"800\" srcset=\"https:\/\/autothaiduong.vn\/wp-content\/uploads\/2025\/05\/bat-canh-den-pha.jpg 800w, https:\/\/autothaiduong.vn\/wp-content\/uploads\/2025\/05\/bat-canh-den-pha-600x600.jpg 600w, https:\/\/autothaiduong.vn\/wp-content\/uploads\/2025\/05\/bat-canh-den-pha-300x300.jpg 300w, https:\/\/autothaiduong.vn\/wp-content\/uploads\/2025\/05\/bat-canh-den-pha-768x768.jpg 768w, https:\/\/autothaiduong.vn\/wp-content\/uploads\/2025\/05\/bat-canh-den-pha-100x100.jpg 100w\" sizes=\"auto, (max-width: 800px) 100vw, 800px\" \/><\/p>\n<p>\u00c1nh s\u00e1ng Pha Bi G\u1ea7m F10 Turbo khi test tr\u00ean b\u1ea1t canh \u0111\u00e8n<\/p>\n<ul>\n<li aria-level=\"1\">Test th\u1ef1c t\u1ebf:<\/li>\n<\/ul>\n<p><img loading=\"lazy\" decoding=\"async\" class=\"alignnone size-full wp-image-1439\" src=\"https:\/\/autothaiduong.vn\/wp-content\/uploads\/2025\/05\/cos-den-duong-den-1.jpg\" alt=\"\" width=\"800\" height=\"800\" srcset=\"https:\/\/autothaiduong.vn\/wp-content\/uploads\/2025\/05\/cos-den-duong-den-1.jpg 800w, https:\/\/autothaiduong.vn\/wp-content\/uploads\/2025\/05\/cos-den-duong-den-1-600x600.jpg 600w, https:\/\/autothaiduong.vn\/wp-content\/uploads\/2025\/05\/cos-den-duong-den-1-300x300.jpg 300w, https:\/\/autothaiduong.vn\/wp-content\/uploads\/2025\/05\/cos-den-duong-den-1-768x768.jpg 768w, https:\/\/autothaiduong.vn\/wp-content\/uploads\/2025\/05\/cos-den-duong-den-1-100x100.jpg 100w\" sizes=\"auto, (max-width: 800px) 100vw, 800px\" \/><\/p>\n<p>\u00c1nh s\u00e1ng Pha v\u01b0\u1ee3t tr\u1ed9i v\u1edbi kh\u1ea3 n\u0103ng chi\u1ebfu xa \u1ea5n t\u01b0\u1ee3ng<\/p>\n<p>\u00c1nh s\u00e1ng \u1edf ch\u1ebf \u0111\u1ed9 Pha c\u1ee7a bi g\u1ea7m X-light F10 Turbo m\u1ea1nh m\u1ebd v\u1edbi kh\u1ea3 n\u0103ng chi\u1ebfu s\u00e1ng c\u1ef1c t\u1ed1t, c\u00f3 th\u1ec3 n\u00f3i \u0111\u1ec3 \u0111\u1ea1t \u0111\u01b0\u1ee3c \u0111i\u1ec1u n\u00e0y l\u00e0 nh\u1edd v\u00e0o s\u1ef1 nghi\u00ean c\u1ee9u v\u00e0 l\u00e0 k\u1ebft qu\u1ea3 c\u1ee7a s\u1ef1 c\u1ed9ng h\u01b0\u1edfng c\u1ee7a 3 ngu\u1ed3n ph\u00e1t quang, cho ra \u00e1nh s\u00e1ng m\u1ea1nh nh\u1ea5t trong ph\u00e2n kh\u00fac so v\u1edbi c\u00e1c d\u00f2ng bi g\u1ea7m kh\u00e1c trong \u0111\u1ea1i gia \u0111\u00ecnh bi g\u1ea7m X-Light tr\u01b0\u1edbc \u0111\u00f3.<\/p>\n<p>S\u1ef1 xu\u1ea5t hi\u1ec7n v\u00e0 ra \u0111\u1eddi c\u1ee7a c\u00e1c d\u00f2ng \u0111\u00e8n bi g\u1ea7m nh\u1eb1m h\u1ed7 tr\u1ee3 t\u0103ng s\u00e1ng cho \u0111\u00e8n ch\u00ednh v\u00e0 bi g\u1ea7m X-Light F10 Turbo \u0111\u00e3 l\u00e0m t\u1ed1t \u0111i\u1ec1u n\u00e0y. V\u1edbi kh\u1ea3 n\u0103ng chi\u1ebfu s\u00e1ng v\u00f4 c\u00f9ng \u1ea5n t\u01b0\u1ee3ng th\u00ec X-Light F10 Turbo gi\u00fap h\u1ed7 tr\u1ee3 di chuy\u1ec3n \u1edf nh\u1eefng \u0111i\u1ec1u ki\u1ec7n nhi\u1ec1u s\u01b0\u01a1ng m\u00f9, \u0111\u00e1p \u1ee9ng \u0111\u01b0\u1ee3c nhu c\u1ea7u di chuy\u1ec3n khi \u0111i nh\u1eefng cung \u0111\u01b0\u1eddng \u0111\u00e8o n\u00fai c\u1ee7a ng\u01b0\u1eddi d\u00f9ng. M\u1ed9t trong nh\u1eefng \u01b0u \u0111i\u1ec3m c\u1ee7a bi g\u1ea7m X-Light F10 Turbo l\u00e0 t\u00edch h\u1ee3p 2 ch\u1ebf \u0111\u1ed9 Pha\/Cos, c\u00f3 th\u00eam ch\u1ebf \u0111\u1ed9 \u0111\u00e1 pha bi g\u1ea7m ngay c\u1ea3 khi kh\u00f4ng m\u1edf \u0111\u00e8n, \u0111i\u1ec1u n\u00e0y gi\u00fap cho t\u00e0i x\u1ebf d\u1ec5 d\u00e0ng ra t\u00edn hi\u1ec7u cho ng\u01b0\u1eddi di chuy\u1ec3n ph\u00eda \u0111\u1ed1i di\u1ec7n, \u0111\u1ea3m b\u1ea3o an to\u00e0n khi tham gia giao th\u00f4ng.<\/p>\n<ul>\n<li aria-level=\"1\">H\u00ecnh \u1ea3nh l\u01b0u th\u00f4ng tr\u00ean \u0111\u01b0\u1eddng: \u0111ang c\u1eadp nh\u1eadt<\/li>\n<\/ul>\n<h2><a id=\"2-video-th--c-t---nh-s-ng-bi-g--m-x-light-f10-turbo\" class=\"toc-a-tag\"><\/a>2. Video th\u1ef1c t\u1ebf \u00e1nh s\u00e1ng Bi g\u1ea7m X-Light F10 Turbo<\/h2>\n<h3><iframe loading=\"lazy\" src=\"https:\/\/www.youtube.com\/embed\/3OYGuQIbmIE\" width=\"100%\" height=\"400\" frameborder=\"0\" scrolling=\"no\" data-mce-fragment=\"1\"><\/iframe><\/h3>\n<h2><a id=\"3-c-ng-ngh--bi-g--m-x-light-f10-turbo\" class=\"toc-a-tag\"><\/a>3. C\u00f4ng ngh\u1ec7 Bi g\u1ea7m X-Light F10 Turbo<\/h2>\n<h3><a id=\"3-1-thi--t-k--body-c--a-bi-g--m-x-light-f10-turbo\" class=\"toc-a-tag\"><\/a>3.1 Thi\u1ebft k\u1ebf body c\u1ee7a Bi g\u1ea7m X-Light F10 Turbo<\/h3>\n<p>Bi g\u1ea7m X-Light F10 Turbo v\u1edbi thi\u1ebft k\u1ebf body \u0111\u01b0\u1ee3c ho\u00e0n thi\u1ec7n t\u1eeb v\u1eadt li\u1ec7u Aluminum cao c\u1ea5p v\u00e0 \u0111\u01b0\u1ee3c s\u01a1n ph\u1ee7 m\u1ed9t l\u1edbp s\u01a1n m\u00e0u x\u00e1m ghi sang tr\u1ecdng v\u00e0 k\u00edch th\u01b0\u1edbc v\u00f4 c\u00f9ng nh\u1ecf g\u1ecdn, gi\u00fap cho qu\u00e1 tr\u00ecnh l\u1eafp \u0111\u1eb7t tr\u1edf n\u00ean d\u1ec5 d\u00e0ng c\u0169ng nh\u01b0 kh\u00f4ng g\u00e2y m\u1ea5t th\u1ea9m m\u1ef9 cho xe.<\/p>\n<p><img loading=\"lazy\" decoding=\"async\" class=\"alignnone size-full wp-image-1440\" src=\"https:\/\/autothaiduong.vn\/wp-content\/uploads\/2025\/05\/kich-thuoc-san-pham.jpg\" alt=\"\" width=\"800\" height=\"533\" srcset=\"https:\/\/autothaiduong.vn\/wp-content\/uploads\/2025\/05\/kich-thuoc-san-pham.jpg 800w, https:\/\/autothaiduong.vn\/wp-content\/uploads\/2025\/05\/kich-thuoc-san-pham-600x400.jpg 600w, https:\/\/autothaiduong.vn\/wp-content\/uploads\/2025\/05\/kich-thuoc-san-pham-768x512.jpg 768w\" sizes=\"auto, (max-width: 800px) 100vw, 800px\" \/><\/p>\n<p>K\u00edch th\u01b0\u1edbc c\u1ee7a bi g\u1ea7m X-Light F10 Turbo<\/p>\n<p>M\u1ed9t trong nh\u1eefng \u0111i\u1ec3m n\u1ed5i b\u1eadt v\u00e0 \u01b0u \u0111i\u1ec3m v\u01b0\u1ee3t tr\u1ed9i c\u1ee7a s\u1ea3n ph\u1ea9m so v\u1edbi c\u00e1c d\u00f2ng s\u1ea3n ph\u1ea9m bi g\u1ea7m kh\u00e1c tr\u00ean th\u1ecb tr\u01b0\u1eddng l\u00e0 X-Light F10 Turbo \u0111\u01b0\u1ee3c trang b\u1ecb th\u00eam 2 m\u1eaft tr\u1ee3 pha c\u00f4ng ngh\u1ec7 m\u1edbi. Ngo\u00e0i ra, h\u00e3ng \u0111\u00e3 kh\u00f4ng ng\u1eebng n\u1ed7 l\u1ef1c v\u00e0 c\u1ea3i ti\u1ebfn cho X-Light F10 Turbo so v\u1edbi c\u00e1c d\u00f2ng bi g\u1ea7m kh\u00e1c tr\u00ean th\u1ecb tr\u01b0\u1eddng l\u00e0 2 l\u1ed7 th\u00f4ng h\u01a1i, trong \u0111\u00f3 c\u00f3 1 n\u00fat tho\u00e1t nhi\u1ec7t th\u1ebf h\u1ec7 m\u1edbi \u1edf v\u1ecb tr\u00ed c\u1ee7a \u0111u\u00f4i \u0111\u00e8n, gi\u00fap t\u0103ng hi\u1ec7u qu\u1ea3 tho\u00e1t h\u01a1i c\u0169ng nh\u01b0 tr\u00e1nh \u0111i t\u00ecnh tr\u1ea1ng b\u1ecb h\u1ea5p h\u01a1i n\u01b0\u1edbc \u1edf b\u00ean trong m\u1ea1ch \u0111i\u1ec7n, h\u1ed7 tr\u1ee3 qu\u00e1 tr\u00ecnh t\u1ea3n nhi\u1ec7t th\u1ee5 \u0111\u1ed9ng c\u1ee7a \u0111\u00e8n m\u1ed9t c\u00e1ch t\u1ed1t nh\u1ea5t.<\/p>\n<p>&nbsp;<\/p>\n<p><img loading=\"lazy\" decoding=\"async\" class=\"alignnone size-full wp-image-1441\" src=\"https:\/\/autothaiduong.vn\/wp-content\/uploads\/2025\/05\/hai-mat-tro-pha.jpg\" alt=\"\" width=\"800\" height=\"533\" srcset=\"https:\/\/autothaiduong.vn\/wp-content\/uploads\/2025\/05\/hai-mat-tro-pha.jpg 800w, https:\/\/autothaiduong.vn\/wp-content\/uploads\/2025\/05\/hai-mat-tro-pha-600x400.jpg 600w, https:\/\/autothaiduong.vn\/wp-content\/uploads\/2025\/05\/hai-mat-tro-pha-768x512.jpg 768w\" sizes=\"auto, (max-width: 800px) 100vw, 800px\" \/><\/p>\n<p>Thi\u1ebft k\u1ebf 2 m\u1eaft tr\u1ee3 Pha c\u1ee7a X-Light F10 Turbo<\/p>\n<p>\u1ede bi g\u1ea7m X-Light F10 Turbo, h\u00e3ng c\u0169ng \u0111\u00e3 b\u1ed5 sung th\u00eam jack c\u1eafm chuy\u00ean d\u1ee5ng kh\u00e1c v\u1edbi c\u00e1c phi\u00ean b\u1ea3n bi g\u1ea7m nh\u00e0 X-Light tr\u01b0\u1edbc \u0111\u00e2y. H\u1ed7 tr\u1ee3 k\u1ebft n\u1ed1i \u201cPlug and Play\u2019 r\u00fat ng\u1eafn th\u1eddi gian v\u00e0 gi\u1ea3m m\u1ee9c \u0111\u1ed9 ph\u1ee9c t\u1ea1p c\u1ee7a vi\u1ec7c l\u1eafp \u0111\u1eb7t tr\u00ean c\u00e1c d\u00f2ng xe.<\/p>\n<h3><a id=\"3-2-c--u-h-nh--nh-s-ng-v---t-tr--i-c--a-bi-g--m-x-light-f10-turbo\" class=\"toc-a-tag\"><\/a>3.2 C\u1ea5u h\u00ecnh \u00e1nh s\u00e1ng v\u01b0\u1ee3t tr\u1ed9i c\u1ee7a bi g\u1ea7m X-Light F10 Turbo<\/h3>\n<p>Bi g\u1ea7m X-Light F10 Turbo trang b\u1ecb c\u1ea5u h\u00ecnh 6 nh\u00e2n chip LED \u1edf ch\u00f3a ph\u1ea3n x\u1ea1 th\u1ebf h\u1ec7 m\u1edbi cho ra \u00e1nh s\u00e1ng c\u00f3 cung r\u1ed9ng, b\u00e1m \u0111\u01b0\u1eddng, h\u1ed7 tr\u1ee3 \u00e1nh s\u00e1ng t\u1ed1t nh\u1ea5t cho t\u1ea7m quan s\u00e1t g\u1ea7n v\u1edbi c\u00f4ng su\u1ea5t ho\u1ea1t \u0111\u1ed9ng kho\u1ea3ng 40W.<\/p>\n<p>\u0110\u1eb7c bi\u1ec7t, X-Light F10 Turbo c\u00f2n trang b\u1ecb th\u00eam 1+1 chip LED \u0111\u01b0\u1ee3c b\u1ed1 tr\u00ed \u1edf v\u1ecb tr\u00ed m\u1eaft tr\u1ee3 Pha b\u1eb1ng c\u00e1ch ho\u1ea1t \u0111\u1ed9ng ho\u00e0n to\u00e0n \u0111\u1ed9c l\u1eadp. C\u0169ng nh\u1edd v\u00e0o vi\u1ec7c s\u1eed d\u1ee5ng c\u00f4ng ngh\u1ec7 chip LED Osram cao c\u1ea5p m\u00e0 c\u1ea3 hai chip LED n\u00e0y \u0111\u1ec1u \u0111\u01b0\u1ee3c ho\u1ea1t \u0111\u1ed9ng m\u1ed9t c\u00e1ch m\u1ea1nh m\u1ebd gi\u00fap \u00e1nh s\u00e1ng \u1edf ch\u1ebf \u0111\u1ed9 Pha ph\u00e1t ra m\u1ed9t c\u00e1ch m\u1ea1nh m\u1ebd ho\u1ea1t \u0111\u1ed9ng \u1edf c\u00f4ng su\u1ea5t 65W.<\/p>\n<p><img loading=\"lazy\" decoding=\"async\" class=\"alignnone size-full wp-image-1442\" src=\"https:\/\/autothaiduong.vn\/wp-content\/uploads\/2025\/05\/he-thong-chieu-sang.jpg\" alt=\"\" width=\"800\" height=\"533\" srcset=\"https:\/\/autothaiduong.vn\/wp-content\/uploads\/2025\/05\/he-thong-chieu-sang.jpg 800w, https:\/\/autothaiduong.vn\/wp-content\/uploads\/2025\/05\/he-thong-chieu-sang-600x400.jpg 600w, https:\/\/autothaiduong.vn\/wp-content\/uploads\/2025\/05\/he-thong-chieu-sang-768x512.jpg 768w\" sizes=\"auto, (max-width: 800px) 100vw, 800px\" \/><\/p>\n<p>C\u1ea5u h\u00ecnh \u00e1nh s\u00e1ng v\u01b0\u1ee3t tr\u1ed9i c\u1ee7a Bi G\u1ea7m X-Light\u00a0 F10 Turbo<\/p>\n<p>Bi g\u1ea7m X-Light F10 Turbo c\u00f2n \u0111\u01b0\u1ee3c trang b\u1ecb th\u00eam \u201cc\u1ea3m bi\u1ebfn nhi\u1ec7t\u201d, c\u00f4ng ngh\u1ec7 n\u00e0y cho ph\u00e9p t\u1ef1 c\u1ea3m nh\u1eadn khi c\u00e1c chip LED ho\u1ea1t \u0111\u1ed9ng qu\u00e1 c\u00f4ng su\u1ea5t, t\u1eeb \u0111\u00f3 t\u1ef1 \u0111i\u1ec1u ch\u1ec9nh l\u1ea1i c\u00f4ng su\u1ea5t \u1edf ng\u01b0\u1ee1ng an to\u00e0n \u0111\u1ec3 \u0111\u1ea3m b\u1ea3o chip LED \u0111\u01b0\u1ee3c ho\u1ea1t \u0111\u1ed9ng \u1edf tr\u1ea1ng th\u00e1i t\u1ed1t nh\u1ea5t.<\/p>\n<p><img loading=\"lazy\" decoding=\"async\" class=\"alignnone size-full wp-image-1443\" src=\"https:\/\/autothaiduong.vn\/wp-content\/uploads\/2025\/05\/chan-cam.jpg\" alt=\"\" width=\"800\" height=\"533\" srcset=\"https:\/\/autothaiduong.vn\/wp-content\/uploads\/2025\/05\/chan-cam.jpg 800w, https:\/\/autothaiduong.vn\/wp-content\/uploads\/2025\/05\/chan-cam-600x400.jpg 600w, https:\/\/autothaiduong.vn\/wp-content\/uploads\/2025\/05\/chan-cam-768x512.jpg 768w\" sizes=\"auto, (max-width: 800px) 100vw, 800px\" \/><\/p>\n<p>Ch\u00e2n c\u1eafm X-Light F10 Turbo<\/p>\n<p>B\u00ean c\u1ea1nh nh\u1eefng t\u00ednh n\u0103ng tr\u00ean, bi g\u1ea7m X-Light F10 Turbo c\u00f2n trang b\u1ecb th\u00eam h\u1ec7 th\u1ed1ng Drvier n\u1eb1m tr\u00ean \u0111\u1ebf LED \u0111\u01b0\u1ee3c d\u00e1n ch\u1eb7t v\u1edbi body, gi\u00fap cho nhi\u1ec7t l\u01b0\u1ee3ng tho\u00e1t ra b\u00ean ngo\u00e0i m\u1ed9t c\u00e1ch t\u1ed1t nh\u1ea5t.<\/p>\n<h3><a id=\"3-3-h--th--ng-t--n-nhi--t-c--a---n\" class=\"toc-a-tag\"><\/a>3.3 H\u1ec7 th\u1ed1ng t\u1ea3n nhi\u1ec7t c\u1ee7a \u0111\u00e8n<\/h3>\n<p>Bi g\u1ea7m X-Light F10 Turbo \u00e1p d\u1ee5ng nh\u1eefng c\u00f4ng ngh\u1ec7 t\u1ea3n nhi\u1ec7t v\u00f4 c\u00f9ng hi\u1ec7n \u0111\u1ea1i v\u1edbi kh\u1ea3 n\u0103ng t\u1ea3n nhi\u1ec7t th\u1ee5 \u0111\u1ed9ng v\u00f4 c\u00f9ng t\u1ed1t. Khi \u0111\u00e8n ho\u1ea1t \u0111\u1ed9ng th\u00ec nhi\u1ec7t \u0111\u1ed9 s\u1ebd b\u1ecb \u0111\u1ea9y ra ngo\u00e0i m\u1ed9t c\u00e1ch nhanh ch\u00f3ng v\u00e0 hi\u1ec7u qu\u1ea3, nh\u1edd \u0111\u00f3 m\u00e0 s\u1ea3n ph\u1ea9m lu\u00f4n ho\u1ea1t \u0111\u1ed9ng \u0111\u01b0\u1ee3c \u1edf m\u1ed9t tr\u1ea1ng th\u00e1i t\u1ed1t nh\u1ea5t v\u00e0 g\u00f3p ph\u1ea7n gia t\u0103ng tu\u1ed5i th\u1ecd cho s\u1ea3n ph\u1ea9m.<\/p>\n<p><img loading=\"lazy\" decoding=\"async\" class=\"alignnone size-full wp-image-1444\" src=\"https:\/\/autothaiduong.vn\/wp-content\/uploads\/2025\/05\/he-thong-tan-nhiet.jpg\" alt=\"\" width=\"800\" height=\"533\" srcset=\"https:\/\/autothaiduong.vn\/wp-content\/uploads\/2025\/05\/he-thong-tan-nhiet.jpg 800w, https:\/\/autothaiduong.vn\/wp-content\/uploads\/2025\/05\/he-thong-tan-nhiet-600x400.jpg 600w, https:\/\/autothaiduong.vn\/wp-content\/uploads\/2025\/05\/he-thong-tan-nhiet-768x512.jpg 768w\" sizes=\"auto, (max-width: 800px) 100vw, 800px\" \/><\/p>\n<p>H\u1ec7 th\u1ed1ng t\u1ea3n nhi\u1ec7t cao c\u1ea5p c\u1ee7a Bi G\u1ea7m X-Light F10 Turbo<\/p>\n<h3><a id=\"3-4-3-phi-n-b--n-nhi--t-m-u-c--a-bi-g--m-x-light-f10-turbo\" class=\"toc-a-tag\"><\/a>3.4 3 phi\u00ean b\u1ea3n nhi\u1ec7t m\u00e0u c\u1ee7a bi g\u1ea7m X-Light F10 Turbo<\/h3>\n<p>\u1ede bi g\u1ea7m X-Light F10 Turbo, th\u01b0\u01a1ng hi\u1ec7u \u0111\u00e3 trang b\u1ecb cho s\u1ea3n ph\u1ea9m 3 nhi\u1ec7t m\u00e0u bao g\u1ed3m 3000K- 4300K &#8211; 5500K gi\u00fap cho kh\u00e1ch h\u00e0ng d\u1ec5 d\u00e0ng l\u1ef1a ch\u1ecdn nhi\u1ec7t m\u00e0u sao cho ph\u00f9 h\u1ee3p v\u1edbi \u0111i\u1ec1u ki\u1ec7n th\u1eddi ti\u1ebft m\u00e0 kh\u00e1ch h\u00e0ng th\u01b0\u1eddng xuy\u00ean di chuy\u1ec3n.<\/p>\n<ul>\n<li aria-level=\"1\">Nhi\u1ec7t m\u00e0u 3000K: cho ra \u00e1nh s\u00e1ng v\u00e0ng, ph\u00f9 h\u1ee3p di chuy\u1ec3n \u1edf v\u00f9ng n\u00fai c\u00f3 th\u1eddi ti\u1ebft nhi\u1ec1u s\u01b0\u01a1ng m\u00f9<\/li>\n<li aria-level=\"1\">Nhi\u1ec7t m\u00e0u 4300K: cho ra \u00e1nh s\u00e1ng trung t\u00ednh, m\u1ecbn m\u00e0ng v\u00e0 b\u00e1m \u0111\u01b0\u1eddng m\u1ed9t c\u00e1ch v\u01b0\u1ee3t tr\u1ed9i<\/li>\n<li aria-level=\"1\">Nhi\u1ec7t m\u00e0u 5500K: cho ra \u00e1nh s\u00e1ng tr\u1eafng th\u1eddi trang, ph\u00f9 h\u1ee3p di chuy\u1ec3n \u1edf nhi\u1ec1u \u0111i\u1ec1u ki\u1ec7n kh\u00e1c nhau<\/li>\n<\/ul>\n<p>Ngo\u00e0i ra th\u00ec khi \u0111\u00e8n ho\u1ea1t \u0111\u1ed9ng \u1edf ch\u1ebf \u0111\u1ed9 Pha, c\u00e1c phi\u00ean b\u1ea3n nhi\u1ec7t m\u00e0u c\u0169ng cho ra v\u00f9ng s\u00e1ng \u1edf ch\u1ebf \u0111\u1ed9 Pha c\u00f3 nhi\u1ec7t m\u00e0u ri\u00eang nh\u01b0 bi\u1ec7t nh\u01b0 bi g\u1ea7m X-Light F10 Turbo 3000K v\u00e0 4300K s\u1ebd cho ra v\u00f9ng \u00e1nh s\u00e1ng pha c\u00f3 nhi\u1ec7t m\u00e0u kho\u1ea3ng 4000K. C\u00f2n bi g\u1ea7m F10 Turbo phi\u00ean b\u1ea3n nhi\u1ec7t m\u00e0u 5500K s\u1ebd c\u00f3 ra v\u00f9ng \u00e1nh s\u00e1ng c\u00f3 nhi\u1ec7t m\u00e0u 5000K.<\/p>\n<h3><a id=\"3-5-kh--n-ng-ch--ng-n---c-c--a-bi-g--m-x-light-f10-turbo\" class=\"toc-a-tag\"><\/a>3.5 Kh\u1ea3 n\u0103ng ch\u1ed1ng n\u01b0\u1edbc c\u1ee7a bi g\u1ea7m X-Light F10 Turbo<\/h3>\n<p>Nh\u1edd v\u00e0o s\u1ef1 li\u00ean k\u1ebft ch\u1eb7t ch\u1ebd c\u1ee7a c\u00e1c ron ch\u1ed1ng n\u01b0\u1edbc cao c\u1ea5p thay v\u00ec s\u1eed d\u1ee5ng keo d\u00e1n nh\u01b0 m\u1ed9t s\u1ed1 d\u00f2ng bi kh\u00e1c \u1edf tr\u00ean th\u1ecb tr\u01b0\u1eddng n\u00ean bi g\u1ea7m X-Light F10 Turbo \u0111em \u0111\u1ebfn kh\u1ea3 n\u0103ng ch\u1ed1ng n\u01b0\u1edbc v\u00f4 c\u00f9ng t\u1ed1t v\u1edbi \u0111\u1ea1t ti\u00eau chu\u1ea9n ch\u1ed1ng n\u01b0\u1edbc IP68. Ch\u00ednh v\u00ec th\u1ebf b\u1ea1n kh\u00f4ng c\u1ea7n lo khi di chuy\u1ec3n d\u01b0\u1edbi tr\u1eddi m\u01b0a, nhi\u1ec1u s\u01b0\u01a1ng m\u00f9 hay qua nh\u1eefng cung \u0111\u01b0\u1eddng c\u00f3 \u0111\u1ed9 \u1ea9m cao.<\/p>\n<p><img loading=\"lazy\" decoding=\"async\" class=\"alignnone size-full wp-image-1445\" src=\"https:\/\/autothaiduong.vn\/wp-content\/uploads\/2025\/05\/ron-chong-nuoc-cao-cap.jpg\" alt=\"\" width=\"800\" height=\"533\" srcset=\"https:\/\/autothaiduong.vn\/wp-content\/uploads\/2025\/05\/ron-chong-nuoc-cao-cap.jpg 800w, https:\/\/autothaiduong.vn\/wp-content\/uploads\/2025\/05\/ron-chong-nuoc-cao-cap-600x400.jpg 600w, https:\/\/autothaiduong.vn\/wp-content\/uploads\/2025\/05\/ron-chong-nuoc-cao-cap-768x512.jpg 768w\" sizes=\"auto, (max-width: 800px) 100vw, 800px\" \/><\/p>\n<p><em>Ron ch\u1ed1ng n\u01b0\u1edbc cao c\u1ea5p<\/em><\/p>\n<p>&nbsp;<\/p>\n","protected":false},"excerpt":{"rendered":"<h2><strong>Th\u00f4ng s\u1ed1 k\u1ef9 thu\u1eadt BI G\u1ea6M X-LIGHT F10 TURBO<\/strong><\/h2>\n<table>\n<tbody>\n<tr>\n<td class=\"lileft\"><strong>Lo\u1ea1i \u0110\u00e8n:<\/strong><\/td>\n<td class=\"liright\"><strong>Bi G\u1ea7m<\/strong><\/td>\n<\/tr>\n<tr>\n<td class=\"lileft\"><strong>Th\u01b0\u01a1ng Hi\u1ec7u:<\/strong><\/td>\n<td class=\"liright\"><strong>X-Light<\/strong><\/td>\n<\/tr>\n<tr>\n<td class=\"lileft\"><strong>N\u0103m s\u1ea3n xu\u1ea5t:<\/strong><\/td>\n<td class=\"liright\"><strong>2024<\/strong><\/td>\n<\/tr>\n<tr>\n<td class=\"lileft\"><strong>V\u1ecb Tr\u00ed L\u1eafp \u0110\u1eb7t:<\/strong><\/td>\n<td class=\"liright\"><strong>\u0110\u00e8n G\u1ea7m\/S\u01b0\u01a1ng M\u00f9<\/strong><\/td>\n<\/tr>\n<tr>\n<td class=\"lileft\"><strong>D\u00f2ng Xe Ph\u00f9 H\u1ee3p:<\/strong><\/td>\n<td class=\"liright\"><strong>C\u00e1c Lo\u1ea1i \u00d4 T\u00f4\/Xe M\u00e1y<\/strong><\/td>\n<\/tr>\n<tr>\n<td class=\"lileft\"><strong>C\u00f4ng Su\u1ea5t Cos:<\/strong><\/td>\n<td class=\"liright\"><strong>40W<\/strong><\/td>\n<\/tr>\n<tr>\n<td class=\"lileft\"><strong>C\u00f4ng Su\u1ea5t Pha:<\/strong><\/td>\n<td class=\"liright\"><strong>65W<\/strong><\/td>\n<\/tr>\n<tr>\n<td class=\"lileft\"><strong>Nh\u00e2n LED:<\/strong><\/td>\n<td class=\"liright\"><strong>6<\/strong><\/td>\n<\/tr>\n<tr>\n<td class=\"lileft\"><strong>Nhi\u1ec7t m\u00e0u:<\/strong><\/td>\n<td class=\"liright\"><strong>3000K\/4300K\/5500K<\/strong><\/td>\n<\/tr>\n<tr>\n<td class=\"lileft\"><strong>H\u1ec7 Th\u1ed1ng T\u1ea3n Nhi\u1ec7t:<\/strong><\/td>\n<td class=\"liright\"><strong>Th\u1ee5 \u0111\u1ed9ng<\/strong><\/td>\n<\/tr>\n<tr>\n<td class=\"lileft\"><strong>Ch\u1ed1ng N\u01b0\u1edbc:<\/strong><\/td>\n<td class=\"liright\"><strong>IP68<\/strong><\/td>\n<\/tr>\n<tr>\n<td class=\"lileft\"><strong>Tu\u1ed5i th\u1ecd:<\/strong><\/td>\n<td class=\"liright\"><strong>30000 gi\u1edd<\/strong><\/td>\n<\/tr>\n<tr>\n<td class=\"lileft\"><strong>\u0110i\u1ec7n \u00c1p:<\/strong><\/td>\n<td class=\"liright\"><strong>12 &#8211; 16V<\/strong><\/td>\n<\/tr>\n<tr>\n<td class=\"lileft\"><strong>K\u00edch th\u01b0\u1edbc \u0110\u00e8n:<\/strong><\/td>\n<td class=\"liright\"><strong>128*67*83mm<\/strong><\/td>\n<\/tr>\n<tr>\n<td class=\"lileft\"><strong>K\u00edch Th\u01b0\u1edbc Lens:<\/strong><\/td>\n<td class=\"liright\"><strong>3.0 inch<\/strong><\/td>\n<\/tr>\n<tr>\n<td class=\"lileft\"><strong>B\u1ea3o h\u00e0nh:<\/strong><\/td>\n<td class=\"liright\"><strong>2 N\u0103m<\/strong><\/td>\n<\/tr>\n<tr>\n<td class=\"lileft\"><strong>M\u1eaft Tr\u1ee3 Pha:<\/strong><\/td>\n<td class=\"liright\"><strong>1+1 M\u1eaft Tr\u1ee3 Pha<\/strong><\/td>\n<\/tr>\n<tr>\n<td class=\"lileft\"><strong>\u0110\u1eb7c \u0110i\u1ec3m N\u1ed5i B\u1eadt:<\/strong><\/td>\n<td class=\"liright\"><strong>3 Phi\u00ean B\u1ea3n Nhi\u1ec7t M\u00e0u<\/strong><\/td>\n<\/tr>\n<\/tbody>\n<\/table>\n","protected":false},"featured_media":1434,"comment_status":"open","ping_status":"closed","template":"","meta":[],"product_brand":[134],"product_cat":[16,143],"product_tag":[],"class_list":{"0":"post-1426","1":"product","2":"type-product","3":"status-publish","4":"has-post-thumbnail","6":"product_brand-x-light","7":"product_cat-anh-sang","8":"product_cat-den-bi-gam","10":"first","11":"outofstock","12":"shipping-taxable","13":"purchasable","14":"product-type-simple"},"_links":{"self":[{"href":"https:\/\/autothaiduong.vn\/index.php?rest_route=\/wp\/v2\/product\/1426","targetHints":{"allow":["GET"]}}],"collection":[{"href":"https:\/\/autothaiduong.vn\/index.php?rest_route=\/wp\/v2\/product"}],"about":[{"href":"https:\/\/autothaiduong.vn\/index.php?rest_route=\/wp\/v2\/types\/product"}],"replies":[{"embeddable":true,"href":"https:\/\/autothaiduong.vn\/index.php?rest_route=%2Fwp%2Fv2%2Fcomments&post=1426"}],"wp:featuredmedia":[{"embeddable":true,"href":"https:\/\/autothaiduong.vn\/index.php?rest_route=\/wp\/v2\/media\/1434"}],"wp:attachment":[{"href":"https:\/\/autothaiduong.vn\/index.php?rest_route=%2Fwp%2Fv2%2Fmedia&parent=1426"}],"wp:term":[{"taxonomy":"product_brand","embeddable":true,"href":"https:\/\/autothaiduong.vn\/index.php?rest_route=%2Fwp%2Fv2%2Fproduct_brand&post=1426"},{"taxonomy":"product_cat","embeddable":true,"href":"https:\/\/autothaiduong.vn\/index.php?rest_route=%2Fwp%2Fv2%2Fproduct_cat&post=1426"},{"taxonomy":"product_tag","embeddable":true,"href":"https:\/\/autothaiduong.vn\/index.php?rest_route=%2Fwp%2Fv2%2Fproduct_tag&post=1426"}],"curies":[{"name":"wp","href":"https:\/\/api.w.org\/{rel}","templated":true}]}}