{"id":1497,"date":"2025-05-13T15:47:58","date_gmt":"2025-05-13T15:47:58","guid":{"rendered":"https:\/\/autothaiduong.vn\/?post_type=product&#038;p=1497"},"modified":"2025-12-15T12:37:49","modified_gmt":"2025-12-15T12:37:49","slug":"bi-gam-a11-premium","status":"publish","type":"product","link":"https:\/\/autothaiduong.vn\/?product=bi-gam-a11-premium","title":{"rendered":"BI G\u1ea6M A11 PREMIUM 3.0 3 Ch\u1ebf \u0110\u1ed9 M\u00e0u"},"content":{"rendered":"<p><img loading=\"lazy\" decoding=\"async\" class=\" wp-image-1044 aligncenter\" src=\"https:\/\/autothaiduong.vn\/wp-content\/uploads\/2025\/05\/z6584734442481_f208f5944548cb4b46353402ce2e64e0.jpg\" alt=\"\" width=\"312\" height=\"276\" \/><\/p>\n<p style=\"text-align: center;\"><span style=\"font-size: 150%;\"><strong><span style=\"color: #ff0000;\">273-275 Tr\u1ea7n Ph\u00fa Ph\u01b0\u1eddng L\u1ed9c S\u01a1n Th\u00e0nh Ph\u1ed1 B\u1ea3o L\u1ed9c T\u1ec9nh L\u00e2m \u0110\u1ed3ng<\/span><\/strong><\/span><\/p>\n<p style=\"text-align: center;\"><span style=\"font-size: 150%;\"><strong><span style=\"color: #ff0000;\"> Hotline: 0912197441<\/span><\/strong><\/span><\/p>\n<p><strong>\u0110\u00e8n Bi G\u1ea7m Laser A11\u00a0Premium \u2013\u00a0<\/strong>l\u00e0 d\u00f2ng s\u1ea3n ph\u1ea9m m\u1edbi \u0111\u01b0\u1ee3c n\u00e2ng c\u1ea5p\u00a0t\u1eeb\u00a0\u0111\u00e8n bi g\u1ea7m A11 Pro\u00a0mang \u0111\u1ebfn kh\u1ea3 n\u0103ng chi\u1ebfu s\u00e1ng v\u01b0\u1ee3t tr\u1ed9i v\u1edbi thi\u1ebft k\u1ebf t\u1ed1i \u01b0u, sang tr\u1ecdng\u00a0h\u01a1n v\u00e0\u00a0c\u00f4ng ngh\u1ec7 TIR LENS hi\u1ec7n \u0111\u1ea1i.<\/p>\n<p>V\u1edbi k\u00edch th\u01b0\u1edbc nh\u1ecf g\u1ecdn ch\u1ec9 3 inch, \u0111\u00e8n<strong>\u00a0Bi G\u1ea7m A11\u00a0Premium<\/strong>\u00a0\u0111\u01b0\u1ee3c thi\u1ebft k\u1ebf \u0111\u1ec3 d\u1ec5 d\u00e0ng l\u1eafp \u0111\u1eb7t tr\u00ean nhi\u1ec1u d\u00f2ng xe, mang \u0111\u1ebfn \u00e1nh s\u00e1ng m\u1ea1nh m\u1ebd v\u00e0 \u1ea5n t\u01b0\u1ee3ng.<\/p>\n<p>Trang b\u1ecb Chip\/LED 6+1+1 OSRAM k\u1ebft h\u1ee3p v\u1edbi c\u00f4ng ngh\u1ec7 Double Laser, \u0111\u00e8n\u00a0<strong>A11\u00a0Premium<\/strong>\u00a0\u0111\u1ea3m b\u1ea3o hi\u1ec7u su\u1ea5t chi\u1ebfu s\u00e1ng v\u01b0\u1ee3t tr\u1ed9i, v\u1edbi c\u00f4ng su\u1ea5t Cos\/Pha 45W\/65W v\u00e0 c\u01b0\u1eddng \u0111\u1ed9 s\u00e1ng l\u00ean \u0111\u1ebfn 12.000 LM.<\/p>\n<p>Nhi\u1ec7t m\u00e0u linh ho\u1ea1t t\u1eeb 3000K, 4300K \u0111\u1ebfn 5500K gi\u00fap b\u1ea1n t\u00f9y ch\u1ec9nh \u00e1nh s\u00e1ng ph\u00f9 h\u1ee3p v\u1edbi m\u1ecdi \u0111i\u1ec1u ki\u1ec7n th\u1eddi ti\u1ebft, t\u1eeb tr\u1eddi m\u01b0a, s\u01b0\u01a1ng m\u00f9 \u0111\u1ebfn ban \u0111\u00eam.<\/p>\n<p>Cam k\u1ebft b\u1ea3o h\u00e0nh 2 n\u0103m,\u00a0<strong>A11\u00a0Premium<\/strong>\u00a0l\u00e0 s\u1ef1 l\u1ef1a ch\u1ecdn ho\u00e0n h\u1ea3o, gi\u00fap b\u1ea1n y\u00ean t\u00e2m s\u1eed d\u1ee5ng m\u00e0 kh\u00f4ng lo l\u1eafng v\u1ec1 b\u1ea5t k\u1ef3 v\u1ea5n \u0111\u1ec1 n\u00e0o<\/p>\n<p>Ch\u1ecdn\u00a0<strong>Bi G\u1ea7m A11\u00a0Premium \u2013<\/strong>\u00a0B\u1ea1n kh\u00f4ng ch\u1ec9 n\u00e2ng t\u1ea7m phong c\u00e1ch m\u00e0 c\u00f2n \u0111\u1ea3m b\u1ea3o an to\u00e0n tuy\u1ec7t \u0111\u1ed1i\u00a0tr\u00ean m\u1ecdi h\u00e0nh tr\u00ecnh.<\/p>\n","protected":false},"excerpt":{"rendered":"<p>SIZE: 3\u00a0INCH<\/p>\n<p>CHIP\/LED: 6 + 1 + 1 OSRAM<\/p>\n<p>COS\/PHA: 45W\/65W<\/p>\n<p>C\u01af\u1edcNG \u0110\u1ed8 S\u00c1NG: 12.000 LM<\/p>\n<p>NHI\u1ec6T M\u00c0U: 3000K &#8211; 4300K &#8211;\u00a05500K<\/p>\n<p>DOUBLE LASER<\/p>\n<p>B\u1ea2O H\u00c0NH: 2 N\u0102M<\/p>\n","protected":false},"featured_media":1498,"comment_status":"open","ping_status":"closed","template":"","meta":[],"product_brand":[145],"product_cat":[16,143],"product_tag":[],"class_list":{"0":"post-1497","1":"product","2":"type-product","3":"status-publish","4":"has-post-thumbnail","6":"product_brand-ledpro","7":"product_cat-anh-sang","8":"product_cat-den-bi-gam","10":"first","11":"instock","12":"shipping-taxable","13":"purchasable","14":"product-type-simple"},"_links":{"self":[{"href":"https:\/\/autothaiduong.vn\/index.php?rest_route=\/wp\/v2\/product\/1497","targetHints":{"allow":["GET"]}}],"collection":[{"href":"https:\/\/autothaiduong.vn\/index.php?rest_route=\/wp\/v2\/product"}],"about":[{"href":"https:\/\/autothaiduong.vn\/index.php?rest_route=\/wp\/v2\/types\/product"}],"replies":[{"embeddable":true,"href":"https:\/\/autothaiduong.vn\/index.php?rest_route=%2Fwp%2Fv2%2Fcomments&post=1497"}],"wp:featuredmedia":[{"embeddable":true,"href":"https:\/\/autothaiduong.vn\/index.php?rest_route=\/wp\/v2\/media\/1498"}],"wp:attachment":[{"href":"https:\/\/autothaiduong.vn\/index.php?rest_route=%2Fwp%2Fv2%2Fmedia&parent=1497"}],"wp:term":[{"taxonomy":"product_brand","embeddable":true,"href":"https:\/\/autothaiduong.vn\/index.php?rest_route=%2Fwp%2Fv2%2Fproduct_brand&post=1497"},{"taxonomy":"product_cat","embeddable":true,"href":"https:\/\/autothaiduong.vn\/index.php?rest_route=%2Fwp%2Fv2%2Fproduct_cat&post=1497"},{"taxonomy":"product_tag","embeddable":true,"href":"https:\/\/autothaiduong.vn\/index.php?rest_route=%2Fwp%2Fv2%2Fproduct_tag&post=1497"}],"curies":[{"name":"wp","href":"https:\/\/api.w.org\/{rel}","templated":true}]}}