{"id":1499,"date":"2025-05-13T15:52:05","date_gmt":"2025-05-13T15:52:05","guid":{"rendered":"https:\/\/autothaiduong.vn\/?post_type=product&#038;p=1499"},"modified":"2025-05-13T15:52:33","modified_gmt":"2025-05-13T15:52:33","slug":"bi-gam-o-to-3-0-phantom-bulbtek","status":"publish","type":"product","link":"https:\/\/autothaiduong.vn\/?product=bi-gam-o-to-3-0-phantom-bulbtek","title":{"rendered":"BI G\u1ea6M \u00d4 T\u00d4 3.0 PHANTOM BULBTEK"},"content":{"rendered":"<p><img loading=\"lazy\" decoding=\"async\" class=\" wp-image-1044 aligncenter\" src=\"https:\/\/autothaiduong.vn\/wp-content\/uploads\/2025\/05\/z6584734442481_f208f5944548cb4b46353402ce2e64e0.jpg\" alt=\"\" width=\"291\" height=\"257\" \/><\/p>\n<p style=\"text-align: center;\"><span style=\"color: #ff0000; font-size: 150%;\"><strong>273-275 Tr\u1ea7n Ph\u00fa Ph\u01b0\u1eddng L\u1ed9c S\u01a1n Th\u00e0nh Ph\u1ed1 B\u1ea3o L\u1ed9c T\u1ec9nh L\u00e2m \u0110\u1ed3ng<\/strong><\/span><\/p>\n<p style=\"text-align: center;\"><span style=\"color: #ff0000; font-size: 150%;\"><strong> Hotline: 0912197441<\/strong><\/span><\/p>\n<h2><strong>\u0110\u00e8n bi g\u1ea7m \u00f4 t\u00f4 3.0 Phantom Bulbtek \u00e1nh s\u00e1ng t\u1eeb chip LED c\u00f4ng ngh\u1ec7 cao<\/strong><\/h2>\n<p>\u0110\u00e8n bi g\u1ea7m \u00f4 t\u00f4 3.0 Phantom Bulbtek \u0111\u01b0\u1ee3c trang b\u1ecb 6 chip LED c\u00f4ng ngh\u1ec7 m\u1edbi t\u1eeb Sanan \u2013 t\u1eadp \u0111o\u00e0n s\u1ea3n xu\u1ea5t chip LED n\u1ed5i ti\u1ebfng to\u00e0n c\u1ea7u \u2013 v\u00e0 th\u1ea5u k\u00ednh c\u00f4ng ngh\u1ec7 HD Focus 3 inch, \u0111\u00e8n Phantom Bulbtek mang \u0111\u1ebfn ngu\u1ed3n s\u00e1ng m\u1ea1nh m\u1ebd, b\u1ec1n b\u1ec9 v\u01b0\u1ee3t th\u1eddi gian, kh\u00f4ng gi\u1ea3m s\u00e1ng sau th\u1eddi gian d\u00e0i s\u1eed d\u1ee5ng. Kho\u1ea3ng c\u00e1ch chi\u1ebfu xa t\u1ed1i \u0111a c\u1ee7a\u00a0<a href=\"https:\/\/bulbtek.vn\/den-gam-o-to\/\" target=\"_blank\" rel=\"noopener\"><strong>bi g\u1ea7m \u00f4 t\u00f4 Bulbtek<\/strong><\/a>\u00a0c\u00f3 th\u1ec3 \u0111\u1ea1t \u0111\u1ebfn 500m (th\u00f4ng qua c\u00e1c b\u00e0i ki\u1ec3m tra th\u1ef1c t\u1ebf t\u1ea1i Vi\u1ec7t Nam) gi\u00fap \u0111\u1ea3m b\u1ea3o kh\u1ea3 n\u0103ng x\u1eed l\u00fd nh\u1eefng t\u00ecnh hu\u1ed1ng c\u1ea5p b\u00e1ch.<\/p>\n<figure id=\"attachment_4030\" class=\"wp-caption aligncenter\" aria-describedby=\"caption-attachment-4030\"><img loading=\"lazy\" decoding=\"async\" class=\"alignnone size-full wp-image-1501\" src=\"https:\/\/autothaiduong.vn\/wp-content\/uploads\/2025\/05\/Anh-chup-Man-hinh-2025-02-23-luc-14.31.05.png\" alt=\"S\u1ee9c m\u1ea1nh \u00e1nh s\u00e1ng v\u01b0\u1ee3t tr\u1ed9i t\u1eeb chip LED c\u1ee7a Bi g\u1ea7m 3 inch Phantom Bulbtek\" width=\"1084\" height=\"1080\" srcset=\"https:\/\/autothaiduong.vn\/wp-content\/uploads\/2025\/05\/Anh-chup-Man-hinh-2025-02-23-luc-14.31.05.png 1084w, https:\/\/autothaiduong.vn\/wp-content\/uploads\/2025\/05\/Anh-chup-Man-hinh-2025-02-23-luc-14.31.05-600x598.png 600w, https:\/\/autothaiduong.vn\/wp-content\/uploads\/2025\/05\/Anh-chup-Man-hinh-2025-02-23-luc-14.31.05-1024x1020.png 1024w, https:\/\/autothaiduong.vn\/wp-content\/uploads\/2025\/05\/Anh-chup-Man-hinh-2025-02-23-luc-14.31.05-300x300.png 300w, https:\/\/autothaiduong.vn\/wp-content\/uploads\/2025\/05\/Anh-chup-Man-hinh-2025-02-23-luc-14.31.05-768x765.png 768w, https:\/\/autothaiduong.vn\/wp-content\/uploads\/2025\/05\/Anh-chup-Man-hinh-2025-02-23-luc-14.31.05-100x100.png 100w\" sizes=\"auto, (max-width: 1084px) 100vw, 1084px\" \/><figcaption id=\"caption-attachment-4030\" class=\"wp-caption-text\">S\u1ee9c m\u1ea1nh \u00e1nh s\u00e1ng v\u01b0\u1ee3t tr\u1ed9i t\u1eeb chip LED c\u1ee7a Bi g\u1ea7m 3 inch Phantom Bulbtek<\/figcaption><\/figure>\n<h2><span id=\"Cong_suat_phat_sang_toi_da_dat_50W\" class=\"ez-toc-section\"><\/span><strong>C\u00f4ng su\u1ea5t ph\u00e1t s\u00e1ng t\u1ed1i \u0111a \u0111\u1ea1t 50W<\/strong><\/h2>\n<ul>\n<li>C\u00f4ng su\u1ea5t c\u1ee7a \u0111\u00e8n\u00a0bi g\u1ea7m \u00f4 t\u00f4 3 inch Phantom Bulbtek\u00a0\u0111o \u0111\u01b0\u1ee3c \u1edf ch\u1ebf \u0111\u1ed9 chi\u1ebfu g\u1ea7n Cos (Low Beam) l\u00e0 42W v\u00e0 50W \u1edf ch\u1ebf \u0111\u1ed9 chi\u1ebfu xa Pha (High Beam). \u0110\u00e2y l\u00e0 m\u1ee9c c\u00f4ng su\u1ea5t c\u1ea1nh tranh \u00e1p \u0111\u1ea3o c\u00e1c s\u1ea3n ph\u1ea9m Bi g\u1ea7m tr\u00ean th\u1ecb tr\u01b0\u1eddng c\u00f9ng ph\u00e2n kh\u00fac gi\u00e1 ti\u1ec1n.<\/li>\n<li>Hi\u1ec7u su\u1ea5t h\u1ec7 \u0111i\u1ec1u h\u00e0nh LED \u0111\u1ea1t 85%, s\u1ea3n ph\u1ea9m \u0111\u01b0\u1ee3c thi\u1ebft k\u1ebf theo l\u1ed1i t\u1ed1i \u01b0u h\u00f3a t\u1ea5t c\u1ea3 c\u00e1c chi ti\u1ebft, k\u1ec3 c\u1ea3 v\u1ecb tr\u00ed l\u1eafp \u0111\u1eb7t chip LED \u0111\u1ec3 c\u00f3 th\u1ec3 t\u1ed1i \u0111a h\u00f3a hi\u1ec7u su\u1ea5t ph\u00e1t s\u00e1ng trong c\u1ee7a t\u1eebng chip ph\u00e1t quang \u0111\u01b0\u1ee3c trang b\u1ecb b\u00ean trong.<\/li>\n<\/ul>\n<h2><span id=\"Bi_gam_o_to_30_Phantom_Bulbtek_%E2%80%93_Anh_Sang_4500k\" class=\"ez-toc-section\"><\/span><strong>Bi g\u1ea7m \u00f4 t\u00f4 3.0 Phantom Bulbtek \u2013 \u00c1nh S\u00e1ng 4500k<\/strong><\/h2>\n<p>Bi g\u1ea7m \u00f4 t\u00f4 3.0 Phantom Bulbtek l\u00e0 s\u1ea3n ph\u1ea9m ti\u00ean phong v\u1edbi nhi\u1ec7t \u0111\u1ed9 m\u00e0u l\u00fd t\u01b0\u1edfng 4500K. Theo nghi\u00ean c\u1ee9u c\u1ee7a Lighting Research Center, \u00e1nh s\u00e1ng c\u00f3 nhi\u1ec7t m\u00e0u t\u1eeb 4000K \u0111\u1ebfn 5000K l\u00e0 m\u1ee9c l\u00fd t\u01b0\u1edfng gi\u00fap m\u1eaft ng\u01b0\u1eddi d\u1ec5 d\u00e0ng ph\u00e2n bi\u1ec7t v\u1eadt th\u1ec3 trong b\u00f3ng t\u1ed1i, \u0111\u1ed3ng th\u1eddi gi\u1ea3m m\u1ecfi m\u1eaft khi l\u00e1i xe ban \u0111\u00eam. Ngo\u00e0i ra, nhi\u1ec7t m\u00e0u 4500K mang \u0111\u1ebfn t\u1ea7m nh\u00ecn hi\u1ec7u qu\u1ea3 h\u01a1n trong \u0111i\u1ec1u ki\u1ec7n s\u01b0\u01a1ng m\u00f9 v\u00ec b\u01b0\u1edbc s\u00f3ng d\u00e0i \u00edt b\u1ecb t\u00e1n x\u1ea1 h\u01a1n khi g\u1eb7p c\u00e1c h\u1ea1t s\u01b0\u01a1ng trong kh\u00f4ng kh\u00ed.<\/p>\n<figure id=\"attachment_3892\" class=\"wp-caption aligncenter\" aria-describedby=\"caption-attachment-3892\"><img loading=\"lazy\" decoding=\"async\" class=\"alignnone size-full wp-image-1502\" src=\"https:\/\/autothaiduong.vn\/wp-content\/uploads\/2025\/05\/4500K-ANH-SANG-THOI-THUONG-UA-CHUONG-SO-1-TOI-UU-MOI-DIEU-KIEN-THOI-TIET.jpg\" alt=\"Nhi\u1ec7t m\u00e0u 4500K t\u1ed1i \u01b0u m\u1ecdi \u0111i\u1ec1u ki\u1ec7n th\u1eddi ti\u1ebft mang \u0111\u1ebfn \u00e1nh s\u00e1ng th\u1eddi th\u01b0\u1ee3ng\" width=\"1080\" height=\"1080\" srcset=\"https:\/\/autothaiduong.vn\/wp-content\/uploads\/2025\/05\/4500K-ANH-SANG-THOI-THUONG-UA-CHUONG-SO-1-TOI-UU-MOI-DIEU-KIEN-THOI-TIET.jpg 1080w, https:\/\/autothaiduong.vn\/wp-content\/uploads\/2025\/05\/4500K-ANH-SANG-THOI-THUONG-UA-CHUONG-SO-1-TOI-UU-MOI-DIEU-KIEN-THOI-TIET-600x600.jpg 600w, https:\/\/autothaiduong.vn\/wp-content\/uploads\/2025\/05\/4500K-ANH-SANG-THOI-THUONG-UA-CHUONG-SO-1-TOI-UU-MOI-DIEU-KIEN-THOI-TIET-1024x1024.jpg 1024w, https:\/\/autothaiduong.vn\/wp-content\/uploads\/2025\/05\/4500K-ANH-SANG-THOI-THUONG-UA-CHUONG-SO-1-TOI-UU-MOI-DIEU-KIEN-THOI-TIET-300x300.jpg 300w, https:\/\/autothaiduong.vn\/wp-content\/uploads\/2025\/05\/4500K-ANH-SANG-THOI-THUONG-UA-CHUONG-SO-1-TOI-UU-MOI-DIEU-KIEN-THOI-TIET-768x768.jpg 768w, https:\/\/autothaiduong.vn\/wp-content\/uploads\/2025\/05\/4500K-ANH-SANG-THOI-THUONG-UA-CHUONG-SO-1-TOI-UU-MOI-DIEU-KIEN-THOI-TIET-100x100.jpg 100w\" sizes=\"auto, (max-width: 1080px) 100vw, 1080px\" \/><figcaption id=\"caption-attachment-3892\" class=\"wp-caption-text\">Nhi\u1ec7t m\u00e0u 4500K t\u1ed1i \u01b0u m\u1ecdi \u0111i\u1ec1u ki\u1ec7n th\u1eddi ti\u1ebft mang \u0111\u1ebfn \u00e1nh s\u00e1ng th\u1eddi th\u01b0\u1ee3ng<\/figcaption><\/figure>\n<h2><span id=\"Cong_nghe_Focus_HD\" class=\"ez-toc-section\"><\/span><strong>C\u00f4ng ngh\u1ec7 Focus HD<\/strong><\/h2>\n<ul>\n<li aria-level=\"1\">Th\u1ea5u k\u00ednh \u0111\u01b0\u1ee3c \u00e1p d\u1ee5ng c\u00f4ng ngh\u1ec7 Focus HD cho ra \u00e1nh s\u00e1ng c\u00f3 \u0111\u1ed9 h\u1ed9i t\u1ee5 cao nh\u01b0ng v\u1eabn \u0111\u1ea3m b\u1ea3o d\u1ea3i s\u00e1ng \u0111\u1ee7 r\u1ed9ng, t\u0103ng hi\u1ec7u su\u1ea5t ph\u00e1t quang trung b\u00ecnh \u0111\u1ea1t m\u1ee9c 85 lm\/W. Ngo\u00e0i ra, c\u00f4ng ngh\u1ec7 Lens n\u00e0y c\u00f2n mang l\u1ea1i c\u00e1c \u0111\u1eb7c t\u00ednh n\u1ed5i tr\u1ed9i nh\u01b0 \u00e1nh s\u00e1ng kh\u00f4ng g\u00f3c ch\u1ebft, kh\u00f4ng b\u1ecb \u0111i\u1ec3m \u0111en v\u00e0 ch\u1ed1ng nhi\u1ec5u \u00e1nh s\u00e1ng t\u1ed1t.<\/li>\n<\/ul>\n<h2><span id=\"Man_trap_sac_net\" class=\"ez-toc-section\"><\/span><strong>M\u00e0n tr\u1eadp s\u1eafc n\u00e9t<\/strong><\/h2>\n<ul>\n<li>M\u00e0n tr\u1eadp \u0111\u01b0\u1ee3c thi\u1ebft k\u1ebf cho ra \u0111\u01b0\u1eddng c\u1eaft tinh x\u1ea3o, \u0111\u1eb7t bi\u1ec7t n\u00e9t c\u1eaft b\u00ean tr\u00e1i th\u1ea5p h\u01a1n ph\u00f9 h\u1ee3p v\u1edbi v\u0103n h\u00f3a l\u00e1i xe b\u00ean tay ph\u1ea3i t\u1ea1i th\u1ecb tr\u01b0\u1eddng Vi\u1ec7t Nam<\/li>\n<\/ul>\n<h2><span id=\"He_thong_tan_nhiet_thong_minh\" class=\"ez-toc-section\"><\/span><strong>H\u1ec7 th\u1ed1ng t\u1ea3n nhi\u1ec7t th\u00f4ng minh<\/strong><\/h2>\n<ul>\n<li>S\u1ea3n ph\u1ea9m \u0111\u01b0\u1ee3c c\u1ea5u t\u1ea1o b\u1eb1ng v\u1eadt li\u1ec7u nh\u00f4m cao c\u1ea5p v\u1edbi \u0111\u1ed9 ch\u1ecbu nhi\u1ec7t t\u1eeb -40C \u0111\u1ebfn 110C, \u0111i c\u00f9ng c\u00e1c khe t\u1ea3n nhi\u1ec7t thi\u1ebft k\u1ebf th\u1ebf h\u1ec7 m\u1edbi cho hi\u1ec7u qu\u1ea3 t\u1ea3n nhi\u1ec7t v\u01b0\u1ee3t tr\u1ed9i, t\u0103ng \u0111\u1ed9 b\u1ec1n b\u1ec9 v\u00e0 tu\u1ed5i th\u1ecd c\u1ee7a h\u1ec7 th\u1ed1ng \u0111\u00e8n.<\/li>\n<\/ul>\n<h2><span id=\"Van_hanh_on_dinh_trong_moi_thoi_tiet\" class=\"ez-toc-section\"><\/span><strong>V\u1eadn h\u00e0nh \u1ed5n \u0111\u1ecbnh trong m\u1ecdi th\u1eddi ti\u1ebft<\/strong><\/h2>\n<ul>\n<li>\u0110\u00e8n bi g\u1ea7m \u00f4 t\u00f4 3.0 Phantom Bulbtek \u1edf h\u1eefu thi\u1ebft k\u1ebf nh\u00f4m nguy\u00ean kh\u1ed1i \u0111\u1ea3m b\u1ea3o \u0111\u00e8n t\u1ea3n nhi\u1ec7t hi\u1ec7u qu\u1ea3, d\u1ec5 d\u00e0ng v\u01b0\u1ee3t qua b\u00e0i ki\u1ec3m tra ti\u00eau chu\u1ea9n kh\u00e1ng n\u01b0\u1edbc IP68.<\/li>\n<li>Vi\u1ec7c s\u1eed d\u1ee5ng h\u00fat ch\u00e2n kh\u00f4ng \u0111i k\u00e8m m\u1ed9t c\u1ed5ng tho\u00e1t h\u01a1i n\u01b0\u1edbc m\u1ed9t chi\u1ec1u gi\u00fap tr\u00e1nh t\u00ecnh tr\u1ea1ng \u1ee9 \u0111\u1ecdng h\u01a1i n\u01b0\u1edbc g\u00e2y \u1ea3nh h\u01b0\u1edfng \u0111\u1ebfn qu\u00e1 tr\u00ecnh v\u1eadn h\u00e0nh c\u1ee7a s\u1ea3n ph\u1ea9m.<\/li>\n<li>Kho\u1ea3ng nhi\u1ec7t \u0111\u1ed9 m\u00e0 s\u1ea3n ph\u1ea9m c\u00f3 th\u1ec3 v\u1eadn h\u00e0nh t\u1ed1t r\u01a1i v\u00e0o t\u1eeb -40\u2103 \uff5e +110\u2103.<\/li>\n<li>\u0110\u1ea3m b\u1ea3o \u0111\u00e8n c\u00f3 th\u1ec3 v\u1eadn h\u00e0nh tr\u01a1n tru k\u1ec3 c\u1ea3 trong c\u00e1c th\u1eddi ti\u1ebft kh\u1eafc nghi\u1ec7t nh\u01b0 m\u01b0a l\u1edbn hay s\u01b0\u01a1ng m\u00f9.<\/li>\n<\/ul>\n<h2><span id=\"Cac_Dong_Xe_Phu_Hop_Bi_Gam_O_To_30_Inch\" class=\"ez-toc-section\"><\/span><strong>C\u00e1c D\u00f2ng Xe Ph\u00f9 H\u1ee3p Bi G\u1ea7m \u00d4 T\u00f4 3.0 Inch<\/strong><\/h2>\n<p>K\u00edch th\u01b0\u1edbc bi g\u1ea7m 3.0 inch ph\u00f9 h\u1ee3p v\u1edbi ph\u00e2n kh\u00fac lo\u1ea1i xe: VinFast Fadil, Toyota Innova, Toyota Vios, Mitsubishi Xpander, Mitsubishi Attrage, Fortuner, Hyundai, Honda City, Kia Morning,\u2026<\/p>\n<h2><span id=\"Bao_hanh_Bulbtek\" class=\"ez-toc-section\"><\/span><strong>B\u1ea3o h\u00e0nh Bulbtek<\/strong><\/h2>\n<ul>\n<li aria-level=\"1\">S\u1ea3n ph\u1ea9m \u0111\u01b0\u1ee3c c\u1ea3m k\u1ebft b\u1ea3o h\u00e0nh ch\u00ednh h\u00e3ng m\u1ed9t \u0111\u1ed5i m\u1ed9t trong 36 th\u00e1ng<\/li>\n<li aria-level=\"1\">Tra c\u1ee9u b\u1ea3o h\u00e0nh t\u1ea1i:\u00a0<a href=\"https:\/\/bulbtek.vn\/tra-cuu-bao-hanh\/\" target=\"_blank\" rel=\"noopener\">https:\/\/bulbtek.vn\/tra-cuu-bao-hanh\/<\/a><\/li>\n<\/ul>\n<h2><span id=\"Hinh_anh_thi_cong\" class=\"ez-toc-section\"><\/span><strong>H\u00ecnh \u1ea3nh thi c\u00f4ng<\/strong><\/h2>\n<figure id=\"attachment_4029\" class=\"wp-caption aligncenter\" aria-describedby=\"caption-attachment-4029\"><img loading=\"lazy\" decoding=\"async\" class=\"alignnone size-full wp-image-1503\" src=\"https:\/\/autothaiduong.vn\/wp-content\/uploads\/2025\/05\/Anh-sang-tu-Bi-gam-3-inch-Phantom-Bulbtek.jpg\" alt=\"A\u0301nh sa\u0301ng tu\u031b\u0300 Bi ga\u0302\u0300m 3 inch Phantom Bulbtek\" width=\"1000\" height=\"1000\" srcset=\"https:\/\/autothaiduong.vn\/wp-content\/uploads\/2025\/05\/Anh-sang-tu-Bi-gam-3-inch-Phantom-Bulbtek.jpg 1000w, https:\/\/autothaiduong.vn\/wp-content\/uploads\/2025\/05\/Anh-sang-tu-Bi-gam-3-inch-Phantom-Bulbtek-600x600.jpg 600w, https:\/\/autothaiduong.vn\/wp-content\/uploads\/2025\/05\/Anh-sang-tu-Bi-gam-3-inch-Phantom-Bulbtek-300x300.jpg 300w, https:\/\/autothaiduong.vn\/wp-content\/uploads\/2025\/05\/Anh-sang-tu-Bi-gam-3-inch-Phantom-Bulbtek-768x768.jpg 768w, https:\/\/autothaiduong.vn\/wp-content\/uploads\/2025\/05\/Anh-sang-tu-Bi-gam-3-inch-Phantom-Bulbtek-100x100.jpg 100w\" sizes=\"auto, (max-width: 1000px) 100vw, 1000px\" \/><figcaption id=\"caption-attachment-4029\" class=\"wp-caption-text\">A\u0301nh sa\u0301ng tu\u031b\u0300 Bi ga\u0302\u0300m 3 inch Phantom Bulbtek<\/figcaption><\/figure>\n<figure id=\"attachment_4027\" class=\"wp-caption aligncenter\" aria-describedby=\"caption-attachment-4027\"><img loading=\"lazy\" decoding=\"async\" class=\"alignnone size-full wp-image-1504\" src=\"https:\/\/autothaiduong.vn\/wp-content\/uploads\/2025\/05\/lap-Bi-gam-Phantom.jpg\" alt=\"N\u00e2ng c\u1ea5p di\u1ec7n m\u1ea1o x\u1ebf y\u00eau Ford Ranger v\u1edbi b\u1ed9 bi g\u1ea7m Phantom\" width=\"1000\" height=\"1000\" srcset=\"https:\/\/autothaiduong.vn\/wp-content\/uploads\/2025\/05\/lap-Bi-gam-Phantom.jpg 1000w, https:\/\/autothaiduong.vn\/wp-content\/uploads\/2025\/05\/lap-Bi-gam-Phantom-600x600.jpg 600w, https:\/\/autothaiduong.vn\/wp-content\/uploads\/2025\/05\/lap-Bi-gam-Phantom-300x300.jpg 300w, https:\/\/autothaiduong.vn\/wp-content\/uploads\/2025\/05\/lap-Bi-gam-Phantom-768x768.jpg 768w, https:\/\/autothaiduong.vn\/wp-content\/uploads\/2025\/05\/lap-Bi-gam-Phantom-100x100.jpg 100w\" sizes=\"auto, (max-width: 1000px) 100vw, 1000px\" \/><figcaption id=\"caption-attachment-4027\" class=\"wp-caption-text\">N\u00e2ng c\u1ea5p di\u1ec7n m\u1ea1o x\u1ebf y\u00eau Ford Ranger v\u1edbi b\u1ed9 bi g\u1ea7m Phantom<\/figcaption><\/figure>\n<figure id=\"attachment_4028\" class=\"wp-caption aligncenter\" aria-describedby=\"caption-attachment-4028\"><img loading=\"lazy\" decoding=\"async\" class=\"alignnone size-full wp-image-1505\" src=\"https:\/\/autothaiduong.vn\/wp-content\/uploads\/2025\/05\/480404198_122199897206052631_2405403182865535407_n.jpg\" alt=\"Ch\u1ea5t l\u01b0\u1ee3ng \u00e1nh s\u00e1ng v\u01b0\u1ee3t tr\u1ed9i, t\u0103ng c\u01b0\u1eddng an to\u00e0n v\u00e0 phong c\u00e1ch cho Mitsubishi Outlander v\u1edbi b\u1ed9 bi g\u1ea7m Phantom\" width=\"1000\" height=\"1000\" srcset=\"https:\/\/autothaiduong.vn\/wp-content\/uploads\/2025\/05\/480404198_122199897206052631_2405403182865535407_n.jpg 1000w, https:\/\/autothaiduong.vn\/wp-content\/uploads\/2025\/05\/480404198_122199897206052631_2405403182865535407_n-600x600.jpg 600w, https:\/\/autothaiduong.vn\/wp-content\/uploads\/2025\/05\/480404198_122199897206052631_2405403182865535407_n-300x300.jpg 300w, https:\/\/autothaiduong.vn\/wp-content\/uploads\/2025\/05\/480404198_122199897206052631_2405403182865535407_n-768x768.jpg 768w, https:\/\/autothaiduong.vn\/wp-content\/uploads\/2025\/05\/480404198_122199897206052631_2405403182865535407_n-100x100.jpg 100w\" sizes=\"auto, (max-width: 1000px) 100vw, 1000px\" \/><figcaption id=\"caption-attachment-4028\" class=\"wp-caption-text\">Ch\u1ea5t l\u01b0\u1ee3ng \u00e1nh s\u00e1ng v\u01b0\u1ee3t tr\u1ed9i, t\u0103ng c\u01b0\u1eddng an to\u00e0n v\u00e0 phong c\u00e1ch cho Mitsubishi Outlander v\u1edbi b\u1ed9 bi g\u1ea7m Phantom<\/figcaption><\/figure>\n","protected":false},"excerpt":{"rendered":"<div class=\"title\">Th\u00f4ng s\u1ed1 k\u1ef9 thu\u1eadt<\/div>\n<table>\n<tbody>\n<tr>\n<td>V\u1ecb tr\u00ed l\u1eafp \u0111\u1eb7t<\/td>\n<td>Bi g\u1ea7m<\/td>\n<\/tr>\n<tr>\n<td>Size<\/td>\n<td>3 inch<\/td>\n<\/tr>\n<tr>\n<td>C\u00f4ng ngh\u1ec7 \u0111\u00e8n<\/td>\n<td>LED<\/td>\n<\/tr>\n<tr>\n<td>C\u00f4ng ngh\u1ec7 Lens<\/td>\n<td>Focus HD<\/td>\n<\/tr>\n<tr>\n<td>LED chip<\/td>\n<td>6<\/td>\n<\/tr>\n<tr>\n<td>Nhi\u1ec7t m\u00e0u<\/td>\n<td>4500K<\/td>\n<\/tr>\n<tr>\n<td>C\u00f4ng su\u1ea5t<\/td>\n<td>42 &#8211; 50W<\/td>\n<\/tr>\n<tr>\n<td>\u0110i\u1ec7n \u00e1p<\/td>\n<td>9 &#8211; 16V<\/td>\n<\/tr>\n<tr>\n<td>Ch\u1ed1ng n\u01b0\u1edbc, b\u1ee5i<\/td>\n<td>IP68<\/td>\n<\/tr>\n<tr>\n<td>Kho\u1ea3ng nhi\u1ec7t ho\u1ea1t \u0111\u1ed9ng<\/td>\n<td>-40\u2103 \uff5e +110\u2103<\/td>\n<\/tr>\n<tr>\n<td>Kho\u1ea3ng c\u00e1ch chi\u1ebfu t\u1ed1i \u0111a<\/td>\n<td>500m<\/td>\n<\/tr>\n<tr>\n<td>Tu\u1ed5i th\u1ecd<\/td>\n<td>30.000 gi\u1edd<\/td>\n<\/tr>\n<tr>\n<td>B\u1ea3o h\u00e0nh<\/td>\n<td>3 n\u0103m, 1 \u0111\u1ed5i 1<\/td>\n<\/tr>\n<\/tbody>\n<\/table>\n","protected":false},"featured_media":1500,"comment_status":"open","ping_status":"closed","template":"","meta":[],"product_brand":[142],"product_cat":[143,16],"product_tag":[],"class_list":{"0":"post-1499","1":"product","2":"type-product","3":"status-publish","4":"has-post-thumbnail","6":"product_brand-bulbtek","7":"product_cat-den-bi-gam","8":"product_cat-anh-sang","10":"first","11":"instock","12":"sale","13":"shipping-taxable","14":"purchasable","15":"product-type-simple"},"_links":{"self":[{"href":"https:\/\/autothaiduong.vn\/index.php?rest_route=\/wp\/v2\/product\/1499","targetHints":{"allow":["GET"]}}],"collection":[{"href":"https:\/\/autothaiduong.vn\/index.php?rest_route=\/wp\/v2\/product"}],"about":[{"href":"https:\/\/autothaiduong.vn\/index.php?rest_route=\/wp\/v2\/types\/product"}],"replies":[{"embeddable":true,"href":"https:\/\/autothaiduong.vn\/index.php?rest_route=%2Fwp%2Fv2%2Fcomments&post=1499"}],"wp:featuredmedia":[{"embeddable":true,"href":"https:\/\/autothaiduong.vn\/index.php?rest_route=\/wp\/v2\/media\/1500"}],"wp:attachment":[{"href":"https:\/\/autothaiduong.vn\/index.php?rest_route=%2Fwp%2Fv2%2Fmedia&parent=1499"}],"wp:term":[{"taxonomy":"product_brand","embeddable":true,"href":"https:\/\/autothaiduong.vn\/index.php?rest_route=%2Fwp%2Fv2%2Fproduct_brand&post=1499"},{"taxonomy":"product_cat","embeddable":true,"href":"https:\/\/autothaiduong.vn\/index.php?rest_route=%2Fwp%2Fv2%2Fproduct_cat&post=1499"},{"taxonomy":"product_tag","embeddable":true,"href":"https:\/\/autothaiduong.vn\/index.php?rest_route=%2Fwp%2Fv2%2Fproduct_tag&post=1499"}],"curies":[{"name":"wp","href":"https:\/\/api.w.org\/{rel}","templated":true}]}}