{"id":1515,"date":"2025-05-13T15:59:44","date_gmt":"2025-05-13T15:59:44","guid":{"rendered":"https:\/\/autothaiduong.vn\/?post_type=product&#038;p=1515"},"modified":"2025-05-13T15:59:47","modified_gmt":"2025-05-13T15:59:47","slug":"bi-led-gam-tiger-light","status":"publish","type":"product","link":"https:\/\/autothaiduong.vn\/?product=bi-led-gam-tiger-light","title":{"rendered":"Bi led g\u1ea7m Tiger Light"},"content":{"rendered":"<p><img loading=\"lazy\" decoding=\"async\" class=\" wp-image-1044 aligncenter\" src=\"https:\/\/autothaiduong.vn\/wp-content\/uploads\/2025\/05\/z6584734442481_f208f5944548cb4b46353402ce2e64e0.jpg\" alt=\"\" width=\"299\" height=\"265\" \/><\/p>\n<p style=\"text-align: center;\"><span style=\"font-size: 150%;\"><strong><span style=\"color: #ff0000;\">273-275 Tr\u1ea7n Ph\u00fa Ph\u01b0\u1eddng L\u1ed9c S\u01a1n Th\u00e0nh Ph\u1ed1 B\u1ea3o L\u1ed9c T\u1ec9nh L\u00e2m \u0110\u1ed3ng<\/span><\/strong><\/span><\/p>\n<p style=\"text-align: center;\"><span style=\"font-size: 150%;\"><strong><span style=\"color: #ff0000;\"> Hotline: 0912197441<\/span><\/strong><\/span><\/p>\n<p><strong>Bi led g\u1ea7m Tiger Light &#8211; 5500k CHINH PH\u1ee4C M\u1eccI N\u1ebaO \u0110\u01af\u1edcNG<\/strong><\/p>\n<p>Bi Led g\u1ea7m Tiger Light l\u00e0\u00a0s\u1ea3n ph\u1ea9m\u00a0\u0111\u00e8n t\u0103ng s\u00e1ng \u0111\u01b0\u1ee3c ph\u00e2n ph\u1ed1i \u0111\u1ed9c quy\u1ec1n b\u1edfi\u00a0Tiger Light v\u00e0 c\u0169ng l\u00e0 th\u01b0\u01a1ng hi\u1ec7u s\u1ebd \u0111\u1ed3ng h\u00e0nh c\u00f9ng OtoPro.\u00a0N\u0103m 2022 \u0111\u00e1nh d\u1ea5u s\u1ef1 ph\u00e1t tri\u1ec3n m\u1ea1nh m\u1ebd c\u1ee7a th\u01b0\u01a1ng hi\u1ec7u\u00a0Tiger Light khi tung ra th\u1ecb tr\u01b0\u1eddng c\u00e1c s\u1ea3n ph\u1ea9m m\u1edbi, \u0111\u1eb7c t\u00ednh \u01b0u vi\u1ec7t h\u01a1n k\u00e8m theo \u0111\u00f3 l\u00e0 r\u1ea5t nhi\u1ec1u t\u00ednh n\u0103ng n\u1ed5i tr\u1ed9i so v\u1edbi c\u00e1c d\u00f2ng s\u1ea3n ph\u1ea9m kh\u00e1c tr\u00ean th\u1ecb tr\u01b0\u1eddngTh\u00f4ng s\u1ed1 k\u1ef9 thu\u1eadt\u00a0bi g\u1ea7m Tiger Light :<\/p>\n<ul>\n<li>C\u00f4ng su\u1ea5t: 35W (cos) &#8211; 40W (pha)<\/li>\n<li>Nhi\u1ec7t \u0111\u1ed9 m\u00e0u: 5500k<\/li>\n<\/ul>\n<p><iframe loading=\"lazy\" src=\"https:\/\/www.youtube.com\/embed\/1m1tHazCfPE\" width=\"560\" height=\"314\" allowfullscreen=\"allowfullscreen\" data-mce-fragment=\"1\"><\/iframe><\/p>\n<p><strong><em>*Tr\u1ea3i ngi\u1ec7m \u00e1nh s\u00e1ng th\u1ef1c t\u1ebf:<\/em><\/strong><\/p>\n<p><iframe loading=\"lazy\" src=\"https:\/\/www.youtube.com\/embed\/k3S0B4LiY1w\" width=\"560\" height=\"314\" allowfullscreen=\"allowfullscreen\" data-mce-fragment=\"1\"><\/iframe><\/p>\n<p><img loading=\"lazy\" decoding=\"async\" class=\"alignnone size-full wp-image-1517\" src=\"https:\/\/autothaiduong.vn\/wp-content\/uploads\/2025\/05\/bi-tiger-light-5000k-1-1-.jpg\" width=\"1000\" height=\"667\" alt=\"Bi led g\u1ea7m Tiger Light - 5500k\" srcset=\"https:\/\/autothaiduong.vn\/wp-content\/uploads\/2025\/05\/bi-tiger-light-5000k-1-1-.jpg 1000w, https:\/\/autothaiduong.vn\/wp-content\/uploads\/2025\/05\/bi-tiger-light-5000k-1-1--600x400.jpg 600w, https:\/\/autothaiduong.vn\/wp-content\/uploads\/2025\/05\/bi-tiger-light-5000k-1-1--768x512.jpg 768w\" sizes=\"auto, (max-width: 1000px) 100vw, 1000px\" \/><\/p>\n<h2><strong>I. \u0110i\u1ec3m n\u1ed5i b\u1eadt c\u1ee7a \u0111\u00e8n bi led g\u1ea7m Tiger Light\u00a0<\/strong><\/h2>\n<p>Hi\u1ec3u \u0111\u01b0\u1ee3c th\u1ecb tr\u01b0\u1eddng \u0111ang c\u1ea7n 1 s\u1ea3n ph\u1ea9m v\u1eeba Ngon-B\u1ed5-L\u1ea1i R\u1ebb,\u00a0Tiger Light \u0111\u00e3 tung ra si\u00eau ph\u1ea9m\u00a0Bi Led g\u1ea7m Tiger Light &#8211; 5500k c\u00f4ng su\u1ea5t l\u00ean \u0111\u1ebfn 60w v\u1edbi c\u00e1c \u01b0u \u0111i\u1ec3m n\u1ed5i b\u1eadt sau :<\/p>\n<p>&nbsp;<\/p>\n<p><img loading=\"lazy\" decoding=\"async\" class=\"alignnone size-full wp-image-1518\" src=\"https:\/\/autothaiduong.vn\/wp-content\/uploads\/2025\/05\/bi-tiger-light-5000k-1-3-.jpg\" width=\"1000\" height=\"667\" alt=\"Bi led g\u1ea7m Tiger Light - 5500k\" srcset=\"https:\/\/autothaiduong.vn\/wp-content\/uploads\/2025\/05\/bi-tiger-light-5000k-1-3-.jpg 1000w, https:\/\/autothaiduong.vn\/wp-content\/uploads\/2025\/05\/bi-tiger-light-5000k-1-3--600x400.jpg 600w, https:\/\/autothaiduong.vn\/wp-content\/uploads\/2025\/05\/bi-tiger-light-5000k-1-3--768x512.jpg 768w\" sizes=\"auto, (max-width: 1000px) 100vw, 1000px\" \/><\/p>\n<h3><strong>1. Bi LED g\u1ea7m Tiger Light &#8211; 5500k c\u00f3 c\u00f4ng su\u1ea5t cao<\/strong><\/h3>\n<p>Nh\u1edd s\u1ef1 k\u1ebft h\u1ee3p c\u1ee7a 2 ch\u00f3a ph\u1ea3n x\u1ea1 l\u1edbn 6 nh\u00e2n LED v\u00e0 3 nh\u00e2n LED ph\u1ee5 cho c\u00f4ng su\u1ea5t c\u1ef1c cao \u0111\u1ebfn g\u1ea7n 40W. Gi\u00fap cho ra ch\u1ea5t l\u01b0\u1ee3ng \u00e1nh s\u00e1ng c\u1ef1c k\u00ec h\u00e0i h\u00f2a v\u00e0 tr\u1ea3i \u0111\u1ec1u.<\/p>\n<p>&nbsp;<\/p>\n<h3><strong>2. \u00c1nh s\u00e1ng b\u00e1m \u0111\u01b0\u1eddng t\u1ed1t<\/strong><\/h3>\n<p>Bi Led g\u1ea7m Tiger Light\u00a0c\u00f3 nhi\u1ec7t m\u00e0u 5500k gi\u00fap cho ra \u00e1nh s\u00e1ng c\u1ef1c t\u1ed1t v\u00e0 \u0111\u1ed9 b\u00e1m \u0111\u01b0\u1eddng cao. V\u1edbi nh\u1eefng v\u1ecb kh\u00e1ch kh\u00f3 t\u00ednh khi g\u1eb7p Tiger Light v\u1eabn s\u1ebd b\u1ecb thuy\u1ebft ph\u1ee5c m\u1ed9t c\u00e1ch tuy\u1ec7t \u0111\u1ed1i.<\/p>\n<p>&nbsp;<\/p>\n<p>&nbsp;<\/p>\n","protected":false},"excerpt":{"rendered":"<p>273-275 Tr\u1ea7n Ph\u00fa Ph\u01b0\u1eddng L\u1ed9c S\u01a1n Th\u00e0nh Ph\u1ed1 B\u1ea3o L\u1ed9c T\u1ec9nh L\u00e2m \u0110\u1ed3ng Hotline: 0912197441 Bi led g\u1ea7m Tiger Light &#8211; 5500k CHINH PH\u1ee4C M\u1eccI N\u1ebaO \u0110\u01af\u1edcNG Bi Led g\u1ea7m Tiger Light l\u00e0\u00a0s\u1ea3n ph\u1ea9m\u00a0\u0111\u00e8n t\u0103ng s\u00e1ng \u0111\u01b0\u1ee3c ph\u00e2n ph\u1ed1i \u0111\u1ed9c quy\u1ec1n b\u1edfi\u00a0Tiger Light v\u00e0 c\u0169ng l\u00e0 th\u01b0\u01a1ng hi\u1ec7u s\u1ebd \u0111\u1ed3ng h\u00e0nh c\u00f9ng OtoPro.\u00a0N\u0103m 2022 \u0111\u00e1nh [&#8230;]\n","protected":false},"featured_media":1517,"comment_status":"open","ping_status":"closed","template":"","meta":[],"product_brand":[],"product_cat":[16,143],"product_tag":[],"class_list":{"0":"post-1515","1":"product","2":"type-product","3":"status-publish","4":"has-post-thumbnail","6":"product_cat-anh-sang","7":"product_cat-den-bi-gam","9":"first","10":"instock","11":"sale","12":"shipping-taxable","13":"purchasable","14":"product-type-simple"},"_links":{"self":[{"href":"https:\/\/autothaiduong.vn\/index.php?rest_route=\/wp\/v2\/product\/1515","targetHints":{"allow":["GET"]}}],"collection":[{"href":"https:\/\/autothaiduong.vn\/index.php?rest_route=\/wp\/v2\/product"}],"about":[{"href":"https:\/\/autothaiduong.vn\/index.php?rest_route=\/wp\/v2\/types\/product"}],"replies":[{"embeddable":true,"href":"https:\/\/autothaiduong.vn\/index.php?rest_route=%2Fwp%2Fv2%2Fcomments&post=1515"}],"wp:featuredmedia":[{"embeddable":true,"href":"https:\/\/autothaiduong.vn\/index.php?rest_route=\/wp\/v2\/media\/1517"}],"wp:attachment":[{"href":"https:\/\/autothaiduong.vn\/index.php?rest_route=%2Fwp%2Fv2%2Fmedia&parent=1515"}],"wp:term":[{"taxonomy":"product_brand","embeddable":true,"href":"https:\/\/autothaiduong.vn\/index.php?rest_route=%2Fwp%2Fv2%2Fproduct_brand&post=1515"},{"taxonomy":"product_cat","embeddable":true,"href":"https:\/\/autothaiduong.vn\/index.php?rest_route=%2Fwp%2Fv2%2Fproduct_cat&post=1515"},{"taxonomy":"product_tag","embeddable":true,"href":"https:\/\/autothaiduong.vn\/index.php?rest_route=%2Fwp%2Fv2%2Fproduct_tag&post=1515"}],"curies":[{"name":"wp","href":"https:\/\/api.w.org\/{rel}","templated":true}]}}