{"id":1521,"date":"2025-05-13T16:07:18","date_gmt":"2025-05-13T16:07:18","guid":{"rendered":"https:\/\/autothaiduong.vn\/?post_type=product&#038;p=1521"},"modified":"2025-05-13T16:07:46","modified_gmt":"2025-05-13T16:07:46","slug":"den-tro-sang-titan-moto-m10-ultra","status":"publish","type":"product","link":"https:\/\/autothaiduong.vn\/?product=den-tro-sang-titan-moto-m10-ultra","title":{"rendered":"\u0110\u00c8N TR\u1ee2 S\u00c1NG TITAN MOTO M10 ULTRA"},"content":{"rendered":"<p><img loading=\"lazy\" decoding=\"async\" class=\" wp-image-1044 aligncenter\" src=\"https:\/\/autothaiduong.vn\/wp-content\/uploads\/2025\/05\/z6584734442481_f208f5944548cb4b46353402ce2e64e0.jpg\" alt=\"\" width=\"310\" height=\"274\" \/><\/p>\n<p style=\"text-align: center;\"><span style=\"color: #ff0000;\"><strong><span style=\"font-size: 150%;\">273-275 Tr\u1ea7n Ph\u00fa Ph\u01b0\u1eddng L\u1ed9c S\u01a1n Th\u00e0nh Ph\u1ed1 B\u1ea3o L\u1ed9c T\u1ec9nh L\u00e2m \u0110\u1ed3ng<\/span><\/strong><\/span><\/p>\n<p style=\"text-align: center;\"><span style=\"color: #ff0000;\"><strong><span style=\"font-size: 150%;\"> Hotline: 0912197441<\/span><\/strong><\/span><\/p>\n<h2 id=\"1\"><b><a id=\"thi--t-k--\" class=\"toc-a-tag\"><\/a>Thi\u1ebft k\u1ebf<\/b><\/h2>\n<p>Titan Moto M10 Ultra \u0111\u01b0\u1ee3c thi\u1ebft k\u1ebf sang tr\u1ecdng v\u1edbi ph\u1ea7n body \u0111\u01b0\u1ee3c bao b\u1ecdc b\u1edfi m\u00e0u x\u00e1m tr\u1eafng \u0111\u1eb9p m\u1eaft, v\u1edbi k\u00edch th\u01b0\u1edbc nh\u1ecf g\u1ecdn, t\u1ed5ng chi\u1ec1u d\u00e0i t\u1eeb \u0111\u1ec9nh lens \u0111\u1ebfn \u0111u\u00f4i kho\u1ea3ng 57mm, k\u00edch th\u01b0\u1edbc lens kho\u1ea3ng 23mm v\u00e0 k\u00edch th\u01b0\u1edbc \u0111u\u00f4i \u0111\u00e8n kho\u1ea3ng 32mm, s\u1ea3n ph\u1ea9m \u0111\u01b0\u1ee3c \u0111\u00e1nh gi\u00e1 nh\u1ecf g\u1ecdn, ph\u00f9 h\u1ee3p v\u1edbi th\u1ecb hi\u1ebfu ng\u01b0\u1eddi d\u00f9ng trong th\u1ecb tr\u01b0\u1eddng n\u00e2ng c\u1ea5p \u0111\u00e8n tr\u1ee3 s\u00e1ng cho xe m\u00e1y.<\/p>\n<p>B\u00ean c\u1ea1nh \u0111\u00f3, nh\u1edd thi\u1ebft k\u1ebf nh\u1ecf g\u1ecdn m\u00e0 \u0111\u00e8n Titan Moto M10 Ultra t\u0103ng t\u00ednh th\u1ea9m m\u1ef9 cho xe v\u00e0 th\u1ec3 hi\u1ec7n \u0111\u01b0\u1ee3c c\u00e1 t\u00ednh c\u1ee7a ng\u01b0\u1eddi d\u00f9ng.<\/p>\n<p><img loading=\"lazy\" decoding=\"async\" class=\"alignnone size-full wp-image-1523\" src=\"https:\/\/autothaiduong.vn\/wp-content\/uploads\/2025\/05\/body.png\" alt=\"\" width=\"1000\" height=\"1000\" srcset=\"https:\/\/autothaiduong.vn\/wp-content\/uploads\/2025\/05\/body.png 1000w, https:\/\/autothaiduong.vn\/wp-content\/uploads\/2025\/05\/body-600x600.png 600w, https:\/\/autothaiduong.vn\/wp-content\/uploads\/2025\/05\/body-300x300.png 300w, https:\/\/autothaiduong.vn\/wp-content\/uploads\/2025\/05\/body-768x768.png 768w, https:\/\/autothaiduong.vn\/wp-content\/uploads\/2025\/05\/body-100x100.png 100w\" sizes=\"auto, (max-width: 1000px) 100vw, 1000px\" \/><\/p>\n<p><i><a id=\"thi--t-k--\" class=\"toc-a-tag\"><\/a>Thi\u1ebft k\u1ebf\u00a0nh\u1ecf g\u1ecdn<\/i><\/p>\n<p><i><img loading=\"lazy\" decoding=\"async\" class=\"alignnone size-full wp-image-1524\" src=\"https:\/\/autothaiduong.vn\/wp-content\/uploads\/2025\/05\/bong.png\" alt=\"\" width=\"1000\" height=\"1000\" srcset=\"https:\/\/autothaiduong.vn\/wp-content\/uploads\/2025\/05\/bong.png 1000w, https:\/\/autothaiduong.vn\/wp-content\/uploads\/2025\/05\/bong-600x600.png 600w, https:\/\/autothaiduong.vn\/wp-content\/uploads\/2025\/05\/bong-300x300.png 300w, https:\/\/autothaiduong.vn\/wp-content\/uploads\/2025\/05\/bong-768x768.png 768w, https:\/\/autothaiduong.vn\/wp-content\/uploads\/2025\/05\/bong-100x100.png 100w\" sizes=\"auto, (max-width: 1000px) 100vw, 1000px\" \/><\/i><\/p>\n<p>&nbsp;<\/p>\n<h2 id=\"2\"><b><a id=\"c-ng-su--t\" class=\"toc-a-tag\"><\/a>C\u00f4ng su\u1ea5t<\/b><\/h2>\n<p>S\u1eed d\u1ee5ng c\u00f4ng ngh\u1ec7 chip LED Titan Custom hi\u1ec7n \u0111\u1ea1i c\u00f9ng v\u1edbi c\u00f4ng su\u1ea5t 25W, Titan Moto M10 Ultra cho ra \u00e1nh s\u00e1ng m\u1ea1nh m\u1ebd v\u1edbi c\u01b0\u1eddng \u0111\u1ed9 s\u00e1ng 7.500 Lux c\u00f9ng t\u1ea7m chi\u1ebfu xa l\u00ean \u0111\u1ebfn 600m, gia t\u0103ng t\u1ea7m quan s\u00e1t cho ng\u01b0\u1eddi l\u00e1i khi di chuy\u1ec3n, \u00e1nh s\u00e1ng \u0111\u1ee7 v\u00e0 \u0111\u1ea3m b\u1ea3o \u0111\u1ec3 h\u1ed7 tr\u1ee3 t\u0103ng s\u00e1ng cho xe \u1edf nh\u1eefng khu v\u1ef1c thi\u1ebfu \u0111i\u1ec1u ki\u1ec7n \u00e1nh s\u00e1ng v\u00e0 t\u0103ng kh\u1ea3 n\u0103ng x\u1eed l\u00fd khi g\u1eb7p nh\u1eefng v\u1eadt c\u1ea3n, t\u00ecnh hu\u1ed1ng b\u1ea5t ng\u1edd.<\/p>\n<p>\u1ede ch\u1ebf \u0111\u1ed9 Cos, Titan Moto M10 Ultra cho ra \u00e1nh s\u00e1ng tr\u1eafng th\u1eddi trang, \u0111\u1eb9p m\u1eaft v\u1edbi \u00e1nh s\u00e1ng b\u00e1m \u0111\u01b0\u1eddng, m\u1ecbn m\u00e0ng.<\/p>\n<p><img loading=\"lazy\" decoding=\"async\" class=\"alignnone size-full wp-image-1525\" src=\"https:\/\/autothaiduong.vn\/wp-content\/uploads\/2025\/05\/Cos.png\" alt=\"\" width=\"1074\" height=\"1074\" srcset=\"https:\/\/autothaiduong.vn\/wp-content\/uploads\/2025\/05\/Cos.png 1074w, https:\/\/autothaiduong.vn\/wp-content\/uploads\/2025\/05\/Cos-600x600.png 600w, https:\/\/autothaiduong.vn\/wp-content\/uploads\/2025\/05\/Cos-1024x1024.png 1024w, https:\/\/autothaiduong.vn\/wp-content\/uploads\/2025\/05\/Cos-300x300.png 300w, https:\/\/autothaiduong.vn\/wp-content\/uploads\/2025\/05\/Cos-768x768.png 768w, https:\/\/autothaiduong.vn\/wp-content\/uploads\/2025\/05\/Cos-100x100.png 100w\" sizes=\"auto, (max-width: 1074px) 100vw, 1074px\" \/><\/p>\n<p>\u1ede ch\u1ebf \u0111\u1ed9 Pha, Titan Moto M10 Ultra cho ra \u00e1nh s\u00e1ng 2 t\u1ea7ng \u0111\u1ed9c l\u1eadp, m\u1ed9t t\u1ea7ng l\u00e0 \u00e1nh s\u00e1ng tr\u1eafng v\u00e0 t\u1ea7ng c\u00f2n l\u1ea1i l\u00e0 \u00e1nh s\u00e1ng v\u00e0ng v\u1edbi \u00e1nh s\u00e1ng gom t\u1ea1i t\u00e2m t\u1ed1t, \u0111\u1ea3m b\u1ea3o \u0111\u1ee7 \u00e1nh s\u00e1ng do t\u00e0i x\u1ebf l\u00e0m ch\u1ee7 trong qu\u00e1 tr\u00ecnh di chuy\u1ec3n.<\/p>\n<p><img loading=\"lazy\" decoding=\"async\" class=\"alignnone size-full wp-image-1526\" src=\"https:\/\/autothaiduong.vn\/wp-content\/uploads\/2025\/05\/Pha.png\" alt=\"\" width=\"1074\" height=\"1074\" srcset=\"https:\/\/autothaiduong.vn\/wp-content\/uploads\/2025\/05\/Pha.png 1074w, https:\/\/autothaiduong.vn\/wp-content\/uploads\/2025\/05\/Pha-600x600.png 600w, https:\/\/autothaiduong.vn\/wp-content\/uploads\/2025\/05\/Pha-1024x1024.png 1024w, https:\/\/autothaiduong.vn\/wp-content\/uploads\/2025\/05\/Pha-300x300.png 300w, https:\/\/autothaiduong.vn\/wp-content\/uploads\/2025\/05\/Pha-768x768.png 768w, https:\/\/autothaiduong.vn\/wp-content\/uploads\/2025\/05\/Pha-100x100.png 100w\" sizes=\"auto, (max-width: 1074px) 100vw, 1074px\" \/><\/p>\n<p>&nbsp;<\/p>\n<h2 id=\"3\"><b><a id=\"kh--n-ng-ch--ng-n---c\" class=\"toc-a-tag\"><\/a>Kh\u1ea3 n\u0103ng ch\u1ed1ng n\u01b0\u1edbc<\/b><\/h2>\n<p>\u0110\u00e8n tr\u1ee3 s\u00e1ng Titan Moto M10 Ultra \u0111\u1ea1t ti\u00eau chu\u1ea9n ch\u1ed1ng n\u01b0\u1edbc IP68 n\u00ean \u0111\u00e8n c\u00f3 \u0111\u1ed9 ho\u1ea1t \u0111\u1ed9ng \u1ed5n \u0111\u1ecbnh v\u1edbi \u0111\u1ed9 b\u1ec1n cao, k\u1ec3 c\u1ea3 khi di chuy\u1ec3n d\u01b0\u1edbi tr\u1eddi m\u01b0a.<\/p>\n<p>&nbsp;<\/p>\n<p><iframe loading=\"lazy\" title=\"YouTube video player\" src=\"https:\/\/www.youtube.com\/embed\/PVl3XSS9fTw?si=jLWODDiLDhfxfigS\" width=\"100%\" height=\"400\" frameborder=\"0\" scrolling=\"no\" align=\"middle\" allowfullscreen=\"allowfullscreen\" data-mce-fragment=\"1\"><\/iframe><\/p>\n","protected":false},"excerpt":{"rendered":"<table>\n<tbody>\n<tr>\n<td class=\"lileft\">N\u0103m s\u1ea3n xu\u1ea5t:<\/td>\n<td class=\"liright\">2023<\/td>\n<\/tr>\n<tr>\n<td class=\"lileft\">C\u00f4ng Su\u1ea5t Pha:<\/td>\n<td class=\"liright\">25W<\/td>\n<\/tr>\n<tr>\n<td class=\"lileft\">\u0110i\u1ec7n \u00c1p:<\/td>\n<td class=\"liright\">12V<\/td>\n<\/tr>\n<tr>\n<td class=\"lileft\">B\u1ea3o h\u00e0nh:<\/td>\n<td class=\"liright\">12 Th\u00e1ng<\/td>\n<\/tr>\n<tr>\n<td class=\"lileft\">T\u1ea7m chi\u1ebfu xa:<\/td>\n<td class=\"liright\">600m<\/td>\n<\/tr>\n<\/tbody>\n<\/table>\n","protected":false},"featured_media":1522,"comment_status":"open","ping_status":"closed","template":"","meta":[],"product_brand":[28],"product_cat":[16,144],"product_tag":[],"class_list":{"0":"post-1521","1":"product","2":"type-product","3":"status-publish","4":"has-post-thumbnail","6":"product_brand-titan","7":"product_cat-anh-sang","8":"product_cat-den-tro-sang","10":"first","11":"instock","12":"shipping-taxable","13":"purchasable","14":"product-type-simple"},"_links":{"self":[{"href":"https:\/\/autothaiduong.vn\/index.php?rest_route=\/wp\/v2\/product\/1521","targetHints":{"allow":["GET"]}}],"collection":[{"href":"https:\/\/autothaiduong.vn\/index.php?rest_route=\/wp\/v2\/product"}],"about":[{"href":"https:\/\/autothaiduong.vn\/index.php?rest_route=\/wp\/v2\/types\/product"}],"replies":[{"embeddable":true,"href":"https:\/\/autothaiduong.vn\/index.php?rest_route=%2Fwp%2Fv2%2Fcomments&post=1521"}],"wp:featuredmedia":[{"embeddable":true,"href":"https:\/\/autothaiduong.vn\/index.php?rest_route=\/wp\/v2\/media\/1522"}],"wp:attachment":[{"href":"https:\/\/autothaiduong.vn\/index.php?rest_route=%2Fwp%2Fv2%2Fmedia&parent=1521"}],"wp:term":[{"taxonomy":"product_brand","embeddable":true,"href":"https:\/\/autothaiduong.vn\/index.php?rest_route=%2Fwp%2Fv2%2Fproduct_brand&post=1521"},{"taxonomy":"product_cat","embeddable":true,"href":"https:\/\/autothaiduong.vn\/index.php?rest_route=%2Fwp%2Fv2%2Fproduct_cat&post=1521"},{"taxonomy":"product_tag","embeddable":true,"href":"https:\/\/autothaiduong.vn\/index.php?rest_route=%2Fwp%2Fv2%2Fproduct_tag&post=1521"}],"curies":[{"name":"wp","href":"https:\/\/api.w.org\/{rel}","templated":true}]}}