{"id":1527,"date":"2025-05-13T16:12:54","date_gmt":"2025-05-13T16:12:54","guid":{"rendered":"https:\/\/autothaiduong.vn\/?post_type=product&#038;p=1527"},"modified":"2025-05-13T16:13:14","modified_gmt":"2025-05-13T16:13:14","slug":"thong-so-ky-thuat-den-tro-sang-titan-m20-ultra","status":"publish","type":"product","link":"https:\/\/autothaiduong.vn\/?product=thong-so-ky-thuat-den-tro-sang-titan-m20-ultra","title":{"rendered":"Th\u00f4ng s\u1ed1 k\u1ef9 thu\u1eadt \u0110\u00c8N TR\u1ee2 S\u00c1NG TITAN M20 ULTRA"},"content":{"rendered":"<p><img loading=\"lazy\" decoding=\"async\" class=\" wp-image-1044 aligncenter\" src=\"https:\/\/autothaiduong.vn\/wp-content\/uploads\/2025\/05\/z6584734442481_f208f5944548cb4b46353402ce2e64e0.jpg\" alt=\"\" width=\"287\" height=\"254\" \/><\/p>\n<p style=\"text-align: center;\"><span style=\"font-size: 150%;\"><strong><span style=\"color: #ff0000;\">273-275 Tr\u1ea7n Ph\u00fa Ph\u01b0\u1eddng L\u1ed9c S\u01a1n Th\u00e0nh Ph\u1ed1 B\u1ea3o L\u1ed9c T\u1ec9nh L\u00e2m \u0110\u1ed3ng <\/span><\/strong><\/span><\/p>\n<p style=\"text-align: center;\"><span style=\"font-size: 150%;\"><strong><span style=\"color: #ff0000;\">Hotline: 0912197441<\/span><\/strong><\/span><\/p>\n<p><img loading=\"lazy\" decoding=\"async\" class=\"alignnone size-full wp-image-1529\" src=\"https:\/\/autothaiduong.vn\/wp-content\/uploads\/2025\/05\/3-1.jpg\" width=\"1280\" height=\"1280\" alt=\"\u0110\u00c8N TR\u1ee2 S\u00c1NG TITAN M20 ULTRA\" srcset=\"https:\/\/autothaiduong.vn\/wp-content\/uploads\/2025\/05\/3-1.jpg 1280w, https:\/\/autothaiduong.vn\/wp-content\/uploads\/2025\/05\/3-1-600x600.jpg 600w, https:\/\/autothaiduong.vn\/wp-content\/uploads\/2025\/05\/3-1-1024x1024.jpg 1024w, https:\/\/autothaiduong.vn\/wp-content\/uploads\/2025\/05\/3-1-300x300.jpg 300w, https:\/\/autothaiduong.vn\/wp-content\/uploads\/2025\/05\/3-1-768x768.jpg 768w, https:\/\/autothaiduong.vn\/wp-content\/uploads\/2025\/05\/3-1-100x100.jpg 100w\" sizes=\"auto, (max-width: 1280px) 100vw, 1280px\" \/><\/p>\n<p>Th\u00e1ng 12\/2023, th\u01b0\u01a1ng hi\u1ec7u Titan ch\u00ednh th\u1ee9c cho ra s\u1ea3n ph\u1ea9m \u0111\u00e8n tr\u1ee3 s\u00e1ng Titan M20 Ultra sau 8 th\u00e1ng nghi\u00ean c\u1ee9u v\u00e0 t\u00ecm hi\u1ec3u, \u0111\u00e2y l\u00e0 s\u1ea3n ph\u1ea9m \u0111\u01b0\u1ee3c h\u00e3ng cho ra m\u1eaft v\u1edbi \u00e1nh s\u00e1ng c\u1ef1c k\u1ef3 kh\u1ee7ng nh\u01b0ng gi\u00e1 th\u00e0nh c\u1ef1c k\u1ef3 r\u1ebb, ph\u00f9 h\u1ee3p v\u1edbi nhu c\u1ea7u v\u00e0 t\u00ecnh h\u00ecnh kinh t\u1ebf \u1edf th\u1eddi \u0111i\u1ec3m hi\u1ec7n t\u1ea1i, c\u00f3 th\u1ec3 n\u00f3i \u0111\u00e2y s\u1ebd l\u00e0 m\u1ed9t s\u1ea3n ph\u1ea9m \u0111em \u0111\u1ebfn l\u00e0n gi\u00f3 m\u1edbi cho th\u1ecb tr\u01b0\u1eddng xe m\u00e1y ng\u00e0y nay.<\/p>\n<p><img loading=\"lazy\" decoding=\"async\" class=\"alignnone size-full wp-image-1530\" src=\"https:\/\/autothaiduong.vn\/wp-content\/uploads\/2025\/05\/1-6.jpg\" width=\"1280\" height=\"1280\" srcset=\"https:\/\/autothaiduong.vn\/wp-content\/uploads\/2025\/05\/1-6.jpg 1280w, https:\/\/autothaiduong.vn\/wp-content\/uploads\/2025\/05\/1-6-600x600.jpg 600w, https:\/\/autothaiduong.vn\/wp-content\/uploads\/2025\/05\/1-6-1024x1024.jpg 1024w, https:\/\/autothaiduong.vn\/wp-content\/uploads\/2025\/05\/1-6-300x300.jpg 300w, https:\/\/autothaiduong.vn\/wp-content\/uploads\/2025\/05\/1-6-768x768.jpg 768w, https:\/\/autothaiduong.vn\/wp-content\/uploads\/2025\/05\/1-6-100x100.jpg 100w\" sizes=\"auto, (max-width: 1280px) 100vw, 1280px\" \/><\/p>\n<p>H\u00ecnh \u1ea3nh \u0111\u00e8n tr\u1ee3 s\u00e1ng Titan M20 Ultra<\/p>\n<p>&nbsp;<\/p>\n<h2 id=\"1\"><a id=\"1-thi--t-k--ngo--i-h-nh\" class=\"toc-a-tag\"><\/a>1. Thi\u1ebft k\u1ebf ngo\u1ea1i h\u00ecnh<\/h2>\n<p>\u0110\u00e8n tr\u1ee3 s\u00e1ng Titan M20 Ultra \u0111\u01b0\u1ee3c thi\u1ebft k\u1ebf v\u1edbi t\u1ed5ng th\u1ec3 nh\u1ecf g\u1ecdn v\u00e0 vu\u00f4ng v\u1ee9c, bao b\u1ecdc b\u1edfi m\u1ed9t l\u1edbp s\u01a1n m\u00e0u \u0111en nh\u00e1m sang tr\u1ecdng v\u00e0 hi\u1ec7n \u0111\u1ea1i. M\u1ed9t trong nh\u1eefng \u0111i\u1ec3m nh\u1ea5n c\u1ee7a s\u1ea3n ph\u1ea9m l\u00e0 \u0111\u01b0\u1ee3c t\u00edch h\u1ee3p 2 qu\u1ea3 bi th\u00e0nh 1, gi\u00fap t\u0103ng c\u01b0\u1eddng s\u1ee9c m\u1ea1nh l\u00ean m\u1ed9t c\u00e1ch v\u01b0\u1ee3t tr\u1ed9i h\u01a1n so v\u1edbi nhi\u1ec1u d\u00f2ng s\u1ea3n ph\u1ea9m \u0111\u00e8n d\u00e0nh cho xe m\u00e1y \u1edf th\u1eddi \u0111i\u1ec3m hi\u1ec7n t\u1ea1i. C\u00f3 th\u1ec3 n\u00f3i, Titan M20 Ultra l\u00e0 s\u1ea3n ph\u1ea9m \u0111\u01b0\u1ee3c \u201cnh\u00e2n \u0111\u00f4i\u201d c\u1ee7a \u201c\u0111\u00e0n em\u201d Titan M10 Ultra tr\u01b0\u1edbc \u0111\u00f3 sau s\u1ef1 th\u00e0nh c\u00f4ng c\u1ee7a Titan M10 Ultra.<\/p>\n<p><img loading=\"lazy\" decoding=\"async\" class=\"alignnone size-full wp-image-1531\" src=\"https:\/\/autothaiduong.vn\/wp-content\/uploads\/2025\/05\/4-3.jpg\" width=\"1280\" height=\"1280\" srcset=\"https:\/\/autothaiduong.vn\/wp-content\/uploads\/2025\/05\/4-3.jpg 1280w, https:\/\/autothaiduong.vn\/wp-content\/uploads\/2025\/05\/4-3-600x600.jpg 600w, https:\/\/autothaiduong.vn\/wp-content\/uploads\/2025\/05\/4-3-1024x1024.jpg 1024w, https:\/\/autothaiduong.vn\/wp-content\/uploads\/2025\/05\/4-3-300x300.jpg 300w, https:\/\/autothaiduong.vn\/wp-content\/uploads\/2025\/05\/4-3-768x768.jpg 768w, https:\/\/autothaiduong.vn\/wp-content\/uploads\/2025\/05\/4-3-100x100.jpg 100w\" sizes=\"auto, (max-width: 1280px) 100vw, 1280px\" \/><\/p>\n<p>H\u00ecnh \u1ea3nh \u0111\u00e8n tr\u1ee3 s\u00e1ng Titan M20 Ultra<\/p>\n<p>V\u1edbi thi\u1ebft k\u1ebf nh\u1ecf g\u1ecdn v\u00e0 h\u1ee3p th\u1ecb hi\u1ebfu c\u1ee7a nh\u1eefng anh em \u0111am m\u00ea \u0111\u1ed9 \u0111\u00e8n, n\u00e2ng c\u1ea5p \u0111\u00e8n tr\u1ee3 s\u00e1ng cho xe m\u00e1y, Titan M20 Ultra d\u1ec5 d\u00e0ng l\u1eafp \u0111\u1eb7t \u1edf nhi\u1ec1u n\u01a1i kh\u00e1c nhau tr\u00ean xe nh\u01b0 g\u01b0\u01a1ng chi\u1ebfu h\u1eadu, phu\u1ed9c xe hay c\u00e1c d\u00f2ng xe ADV&#8230;<\/p>\n<p>V\u1ec1 t\u1ed5ng th\u1ec3 body \u0111\u00e8n tr\u1ee3 s\u00e1ng Titan M20 Ultra \u0111\u01b0\u1ee3c l\u00e0m b\u1edfi v\u1eadt li\u1ec7u Aluminum nguy\u00ean kh\u1ed1i ch\u1ea1y CNC, nh\u1edd \u0111\u00f3 m\u00e0 c\u00e1c chi ti\u1ebft s\u1ea3n ph\u1ea9m \u0111\u01b0\u1ee3c ho\u00e0n thi\u1ec7n m\u1ed9t c\u00e1ch ch\u1eafc ch\u1eafn v\u00e0 s\u1eafc n\u00e9t, t\u0103ng \u0111\u1ed9 th\u1ea9m m\u1ef9 v\u00e0 sang tr\u1ecdng cho s\u1ea3n ph\u1ea9m.<\/p>\n<p>&nbsp;<\/p>\n<h2 id=\"2\"><a id=\"2-c-ng-su--t-v---t-tr--i\" class=\"toc-a-tag\"><\/a>2. C\u00f4ng su\u1ea5t v\u01b0\u1ee3t tr\u1ed9i<\/h2>\n<p>\u0110\u00e8n tr\u1ee3 s\u00e1ng Titan M20 Ultra trang b\u1ecb c\u1ea5u h\u00ecnh m\u1ea1nh m\u1ebd v\u1edbi 12 nh\u00e2n chip LED, v\u1edbi 3+3 nh\u00e2n chip LED \u1edf ch\u1ebf \u0111\u1ed9 Cos v\u00e0 3+3 nh\u00e2n chip LED \u1edf ch\u1ebf \u0111\u1ed9 Pha \u0111em \u0111\u1ebfn c\u00f4ng su\u1ea5t v\u00f4 c\u00f9ng m\u1ea1nh m\u1ebd 50W, c\u00f3 th\u1ec3 n\u00f3i \u0111\u00e2y l\u00e0 c\u00f4ng su\u1ea5t thu\u1ed9c h\u00e0ng kh\u1ee7ng trong ph\u00e2n kh\u00fac \u0111\u00e8n d\u00e0nh cho xe m\u00e1y. V\u1edbi \u00e1nh s\u00e1ng nh\u01b0 th\u1ebf, b\u1ea1n c\u00f3 th\u1ec3 t\u1ef1 tin di chuy\u1ec3n \u0111\u01b0\u1ee3c \u1edf nhi\u1ec1u \u0111i\u1ec1u ki\u1ec7n th\u1eddi ti\u1ebft, \u0111\u1ea3m b\u1ea3o h\u1ed7 tr\u1ee3 t\u0103ng s\u00e1ng cho nh\u1eefng khu v\u1ef1c thi\u1ebfu \u00e1nh s\u00e1ng v\u00e0 t\u0103ng kh\u1ea3 n\u0103ng x\u1eed l\u00fd khi g\u1eb7p nh\u1eefng v\u1eadt c\u1ea3n v\u00e0 t\u00ecnh hu\u1ed1ng b\u1ea5t ng\u1edd.<\/p>\n<p><img loading=\"lazy\" decoding=\"async\" class=\"alignnone size-full wp-image-1532\" src=\"https:\/\/autothaiduong.vn\/wp-content\/uploads\/2025\/05\/0.jpg\" width=\"1277\" height=\"1280\" srcset=\"https:\/\/autothaiduong.vn\/wp-content\/uploads\/2025\/05\/0.jpg 1277w, https:\/\/autothaiduong.vn\/wp-content\/uploads\/2025\/05\/0-600x601.jpg 600w, https:\/\/autothaiduong.vn\/wp-content\/uploads\/2025\/05\/0-1022x1024.jpg 1022w, https:\/\/autothaiduong.vn\/wp-content\/uploads\/2025\/05\/0-300x300.jpg 300w, https:\/\/autothaiduong.vn\/wp-content\/uploads\/2025\/05\/0-768x770.jpg 768w, https:\/\/autothaiduong.vn\/wp-content\/uploads\/2025\/05\/0-100x100.jpg 100w\" sizes=\"auto, (max-width: 1277px) 100vw, 1277px\" \/><\/p>\n<p>H\u00ecnh \u1ea3nh \u0111\u00e8n tr\u1ee3 s\u00e1ng Titan M20 Ultra<\/p>\n<p>V\u1edbi c\u1ea5u h\u00ecnh 3+3 nh\u00e2n chip LED \u1edf ch\u1ebf \u0111\u1ed9 Cos cho ra \u00e1nh s\u00e1ng tr\u1eafng v\u00e0 3+3 nh\u00e2n chip LED \u1edf ch\u1ebf \u0111\u1ed9 Pha cho ra \u00e1nh s\u00e1ng v\u00e0ng, b\u1ea1n c\u00f3 th\u1ec3 c\u00f3 hai c\u00e1ch s\u1eed d\u1ee5ng nh\u01b0 \u0111\u00e1 Pha gi\u1eef Cos ho\u1eb7c Cos ri\u00eang Pha ri\u00eang, t\u00f9y theo nhu c\u1ea7u mu\u1ed1n s\u1eed d\u1ee5ng c\u1ee7a b\u1ea1n m\u00e0 c\u00f3 th\u1ec3 t\u00f9y ch\u1ec9nh sao cho ph\u00f9 h\u1ee3p.<\/p>\n<p>\u1ede ch\u1ebf \u0111\u1ed9 Cos, \u00e1nh s\u00e1ng c\u1ee7a \u0111\u00e8n tr\u1ee3 s\u00e1ng Titan Moto M20 Ultra cho ra \u00e1nh s\u00e1ng tr\u1eafng \u0111\u1eb9p m\u1eaft v\u1edbi \u00e1nh s\u00e1ng m\u1ecbn m\u00e0ng v\u00e0 b\u00e1m \u0111\u01b0\u1eddng.<\/p>\n<p><img loading=\"lazy\" decoding=\"async\" class=\"alignnone size-full wp-image-1533\" src=\"https:\/\/autothaiduong.vn\/wp-content\/uploads\/2025\/05\/cos.jpg\" width=\"1280\" height=\"1280\" alt=\"\" srcset=\"https:\/\/autothaiduong.vn\/wp-content\/uploads\/2025\/05\/cos.jpg 1280w, https:\/\/autothaiduong.vn\/wp-content\/uploads\/2025\/05\/cos-600x600.jpg 600w, https:\/\/autothaiduong.vn\/wp-content\/uploads\/2025\/05\/cos-1024x1024.jpg 1024w, https:\/\/autothaiduong.vn\/wp-content\/uploads\/2025\/05\/cos-300x300.jpg 300w, https:\/\/autothaiduong.vn\/wp-content\/uploads\/2025\/05\/cos-768x768.jpg 768w, https:\/\/autothaiduong.vn\/wp-content\/uploads\/2025\/05\/cos-100x100.jpg 100w\" sizes=\"auto, (max-width: 1280px) 100vw, 1280px\" \/><\/p>\n<p>\u1ede ch\u1ebf \u0111\u1ed9 Pha, \u00e1nh s\u00e1ng c\u1ee7a \u0111\u00e8n tr\u1ee3 s\u00e1ng Titan M20 Ultra cho ra \u00e1nh s\u00e1ng v\u00e0ng v\u1edbi \u00e1nh s\u00e1ng gom t\u1ea1i t\u00e2m t\u1ed1t, \u0111\u1ea3m b\u1ea3o \u00e1nh s\u00e1ng \u0111\u1ee7 v\u00e0 cao \u0111\u1ec3 t\u00e0i x\u1ebf c\u00f3 th\u1ec3 d\u1ec5 d\u00e0ng di chuy\u1ec3n \u1edf nhi\u1ec1u cung \u0111\u01b0\u1eddng kh\u00e1c nhau.<\/p>\n<p><img loading=\"lazy\" decoding=\"async\" class=\"alignnone size-full wp-image-1534\" src=\"https:\/\/autothaiduong.vn\/wp-content\/uploads\/2025\/05\/pha.jpg\" width=\"1280\" height=\"1280\" alt=\"\" srcset=\"https:\/\/autothaiduong.vn\/wp-content\/uploads\/2025\/05\/pha.jpg 1280w, https:\/\/autothaiduong.vn\/wp-content\/uploads\/2025\/05\/pha-600x600.jpg 600w, https:\/\/autothaiduong.vn\/wp-content\/uploads\/2025\/05\/pha-1024x1024.jpg 1024w, https:\/\/autothaiduong.vn\/wp-content\/uploads\/2025\/05\/pha-300x300.jpg 300w, https:\/\/autothaiduong.vn\/wp-content\/uploads\/2025\/05\/pha-768x768.jpg 768w, https:\/\/autothaiduong.vn\/wp-content\/uploads\/2025\/05\/pha-100x100.jpg 100w\" sizes=\"auto, (max-width: 1280px) 100vw, 1280px\" \/><\/p>\n<h2 id=\"3\"><a id=\"3-kh--n-ng-ch--ng-n---c\" class=\"toc-a-tag\"><\/a>3. Kh\u1ea3 n\u0103ng ch\u1ed1ng n\u01b0\u1edbc<\/h2>\n<p>\u0110\u00e8n tr\u1ee3 s\u00e1ng Titan M20 ultra \u0111\u1ea1t ti\u00eau chu\u1ea9n ch\u1ed1ng n\u01b0\u1edbc IP68 n\u00ean \u0111\u00e8n c\u00f3 th\u1ec3 ho\u1ea1t \u0111\u1ed9ng \u1edf nhi\u1ec1u \u0111i\u1ec1u ki\u1ec7n m\u00e0 v\u1eabn \u0111\u1ea3m b\u1ea3o \u0111\u01b0\u1ee3c \u0111\u1ed9 b\u1ec1n cao, k\u1ec3 c\u1ea3 khi di chuy\u1ec3n th\u01b0\u1eddng xuy\u00ean \u1edf d\u01b0\u1edbi th\u1eddi ti\u1ebft s\u01b0\u01a1ng m\u00f9, m\u01b0a.<\/p>\n<p><img loading=\"lazy\" decoding=\"async\" class=\"alignnone size-full wp-image-1535\" src=\"https:\/\/autothaiduong.vn\/wp-content\/uploads\/2025\/05\/10-3.jpg\" width=\"1280\" height=\"1280\" srcset=\"https:\/\/autothaiduong.vn\/wp-content\/uploads\/2025\/05\/10-3.jpg 1280w, https:\/\/autothaiduong.vn\/wp-content\/uploads\/2025\/05\/10-3-600x600.jpg 600w, https:\/\/autothaiduong.vn\/wp-content\/uploads\/2025\/05\/10-3-1024x1024.jpg 1024w, https:\/\/autothaiduong.vn\/wp-content\/uploads\/2025\/05\/10-3-300x300.jpg 300w, https:\/\/autothaiduong.vn\/wp-content\/uploads\/2025\/05\/10-3-768x768.jpg 768w, https:\/\/autothaiduong.vn\/wp-content\/uploads\/2025\/05\/10-3-100x100.jpg 100w\" sizes=\"auto, (max-width: 1280px) 100vw, 1280px\" \/><\/p>\n<p>H\u00ecnh \u1ea3nh \u0111\u00e8n tr\u1ee3 s\u00e1ng Titan M20 Ultra<\/p>\n<h2 id=\"4\"><a id=\"4-l--p---t\" class=\"toc-a-tag\"><\/a>4. L\u1eafp \u0111\u1eb7t<\/h2>\n<p>\u0110\u00e8n tr\u1ee3 s\u00e1ng Titan M20 Ultra hi\u1ec7n \u0111\u00e3 c\u00f3 m\u1eb7t t\u1ea1i c\u00e1c chi nh\u00e1nh, \u0111\u1ea1i l\u00fd Titan Vi\u1ec7t Nam tr\u00ean to\u00e0n qu\u1ed1c v\u1edbi ch\u1ebf \u0111\u1ed9 b\u1ea3o h\u00e0nh 12 th\u00e1ng, n\u1ebfu qu\u00fd kh\u00e1ch c\u00f3 nhu c\u1ea7u c\u00f3 th\u1ec3 li\u00ean h\u1ec7 \u0111\u1ebfn hotline ho\u1eb7c \u0111\u1ebfn c\u00e1c \u0111\u1ecba \u0111i\u1ec3m khu v\u1ef1c g\u1ea7n nh\u1ea5t \u0111\u1ec3 \u0111\u01b0\u1ee3c t\u01b0 v\u1ea5n c\u0169ng nh\u01b0 tr\u1ea3i nghi\u1ec7m s\u1ea3n ph\u1ea9m m\u1ed9t c\u00e1ch t\u1ed1t nh\u1ea5t.<\/p>\n<p><iframe loading=\"lazy\" src=\"https:\/\/www.youtube.com\/embed\/78kKq38kSew\" width=\"100%\" height=\"400\" frameborder=\"0\" scrolling=\"no\" data-mce-fragment=\"1\"><\/iframe><\/p>\n","protected":false},"excerpt":{"rendered":"<h2>Th\u00f4ng s\u1ed1 k\u1ef9 thu\u1eadt \u0110\u00c8N TR\u1ee2 S\u00c1NG TITAN M20 ULTRA<\/h2>\n<table>\n<tbody>\n<tr>\n<td class=\"lileft\">N\u0103m s\u1ea3n xu\u1ea5t:<\/td>\n<td class=\"liright\">12\/2023<\/td>\n<\/tr>\n<tr>\n<td class=\"lileft\">C\u00f4ng su\u1ea5t Cos:<\/td>\n<td class=\"liright\">50W<\/td>\n<\/tr>\n<tr>\n<td class=\"lileft\">C\u00f4ng su\u1ea5t Pha:<\/td>\n<td class=\"liright\">50W<\/td>\n<\/tr>\n<tr>\n<td class=\"lileft\">Nh\u00e2n LED:<\/td>\n<td class=\"liright\">Titan Custom<\/td>\n<\/tr>\n<tr>\n<td class=\"lileft\">Lens:<\/td>\n<td class=\"liright\">AR<\/td>\n<\/tr>\n<tr>\n<td class=\"lileft\">Nhi\u1ec7t m\u00e0u:<\/td>\n<td class=\"liright\">3000K, 6000K<\/td>\n<\/tr>\n<tr>\n<td class=\"lileft\">V\u1eadt li\u1ec7u t\u1ea3n nhi\u1ec7t:<\/td>\n<td class=\"liright\">Alu<\/td>\n<\/tr>\n<tr>\n<td class=\"lileft\">C\u01b0\u1eddng \u0111\u1ed9 \u00e1nh s\u00e1ng:<\/td>\n<td class=\"liright\">&#8211;<\/td>\n<\/tr>\n<tr>\n<td class=\"lileft\">Tu\u1ed5i th\u1ecd:<\/td>\n<td class=\"liright\">30.000 gi\u1edd<\/td>\n<\/tr>\n<tr>\n<td class=\"lileft\">\u0110i\u1ec7n \u00c1p:<\/td>\n<td class=\"liright\">12-16V<\/td>\n<\/tr>\n<tr>\n<td class=\"lileft\">K\u00edch Th\u01b0\u1edbc Lens:<\/td>\n<td class=\"liright\">&#8211;<\/td>\n<\/tr>\n<tr>\n<td class=\"lileft\">S\u1ed1 nh\u00e2n LED:<\/td>\n<td class=\"liright\">6+6<\/td>\n<\/tr>\n<tr>\n<td class=\"lileft\">B\u1ea3o h\u00e0nh:<\/td>\n<td class=\"liright\">12 th\u00e1ng<\/td>\n<\/tr>\n<tr>\n<td class=\"lileft\">Ch\u1ec9 s\u1ed1 ho\u00e0n m\u00e0u (CRI):<\/td>\n<td class=\"liright\">&#8211;<\/td>\n<\/tr>\n<tr>\n<td class=\"lileft\">T\u1ea7m chi\u1ebfu xa:<\/td>\n<td class=\"liright\">&#8211;<\/td>\n<\/tr>\n<\/tbody>\n<\/table>\n","protected":false},"featured_media":1529,"comment_status":"open","ping_status":"closed","template":"","meta":[],"product_brand":[28],"product_cat":[16,144],"product_tag":[],"class_list":{"0":"post-1527","1":"product","2":"type-product","3":"status-publish","4":"has-post-thumbnail","6":"product_brand-titan","7":"product_cat-anh-sang","8":"product_cat-den-tro-sang","10":"first","11":"instock","12":"shipping-taxable","13":"purchasable","14":"product-type-simple"},"_links":{"self":[{"href":"https:\/\/autothaiduong.vn\/index.php?rest_route=\/wp\/v2\/product\/1527","targetHints":{"allow":["GET"]}}],"collection":[{"href":"https:\/\/autothaiduong.vn\/index.php?rest_route=\/wp\/v2\/product"}],"about":[{"href":"https:\/\/autothaiduong.vn\/index.php?rest_route=\/wp\/v2\/types\/product"}],"replies":[{"embeddable":true,"href":"https:\/\/autothaiduong.vn\/index.php?rest_route=%2Fwp%2Fv2%2Fcomments&post=1527"}],"wp:featuredmedia":[{"embeddable":true,"href":"https:\/\/autothaiduong.vn\/index.php?rest_route=\/wp\/v2\/media\/1529"}],"wp:attachment":[{"href":"https:\/\/autothaiduong.vn\/index.php?rest_route=%2Fwp%2Fv2%2Fmedia&parent=1527"}],"wp:term":[{"taxonomy":"product_brand","embeddable":true,"href":"https:\/\/autothaiduong.vn\/index.php?rest_route=%2Fwp%2Fv2%2Fproduct_brand&post=1527"},{"taxonomy":"product_cat","embeddable":true,"href":"https:\/\/autothaiduong.vn\/index.php?rest_route=%2Fwp%2Fv2%2Fproduct_cat&post=1527"},{"taxonomy":"product_tag","embeddable":true,"href":"https:\/\/autothaiduong.vn\/index.php?rest_route=%2Fwp%2Fv2%2Fproduct_tag&post=1527"}],"curies":[{"name":"wp","href":"https:\/\/api.w.org\/{rel}","templated":true}]}}