{"id":1547,"date":"2025-05-13T16:18:32","date_gmt":"2025-05-13T16:18:32","guid":{"rendered":"https:\/\/autothaiduong.vn\/?post_type=product&#038;p=1547"},"modified":"2025-05-13T16:19:02","modified_gmt":"2025-05-13T16:19:02","slug":"bi-led-mini-x-light-v12-hyper","status":"publish","type":"product","link":"https:\/\/autothaiduong.vn\/?product=bi-led-mini-x-light-v12-hyper","title":{"rendered":"BI LED MINI X-LIGHT V12 HYPER"},"content":{"rendered":"<p><img loading=\"lazy\" decoding=\"async\" class=\" wp-image-1537 aligncenter\" src=\"https:\/\/autothaiduong.vn\/wp-content\/uploads\/2025\/05\/z6584734442481_f208f5944548cb4b46353402ce2e64e0-1.jpg\" alt=\"\" width=\"223\" height=\"197\" \/><\/p>\n<p style=\"text-align: center;\"><strong><span style=\"font-size: 150%; color: #ff0000;\">273-275 Tr\u1ea7n Ph\u00fa Ph\u01b0\u1eddng L\u1ed9c S\u01a1n Th\u00e0nh Ph\u1ed1 B\u1ea3o L\u1ed9c T\u1ec9nh L\u00e2m \u0110\u1ed3ng<\/span><\/strong><\/p>\n<p style=\"text-align: center;\"><strong><span style=\"font-size: 150%; color: #ff0000;\"> Hotline: 0912197441<\/span><\/strong><\/p>\n<p><img loading=\"lazy\" decoding=\"async\" class=\"alignnone size-full wp-image-1549\" src=\"https:\/\/autothaiduong.vn\/wp-content\/uploads\/2025\/05\/v12-hyper-cong-nghe.jpg\" alt=\"BI LED MINI X-LIGHT V12 HYPER\" width=\"1280\" height=\"960\" srcset=\"https:\/\/autothaiduong.vn\/wp-content\/uploads\/2025\/05\/v12-hyper-cong-nghe.jpg 1280w, https:\/\/autothaiduong.vn\/wp-content\/uploads\/2025\/05\/v12-hyper-cong-nghe-600x450.jpg 600w, https:\/\/autothaiduong.vn\/wp-content\/uploads\/2025\/05\/v12-hyper-cong-nghe-1024x768.jpg 1024w, https:\/\/autothaiduong.vn\/wp-content\/uploads\/2025\/05\/v12-hyper-cong-nghe-768x576.jpg 768w\" sizes=\"auto, (max-width: 1280px) 100vw, 1280px\" \/><\/p>\n<h2><a id=\"1-h-nh--nh--nh-s-ng-th--c-t--c--a-bi-led-mini-x-light-v12-hyper\" class=\"toc-a-tag\"><\/a>1. H\u00ccNH \u1ea2NH \u00c1NH S\u00c1NG TH\u1ef0C T\u1ebe C\u1ee6A Bi Led Mini X-Light V12 Hyper<\/h2>\n<h3><a id=\"1-1-h-nh--nh--nh-s-ng-th--c-t--cos-c--a-bi-led-mini-x-light-v12-hyper\" class=\"toc-a-tag\"><\/a>1.1 H\u00ecnh \u1ea3nh \u00e1nh s\u00e1ng th\u1ef1c t\u1ebf Cos c\u1ee7a Bi Led Mini X-Light V12 Hyper<\/h3>\n<ul>\n<li aria-level=\"1\">Test b\u1ea3ng canh \u0111\u00e8n<\/li>\n<\/ul>\n<p><img loading=\"lazy\" decoding=\"async\" class=\"alignnone size-full wp-image-1550\" src=\"https:\/\/autothaiduong.vn\/wp-content\/uploads\/2025\/05\/Cos-1.jpg\" width=\"1280\" height=\"1280\" srcset=\"https:\/\/autothaiduong.vn\/wp-content\/uploads\/2025\/05\/Cos-1.jpg 1280w, https:\/\/autothaiduong.vn\/wp-content\/uploads\/2025\/05\/Cos-1-600x600.jpg 600w, https:\/\/autothaiduong.vn\/wp-content\/uploads\/2025\/05\/Cos-1-1024x1024.jpg 1024w, https:\/\/autothaiduong.vn\/wp-content\/uploads\/2025\/05\/Cos-1-300x300.jpg 300w, https:\/\/autothaiduong.vn\/wp-content\/uploads\/2025\/05\/Cos-1-768x768.jpg 768w, https:\/\/autothaiduong.vn\/wp-content\/uploads\/2025\/05\/Cos-1-100x100.jpg 100w\" sizes=\"auto, (max-width: 1280px) 100vw, 1280px\" \/><\/p>\n<p>\u00c1nh s\u00e1ng Cos Bi Led Mini X-Light V12 Hyper tr\u00ean b\u1ea3ng canh \u0111\u00e8n<\/p>\n<ul>\n<li aria-level=\"1\">Test \u00e1nh s\u00e1ng th\u1ef1c t\u1ebf<\/li>\n<\/ul>\n<p><img loading=\"lazy\" decoding=\"async\" class=\"alignnone size-full wp-image-1551\" src=\"https:\/\/autothaiduong.vn\/wp-content\/uploads\/2025\/05\/v12-hyper-11.jpg\" width=\"1280\" height=\"1280\" srcset=\"https:\/\/autothaiduong.vn\/wp-content\/uploads\/2025\/05\/v12-hyper-11.jpg 1280w, https:\/\/autothaiduong.vn\/wp-content\/uploads\/2025\/05\/v12-hyper-11-600x600.jpg 600w, https:\/\/autothaiduong.vn\/wp-content\/uploads\/2025\/05\/v12-hyper-11-1024x1024.jpg 1024w, https:\/\/autothaiduong.vn\/wp-content\/uploads\/2025\/05\/v12-hyper-11-300x300.jpg 300w, https:\/\/autothaiduong.vn\/wp-content\/uploads\/2025\/05\/v12-hyper-11-768x768.jpg 768w, https:\/\/autothaiduong.vn\/wp-content\/uploads\/2025\/05\/v12-hyper-11-100x100.jpg 100w\" sizes=\"auto, (max-width: 1280px) 100vw, 1280px\" \/><\/p>\n<p>\u00c1nh s\u00e1ng Cos Bi Led Mini X-Light V12 Hyper th\u1ef1c t\u1ebf<\/p>\n<p>Bi Led Mini X-Light V12 Hyper l\u00e0 si\u00eau ph\u1ea9m bi led mini ch\u00e2n H4 d\u1eabn \u0111\u1ea7u xu h\u01b0\u1edbng t\u0103ng s\u00e1ng tr\u00ean th\u1ecb tr\u01b0\u1eddng. V\u1edbi c\u00f4ng su\u1ea5t 35W, X-Light V12 Hyper s\u1edf h\u1eefu \u00e1nh s\u00e1ng cos kh\u1ee7ng nh\u1ea5t trong ph\u00e2n kh\u00fac.<\/p>\n<p>\u0110\u00e8n Bi Led Mini X-Light V12 Hyper \u0111\u01b0\u1ee3c trang b\u1ecb 6 (big) chip LED, c\u00f9ng \u0111\u01b0\u1eddng c\u1eaft s\u00e1ng Cos m\u1ea1nh m\u1ebd, v\u1edbi m\u1eb7t c\u1eaft ch\u1ed1ng ch\u00f3i t\u1ed1i \u01b0u, \u00e1nh s\u00e1ng cos \u0111\u01b0\u1ee3c ph\u00e2n b\u1ed5 \u0111\u1ec1u, m\u1ecbn, d\u00e0y v\u00e0 m\u1ea1nh h\u01a1n \u1edf tr\u01b0\u1edbc m\u1eb7t c\u1eaft t\u1ea1i t\u00e2m.<\/p>\n<p>Nh\u1edd thi\u1ebft k\u1ebf ch\u00e2n s\u00e1ng cong ho\u00e0n h\u1ea3o, \u00e1nh s\u00e1ng kh\u00f4ng ch\u1ec9 ph\u1ee7 r\u1ed9ng m\u00e0 c\u00f2n t\u1eadp trung c\u1ef1c t\u1ed1t, gi\u00fap t\u00e0i x\u1ebf d\u1ec5 d\u00e0ng quan s\u00e1t v\u00e0 l\u00e0m ch\u1ee7 m\u1ecdi cung \u0111\u01b0\u1eddng, d\u00f9 trong \u0111i\u1ec1u ki\u1ec7n thi\u1ebfu s\u00e1ng hay th\u1eddi ti\u1ebft kh\u1eafc nghi\u1ec7t.<\/p>\n<ul>\n<li aria-level=\"1\">H\u00ecnh \u1ea3nh l\u01b0u th\u00f4ng tr\u00ean \u0111\u01b0\u1eddng (\u0110ang c\u1eadp nh\u1eadt)<\/li>\n<\/ul>\n<h3><a id=\"1-2-h-nh--nh--nh-s-ng-th--c-t--pha-c--a-bi-led-mini-x-light-v12-hyper--ang-c--p-nh--t-\" class=\"toc-a-tag\"><\/a>1.2 H\u00ecnh \u1ea3nh \u00e1nh s\u00e1ng th\u1ef1c t\u1ebf Pha c\u1ee7a Bi Led Mini X-Light V12 Hyper (\u0110ang c\u1eadp nh\u1eadt)<\/h3>\n<ul>\n<li aria-level=\"1\">Test b\u1ea3ng canh \u0111\u00e8n<\/li>\n<\/ul>\n<p><img loading=\"lazy\" decoding=\"async\" class=\"alignnone size-full wp-image-1552\" src=\"https:\/\/autothaiduong.vn\/wp-content\/uploads\/2025\/05\/Pha-1.jpg\" width=\"1280\" height=\"1280\" srcset=\"https:\/\/autothaiduong.vn\/wp-content\/uploads\/2025\/05\/Pha-1.jpg 1280w, https:\/\/autothaiduong.vn\/wp-content\/uploads\/2025\/05\/Pha-1-600x600.jpg 600w, https:\/\/autothaiduong.vn\/wp-content\/uploads\/2025\/05\/Pha-1-1024x1024.jpg 1024w, https:\/\/autothaiduong.vn\/wp-content\/uploads\/2025\/05\/Pha-1-300x300.jpg 300w, https:\/\/autothaiduong.vn\/wp-content\/uploads\/2025\/05\/Pha-1-768x768.jpg 768w, https:\/\/autothaiduong.vn\/wp-content\/uploads\/2025\/05\/Pha-1-100x100.jpg 100w\" sizes=\"auto, (max-width: 1280px) 100vw, 1280px\" \/><\/p>\n<p>\u00c1nh s\u00e1ng Pha Bi Led Mini X-Light V12 Hyper tr\u00ean b\u1ea3ng canh \u0111\u00e8n<\/p>\n<ul>\n<li aria-level=\"1\">Test \u00e1nh s\u00e1ng th\u1ef1c t\u1ebf<\/li>\n<\/ul>\n<p>\u1ede ch\u1ebf \u0111\u1ed9 Pha, Bi Led Mini X-Light V12 Hyper \u0111\u01b0\u1ee3c trang b\u1ecb 6 chip LED, \u0111\u1ea1t c\u00f4ng su\u1ea5t l\u00ean \u0111\u1ebfn 50W.\u00a0 V12 Hyper c\u00f3 \u00e1nh s\u00e1ng m\u1ea1nh m\u1ebd \u1ea5n t\u01b0\u1ee3ng, gi\u00fap t\u00e0i x\u1ebf d\u1ec5 d\u00e0ng quan s\u00e1t v\u00e0 \u0111\u1ea3m b\u1ea3o kh\u00f4ng \u1ea3nh h\u01b0\u1edfng \u0111\u1ebfn c\u00e1c ph\u01b0\u01a1ng ti\u1ec7n ng\u01b0\u1ee3c chi\u1ec1u.<\/p>\n<ul>\n<li aria-level=\"1\">H\u00ecnh \u1ea3nh \u00e1nh s\u00e1ng khi l\u01b0u th\u00f4ng tr\u00ean \u0111\u01b0\u1eddng (\u0110ang c\u1eadp nh\u1eadt)<\/li>\n<\/ul>\n<h3><a id=\"1-3-h-nh--nh--nh-s-ng-th--c-t--cos-pha-c--a-bi-led-mini-x-light-v12-hyper--ang-c--p-nh--t-\" class=\"toc-a-tag\"><\/a>1.3 H\u00ecnh \u1ea3nh \u00e1nh s\u00e1ng th\u1ef1c t\u1ebf Cos\/Pha c\u1ee7a Bi Led Mini X-Light V12 Hyper (\u0110ang c\u1eadp nh\u1eadt)<\/h3>\n<h2><a id=\"2-video-th--c-t---nh-s-ng-c--a-bi-led-mini-x-light-v12-hyper\" class=\"toc-a-tag\"><\/a>2. VIDEO TH\u1ef0C T\u1ebe \u00c1NH S\u00c1NG C\u1ee6A Bi Led Mini X-Light V12 Hyper<\/h2>\n<h3><a id=\"2-1-video-test-b--ng-canh---n-bi-led-mini-x-light-v12-hyper--ang-c--p-nh--t-\" class=\"toc-a-tag\"><\/a>2.1 Video test b\u1ea3ng canh \u0111\u00e8n Bi Led Mini X-Light V12 Hyper (\u0110ang c\u1eadp nh\u1eadt)<\/h3>\n<h3><a id=\"2-2-video-flycam-th--c-t---nh-s-ng-bi-led-mini-x-light-v12-hyper\" class=\"toc-a-tag\"><\/a>2.2 Video Flycam th\u1ef1c t\u1ebf \u00e1nh s\u00e1ng Bi Led Mini X-Light V12 Hyper<\/h3>\n<ul>\n<li aria-level=\"1\">Flycam test t\u1eeb g\u00f3c tr\u00ean cao: \u0111ang c\u1eadp nh\u1eadt<\/li>\n<li aria-level=\"1\">Flycam test t\u1eeb g\u00f3c th\u1eb3ng \u0111\u1ee9ng: \u0111ang c\u1eadp nh\u1eadt<\/li>\n<li aria-level=\"1\">Flycam test t\u1eeb g\u00f3c b\u00ean h\u00f4ng: \u0111ang c\u1eadp nh\u1eadt<\/li>\n<li aria-level=\"1\">Flycam test t\u1eeb g\u00f3c tr\u01b0\u1edbc \u0111\u1ea7u xe: \u0111ang c\u1eadp nh\u1eadt<\/li>\n<\/ul>\n<h3><a id=\"2-3-video-th--c-t---nh-s-ng-bi-led-mini-x-light-v12-hyper---ang-c--p-nh--t-\" class=\"toc-a-tag\"><\/a>2.3 Video th\u1ef1c t\u1ebf \u00e1nh s\u00e1ng Bi Led Mini X-Light V12 Hyper: (\u0110ang c\u1eadp nh\u1eadt)<\/h3>\n<h2><a id=\"3-c-ng-ngh--n--i-b--t-c--a-bi-led-mini-x-light-v12-hyper\" class=\"toc-a-tag\"><\/a>3. C\u00d4NG NGH\u1ec6 N\u1ed4I B\u1eacT C\u1ee6A Bi Led Mini X-Light V12 Hyper<\/h2>\n<h3><a id=\"3-1-thi--t-k--nh--g--n-tinh-t---thay-th----n-zin-ch-n-h4-\" class=\"toc-a-tag\"><\/a>3.1 Thi\u1ebft k\u1ebf nh\u1ecf g\u1ecdn, tinh t\u1ebf (thay th\u1ebf \u0111\u00e8n zin ch\u00e2n H4)<\/h3>\n<p>Bi Led Mini X-Light V12 Hyper n\u1ed5i b\u1eadt v\u1edbi thi\u1ebft k\u1ebf nh\u1ecf g\u1ecdn, chi\u1ec1u d\u00e0i kho\u1ea3ng 111mm, \u0111\u01b0\u1ee3c ch\u1ebf t\u1ea1o t\u1eeb c\u00e1c v\u1eadt li\u1ec7u cao c\u1ea5p. To\u00e0n b\u1ed9 th\u00e2n \u0111\u00e8n \u0111\u01b0\u1ee3c l\u00e0m t\u1eeb Aluminum nguy\u00ean kh\u1ed1i gi\u00fap t\u1ed1i \u01b0u h\u00f3a kh\u1ea3 n\u0103ng t\u1ea3n nhi\u1ec7t. V\u00ec v\u1eady, V12 Hyper c\u00f3 th\u1ec3 ho\u1ea1t \u0111\u1ed9ng li\u00ean t\u1ee5c trong th\u1eddi gian d\u00e0i m\u00e0 kh\u00f4ng b\u1ecb qu\u00e1 n\u00f3ng.<\/p>\n<p><img loading=\"lazy\" decoding=\"async\" class=\"alignnone size-full wp-image-1553\" src=\"https:\/\/autothaiduong.vn\/wp-content\/uploads\/2025\/05\/v12-hyper-12.jpg\" width=\"1280\" height=\"1280\" srcset=\"https:\/\/autothaiduong.vn\/wp-content\/uploads\/2025\/05\/v12-hyper-12.jpg 1280w, https:\/\/autothaiduong.vn\/wp-content\/uploads\/2025\/05\/v12-hyper-12-600x600.jpg 600w, https:\/\/autothaiduong.vn\/wp-content\/uploads\/2025\/05\/v12-hyper-12-1024x1024.jpg 1024w, https:\/\/autothaiduong.vn\/wp-content\/uploads\/2025\/05\/v12-hyper-12-300x300.jpg 300w, https:\/\/autothaiduong.vn\/wp-content\/uploads\/2025\/05\/v12-hyper-12-768x768.jpg 768w, https:\/\/autothaiduong.vn\/wp-content\/uploads\/2025\/05\/v12-hyper-12-100x100.jpg 100w\" sizes=\"auto, (max-width: 1280px) 100vw, 1280px\" \/><\/p>\n<p>Bi Led Mini X-Light V12 Hyper c\u00f3 thi\u1ebft k\u1ebf nh\u1ecf g\u1ecdn, tinh t\u1ebf<\/p>\n<p>Kh\u00f4ng ch\u1ec9 c\u00f3 kh\u1ea3 n\u0103ng chi\u1ebfu s\u00e1ng v\u01b0\u1ee3t tr\u1ed9i, V12 Hyper c\u00f2n d\u1ec5 d\u00e0ng thay th\u1ebf cho \u0111\u00e8n zin ch\u00e2n H4 m\u00e0 kh\u00f4ng c\u1ea7n ph\u1ea3i can thi\u1ec7p v\u00e0o c\u1ea5u tr\u00fac xe, ho\u00e0n to\u00e0n ph\u00f9 h\u1ee3p v\u1edbi c\u00e1c y\u00eau c\u1ea7u \u0111\u0103ng ki\u1ec3m nghi\u00eam ng\u1eb7t hi\u1ec7n nay.<\/p>\n<p>X-Light V12 Hyper l\u00e0 gi\u1ea3i ph\u00e1p chi\u1ebfu s\u00e1ng ho\u00e0n h\u1ea3o m\u00e0 c\u00f2n l\u00e0 s\u1ef1 k\u1ebft h\u1ee3p gi\u1eefa t\u00ednh th\u1ea9m m\u1ef9, hi\u1ec7u su\u1ea5t v\u00e0 \u0111\u1ed9 b\u1ec1n, \u0111\u00e1p \u1ee9ng t\u1ed1i \u0111a nhu c\u1ea7u c\u1ee7a ng\u01b0\u1eddi d\u00f9ng hi\u1ec7n \u0111\u1ea1i.<\/p>\n<h3><a id=\"3-2-c--u-h-nh--nh-s-ng-m--nh-m---cos-si-u-kh--ng\" class=\"toc-a-tag\"><\/a>3.2 C\u1ea5u h\u00ecnh \u00e1nh s\u00e1ng m\u1ea1nh m\u1ebd, Cos si\u00eau kh\u1ee7ng<\/h3>\n<p>\u0110\u00e8n Bi Led Mini X-Light V12 Hyper n\u1ed5i b\u1eadt v\u1edbi c\u1ea5u h\u00ecnh \u00e1nh s\u00e1ng m\u1ea1nh m\u1ebd, \u0111\u01b0\u1ee3c trang b\u1ecb 6 (big) + 6 chip LED, mang \u0111\u1ebfn ngu\u1ed3n s\u00e1ng v\u01b0\u1ee3t tr\u1ed9i v\u00e0 hi\u1ec7u su\u1ea5t chi\u1ebfu s\u00e1ng t\u1ed1i \u01b0u. V\u1edbi c\u00f4ng su\u1ea5t 35W cho ch\u1ebf \u0111\u1ed9 cos v\u00e0 50W cho ch\u1ebf \u0111\u1ed9 pha. V12 Hyper s\u1edf h\u1eefu \u00e1nh s\u00e1ng cos kh\u1ee7ng nh\u1ea5t trong ph\u00e2n kh\u00fac bi led mini, gi\u00fap t\u00e0i x\u1ebf d\u1ec5 d\u00e0ng quan s\u00e1t v\u00e0 ph\u1ea3n \u1ee9ng nhanh ch\u00f3ng trong m\u1ecdi \u0111i\u1ec1u ki\u1ec7n \u00e1nh s\u00e1ng.<\/p>\n<p><img loading=\"lazy\" decoding=\"async\" class=\"alignnone size-full wp-image-1554\" src=\"https:\/\/autothaiduong.vn\/wp-content\/uploads\/2025\/05\/v12-hyper-13.jpg\" width=\"1280\" height=\"1280\" srcset=\"https:\/\/autothaiduong.vn\/wp-content\/uploads\/2025\/05\/v12-hyper-13.jpg 1280w, https:\/\/autothaiduong.vn\/wp-content\/uploads\/2025\/05\/v12-hyper-13-600x600.jpg 600w, https:\/\/autothaiduong.vn\/wp-content\/uploads\/2025\/05\/v12-hyper-13-1024x1024.jpg 1024w, https:\/\/autothaiduong.vn\/wp-content\/uploads\/2025\/05\/v12-hyper-13-300x300.jpg 300w, https:\/\/autothaiduong.vn\/wp-content\/uploads\/2025\/05\/v12-hyper-13-768x768.jpg 768w, https:\/\/autothaiduong.vn\/wp-content\/uploads\/2025\/05\/v12-hyper-13-100x100.jpg 100w\" sizes=\"auto, (max-width: 1280px) 100vw, 1280px\" \/><\/p>\n<p>Bi Led Mini X-Light V12 Hyper c\u00f3 c\u1ea5u h\u00ecnh \u00e1nh s\u00e1ng m\u1ea1nh m\u1ebd, Cos si\u00eau kh\u1ee7ng<\/p>\n<h3><a id=\"3-3-h--th--ng-t--n-nhi--t-360----3-l--p-ho-n-h--o\" class=\"toc-a-tag\"><\/a>3.3 H\u1ec7 th\u1ed1ng t\u1ea3n nhi\u1ec7t 360 \u0111\u1ed9, 3 l\u1edbp ho\u00e0n h\u1ea3o<\/h3>\n<p>Bi Led Mini X-Light V12 Hyper n\u1ed5i b\u1eadt v\u1edbi c\u00f4ng ngh\u1ec7 t\u1ea3n nhi\u1ec7t 3 l\u1edbp \u0111\u1ed9c \u0111\u00e1o, l\u00e0 d\u00f2ng \u0111\u00e8n H4 duy nh\u1ea5t tr\u00ean th\u1ecb tr\u01b0\u1eddng s\u1edf h\u1eefu t\u00ednh n\u0103ng l\u00e0m m\u00e1t v\u01b0\u1ee3t tr\u1ed9i. V12 Hyper \u0111\u01b0\u1ee3c c\u1ea5u t\u1ea1o b\u1edfi Aluminum nguy\u00ean kh\u1ed1i c\u00f9ng v\u1edbi qu\u1ea1t l\u00e0m m\u00e1t t\u1ea1o ra h\u1ec7 th\u1ed1ng t\u1ea3n nhi\u1ec7t 360 \u0111\u1ed9, cho ph\u00e9p nhi\u1ec7t l\u01b0\u1ee3ng \u0111\u01b0\u1ee3c ph\u00e2n t\u00e1n \u0111\u1ed3ng \u0111\u1ec1u xung quanh. C\u00e1c khe t\u1ea3n nhi\u1ec7t \u0111\u01b0\u1ee3c b\u1ed1 tr\u00ed khoa h\u1ecdc, c\u00f9ng v\u1edbi c\u00e1nh qu\u1ea1t t\u1ea3n nhi\u1ec7t h\u1ed7 tr\u1ee3, t\u1ea1o ra lu\u1ed3ng kh\u00f4ng kh\u00ed li\u00ean t\u1ee5c l\u01b0u th\u00f4ng, gi\u00fap l\u00e0m m\u00e1t hi\u1ec7u qu\u1ea3.<\/p>\n<p><img loading=\"lazy\" decoding=\"async\" class=\"alignnone size-full wp-image-1555\" src=\"https:\/\/autothaiduong.vn\/wp-content\/uploads\/2025\/05\/v12-hyper-14.jpg\" width=\"1280\" height=\"1280\" srcset=\"https:\/\/autothaiduong.vn\/wp-content\/uploads\/2025\/05\/v12-hyper-14.jpg 1280w, https:\/\/autothaiduong.vn\/wp-content\/uploads\/2025\/05\/v12-hyper-14-600x600.jpg 600w, https:\/\/autothaiduong.vn\/wp-content\/uploads\/2025\/05\/v12-hyper-14-1024x1024.jpg 1024w, https:\/\/autothaiduong.vn\/wp-content\/uploads\/2025\/05\/v12-hyper-14-300x300.jpg 300w, https:\/\/autothaiduong.vn\/wp-content\/uploads\/2025\/05\/v12-hyper-14-768x768.jpg 768w, https:\/\/autothaiduong.vn\/wp-content\/uploads\/2025\/05\/v12-hyper-14-100x100.jpg 100w\" sizes=\"auto, (max-width: 1280px) 100vw, 1280px\" \/><\/p>\n<p>H\u1ec7 th\u1ed1ng t\u1ea3n nhi\u1ec7t 360 \u0111\u1ed9, 3 l\u1edbp ho\u00e0n h\u1ea3o l\u1ea7n \u0111\u1ea7u ti\u00ean xu\u1ea5t hi\u1ec7n tr\u00ean bi led mini<\/p>\n<p>\u0110\u1eb7c bi\u1ec7t, X-Light V12 Hyper c\u00f2n trang b\u1ecb th\u00eam 2 \u1ed1ng \u0111\u1ed3ng \u0111\u1eb7t song song, k\u1eb9p quanh t\u00e2m chip LED v\u00e0 \u0111\u1ebf \u0111\u1ed3ng DTP. C\u01a1 ch\u1ebf t\u1ea3n nhi\u1ec7t n\u00e0y gi\u00fap d\u1eabn to\u00e0n b\u1ed9 l\u01b0\u1ee3ng nhi\u1ec7t sinh ra t\u1eeb l\u00f5i chip LED ra ph\u00eda sau m\u1ed9t c\u00e1ch nhanh ch\u00f3ng, l\u00e0m nhi\u1ec7t \u0111\u1ed9 t\u00e2m LED lu\u00f4n \u0111\u01b0\u1ee3c duy tr\u00ec \u1edf m\u1ee9c an to\u00e0n.<\/p>\n<h3><a id=\"3-4-nhi--t-m-u-5500k-s-ng---m---t-m-v--t--a-r--ng\" class=\"toc-a-tag\"><\/a>3.4 Nhi\u1ec7t m\u00e0u 5500k s\u00e1ng \u0111\u1eadm \u1edf t\u00e2m v\u00e0 t\u1ecfa r\u1ed9ng<\/h3>\n<p>Bi Led Mini X-Light V12 Hyper s\u1edf h\u1eefu nhi\u1ec7t m\u00e0u 5500K l\u00fd t\u01b0\u1edfng, mang \u0111\u1ebfn \u00e1nh s\u00e1ng tr\u1eafng t\u1ef1 nhi\u00ean, d\u1ecbu m\u1eaft, gi\u00fap t\u00e0i x\u1ebf tho\u1ea3i m\u00e1i khi l\u00e1i xe trong \u0111i\u1ec1u ki\u1ec7n thi\u1ebfu s\u00e1ng. Nh\u1edd thi\u1ebft k\u1ebf t\u1ed1i \u01b0u, lu\u1ed3ng s\u00e1ng c\u1ee7a V12 Hyper s\u00e1ng \u0111\u1eadm \u1edf t\u00e2m, gi\u00fap ng\u01b0\u1eddi l\u00e1i nh\u00ecn r\u00f5 c\u00e1c chi ti\u1ebft \u1edf kho\u1ea3ng c\u00e1ch xa, \u0111\u1ed3ng th\u1eddi t\u1ecfa r\u1ed9ng ra hai b\u00ean, m\u1edf r\u1ed9ng t\u1ea7m quan s\u00e1t v\u00e0 gi\u1ea3m thi\u1ec3u \u0111i\u1ec3m m\u00f9.<\/p>\n<p><img loading=\"lazy\" decoding=\"async\" class=\"alignnone size-full wp-image-1556\" src=\"https:\/\/autothaiduong.vn\/wp-content\/uploads\/2025\/05\/v12-hyper-15.jpg\" width=\"1280\" height=\"1280\" srcset=\"https:\/\/autothaiduong.vn\/wp-content\/uploads\/2025\/05\/v12-hyper-15.jpg 1280w, https:\/\/autothaiduong.vn\/wp-content\/uploads\/2025\/05\/v12-hyper-15-600x600.jpg 600w, https:\/\/autothaiduong.vn\/wp-content\/uploads\/2025\/05\/v12-hyper-15-1024x1024.jpg 1024w, https:\/\/autothaiduong.vn\/wp-content\/uploads\/2025\/05\/v12-hyper-15-300x300.jpg 300w, https:\/\/autothaiduong.vn\/wp-content\/uploads\/2025\/05\/v12-hyper-15-768x768.jpg 768w, https:\/\/autothaiduong.vn\/wp-content\/uploads\/2025\/05\/v12-hyper-15-100x100.jpg 100w\" sizes=\"auto, (max-width: 1280px) 100vw, 1280px\" \/><\/p>\n<p>Bi Led Mini X-Light V12 Hyper s\u1edf h\u1eefu nhi\u1ec7t m\u00e0u 5500K l\u00fd t\u01b0\u1edfng<\/p>\n<h2><a id=\"4-gi--b-n-v--ch-----b--o-h-nh\" class=\"toc-a-tag\"><\/a>4. GI\u00c1 B\u00c1N V\u00c0 CH\u1ebe \u0110\u1ed8 B\u1ea2O H\u00c0NH<\/h2>\n<p>Bi Led Mini X-Light V12 Hyper \u0111\u01b0\u1ee3c ni\u00eam y\u1ebft v\u1edbi m\u1ee9c gi\u00e1 3.000.000 VN\u0110\/C\u1eb7p, \u0111\u00e3 bao g\u1ed3m thu\u1ebf (VAT). \u0110\u00e2y l\u00e0 m\u1ee9c gi\u00e1 b\u1ea5t ng\u1edd cho m\u1ed9t s\u1ea3n ph\u1ea9m s\u1edf h\u1eefu nh\u1eefng t\u00ednh n\u0103ng v\u01b0\u1ee3t tr\u1ed9i.<\/p>\n<p>Bi Led Mini X-Light V12 Hyper \u0111\u01b0\u1ee3c b\u1ea3o h\u00e0nh ch\u00ednh h\u00e3ng 2 n\u0103m khi l\u1eafp \u0111\u1eb7t t\u1ea1i h\u1ec7 th\u1ed1ng X-Light tr\u00ean to\u00e0n qu\u1ed1c. Sau khi l\u1eafp \u0111\u1eb7t, s\u1ea3n ph\u1ea9m s\u1ebd \u0111\u01b0\u1ee3c k\u00edch ho\u1ea1t b\u1ea3o h\u00e0nh \u0111i\u1ec7n t\u1eed.<\/p>\n<h2><a id=\"5-video-review---nh-gi--bi-led-mini-x-light-v12-hyper-nbsp-\" class=\"toc-a-tag\"><\/a>5. VIDEO REVIEW \u0110\u00c1NH GI\u00c1 Bi Led Mini X-Light V12 Hyper<\/h2>\n<h3><a id=\"5-1-video-unbox-bi-led-mini-x-light-v12-hyper-\" class=\"toc-a-tag\"><\/a>5.1 Video Unbox Bi Led Mini X-Light V12 Hyper<\/h3>\n<p><iframe loading=\"lazy\" src=\"https:\/\/www.youtube.com\/embed\/vPvLe7AcuJY?si=QLpXrUPOQzxTvw5K\" width=\"100%\" height=\"560\" frameborder=\"0\" scrolling=\"no\" data-mce-fragment=\"1\"><\/iframe><\/p>\n<h3><a id=\"5-2-video-review-bi-led-mini-x-light-v12-hyper-t----chuy-n-gia----ang-c--p-nh--t-\" class=\"toc-a-tag\"><\/a>5.2 Video Review Bi Led Mini X-Light V12 Hyper t\u1eeb \u201cChuy\u00ean gia\u201d (\u0110ang c\u1eadp nh\u1eadt)<\/h3>\n<h3><a id=\"5-3-video-review-bi-led-mini-x-light-v12-hyper-\" class=\"toc-a-tag\"><\/a>5.3 Video Review Bi Led Mini X-Light V12 Hyper<\/h3>\n<p><iframe loading=\"lazy\" src=\"https:\/\/www.youtube.com\/embed\/ImMinF1dRKA?si=YFuu_rMcmSiU-FWM\" width=\"100%\" height=\"560\" frameborder=\"0\" scrolling=\"no\" data-mce-fragment=\"1\"><\/iframe><\/p>\n","protected":false},"excerpt":{"rendered":"<h2>Th\u00f4ng s\u1ed1 k\u1ef9 thu\u1eadt BI LED MINI X-LIGHT V12 HYPER<\/h2>\n<table>\n<tbody>\n<tr>\n<td class=\"lileft\">T\u00ean S\u1ea3n Ph\u1ea9m:<\/td>\n<td class=\"liright\">BI LED MINI X-LIGHT V12 HYPER<\/td>\n<\/tr>\n<tr>\n<td class=\"lileft\">Lo\u1ea1i \u0110\u00e8n:<\/td>\n<td class=\"liright\">Bi LED Mini<\/td>\n<\/tr>\n<tr>\n<td class=\"lileft\">Th\u01b0\u01a1ng Hi\u1ec7u:<\/td>\n<td class=\"liright\">X-Light<\/td>\n<\/tr>\n<tr>\n<td class=\"lileft\">N\u0103m s\u1ea3n xu\u1ea5t:<\/td>\n<td class=\"liright\">2024<\/td>\n<\/tr>\n<tr>\n<td class=\"lileft\">Ch\u00e2n B\u00f3ng:<\/td>\n<td class=\"liright\">H4<\/td>\n<\/tr>\n<tr>\n<td class=\"lileft\">C\u00f4ng Su\u1ea5t Cos:<\/td>\n<td class=\"liright\">35W<\/td>\n<\/tr>\n<tr>\n<td class=\"lileft\">C\u00f4ng Su\u1ea5t Pha:<\/td>\n<td class=\"liright\">50W<\/td>\n<\/tr>\n<tr>\n<td class=\"lileft\">Nh\u00e2n LED:<\/td>\n<td class=\"liright\">6 (Big) + 6<\/td>\n<\/tr>\n<tr>\n<td class=\"lileft\">Nhi\u1ec7t m\u00e0u:<\/td>\n<td class=\"liright\">5500K<\/td>\n<\/tr>\n<tr>\n<td class=\"lileft\">Tu\u1ed5i th\u1ecd:<\/td>\n<td class=\"liright\">30.000 gi\u1edd<\/td>\n<\/tr>\n<tr>\n<td class=\"lileft\">\u0110i\u1ec7n \u00c1p:<\/td>\n<td class=\"liright\">9 &#8211; 16V<\/td>\n<\/tr>\n<tr>\n<td class=\"lileft\">K\u00edch th\u01b0\u1edbc \u0110\u00e8n:<\/td>\n<td class=\"liright\">111*48*43mm<\/td>\n<\/tr>\n<tr>\n<td class=\"lileft\">B\u1ea3o h\u00e0nh:<\/td>\n<td class=\"liright\">2 n\u0103m<\/td>\n<\/tr>\n<tr>\n<td class=\"lileft\">\u0110\u1eb7c Bi\u1ec7t N\u1ed5i B\u1eadt:<\/td>\n<td class=\"liright\">Nh\u1ecf G\u1ecdn &#8211; D\u1ec5 L\u1eafp \u0110\u1eb7t<\/td>\n<\/tr>\n<\/tbody>\n<\/table>\n","protected":false},"featured_media":1548,"comment_status":"open","ping_status":"closed","template":"","meta":[],"product_brand":[134],"product_cat":[16,25],"product_tag":[],"class_list":{"0":"post-1547","1":"product","2":"type-product","3":"status-publish","4":"has-post-thumbnail","6":"product_brand-x-light","7":"product_cat-anh-sang","8":"product_cat-bong-led","10":"first","11":"instock","12":"shipping-taxable","13":"purchasable","14":"product-type-simple"},"_links":{"self":[{"href":"https:\/\/autothaiduong.vn\/index.php?rest_route=\/wp\/v2\/product\/1547","targetHints":{"allow":["GET"]}}],"collection":[{"href":"https:\/\/autothaiduong.vn\/index.php?rest_route=\/wp\/v2\/product"}],"about":[{"href":"https:\/\/autothaiduong.vn\/index.php?rest_route=\/wp\/v2\/types\/product"}],"replies":[{"embeddable":true,"href":"https:\/\/autothaiduong.vn\/index.php?rest_route=%2Fwp%2Fv2%2Fcomments&post=1547"}],"wp:featuredmedia":[{"embeddable":true,"href":"https:\/\/autothaiduong.vn\/index.php?rest_route=\/wp\/v2\/media\/1548"}],"wp:attachment":[{"href":"https:\/\/autothaiduong.vn\/index.php?rest_route=%2Fwp%2Fv2%2Fmedia&parent=1547"}],"wp:term":[{"taxonomy":"product_brand","embeddable":true,"href":"https:\/\/autothaiduong.vn\/index.php?rest_route=%2Fwp%2Fv2%2Fproduct_brand&post=1547"},{"taxonomy":"product_cat","embeddable":true,"href":"https:\/\/autothaiduong.vn\/index.php?rest_route=%2Fwp%2Fv2%2Fproduct_cat&post=1547"},{"taxonomy":"product_tag","embeddable":true,"href":"https:\/\/autothaiduong.vn\/index.php?rest_route=%2Fwp%2Fv2%2Fproduct_tag&post=1547"}],"curies":[{"name":"wp","href":"https:\/\/api.w.org\/{rel}","templated":true}]}}