{"id":1557,"date":"2025-05-13T16:22:38","date_gmt":"2025-05-13T16:22:38","guid":{"rendered":"https:\/\/autothaiduong.vn\/?post_type=product&#038;p=1557"},"modified":"2025-05-13T16:23:51","modified_gmt":"2025-05-13T16:23:51","slug":"bong-led-dau-bi-maxviss","status":"publish","type":"product","link":"https:\/\/autothaiduong.vn\/?product=bong-led-dau-bi-maxviss","title":{"rendered":"B\u00f3ng led \u0111\u1ea7u bi Maxviss"},"content":{"rendered":"<p><img loading=\"lazy\" decoding=\"async\" class=\" wp-image-1537 aligncenter\" src=\"https:\/\/autothaiduong.vn\/wp-content\/uploads\/2025\/05\/z6584734442481_f208f5944548cb4b46353402ce2e64e0-1.jpg\" alt=\"\" width=\"259\" height=\"229\" \/><\/p>\n<p style=\"text-align: center;\"><span style=\"font-size: 150%; color: #ff0000;\"><strong>273-275 Tr\u1ea7n Ph\u00fa Ph\u01b0\u1eddng L\u1ed9c S\u01a1n Th\u00e0nh Ph\u1ed1 B\u1ea3o L\u1ed9c T\u1ec9nh L\u00e2m \u0110\u1ed3ng <\/strong><\/span><\/p>\n<p style=\"text-align: center;\"><span style=\"font-size: 150%; color: #ff0000;\"><strong>Hotline: 0912197441<\/strong><\/span><\/p>\n<div class=\"row row-small\">\n<div class=\"col large-12\">\n<p>\ud83d\udccc MAXVISS H4 MINI BLACKHAWK l\u00e0 th\u1ebf h\u1ec7 m\u1edbi c\u1ee7a d\u00f2ng H4 MINI nh\u00e0 MAXVISS<\/p>\n<p>\ud83d\udccc S\u1eed d\u1ee5ng chip LED \u0111\u1eddi m\u1edbi cho \u00e1nh s\u00e1ng Cos r\u1ed9ng v\u00e0 t\u00e2m pha c\u0103ng. T\u0103ng c\u01b0\u1eddng kh\u1ea3 n\u0103ng chi\u1ebfu s\u00e1ng<\/p>\n<p>\ud83d\udccc \u00c1nh s\u00e1ng tr\u1eafng 6000K th\u1eddi th\u01b0\u1ee3ng<\/p>\n<p>\ud83d\udccc C\u00f4ng su\u1ea5t: Cos: 70W \u2013 Fa: 120W<\/p>\n<p>\ud83d\udccc \u0110ui v\u1eb7n d\u1ec5 d\u00e0ng l\u1eafp \u0111\u1eb7t, s\u1eed d\u1ee5ng tr\u00ean c\u00e1c d\u00f2ng xe c\u00f3 ch\u00e2n b\u00f3ng H4<\/p>\n<p>\ud83d\udccc B\u1ea3o h\u00e0nh 1 \u0111\u1ed5i 1 trong 02 n\u0103m<\/p>\n<p><img loading=\"lazy\" decoding=\"async\" class=\"alignnone size-full wp-image-1559\" src=\"https:\/\/autothaiduong.vn\/wp-content\/uploads\/2025\/05\/0-2.jpg\" alt=\"\" width=\"1280\" height=\"1280\" srcset=\"https:\/\/autothaiduong.vn\/wp-content\/uploads\/2025\/05\/0-2.jpg 1280w, https:\/\/autothaiduong.vn\/wp-content\/uploads\/2025\/05\/0-2-600x600.jpg 600w, https:\/\/autothaiduong.vn\/wp-content\/uploads\/2025\/05\/0-2-1024x1024.jpg 1024w, https:\/\/autothaiduong.vn\/wp-content\/uploads\/2025\/05\/0-2-300x300.jpg 300w, https:\/\/autothaiduong.vn\/wp-content\/uploads\/2025\/05\/0-2-768x768.jpg 768w, https:\/\/autothaiduong.vn\/wp-content\/uploads\/2025\/05\/0-2-100x100.jpg 100w\" sizes=\"auto, (max-width: 1280px) 100vw, 1280px\" \/><img loading=\"lazy\" decoding=\"async\" class=\"alignnone size-full wp-image-1560\" src=\"https:\/\/autothaiduong.vn\/wp-content\/uploads\/2025\/05\/1-11.jpg\" alt=\"\" width=\"1280\" height=\"1280\" srcset=\"https:\/\/autothaiduong.vn\/wp-content\/uploads\/2025\/05\/1-11.jpg 1280w, https:\/\/autothaiduong.vn\/wp-content\/uploads\/2025\/05\/1-11-600x600.jpg 600w, https:\/\/autothaiduong.vn\/wp-content\/uploads\/2025\/05\/1-11-1024x1024.jpg 1024w, https:\/\/autothaiduong.vn\/wp-content\/uploads\/2025\/05\/1-11-300x300.jpg 300w, https:\/\/autothaiduong.vn\/wp-content\/uploads\/2025\/05\/1-11-768x768.jpg 768w, https:\/\/autothaiduong.vn\/wp-content\/uploads\/2025\/05\/1-11-100x100.jpg 100w\" sizes=\"auto, (max-width: 1280px) 100vw, 1280px\" \/><img loading=\"lazy\" decoding=\"async\" class=\"alignnone size-full wp-image-1561\" src=\"https:\/\/autothaiduong.vn\/wp-content\/uploads\/2025\/05\/2-13.jpg\" alt=\"\" width=\"1280\" height=\"1280\" srcset=\"https:\/\/autothaiduong.vn\/wp-content\/uploads\/2025\/05\/2-13.jpg 1280w, https:\/\/autothaiduong.vn\/wp-content\/uploads\/2025\/05\/2-13-600x600.jpg 600w, https:\/\/autothaiduong.vn\/wp-content\/uploads\/2025\/05\/2-13-1024x1024.jpg 1024w, https:\/\/autothaiduong.vn\/wp-content\/uploads\/2025\/05\/2-13-300x300.jpg 300w, https:\/\/autothaiduong.vn\/wp-content\/uploads\/2025\/05\/2-13-768x768.jpg 768w, https:\/\/autothaiduong.vn\/wp-content\/uploads\/2025\/05\/2-13-100x100.jpg 100w\" sizes=\"auto, (max-width: 1280px) 100vw, 1280px\" \/><img loading=\"lazy\" decoding=\"async\" class=\"alignnone size-full wp-image-1562\" src=\"https:\/\/autothaiduong.vn\/wp-content\/uploads\/2025\/05\/3-13.jpg\" alt=\"\" width=\"1280\" height=\"1280\" srcset=\"https:\/\/autothaiduong.vn\/wp-content\/uploads\/2025\/05\/3-13.jpg 1280w, https:\/\/autothaiduong.vn\/wp-content\/uploads\/2025\/05\/3-13-600x600.jpg 600w, https:\/\/autothaiduong.vn\/wp-content\/uploads\/2025\/05\/3-13-1024x1024.jpg 1024w, https:\/\/autothaiduong.vn\/wp-content\/uploads\/2025\/05\/3-13-300x300.jpg 300w, https:\/\/autothaiduong.vn\/wp-content\/uploads\/2025\/05\/3-13-768x768.jpg 768w, https:\/\/autothaiduong.vn\/wp-content\/uploads\/2025\/05\/3-13-100x100.jpg 100w\" sizes=\"auto, (max-width: 1280px) 100vw, 1280px\" \/><img loading=\"lazy\" decoding=\"async\" class=\"alignnone size-full wp-image-1563\" src=\"https:\/\/autothaiduong.vn\/wp-content\/uploads\/2025\/05\/4-9.jpg\" alt=\"\" width=\"1280\" height=\"1280\" srcset=\"https:\/\/autothaiduong.vn\/wp-content\/uploads\/2025\/05\/4-9.jpg 1280w, https:\/\/autothaiduong.vn\/wp-content\/uploads\/2025\/05\/4-9-600x600.jpg 600w, https:\/\/autothaiduong.vn\/wp-content\/uploads\/2025\/05\/4-9-1024x1024.jpg 1024w, https:\/\/autothaiduong.vn\/wp-content\/uploads\/2025\/05\/4-9-300x300.jpg 300w, https:\/\/autothaiduong.vn\/wp-content\/uploads\/2025\/05\/4-9-768x768.jpg 768w, https:\/\/autothaiduong.vn\/wp-content\/uploads\/2025\/05\/4-9-100x100.jpg 100w\" sizes=\"auto, (max-width: 1280px) 100vw, 1280px\" \/><\/p>\n<\/div>\n<\/div>\n<div class=\"thongsokythuat\">\n<div class=\"row row-small\">\n<div class=\"col large-6 small-12\">\n<h2><\/h2>\n<\/div>\n<\/div>\n<\/div>\n","protected":false},"excerpt":{"rendered":"<div class=\"col large-6 small-12\">\n<h2>Th\u00f4ng s\u1ed1 k\u1ef9 thu\u1eadt<\/h2>\n<h2><img decoding=\"async\" class=\"lazyloaded\" src=\"https:\/\/maxviss.vn\/wp-content\/uploads\/M01U-%E6%9E%AA.167-1-e1730955530724.png\" alt=\"\" data-ll-status=\"loaded\" \/><\/h2>\n<\/div>\n<div class=\"col large-6 small-12\">\n<p><img loading=\"lazy\" decoding=\"async\" class=\"size-full wp-image-739 alignleft lazyloaded\" src=\"https:\/\/maxviss.vn\/wp-content\/uploads\/Product-of-maxviss.png\" alt=\"\" width=\"550\" height=\"30\" data-ll-status=\"loaded\" \/><\/p>\n<p>&nbsp;<\/p>\n<table border=\"1\">\n<tbody>\n<tr>\n<td>S\u1ea3n ph\u1ea9m<\/td>\n<td>Bi LED Pha<\/td>\n<\/tr>\n<tr>\n<td>Model<\/td>\n<td width=\"270\">H4 mini blackhawk<\/td>\n<\/tr>\n<tr>\n<td width=\"100\">Ch\u00e2n b\u00f3ng<\/td>\n<td width=\"270\">H4<\/td>\n<\/tr>\n<tr>\n<td>K\u00edch th\u01b0\u1edbc th\u1ed5ng th\u1ec3<\/td>\n<td>5x5x11,5cm<\/td>\n<\/tr>\n<tr>\n<td>\u00c1nh s\u00e1ng<\/td>\n<td>6000K<\/td>\n<\/tr>\n<tr>\n<td>C\u00f4ng su\u1ea5t<\/td>\n<td>Cos: 70W \u2013 Fa: 120W<\/td>\n<\/tr>\n<tr>\n<td width=\"100\">\u0110i\u1ec7n \u00e1p<\/td>\n<td width=\"270\">12V<\/td>\n<\/tr>\n<tr>\n<td width=\"100\">T\u1ea3n nhi\u1ec7t<\/td>\n<td width=\"270\">Qu\u1ea1t t\u1ea3n nhi\u1ec7t tu\u1ed5i th\u1ecd &gt;30.000 gi\u1edd<\/td>\n<\/tr>\n<tr>\n<td>Nhi\u1ec7t \u0111\u1ed9 ho\u1ea1t \u0111\u1ed9ng<\/td>\n<td>-30\u00b0 ~ 120\u2103<\/td>\n<\/tr>\n<\/tbody>\n<\/table>\n<\/div>\n","protected":false},"featured_media":1559,"comment_status":"open","ping_status":"closed","template":"","meta":[],"product_brand":[146],"product_cat":[16,25],"product_tag":[],"class_list":{"0":"post-1557","1":"product","2":"type-product","3":"status-publish","4":"has-post-thumbnail","6":"product_brand-maxviss","7":"product_cat-anh-sang","8":"product_cat-bong-led","10":"first","11":"instock","12":"sale","13":"shipping-taxable","14":"purchasable","15":"product-type-simple"},"_links":{"self":[{"href":"https:\/\/autothaiduong.vn\/index.php?rest_route=\/wp\/v2\/product\/1557","targetHints":{"allow":["GET"]}}],"collection":[{"href":"https:\/\/autothaiduong.vn\/index.php?rest_route=\/wp\/v2\/product"}],"about":[{"href":"https:\/\/autothaiduong.vn\/index.php?rest_route=\/wp\/v2\/types\/product"}],"replies":[{"embeddable":true,"href":"https:\/\/autothaiduong.vn\/index.php?rest_route=%2Fwp%2Fv2%2Fcomments&post=1557"}],"wp:featuredmedia":[{"embeddable":true,"href":"https:\/\/autothaiduong.vn\/index.php?rest_route=\/wp\/v2\/media\/1559"}],"wp:attachment":[{"href":"https:\/\/autothaiduong.vn\/index.php?rest_route=%2Fwp%2Fv2%2Fmedia&parent=1557"}],"wp:term":[{"taxonomy":"product_brand","embeddable":true,"href":"https:\/\/autothaiduong.vn\/index.php?rest_route=%2Fwp%2Fv2%2Fproduct_brand&post=1557"},{"taxonomy":"product_cat","embeddable":true,"href":"https:\/\/autothaiduong.vn\/index.php?rest_route=%2Fwp%2Fv2%2Fproduct_cat&post=1557"},{"taxonomy":"product_tag","embeddable":true,"href":"https:\/\/autothaiduong.vn\/index.php?rest_route=%2Fwp%2Fv2%2Fproduct_tag&post=1557"}],"curies":[{"name":"wp","href":"https:\/\/api.w.org\/{rel}","templated":true}]}}