{"id":1569,"date":"2025-05-13T16:31:11","date_gmt":"2025-05-13T16:31:11","guid":{"rendered":"https:\/\/autothaiduong.vn\/?post_type=product&#038;p=1569"},"modified":"2025-05-13T16:31:12","modified_gmt":"2025-05-13T16:31:12","slug":"bi-led-aes-2-0-inch","status":"publish","type":"product","link":"https:\/\/autothaiduong.vn\/?product=bi-led-aes-2-0-inch","title":{"rendered":"Bi led AES 2.0 inch"},"content":{"rendered":"<p><img loading=\"lazy\" decoding=\"async\" class=\" wp-image-1537 aligncenter\" src=\"https:\/\/autothaiduong.vn\/wp-content\/uploads\/2025\/05\/z6584734442481_f208f5944548cb4b46353402ce2e64e0-1.jpg\" alt=\"\" width=\"258\" height=\"228\" \/><\/p>\n<p style=\"text-align: center;\"><span style=\"color: #ff0000;\"><strong><span style=\"font-size: 150%;\">273-275 Tr\u1ea7n Ph\u00fa Ph\u01b0\u1eddng L\u1ed9c S\u01a1n Th\u00e0nh Ph\u1ed1 B\u1ea3o L\u1ed9c T\u1ec9nh L\u00e2m \u0110\u1ed3ng<\/span><\/strong><\/span><\/p>\n<p style=\"text-align: center;\"><span style=\"color: #ff0000;\"><strong><span style=\"font-size: 150%;\"> Hotline: 0912197441<\/span><\/strong><\/span><\/p>\n<div dir=\"auto\">AES th\u01b0\u01a1ng hi\u1ec7u \u0111\u00e8n \u0111\u00e3 coa m\u1eb7t th\u1ecb tr\u01b0\u1eddng n\u0103m 2003 . B\u1ea3n mini EV2 d\u00e0nh cho xe ch\u00f3a h\u1eb9p ho\u1eb7c xe honda . S\u00e1ng ngon m\u1ea1nh nh\u00e9 qu\u00ed d\u1ecb<\/div>\n<div dir=\"auto\">Gi\u00e1 ch\u1ec9 3t6 1 c\u1eb7p ( ch\u01b0a bao g\u1ed3m c\u00f4ng l\u1eafp \u0111\u1eb7t v\u00e0 ph\u1ee5 ki\u1ec7n ) .<\/div>\n<div dir=\"auto\"><img loading=\"lazy\" decoding=\"async\" class=\"alignnone size-medium wp-image-1570\" src=\"https:\/\/autothaiduong.vn\/wp-content\/uploads\/2025\/05\/495861072_3064098577080434_1498682769674022379_n-450x600.jpg\" alt=\"\" width=\"450\" height=\"600\" srcset=\"https:\/\/autothaiduong.vn\/wp-content\/uploads\/2025\/05\/495861072_3064098577080434_1498682769674022379_n-450x600.jpg 450w, https:\/\/autothaiduong.vn\/wp-content\/uploads\/2025\/05\/495861072_3064098577080434_1498682769674022379_n-768x1024.jpg 768w, https:\/\/autothaiduong.vn\/wp-content\/uploads\/2025\/05\/495861072_3064098577080434_1498682769674022379_n-1152x1536.jpg 1152w, https:\/\/autothaiduong.vn\/wp-content\/uploads\/2025\/05\/495861072_3064098577080434_1498682769674022379_n-600x800.jpg 600w, https:\/\/autothaiduong.vn\/wp-content\/uploads\/2025\/05\/495861072_3064098577080434_1498682769674022379_n.jpg 1536w\" sizes=\"auto, (max-width: 450px) 100vw, 450px\" \/> <img loading=\"lazy\" decoding=\"async\" class=\"alignnone size-medium wp-image-1571\" src=\"https:\/\/autothaiduong.vn\/wp-content\/uploads\/2025\/05\/496117224_3064098527080439_7162773738258229804_n-450x600.jpg\" alt=\"\" width=\"450\" height=\"600\" srcset=\"https:\/\/autothaiduong.vn\/wp-content\/uploads\/2025\/05\/496117224_3064098527080439_7162773738258229804_n-450x600.jpg 450w, https:\/\/autothaiduong.vn\/wp-content\/uploads\/2025\/05\/496117224_3064098527080439_7162773738258229804_n-768x1024.jpg 768w, https:\/\/autothaiduong.vn\/wp-content\/uploads\/2025\/05\/496117224_3064098527080439_7162773738258229804_n-1152x1536.jpg 1152w, https:\/\/autothaiduong.vn\/wp-content\/uploads\/2025\/05\/496117224_3064098527080439_7162773738258229804_n-600x800.jpg 600w, https:\/\/autothaiduong.vn\/wp-content\/uploads\/2025\/05\/496117224_3064098527080439_7162773738258229804_n.jpg 1536w\" sizes=\"auto, (max-width: 450px) 100vw, 450px\" \/><\/div>\n","protected":false},"excerpt":{"rendered":"<p>273-275 Tr\u1ea7n Ph\u00fa Ph\u01b0\u1eddng L\u1ed9c S\u01a1n Th\u00e0nh Ph\u1ed1 B\u1ea3o L\u1ed9c T\u1ec9nh L\u00e2m \u0110\u1ed3ng Hotline: 0912197441 AES th\u01b0\u01a1ng hi\u1ec7u \u0111\u00e8n \u0111\u00e3 coa m\u1eb7t th\u1ecb tr\u01b0\u1eddng n\u0103m 2003 . B\u1ea3n mini EV2 d\u00e0nh cho xe ch\u00f3a h\u1eb9p ho\u1eb7c xe honda . S\u00e1ng ngon m\u1ea1nh nh\u00e9 qu\u00ed d\u1ecb Gi\u00e1 ch\u1ec9 3t6 1 c\u1eb7p ( ch\u01b0a bao g\u1ed3m c\u00f4ng [&#8230;]\n","protected":false},"featured_media":1572,"comment_status":"open","ping_status":"closed","template":"","meta":[],"product_brand":[],"product_cat":[16,26],"product_tag":[],"class_list":{"0":"post-1569","1":"product","2":"type-product","3":"status-publish","4":"has-post-thumbnail","6":"product_cat-anh-sang","7":"product_cat-bi-led","9":"first","10":"instock","11":"shipping-taxable","12":"purchasable","13":"product-type-simple"},"_links":{"self":[{"href":"https:\/\/autothaiduong.vn\/index.php?rest_route=\/wp\/v2\/product\/1569","targetHints":{"allow":["GET"]}}],"collection":[{"href":"https:\/\/autothaiduong.vn\/index.php?rest_route=\/wp\/v2\/product"}],"about":[{"href":"https:\/\/autothaiduong.vn\/index.php?rest_route=\/wp\/v2\/types\/product"}],"replies":[{"embeddable":true,"href":"https:\/\/autothaiduong.vn\/index.php?rest_route=%2Fwp%2Fv2%2Fcomments&post=1569"}],"wp:featuredmedia":[{"embeddable":true,"href":"https:\/\/autothaiduong.vn\/index.php?rest_route=\/wp\/v2\/media\/1572"}],"wp:attachment":[{"href":"https:\/\/autothaiduong.vn\/index.php?rest_route=%2Fwp%2Fv2%2Fmedia&parent=1569"}],"wp:term":[{"taxonomy":"product_brand","embeddable":true,"href":"https:\/\/autothaiduong.vn\/index.php?rest_route=%2Fwp%2Fv2%2Fproduct_brand&post=1569"},{"taxonomy":"product_cat","embeddable":true,"href":"https:\/\/autothaiduong.vn\/index.php?rest_route=%2Fwp%2Fv2%2Fproduct_cat&post=1569"},{"taxonomy":"product_tag","embeddable":true,"href":"https:\/\/autothaiduong.vn\/index.php?rest_route=%2Fwp%2Fv2%2Fproduct_tag&post=1569"}],"curies":[{"name":"wp","href":"https:\/\/api.w.org\/{rel}","templated":true}]}}