{"id":1573,"date":"2025-05-13T16:33:44","date_gmt":"2025-05-13T16:33:44","guid":{"rendered":"https:\/\/autothaiduong.vn\/?post_type=product&#038;p=1573"},"modified":"2025-05-13T16:33:48","modified_gmt":"2025-05-13T16:33:48","slug":"bi-led-red-turbo-3-0","status":"publish","type":"product","link":"https:\/\/autothaiduong.vn\/?product=bi-led-red-turbo-3-0","title":{"rendered":"Bi Led Red Turbo 3.0"},"content":{"rendered":"<p><img loading=\"lazy\" decoding=\"async\" class=\" wp-image-1537 aligncenter\" src=\"https:\/\/autothaiduong.vn\/wp-content\/uploads\/2025\/05\/z6584734442481_f208f5944548cb4b46353402ce2e64e0-1.jpg\" alt=\"\" width=\"270\" height=\"239\" \/><\/p>\n<p style=\"text-align: center;\"><span style=\"color: #ff0000; font-size: 150%;\"><strong>273-275 Tr\u1ea7n Ph\u00fa Ph\u01b0\u1eddng L\u1ed9c S\u01a1n Th\u00e0nh Ph\u1ed1 B\u1ea3o L\u1ed9c T\u1ec9nh L\u00e2m \u0110\u1ed3ng<\/strong><\/span><\/p>\n<p style=\"text-align: center;\"><span style=\"color: #ff0000; font-size: 150%;\"><strong> Hotline: 0912197441<\/strong><\/span><\/p>\n<div class=\"\" data-block=\"true\" data-editor=\"6rbpe\" data-offset-key=\"el0rt-0-0\">\n<h1 class=\"_1mf _1mj\" data-offset-key=\"el0rt-0-0\"><span id=\"Thong_tin_mo_ta_san_pham_BI_LED_RED_TURBO_30\"><strong>Th\u00f4ng tin m\u00f4 t\u1ea3 s\u1ea3n ph\u1ea9m BI LED RED TURBO 3.0<\/strong><\/span><\/h1>\n<\/div>\n<div class=\"\" data-block=\"true\" data-editor=\"6rbpe\" data-offset-key=\"7ppt9-0-0\">\n<div class=\"_1mf _1mj\" data-offset-key=\"7ppt9-0-0\"><span data-offset-key=\"7ppt9-0-0\"><strong>Bi Led Red Turbo 3.0<\/strong>\u00a0l\u00e0 d\u00f2ng s\u1ea3n ph\u1ea9m m\u00e0 nh\u00e0 Red Lighting cho ra m\u1eaft v\u00e0o cu\u1ed1i n\u0103m 2022, sau th\u00e0nh c\u00f4ng c\u1ee7a c\u00e1c s\u1ea3n ph\u1ea9m Red Turbo tr\u01b0\u1edbc \u0111\u00f3. V\u1eady Red Turbo 3.0 c\u00f3 g\u00ec n\u1ed5i b\u1eadt?<\/span><\/div>\n<div data-offset-key=\"7ppt9-0-0\">\n<figure id=\"attachment_2052\" class=\"wp-caption aligncenter\" aria-describedby=\"caption-attachment-2052\"><img loading=\"lazy\" decoding=\"async\" class=\"alignnone size-full wp-image-1575\" src=\"https:\/\/autothaiduong.vn\/wp-content\/uploads\/2025\/05\/1-2-1024x694-1.jpg\" width=\"1024\" height=\"694\" alt=\"Bi led Red Turbo 3.0\" title=\"Bi Led Red Turbo 3.0 8\" srcset=\"https:\/\/autothaiduong.vn\/wp-content\/uploads\/2025\/05\/1-2-1024x694-1.jpg 1024w, https:\/\/autothaiduong.vn\/wp-content\/uploads\/2025\/05\/1-2-1024x694-1-600x407.jpg 600w, https:\/\/autothaiduong.vn\/wp-content\/uploads\/2025\/05\/1-2-1024x694-1-768x521.jpg 768w\" sizes=\"auto, (max-width: 1024px) 100vw, 1024px\" \/><figcaption id=\"caption-attachment-2052\" class=\"wp-caption-text\">Bi led Red Turbo 3.0<\/figcaption><\/figure>\n<\/div>\n<\/div>\n<div class=\"\" data-block=\"true\" data-editor=\"6rbpe\" data-offset-key=\"bk2ht-0-0\">\n<h2 class=\"_1mf _1mj\" data-offset-key=\"bk2ht-0-0\"><span id=\"Red_Turbo_30_duoc_nang_cap_cau_hinh_moi_vuot_troi\"><strong>Red Turbo 3.0 \u0111\u01b0\u1ee3c n\u00e2ng c\u1ea5p c\u1ea5u h\u00ecnh m\u1edbi v\u01b0\u1ee3t tr\u1ed9i<\/strong><\/span><\/h2>\n<\/div>\n<div class=\"\" data-block=\"true\" data-editor=\"6rbpe\" data-offset-key=\"48mtf-0-0\">\n<div class=\"_1mf _1mj\" data-offset-key=\"48mtf-0-0\"><span data-offset-key=\"48mtf-0-0\">Trang b\u1ecb c\u1ea5u h\u00ecnh 6 + 1 chip led OSRAM cho ra c\u00f4ng su\u1ea5t cos (Low beam): 55W v\u00e0 pha (High beam): 65W gi\u00fap t\u0103ng c\u01b0\u1eddng \u0111\u1ed9 chi\u1ebfu s\u00e1ng. Kh\u1ea3 n\u0103ng gom c\u1eaft \u00e1nh s\u00e1ng c\u0169ng t\u1ed1t h\u01a1n r\u1ea5t nhi\u1ec1u so v\u1edbi c\u00e1c s\u1ea3n ph\u1ea9m kh\u00e1c c\u00f9ng ph\u00e2n kh\u00fac.<\/span><\/div>\n<\/div>\n<div class=\"\" data-block=\"true\" data-editor=\"6rbpe\" data-offset-key=\"durq7-0-0\">\n<div class=\"_1mf _1mj\" data-offset-key=\"durq7-0-0\"><span data-offset-key=\"durq7-0-0\">Nhi\u1ec7t m\u00e0u 5500k \u0111ang \u0111\u01b0\u1ee3c coi l\u00e0 nhi\u1ec7t m\u00e0u \u0111a d\u1ee5ng nh\u1ea5t, \u00e1nh s\u00e1ng tr\u1eafng h\u01a1i thi\u00ean v\u00e0ng t\u01b0\u01a1ng t\u1ef1 \u00e1nh s\u00e1ng m\u1eb7t tr\u1eddi, gi\u00fap \u0111\u1ea3m b\u1ea3o \u0111\u01b0\u1ee3c t\u1ea7m nh\u00ecn trong b\u00f3ng t\u1ed1i c\u0169ng nh\u01b0 mang l\u1ea1i hi\u1ec7u qu\u1ea3 \u0111i m\u01b0a t\u1ed1t h\u01a1n nhi\u1ec1u so v\u1edbi nhi\u1ec7t m\u00e0u tr\u00ean 6000k. Nh\u1edd \u00e1nh s\u00e1ng tr\u1eafng kh\u00f4ng qu\u00e1 v\u00e0ng gi\u00fap s\u1ea3n ph\u1ea9m v\u1eabn \u0111\u1ea3m b\u1ea3o \u0111\u01b0\u1ee3c t\u00ednh th\u1eddi trang nh\u01b0ng kh\u00f4ng g\u00e2y \u1ea3nh h\u01b0\u1edfng t\u1edbi kh\u1ea3 n\u0103ng chi\u1ebfu s\u00e1ng c\u1ee7a s\u1ea3n ph\u1ea9m khi s\u1eed d\u1ee5ng tr\u00ean chi\u1ebfc xe c\u1ee7a b\u1ea1n.<\/span><\/div>\n<div data-offset-key=\"durq7-0-0\">\n<figure id=\"attachment_2053\" class=\"wp-caption aligncenter\" aria-describedby=\"caption-attachment-2053\"><img loading=\"lazy\" decoding=\"async\" class=\"alignnone size-full wp-image-1576\" src=\"https:\/\/autothaiduong.vn\/wp-content\/uploads\/2025\/05\/2-1-1024x762-1.jpg\" width=\"1024\" height=\"762\" alt=\"Bi led Red Turbo 3.0\" title=\"Bi Led Red Turbo 3.0 9\" srcset=\"https:\/\/autothaiduong.vn\/wp-content\/uploads\/2025\/05\/2-1-1024x762-1.jpg 1024w, https:\/\/autothaiduong.vn\/wp-content\/uploads\/2025\/05\/2-1-1024x762-1-600x446.jpg 600w, https:\/\/autothaiduong.vn\/wp-content\/uploads\/2025\/05\/2-1-1024x762-1-768x572.jpg 768w\" sizes=\"auto, (max-width: 1024px) 100vw, 1024px\" \/><figcaption id=\"caption-attachment-2053\" class=\"wp-caption-text\">Bi led Red Turbo 3.0<\/figcaption><\/figure>\n<\/div>\n<\/div>\n<div class=\"\" data-block=\"true\" data-editor=\"6rbpe\" data-offset-key=\"15ij3-0-0\">\n<div class=\"_1mf _1mj\" data-offset-key=\"15ij3-0-0\">\u0110\u1ed9 ho\u00e0n m\u00e0u CRI l\u00ean t\u1edbi 85 mang l\u1ea1i kh\u1ea3 n\u0103ng t\u00e1i t\u1ea1o m\u00e0u s\u1eafc trung th\u1ef1c cho \u00e1nh s\u00e1ng t\u1eeb\u00a0<strong>Red Turbo 3.0<\/strong>. C\u00e1c v\u1eadt th\u1ec3 tr\u00ean \u0111\u01b0\u1eddng \u0111\u01b0\u1ee3c th\u1ec3 hi\u1ec7n m\u00e0u s\u1eafc t\u1ed1t h\u01a1n t\u1eeb \u0111\u00f3 gi\u1ea3m tri\u1ec7u ch\u1ee9ng m\u1ecfi m\u1eaft khi di chuy\u1ec3n th\u1eddi gian d\u00e0i.<\/div>\n<\/div>\n<div class=\"\" data-block=\"true\" data-editor=\"6rbpe\" data-offset-key=\"ffs4f-0-0\">\n<h2 class=\"_1mf _1mj\" data-offset-key=\"ffs4f-0-0\"><span id=\"Cong_nghe_AR_cao_cap\"><strong>C\u00f4ng ngh\u1ec7 AR cao c\u1ea5p<\/strong><\/span><\/h2>\n<\/div>\n<div class=\"\" data-block=\"true\" data-editor=\"6rbpe\" data-offset-key=\"34sod-0-0\">\n<div class=\"_1mf _1mj\" data-offset-key=\"34sod-0-0\"><span data-offset-key=\"34sod-0-0\"><strong>Red Turbo 3.0<\/strong>\u00a0\u0111\u01b0\u1ee3c ph\u1ee7 1 l\u1edbp AR cao c\u1ea5p tr\u00ean lens, gi\u00fap lens c\u00f3 m\u00e0u \u00e1nh xanh c\u1ef1c k\u1ef3 sang tr\u1ecdng v\u00e0 cao c\u1ea5p, b\u00ean c\u1ea1nh \u0111\u00f3, c\u00f4ng ngh\u1ec7 AR c\u00f2n gi\u00fap b\u1ea3o v\u1ec7 lens, kh\u00f4ng g\u00e2y ch\u00f3i m\u1eaft cho ng\u01b0\u1eddi \u0111i \u0111\u1ed1i di\u1ec7n. C\u00f4ng ngh\u1ec7 AR c\u00f2n gi\u00fap t\u0103ng \u0111\u1ed9 s\u00e1ng, \u00e1nh s\u00e1ng b\u00e1m \u0111\u01b0\u1eddng h\u01a1n r\u1ea5t nhi\u1ec1u.<\/span><\/div>\n<div class=\"_1mf _1mj\" data-offset-key=\"34sod-0-0\">Thi\u1ebft k\u1ebf qu\u1ea1t t\u1ea3n nhi\u1ec7t \u0111\u1eb7t d\u01b0\u1edbi mang l\u1ea1i \u01b0u \u0111i\u1ec3m v\u1ec1 kh\u1ea3 n\u0103ng l\u00e0m m\u00e1t so v\u1edbi v\u1ecb tr\u00ed \u0111\u1eb7t ph\u00eda sau, nh\u1edd v\u1ecb tr\u00ed qu\u1ea1t \u0111\u01b0\u1ee3c \u0111\u1eb7t ngay tr\u00ean nh\u00e2n Led b\u1ed9 ph\u1eadn sinh nhi\u1ec7t l\u1edbn nh\u1ea5t tr\u00ean to\u00e0n b\u1ed9 s\u1ea3n ph\u1ea9m, nh\u1edd \u0111\u00f3 nhi\u1ec7t \u0111\u1ed9 \u0111\u01b0\u1ee3c duy tr\u00ec \u1edf m\u1ee9c l\u00fd t\u01b0\u1edfng gi\u00fap gia t\u0103ng tu\u1ed5i th\u1ecd v\u00e0 duy tr\u00ec c\u00f4ng su\u1ea5t \u1ed5n \u0111\u1ecbnh cho nh\u00e2n led.<\/div>\n<div data-offset-key=\"34sod-0-0\">\n<figure id=\"attachment_2057\" class=\"wp-caption aligncenter\" aria-describedby=\"caption-attachment-2057\"><img loading=\"lazy\" decoding=\"async\" class=\"alignnone size-full wp-image-1577\" src=\"https:\/\/autothaiduong.vn\/wp-content\/uploads\/2025\/05\/6-1-1024x749-1.jpg\" width=\"1024\" height=\"749\" alt=\"Bi led Red Turbo 3.0\" title=\"Bi Led Red Turbo 3.0 10\" srcset=\"https:\/\/autothaiduong.vn\/wp-content\/uploads\/2025\/05\/6-1-1024x749-1.jpg 1024w, https:\/\/autothaiduong.vn\/wp-content\/uploads\/2025\/05\/6-1-1024x749-1-600x439.jpg 600w, https:\/\/autothaiduong.vn\/wp-content\/uploads\/2025\/05\/6-1-1024x749-1-768x562.jpg 768w\" sizes=\"auto, (max-width: 1024px) 100vw, 1024px\" \/><figcaption id=\"caption-attachment-2057\" class=\"wp-caption-text\">Bi led Red Turbo 3.0<\/figcaption><\/figure>\n<\/div>\n<\/div>\n<div class=\"\" data-block=\"true\" data-editor=\"6rbpe\" data-offset-key=\"4jvta-0-0\">\n<h2 class=\"_1mf _1mj\" data-offset-key=\"4jvta-0-0\"><span id=\"Thiet_ke_tich_hop_duoi_van_de_dang_thao_lap\"><strong>Thi\u1ebft k\u1ebf t\u00edch h\u1ee3p \u0111u\u00f4i v\u1eb7n d\u1ec5 d\u00e0ng th\u00e1o l\u1eafp<\/strong><\/span><\/h2>\n<\/div>\n<div class=\"\" data-block=\"true\" data-editor=\"6rbpe\" data-offset-key=\"fql8g-0-0\">\n<div class=\"_1mf _1mj\" data-offset-key=\"fql8g-0-0\">Mang trong m\u00ecnh m\u1ed9t phong c\u00e1ch thi\u1ebft k\u1ebf \u0111\u01a1n gi\u1ea3n nh\u01b0ng kh\u00f4ng k\u00e9m ph\u1ea7n t\u1ec9 m\u1ec9 v\u00e0 sang tr\u1ecdng. V\u1edbi thi\u1ebft k\u1ebf b\u1eb1ng v\u1eadt li\u1ec7u aluminum nguy\u00ean kh\u1ed1i, cho ra d\u00e1ng v\u1ebb c\u1ee9ng c\u00e1p v\u00e0 b\u1ec1n b\u1ec9.\u00a0<strong>Red Turbo 3.0<\/strong>\u00a0s\u1edf h\u1eefu thi\u1ebft k\u1ebf t\u00edch h\u1ee3p th\u00eam ph\u1ea7n \u0111u\u00f4i v\u1eb7n gi\u00fap qu\u1ea3 bi ph\u00f9 h\u1ee3p v\u1edbi nhi\u1ec1u lo\u1ea1i ch\u00e2n \u0111\u00e8n, thu\u1eadn ti\u1ec7n l\u1eafp \u0111\u1eb7t nhanh ch\u00f3ng v\u00e0 d\u1ec5 d\u00e0ng.<\/div>\n<\/div>\n<div class=\"\" data-block=\"true\" data-editor=\"6rbpe\" data-offset-key=\"836k5-0-0\">\n<div class=\"_1mf _1mj\" data-offset-key=\"836k5-0-0\">Thi\u1ebft k\u1ebf nhi\u1ec1u module gh\u00e9p l\u1ea1i bao g\u1ed3m lens, khung \u0111\u00e8n, ch\u00f3a \u0111\u00e8n v\u00e0 \u0111u\u00f4i v\u1eb7n gi\u00fap s\u1ea3n ph\u1ea9m d\u1ec5 d\u00e0ng th\u00e1o l\u1eafp c\u00e1c chi ti\u1ebft nh\u01b0 \u0111u\u00f4i v\u1eb7n \u0111\u1ec3 ph\u00f9 h\u1ee3p v\u1edbi nhi\u1ec1u d\u00f2ng xe h\u01a1n. T\u1ed5ng th\u1ec3 thi\u1ebft k\u1ebf kh\u00e1 th\u1ed1ng nh\u1ea5t \u0111\u01b0\u1ee3c ph\u1ee7 m\u1ed9t l\u1edbp s\u01a1n t\u0129nh \u0111i\u1ec7n gi\u00fap b\u1ea3o v\u1ec7 c\u00e1c chi ti\u1ebft b\u1eb1ng kim lo\u1ea1i c\u1ee7a Red Turbo 3.0<\/div>\n<div data-offset-key=\"836k5-0-0\">\n<figure id=\"attachment_2054\" class=\"wp-caption aligncenter\" aria-describedby=\"caption-attachment-2054\"><img loading=\"lazy\" decoding=\"async\" class=\"alignnone size-full wp-image-1578\" src=\"https:\/\/autothaiduong.vn\/wp-content\/uploads\/2025\/05\/3-1-838x1024-1.jpg\" width=\"838\" height=\"1024\" alt=\"Bi led Red Turbo 3.0\" title=\"Bi Led Red Turbo 3.0 11\" srcset=\"https:\/\/autothaiduong.vn\/wp-content\/uploads\/2025\/05\/3-1-838x1024-1.jpg 838w, https:\/\/autothaiduong.vn\/wp-content\/uploads\/2025\/05\/3-1-838x1024-1-491x600.jpg 491w, https:\/\/autothaiduong.vn\/wp-content\/uploads\/2025\/05\/3-1-838x1024-1-768x938.jpg 768w, https:\/\/autothaiduong.vn\/wp-content\/uploads\/2025\/05\/3-1-838x1024-1-600x733.jpg 600w\" sizes=\"auto, (max-width: 838px) 100vw, 838px\" \/><figcaption id=\"caption-attachment-2054\" class=\"wp-caption-text\">Bi led Red Turbo 3.0<\/figcaption><\/figure>\n<\/div>\n<\/div>\n<div class=\"\" data-block=\"true\" data-editor=\"6rbpe\" data-offset-key=\"fc7u3-0-0\">\n<h3 class=\"_1mf _1mj\" data-offset-key=\"fc7u3-0-0\"><span id=\"Tong_Ket\"><strong>T\u1ed5ng K\u1ebft<\/strong><\/span><\/h3>\n<\/div>\n<div class=\"\" data-block=\"true\" data-editor=\"6rbpe\" data-offset-key=\"cs0s6-0-0\">\n<div class=\"_1mf _1mj\" data-offset-key=\"cs0s6-0-0\"><span data-offset-key=\"cs0s6-0-0\">S\u1ea3n ph\u1ea9m ph\u00f9 h\u1ee3p cho c\u00e1c anh em \u0111ang t\u00ecm ki\u1ebfm m\u1ed9t s\u1ea3n ph\u1ea9m bi led ngon b\u1ed5 r\u1ebb, th\u01b0\u1eddng xuy\u00ean ch\u1ea1y trong th\u00e0nh ph\u1ed1 hay c\u00f3 nhu c\u1ea7u ch\u1ea1y t\u1ec9nh tr\u00ean t\u1ec9nh l\u1ed9, ch\u1ea1y v\u1edbi t\u1ed1c \u0111\u1ed9 d\u01b0\u1edbi 100km\/h. \u0110\u1eb7c t\u00ednh cos r\u1ed9ng tr\u1ea3i \u0111\u1ec1u, s\u00e1ng c\u0103ng m\u1ecbn, \u0111\u01b0\u1eddng c\u1eaft n\u00e9t gi\u1ea3m t\u1ed1i \u0111a \u00e1nh s\u00e1ng g\u00e2y ch\u00f3i cho xe \u0111\u1ed1i di\u1ec7n v\u00e0 pha c\u00f4ng su\u1ea5t \u0111\u1ee7 d\u00f9ng,. \u0110\u1ea3m b\u1ea3o Red Turbo 3.0 s\u1ebd kh\u00f4ng l\u00e0m anh em m\u00ea \u0111\u1ed9 \u0111\u00e8n xe \u00f4 t\u00f4 th\u1ea5t v\u1ecdng.<\/span><\/div>\n<div data-offset-key=\"cs0s6-0-0\">\n<figure id=\"attachment_2058\" class=\"wp-caption aligncenter\" aria-describedby=\"caption-attachment-2058\"><img loading=\"lazy\" decoding=\"async\" class=\"alignnone size-full wp-image-1579\" src=\"https:\/\/autothaiduong.vn\/wp-content\/uploads\/2025\/05\/7-1-1024x683-1.jpg\" width=\"1024\" height=\"683\" alt=\"Bi led Red Turbo 3.0\" title=\"Bi Led Red Turbo 3.0 12\" srcset=\"https:\/\/autothaiduong.vn\/wp-content\/uploads\/2025\/05\/7-1-1024x683-1.jpg 1024w, https:\/\/autothaiduong.vn\/wp-content\/uploads\/2025\/05\/7-1-1024x683-1-600x400.jpg 600w, https:\/\/autothaiduong.vn\/wp-content\/uploads\/2025\/05\/7-1-1024x683-1-768x512.jpg 768w\" sizes=\"auto, (max-width: 1024px) 100vw, 1024px\" \/><\/figure>\n<\/div>\n<\/div>\n","protected":false},"excerpt":{"rendered":"<p>Bi Led Red Turbo 3.0<\/p>\n<p>Chip Led: 6+1 OSRAM<\/p>\n<p>C\u00f4ng Su\u1ea5t: Pha\/Cos: 65W\/55W<\/p>\n<p>C\u01b0\u1eddng \u0111\u1ed9 \u00e1nh s\u00e1ng: 10.000 Lx<\/p>\n<p>Nhi\u1ec7t m\u00e0u: 5500K<\/p>\n<p>Ch\u1ec9 s\u1ed1 ho\u00e0n m\u00e0u CRI: &gt;85<\/p>\n<p>K\u00edch th\u01b0\u1edbc: 3 Inch<\/p>\n<p>B\u1ea3o h\u00e0nh: 1+1 N\u0103m<\/p>\n","protected":false},"featured_media":1575,"comment_status":"open","ping_status":"closed","template":"","meta":[],"product_brand":[138],"product_cat":[16,26],"product_tag":[],"class_list":{"0":"post-1573","1":"product","2":"type-product","3":"status-publish","4":"has-post-thumbnail","6":"product_brand-redlighting","7":"product_cat-anh-sang","8":"product_cat-bi-led","10":"first","11":"instock","12":"sale","13":"shipping-taxable","14":"purchasable","15":"product-type-simple"},"_links":{"self":[{"href":"https:\/\/autothaiduong.vn\/index.php?rest_route=\/wp\/v2\/product\/1573","targetHints":{"allow":["GET"]}}],"collection":[{"href":"https:\/\/autothaiduong.vn\/index.php?rest_route=\/wp\/v2\/product"}],"about":[{"href":"https:\/\/autothaiduong.vn\/index.php?rest_route=\/wp\/v2\/types\/product"}],"replies":[{"embeddable":true,"href":"https:\/\/autothaiduong.vn\/index.php?rest_route=%2Fwp%2Fv2%2Fcomments&post=1573"}],"wp:featuredmedia":[{"embeddable":true,"href":"https:\/\/autothaiduong.vn\/index.php?rest_route=\/wp\/v2\/media\/1575"}],"wp:attachment":[{"href":"https:\/\/autothaiduong.vn\/index.php?rest_route=%2Fwp%2Fv2%2Fmedia&parent=1573"}],"wp:term":[{"taxonomy":"product_brand","embeddable":true,"href":"https:\/\/autothaiduong.vn\/index.php?rest_route=%2Fwp%2Fv2%2Fproduct_brand&post=1573"},{"taxonomy":"product_cat","embeddable":true,"href":"https:\/\/autothaiduong.vn\/index.php?rest_route=%2Fwp%2Fv2%2Fproduct_cat&post=1573"},{"taxonomy":"product_tag","embeddable":true,"href":"https:\/\/autothaiduong.vn\/index.php?rest_route=%2Fwp%2Fv2%2Fproduct_tag&post=1573"}],"curies":[{"name":"wp","href":"https:\/\/api.w.org\/{rel}","templated":true}]}}