{"id":1580,"date":"2025-05-13T16:36:55","date_gmt":"2025-05-13T16:36:55","guid":{"rendered":"https:\/\/autothaiduong.vn\/?post_type=product&#038;p=1580"},"modified":"2025-05-13T16:37:20","modified_gmt":"2025-05-13T16:37:20","slug":"bi-led-titan-moto-cb150","status":"publish","type":"product","link":"https:\/\/autothaiduong.vn\/?product=bi-led-titan-moto-cb150","title":{"rendered":"BI LED TITAN MOTO CB150"},"content":{"rendered":"<p>&nbsp;<\/p>\n<p>ut<\/p>\n<p>Th\u1ecb tr\u01b0\u1eddng ng\u00e0nh t\u0103ng s\u00e1ng d\u00e0nh cho xe m\u00e1y ng\u00e0y c\u00e0ng ph\u00e1t tri\u1ec3n v\u00ec n\u00f3 \u0111em \u0111\u1ebfn s\u1ef1 h\u1eefu \u00edch th\u1ef1c t\u1ebf v\u00e0 \u0111\u00e1p \u1ee9ng \u0111\u01b0\u1ee3c nhu c\u1ea7u cho cu\u1ed9c s\u1ed1ng c\u1ee7a ng\u01b0\u1eddi d\u00f9ng. Th\u00e1ng 6\/2023, Titan Moto cho ra m\u1eaft s\u1ea3n ph\u1ea9m Bi LED Titan Moto CB150 d\u00e0nh cho h\u1ec7 m\u00f4 t\u00f4, h\u1ee9a h\u1eb9n s\u1ebd \u0111em \u0111\u1ebfn s\u1ef1 b\u00f9ng n\u1ed5 cho th\u1ecb tr\u01b0\u1eddng ng\u00e0nh t\u0103ng s\u00e1ng.<\/p>\n<p><img loading=\"lazy\" decoding=\"async\" class=\"alignnone size-full wp-image-1582\" src=\"https:\/\/autothaiduong.vn\/wp-content\/uploads\/2025\/05\/03.jpg\" alt=\"\" width=\"1280\" height=\"1280\" srcset=\"https:\/\/autothaiduong.vn\/wp-content\/uploads\/2025\/05\/03.jpg 1280w, https:\/\/autothaiduong.vn\/wp-content\/uploads\/2025\/05\/03-600x600.jpg 600w, https:\/\/autothaiduong.vn\/wp-content\/uploads\/2025\/05\/03-1024x1024.jpg 1024w, https:\/\/autothaiduong.vn\/wp-content\/uploads\/2025\/05\/03-300x300.jpg 300w, https:\/\/autothaiduong.vn\/wp-content\/uploads\/2025\/05\/03-768x768.jpg 768w, https:\/\/autothaiduong.vn\/wp-content\/uploads\/2025\/05\/03-100x100.jpg 100w\" sizes=\"auto, (max-width: 1280px) 100vw, 1280px\" \/><\/p>\n<h2><a id=\"thi--t-k--\" class=\"toc-a-tag\"><\/a>Thi\u1ebft k\u1ebf<\/h2>\n<p>Bi LED Titan Moto CB150 \u0111\u01b0\u1ee3c ho\u00e0n thi\u1ec7n b\u1edfi v\u1eadt li\u1ec7u Aluminum cao c\u1ea5p, v\u1edbi body d\u1ec5 d\u00e0ng l\u1eafp \u0111\u1eb7t tr\u00ean nhi\u1ec1u d\u00f2ng xe kh\u00e1c nhau \u0111em \u0111\u1ebfn tr\u1ea3i nghi\u1ec7m t\u1ed1t cho kh\u00e1ch h\u00e0ng. V\u1edbi thi\u1ebft k\u1ebf m\u00e0u \u0111en ch\u1ee7 \u0111\u1ea1o \u0111em \u0111\u1ebfn s\u1ef1 sang tr\u1ecdng, c\u00e1c chi ti\u1ebft \u0111\u01b0\u1ee3c gia c\u00f4ng t\u1ec9 m\u1ec9 \u0111\u1ec3 \u0111em \u0111\u1ebfn \u0111\u1ed9 c\u1ee9ng c\u00e1p cho s\u1ea3n ph\u1ea9m.<\/p>\n<p><img loading=\"lazy\" decoding=\"async\" class=\"alignnone size-full wp-image-1583\" src=\"https:\/\/autothaiduong.vn\/wp-content\/uploads\/2025\/05\/02.jpg\" alt=\"\" width=\"1280\" height=\"1280\" srcset=\"https:\/\/autothaiduong.vn\/wp-content\/uploads\/2025\/05\/02.jpg 1280w, https:\/\/autothaiduong.vn\/wp-content\/uploads\/2025\/05\/02-600x600.jpg 600w, https:\/\/autothaiduong.vn\/wp-content\/uploads\/2025\/05\/02-1024x1024.jpg 1024w, https:\/\/autothaiduong.vn\/wp-content\/uploads\/2025\/05\/02-300x300.jpg 300w, https:\/\/autothaiduong.vn\/wp-content\/uploads\/2025\/05\/02-768x768.jpg 768w, https:\/\/autothaiduong.vn\/wp-content\/uploads\/2025\/05\/02-100x100.jpg 100w\" sizes=\"auto, (max-width: 1280px) 100vw, 1280px\" \/><\/p>\n<p>K\u00edch th\u01b0\u1edbc s\u1ea3n ph\u1ea9m CB150<\/p>\n<h2><a id=\"lens-nbsp-\" class=\"toc-a-tag\"><\/a>Lens:<\/h2>\n<p>Bi LED Titan Moto CB150 c\u00f3 k\u00edch th\u01b0\u1edbc lens 3 inch v\u00e0 \u0111\u01b0\u1ee3c tr\u00e1ng ph\u1ee7 b\u1edfi m\u1ed9t l\u1edbp l\u1edbp AR m\u00e0u xanh t\u00edm sang tr\u1ecdng, n\u00f3 c\u00f3 t\u00e1c d\u1ee5ng xuy\u00ean s\u00e1ng t\u1ed1t v\u00e0 gi\u1ea3m thi\u1ec3u \u0111\u01b0\u1ee3c t\u00ecnh tr\u1ea1ng ch\u00f3i m\u1eaft cho nh\u1eefng t\u00e0i x\u1ebf di chuy\u1ec3n \u1edf ph\u00eda \u0111\u1ed1i di\u1ec7n v\u00e0 ng\u01b0\u1eddi kh\u00e1c khi c\u00f9ng tham gia giao th\u00f4ng.<\/p>\n<p>Ngo\u00e0i ra th\u00ec vi\u1ec7c trang b\u1ecb l\u1edbp AR c\u00f2n gi\u00fap b\u1ea3o v\u1ec7 lens kh\u1ecfi c\u00e1c t\u00e1c nh\u00e2n v\u1eadt l\u00fd b\u00ean ngo\u00e0i g\u00e2y \u1ea3nh h\u01b0\u1edfng \u0111\u1ebfn ch\u1ea5t l\u01b0\u1ee3ng s\u1ea3n ph\u1ea9m, gi\u00fap h\u1ea1n ch\u1ebf t\u00ecnh tr\u1ea1ng x\u1ec9n m\u00e0u, \u0111em \u0111\u1ebfn kh\u1ea3 n\u0103ng ho\u1ea1t \u0111\u1ed9ng c\u0169ng nh\u01b0 chi\u1ebfu s\u00e1ng c\u1ee7a s\u1ea3n ph\u1ea9m m\u1ed9t c\u00e1ch t\u1ed1t nh\u1ea5t.<\/p>\n<p><img loading=\"lazy\" decoding=\"async\" class=\"alignnone size-full wp-image-1584\" src=\"https:\/\/autothaiduong.vn\/wp-content\/uploads\/2025\/05\/05.jpg\" alt=\"\" width=\"1280\" height=\"1280\" srcset=\"https:\/\/autothaiduong.vn\/wp-content\/uploads\/2025\/05\/05.jpg 1280w, https:\/\/autothaiduong.vn\/wp-content\/uploads\/2025\/05\/05-600x600.jpg 600w, https:\/\/autothaiduong.vn\/wp-content\/uploads\/2025\/05\/05-1024x1024.jpg 1024w, https:\/\/autothaiduong.vn\/wp-content\/uploads\/2025\/05\/05-300x300.jpg 300w, https:\/\/autothaiduong.vn\/wp-content\/uploads\/2025\/05\/05-768x768.jpg 768w, https:\/\/autothaiduong.vn\/wp-content\/uploads\/2025\/05\/05-100x100.jpg 100w\" sizes=\"auto, (max-width: 1280px) 100vw, 1280px\" \/><\/p>\n<h2><a id=\"c--u-h-nh--nh-s-ng\" class=\"toc-a-tag\"><\/a>C\u1ea5u h\u00ecnh \u00e1nh s\u00e1ng<\/h2>\n<p>Bi LED Titan Moto CB150 s\u1eed d\u1ee5ng c\u00f4ng ngh\u1ec7 LED Titan Custom v\u00e0 c\u1ea5u h\u00ecnh 9+1 nh\u00e2n chip LED, v\u1edbi 9 nh\u00e2n chip LED \u1edf ch\u00f3a ph\u1ea3n x\u1ea1 ch\u00ednh v\u00e0 1 nh\u00e2n chip LED \u1edf ch\u00f3a ph\u1ea3n x\u1ea1 ph\u1ee5 cho ra c\u00f4ng su\u1ea5t \u0111\u1ea1t c\u1ef1c \u0111\u1ea1i v\u1edbi <a id=\"cos\" class=\"toc-a-tag\"><\/a>Cos 55W\/<a id=\"pha\" class=\"toc-a-tag\"><\/a>Pha 65W, \u0111\u00e2y \u0111\u01b0\u1ee3c \u0111\u00e1nh gi\u00e1 l\u00e0 s\u1ea3n ph\u1ea9m d\u00e0nh cho m\u00f4 t\u00f4 c\u00f3 c\u00f4ng su\u1ea5t \u0111\u1ee9ng top \u0111\u1ea7u trong ph\u00e2n kh\u00fac, \u0111em \u0111\u1ebfn \u00e1nh s\u00e1ng m\u1ea1nh m\u1ebd v\u00e0 b\u00e1m \u0111\u01b0\u1eddng. \u0110\u1eb7c bi\u1ec7t l\u00e0 v\u1edbi c\u00f4ng ngh\u1ec7 LED Titan Custom, s\u1ea3n ph\u1ea9m \u0111em \u0111\u1ebfn ch\u1ec9 s\u1ed1 ho\u00e0n thi\u1ec7n m\u00e0u 85\/100, nh\u1edd \u0111\u00f3 m\u00e0 Bi LED Titan Moto CB150 c\u00f3 kh\u1ea3 n\u0103ng t\u00e1i t\u1ea1o m\u00e0u s\u1eafc v\u1eadt th\u1ec3 m\u1ed9t c\u00e1ch trung th\u1ef1c nh\u1ea5t, gi\u00fap gi\u1ea3m hi\u1ec7n t\u01b0\u1ee3ng ch\u00e1y s\u00e1ng c\u0169ng nh\u01b0 h\u1ea1n ch\u1ebf t\u00ecnh tr\u1ea1ng m\u1ecfi m\u1eaft cho t\u00e0i x\u1ebf.<\/p>\n<h3><strong><a id=\"cos\" class=\"toc-a-tag\"><\/a>Cos<\/strong><\/h3>\n<p>\u1ede ch\u1ebf \u0111\u1ed9 <a id=\"cos\" class=\"toc-a-tag\"><\/a>Cos, Bi LED Titan Moto CB150 cho ra c\u00f4ng su\u1ea5t \u0111\u1ea1t 55W v\u1edbi \u00e1nh s\u00e1ng ph\u00e1t ra \u0111\u1eadm, \u0111\u1ed9 ph\u1ee7 r\u1ed9ng gi\u00fap gia t\u0103ng t\u1ea7m quan s\u00e1t cho ng\u01b0\u1eddi l\u00e1i.<\/p>\n<p><img loading=\"lazy\" decoding=\"async\" class=\"alignnone size-full wp-image-1585\" src=\"https:\/\/autothaiduong.vn\/wp-content\/uploads\/2025\/05\/COS-2.jpg\" alt=\"\" width=\"1280\" height=\"1280\" srcset=\"https:\/\/autothaiduong.vn\/wp-content\/uploads\/2025\/05\/COS-2.jpg 1280w, https:\/\/autothaiduong.vn\/wp-content\/uploads\/2025\/05\/COS-2-600x600.jpg 600w, https:\/\/autothaiduong.vn\/wp-content\/uploads\/2025\/05\/COS-2-1024x1024.jpg 1024w, https:\/\/autothaiduong.vn\/wp-content\/uploads\/2025\/05\/COS-2-300x300.jpg 300w, https:\/\/autothaiduong.vn\/wp-content\/uploads\/2025\/05\/COS-2-768x768.jpg 768w, https:\/\/autothaiduong.vn\/wp-content\/uploads\/2025\/05\/COS-2-100x100.jpg 100w\" sizes=\"auto, (max-width: 1280px) 100vw, 1280px\" \/><\/p>\n<h3><strong><a id=\"pha\" class=\"toc-a-tag\"><\/a>Pha<\/strong><\/h3>\n<p>\u1ede ch\u1ebf \u0111\u1ed9 <a id=\"pha\" class=\"toc-a-tag\"><\/a>Pha, Bi LED Titan Moto CB150 cho ra c\u00f4ng su\u1ea5t 55W, c\u00f3 th\u1ec3 n\u00f3i \u0111\u00e2y l\u00e0 c\u00f4ng su\u1ea5t thu\u1ed9c top \u0111\u1ea7u trong th\u1ecb tr\u01b0\u1eddng c\u00e1c s\u1ea3n ph\u1ea9m \u0111\u00e8n t\u0103ng s\u00e1ng d\u00e0nh cho xe m\u00f4 t\u00f4 c\u00f3 th\u01b0\u01a1ng hi\u1ec7u, v\u1edbi c\u00f4ng su\u1ea5t m\u1ea1nh m\u1ebd cho ra t\u1ea7m chi\u1ebfu xa l\u00ean \u0111\u1ebfn 600m gi\u00fap \u0111em \u0111\u1ebfn \u00e1nh s\u00e1ng tuy\u1ec7t v\u1eddi cho kh\u00e1ch h\u00e0ng.<\/p>\n<p><img loading=\"lazy\" decoding=\"async\" class=\"alignnone size-full wp-image-1586\" src=\"https:\/\/autothaiduong.vn\/wp-content\/uploads\/2025\/05\/PHA-2.jpg\" alt=\"\" width=\"1280\" height=\"1280\" srcset=\"https:\/\/autothaiduong.vn\/wp-content\/uploads\/2025\/05\/PHA-2.jpg 1280w, https:\/\/autothaiduong.vn\/wp-content\/uploads\/2025\/05\/PHA-2-600x600.jpg 600w, https:\/\/autothaiduong.vn\/wp-content\/uploads\/2025\/05\/PHA-2-1024x1024.jpg 1024w, https:\/\/autothaiduong.vn\/wp-content\/uploads\/2025\/05\/PHA-2-300x300.jpg 300w, https:\/\/autothaiduong.vn\/wp-content\/uploads\/2025\/05\/PHA-2-768x768.jpg 768w, https:\/\/autothaiduong.vn\/wp-content\/uploads\/2025\/05\/PHA-2-100x100.jpg 100w\" sizes=\"auto, (max-width: 1280px) 100vw, 1280px\" \/><\/p>\n<h2><strong><a id=\"nhi--t-m-u\" class=\"toc-a-tag\"><\/a>Nhi\u1ec7t m\u00e0u<\/strong><\/h2>\n<p>Bi LED Titan Moto CB150 trang b\u1ecb nhi\u1ec7t m\u00e0u 5000K cho ra \u00e1nh s\u00e1ng tr\u1eafng ng\u1ea3 v\u00e0ng v\u1edbi \u00e1nh s\u00e1ng m\u1ecbn m\u00e0ng, b\u00e1m \u0111\u01b0\u1eddng ph\u00f9 h\u1ee3p trong vi\u1ec7c di chuy\u1ec3n \u1edf nhi\u1ec1u cung \u0111\u01b0\u1eddng kh\u00e1c nhau, nh\u1edd \u0111\u00f3 m\u00e0 c\u00f3 th\u1ec3 \u0111\u1ea3m b\u1ea3o \u0111\u01b0\u1ee3c t\u1ea7m nh\u00ecn cho ch\u1ee7 xe khi l\u00e1i xe, nh\u1ea5t l\u00e0 \u1edf nh\u1eefng v\u00f9ng, khu v\u1ef1c thi\u1ebfu \u0111i\u1ec1u ki\u1ec7n \u00e1nh s\u00e1ng.<\/p>\n<h2><a id=\"t--n-nhi--t-cao-c--p\" class=\"toc-a-tag\"><\/a>T\u1ea3n nhi\u1ec7t cao c\u1ea5p<\/h2>\n<p>Bi LED Titan Moto CB150 \u0111\u01b0\u1ee3c c\u1ea5u th\u00e0nh t\u1eeb v\u1eadt li\u1ec7u Aluminum cao c\u1ea5p, t\u1ea3n nhi\u1ec7t \u0111\u01b0\u1ee3c trang b\u1ecb \u1edf d\u01b0\u1edbi \u0111u\u00f4i \u0111\u00e8n v\u00e0 hai b\u00ean th\u00e2n \u0111em \u0111\u1ebfn hi\u1ec7u qu\u1ea3 kh\u1ea3 n\u0103ng t\u1ea3n nhi\u1ec7t v\u00f4 c\u00f9ng t\u1ed1t, qu\u1ea1t \u0111\u01b0\u1ee3c thi\u1ebft k\u1ebf nh\u1ecf g\u1ecdn v\u1edbi c\u00e1c c\u00e1nh qu\u1ea1t m\u1ecfng, nh\u1eb9 \u0111\u01b0\u1ee3c \u0111\u1eb7t c\u00e1ch nhau kho\u1ea3ng 1mm nh\u1edd \u0111\u00f3 m\u00e0 qu\u00e1 tr\u00ecnh l\u01b0u th\u00f4ng kh\u00ed \u0111\u01b0\u1ee3c di\u1ec5n ra nhanh ch\u00f3ng v\u00e0 duy tr\u00ec \u0111\u01b0\u1ee3c m\u1ee9c \u0111\u1ed9 \u1ed5n \u0111\u1ecbnh, gi\u00fap gia t\u0103ng tu\u1ed5i th\u1ecd c\u1ee7a s\u1ea3n ph\u1ea9m.<\/p>\n<p><img loading=\"lazy\" decoding=\"async\" class=\"alignnone size-full wp-image-1587\" src=\"https:\/\/autothaiduong.vn\/wp-content\/uploads\/2025\/05\/07.jpg\" alt=\"\" width=\"1280\" height=\"1280\" srcset=\"https:\/\/autothaiduong.vn\/wp-content\/uploads\/2025\/05\/07.jpg 1280w, https:\/\/autothaiduong.vn\/wp-content\/uploads\/2025\/05\/07-600x600.jpg 600w, https:\/\/autothaiduong.vn\/wp-content\/uploads\/2025\/05\/07-1024x1024.jpg 1024w, https:\/\/autothaiduong.vn\/wp-content\/uploads\/2025\/05\/07-300x300.jpg 300w, https:\/\/autothaiduong.vn\/wp-content\/uploads\/2025\/05\/07-768x768.jpg 768w, https:\/\/autothaiduong.vn\/wp-content\/uploads\/2025\/05\/07-100x100.jpg 100w\" sizes=\"auto, (max-width: 1280px) 100vw, 1280px\" \/><\/p>\n<h2><a id=\"b--o-h-nh-l--p---t\" class=\"toc-a-tag\"><\/a>B\u1ea3o h\u00e0nh, l\u1eafp \u0111\u1eb7t<\/h2>\n<p>Bi LED Titan Moto CB150 hi\u1ec7n \u0111\u00e3 c\u00f3 m\u1eb7t t\u1ea1i c\u00e1c chi nh\u00e1nh, \u0111\u1ea1i l\u00fd ph\u00e2n ph\u1ed1i tr\u00ean to\u00e0n qu\u1ed1c. N\u1ebfu qu\u00fd kh\u00e1ch c\u00f3 nhu c\u1ea7u c\u00f3 th\u1ec3 \u0111\u1ebfn c\u1eeda h\u00e0ng, khu v\u1ef1c g\u1ea7n nh\u1ea5t \u0111\u1ec3 \u0111\u01b0\u1ee3c t\u01b0 v\u1ea5n v\u00e0 tr\u1ea3i nghi\u1ec7m s\u1ea3n ph\u1ea9m.<\/p>\n<p><strong>Auto Th\u00e1i D\u01b0\u01a1ng- \u0110\u1ea1i l\u00ed ch\u00ednh h\u00e3ng Titan t\u1ea1i TP.B\u1ea3o L\u1ed9c<\/strong><\/p>\n<p><iframe loading=\"lazy\" title=\"YouTube video player\" src=\"https:\/\/www.youtube.com\/embed\/IoldIC5TCpw?si=bYAaFDWHu_dCDvgo\" width=\"100%\" height=\"400\" frameborder=\"0\" scrolling=\"no\" align=\"middle\" allowfullscreen=\"allowfullscreen\" data-mce-fragment=\"1\"><\/iframe><\/p>\n<p><iframe loading=\"lazy\" title=\"YouTube video player\" src=\"https:\/\/www.youtube.com\/embed\/IoldIC5TCpw?si=bYAaFDWHu_dCDvgo\" width=\"100%\" height=\"400\" frameborder=\"0\" scrolling=\"no\" align=\"middle\" allowfullscreen=\"allowfullscreen\" data-mce-fragment=\"1\"><\/iframe><\/p>\n","protected":false},"excerpt":{"rendered":"<h2>Th\u00f4ng s\u1ed1 k\u1ef9 thu\u1eadt BI LED TITAN MOTO CB150<\/h2>\n<table>\n<tbody>\n<tr>\n<td class=\"lileft\">N\u0103m s\u1ea3n xu\u1ea5t:<\/td>\n<td class=\"liright\">6\/2023<\/td>\n<\/tr>\n<tr>\n<td class=\"lileft\">C\u00f4ng su\u1ea5t Cos:<\/td>\n<td class=\"liright\">55W<\/td>\n<\/tr>\n<tr>\n<td class=\"lileft\">C\u00f4ng su\u1ea5t Pha:<\/td>\n<td class=\"liright\">65W<\/td>\n<\/tr>\n<tr>\n<td class=\"lileft\">Nh\u00e2n LED:<\/td>\n<td class=\"liright\">Titan Custom<\/td>\n<\/tr>\n<tr>\n<td class=\"lileft\">Lens:<\/td>\n<td class=\"liright\">AR<\/td>\n<\/tr>\n<tr>\n<td class=\"lileft\">Nhi\u1ec7t m\u00e0u:<\/td>\n<td class=\"liright\">5000K<\/td>\n<\/tr>\n<tr>\n<td class=\"lileft\">V\u1eadt li\u1ec7u t\u1ea3n nhi\u1ec7t:<\/td>\n<td class=\"liright\">Aluminum<\/td>\n<\/tr>\n<tr>\n<td class=\"lileft\">C\u01b0\u1eddng \u0111\u1ed9 \u00e1nh s\u00e1ng:<\/td>\n<td class=\"liright\">12.000Lux<\/td>\n<\/tr>\n<tr>\n<td class=\"lileft\">Tu\u1ed5i th\u1ecd:<\/td>\n<td class=\"liright\">30.000 gi\u1edd<\/td>\n<\/tr>\n<tr>\n<td class=\"lileft\">\u0110i\u1ec7n \u00c1p:<\/td>\n<td class=\"liright\">12V-24V<\/td>\n<\/tr>\n<tr>\n<td class=\"lileft\">Diode LASER:<\/td>\n<td class=\"liright\">Kh\u00f4ng<\/td>\n<\/tr>\n<tr>\n<td class=\"lileft\">K\u00edch Th\u01b0\u1edbc Lens:<\/td>\n<td class=\"liright\">3 inch<\/td>\n<\/tr>\n<tr>\n<td class=\"lileft\">S\u1ed1 nh\u00e2n LED:<\/td>\n<td class=\"liright\">9+1<\/td>\n<\/tr>\n<tr>\n<td class=\"lileft\">B\u1ea3o h\u00e0nh:<\/td>\n<td class=\"liright\">36 th\u00e1ng<\/td>\n<\/tr>\n<tr>\n<td class=\"lileft\">Ch\u1ec9 s\u1ed1 ho\u00e0n m\u00e0u (CRI):<\/td>\n<td class=\"liright\">85\/100<\/td>\n<\/tr>\n<tr>\n<td class=\"lileft\">T\u1ea7m chi\u1ebfu xa:<\/td>\n<td class=\"liright\">800m<\/td>\n<\/tr>\n<\/tbody>\n<\/table>\n","protected":false},"featured_media":1581,"comment_status":"open","ping_status":"closed","template":"","meta":[],"product_brand":[28],"product_cat":[16,26],"product_tag":[],"class_list":{"0":"post-1580","1":"product","2":"type-product","3":"status-publish","4":"has-post-thumbnail","6":"product_brand-titan","7":"product_cat-anh-sang","8":"product_cat-bi-led","10":"first","11":"instock","12":"shipping-taxable","13":"purchasable","14":"product-type-simple"},"_links":{"self":[{"href":"https:\/\/autothaiduong.vn\/index.php?rest_route=\/wp\/v2\/product\/1580","targetHints":{"allow":["GET"]}}],"collection":[{"href":"https:\/\/autothaiduong.vn\/index.php?rest_route=\/wp\/v2\/product"}],"about":[{"href":"https:\/\/autothaiduong.vn\/index.php?rest_route=\/wp\/v2\/types\/product"}],"replies":[{"embeddable":true,"href":"https:\/\/autothaiduong.vn\/index.php?rest_route=%2Fwp%2Fv2%2Fcomments&post=1580"}],"wp:featuredmedia":[{"embeddable":true,"href":"https:\/\/autothaiduong.vn\/index.php?rest_route=\/wp\/v2\/media\/1581"}],"wp:attachment":[{"href":"https:\/\/autothaiduong.vn\/index.php?rest_route=%2Fwp%2Fv2%2Fmedia&parent=1580"}],"wp:term":[{"taxonomy":"product_brand","embeddable":true,"href":"https:\/\/autothaiduong.vn\/index.php?rest_route=%2Fwp%2Fv2%2Fproduct_brand&post=1580"},{"taxonomy":"product_cat","embeddable":true,"href":"https:\/\/autothaiduong.vn\/index.php?rest_route=%2Fwp%2Fv2%2Fproduct_cat&post=1580"},{"taxonomy":"product_tag","embeddable":true,"href":"https:\/\/autothaiduong.vn\/index.php?rest_route=%2Fwp%2Fv2%2Fproduct_tag&post=1580"}],"curies":[{"name":"wp","href":"https:\/\/api.w.org\/{rel}","templated":true}]}}