{"id":1588,"date":"2025-05-13T16:39:32","date_gmt":"2025-05-13T16:39:32","guid":{"rendered":"https:\/\/autothaiduong.vn\/?post_type=product&#038;p=1588"},"modified":"2025-05-13T16:40:35","modified_gmt":"2025-05-13T16:40:35","slug":"bi-led-titan-moto-f150-square","status":"publish","type":"product","link":"https:\/\/autothaiduong.vn\/?product=bi-led-titan-moto-f150-square","title":{"rendered":"BI LED TITAN MOTO F150 SQUARE"},"content":{"rendered":"<p><img loading=\"lazy\" decoding=\"async\" class=\" wp-image-1537 aligncenter\" src=\"https:\/\/autothaiduong.vn\/wp-content\/uploads\/2025\/05\/z6584734442481_f208f5944548cb4b46353402ce2e64e0-1.jpg\" alt=\"\" width=\"303\" height=\"268\" \/><\/p>\n<p style=\"text-align: center;\"><strong><span style=\"font-size: 150%; color: #ff0000;\">273-275 Tr\u1ea7n Ph\u00fa Ph\u01b0\u1eddng L\u1ed9c S\u01a1n Th\u00e0nh Ph\u1ed1 B\u1ea3o L\u1ed9c T\u1ec9nh L\u00e2m \u0110\u1ed3ng<\/span><\/strong><\/p>\n<p style=\"text-align: center;\"><strong><span style=\"font-size: 150%; color: #ff0000;\"> Hotline: 0912197441<\/span><\/strong><\/p>\n<p><img loading=\"lazy\" decoding=\"async\" class=\"alignnone size-full wp-image-1590\" src=\"https:\/\/autothaiduong.vn\/wp-content\/uploads\/2025\/05\/bi-led-titan-moto-f150-square-2.jpg\" alt=\"BI LED TITAN MOTO F150 SQUARE\" width=\"1280\" height=\"1280\" srcset=\"https:\/\/autothaiduong.vn\/wp-content\/uploads\/2025\/05\/bi-led-titan-moto-f150-square-2.jpg 1280w, https:\/\/autothaiduong.vn\/wp-content\/uploads\/2025\/05\/bi-led-titan-moto-f150-square-2-600x600.jpg 600w, https:\/\/autothaiduong.vn\/wp-content\/uploads\/2025\/05\/bi-led-titan-moto-f150-square-2-1024x1024.jpg 1024w, https:\/\/autothaiduong.vn\/wp-content\/uploads\/2025\/05\/bi-led-titan-moto-f150-square-2-300x300.jpg 300w, https:\/\/autothaiduong.vn\/wp-content\/uploads\/2025\/05\/bi-led-titan-moto-f150-square-2-768x768.jpg 768w, https:\/\/autothaiduong.vn\/wp-content\/uploads\/2025\/05\/bi-led-titan-moto-f150-square-2-100x100.jpg 100w\" sizes=\"auto, (max-width: 1280px) 100vw, 1280px\" \/><\/p>\n<h3><a id=\"3-1-thi--t-k--body-bi-led-titan-moto-f150-square\" class=\"toc-a-tag\"><\/a>3.1. Thi\u1ebft k\u1ebf body bi LED Titan Moto F150 Square<\/h3>\n<p>Bi LED Titan Moto F150 Square c\u00f3 k\u00edch th\u01b0\u1edbc nh\u1ecf g\u1ecdn v\u1edbi t\u1ed5ng chi\u1ec1u d\u00e0i ch\u1ec9 130mm, t\u0103ng kh\u1ea3 n\u0103ng l\u1eafp \u0111\u1eb7t linh ho\u1ea1t tr\u00ean nhi\u1ec1u lo\u1ea1i ph\u01b0\u01a1ng ti\u1ec7n, bao g\u1ed3m c\u1ea3 \u00f4 t\u00f4, xe m\u00e1y v\u00e0 nh\u1eefng xe c\u00f3 thi\u1ebft k\u1ebf h\u1ed1c \u0111\u00e8n ng\u1eafn.<\/p>\n<p><img loading=\"lazy\" decoding=\"async\" class=\"alignnone size-full wp-image-1591\" src=\"https:\/\/autothaiduong.vn\/wp-content\/uploads\/2025\/05\/bi-led-titan-moto-f150-square-3-1.jpg\" alt=\"\" width=\"1280\" height=\"1280\" srcset=\"https:\/\/autothaiduong.vn\/wp-content\/uploads\/2025\/05\/bi-led-titan-moto-f150-square-3-1.jpg 1280w, https:\/\/autothaiduong.vn\/wp-content\/uploads\/2025\/05\/bi-led-titan-moto-f150-square-3-1-600x600.jpg 600w, https:\/\/autothaiduong.vn\/wp-content\/uploads\/2025\/05\/bi-led-titan-moto-f150-square-3-1-1024x1024.jpg 1024w, https:\/\/autothaiduong.vn\/wp-content\/uploads\/2025\/05\/bi-led-titan-moto-f150-square-3-1-300x300.jpg 300w, https:\/\/autothaiduong.vn\/wp-content\/uploads\/2025\/05\/bi-led-titan-moto-f150-square-3-1-768x768.jpg 768w, https:\/\/autothaiduong.vn\/wp-content\/uploads\/2025\/05\/bi-led-titan-moto-f150-square-3-1-100x100.jpg 100w\" sizes=\"auto, (max-width: 1280px) 100vw, 1280px\" \/><\/p>\n<p>&nbsp;<\/p>\n<p>Thi\u1ebft k\u1ebf body Bi LED Titan Moto F150 Square<\/p>\n<h3><a id=\"3-2-h--th--ng-t--n-nhi--t-c--a-bi-led-titan-moto-f150-square\" class=\"toc-a-tag\"><\/a>3.2. H\u1ec7 th\u1ed1ng t\u1ea3n nhi\u1ec7t c\u1ee7a Bi LED Titan Moto F150 Square<\/h3>\n<p>Bi LED Titan Moto F150 Square \u0111\u00e3 nh\u1eadn \u0111\u01b0\u1ee3c s\u1ef1 \u0111\u00e1nh gi\u00e1 cao t\u1eeb nhi\u1ec1u chuy\u00ean gia trong ng\u00e0nh nh\u1edd v\u00e0o c\u00f4ng ngh\u1ec7 t\u1ea3n nhi\u1ec7t 3 l\u1edbp. \u0110i\u1ec3m \u0111\u00e1ng ch\u00fa \u00fd c\u1ee7a c\u00f4ng ngh\u1ec7 n\u00e0y l\u00e0 hi\u1ec7u qu\u1ea3 ho\u1ea1t \u0111\u1ed9ng cao, gi\u00fap \u0111\u1ea3m b\u1ea3o \u00e1nh s\u00e1ng lu\u00f4n duy tr\u00ec ch\u1ea5t l\u01b0\u1ee3ng t\u1ed1t ngay c\u1ea3 khi \u0111\u01b0\u1ee3c l\u1eafp \u0111\u1eb7t tr\u00ean nhi\u1ec1u lo\u1ea1i xe kh\u00e1c nhau, \u0111\u1ed3ng th\u1eddi h\u1ea1n ch\u1ebf t\u00ecnh tr\u1ea1ng t\u1ee5t s\u00e1ng. H\u1ec7 th\u1ed1ng t\u1ea3n nhi\u1ec7t 3 l\u1edbp c\u1ee7a \u0111\u00e8n \u0111\u01b0\u1ee3c chia th\u00e0nh hai ph\u1ea7n ch\u00ednh: t\u1ea3n nhi\u1ec7t k\u00e9p 2 qu\u1ea1t v\u00e0 t\u1ea3n nhi\u1ec7t \u0111\u1ed3ng.<\/p>\n<p>&#8211; T\u1ea3n nhi\u1ec7t k\u00e9p 2 qu\u1ea1t<\/p>\n<p>\u0110i\u1ec3m \u0111\u1ed9c \u0111\u00e1o c\u1ee7a Titan Moto F150 Square ch\u00ednh l\u00e0 c\u00f4ng ngh\u1ec7 t\u1ea3n nhi\u1ec7t k\u00e9p 2 qu\u1ea1t, v\u1edbi c\u01a1 ch\u1ebf ho\u1ea1t \u0111\u1ed9ng \u0111\u1ed3ng th\u1eddi. Kh\u00e1c v\u1edbi c\u00e1c s\u1ea3n ph\u1ea9m kh\u00e1c tr\u00ean th\u1ecb tr\u01b0\u1eddng, m\u1ed7i qu\u1ea1t c\u1ee7a Titan Moto F150 Square \u0111\u01b0\u1ee3c thi\u1ebft k\u1ebf \u0111\u1ec3 ho\u1ea1t \u0111\u1ed9ng \u0111\u1ed3ng th\u1eddi, gi\u00fap l\u00e0m m\u00e1t nhanh ch\u00f3ng cho c\u1ea3 h\u1ec7 th\u1ed1ng \u0111\u00e8n, t\u1ea1o \u0111i\u1ec1u ki\u1ec7n t\u1ed1i \u01b0u cho hi\u1ec7u su\u1ea5t chi\u1ebfu s\u00e1ng v\u00e0 \u0111\u1ed9 b\u1ec1n c\u1ee7a s\u1ea3n ph\u1ea9m.<\/p>\n<p>&#8211; T\u1ea3n nhi\u1ec7t \u0111\u1ed3ng<\/p>\n<p>Bi LED Titan Moto F150 Square s\u1edf h\u1eefu c\u00f4ng ngh\u1ec7 t\u1ea3n nhi\u1ec7t \u0111\u1ed3ng cao c\u1ea5p, gi\u00fap nhi\u1ec7t \u0111\u1ed9 sinh ra trong qu\u00e1 tr\u00ecnh ho\u1ea1t \u0111\u1ed9ng \u0111\u01b0\u1ee3c d\u1eabn \u0111i m\u1ed9t c\u00e1ch nhanh ch\u00f3ng, k\u1ebft h\u1ee3p v\u1edbi lu\u1ed3ng gi\u00f3 t\u1eeb hai qu\u1ea1t k\u00e9p, gi\u00fap l\u00e0m m\u00e1t \u0111\u00e8n m\u1ed9t c\u00e1ch hi\u1ec7u qu\u1ea3 v\u00e0 nhanh ch\u00f3ng.<\/p>\n<h3><a id=\"3-3-lens-c--a-bi-led-titan-moto-f150-square--ang-c--p-nh--t-\" class=\"toc-a-tag\"><\/a>3.3. Lens c\u1ee7a Bi LED Titan Moto F150 Square (\u0110ang c\u1eadp nh\u1eadt)<\/h3>\n<h3><a id=\"3-4-c-ng-ngh--chi--u-s-ng\" class=\"toc-a-tag\"><\/a>3.4. C\u00f4ng ngh\u1ec7 chi\u1ebfu s\u00e1ng<\/h3>\n<p>M\u1ed9t \u01b0u \u0111i\u1ec3m n\u1ed5i b\u1eadt kh\u00e1c c\u1ee7a Bi LED Titan Moto F150 Square ch\u00ednh l\u00e0 c\u00f4ng ngh\u1ec7 TIR Lens. \u0110\u00e2y kh\u00f4ng ph\u1ea3i l\u00e0 l\u1ea7n \u0111\u1ea7u ti\u00ean c\u00f4ng ngh\u1ec7 n\u00e0y \u0111\u01b0\u1ee3c s\u1eed d\u1ee5ng tr\u00ean m\u1ed9t d\u00f2ng s\u1ea3n ph\u1ea9m c\u1ee7a Titan. TIR Lens gi\u00fap \u0111\u00e8n \u0111\u1ea1t hi\u1ec7u qu\u1ea3 tho\u00e1t s\u00e1ng l\u00ean \u0111\u1ebfn 99% \u0111\u1ed1i v\u1edbi c\u00e1c d\u00f2ng xe c\u00f3 ch\u00f3a h\u1eb9p, gi\u00fap c\u1ea3i thi\u1ec7n \u0111\u1ed9 s\u00e1ng v\u00e0 hi\u1ec7u qu\u1ea3 chi\u1ebfu s\u00e1ng m\u00e0 c\u00f2n t\u1ea1o ra m\u1ed9t m\u00f4i tr\u01b0\u1eddng l\u00e1i xe an to\u00e0n v\u00e0 tho\u1ea3i m\u00e1i.<\/p>\n<h3><a id=\"3-5-c--u-h-nh--nh-s-ng-c--a-bi-led-titan-moto-f150-square\" class=\"toc-a-tag\"><\/a>3.5. C\u1ea5u h\u00ecnh \u00e1nh s\u00e1ng c\u1ee7a Bi LED Titan Moto F150 Square<\/h3>\n<p>Trong ph\u00e2n kh\u00fac \u0111\u00e8n xe m\u00e1y gi\u00e1 th\u00e0nh r\u1ebb, h\u1ea7u h\u1ebft c\u00e1c \u0111\u00e8n t\u0103ng s\u00e1ng th\u01b0\u1eddng s\u1eed d\u1ee5ng c\u1ea5u h\u00ecnh 6 chip LED. Tuy nhi\u00ean, s\u1ea3n ph\u1ea9m Titan Moto F150 Square \u0111\u00e3 \u0111\u01b0\u1ee3c trang b\u1ecb \u0111\u1ebfn 8 chip LED, v\u01b0\u1ee3t tr\u1ed9i h\u01a1n so v\u1edbi c\u00e1c \u0111\u1ed1i th\u1ee7 c\u00f9ng ph\u00e2n kh\u00fac. Trong \u0111\u00f3, 6 chip LED l\u1edbn \u0111\u01b0\u1ee3c s\u1eed d\u1ee5ng \u0111\u1ec3 t\u1ea1o v\u00f9ng s\u00e1ng r\u1ed9ng, bao ph\u1ee7 to\u00e0n b\u1ed9 m\u1eb7t \u0111\u01b0\u1eddng. \u0110\u1ed3ng th\u1eddi, 1+1 chip LED \u1edf ch\u00f3a ph\u1ea3n x\u1ea1 ph\u1ee5 \u0111\u01b0\u1ee3c t\u00edch h\u1ee3p \u0111\u1ec3 t\u1ea1o ra v\u00f9ng t\u00e2m s\u00e1ng \u0111\u1eadm v\u00e0 \u0111\u1ed3ng \u0111\u1ec1u, t\u1eeb \u0111\u00f3 n\u00e2ng cao kh\u1ea3 n\u0103ng chi\u1ebfu xa.<\/p>\n","protected":false},"excerpt":{"rendered":"<h2>Th\u00f4ng s\u1ed1 k\u1ef9 thu\u1eadt BI LED TITAN MOTO F150 SQUARE<\/h2>\n<table>\n<tbody>\n<tr>\n<td class=\"lileft\">N\u0103m s\u1ea3n xu\u1ea5t:<\/td>\n<td class=\"liright\">2024<\/td>\n<\/tr>\n<tr>\n<td class=\"lileft\">C\u00f4ng su\u1ea5t Cos:<\/td>\n<td class=\"liright\">60W<\/td>\n<\/tr>\n<tr>\n<td class=\"lileft\">C\u00f4ng su\u1ea5t Pha:<\/td>\n<td class=\"liright\">70W<\/td>\n<\/tr>\n<tr>\n<td class=\"lileft\">Nh\u00e2n LED:<\/td>\n<td class=\"liright\">Osram<\/td>\n<\/tr>\n<tr>\n<td class=\"lileft\">Lens:<\/td>\n<td class=\"liright\">AR<\/td>\n<\/tr>\n<tr>\n<td class=\"lileft\">Nhi\u1ec7t m\u00e0u:<\/td>\n<td class=\"liright\">5200K<\/td>\n<\/tr>\n<tr>\n<td class=\"lileft\">V\u1eadt li\u1ec7u t\u1ea3n nhi\u1ec7t:<\/td>\n<td class=\"liright\">\u0110\u1ed3ng<\/td>\n<\/tr>\n<tr>\n<td class=\"lileft\">Tu\u1ed5i th\u1ecd:<\/td>\n<td class=\"liright\">30.000 gi\u1edd<\/td>\n<\/tr>\n<tr>\n<td class=\"lileft\">\u0110i\u1ec7n \u00c1p:<\/td>\n<td class=\"liright\">12V &#8211; 16V<\/td>\n<\/tr>\n<tr>\n<td class=\"lileft\">S\u1ed1 nh\u00e2n LED:<\/td>\n<td class=\"liright\">6 (Big)<br \/>\n1+1 (Osram)<\/td>\n<\/tr>\n<tr>\n<td class=\"lileft\">B\u1ea3o h\u00e0nh:<\/td>\n<td class=\"liright\">24 th\u00e1ng<\/td>\n<\/tr>\n<tr>\n<td class=\"lileft\">Ch\u1ec9 s\u1ed1 ho\u00e0n m\u00e0u (CRI):<\/td>\n<td class=\"liright\">\u226585<\/td>\n<\/tr>\n<tr>\n<td class=\"lileft\">T\u1ea7m chi\u1ebfu xa:<\/td>\n<td class=\"liright\">\u0110ang c\u1eadp nh\u1eadt<\/td>\n<\/tr>\n<\/tbody>\n<\/table>\n","protected":false},"featured_media":1589,"comment_status":"open","ping_status":"closed","template":"","meta":[],"product_brand":[28],"product_cat":[16,26,67],"product_tag":[],"class_list":{"0":"post-1588","1":"product","2":"type-product","3":"status-publish","4":"has-post-thumbnail","6":"product_brand-titan","7":"product_cat-anh-sang","8":"product_cat-bi-led","9":"product_cat-phu-kien-vf3","11":"first","12":"instock","13":"shipping-taxable","14":"purchasable","15":"product-type-simple"},"_links":{"self":[{"href":"https:\/\/autothaiduong.vn\/index.php?rest_route=\/wp\/v2\/product\/1588","targetHints":{"allow":["GET"]}}],"collection":[{"href":"https:\/\/autothaiduong.vn\/index.php?rest_route=\/wp\/v2\/product"}],"about":[{"href":"https:\/\/autothaiduong.vn\/index.php?rest_route=\/wp\/v2\/types\/product"}],"replies":[{"embeddable":true,"href":"https:\/\/autothaiduong.vn\/index.php?rest_route=%2Fwp%2Fv2%2Fcomments&post=1588"}],"wp:featuredmedia":[{"embeddable":true,"href":"https:\/\/autothaiduong.vn\/index.php?rest_route=\/wp\/v2\/media\/1589"}],"wp:attachment":[{"href":"https:\/\/autothaiduong.vn\/index.php?rest_route=%2Fwp%2Fv2%2Fmedia&parent=1588"}],"wp:term":[{"taxonomy":"product_brand","embeddable":true,"href":"https:\/\/autothaiduong.vn\/index.php?rest_route=%2Fwp%2Fv2%2Fproduct_brand&post=1588"},{"taxonomy":"product_cat","embeddable":true,"href":"https:\/\/autothaiduong.vn\/index.php?rest_route=%2Fwp%2Fv2%2Fproduct_cat&post=1588"},{"taxonomy":"product_tag","embeddable":true,"href":"https:\/\/autothaiduong.vn\/index.php?rest_route=%2Fwp%2Fv2%2Fproduct_tag&post=1588"}],"curies":[{"name":"wp","href":"https:\/\/api.w.org\/{rel}","templated":true}]}}