{"id":1619,"date":"2025-05-15T13:55:29","date_gmt":"2025-05-15T13:55:29","guid":{"rendered":"https:\/\/autothaiduong.vn\/?post_type=product&#038;p=1619"},"modified":"2025-05-21T14:51:45","modified_gmt":"2025-05-21T14:51:45","slug":"bong-led-pha-a65","status":"publish","type":"product","link":"https:\/\/autothaiduong.vn\/?product=bong-led-pha-a65","title":{"rendered":"B\u00f3ng Led pha A65"},"content":{"rendered":"<p><img loading=\"lazy\" decoding=\"async\" class=\" wp-image-1537 aligncenter\" src=\"https:\/\/autothaiduong.vn\/wp-content\/uploads\/2025\/05\/z6584734442481_f208f5944548cb4b46353402ce2e64e0-1.jpg\" alt=\"\" width=\"304\" height=\"269\" \/><\/p>\n<p style=\"text-align: center;\"><span style=\"font-size: 150%;\"><strong><span style=\"color: #ff0000;\">273-275 Tr\u1ea7n Ph\u00fa Ph\u01b0\u1eddng L\u1ed9c S\u01a1n Th\u00e0nh Ph\u1ed1 B\u1ea3o L\u1ed9c T\u1ec9nh L\u00e2m \u0110\u1ed3ng\u00a0<\/span><\/strong><\/span><\/p>\n<p style=\"text-align: center;\"><span style=\"font-size: 150%;\"><strong><span style=\"color: #ff0000;\">Hotline: 0912197441<\/span><\/strong><\/span><\/p>\n<div>\n<p><iframe loading=\"lazy\" title=\"Khi C\u00f3 A65 - \u0110\u0103ng Ki\u1ec3m Kh\u00f4ng C\u00f2n Kh\u00f3 !!!\" src=\"https:\/\/www.youtube.com\/embed\/e0-o4k58RcQ?start=14&amp;feature=oembed\" width=\"1020\" height=\"574\" frameborder=\"0\" allowfullscreen=\"allowfullscreen\" data-mce-fragment=\"1\"><\/iframe><\/p>\n<\/div>\n<h2><strong>TH\u00d4NG S\u1ed0 K\u1ef8 THU\u1eacT<\/strong><\/h2>\n<table dir=\"ltr\" border=\"1\" width=\"260\" cellspacing=\"0\" cellpadding=\"0\">\n<tbody>\n<tr>\n<td>Lo\u1ea1i \u0111\u00e8n<\/td>\n<td>LED Headlight<\/td>\n<\/tr>\n<tr>\n<td>LED chip<\/td>\n<td>3570<\/td>\n<\/tr>\n<tr>\n<td>Quang th\u00f4ng<\/td>\n<td>6000LM<\/td>\n<\/tr>\n<tr>\n<td>Nhi\u1ec7t m\u00e0u<\/td>\n<td>5800K<\/td>\n<\/tr>\n<tr>\n<td>C\u00f4ng su\u1ea5t<\/td>\n<td>65W<\/td>\n<\/tr>\n<tr>\n<td>\u0110i\u1ec7n \u00e1p<\/td>\n<td>9-16V<\/td>\n<\/tr>\n<tr>\n<td>C\u01b0\u1eddng \u0111\u1ed9 d\u00f2ng \u0111i\u1ec7n<\/td>\n<td>3.3A<\/td>\n<\/tr>\n<tr>\n<td>Ch\u1ecbu nhi\u1ec7t<\/td>\n<td>-40\u00b0C \u0111\u1ebfn +105\u00b0C<\/td>\n<\/tr>\n<tr>\n<td>Kho\u1ea3ng c\u00e1ch chi\u1ebfu xa<\/td>\n<td>600m<\/td>\n<\/tr>\n<tr>\n<td>Tu\u1ed5i th\u1ecd<\/td>\n<td>&gt; 50.000 gi\u1edd<\/td>\n<\/tr>\n<tr>\n<td>Ch\u1ec9 s\u1ed1 ch\u1ed1ng n\u01b0\u1edbc<\/td>\n<td>IP65<\/td>\n<\/tr>\n<tr>\n<td>B\u1ea3o h\u00e0nh<\/td>\n<td>24 th\u00e1ng<\/td>\n<\/tr>\n<tr>\n<td>C\u00e1c ch\u00e2n<\/td>\n<td>H1, H4, H7, H11, 9005, 9006, 9012<\/td>\n<\/tr>\n<\/tbody>\n<\/table>\n<p>&nbsp;<\/p>\n<h2><strong>M\u00d4 T\u1ea2 S\u1ea2N PH\u1ea8M<\/strong><\/h2>\n<p>Bi LED A65 c\u1ee7a HCLight Auto \u0111\u01b0\u1ee3c thi\u1ebft k\u1ebf v\u1edbi nhi\u1ec1u \u01b0u \u0111i\u1ec3m v\u01b0\u1ee3t tr\u1ed9i so v\u1edbi c\u00e1c s\u1ea3nph\u1ea9m bi LED kh\u00e1c tr\u00ean th\u1ecb tr\u01b0\u1eddng. D\u01b0\u1edbi \u0111\u00e2y l\u00e0 nh\u1eefng \u0111i\u1ec3m n\u1ed5i b\u1eadt c\u1ee7a Bi LED A65:<\/p>\n<p><b>\u00c1nh s\u00e1ng m\u1ea1nh m\u1ebd:<\/b>\u00a0Bi LED A65 s\u1edf h\u1eefu c\u00f4ng su\u1ea5t 65W mang \u0111\u1ebfn kh\u1ea3 n\u0103ng chi\u1ebfu s\u00e1ng c\u1ef1c k\u1ef3 m\u1ea1nh m\u1ebd. C\u00f9ng v\u1edbi \u0111\u00f3 l\u00e0\u00a0c\u00f4ng ngh\u1ec7 Chip LED \u0111a l\u00f5i c\u1ea5p \u0111\u1ed9 \u00f4 t\u00f4 t\u1ed1t nh\u1ea5t t\u1ea1o ra ch\u00f9m tia t\u1eadp trung c\u00f3 kh\u1ea3 n\u0103ng c\u1eaft v\u00e0 gom s\u00e1ng c\u1ef1c t\u1ed1t, chi\u1ebfu xa \u0111\u1ebfn 600m\u00a0gi\u00fap b\u1ea1n quan s\u00e1t r\u00f5 r\u00e0ng h\u01a1n khi di chuy\u1ec3n trong \u0111i\u1ec1u ki\u1ec7n thi\u1ebfu s\u00e1ng v\u00e0 tr\u00ean nh\u1eefng cung \u0111\u01b0\u1eddng d\u00e0i.<\/p>\n<p><img loading=\"lazy\" decoding=\"async\" class=\"alignnone size-full wp-image-1620\" src=\"https:\/\/autothaiduong.vn\/wp-content\/uploads\/2025\/05\/DSCF5168-1-scaled-1.jpg\" alt=\"\" width=\"1280\" height=\"720\" srcset=\"https:\/\/autothaiduong.vn\/wp-content\/uploads\/2025\/05\/DSCF5168-1-scaled-1.jpg 1280w, https:\/\/autothaiduong.vn\/wp-content\/uploads\/2025\/05\/DSCF5168-1-scaled-1-600x338.jpg 600w, https:\/\/autothaiduong.vn\/wp-content\/uploads\/2025\/05\/DSCF5168-1-scaled-1-1024x576.jpg 1024w, https:\/\/autothaiduong.vn\/wp-content\/uploads\/2025\/05\/DSCF5168-1-scaled-1-768x432.jpg 768w\" sizes=\"auto, (max-width: 1280px) 100vw, 1280px\" \/><b>Nhi\u1ec7t m\u00e0u an to\u00e0n:<\/b>\u00a0Bi LED A65 cung c\u1ea5p c\u00f3 nhi\u1ec7t m\u00e0u 5800K, cho ra \u00e1nh s\u00e1ng tr\u1eafng s\u00e1ng, hi\u1ec7n \u0111\u1ea1i v\u00e0 sang tr\u1ecdng. \u00c1nh s\u00e1ng tr\u1eafng gi\u00fap t\u0103ng kh\u1ea3 n\u0103ng nh\u1eadn di\u1ec7n m\u00e0u s\u1eafc, gi\u1ea3m m\u1ecfi m\u1eaft khi l\u00e1i xe \u0111\u01b0\u1eddng d\u00e0i.<\/p>\n<p><img loading=\"lazy\" decoding=\"async\" class=\"alignnone size-full wp-image-1621\" src=\"https:\/\/autothaiduong.vn\/wp-content\/uploads\/2025\/05\/DSCF5161-2-scaled-1.jpg\" alt=\"\" width=\"1280\" height=\"720\" srcset=\"https:\/\/autothaiduong.vn\/wp-content\/uploads\/2025\/05\/DSCF5161-2-scaled-1.jpg 1280w, https:\/\/autothaiduong.vn\/wp-content\/uploads\/2025\/05\/DSCF5161-2-scaled-1-600x338.jpg 600w, https:\/\/autothaiduong.vn\/wp-content\/uploads\/2025\/05\/DSCF5161-2-scaled-1-1024x576.jpg 1024w, https:\/\/autothaiduong.vn\/wp-content\/uploads\/2025\/05\/DSCF5161-2-scaled-1-768x432.jpg 768w\" sizes=\"auto, (max-width: 1280px) 100vw, 1280px\" \/><b>Tu\u1ed5i th\u1ecd cao:<\/b>\u00a0Bi LED A65 c\u00f3 tu\u1ed5i th\u1ecd l\u00ean \u0111\u1ebfn 50.000 gi\u1edd, cao h\u01a1n nhi\u1ec1u so v\u1edbi c\u00e1c lo\u1ea1i b\u00f3ng \u0111\u00e8n th\u00f4ng th\u01b0\u1eddng. Nh\u1edd v\u1eady, b\u1ea1n c\u00f3 th\u1ec3 ti\u1ebft ki\u1ec7m chi ph\u00ed thay th\u1ebf b\u00f3ng \u0111\u00e8n trong th\u1eddi gian d\u00e0i.<\/p>\n<p><img loading=\"lazy\" decoding=\"async\" class=\"alignnone size-full wp-image-1622\" src=\"https:\/\/autothaiduong.vn\/wp-content\/uploads\/2025\/05\/DSCF5167-1-scaled-1.jpg\" alt=\"\" width=\"1280\" height=\"720\" srcset=\"https:\/\/autothaiduong.vn\/wp-content\/uploads\/2025\/05\/DSCF5167-1-scaled-1.jpg 1280w, https:\/\/autothaiduong.vn\/wp-content\/uploads\/2025\/05\/DSCF5167-1-scaled-1-600x338.jpg 600w, https:\/\/autothaiduong.vn\/wp-content\/uploads\/2025\/05\/DSCF5167-1-scaled-1-1024x576.jpg 1024w, https:\/\/autothaiduong.vn\/wp-content\/uploads\/2025\/05\/DSCF5167-1-scaled-1-768x432.jpg 768w\" sizes=\"auto, (max-width: 1280px) 100vw, 1280px\" \/><b>Thi\u1ebft k\u1ebf nh\u1ecf g\u1ecdn:<\/b>\u00a0Bi LED A65 c\u00f3 k\u00edch th\u01b0\u1edbc nh\u1ecf g\u1ecdn, d\u1ec5 d\u00e0ng l\u1eafp \u0111\u1eb7t v\u00e0o h\u1ea7u h\u1ebft c\u00e1c lo\u1ea1i xe \u00f4 t\u00f4.<\/p>\n<p><img loading=\"lazy\" decoding=\"async\" class=\"alignnone size-full wp-image-1623\" src=\"https:\/\/autothaiduong.vn\/wp-content\/uploads\/2025\/05\/DSCF5163-1-scaled-1.jpg\" alt=\"\" width=\"1280\" height=\"720\" srcset=\"https:\/\/autothaiduong.vn\/wp-content\/uploads\/2025\/05\/DSCF5163-1-scaled-1.jpg 1280w, https:\/\/autothaiduong.vn\/wp-content\/uploads\/2025\/05\/DSCF5163-1-scaled-1-600x338.jpg 600w, https:\/\/autothaiduong.vn\/wp-content\/uploads\/2025\/05\/DSCF5163-1-scaled-1-1024x576.jpg 1024w, https:\/\/autothaiduong.vn\/wp-content\/uploads\/2025\/05\/DSCF5163-1-scaled-1-768x432.jpg 768w\" sizes=\"auto, (max-width: 1280px) 100vw, 1280px\" \/><\/p>\n<p><b>Ch\u1ed1ng n\u01b0\u1edbc v\u00e0 b\u1ee5i b\u1ea9n:<\/b>\u00a0Bi LED A65 \u0111\u01b0\u1ee3c trang b\u1ecb ti\u00eau chu\u1ea9n ch\u1ed1ng n\u01b0\u1edbc v\u00e0 b\u1ee5i b\u1ea9n IP65, gi\u00fap b\u1ea1n y\u00ean t\u00e2m s\u1eed d\u1ee5ng trong m\u1ecdi \u0111i\u1ec1u ki\u1ec7n th\u1eddi ti\u1ebft.<\/p>\n<p><b>B\u1ea3o h\u00e0nh ch\u00ednh h\u00e3ng:<\/b>\u00a0Bi LED A65 \u0111\u01b0\u1ee3c b\u1ea3o h\u00e0nh ch\u00ednh h\u00e3ng 2 n\u0103m b\u1edfi HCLight Auto.<\/p>\n","protected":false},"excerpt":{"rendered":"<p><strong>C\u00f3 s\u1eb5n c\u00e1c ch\u00e2n b\u00f3ng: h4,h7,h11,9005,9006,&#8230;.<\/strong><\/p>\n<p>\u0110\u00e2y l\u00e0 b\u00f3ng \u0111\u00e8n LED phi\u00ean b\u1ea3n n\u00e2ng c\u1ea5p v\u01b0\u1ee3t tr\u1ed9i v\u1edbi\u00a0<em>\u00e1nh s\u00e1ng c\u1ef1c k\u1ef3 m\u1ea1nh m\u1ebd, c\u00f9ng v\u1edbi \u0111\u00f3 l\u00e0 tu\u1ed5i th\u1ecd cao<\/em>.\u00a0<strong>LED A65 HCL<\/strong>\u00a0v\u1edbi \u0111\u1ea7y \u0111\u1ee7 c\u00e1c ch\u00e2n ph\u1ed5 th\u00f4ng \u2013 l\u1eafp \u0111\u1eb7t d\u1ec5 d\u00e0ng, gi\u1eef nguy\u00ean zin \u0111\u00e8n xe, kh\u00f4ng h\u1ec1 g\u00e2y kh\u00f3 kh\u0103n trong qu\u00e1 tr\u00ecnh\u00a0<em>\u0111\u0103ng ki\u1ec3m.<\/em><\/p>\n<p><strong>LED A65 HCL<\/strong>\u00a0mang \u0111\u1ebfn m\u1ed9t tr\u1ea3i nghi\u1ec7m ho\u00e0n to\u00e0n m\u1edbi cho ng\u01b0\u1eddi d\u00f9ng.<\/p>\n<p>S\u1eed d\u1ee5ng c\u00f4ng ngh\u1ec7\u00a0<em>Chip LED \u0111a l\u00f5i<\/em>\u00a0c\u1ea5p \u0111\u1ed9 \u00f4 t\u00f4 t\u1ed1t nh\u1ea5t mang l\u1ea1i \u00e1nh s\u00e1ng \u0111\u1ec9nh cao, t\u1ea1o ra ch\u00f9m tia t\u1eadp trung c\u00f3 kh\u1ea3 n\u0103ng c\u1eaft v\u00e0 gom s\u00e1ng c\u1ef1c t\u1ed1t, chi\u1ebfu xa \u0111\u1ebfn\u00a0<strong>600m<\/strong>, c\u00f9ng v\u1edbi\u00a0<em>2 \u1ed1ng copper \u0111\u1ed3ng<\/em>\u00a0nguy\u00ean ch\u1ea5t gi\u00fap d\u1eabn nhi\u1ec7t v\u00e0 t\u1ea3n nhi\u1ec7t hi\u1ec7u qu\u1ea3 cao nh\u1ea5t, n\u00e2ng cao tu\u1ed5i th\u1ecd c\u1ee7a b\u00f3ng l\u00ean \u0111\u1ebfn h\u01a1n 50.000h. Ch\u00fang t\u00f4i t\u1ef1 h\u00e0o g\u1ecdi \u0111\u00f3 l\u00e0\u00a0<strong>Ti\u00eau chu\u1ea9n c\u00f4ng ngh\u1ec7 t\u1ea3n nhi\u1ec7t k\u00e9p c\u1ee7a HCL<\/strong>\u00a0n\u0103m 2023<\/p>\n<p>&nbsp;<\/p>\n<p><strong><em>*M\u1ee9c gi\u00e1 ni\u00eam y\u1ebft d\u01b0\u1edbi \u0111\u00e2y c\u1ee7a s\u1ea3n ph\u1ea9m \u0111\u00e3 bao g\u1ed3m t\u01b0 v\u1ea5n k\u0129 thu\u1eadt v\u00e0 c\u00f4ng l\u1eafp \u0111\u1eb7t<\/em><\/strong><\/p>\n","protected":false},"featured_media":1624,"comment_status":"open","ping_status":"closed","template":"","meta":[],"product_brand":[],"product_cat":[16,25],"product_tag":[],"class_list":{"0":"post-1619","1":"product","2":"type-product","3":"status-publish","4":"has-post-thumbnail","6":"product_cat-anh-sang","7":"product_cat-bong-led","9":"first","10":"instock","11":"shipping-taxable","12":"purchasable","13":"product-type-variable"},"_links":{"self":[{"href":"https:\/\/autothaiduong.vn\/index.php?rest_route=\/wp\/v2\/product\/1619","targetHints":{"allow":["GET"]}}],"collection":[{"href":"https:\/\/autothaiduong.vn\/index.php?rest_route=\/wp\/v2\/product"}],"about":[{"href":"https:\/\/autothaiduong.vn\/index.php?rest_route=\/wp\/v2\/types\/product"}],"replies":[{"embeddable":true,"href":"https:\/\/autothaiduong.vn\/index.php?rest_route=%2Fwp%2Fv2%2Fcomments&post=1619"}],"wp:featuredmedia":[{"embeddable":true,"href":"https:\/\/autothaiduong.vn\/index.php?rest_route=\/wp\/v2\/media\/1624"}],"wp:attachment":[{"href":"https:\/\/autothaiduong.vn\/index.php?rest_route=%2Fwp%2Fv2%2Fmedia&parent=1619"}],"wp:term":[{"taxonomy":"product_brand","embeddable":true,"href":"https:\/\/autothaiduong.vn\/index.php?rest_route=%2Fwp%2Fv2%2Fproduct_brand&post=1619"},{"taxonomy":"product_cat","embeddable":true,"href":"https:\/\/autothaiduong.vn\/index.php?rest_route=%2Fwp%2Fv2%2Fproduct_cat&post=1619"},{"taxonomy":"product_tag","embeddable":true,"href":"https:\/\/autothaiduong.vn\/index.php?rest_route=%2Fwp%2Fv2%2Fproduct_tag&post=1619"}],"curies":[{"name":"wp","href":"https:\/\/api.w.org\/{rel}","templated":true}]}}