{"id":1640,"date":"2025-05-15T14:10:17","date_gmt":"2025-05-15T14:10:17","guid":{"rendered":"https:\/\/autothaiduong.vn\/?post_type=product&#038;p=1640"},"modified":"2025-05-15T14:10:24","modified_gmt":"2025-05-15T14:10:24","slug":"bi-led-x-light-v30-ultra-2023","status":"publish","type":"product","link":"https:\/\/autothaiduong.vn\/?product=bi-led-x-light-v30-ultra-2023","title":{"rendered":"BI LED X-LIGHT V30 ULTRA 2023"},"content":{"rendered":"<p><img loading=\"lazy\" decoding=\"async\" class=\" wp-image-1537 aligncenter\" src=\"https:\/\/autothaiduong.vn\/wp-content\/uploads\/2025\/05\/z6584734442481_f208f5944548cb4b46353402ce2e64e0-1.jpg\" alt=\"\" width=\"254\" height=\"225\" \/><\/p>\n<p style=\"text-align: center;\"><span style=\"color: #ff0000; font-size: 150%;\"><strong>273-275 Tr\u1ea7n Ph\u00fa Ph\u01b0\u1eddng L\u1ed9c S\u01a1n Th\u00e0nh Ph\u1ed1 B\u1ea3o L\u1ed9c T\u1ec9nh L\u00e2m \u0110\u1ed3ng<\/strong><\/span><\/p>\n<p style=\"text-align: center;\"><span style=\"color: #ff0000; font-size: 150%;\"><strong> Hotline: 0912197441<\/strong><\/span><\/p>\n<p>Bi LED X-Light V30 Ultra 2023 l\u00e0 s\u1ea3n ph\u1ea9m \u0111\u01b0\u1ee3c k\u1ebft h\u1ee3p c\u00f4ng su\u1ea5t m\u1ea1nh m\u1ebd gi\u1eefa cos v\u00e0 pha, \u0111\u1eb7c bi\u1ec7t phi\u00ean b\u1ea3n V30 Ultra 2023 \u0111\u01b0\u1ee3c n\u00e2ng c\u1ea5p th\u00e0nh nhi\u1ec7t m\u00e0u 5500k, mang l\u1ea1i \u00e1nh s\u00e1ng m\u1ea1nh v\u00e0 ng\u1ea3 v\u00e0ng h\u01a1n so v\u1edbi phi\u00ean b\u1ea3n ti\u1ec1n nhi\u1ec7m, \u0111\u00e2y c\u0169ng l\u00e0 nhi\u1ec7t m\u00e0u \u0111\u01b0\u1ee3c m\u1ecdi ng\u01b0\u1eddi \u01b0a chu\u1ed9ng trong 2023.<\/p>\n<p><img loading=\"lazy\" decoding=\"async\" class=\"alignnone size-full wp-image-1642\" src=\"https:\/\/autothaiduong.vn\/wp-content\/uploads\/2025\/05\/3-4.jpg\" width=\"1280\" height=\"1280\" srcset=\"https:\/\/autothaiduong.vn\/wp-content\/uploads\/2025\/05\/3-4.jpg 1280w, https:\/\/autothaiduong.vn\/wp-content\/uploads\/2025\/05\/3-4-600x600.jpg 600w, https:\/\/autothaiduong.vn\/wp-content\/uploads\/2025\/05\/3-4-1024x1024.jpg 1024w, https:\/\/autothaiduong.vn\/wp-content\/uploads\/2025\/05\/3-4-300x300.jpg 300w, https:\/\/autothaiduong.vn\/wp-content\/uploads\/2025\/05\/3-4-768x768.jpg 768w, https:\/\/autothaiduong.vn\/wp-content\/uploads\/2025\/05\/3-4-100x100.jpg 100w\" sizes=\"auto, (max-width: 1280px) 100vw, 1280px\" \/><\/p>\n<h2 id=\"Thiet-ke-ngoai-hinh-tinh-te-va-ti-mi\"><a id=\"1-thi--t-k--ngo--i-h-nh-tinh-t--v--t--m--\" class=\"toc-a-tag\"><\/a>1. Thi\u1ebft k\u1ebf ngo\u1ea1i h\u00ecnh tinh t\u1ebf v\u00e0 t\u1ec9 m\u1ec9<\/h2>\n<p>\u0110\u00e8n bi LED X &#8211; Light V30 Ultra 2023 \u0111\u01b0\u1ee3c thi\u1ebft k\u1ebf v\u1eabn gi\u1eef nguy\u00ean ngo\u1ea1i h\u00ecnh c\u1ee7a phi\u00ean b\u1ea3n ti\u1ec1n nhi\u1ec7m, mang s\u1eafc \u0111en huy\u1ec1n b\u00ed gi\u00fap s\u1ea3n ph\u1ea9m sang tr\u1ecdng v\u00e0 tinh t\u1ebf h\u01a1n. Ph\u1ea7n khung \u0111\u00e8n \u0111\u01b0\u1ee3c l\u00e0m b\u1eb1ng Aluminum nguy\u00ean kh\u1ed1i gi\u00fap s\u1ea3n ph\u1ea9m tr\u1edf n\u00ean c\u1ee9ng c\u00e1p, ph\u1ea7n th\u00e2n s\u1ea3n ph\u1ea9m \u0111\u01b0\u1ee3c s\u01a1n m\u1ed9t l\u1edbp t\u0129nh \u0111i\u1ec7n \u0111en nh\u00e1m gi\u00fap b\u1ea3o v\u1ec7 s\u1ea3n ph\u1ea9m \u0111\u01b0\u1ee3c kh\u1ecfi c\u00e1c t\u00e1c \u0111\u1ed9ng b\u00ean ngo\u00e0i m\u00f4i tr\u01b0\u1eddng.<\/p>\n<p><img loading=\"lazy\" decoding=\"async\" class=\"alignnone size-full wp-image-1643\" src=\"https:\/\/autothaiduong.vn\/wp-content\/uploads\/2025\/05\/4-5.jpg\" width=\"1280\" height=\"1280\" srcset=\"https:\/\/autothaiduong.vn\/wp-content\/uploads\/2025\/05\/4-5.jpg 1280w, https:\/\/autothaiduong.vn\/wp-content\/uploads\/2025\/05\/4-5-600x600.jpg 600w, https:\/\/autothaiduong.vn\/wp-content\/uploads\/2025\/05\/4-5-1024x1024.jpg 1024w, https:\/\/autothaiduong.vn\/wp-content\/uploads\/2025\/05\/4-5-300x300.jpg 300w, https:\/\/autothaiduong.vn\/wp-content\/uploads\/2025\/05\/4-5-768x768.jpg 768w, https:\/\/autothaiduong.vn\/wp-content\/uploads\/2025\/05\/4-5-100x100.jpg 100w\" sizes=\"auto, (max-width: 1280px) 100vw, 1280px\" \/><\/p>\n<h2 id=\"Anh-sang-duoc-cai-tien\"><a id=\"2--nh-s-ng----c-c--i-ti--n-nbsp-\" class=\"toc-a-tag\"><\/a>2. \u00c1nh s\u00e1ng \u0111\u01b0\u1ee3c c\u1ea3i ti\u1ebfn.<\/h2>\n<p>X &#8211; Light V30 Ultra 2023 \u0111\u01b0\u1ee3c trang b\u1ecb 12 chip LED v\u1edbi 9 nh\u00e2n LED \u1edf ch\u00f3a ph\u1ea3n x\u1ea1 ch\u00ednh v\u00e0 3 nh\u00e2n LED \u1edf ch\u00f3a ph\u1ea3n x\u1ea1 ph\u1ee5, cho ra c\u00f4ng su\u1ea5t \u1edf ch\u1ebf \u0111\u1ed9 cos (low beam) 75W, t\u0103ng kh\u1ea3 n\u0103ng s\u00e1ng h\u01a1n v\u00e0 gom \u00e1nh s\u00e1ng t\u1ed1t h\u01a1n 50% so v\u1edbi phi\u00ean b\u1ea3n ti\u1ec1n nhi\u1ec7m tr\u01b0\u1edbc \u0111\u00f3. \u1ede ch\u1ebf \u0111\u1ed9 pha (High beam) cho ra c\u00f4ng su\u1ea5t 85W, c\u1ea3i thi\u1ec7n \u00e1nh s\u00e1ng 30% so v\u1edbi phi\u00ean b\u1ea3n tr\u01b0\u1edbc.<\/p>\n<p>X-Light V30 Ultra 2023 c\u00f3 \u0111\u1ed9 ho\u00e0n m\u00e0u CRI&gt;90, ch\u1ec9 s\u1ed1 ph\u1ea3n \u00e1nh \u0111\u1ed9 trung th\u1ef1c c\u1ee7a m\u00e0u s\u1eafc v\u1eadt th\u1ec3 \u0111\u01b0\u1ee3c chi\u1ebfu s\u00e1ng, gi\u1ea3m t\u00ecnh tr\u1ea1ng g\u00e2y m\u1ecfi m\u1eaft c\u0169ng nh\u01b0 g\u00e2y ch\u00f3i l\u00f3a cho ng\u01b0\u1eddi \u0111\u1ed1i di\u1ec7n.<\/p>\n<p><img loading=\"lazy\" decoding=\"async\" class=\"alignnone size-full wp-image-1644\" src=\"https:\/\/autothaiduong.vn\/wp-content\/uploads\/2025\/05\/COS-5.jpg\" width=\"1152\" height=\"1152\" srcset=\"https:\/\/autothaiduong.vn\/wp-content\/uploads\/2025\/05\/COS-5.jpg 1152w, https:\/\/autothaiduong.vn\/wp-content\/uploads\/2025\/05\/COS-5-600x600.jpg 600w, https:\/\/autothaiduong.vn\/wp-content\/uploads\/2025\/05\/COS-5-1024x1024.jpg 1024w, https:\/\/autothaiduong.vn\/wp-content\/uploads\/2025\/05\/COS-5-300x300.jpg 300w, https:\/\/autothaiduong.vn\/wp-content\/uploads\/2025\/05\/COS-5-768x768.jpg 768w, https:\/\/autothaiduong.vn\/wp-content\/uploads\/2025\/05\/COS-5-100x100.jpg 100w\" sizes=\"auto, (max-width: 1152px) 100vw, 1152px\" \/><\/p>\n<p><span style=\"color: #000000; font-family: Times New Roman, Times, serif;\">\u00c1nh s\u00e1ng Cos<\/span><\/p>\n<p><span style=\"color: #000000; font-family: Times New Roman, Times, serif;\"><img loading=\"lazy\" decoding=\"async\" class=\"alignnone size-full wp-image-1645\" src=\"https:\/\/autothaiduong.vn\/wp-content\/uploads\/2025\/05\/PHA-5.jpg\" width=\"1152\" height=\"1152\" alt=\"\" srcset=\"https:\/\/autothaiduong.vn\/wp-content\/uploads\/2025\/05\/PHA-5.jpg 1152w, https:\/\/autothaiduong.vn\/wp-content\/uploads\/2025\/05\/PHA-5-600x600.jpg 600w, https:\/\/autothaiduong.vn\/wp-content\/uploads\/2025\/05\/PHA-5-1024x1024.jpg 1024w, https:\/\/autothaiduong.vn\/wp-content\/uploads\/2025\/05\/PHA-5-300x300.jpg 300w, https:\/\/autothaiduong.vn\/wp-content\/uploads\/2025\/05\/PHA-5-768x768.jpg 768w, https:\/\/autothaiduong.vn\/wp-content\/uploads\/2025\/05\/PHA-5-100x100.jpg 100w\" sizes=\"auto, (max-width: 1152px) 100vw, 1152px\" \/><\/span><\/p>\n<p><span style=\"color: #000000; font-family: Times New Roman, Times, serif;\">\u00c1nh s\u00e1ng Pha<\/span><\/p>\n<p>X-Light V30 Ultra 2023 s\u1edf h\u1eefu nhi\u1ec7t m\u00e0u 5500k \u0111\u00e2y l\u00e0 phi\u00ean b\u1ea3n nhi\u1ec7t m\u00e0u \u0111\u01b0\u1ee3c trang b\u1ecb \u0111\u1ea7u ti\u00ean \u1edf c\u00e1c s\u1ea3n ph\u1ea9m \u0111\u00e8n LED \u0111\u01b0\u1ee3c tung ra th\u1ecb tr\u01b0\u1eddng v\u00e0 \u0111\u01b0\u1ee3c \u0111\u00e1nh gi\u00e1 l\u00e0 xu h\u01b0\u1edbng nhi\u1ec7t m\u00e0u n\u0103m 2023, th\u00edch h\u1ee3p cho vi\u1ec7c \u0111i m\u01b0a, s\u01b0\u01a1ng m\u00f9 nh\u1eb9, \u0111\u1eb7c bi\u1ec7t phi\u00ean b\u1ea3n nhi\u1ec7t m\u00e0u 5500k cho ra \u00e1nh s\u00e1ng h\u01a1i ng\u1ea3 v\u00e0ng, ph\u00f9 h\u1ee3p cho nh\u1eefng ng\u01b0\u1eddi hay di chuy\u1ec3n ngo\u1ea1i \u00f4, nh\u1eefng n\u01a1i g\u1eadp gh\u1ec1nh kh\u00f3 \u0111i.<\/p>\n<h2 id=\"He-thong-tan-nhiet-va-quat-tan-nhiet-the-he-moi\"><a id=\"3-h--th--ng-t--n-nhi--t-v--qu--t-t--n-nhi--t-th--h--m--i\" class=\"toc-a-tag\"><\/a>3. H\u1ec7 th\u1ed1ng t\u1ea3n nhi\u1ec7t v\u00e0 qu\u1ea1t t\u1ea3n nhi\u1ec7t th\u1ebf h\u1ec7 m\u1edbi<\/h2>\n<p>X &#8211; Light V30 Ultra 2023 c\u00f3 c\u00f4ng su\u1ea5t cos &#8211; pha kh\u00e1 l\u1edbn n\u00ean l\u01b0\u1ee3ng nhi\u1ec7t t\u1ecfa ra kh\u00e1 nhi\u1ec1u, \u0111\u00e2y l\u00e0 \u0111i\u1ec1u kh\u00f4ng th\u1ec3 tr\u00e1nh kh\u1ecfi. X-Light trang b\u1ecb h\u1ec7 th\u1ed1ng t\u1ea3n nhi\u1ec7t v\u1edbi qu\u1ea1t t\u1ea3n nhi\u1ec7t c\u00f4ng ngh\u1ec7 m\u1edbi gi\u00fap kh\u00ed l\u01b0u th\u00f4ng qua c\u00e1c r\u00e3nh c\u1ee7a v\u1eadt li\u1ec7u t\u1ea3n nhi\u1ec7t, gi\u00fap kh\u00ed l\u01b0u th\u00f4ng l\u1edbn h\u01a1n 20% so v\u1edbi phi\u00ean b\u1ea3n ti\u1ec1n nhi\u1ec7m, duy tr\u00ec \u0111\u01b0\u1ee3c s\u1ef1 \u1ed5n \u0111\u1ecbnh, kh\u00f4ng b\u1ecb gi\u1ea3m c\u00f4ng su\u1ea5t khi ho\u1ea1t \u0111\u1ed9ng th\u1eddi gian d\u00e0i.<\/p>\n<p>&nbsp;<\/p>\n<p><img loading=\"lazy\" decoding=\"async\" class=\"alignnone size-full wp-image-1646\" src=\"https:\/\/autothaiduong.vn\/wp-content\/uploads\/2025\/05\/5-1.jpg\" width=\"1280\" height=\"1280\" srcset=\"https:\/\/autothaiduong.vn\/wp-content\/uploads\/2025\/05\/5-1.jpg 1280w, https:\/\/autothaiduong.vn\/wp-content\/uploads\/2025\/05\/5-1-600x600.jpg 600w, https:\/\/autothaiduong.vn\/wp-content\/uploads\/2025\/05\/5-1-1024x1024.jpg 1024w, https:\/\/autothaiduong.vn\/wp-content\/uploads\/2025\/05\/5-1-300x300.jpg 300w, https:\/\/autothaiduong.vn\/wp-content\/uploads\/2025\/05\/5-1-768x768.jpg 768w, https:\/\/autothaiduong.vn\/wp-content\/uploads\/2025\/05\/5-1-100x100.jpg 100w\" sizes=\"auto, (max-width: 1280px) 100vw, 1280px\" \/><\/p>\n<h2 id=\"Cong-nghe-AR-Pro-hoan-toan-moi\"><a id=\"4-c-ng-ngh--ar-pro-ho-n-to-n-m--i\" class=\"toc-a-tag\"><\/a>4. C\u00f4ng ngh\u1ec7 AR Pro ho\u00e0n to\u00e0n m\u1edbi<\/h2>\n<p>Lens X-Light V30 Ultra 2023 \u0111\u01b0\u1ee3c tr\u00e1ng ph\u1ee7 m\u1ed9t l\u1edbp AR Pro th\u1ebf h\u1ec7 m\u1edbi, \u00e1nh t\u00edm sang tr\u1ecdng, gia t\u0103ng kh\u1ea3 n\u0103ng gom s\u00e1ng h\u01a1n 20%, gi\u1ea3m t\u1ed1i thi\u1ec3u vi\u1ec7c ch\u00f3i l\u00f3a cho ng\u01b0\u1eddi \u0111\u1ed1i di\u1ec7n, \u0111\u1ea3m b\u1ea3o \u0111\u01b0\u1ee3c \u0111\u1ed9 an to\u00e0n khi tham gia giao th\u00f4ng v\u00e0 t\u0103ng kh\u1ea3 n\u0103ng b\u00e1m \u0111\u01b0\u1eddng khi \u00e1nh s\u00e1ng \u0111\u01b0\u1ee3c ph\u00e1t ra.<br \/>\nNgo\u00e0i ra, c\u00f4ng ngh\u1ec7 tr\u00e1ng ph\u1ee7 c\u00f4ng ngh\u1ec7 AR Pro c\u00f2n gi\u00fap b\u1ea3o v\u1ec7 lens kh\u1ecfi c\u00e1c t\u00e1c \u0111\u1ed9ng c\u1ee7a m\u00f4i tr\u01b0\u1eddng g\u00e2y h\u1ea1i \u0111\u1ebfn b\u1ec1 m\u1eb7t s\u1ea3n ph\u1ea9m nh\u01b0 tr\u1ea7y, x\u01b0\u1edbc.<\/p>\n<h2 id=\"Dia-diem-lap-dat\"><a id=\"5----a--i--m-l--p---t\" class=\"toc-a-tag\"><\/a>5. \u0110\u1ecba \u0111i\u1ec3m l\u1eafp \u0111\u1eb7t<\/h2>\n<p>X-Light V30 Ultra 2023 phi\u00ean b\u1ea3n nhi\u1ec7t m\u00e0u 5500k hi\u1ec7n t\u1ea1i \u0111\u00e3 c\u00f3 m\u1eb7t t\u1ea1i c\u1eeda h\u00e0ng X-Light tr\u00ean to\u00e0n qu\u1ed1c, qu\u00fd kh\u00e1ch c\u00f3 nhu c\u1ea7u l\u1eafp \u0111\u1eb7t vui l\u00f2ng li\u00ean h\u1ec7 hotline ho\u1eb7c \u0111\u1ebfn \u0111\u1ecba ch\u1ec9 khu v\u1ef1c qu\u00fd kh\u00e1ch \u0111ang sinh s\u1ed1ng.<\/p>\n<p><span style=\"color: #ff0000;\">Auto Th\u00e1i D\u01b0\u01a1ng<\/span> &#8211; \u0110\u1ea1i l\u00ed ch\u00ednh h\u00e3ng<strong> X-light<\/strong> t\u1ea1i <strong>TP.B\u1ea3o L\u1ed9c<\/strong><\/p>\n<h2 id=\"Tong-ket\"><a id=\"6-t--ng-k--t\" class=\"toc-a-tag\"><\/a>6. T\u1ed5ng k\u1ebft<\/h2>\n<p>S\u1ea3n ph\u1ea9m X-Light V30 Ultra 2023 nhi\u1ec7t m\u00e0u 00k m\u1edbi, ph\u00f9 h\u1ee3p nhu c\u1ea7u cho kh\u00e1ch h\u00e0ng hay di chuy\u1ec3n n\u1ed9i ngo\u1ea1i th\u00e0nh, \u0111i m\u01b0a, s\u01b0\u01a1ng m\u00f9 nh\u1eb9. \u0110\u1eb7c t\u00ednh cos r\u1ed9ng v\u00e0 cao nh\u01b0ng kh\u00f4ng g\u00e2y ch\u00f3i l\u00f3a cho ng\u01b0\u1eddi \u0111\u1ed1i di\u1ec7n, cho ra \u00e1nh s\u00e1ng m\u1ecbn gi\u00fap l\u01b0u th\u00f4ng \u0111\u01b0\u1ee3c an to\u00e0n. \u0110\u00e2y l\u00e0 s\u1ea3n ph\u1ea9m kh\u00f4ng g\u00e2y th\u1ea5t v\u1ecdng cho b\u1ea1n n\u1ebfu nh\u01b0 b\u1ea1n v\u1eabn \u0111ang t\u00ecm ki\u1ebfm s\u1ef1 m\u1edbi l\u1ea1 v\u1edbi c\u00e1c phi\u00ean b\u1ea3n \u0111\u00e8n t\u0103ng s\u00e1ng cho xe.<\/p>\n","protected":false},"excerpt":{"rendered":"<h2>Th\u00f4ng s\u1ed1 k\u1ef9 thu\u1eadt BI LED X-LIGHT V30 ULTRA 2023<\/h2>\n<table>\n<tbody>\n<tr>\n<td class=\"lileft\">T\u00ean S\u1ea3n Ph\u1ea9m:<\/td>\n<td class=\"liright\">BI LED X-LIGHT V30 ULTRA 2023<\/td>\n<\/tr>\n<tr>\n<td class=\"lileft\">Lo\u1ea1i \u0110\u00e8n:<\/td>\n<td class=\"liright\">BI LED<\/td>\n<\/tr>\n<tr>\n<td class=\"lileft\">Th\u01b0\u01a1ng Hi\u1ec7u:<\/td>\n<td class=\"liright\">X-LIGHT<\/td>\n<\/tr>\n<tr>\n<td class=\"lileft\">N\u0103m s\u1ea3n xu\u1ea5t:<\/td>\n<td class=\"liright\">2023<\/td>\n<\/tr>\n<tr>\n<td class=\"lileft\">C\u00f4ng Su\u1ea5t Cos:<\/td>\n<td class=\"liright\">75W<\/td>\n<\/tr>\n<tr>\n<td class=\"lileft\">C\u00f4ng Su\u1ea5t Pha:<\/td>\n<td class=\"liright\">85W<\/td>\n<\/tr>\n<tr>\n<td class=\"lileft\">Nh\u00e2n LED:<\/td>\n<td class=\"liright\">9+3 (X-Light Custom)<\/td>\n<\/tr>\n<tr>\n<td class=\"lileft\">Nhi\u1ec7t m\u00e0u:<\/td>\n<td class=\"liright\">5500k<\/td>\n<\/tr>\n<tr>\n<td class=\"lileft\">H\u1ec7 Th\u1ed1ng T\u1ea3n Nhi\u1ec7t:<\/td>\n<td class=\"liright\">Black Aluminum<\/td>\n<\/tr>\n<tr>\n<td class=\"lileft\">Tu\u1ed5i th\u1ecd:<\/td>\n<td class=\"liright\">30.000 gi\u1edd<\/td>\n<\/tr>\n<tr>\n<td class=\"lileft\">\u0110i\u1ec7n \u00c1p:<\/td>\n<td class=\"liright\">12V<\/td>\n<\/tr>\n<tr>\n<td class=\"lileft\">K\u00edch Th\u01b0\u1edbc Lens:<\/td>\n<td class=\"liright\">3 inch<\/td>\n<\/tr>\n<tr>\n<td class=\"lileft\">B\u1ea3o h\u00e0nh:<\/td>\n<td class=\"liright\">36 th\u00e1ng<\/td>\n<\/tr>\n<\/tbody>\n<\/table>\n","protected":false},"featured_media":1642,"comment_status":"open","ping_status":"closed","template":"","meta":[],"product_brand":[134],"product_cat":[16,26],"product_tag":[],"class_list":{"0":"post-1640","1":"product","2":"type-product","3":"status-publish","4":"has-post-thumbnail","6":"product_brand-x-light","7":"product_cat-anh-sang","8":"product_cat-bi-led","10":"first","11":"instock","12":"shipping-taxable","13":"purchasable","14":"product-type-simple"},"_links":{"self":[{"href":"https:\/\/autothaiduong.vn\/index.php?rest_route=\/wp\/v2\/product\/1640","targetHints":{"allow":["GET"]}}],"collection":[{"href":"https:\/\/autothaiduong.vn\/index.php?rest_route=\/wp\/v2\/product"}],"about":[{"href":"https:\/\/autothaiduong.vn\/index.php?rest_route=\/wp\/v2\/types\/product"}],"replies":[{"embeddable":true,"href":"https:\/\/autothaiduong.vn\/index.php?rest_route=%2Fwp%2Fv2%2Fcomments&post=1640"}],"wp:featuredmedia":[{"embeddable":true,"href":"https:\/\/autothaiduong.vn\/index.php?rest_route=\/wp\/v2\/media\/1642"}],"wp:attachment":[{"href":"https:\/\/autothaiduong.vn\/index.php?rest_route=%2Fwp%2Fv2%2Fmedia&parent=1640"}],"wp:term":[{"taxonomy":"product_brand","embeddable":true,"href":"https:\/\/autothaiduong.vn\/index.php?rest_route=%2Fwp%2Fv2%2Fproduct_brand&post=1640"},{"taxonomy":"product_cat","embeddable":true,"href":"https:\/\/autothaiduong.vn\/index.php?rest_route=%2Fwp%2Fv2%2Fproduct_cat&post=1640"},{"taxonomy":"product_tag","embeddable":true,"href":"https:\/\/autothaiduong.vn\/index.php?rest_route=%2Fwp%2Fv2%2Fproduct_tag&post=1640"}],"curies":[{"name":"wp","href":"https:\/\/api.w.org\/{rel}","templated":true}]}}