{"id":1647,"date":"2025-05-15T14:15:14","date_gmt":"2025-05-15T14:15:14","guid":{"rendered":"https:\/\/autothaiduong.vn\/?post_type=product&#038;p=1647"},"modified":"2025-05-15T14:15:47","modified_gmt":"2025-05-15T14:15:47","slug":"bi-led-titan-gold-3-0","status":"publish","type":"product","link":"https:\/\/autothaiduong.vn\/?product=bi-led-titan-gold-3-0","title":{"rendered":"BI LED TITAN GOLD 3.0"},"content":{"rendered":"<p><img loading=\"lazy\" decoding=\"async\" class=\" wp-image-1537 aligncenter\" src=\"https:\/\/autothaiduong.vn\/wp-content\/uploads\/2025\/05\/z6584734442481_f208f5944548cb4b46353402ce2e64e0-1.jpg\" alt=\"\" width=\"323\" height=\"285\" \/><\/p>\n<p style=\"text-align: center;\"><span style=\"font-size: 150%;\"><strong><span style=\"color: #ff0000;\">273-275 Tr\u1ea7n Ph\u00fa Ph\u01b0\u1eddng L\u1ed9c S\u01a1n Th\u00e0nh Ph\u1ed1 B\u1ea3o L\u1ed9c T\u1ec9nh L\u00e2m \u0110\u1ed3ng <\/span><\/strong><\/span><\/p>\n<p style=\"text-align: center;\"><span style=\"font-size: 150%;\"><strong><span style=\"color: #ff0000;\">Hotline: 0912197441<\/span><\/strong><\/span><\/p>\n<p><img loading=\"lazy\" decoding=\"async\" class=\"alignnone size-full wp-image-1649\" src=\"https:\/\/autothaiduong.vn\/wp-content\/uploads\/2025\/05\/cong-nghe.jpg\" alt=\"BI LED TITAN GOLD 3.0\" width=\"1280\" height=\"853\" srcset=\"https:\/\/autothaiduong.vn\/wp-content\/uploads\/2025\/05\/cong-nghe.jpg 1280w, https:\/\/autothaiduong.vn\/wp-content\/uploads\/2025\/05\/cong-nghe-600x400.jpg 600w, https:\/\/autothaiduong.vn\/wp-content\/uploads\/2025\/05\/cong-nghe-1024x682.jpg 1024w, https:\/\/autothaiduong.vn\/wp-content\/uploads\/2025\/05\/cong-nghe-768x512.jpg 768w\" sizes=\"auto, (max-width: 1280px) 100vw, 1280px\" \/><\/p>\n<h2><a id=\"1-1-h-nh--nh-th--c-t--cos-c--a-bi-led-titan-gold-3-0\" class=\"toc-a-tag\"><\/a>1.1 H\u00ecnh \u1ea3nh th\u1ef1c t\u1ebf Cos c\u1ee7a Bi LED Titan Gold 3.0<\/h2>\n<ul>\n<li aria-level=\"1\">Test b\u1ea3ng canh \u0111\u00e8n<\/li>\n<li aria-level=\"1\">Test th\u1ef1c t\u1ebf<\/li>\n<\/ul>\n<p><img loading=\"lazy\" decoding=\"async\" class=\"alignnone size-full wp-image-1650\" src=\"https:\/\/autothaiduong.vn\/wp-content\/uploads\/2025\/05\/Cos-6.jpg\" alt=\"\" width=\"1280\" height=\"1280\" srcset=\"https:\/\/autothaiduong.vn\/wp-content\/uploads\/2025\/05\/Cos-6.jpg 1280w, https:\/\/autothaiduong.vn\/wp-content\/uploads\/2025\/05\/Cos-6-600x600.jpg 600w, https:\/\/autothaiduong.vn\/wp-content\/uploads\/2025\/05\/Cos-6-1024x1024.jpg 1024w, https:\/\/autothaiduong.vn\/wp-content\/uploads\/2025\/05\/Cos-6-300x300.jpg 300w, https:\/\/autothaiduong.vn\/wp-content\/uploads\/2025\/05\/Cos-6-768x768.jpg 768w, https:\/\/autothaiduong.vn\/wp-content\/uploads\/2025\/05\/Cos-6-100x100.jpg 100w\" sizes=\"auto, (max-width: 1280px) 100vw, 1280px\" \/><\/p>\n<p>\u00c1nh s\u00e1ng Cos t\u1ea1o \u1ea5n t\u01b0\u1ee3ng m\u1ea1nh v\u1edbi \u0111\u01b0\u1eddng c\u1eaft th\u1eb3ng t\u1eafp v\u00e0 \u0111\u1eb9p m\u1eaft<\/p>\n<p>Bi LED Titan Gold 3.0 mang \u0111\u1ebfn kh\u1ea3 n\u0103ng chi\u1ebfu s\u00e1ng \u1edf ch\u1ebf \u0111\u1ed9 Cos v\u00f4 c\u00f9ng m\u1ea1nh m\u1ebd v\u00e0 v\u01b0\u1ee3t tr\u1ed9i n\u1eb1m trong top ph\u00e2n kh\u00fac nh\u1edd s\u1edf h\u1eefu c\u1ea5u h\u00ecnh 6 chip LED l\u1edbn cho ra c\u00f4ng su\u1ea5t \u0111\u1ea1t 55W. \u0110\u1eb7c bi\u1ec7t, \u0111\u01b0\u1eddng c\u1eaft \u1edf ch\u1ebf \u0111\u1ed9 Cos s\u1eafc n\u00e9t v\u00e0 th\u1eb3ng v\u00f4 c\u00f9ng \u1ea5n t\u01b0\u1ee3ng, n\u1ed5i b\u1eadt so v\u1edbi c\u00e1c d\u00f2ng s\u1ea3n ph\u1ea9m t\u0103ng s\u00e1ng d\u00e0nh cho xe h\u01a1i kh\u00e1c c\u00f9ng ph\u00e2n kh\u00fac tr\u00ean th\u1ecb tr\u01b0\u1eddng hi\u1ec7n nay. \u00c1nh s\u00e1ng \u1edf ch\u1ebf \u0111\u1ed9 Cos \u0111\u1eadm t\u1ea1i t\u00e2m v\u1edbi kh\u1ea3 n\u0103ng b\u00e1m \u0111\u01b0\u1eddng t\u1ed1t, gi\u00fap t\u00e0i x\u1ebf t\u1eadp trung cao \u0111\u1ed9 khi l\u00e1i xe v\u00e0 \u0111\u1ea1t hi\u1ec7u su\u1ea5t \u0111a chi\u1ec1u.<\/p>\n<ul>\n<li aria-level=\"1\">H\u00ecnh \u1ea3nh l\u01b0u th\u00f4ng tr\u00ean \u0111\u01b0\u1eddng<\/li>\n<\/ul>\n<p>1.2 H\u00ecnh \u1ea3nh th\u1ef1c th\u1ebf Pha c\u1ee7a Bi LED Titan Gold 3.0<\/p>\n<ul>\n<li aria-level=\"1\">Test b\u1ea3ng canh \u0111\u00e8n<\/li>\n<li aria-level=\"1\">Test th\u1ef1c t\u1ebf<\/li>\n<\/ul>\n<p><img loading=\"lazy\" decoding=\"async\" class=\"alignnone size-full wp-image-1651\" src=\"https:\/\/autothaiduong.vn\/wp-content\/uploads\/2025\/05\/Pha-6.jpg\" width=\"1280\" height=\"1280\" srcset=\"https:\/\/autothaiduong.vn\/wp-content\/uploads\/2025\/05\/Pha-6.jpg 1280w, https:\/\/autothaiduong.vn\/wp-content\/uploads\/2025\/05\/Pha-6-600x600.jpg 600w, https:\/\/autothaiduong.vn\/wp-content\/uploads\/2025\/05\/Pha-6-1024x1024.jpg 1024w, https:\/\/autothaiduong.vn\/wp-content\/uploads\/2025\/05\/Pha-6-300x300.jpg 300w, https:\/\/autothaiduong.vn\/wp-content\/uploads\/2025\/05\/Pha-6-768x768.jpg 768w, https:\/\/autothaiduong.vn\/wp-content\/uploads\/2025\/05\/Pha-6-100x100.jpg 100w\" sizes=\"auto, (max-width: 1280px) 100vw, 1280px\" \/><\/p>\n<p>\u00c1nh s\u00e1ng Pha t\u1ea1o \u1ea5n t\u01b0\u1ee3ng v\u1edbi kh\u1ea3 n\u0103ng chi\u1ebfu xa m\u1ea1nh m\u1ebd<\/p>\n<p>\u1ece ch\u1ebf \u0111\u1ed9 Pha, bi LED Titan Gold \u0111\u1ea1t c\u00f4ng su\u1ea5t m\u1ea1nh m\u1ebd \u0111\u1ea1t 65W, mang \u0111\u1ebfn \u00e1nh s\u00e1ng v\u1edbi kh\u1ea3 n\u0103ng chi\u1ebfu s\u00e1ng v\u00f4 c\u00f9ng v\u01b0\u1ee3t tr\u1ed9i v\u00e0 \u1ea5n t\u01b0\u1ee3ng, gi\u00fap t\u00e0i x\u1ebf d\u1ec5 d\u00e0ng quan s\u00e1t v\u00e0 ph\u1ea3n \u1ee9ng k\u1ecbp th\u1eddi khi di chuy\u1ec3n \u1edf nh\u1eefng cung \u0111\u01b0\u1eddng thi\u1ebfu \u0111i\u1ec1u ki\u1ec7n \u00e1nh s\u00e1ng. \u0110\u00e2y l\u00e0 k\u1ebft qu\u1ea3 nh\u1edd v\u00e0o vi\u1ec7c s\u1ea3n ph\u1ea9m trang b\u1ecb nh\u1eefng c\u00f4ng ngh\u1ec7 m\u1edbi d\u00e0nh cho d\u00f2ng \u0111\u00e8n t\u0103ng s\u00e1ng d\u00e0nh cho xe h\u01a1i nh\u01b0 c\u00f4ng ngh\u1ec7 TIR gi\u00fap c\u1eaft Pha m\u1ed9t g\u00f3c 90 \u0111\u1ed9 \u0111\u01b0a \u00e1nh s\u00e1ng ra ngo\u00e0i l\u00ean \u0111\u1ebfn 99%. Nh\u1edd v\u00e0o kh\u1ea3 n\u0103ng chi\u1ebfu s\u00e1ng t\u1ed1t v\u00e0 t\u1eadp trung cao, Titan Gold 3.0 th\u1ecfa m\u00e3n v\u00e0 \u0111\u00e1p \u1ee9ng \u0111\u01b0\u1ee3c nhu c\u1ea7u di chuy\u1ec3n Pha c\u1ee7a kh\u00e1ch h\u00e0ng.<\/p>\n<ul>\n<li aria-level=\"1\">H\u00ecnh \u1ea3nh l\u01b0u th\u00f4ng tr\u00ean \u0111\u01b0\u1eddng<\/li>\n<\/ul>\n<h3><a id=\"1-3-h-nh--nh-th--c-t--cos-pha-c--a-bi-led-titan-gold-3-0\" class=\"toc-a-tag\"><\/a>1.3 H\u00ecnh \u1ea3nh th\u1ef1c t\u1ebf Cos\/Pha c\u1ee7a Bi LED Titan Gold 3.0<\/h3>\n<p><img loading=\"lazy\" decoding=\"async\" class=\"alignnone size-full wp-image-1652\" src=\"https:\/\/autothaiduong.vn\/wp-content\/uploads\/2025\/05\/10-5.jpg\" width=\"1280\" height=\"1280\" srcset=\"https:\/\/autothaiduong.vn\/wp-content\/uploads\/2025\/05\/10-5.jpg 1280w, https:\/\/autothaiduong.vn\/wp-content\/uploads\/2025\/05\/10-5-600x600.jpg 600w, https:\/\/autothaiduong.vn\/wp-content\/uploads\/2025\/05\/10-5-1024x1024.jpg 1024w, https:\/\/autothaiduong.vn\/wp-content\/uploads\/2025\/05\/10-5-300x300.jpg 300w, https:\/\/autothaiduong.vn\/wp-content\/uploads\/2025\/05\/10-5-768x768.jpg 768w, https:\/\/autothaiduong.vn\/wp-content\/uploads\/2025\/05\/10-5-100x100.jpg 100w\" sizes=\"auto, (max-width: 1280px) 100vw, 1280px\" \/><\/p>\n<p>\u00c1nh s\u00e1ng Cos\/Pha c\u1ee7a Bi LED Titan Gold 3.0<\/p>\n<p>&nbsp;<\/p>\n<h2><a id=\"2-video-th--c-t---nh-s-ng-c--a-bi-led-titan-gold-3-0\" class=\"toc-a-tag\"><\/a>2. Video th\u1ef1c t\u1ebf \u00e1nh s\u00e1ng c\u1ee7a Bi LED Titan Gold 3.0<\/h2>\n<h3><a id=\"2-1-video-test-b--ng-canh---n-bi-led-titan-gold-3-0\" class=\"toc-a-tag\"><\/a>2.1 Video test b\u1ea3ng canh \u0111\u00e8n Bi LED Titan Gold 3.0<\/h3>\n<h3><a id=\"2-2-video-flycam-th--c-t---nh-s-ng-bi-led-titan-gold-3-0\" class=\"toc-a-tag\"><\/a>2.2 Video Flycam th\u1ef1c t\u1ebf \u00e1nh s\u00e1ng Bi LED Titan Gold 3.0<\/h3>\n<ul>\n<li aria-level=\"1\">Flycam test t\u1eeb g\u00f3c tr\u00ean cao<\/li>\n<li aria-level=\"1\">Flycam test t\u1eeb g\u00f3c th\u1eb3ng \u0111\u1ee9ng<\/li>\n<li aria-level=\"1\">Flycam test \u1eeb g\u00f3c b\u00ean h\u00f4ng<\/li>\n<li aria-level=\"1\">Flycam test t\u1eeb g\u00f3c tr\u01b0\u1edbc \u0111\u1ea7u xe<\/li>\n<\/ul>\n<h2><a id=\"3-c-ng-ngh--bi-led-titan-gold-3-0\" class=\"toc-a-tag\"><\/a>3. C\u00f4ng ngh\u1ec7 Bi LED Titan Gold 3.0<\/h2>\n<h3><a id=\"3-1-thi--t-k--body-bi-led-titan-gold-3-0\" class=\"toc-a-tag\"><\/a>3.1 Thi\u1ebft k\u1ebf body Bi LED Titan Gold 3.0<\/h3>\n<p>Bi LED Titan Gold 3.0 \u0111\u01b0\u1ee3c thi\u1ebft k\u1ebf v\u1edbi k\u00edch th\u01b0\u1edbc ng\u1eafn g\u1ecdn v\u1edbi t\u1ed5ng chi\u1ec1u d\u00e0i r\u01a1i v\u00e0o kho\u1ea3ng ~130mm, to\u00e0n th\u00e2n \u0111\u00e8n \u0111\u01b0\u1ee3c ch\u1ebf t\u00e1c t\u1eeb v\u1eadt li\u1ec7u Aluminum cao c\u1ea5p mang \u0111\u1ebfn s\u1ef1 c\u1ee9ng c\u00e1p v\u00e0 b\u1ec1n b\u1ec9, gi\u00fap b\u1ea3o v\u1ec7 c\u00e1c chi ti\u1ebft b\u00ean trong \u0111\u1ec1n m\u1ed9t c\u00e1ch ho\u00e0n h\u1ea3o. Ngo\u00e0i ra v\u1edbi thi\u1ebft k\u1ebf \u0111u\u00f4i v\u1eb7n, bi LED Titan Gold 3.0 gi\u00fap vi\u1ec7c l\u1eafp \u0111\u1eb7t tr\u1edf n\u00ean thu\u1eadn ti\u1ec7n v\u00e0 t\u01b0\u01a1ng th\u00edch v\u1edbi h\u1ea7u h\u1ebft c\u00e1c lo\u1ea1i xe tr\u00ean th\u1ecb tr\u01b0\u1eddng.<\/p>\n<p><img loading=\"lazy\" decoding=\"async\" class=\"alignnone size-full wp-image-1653\" src=\"https:\/\/autothaiduong.vn\/wp-content\/uploads\/2025\/05\/9-2.jpg\" width=\"1280\" height=\"1280\" srcset=\"https:\/\/autothaiduong.vn\/wp-content\/uploads\/2025\/05\/9-2.jpg 1280w, https:\/\/autothaiduong.vn\/wp-content\/uploads\/2025\/05\/9-2-600x600.jpg 600w, https:\/\/autothaiduong.vn\/wp-content\/uploads\/2025\/05\/9-2-1024x1024.jpg 1024w, https:\/\/autothaiduong.vn\/wp-content\/uploads\/2025\/05\/9-2-300x300.jpg 300w, https:\/\/autothaiduong.vn\/wp-content\/uploads\/2025\/05\/9-2-768x768.jpg 768w, https:\/\/autothaiduong.vn\/wp-content\/uploads\/2025\/05\/9-2-100x100.jpg 100w\" sizes=\"auto, (max-width: 1280px) 100vw, 1280px\" \/><\/p>\n<p>Thi\u1ebft k\u1ebf \u0111u\u00f4i v\u1eb7n linh ho\u1ea1t<\/p>\n<p>\u0110\u1eb7c bi\u1ec7t v\u1edbi l\u1ed1i thi\u1ebft k\u1ebf tinh t\u1ebf, \u00e1nh s\u00e1ng c\u1ee7a bi LED Titan Gold 3.0 inch c\u00f3 kh\u1ea3 n\u0103ng tho\u00e1t s\u00e1ng c\u1ea3 tr\u00ean v\u00e0 d\u01b0\u1edbi, kh\u00f4ng g\u00e2y ra t\u00ecnh tr\u1ea1ng b\u1ecb c\u1ea3n s\u00e1ng \u1edf \u0111\u00e8n.<\/p>\n<p><img loading=\"lazy\" decoding=\"async\" class=\"alignnone size-full wp-image-1654\" src=\"https:\/\/autothaiduong.vn\/wp-content\/uploads\/2025\/05\/11-1.jpg\" width=\"1280\" height=\"1280\" srcset=\"https:\/\/autothaiduong.vn\/wp-content\/uploads\/2025\/05\/11-1.jpg 1280w, https:\/\/autothaiduong.vn\/wp-content\/uploads\/2025\/05\/11-1-600x600.jpg 600w, https:\/\/autothaiduong.vn\/wp-content\/uploads\/2025\/05\/11-1-1024x1024.jpg 1024w, https:\/\/autothaiduong.vn\/wp-content\/uploads\/2025\/05\/11-1-300x300.jpg 300w, https:\/\/autothaiduong.vn\/wp-content\/uploads\/2025\/05\/11-1-768x768.jpg 768w, https:\/\/autothaiduong.vn\/wp-content\/uploads\/2025\/05\/11-1-100x100.jpg 100w\" sizes=\"auto, (max-width: 1280px) 100vw, 1280px\" \/><\/p>\n<h3><a id=\"3-2-h--th--ng-t--n-nhi--t-c--a-bi-led-titan-gold-3-0\" class=\"toc-a-tag\"><\/a>3.2 H\u1ec7 th\u1ed1ng t\u1ea3n nhi\u1ec7t c\u1ee7a Bi LED Titan Gold 3.0<\/h3>\n<p>Bi LED Titan Gold 3.0 l\u00e0 d\u00f2ng bi LED \u0111\u01b0\u1ee3c c\u00e1c chuy\u00ean gia \u0111\u00e1nh gi\u00e1 cao v\u1ec1 ch\u1ea5t l\u01b0\u1ee3ng s\u1ea3n ph\u1ea9m c\u0169ng nh\u01b0 hi\u1ec7u qu\u1ea3 ho\u1ea1t \u0111\u1ed9ng, v\u1edbi nh\u1eefng c\u00f4ng ngh\u1ec7 ti\u00ean ti\u1ebfn nh\u1ea5t \u0111\u01b0\u1ee3c \u00e1p d\u1ee5ng v\u00e0o s\u1ea3n ph\u1ea9m, Titan Gold 3.0 \u0111\u01b0\u1ee3c xem l\u00e0 \u201cm\u1ed9t chi\u1ebfn binh\u201d th\u1ef1c th\u1ee5.<\/p>\n<p>M\u1ed9t trong nh\u1eefng c\u00f4ng ngh\u1ec7 \u0111\u1eb7c bi\u1ec7t ph\u1ea3i k\u1ec3 \u0111\u1ebfn c\u1ee7a Titan Gold 3.0 l\u00e0 c\u00f4ng ngh\u1ec7 t\u1ea3n nhi\u1ec7t 3 l\u1edbp. C\u00f4ng ngh\u1ec7 n\u00e0y mang \u0111\u1ebfn hi\u1ec7u qu\u1ea3 ho\u1ea1t \u0111\u1ed9ng cao v\u00e0 t\u1ed1i \u01b0u nh\u1ea5t cho to\u00e0n b\u1ed9 h\u1ec7 th\u1ed1ng c\u1ee7a \u0111\u00e8n, gi\u00fap cho \u00e1nh s\u00e1ng ph\u00e1t ra \u0111\u1ea1t ch\u1ea5t l\u01b0\u1ee3ng t\u1ed1t nh\u1ea5t m\u00e0 kh\u00f4ng lo b\u1ecb h\u1ee5t s\u00e1ng, \u0111i\u1ec1u m\u00e0 kh\u00f4ng ph\u1ea3i b\u1ea5t c\u1ee9 d\u00f2ng s\u1ea3n ph\u1ea9m d\u00e0nh cho xe h\u01a1i n\u00e0o tr\u00ean th\u1ecb tr\u01b0\u1eddng c\u0169ng l\u00e0m \u0111\u01b0\u1ee3c.<\/p>\n<p>H\u1ec7 th\u1ed1ng t\u1ea3n nhi\u1ec7t 3 l\u1edbp c\u1ee7a bi LED Titan Gold 3.0 \u0111\u01b0\u1ee3c chia th\u00e0nh 2 ph\u1ea7n: t\u1ea3n nhi\u1ec7t \u0111\u1ed3ng v\u00e0 t\u1ea3n nhi\u1ec7t k\u00e9p 2 qu\u1ea1t:<\/p>\n<ul>\n<li aria-level=\"1\">T\u1ea3n nhi\u1ec7t \u0111\u1ed3ng<\/li>\n<\/ul>\n<p>Bi LED Titan Gold 3.0 s\u1edf h\u1eefu kh\u1ed1i t\u1ea3n nhi\u1ec7t \u0111\u1ed3ng duy nh\u1ea5t trong ph\u00e2n kh\u00fac gi\u00e1 t\u00ednh \u0111\u1ebfn th\u1eddi \u0111i\u1ec3m hi\u1ec7n t\u1ea1i. V\u1edbi kh\u1ed1i t\u1ea3n nhi\u1ec7t \u0111\u1ed3ng, nhi\u1ec7t \u0111\u1ed9 c\u1ee7a \u0111\u00e8n \u0111\u01b0\u1ee3c s\u1ea3n sinh ra khi ho\u1ea1t \u0111\u1ed9ng s\u1ebd \u0111\u01b0\u1ee3c d\u1eabn nhi\u1ec7t m\u1ed9t c\u00e1ch nhanh ch\u00f3ng v\u00e0 hi\u1ec7u qu\u1ea3, k\u1ebft h\u1ee3p c\u00f9ng v\u1edbi \u0111\u00f3 l\u00e0 t\u1ea3n nhi\u1ec7t k\u00e9o 2 qu\u1ea1t th\u1ed5i v\u00e0o, l\u00e0m nhi\u1ec7t c\u1ee7a \u0111\u00e8n \u0111\u01b0\u1ee3c h\u1ea1 \u0111i m\u1ed9t c\u00e1ch nhanh ch\u00f3ng.<\/p>\n<p><img loading=\"lazy\" decoding=\"async\" class=\"alignnone size-full wp-image-1655\" src=\"https:\/\/autothaiduong.vn\/wp-content\/uploads\/2025\/05\/5-2.jpg\" width=\"1280\" height=\"1280\" srcset=\"https:\/\/autothaiduong.vn\/wp-content\/uploads\/2025\/05\/5-2.jpg 1280w, https:\/\/autothaiduong.vn\/wp-content\/uploads\/2025\/05\/5-2-600x600.jpg 600w, https:\/\/autothaiduong.vn\/wp-content\/uploads\/2025\/05\/5-2-1024x1024.jpg 1024w, https:\/\/autothaiduong.vn\/wp-content\/uploads\/2025\/05\/5-2-300x300.jpg 300w, https:\/\/autothaiduong.vn\/wp-content\/uploads\/2025\/05\/5-2-768x768.jpg 768w, https:\/\/autothaiduong.vn\/wp-content\/uploads\/2025\/05\/5-2-100x100.jpg 100w\" sizes=\"auto, (max-width: 1280px) 100vw, 1280px\" \/><\/p>\n<ul>\n<li aria-level=\"1\">T\u1ea3n nhi\u1ec7t k\u00e9p 2 qu\u1ea1t:<\/li>\n<\/ul>\n<p>S\u1edf h\u1eefu t\u1ea3n nhi\u1ec7t k\u00e9p 2 qu\u1ea1t duy nh\u1ea5t v\u1edbi c\u01a1 ch\u1ebf ho\u1ea1t \u0111\u1ed9ng \u0111\u1ed3ng th\u1eddi tr\u00ean th\u1ecb tr\u01b0\u1eddng t\u0103ng s\u00e1ng d\u00e0nh cho \u00f4 t\u00f4. Khi \u0111\u00e8n ho\u1ea1t \u0111\u1ed9ng \u1edf ch\u1ebf \u0111\u1ed9 Cos, t\u1ea3n nhi\u1ec7t k\u00e9p 2 qu\u1ea1t c\u1ee7a Titan Gold 3.0 s\u1ebd \u0111\u1ed3ng th\u1eddi ho\u1ea1t \u0111\u1ed9ng c\u00f9ng m\u1ed9t l\u00fac thay v\u00ec m\u1ed7i qu\u1ea1t l\u00e0m m\u1ed9t nhi\u1ec7m v\u1ee5 so v\u1edbi c\u00e1c d\u00f2ng s\u1ea3n ph\u1ea9m kh\u00e1c tr\u00ean th\u1ecb tr\u01b0\u1eddng, nh\u1edd v\u1eady m\u00e0 qu\u00e1 tr\u00ecnh l\u00e0m m\u00e1t cho h\u1ec7 th\u1ed1ng \u0111\u00e8n s\u1ebd di\u1ec5n ra nhanh v\u00e0 hi\u1ec7u qu\u1ea3 h\u01a1n.<\/p>\n<p><img loading=\"lazy\" decoding=\"async\" class=\"alignnone size-full wp-image-1656\" src=\"https:\/\/autothaiduong.vn\/wp-content\/uploads\/2025\/05\/6-4.jpg\" width=\"1280\" height=\"1280\" srcset=\"https:\/\/autothaiduong.vn\/wp-content\/uploads\/2025\/05\/6-4.jpg 1280w, https:\/\/autothaiduong.vn\/wp-content\/uploads\/2025\/05\/6-4-600x600.jpg 600w, https:\/\/autothaiduong.vn\/wp-content\/uploads\/2025\/05\/6-4-1024x1024.jpg 1024w, https:\/\/autothaiduong.vn\/wp-content\/uploads\/2025\/05\/6-4-300x300.jpg 300w, https:\/\/autothaiduong.vn\/wp-content\/uploads\/2025\/05\/6-4-768x768.jpg 768w, https:\/\/autothaiduong.vn\/wp-content\/uploads\/2025\/05\/6-4-100x100.jpg 100w\" sizes=\"auto, (max-width: 1280px) 100vw, 1280px\" \/><\/p>\n<h3><a id=\"3-3-lens-c--a-bi-led-titan-gold-3-0\" class=\"toc-a-tag\"><\/a>3.3 Lens c\u1ee7a Bi LED Titan Gold 3.0<\/h3>\n<p>Bi LED Titan Gold 3.0 inch s\u1edf h\u1eefu k\u00edch th\u01b0\u1edbc Lens 3.0 inch, \u0111\u00e2y l\u00e0 k\u00edch th\u01b0\u1edbc c\u1ee7a h\u1ea7u h\u1ebft c\u00e1c d\u00f2ng s\u1ea3n ph\u1ea9m tr\u00ean th\u1ecb tr\u01b0\u1eddng, gi\u00fap cho qu\u00e1 tr\u00ecnh l\u1eafp \u0111\u1eb7t tr\u1edf n\u00ean d\u1ec5 d\u00e0ng h\u01a1n, ngo\u00e0i ra v\u1edbi k\u00edch th\u01b0\u1edbc n\u00e0y th\u00ec \u0111\u00e8n \u0111\u1ea3m b\u1ea3o \u00e1nh s\u00e1ng ph\u00e1t ra kh\u00f4ng b\u1ecb ch\u00f3i l\u00f3a, kh\u00f4ng g\u00e2y ra t\u00ecnh tr\u1ea1ng m\u1ea5t th\u1ea9m m\u1ef9 c\u0169ng nh\u01b0 \u1ea3nh h\u01b0\u1edfng \u0111\u1ebfn nh\u1eefng ng\u01b0\u1eddi c\u00f9ng tham gia giao th\u00f4ng.<\/p>\n<p><img loading=\"lazy\" decoding=\"async\" class=\"alignnone size-full wp-image-1657\" src=\"https:\/\/autothaiduong.vn\/wp-content\/uploads\/2025\/05\/7-2.jpg\" width=\"1280\" height=\"1280\" srcset=\"https:\/\/autothaiduong.vn\/wp-content\/uploads\/2025\/05\/7-2.jpg 1280w, https:\/\/autothaiduong.vn\/wp-content\/uploads\/2025\/05\/7-2-600x600.jpg 600w, https:\/\/autothaiduong.vn\/wp-content\/uploads\/2025\/05\/7-2-1024x1024.jpg 1024w, https:\/\/autothaiduong.vn\/wp-content\/uploads\/2025\/05\/7-2-300x300.jpg 300w, https:\/\/autothaiduong.vn\/wp-content\/uploads\/2025\/05\/7-2-768x768.jpg 768w, https:\/\/autothaiduong.vn\/wp-content\/uploads\/2025\/05\/7-2-100x100.jpg 100w\" sizes=\"auto, (max-width: 1280px) 100vw, 1280px\" \/><\/p>\n<h3><a id=\"3-4-c-ng-ngh--chi--u-s-ng-c--a-bi-led-titan-gold-3-0\" class=\"toc-a-tag\"><\/a>3.4 C\u00f4ng ngh\u1ec7 chi\u1ebfu s\u00e1ng c\u1ee7a Bi LED Titan Gold 3.0<\/h3>\n<p>M\u1ed9t trong nh\u1eefng c\u00f4ng ngh\u1ec7 n\u1ed5i b\u1eadt nh\u1ea5t \u0111\u01b0\u1ee3c s\u1eed d\u1ee5ng tr\u00ean Titan Gold 3.0 l\u00e0 c\u00f4ng ngh\u1ec7 TIR LENS (th\u1ea5u k\u00ednh h\u1ed9i t\u1ee5 k\u00e9p), c\u00f4ng ngh\u1ec7 n\u00e0y gi\u00fap \u00e1nh s\u00e1ng tho\u00e1t ra \u0111\u01b0\u1ee3c t\u1ed1i \u01b0u c\u1ea3 tr\u00ean v\u00e0 d\u01b0\u1edbi l\u00ean \u0111\u1ebfn 99%, \u0111\u00e2y l\u00e0 m\u1ed9t gi\u1ea3i ph\u00e1p \u00e1nh s\u00e1ng d\u00e0nh cho c\u00e1c d\u00f2ng xe c\u00f3 ch\u00f3a \u0111\u00e8n h\u1eb9p.<\/p>\n<p><img loading=\"lazy\" decoding=\"async\" class=\"alignnone size-full wp-image-1658\" src=\"https:\/\/autothaiduong.vn\/wp-content\/uploads\/2025\/05\/3-5.jpg\" width=\"1280\" height=\"1280\" srcset=\"https:\/\/autothaiduong.vn\/wp-content\/uploads\/2025\/05\/3-5.jpg 1280w, https:\/\/autothaiduong.vn\/wp-content\/uploads\/2025\/05\/3-5-600x600.jpg 600w, https:\/\/autothaiduong.vn\/wp-content\/uploads\/2025\/05\/3-5-1024x1024.jpg 1024w, https:\/\/autothaiduong.vn\/wp-content\/uploads\/2025\/05\/3-5-300x300.jpg 300w, https:\/\/autothaiduong.vn\/wp-content\/uploads\/2025\/05\/3-5-768x768.jpg 768w, https:\/\/autothaiduong.vn\/wp-content\/uploads\/2025\/05\/3-5-100x100.jpg 100w\" sizes=\"auto, (max-width: 1280px) 100vw, 1280px\" \/><\/p>\n<p>C\u00f4ng ngh\u1ec7 TIR LENS &#8211; Th\u1ea5u k\u00ednh h\u1ed9i t\u1ee5 k\u00e9p<\/p>\n<p><img loading=\"lazy\" decoding=\"async\" class=\"alignnone size-full wp-image-1659\" src=\"https:\/\/autothaiduong.vn\/wp-content\/uploads\/2025\/05\/4-6.jpg\" width=\"1280\" height=\"1280\" srcset=\"https:\/\/autothaiduong.vn\/wp-content\/uploads\/2025\/05\/4-6.jpg 1280w, https:\/\/autothaiduong.vn\/wp-content\/uploads\/2025\/05\/4-6-600x600.jpg 600w, https:\/\/autothaiduong.vn\/wp-content\/uploads\/2025\/05\/4-6-1024x1024.jpg 1024w, https:\/\/autothaiduong.vn\/wp-content\/uploads\/2025\/05\/4-6-300x300.jpg 300w, https:\/\/autothaiduong.vn\/wp-content\/uploads\/2025\/05\/4-6-768x768.jpg 768w, https:\/\/autothaiduong.vn\/wp-content\/uploads\/2025\/05\/4-6-100x100.jpg 100w\" sizes=\"auto, (max-width: 1280px) 100vw, 1280px\" \/><\/p>\n<p>\u00c1nh s\u00e1ng tho\u00e1t ra 99% c\u1ea3 tr\u00ean v\u00e0 d\u01b0\u1edbi<\/p>\n<h3><a id=\"3-5-c--u-h-nh--nh-s-ng-c--a-bi-led-titan-gold-3-0\" class=\"toc-a-tag\"><\/a>3.5 C\u1ea5u h\u00ecnh \u00e1nh s\u00e1ng c\u1ee7a Bi LED Titan Gold 3.0<\/h3>\n<p>Bi LED Titan Gold 3.0 s\u1edf h\u1eefu c\u1ea5u h\u00ecnh m\u1ea1nh m\u1ebd 8 nh\u00e2n LED (6+1+1), \u0111\u00e2y l\u00e0 d\u00f2ng s\u1ea3n ph\u1ea9m bi LED \u0111\u1ea7u ti\u00ean trong ph\u00e2n kh\u00fac s\u1edf h\u1eefu c\u1ea5u h\u00ecnh n\u00e0y. V\u1edbi 6 nh\u00e2n LED l\u1edbn l\u00e0m nhi\u1ec7m v\u1ee5 t\u1ea1o ra v\u00f9ng s\u00e1ng \u1edf ch\u1ebf \u0111\u1ed9 Cos r\u1ed9ng v\u00e0 m\u1ea1nh nh\u1ea5t trong ph\u00e2n kh\u00fac v\u1edbi kh\u1ea3 n\u0103ng bao qu\u00e1t m\u1eb7t \u0111\u01b0\u1eddng v\u00f4 c\u00f9ng t\u1ed1t. 1+1 nh\u00e2n LED \u1edf ch\u00f3a ph\u1ea3n x\u1ea1 ph\u1ee5 \u0111\u00f3ng vai tr\u00f2 t\u1ea1o \u00e1nh s\u00e1ng \u1edf ch\u1ebf \u0111\u1ed9 Pha v\u1edbi \u0111\u1ed9 gom cao, \u0111\u1eadm n\u00e9t v\u00e0 kh\u1ea3 n\u0103ng chi\u1ebfu xa c\u1ef1c t\u1ed1t.<\/p>\n<p>Bi LED Titan Gold 3.0 s\u1edf h\u1eefu nhi\u1ec7t m\u00e0u 5500K cho ra \u00e1nh s\u00e1ng tr\u1eafng th\u1eddi trang, \u0111\u00e1p \u1ee9ng \u0111\u01b0\u1ee3c nhu c\u1ea7u di chuy\u1ec3n c\u1ee7a kh\u00e1ch h\u00e0ng \u1edf nhi\u1ec1u \u0111i\u1ec1u ki\u1ec7n kh\u00e1c nhau, \u0111\u1ea3m b\u1ea3o an to\u00e0n khi di chuy\u1ec3n \u1edf nh\u1eefng khu v\u1ef1c thi\u1ebfu \u0111i\u1ec1u ki\u1ec7n \u00e1nh s\u00e1ng.<\/p>\n<p><img loading=\"lazy\" decoding=\"async\" class=\"alignnone size-full wp-image-1660\" src=\"https:\/\/autothaiduong.vn\/wp-content\/uploads\/2025\/05\/8-2.jpg\" width=\"1280\" height=\"1280\" srcset=\"https:\/\/autothaiduong.vn\/wp-content\/uploads\/2025\/05\/8-2.jpg 1280w, https:\/\/autothaiduong.vn\/wp-content\/uploads\/2025\/05\/8-2-600x600.jpg 600w, https:\/\/autothaiduong.vn\/wp-content\/uploads\/2025\/05\/8-2-1024x1024.jpg 1024w, https:\/\/autothaiduong.vn\/wp-content\/uploads\/2025\/05\/8-2-300x300.jpg 300w, https:\/\/autothaiduong.vn\/wp-content\/uploads\/2025\/05\/8-2-768x768.jpg 768w, https:\/\/autothaiduong.vn\/wp-content\/uploads\/2025\/05\/8-2-100x100.jpg 100w\" sizes=\"auto, (max-width: 1280px) 100vw, 1280px\" \/><\/p>\n<h2><a id=\"4-gi--b-n-v--ch-----b--o-h-nh\" class=\"toc-a-tag\"><\/a>4. Gi\u00e1 b\u00e1n v\u00e0 ch\u1ebf \u0111\u1ed9 b\u1ea3o h\u00e0nh<\/h2>\n<p>Bi LED Titan Gold 3.0 v\u1edbi m\u1ee9c gi\u00e1 ni\u00eam y\u1ebft 8.000.000 VN\u0110 (\u0111\u00e3 bao g\u1ed3m VAT). V\u1edbi nh\u1eefng kh\u00e1ch h\u00e0ng \u0111am m\u00ea \u00e1nh s\u00e1ng Cos m\u1ea1nh m\u1ebd nh\u1ea5t trong ph\u00e2n kh\u00fac \u0111u\u00f4i v\u1eb7n th\u00ec \u0111\u00e2y l\u00e0 d\u00f2ng s\u1ea3n ph\u1ea9m m\u00e0 b\u1ea1n kh\u00f4ng th\u1ec3 b\u1ecf qua.<\/p>\n<p>Titan Gold 3.0 c\u00f3 ch\u1ebf \u0111\u1ed9 b\u1ea3o h\u00e0nh ch\u00ednh h\u00e3ng 3 n\u0103m khi l\u1eafp \u0111\u1eb7t t\u1ea1i h\u1ec7 th\u1ed1ng Titan Vi\u1ec7t Nam tr\u00ean to\u00e0n qu\u1ed1c. Sau khi l\u1eafp \u0111\u1eb7t s\u1ea3n ph\u1ea9m s\u1ebd \u0111\u01b0\u1ee3c k\u00edch ho\u1ea1t b\u1ea3o h\u00e0nh \u0111i\u1ec7n t\u1eed. Kh\u00e1ch h\u00e0ng c\u00f3 th\u1ec3 qu\u00e9t m\u00e3 QR tr\u00ean v\u1ecf h\u1ed9p \u0111\u1ec3 tra c\u1ee9u b\u1ea3o h\u00e0nh v\u00e0 quy\u1ec1n l\u1ee3i c\u1ee7a m\u00ecnh, tr\u00e1nh t\u00ecnh tr\u1ea1ng mua ph\u1ea3i h\u00e0ng gi\u1ea3, k\u00e9m ch\u1ea5t l\u01b0\u1ee3ng.<\/p>\n<p><span style=\"color: #ff0000;\">Auto Th\u00e1i D\u01b0\u01a1ng<\/span> &#8211; \u0110\u1ea1i l\u00ed ch\u00ednh h\u00e3ng <strong>Titan<\/strong> t\u1ea1i <strong>TP.B\u1ea3o L\u1ed9c<\/strong><\/p>\n<p style=\"text-align: center;\">\n","protected":false},"excerpt":{"rendered":"<h2>Th\u00f4ng s\u1ed1 k\u1ef9 thu\u1eadt BI LED TITAN GOLD 3.0<\/h2>\n<table>\n<tbody>\n<tr>\n<td class=\"lileft\">T\u00ean S\u1ea3n Ph\u1ea9m:<\/td>\n<td class=\"liright\">BI LED TITAN GOLD 3.0<\/td>\n<\/tr>\n<tr>\n<td class=\"lileft\">Lo\u1ea1i \u0110\u00e8n:<\/td>\n<td class=\"liright\">Bi LED<\/td>\n<\/tr>\n<tr>\n<td class=\"lileft\">Th\u01b0\u01a1ng Hi\u1ec7u:<\/td>\n<td class=\"liright\">X-Light<\/td>\n<\/tr>\n<tr>\n<td class=\"lileft\">N\u0103m s\u1ea3n xu\u1ea5t:<\/td>\n<td class=\"liright\">2024<\/td>\n<\/tr>\n<tr>\n<td class=\"lileft\">V\u1ecb Tr\u00ed L\u1eafp \u0110\u1eb7t:<\/td>\n<td class=\"liright\">\u0110\u00e8n Ch\u00ednh<\/td>\n<\/tr>\n<tr>\n<td class=\"lileft\">D\u00f2ng Xe Ph\u00f9 H\u1ee3p:<\/td>\n<td class=\"liright\">C\u00e1c Lo\u1ea1i Xe \u00d4 T\u00f4<\/td>\n<\/tr>\n<tr>\n<td class=\"lileft\">C\u00f4ng Su\u1ea5t Cos:<\/td>\n<td class=\"liright\">55W<\/td>\n<\/tr>\n<tr>\n<td class=\"lileft\">C\u00f4ng Su\u1ea5t Pha:<\/td>\n<td class=\"liright\">65W<\/td>\n<\/tr>\n<tr>\n<td class=\"lileft\">Nh\u00e2n LED:<\/td>\n<td class=\"liright\">6 (Big) + 1 + 1 (Osram)<\/td>\n<\/tr>\n<tr>\n<td class=\"lileft\">Nhi\u1ec7t m\u00e0u:<\/td>\n<td class=\"liright\">5500k<\/td>\n<\/tr>\n<tr>\n<td class=\"lileft\">H\u1ec7 Th\u1ed1ng T\u1ea3n Nhi\u1ec7t:<\/td>\n<td class=\"liright\">Qu\u1ea1t + Aluminum<\/td>\n<\/tr>\n<tr>\n<td class=\"lileft\">Tu\u1ed5i th\u1ecd:<\/td>\n<td class=\"liright\">30.000 Gi\u1edd<\/td>\n<\/tr>\n<tr>\n<td class=\"lileft\">\u0110i\u1ec7n \u00c1p:<\/td>\n<td class=\"liright\">12 &#8211; 16V<\/td>\n<\/tr>\n<tr>\n<td class=\"lileft\">K\u00edch Th\u01b0\u1edbc Lens:<\/td>\n<td class=\"liright\">3.0 Inch<\/td>\n<\/tr>\n<tr>\n<td class=\"lileft\">B\u1ea3o h\u00e0nh:<\/td>\n<td class=\"liright\">3 N\u0103m<\/td>\n<\/tr>\n<tr>\n<td class=\"lileft\">\u0110\u1eb7c \u0110i\u1ec3m N\u1ed5i B\u1eadt:<\/td>\n<td class=\"liright\">\u0110u\u00f4i V\u1eb7n Linh Ho\u1ea1t<\/td>\n<\/tr>\n<\/tbody>\n<\/table>\n","protected":false},"featured_media":1648,"comment_status":"open","ping_status":"closed","template":"","meta":[],"product_brand":[28],"product_cat":[16,26],"product_tag":[],"class_list":{"0":"post-1647","1":"product","2":"type-product","3":"status-publish","4":"has-post-thumbnail","6":"product_brand-titan","7":"product_cat-anh-sang","8":"product_cat-bi-led","10":"first","11":"instock","12":"shipping-taxable","13":"purchasable","14":"product-type-simple"},"_links":{"self":[{"href":"https:\/\/autothaiduong.vn\/index.php?rest_route=\/wp\/v2\/product\/1647","targetHints":{"allow":["GET"]}}],"collection":[{"href":"https:\/\/autothaiduong.vn\/index.php?rest_route=\/wp\/v2\/product"}],"about":[{"href":"https:\/\/autothaiduong.vn\/index.php?rest_route=\/wp\/v2\/types\/product"}],"replies":[{"embeddable":true,"href":"https:\/\/autothaiduong.vn\/index.php?rest_route=%2Fwp%2Fv2%2Fcomments&post=1647"}],"wp:featuredmedia":[{"embeddable":true,"href":"https:\/\/autothaiduong.vn\/index.php?rest_route=\/wp\/v2\/media\/1648"}],"wp:attachment":[{"href":"https:\/\/autothaiduong.vn\/index.php?rest_route=%2Fwp%2Fv2%2Fmedia&parent=1647"}],"wp:term":[{"taxonomy":"product_brand","embeddable":true,"href":"https:\/\/autothaiduong.vn\/index.php?rest_route=%2Fwp%2Fv2%2Fproduct_brand&post=1647"},{"taxonomy":"product_cat","embeddable":true,"href":"https:\/\/autothaiduong.vn\/index.php?rest_route=%2Fwp%2Fv2%2Fproduct_cat&post=1647"},{"taxonomy":"product_tag","embeddable":true,"href":"https:\/\/autothaiduong.vn\/index.php?rest_route=%2Fwp%2Fv2%2Fproduct_tag&post=1647"}],"curies":[{"name":"wp","href":"https:\/\/api.w.org\/{rel}","templated":true}]}}