{"id":1661,"date":"2025-05-15T14:19:40","date_gmt":"2025-05-15T14:19:40","guid":{"rendered":"https:\/\/autothaiduong.vn\/?post_type=product&#038;p=1661"},"modified":"2025-05-15T14:19:52","modified_gmt":"2025-05-15T14:19:52","slug":"bi-led-x-light-v20-2023-911","status":"publish","type":"product","link":"https:\/\/autothaiduong.vn\/?product=bi-led-x-light-v20-2023-911","title":{"rendered":"Bi-LED X-LIGHT V20 2023 9+1+1"},"content":{"rendered":"<p><img loading=\"lazy\" decoding=\"async\" class=\" wp-image-1537 aligncenter\" src=\"https:\/\/autothaiduong.vn\/wp-content\/uploads\/2025\/05\/z6584734442481_f208f5944548cb4b46353402ce2e64e0-1.jpg\" alt=\"\" width=\"296\" height=\"262\" \/><\/p>\n<p style=\"text-align: center;\"><strong><span style=\"font-size: 150%; color: #ff0000;\">273-275 Tr\u1ea7n Ph\u00fa Ph\u01b0\u1eddng L\u1ed9c S\u01a1n Th\u00e0nh Ph\u1ed1 B\u1ea3o L\u1ed9c T\u1ec9nh L\u00e2m \u0110\u1ed3ng <\/span><\/strong><\/p>\n<p style=\"text-align: center;\"><strong><span style=\"font-size: 150%; color: #ff0000;\">Hotline: 0912197441<\/span><\/strong><\/p>\n<p><img loading=\"lazy\" decoding=\"async\" class=\"alignnone size-full wp-image-1663\" src=\"https:\/\/autothaiduong.vn\/wp-content\/uploads\/2025\/05\/2-2.jpg\" width=\"1280\" height=\"1280\" alt=\"Bi-LED X-LIGHT V20 2023 9+1+1\" srcset=\"https:\/\/autothaiduong.vn\/wp-content\/uploads\/2025\/05\/2-2.jpg 1280w, https:\/\/autothaiduong.vn\/wp-content\/uploads\/2025\/05\/2-2-600x600.jpg 600w, https:\/\/autothaiduong.vn\/wp-content\/uploads\/2025\/05\/2-2-1024x1024.jpg 1024w, https:\/\/autothaiduong.vn\/wp-content\/uploads\/2025\/05\/2-2-300x300.jpg 300w, https:\/\/autothaiduong.vn\/wp-content\/uploads\/2025\/05\/2-2-768x768.jpg 768w, https:\/\/autothaiduong.vn\/wp-content\/uploads\/2025\/05\/2-2-100x100.jpg 100w\" sizes=\"auto, (max-width: 1280px) 100vw, 1280px\" \/><\/p>\n<p>\u0110\u1ec3 \u0111\u00e1p \u1ee9ng nhu c\u1ea7u \u0111a d\u1ea1ng c\u1ee7a m\u1ecdi kh\u00e1ch h\u00e0ng, X-Light t\u1ef1 h\u00e0o gi\u1edbi thi\u1ec7u s\u1ea3n ph\u1ea9m m\u1edbi &#8211; \u0111\u00e8n Bi LED X-Light V20 2023 9+1+1 th\u1eddi th\u01b0\u1ee3ng. S\u1ef1 xu\u1ea5t hi\u1ec7n c\u1ee7a s\u1ea3n ph\u1ea9m n\u00e0y \u0111\u00e1nh d\u1ea5u m\u1ed9t b\u01b0\u1edbc ti\u1ebfn \u0111\u1ed9t ph\u00e1 trong l\u0129nh v\u1ef1c \u0111\u00e8n chi\u1ebfu s\u00e1ng xe, h\u1ee9a h\u1eb9n s\u1ebd tr\u1edf th\u00e0nh m\u1ed9t trong nh\u1eefng d\u00f2ng \u0111\u00e8n cao c\u1ea5p b\u1eadc nh\u1ea5t hi\u1ec7n nay.<\/p>\n<div>\n<table width=\"600\">\n<colgroup>\n<col width=\"244\" \/>\n<col width=\"356\" \/><\/colgroup>\n<\/table>\n<\/div>\n<p><img loading=\"lazy\" decoding=\"async\" class=\"alignnone size-full wp-image-1664\" src=\"https:\/\/autothaiduong.vn\/wp-content\/uploads\/2025\/05\/1-8.jpg\" width=\"1280\" height=\"1280\" srcset=\"https:\/\/autothaiduong.vn\/wp-content\/uploads\/2025\/05\/1-8.jpg 1280w, https:\/\/autothaiduong.vn\/wp-content\/uploads\/2025\/05\/1-8-600x600.jpg 600w, https:\/\/autothaiduong.vn\/wp-content\/uploads\/2025\/05\/1-8-1024x1024.jpg 1024w, https:\/\/autothaiduong.vn\/wp-content\/uploads\/2025\/05\/1-8-300x300.jpg 300w, https:\/\/autothaiduong.vn\/wp-content\/uploads\/2025\/05\/1-8-768x768.jpg 768w, https:\/\/autothaiduong.vn\/wp-content\/uploads\/2025\/05\/1-8-100x100.jpg 100w\" sizes=\"auto, (max-width: 1280px) 100vw, 1280px\" \/><\/p>\n<p>Bi LED X-Light V20 2023 9+1+1 v\u1edbi thi\u1ebft k\u1ebf th\u1eddi th\u01b0\u1ee3ng<\/p>\n<h2 id=\"1\"><a id=\"1-n--i-b--t-v--i-thi--t-k--m--i---y--n-t---ng\" class=\"toc-a-tag\"><\/a>1. N\u1ed5i b\u1eadt v\u1edbi thi\u1ebft k\u1ebf m\u1edbi \u0111\u1ea7y \u1ea5n t\u01b0\u1ee3ng<\/h2>\n<h3 id=\"1-1\"><a id=\"1-1-body---c---o\" class=\"toc-a-tag\"><\/a>1.1 Body \u0111\u1ed9c \u0111\u00e1o<\/h3>\n<p>\u0110\u00e8n Bi LED X-Light V20 2023 9+1+1 ra \u0111\u1eddi v\u1edbi m\u1ee5c ti\u00eau \u0111\u00e1p \u1ee9ng nhu c\u1ea7u n\u00e2ng c\u1ea5p \u00e1nh s\u00e1ng cho \u0111a d\u1ea1ng c\u00e1c d\u00f2ng xe hi\u1ec7n nay. S\u1ea3n ph\u1ea9m n\u00e0y ghi d\u1ea5u \u1ea5n v\u1edbi thi\u1ebft k\u1ebf k\u00edch th\u01b0\u1edbc v\u00f4 c\u00f9ng \u0111\u1ed9c \u0111\u00e1o.<\/p>\n<p>V\u1edbi thi\u1ebft k\u1ebf body ch\u1eafc ch\u1eafn v\u00e0 \u0111\u1eb9p m\u1eaft, \u0111\u00e8n Bi LED X-Light V20 2023 9+1+1 c\u00f3 th\u1ec3 d\u1ec5 d\u00e0ng k\u1ebft h\u1ee3p c\u00f9ng c\u00e1c d\u00f2ng \u0111\u00e8n kh\u00e1c tr\u00ean c\u00f9ng m\u1ed9t c\u1ee5m \u0111\u00e8n, gi\u00fap xe ph\u00e1t ra \u00e1nh s\u00e1ng t\u1ed1i \u01b0u. \u0110\u1eb7c bi\u1ec7t, s\u1ea3n ph\u1ea9m n\u00e0y \u0111\u01b0\u1ee3c ch\u1ecdn l\u1ef1a s\u1eed d\u1ee5ng Aluminum cao c\u1ea5p l\u00e0m ch\u1ea5t li\u1ec7u ch\u00ednh, mang l\u1ea1i \u0111\u1ed9 b\u1ec1n v\u00e0 \u0111\u1ed9 c\u1ee9ng c\u00e1p cho th\u00e2n \u0111\u00e8n.<\/p>\n<p><img loading=\"lazy\" decoding=\"async\" class=\"alignnone size-full wp-image-1665\" src=\"https:\/\/autothaiduong.vn\/wp-content\/uploads\/2025\/05\/BI-LED-V20-2023-9-1-1-f.jpg\" width=\"1280\" height=\"1280\" srcset=\"https:\/\/autothaiduong.vn\/wp-content\/uploads\/2025\/05\/BI-LED-V20-2023-9-1-1-f.jpg 1280w, https:\/\/autothaiduong.vn\/wp-content\/uploads\/2025\/05\/BI-LED-V20-2023-9-1-1-f-600x600.jpg 600w, https:\/\/autothaiduong.vn\/wp-content\/uploads\/2025\/05\/BI-LED-V20-2023-9-1-1-f-1024x1024.jpg 1024w, https:\/\/autothaiduong.vn\/wp-content\/uploads\/2025\/05\/BI-LED-V20-2023-9-1-1-f-300x300.jpg 300w, https:\/\/autothaiduong.vn\/wp-content\/uploads\/2025\/05\/BI-LED-V20-2023-9-1-1-f-768x768.jpg 768w, https:\/\/autothaiduong.vn\/wp-content\/uploads\/2025\/05\/BI-LED-V20-2023-9-1-1-f-100x100.jpg 100w\" sizes=\"auto, (max-width: 1280px) 100vw, 1280px\" \/><\/p>\n<p>Bi LED X-Light V20 2023 9+1+1 v\u1edbi body \u0111\u1eb9p m\u1eaft<\/p>\n<h3 id=\"1-2\"><a id=\"1-2-h--th--ng-t--n-nhi--t\" class=\"toc-a-tag\"><\/a>1.2 H\u1ec7 th\u1ed1ng t\u1ea3n nhi\u1ec7t<\/h3>\n<p>\u0110\u00e8n Bi LED X-Light V20 2023 9+1+1 \u00a0th\u1ec3 hi\u1ec7n \u0111\u1eb3ng c\u1ea5p v\u01b0\u1ee3t tr\u1ed9i th\u00f4ng qua vi\u1ec7c \u00e1p d\u1ee5ng c\u00f4ng ngh\u1ec7 t\u1ea3n nhi\u1ec7t to\u00e0n th\u00e2n, m\u1ed9t s\u00e1ng t\u1ea1o xu\u1ea5t s\u1eafc trong thi\u1ebft k\u1ebf body c\u1ee7a s\u1ea3n ph\u1ea9m v\u1edbi s\u1ef1 s\u1eed d\u1ee5ng ch\u1ea5t li\u1ec7u kim lo\u1ea1i cao c\u1ea5p &#8211; Aluminum. \u0110i\u1ec3m \u0111\u1eb7c bi\u1ec7t n\u1eb1m \u1edf vi\u1ec7c k\u1ebft h\u1ee3p n\u00e0y c\u00f9ng v\u1edbi c\u00e1nh qu\u1ea1t tinh ch\u1ec9nh n\u1eb1m \u1edf \u0111\u00e1y \u0111\u00e8n, t\u1ea1o \u0111i\u1ec1u ki\u1ec7n t\u1ed1i \u01b0u cho vi\u1ec7c qu\u1ea3n l\u00fd nhi\u1ec7t \u0111\u1ed9 b\u00ean trong. \u0110i\u1ec1u n\u00e0y \u0111\u1ea3m b\u1ea3o r\u1eb1ng \u0111\u00e8n lu\u00f4n duy tr\u00ec hi\u1ec7u su\u1ea5t ho\u1ea1t \u0111\u1ed9ng t\u1ed1i \u01b0u v\u00e0 \u0111\u1ed9 b\u1ec1n c\u1ee7a chip LED, \u0111\u1ed3ng th\u1eddi \u0111em l\u1ea1i s\u1ef1 an to\u00e0n trong m\u1ecdi chuy\u1ebfn h\u00e0nh tr\u00ecnh.<\/p>\n<p><img loading=\"lazy\" decoding=\"async\" class=\"alignnone size-full wp-image-1666\" src=\"https:\/\/autothaiduong.vn\/wp-content\/uploads\/2025\/05\/BI-LED-V20-2023-9-1-1-d.jpg\" width=\"1280\" height=\"1280\" srcset=\"https:\/\/autothaiduong.vn\/wp-content\/uploads\/2025\/05\/BI-LED-V20-2023-9-1-1-d.jpg 1280w, https:\/\/autothaiduong.vn\/wp-content\/uploads\/2025\/05\/BI-LED-V20-2023-9-1-1-d-600x600.jpg 600w, https:\/\/autothaiduong.vn\/wp-content\/uploads\/2025\/05\/BI-LED-V20-2023-9-1-1-d-1024x1024.jpg 1024w, https:\/\/autothaiduong.vn\/wp-content\/uploads\/2025\/05\/BI-LED-V20-2023-9-1-1-d-300x300.jpg 300w, https:\/\/autothaiduong.vn\/wp-content\/uploads\/2025\/05\/BI-LED-V20-2023-9-1-1-d-768x768.jpg 768w, https:\/\/autothaiduong.vn\/wp-content\/uploads\/2025\/05\/BI-LED-V20-2023-9-1-1-d-100x100.jpg 100w\" sizes=\"auto, (max-width: 1280px) 100vw, 1280px\" \/><\/p>\n<p>Bi LED X-Light V20 2023 9+1+1 c\u00f3 h\u1ec7 th\u1ed1ng t\u1ea3n nhi\u1ec7t t\u1ed1t<\/p>\n<h2 id=\"2\"><a id=\"2-c--u-h-nh--nh-s-ng\" class=\"toc-a-tag\"><\/a>2. C\u1ea5u h\u00ecnh \u00e1nh s\u00e1ng<\/h2>\n<p>\u0110\u00e8n Bi LED X-Light V20 2023 9+1+1 \u00a0\u0111\u1ed9c \u0111\u00e1o v\u1edbi c\u1ea5u h\u00ecnh \u0111\u1eb7c bi\u1ec7t 9+1+1 nh\u00e2n LED thay v\u00ec 6+3 nh\u00e2n LED nh\u01b0 phi\u00ean b\u1ea3n ti\u1ec1n nhi\u1ec7m, \u0111\u01b0\u1ee3c trang b\u1ecb c\u00f4ng ngh\u1ec7 ti\u00ean ti\u1ebfn c\u1ee7a chip LED Osram. \u0110\u00e2y l\u00e0 m\u1ed9t trong nh\u1eefng c\u00f4ng ngh\u1ec7 h\u00e0ng \u0111\u1ea7u v\u00e0 hi\u1ec7n \u0111\u1ea1i nh\u1ea5t tr\u00ean th\u1ecb tr\u01b0\u1eddng, gi\u00fap mang \u0111\u1ebfn ngu\u1ed3n \u00e1nh s\u00e1ng v\u01b0\u1ee3t tr\u1ed9i v\u1edbi ch\u1ea5t l\u01b0\u1ee3ng t\u1ed1t.<\/p>\n<p>Kh\u00f4ng ch\u1ec9 c\u00f3 \u00e1nh s\u00e1ng m\u1ea1nh m\u1ebd, l\u1ef1a ch\u1ecdn chip LED Osram c\u00f2n \u0111\u1ea3m b\u1ea3o r\u1eb1ng \u0111\u00e8n Bi LED X-Light V20 2023 9+1+1 \u00a0\u0111\u1ea1t ch\u1ec9 s\u1ed1 ho\u00e0n m\u00e0u c\u1ef1c cao, l\u00ean \u0111\u1ebfn 85\/100. \u0110em l\u1ea1i \u00e1nh s\u00e1ng s\u1eafc n\u00e9t, trung th\u1ef1c gi\u00fap t\u00e0i x\u1ebf c\u00f3 kh\u1ea3 n\u0103ng quan s\u00e1t m\u1ecdi chi ti\u1ebft, t\u1ea1o \u0111i\u1ec1u ki\u1ec7n an to\u00e0n t\u1ed1i \u0111a khi l\u00e1i xe tr\u00ean \u0111\u01b0\u1eddng.<\/p>\n<p><img loading=\"lazy\" decoding=\"async\" class=\"alignnone size-full wp-image-1663\" src=\"https:\/\/autothaiduong.vn\/wp-content\/uploads\/2025\/05\/2-2.jpg\" width=\"1280\" height=\"1280\" alt=\"Bi-LED X-LIGHT V20 2023 9+1+1\" srcset=\"https:\/\/autothaiduong.vn\/wp-content\/uploads\/2025\/05\/2-2.jpg 1280w, https:\/\/autothaiduong.vn\/wp-content\/uploads\/2025\/05\/2-2-600x600.jpg 600w, https:\/\/autothaiduong.vn\/wp-content\/uploads\/2025\/05\/2-2-1024x1024.jpg 1024w, https:\/\/autothaiduong.vn\/wp-content\/uploads\/2025\/05\/2-2-300x300.jpg 300w, https:\/\/autothaiduong.vn\/wp-content\/uploads\/2025\/05\/2-2-768x768.jpg 768w, https:\/\/autothaiduong.vn\/wp-content\/uploads\/2025\/05\/2-2-100x100.jpg 100w\" sizes=\"auto, (max-width: 1280px) 100vw, 1280px\" \/><\/p>\n<p>Bi LED X-Light V20 2023 9+1+1 v\u1edbi c\u1ea5u h\u00ecnh \u00e1nh s\u00e1ng m\u1ea1nh m\u1ebd<\/p>\n<h2 id=\"3\"><a id=\"3--nh-s-ng-th--c-t--\" class=\"toc-a-tag\"><\/a>3. \u00c1nh s\u00e1ng th\u1ef1c t\u1ebf<\/h2>\n<h3 id=\"3-1\"><a id=\"3-1--nh-s-ng-cos\" class=\"toc-a-tag\"><\/a>3.1 \u00c1nh s\u00e1ng Cos<\/h3>\n<p>\u0110\u00e8n Bi LED X-Light V20 2023 9+1+1 \u00a0c\u00f3 \u00e1nh s\u00e1ng Cos ho\u00e0n h\u1ea3o, v\u1edbi hi\u1ec7u su\u1ea5t \u0111\u1ea1t 60W. V\u1ec1 kho\u1ea3ng chi\u1ebfu s\u00e1ng, \u00e1nh s\u00e1ng Cos v\u01b0\u1ee3t tr\u1ed9i h\u01a1n phi\u00ean b\u1ea3n c\u0169 g\u1ea5p nhi\u1ec1u l\u1ea7n, t\u1ea1o n\u00ean m\u1ed9t v\u00f9ng chi\u1ebfu s\u00e1ng r\u1ed9ng, gi\u00fap b\u1ea1n di chuy\u1ec3n m\u1ed9t c\u00e1ch t\u1ef1 tin v\u00e0 an to\u00e0n trong n\u1ed9i th\u00e0nh \u0111\u00f4ng \u0111\u00fac.<\/p>\n<p><img loading=\"lazy\" decoding=\"async\" class=\"alignnone size-full wp-image-1668\" src=\"https:\/\/autothaiduong.vn\/wp-content\/uploads\/2025\/05\/COS-7.jpg\" width=\"1280\" height=\"1280\" srcset=\"https:\/\/autothaiduong.vn\/wp-content\/uploads\/2025\/05\/COS-7.jpg 1280w, https:\/\/autothaiduong.vn\/wp-content\/uploads\/2025\/05\/COS-7-600x600.jpg 600w, https:\/\/autothaiduong.vn\/wp-content\/uploads\/2025\/05\/COS-7-1024x1024.jpg 1024w, https:\/\/autothaiduong.vn\/wp-content\/uploads\/2025\/05\/COS-7-300x300.jpg 300w, https:\/\/autothaiduong.vn\/wp-content\/uploads\/2025\/05\/COS-7-768x768.jpg 768w, https:\/\/autothaiduong.vn\/wp-content\/uploads\/2025\/05\/COS-7-100x100.jpg 100w\" sizes=\"auto, (max-width: 1280px) 100vw, 1280px\" \/><\/p>\n<p>Bi LED X-Light V20 2023 9+1+1 cho \u00e1nh s\u00e1ng Cos ho\u00e0n h\u1ea3o<\/p>\n<h3 id=\"3-2\"><a id=\"3-2--nh-s-ng-pha\" class=\"toc-a-tag\"><\/a>3.2 \u00c1nh s\u00e1ng Pha<\/h3>\n<p>Trong ch\u1ebf \u0111\u1ed9 Pha, \u0111\u00e8n Bi LED X-Light V20 2023 9+1+1 th\u1ef1c s\u1ef1 \u1ea5n t\u01b0\u1ee3ng v\u1edbi s\u1ef1 k\u1ebft h\u1ee3p \u0111\u1ed3ng th\u1eddi c\u1ee7a 9 chip LED ch\u00ednh v\u00e0 c\u00e1c chip LED ph\u1ee5, t\u1ea1o ra m\u1ed9t v\u00f9ng chi\u1ebfu s\u00e1ng \u0111\u1ed3ng \u0111\u1ec1u v\u00e0 r\u1ed9ng l\u1edbn. V\u1edbi c\u00f4ng su\u1ea5t ho\u1ea1t \u0111\u1ed9ng m\u1ea1nh m\u1ebd l\u00ean \u0111\u1ebfn 70W v\u00e0 c\u01b0\u1eddng \u0111\u1ed9 chi\u1ebfu s\u00e1ng cao \u0111\u1ebfn 12.000Lux, s\u1ea3n ph\u1ea9m n\u00e0y n\u00e2ng t\u1ea7m kh\u1ea3 n\u0103ng quan s\u00e1t c\u1ee7a t\u00e0i x\u1ebf l\u00ean \u0111\u1ebfn 800m, mang l\u1ea1i s\u1ef1 an to\u00e0n t\u1ed1i \u0111a khi di chuy\u1ec3n tr\u00ean c\u00e1c tuy\u1ebfn \u0111\u01b0\u1eddng cao t\u1ed1c.<\/p>\n<p>Kh\u1ea3 n\u0103ng chi\u1ebfu s\u00e1ng xa hi\u1ec7u qu\u1ea3 c\u1ee7a \u0111\u00e8n Bi LED X-Light V20 2023 9+1+1 \u00a0kh\u00f4ng ch\u1ec9 t\u1ea1o \u0111i\u1ec1u ki\u1ec7n l\u00e1i xe an to\u00e0n m\u00e0 c\u00f2n \u0111em \u0111\u1ebfn s\u1ef1 t\u1ef1 tin khi \u0111\u1ed1i m\u1eb7t v\u1edbi nh\u1eefng \u0111o\u1ea1n \u0111\u01b0\u1eddng \u0111\u00f2i h\u1ecfi kh\u1ea3 n\u0103ng quan s\u00e1t v\u00e0 ph\u1ea3n \u1ee9ng nhanh nh\u1ea1y. V\u1edbi kh\u1ea3 n\u0103ng quan s\u00e1t r\u1ed9ng v\u00e0 \u00e1nh s\u00e1ng m\u1ea1nh m\u1ebd, b\u1ea1n lu\u00f4n s\u1eb5n s\u00e0ng \u0111\u1ed1i m\u1eb7t v\u1edbi m\u1ecdi t\u00ecnh hu\u1ed1ng kh\u00f3 kh\u0103n tr\u00ean \u0111\u01b0\u1eddng.<\/p>\n<p><img loading=\"lazy\" decoding=\"async\" class=\"alignnone size-full wp-image-1669\" src=\"https:\/\/autothaiduong.vn\/wp-content\/uploads\/2025\/05\/PHA-7.jpg\" width=\"1280\" height=\"1280\" srcset=\"https:\/\/autothaiduong.vn\/wp-content\/uploads\/2025\/05\/PHA-7.jpg 1280w, https:\/\/autothaiduong.vn\/wp-content\/uploads\/2025\/05\/PHA-7-600x600.jpg 600w, https:\/\/autothaiduong.vn\/wp-content\/uploads\/2025\/05\/PHA-7-1024x1024.jpg 1024w, https:\/\/autothaiduong.vn\/wp-content\/uploads\/2025\/05\/PHA-7-300x300.jpg 300w, https:\/\/autothaiduong.vn\/wp-content\/uploads\/2025\/05\/PHA-7-768x768.jpg 768w, https:\/\/autothaiduong.vn\/wp-content\/uploads\/2025\/05\/PHA-7-100x100.jpg 100w\" sizes=\"auto, (max-width: 1280px) 100vw, 1280px\" \/><\/p>\n<p>Bi LED X-Light V20 2023 9+1+1 cho \u00e1nh s\u00e1ng pha m\u1ea1nh m\u1ebd<\/p>\n<h3 id=\"3-3\"><a id=\"3-3-kh--n-ng-s--d--ng-trong-m--i-th--i-ti--t\" class=\"toc-a-tag\"><\/a>3.3 Kh\u1ea3 n\u0103ng s\u1eed d\u1ee5ng trong m\u1ecdi th\u1eddi ti\u1ebft<\/h3>\n<p>V\u1edbi nhi\u1ec7t m\u00e0u 5000K, \u0111i\u1ec7n \u00e1p 12V, cho ra ngu\u1ed3n \u00e1nh s\u00e1ng c\u1ef1c m\u1ea1nh, kh\u00f4ng g\u00e2y ch\u00f3i, kh\u00f4ng g\u00e2y m\u1ecfi m\u1eaft khi l\u00e1i xe v\u00e0o ban \u0111\u00eam. \u0110\u00e8n Bi LED X-Light V20 2023 9+1+1 c\u00f3 kh\u1ea3 n\u0103ng b\u00e1m \u0111\u01b0\u1eddng t\u1ed1t, gi\u00fap b\u1ea1n di chuy\u1ec3n d\u1ec5 d\u00e0ng trong m\u1ecdi \u0111i\u1ec1u ki\u1ec7n th\u1eddi ti\u1ebft d\u00f9 l\u00e0 str\u1eddi m\u01b0a b\u00e3o hay s\u01b0\u01a1ng m\u00f9.<\/p>\n<h2 id=\"4\"><a id=\"4----a-ch--l--p---t-bi-led-x-light-v20-2023-9-1-1\" class=\"toc-a-tag\"><\/a>4. \u0110\u1ecba ch\u1ec9 l\u1eafp \u0111\u1eb7t Bi LED X-Light V20 2023 9+1+1<\/h2>\n<p>X-Light l\u00e0 th\u01b0\u01a1ng hi\u1ec7u t\u0103ng s\u00e1ng cho c\u00e1c d\u00f2ng xe \u00f4 t\u00f4, xe m\u00e1y \u0111\u01b0\u1ee3c y\u00eau th\u00edch t\u1ea1i Vi\u1ec7t Nam v\u1edbi seri s\u1ea3n ph\u1ea9m c\u00f3 \u0111\u1ed9 b\u1ec1n cao, ch\u1ea5t l\u01b0\u1ee3ng t\u1ed1t v\u00e0 v\u00f4 c\u00f9ng \u0111a d\u1ea1ng. To\u00e0n b\u1ed9 s\u1ea3n ph\u1ea9m c\u1ee7a X-Light \u0111\u01b0\u1ee3c nghi\u00ean c\u1ee9u v\u00e0 ph\u00e1t tri\u1ec3n b\u1eb1ng c\u00f4ng ngh\u1ec7 hi\u1ec7n \u0111\u1ea1i \u0111\u1ea1t ti\u00eau chu\u1ea9n Ch\u00e2u \u00c2u, d\u1ec5 d\u00e0ng l\u1eafp \u0111\u1eb7t tr\u00ean m\u1ecdi d\u00f2ng xe.<\/p>\n<p>\u0110\u1eb7c bi\u1ec7t, d\u00f2ng Bi LED X-Light V20 2023 9+1+1 c\u00f3 ch\u00ednh s\u00e1ch b\u1ea3o h\u00e0nh l\u00ean \u0111\u1ebfn 36 th\u00e1ng, tr\u00ean ph\u1ea1m vi to\u00e0n qu\u1ed1c.<\/p>\n<p>Auto Th\u00e1i D\u01b0\u01a1ng &#8211; \u0110\u1ea1i li ch\u00ednh h\u00e3ng <strong>X-Light<\/strong> t\u1ea1i <strong>TP.B\u1ea3o L\u1ed9c\u00a0<\/strong><\/p>\n","protected":false},"excerpt":{"rendered":"<h2>Th\u00f4ng s\u1ed1 k\u1ef9 thu\u1eadt Bi-LED X-LIGHT V20 2023 9+1+1<\/h2>\n<table>\n<tbody>\n<tr>\n<td class=\"lileft\">T\u00ean S\u1ea3n Ph\u1ea9m:<\/td>\n<td class=\"liright\">2023<br \/>\nX-LIGHT V20 2023 9+1+1<\/td>\n<\/tr>\n<tr>\n<td class=\"lileft\">Lo\u1ea1i \u0110\u00e8n:<\/td>\n<td class=\"liright\">2023<\/td>\n<\/tr>\n<tr>\n<td class=\"lileft\">N\u0103m s\u1ea3n xu\u1ea5t:<\/td>\n<td class=\"liright\">2023<\/td>\n<\/tr>\n<tr>\n<td class=\"lileft\">C\u00f4ng Su\u1ea5t Cos:<\/td>\n<td class=\"liright\">60w<\/td>\n<\/tr>\n<tr>\n<td class=\"lileft\">C\u00f4ng Su\u1ea5t Pha:<\/td>\n<td class=\"liright\">70w<\/td>\n<\/tr>\n<tr>\n<td class=\"lileft\">Nh\u00e2n LED:<\/td>\n<td class=\"liright\">9+1+1<\/td>\n<\/tr>\n<tr>\n<td class=\"lileft\">Nhi\u1ec7t m\u00e0u:<\/td>\n<td class=\"liright\">5000K<\/td>\n<\/tr>\n<tr>\n<td class=\"lileft\">H\u1ec7 Th\u1ed1ng T\u1ea3n Nhi\u1ec7t:<\/td>\n<td class=\"liright\">Aluminum<\/td>\n<\/tr>\n<tr>\n<td class=\"lileft\">Tu\u1ed5i th\u1ecd:<\/td>\n<td class=\"liright\">30.000 gi\u1edd<\/td>\n<\/tr>\n<tr>\n<td class=\"lileft\">\u0110i\u1ec7n \u00c1p:<\/td>\n<td class=\"liright\">12V &#8211; 16V<\/td>\n<\/tr>\n<tr>\n<td class=\"lileft\">K\u00edch Th\u01b0\u1edbc Lens:<\/td>\n<td class=\"liright\">3 inch<\/td>\n<\/tr>\n<tr>\n<td class=\"lileft\">B\u1ea3o h\u00e0nh:<\/td>\n<td class=\"liright\">36 th\u00e1ng<\/td>\n<\/tr>\n<\/tbody>\n<\/table>\n","protected":false},"featured_media":1663,"comment_status":"open","ping_status":"closed","template":"","meta":[],"product_brand":[134],"product_cat":[16,26],"product_tag":[],"class_list":{"0":"post-1661","1":"product","2":"type-product","3":"status-publish","4":"has-post-thumbnail","6":"product_brand-x-light","7":"product_cat-anh-sang","8":"product_cat-bi-led","10":"first","11":"instock","12":"shipping-taxable","13":"purchasable","14":"product-type-simple"},"_links":{"self":[{"href":"https:\/\/autothaiduong.vn\/index.php?rest_route=\/wp\/v2\/product\/1661","targetHints":{"allow":["GET"]}}],"collection":[{"href":"https:\/\/autothaiduong.vn\/index.php?rest_route=\/wp\/v2\/product"}],"about":[{"href":"https:\/\/autothaiduong.vn\/index.php?rest_route=\/wp\/v2\/types\/product"}],"replies":[{"embeddable":true,"href":"https:\/\/autothaiduong.vn\/index.php?rest_route=%2Fwp%2Fv2%2Fcomments&post=1661"}],"wp:featuredmedia":[{"embeddable":true,"href":"https:\/\/autothaiduong.vn\/index.php?rest_route=\/wp\/v2\/media\/1663"}],"wp:attachment":[{"href":"https:\/\/autothaiduong.vn\/index.php?rest_route=%2Fwp%2Fv2%2Fmedia&parent=1661"}],"wp:term":[{"taxonomy":"product_brand","embeddable":true,"href":"https:\/\/autothaiduong.vn\/index.php?rest_route=%2Fwp%2Fv2%2Fproduct_brand&post=1661"},{"taxonomy":"product_cat","embeddable":true,"href":"https:\/\/autothaiduong.vn\/index.php?rest_route=%2Fwp%2Fv2%2Fproduct_cat&post=1661"},{"taxonomy":"product_tag","embeddable":true,"href":"https:\/\/autothaiduong.vn\/index.php?rest_route=%2Fwp%2Fv2%2Fproduct_tag&post=1661"}],"curies":[{"name":"wp","href":"https:\/\/api.w.org\/{rel}","templated":true}]}}