{"id":1670,"date":"2025-05-15T14:24:58","date_gmt":"2025-05-15T14:24:58","guid":{"rendered":"https:\/\/autothaiduong.vn\/?post_type=product&#038;p=1670"},"modified":"2025-05-15T14:25:08","modified_gmt":"2025-05-15T14:25:08","slug":"module-led-x-light-f-pro-new-2024","status":"publish","type":"product","link":"https:\/\/autothaiduong.vn\/?product=module-led-x-light-f-pro-new-2024","title":{"rendered":"Module Led X-Light F+ Pro (New 2024)"},"content":{"rendered":"<p style=\"text-align: center;\"><img loading=\"lazy\" decoding=\"async\" class=\" wp-image-1537 aligncenter\" src=\"https:\/\/autothaiduong.vn\/wp-content\/uploads\/2025\/05\/z6584734442481_f208f5944548cb4b46353402ce2e64e0-1.jpg\" alt=\"\" width=\"273\" height=\"242\" \/> <span style=\"color: #ff0000;\"><strong><span style=\"font-size: 150%;\">273-275 Tr\u1ea7n Ph\u00fa Ph\u01b0\u1eddng L\u1ed9c S\u01a1n Th\u00e0nh Ph\u1ed1 B\u1ea3o L\u1ed9c T\u1ec9nh L\u00e2m \u0110\u1ed3ng <\/span><\/strong><\/span><\/p>\n<p style=\"text-align: center;\"><span style=\"color: #ff0000;\"><strong><span style=\"font-size: 150%;\">Hotline: 0912197441<\/span><\/strong><\/span><\/p>\n<p>&nbsp;<\/p>\n<p><img loading=\"lazy\" decoding=\"async\" class=\"alignnone size-full wp-image-1671\" src=\"https:\/\/autothaiduong.vn\/wp-content\/uploads\/2025\/05\/2-4.jpg\" width=\"1280\" height=\"1280\" alt=\"Module Led X-Light F+ Pro (New 2024)\" srcset=\"https:\/\/autothaiduong.vn\/wp-content\/uploads\/2025\/05\/2-4.jpg 1280w, https:\/\/autothaiduong.vn\/wp-content\/uploads\/2025\/05\/2-4-600x600.jpg 600w, https:\/\/autothaiduong.vn\/wp-content\/uploads\/2025\/05\/2-4-1024x1024.jpg 1024w, https:\/\/autothaiduong.vn\/wp-content\/uploads\/2025\/05\/2-4-300x300.jpg 300w, https:\/\/autothaiduong.vn\/wp-content\/uploads\/2025\/05\/2-4-768x768.jpg 768w, https:\/\/autothaiduong.vn\/wp-content\/uploads\/2025\/05\/2-4-100x100.jpg 100w\" sizes=\"auto, (max-width: 1280px) 100vw, 1280px\" \/><\/p>\n<p>Phi\u00ean b\u1ea3n Module Led X-Light F+ Pro (New 2024) ti\u1ebfp t\u1ee5c l\u00e0 s\u1ef1 ph\u00e1t tri\u1ec3n sau th\u00e0nh c\u00f4ng vang d\u1ed9i c\u1ee7a phi\u00ean b\u1ea3n ti\u1ec1n nhi\u1ec7m v\u00e0 n\u00f3 \u0111em l\u1ea1i nhi\u1ec1u c\u1ea3i ti\u1ebfn \u0111\u00e1ng k\u1ec3 trong c\u00f4ng ngh\u1ec7 s\u1ea3n xu\u1ea5t. D\u00f2ng s\u1ea3n ph\u1ea9m n\u00e0y h\u1ee9a h\u1eb9n s\u1ebd mang \u0111\u1ebfn cho kh\u00e1ch h\u00e0ng nh\u1eefng tr\u1ea3i nghi\u1ec7m ho\u00e0n to\u00e0n m\u1edbi, v\u00f4 c\u00f9ng \u1ea5n t\u01b0\u1ee3ng.<\/p>\n<div>\n<table width=\"600\">\n<colgroup>\n<col width=\"244\" \/>\n<col width=\"356\" \/><\/colgroup>\n<\/table>\n<\/div>\n<p><img loading=\"lazy\" decoding=\"async\" class=\"alignnone size-full wp-image-1672\" src=\"https:\/\/autothaiduong.vn\/wp-content\/uploads\/2025\/05\/1-9.jpg\" width=\"1280\" height=\"1280\" srcset=\"https:\/\/autothaiduong.vn\/wp-content\/uploads\/2025\/05\/1-9.jpg 1280w, https:\/\/autothaiduong.vn\/wp-content\/uploads\/2025\/05\/1-9-600x600.jpg 600w, https:\/\/autothaiduong.vn\/wp-content\/uploads\/2025\/05\/1-9-1024x1024.jpg 1024w, https:\/\/autothaiduong.vn\/wp-content\/uploads\/2025\/05\/1-9-300x300.jpg 300w, https:\/\/autothaiduong.vn\/wp-content\/uploads\/2025\/05\/1-9-768x768.jpg 768w, https:\/\/autothaiduong.vn\/wp-content\/uploads\/2025\/05\/1-9-100x100.jpg 100w\" sizes=\"auto, (max-width: 1280px) 100vw, 1280px\" \/><\/p>\n<p>Module Led X-Light F+ Pro (New 2024) th\u1eddi th\u01b0\u1ee3ng<\/p>\n<h2 id=\"1\"><a id=\"1-c--i-ti--n-ngo--i-h-nh---t-ph-\" class=\"toc-a-tag\"><\/a>1. C\u1ea3i ti\u1ebfn ngo\u1ea1i h\u00ecnh \u0111\u1ed9t ph\u00e1<\/h2>\n<p>Phi\u00ean b\u1ea3n m\u1edbi c\u1ee7a Module Led X-Light F+ Pro (New 2024) tr\u00ecnh l\u00e0ng v\u1edbi m\u1ed9t di\u1ec7n m\u1ea1o ho\u00e0n to\u00e0n m\u1edbi, cu\u1ed1n h\u00fat h\u01a1n so v\u1edbi phi\u00ean b\u1ea3n tr\u01b0\u1edbc. S\u1ef1 thay \u0111\u1ed5i \u0111\u1ed9t ph\u00e1 trong thi\u1ebft k\u1ebf l\u1ea7n n\u00e0y l\u00e0m t\u0103ng v\u1ebb \u0111\u1eb9p trang nh\u00e3, t\u1ea1o \u0111i\u1ec3m nh\u1ea5n quy\u1ebfn r\u0169 cho m\u1ecdi chi\u1ebfc xe.<\/p>\n<p>Ngo\u00e0i ra, to\u00e0n b\u1ed9 ph\u1ea7n th\u00e2n c\u1ee7a s\u1ea3n ph\u1ea9m \u0111\u01b0\u1ee3c s\u1eed d\u1ee5ng v\u1eadt li\u1ec7u Aluminum cao c\u1ea5p, mang \u0111\u1ebfn s\u1ef1 \u0111\u1eb3ng c\u1ea5p v\u00e0 \u0111\u1ed9 ho\u00e0n thi\u1ec7n v\u01b0\u1ee3t tr\u1ed9i. Nh\u1edd v\u00e0o ch\u1ea5t li\u1ec7u n\u00e0y, s\u1ea3n ph\u1ea9m kh\u00f4ng ch\u1ec9 s\u1edf h\u1eefu n\u00e9t sang tr\u1ecdng, th\u1eddi th\u01b0\u1ee3ng m\u00e0 c\u00f2n \u0111\u1ea3m b\u1ea3o \u0111\u1ed9 b\u1ec1n theo th\u1eddi gian.<\/p>\n<p>V\u1edbi k\u00edch th\u01b0\u1edbc 56x98x118mm, Module Led X-Light F+ Pro (New 2024) d\u1ec5 d\u00e0ng l\u1eafp \u0111\u1eb7t tr\u00ean c\u00e1c d\u00f2ng xe, m\u00e0 kh\u00f4ng c\u1ea7n ph\u1ea3i lo l\u1eafng v\u1ec1 v\u1ea5n \u0111\u1ec1 c\u1eaft ch\u00f3a. S\u1ef1 k\u1ebft h\u1ee3p ho\u00e0n h\u1ea3o gi\u1eefa thi\u1ebft k\u1ebf \u0111\u1ec9nh cao v\u00e0 t\u00ednh n\u0103ng linh ho\u1ea1t gi\u00fap s\u1ea3n ph\u1ea9m tr\u1edf th\u00e0nh l\u1ef1a ch\u1ecdn l\u00fd t\u01b0\u1edfng cho nh\u1eefng ng\u01b0\u1eddi \u0111am m\u00ea xe.<\/p>\n<p><img loading=\"lazy\" decoding=\"async\" class=\"alignnone size-full wp-image-1673\" src=\"https:\/\/autothaiduong.vn\/wp-content\/uploads\/2025\/05\/4-7.jpg\" width=\"1280\" height=\"1280\" srcset=\"https:\/\/autothaiduong.vn\/wp-content\/uploads\/2025\/05\/4-7.jpg 1280w, https:\/\/autothaiduong.vn\/wp-content\/uploads\/2025\/05\/4-7-600x600.jpg 600w, https:\/\/autothaiduong.vn\/wp-content\/uploads\/2025\/05\/4-7-1024x1024.jpg 1024w, https:\/\/autothaiduong.vn\/wp-content\/uploads\/2025\/05\/4-7-300x300.jpg 300w, https:\/\/autothaiduong.vn\/wp-content\/uploads\/2025\/05\/4-7-768x768.jpg 768w, https:\/\/autothaiduong.vn\/wp-content\/uploads\/2025\/05\/4-7-100x100.jpg 100w\" sizes=\"auto, (max-width: 1280px) 100vw, 1280px\" \/><\/p>\n<p>Module Led X-Light F+ Pro (New 2024) v\u1edbi ngo\u1ea1i h\u00ecnh \u0111\u1ed9t ph\u00e1<\/p>\n<h2 id=\"2\"><a id=\"2-h--th--ng-t--n-nhi--t-ti-n-ti--n\" class=\"toc-a-tag\"><\/a>2. H\u1ec7 th\u1ed1ng t\u1ea3n nhi\u1ec7t ti\u00ean ti\u1ebfn<\/h2>\n<p>Module Led X-Light F+ Pro (New 2024) s\u1edf h\u1eefu c\u00f4ng su\u1ea5t kh\u1ee7ng n\u00ean l\u01b0\u1ee3ng nhi\u1ec7t tho\u00e1t ra v\u00f4 c\u00f9ng l\u1edbn, do \u0111\u00f3 s\u1ea3n ph\u1ea9m \u0111\u01b0\u1ee3c trang b\u1ecb cho m\u00ecnh m\u1ed9t h\u1ec7 th\u1ed1ng chip LED hi\u1ec7n \u0111\u1ea1i k\u1ebft h\u1ee3p v\u1edbi h\u1ec7 th\u1ed1ng t\u1ea3n nhi\u1ec7t ti\u00ean ti\u1ebfn, nh\u1eb1m \u0111\u1ea3m b\u1ea3o qu\u00e1 tr\u00ecnh ho\u1ea1t \u0111\u1ed9ng di\u1ec5n ra m\u1ed9t c\u00e1ch tr\u01a1n tru, \u1ed5n \u0111\u1ecbnh v\u00e0 hi\u1ec7u qu\u1ea3.<\/p>\n<p>B\u00ean c\u1ea1nh \u0111\u00f3, ph\u1ea7n t\u1ea3n nhi\u1ec7t \u0111\u01b0\u1ee3c \u0111\u1eb7t bi\u1ec7t ch\u00fa tr\u1ecdng v\u1edbi thi\u1ebft k\u1ebf s\u00e1ng t\u1ea1o, t\u00edch h\u1ee3p nhi\u1ec1u c\u00e1nh qu\u1ea1t m\u1ecfng nh\u1eb9 \u0111\u01b0\u1ee3c \u0111\u1eb7t c\u00e1ch nhau m\u1ed9t c\u00e1ch t\u1ed1i \u01b0u, t\u0103ng c\u01b0\u1eddng kh\u1ea3 n\u0103ng tho\u00e1t nhi\u1ec7t khi \u0111\u00e8n ho\u1ea1t \u0111\u1ed9ng. Qu\u00e1 tr\u00ecnh t\u1ea3n nhi\u1ec7t \u0111\u01b0\u1ee3c th\u1ef1c hi\u1ec7n m\u1ed9t c\u00e1ch \u1ed5n \u0111\u1ecbnh, gi\u00fap b\u1ea3o v\u1ec7 h\u1ec7 th\u1ed1ng v\u00e0 gia t\u0103ng tu\u1ed5i th\u1ecd cho s\u1ea3n ph\u1ea9m.<\/p>\n<p><img loading=\"lazy\" decoding=\"async\" class=\"alignnone size-full wp-image-1674\" src=\"https:\/\/autothaiduong.vn\/wp-content\/uploads\/2025\/05\/3-6.jpg\" width=\"1280\" height=\"1280\" srcset=\"https:\/\/autothaiduong.vn\/wp-content\/uploads\/2025\/05\/3-6.jpg 1280w, https:\/\/autothaiduong.vn\/wp-content\/uploads\/2025\/05\/3-6-600x600.jpg 600w, https:\/\/autothaiduong.vn\/wp-content\/uploads\/2025\/05\/3-6-1024x1024.jpg 1024w, https:\/\/autothaiduong.vn\/wp-content\/uploads\/2025\/05\/3-6-300x300.jpg 300w, https:\/\/autothaiduong.vn\/wp-content\/uploads\/2025\/05\/3-6-768x768.jpg 768w, https:\/\/autothaiduong.vn\/wp-content\/uploads\/2025\/05\/3-6-100x100.jpg 100w\" sizes=\"auto, (max-width: 1280px) 100vw, 1280px\" \/><\/p>\n<p>H\u1ec7 th\u1ed1ng t\u1ea3n nhi\u1ec7t ti\u00ean ti\u1ebfn<\/p>\n<h2 id=\"3\"><a id=\"3-c--u-h-nh--nh-s-ng-m--nh-m--\" class=\"toc-a-tag\"><\/a>3. C\u1ea5u h\u00ecnh \u00e1nh s\u00e1ng m\u1ea1nh m\u1ebd<\/h2>\n<p>Module Led X-Light F+ Pro (New 2024) \u0111\u01b0\u1ee3c trang b\u1ecb m\u1ed9t c\u1ea5u h\u00ecnh \u00e1nh s\u00e1ng m\u1ea1nh m\u1ebd v\u1edbi t\u1ed5ng c\u1ed9ng 6 nh\u00e2n chip LED \u1edf ch\u00f3a ph\u1ea3n x\u1ea1 ch\u00ednh v\u00e0 3 chip LED \u1edf ch\u00f3a ph\u1ea3n x\u1ea1 ph\u1ee5, cho ra ngu\u1ed3n \u00e1nh s\u00e1ng v\u00f4 c\u00f9ng m\u1ea1nh m\u1ebd.<\/p>\n<h3 id=\"3-1\"><a id=\"3-1--nh-s-ng-cos\" class=\"toc-a-tag\"><\/a>3.1 \u00c1nh s\u00e1ng Cos<\/h3>\n<p>\u1ede ch\u1ebf \u0111\u1ed9 Cos, Module Led X-Light F+ Pro (New 2024) s\u1edf h\u1eefu c\u00f4ng su\u1ea5t 55W, cho ra \u00e1nh s\u00e1ng b\u00e1m \u0111\u01b0\u1eddng, m\u1ecbn m\u00e0ng v\u00e0 v\u01b0\u1ee3t tr\u1ed9i h\u01a1n so v\u1edbi phi\u00ean b\u1ea3n c\u0169. Nh\u1edd \u0111\u00f3 m\u00e0 gi\u00fap t\u00e0i x\u1ebf c\u00f3 th\u1ec3 d\u1ec5 d\u00e0ng quan s\u00e1t \u0111\u01b0\u1ee3c nh\u1eefng v\u1eadt th\u1ec3 khi di chuy\u1ec3n trong \u0111i\u1ec1u ki\u1ec7n thi\u1ebfu \u00e1nh s\u00e1ng nh\u01b0 s\u01b0\u01a1ng m\u00f9 hay \u0111\u00eam t\u1ed1i.<\/p>\n<p><img loading=\"lazy\" decoding=\"async\" class=\"alignnone size-full wp-image-1675\" src=\"https:\/\/autothaiduong.vn\/wp-content\/uploads\/2025\/05\/COS-8.jpg\" width=\"1280\" height=\"1280\" srcset=\"https:\/\/autothaiduong.vn\/wp-content\/uploads\/2025\/05\/COS-8.jpg 1280w, https:\/\/autothaiduong.vn\/wp-content\/uploads\/2025\/05\/COS-8-600x600.jpg 600w, https:\/\/autothaiduong.vn\/wp-content\/uploads\/2025\/05\/COS-8-1024x1024.jpg 1024w, https:\/\/autothaiduong.vn\/wp-content\/uploads\/2025\/05\/COS-8-300x300.jpg 300w, https:\/\/autothaiduong.vn\/wp-content\/uploads\/2025\/05\/COS-8-768x768.jpg 768w, https:\/\/autothaiduong.vn\/wp-content\/uploads\/2025\/05\/COS-8-100x100.jpg 100w\" sizes=\"auto, (max-width: 1280px) 100vw, 1280px\" \/><\/p>\n<p>\u00c1nh s\u00e1ng Cos th\u1eddi th\u01b0\u1ee3ng<\/p>\n<h3 id=\"3-2\"><a id=\"3-2--nh-s-ng-pha\" class=\"toc-a-tag\"><\/a>3.2 \u00c1nh s\u00e1ng pha<\/h3>\n<p>\u1ede ch\u1ebf \u0111\u1ed9 pha, Module Led X-Light F+ Pro (New 2024) c\u00f3 c\u00f4ng su\u1ea5t \u0111\u1ea1t 60W, \u0111em l\u1ea1i \u00e1nh s\u00e1ng xa, cao v\u00e0 \u0111\u1ed9 bao ph\u1ee7 c\u1ef1c k\u1ef3 t\u1ed1t, gi\u00fap cho t\u00e0i x\u1ebf c\u00f3 th\u1ec3 d\u1ec5 d\u00e0ng di chuy\u1ec3n c\u0169ng nh\u01b0 t\u0103ng kh\u1ea3 n\u0103ng x\u1eed l\u00fd nh\u1eefng t\u00ecnh hu\u1ed1ng b\u1ea5t ng\u1edd.<\/p>\n<p><img loading=\"lazy\" decoding=\"async\" class=\"alignnone size-full wp-image-1676\" src=\"https:\/\/autothaiduong.vn\/wp-content\/uploads\/2025\/05\/PHA-8.jpg\" width=\"1280\" height=\"1280\" srcset=\"https:\/\/autothaiduong.vn\/wp-content\/uploads\/2025\/05\/PHA-8.jpg 1280w, https:\/\/autothaiduong.vn\/wp-content\/uploads\/2025\/05\/PHA-8-600x600.jpg 600w, https:\/\/autothaiduong.vn\/wp-content\/uploads\/2025\/05\/PHA-8-1024x1024.jpg 1024w, https:\/\/autothaiduong.vn\/wp-content\/uploads\/2025\/05\/PHA-8-300x300.jpg 300w, https:\/\/autothaiduong.vn\/wp-content\/uploads\/2025\/05\/PHA-8-768x768.jpg 768w, https:\/\/autothaiduong.vn\/wp-content\/uploads\/2025\/05\/PHA-8-100x100.jpg 100w\" sizes=\"auto, (max-width: 1280px) 100vw, 1280px\" \/><\/p>\n<p>\u00c1nh s\u00e1ng pha v\u01b0\u1ee3t tr\u1ed9i<\/p>\n<h3 id=\"3-3\"><a id=\"3-3-nhi--t-m-u--a-d--ng\" class=\"toc-a-tag\"><\/a>3.3 Nhi\u1ec7t m\u00e0u \u0111a d\u1ee5ng<\/h3>\n<p>Module Led X-Light F+ Pro (New 2024) t\u1ef1 h\u00e0o s\u1edf h\u1eefu nhi\u1ec7t m\u00e0u 5500K, t\u1ea1o ra m\u1ed9t \u00e1nh s\u00e1ng tr\u1eafng pha v\u00e0ng \u0111\u1ed9c \u0111\u00e1o. \u0110\u1eb7c bi\u1ec7t, v\u1edbi \u0111\u1ed9 ho\u00e0n thi\u1ec7n m\u00e0u cao, gi\u00fap c\u1ea3i thi\u1ec7n m\u00e0u s\u1eafc c\u1ee7a v\u1eadt th\u1ec3 m\u1ed9t c\u00e1ch ch\u00e2n th\u1ef1c, r\u00f5 r\u00e0ng v\u00e0 s\u1eafc n\u00e9t.<\/p>\n<h2 id=\"4\"><a id=\"4----a-ch--l--p---t-uy-t-n\" class=\"toc-a-tag\"><\/a>4. \u0110\u1ecba ch\u1ec9 l\u1eafp \u0111\u1eb7t uy t\u00edn<\/h2>\n<p>S\u1ea3n ph\u1ea9m Module Led X-Light F+Pro (New 2024) c\u00f3 ch\u1ebf \u0111\u1ed9 b\u1ea3o h\u00e0nh l\u00ean \u0111\u1ebfn 24 th\u00e1ng t\u1ea1i to\u00e0n b\u1ed9 h\u1ec7 th\u1ed1ng X-Light Vi\u1ec7t Nam. Qu\u00fd kh\u00e1ch h\u00e0ng c\u00f3 th\u1ec3 \u0111\u1ebfn ngay c\u1eeda h\u00e0ng g\u1ea7n nh\u1ea5t \u0111\u1ec3 \u0111\u01b0\u1ee3c t\u01b0 v\u1ea5n v\u00e0 h\u1ed7 tr\u1ee3 nhanh nh\u1ea5t.<\/p>\n<p><strong><span style=\"color: #ff0000;\">Auto Th\u00e1i D\u01b0\u01a1ng<\/span><\/strong> &#8211; \u0110\u1ea1i l\u00ed ch\u00ednh h\u00e3ng <strong>X-Light<\/strong> t\u1ea1i <strong>TP.B\u1ea3o L\u1ed9c<\/strong><\/p>\n<p>&nbsp;<\/p>\n","protected":false},"excerpt":{"rendered":"<h2>Th\u00f4ng s\u1ed1 k\u1ef9 thu\u1eadt Module Led X-Light F+ Pro (New 2024)<\/h2>\n<table>\n<tbody>\n<tr>\n<td class=\"lileft\">T\u00ean S\u1ea3n Ph\u1ea9m:<\/td>\n<td class=\"liright\">Module Led X-Light F+ Pro (New 2024)<\/td>\n<\/tr>\n<tr>\n<td class=\"lileft\">Lo\u1ea1i \u0110\u00e8n:<\/td>\n<td class=\"liright\">Bi LED<\/td>\n<\/tr>\n<tr>\n<td class=\"lileft\">Th\u01b0\u01a1ng Hi\u1ec7u:<\/td>\n<td class=\"liright\">X-Light<\/td>\n<\/tr>\n<tr>\n<td class=\"lileft\">N\u0103m s\u1ea3n xu\u1ea5t:<\/td>\n<td class=\"liright\">2023<\/td>\n<\/tr>\n<tr>\n<td class=\"lileft\">V\u1ecb Tr\u00ed L\u1eafp \u0110\u1eb7t:<\/td>\n<td class=\"liright\">\u0110\u00e8n Ch\u00ednh<\/td>\n<\/tr>\n<tr>\n<td class=\"lileft\">D\u00f2ng Xe Ph\u00f9 H\u1ee3p:<\/td>\n<td class=\"liright\">C\u00e1c Lo\u1ea1i Xe \u00d4 T\u00f4<\/td>\n<\/tr>\n<tr>\n<td class=\"lileft\">C\u00f4ng Su\u1ea5t Cos:<\/td>\n<td class=\"liright\">55W<\/td>\n<\/tr>\n<tr>\n<td class=\"lileft\">C\u00f4ng Su\u1ea5t Pha:<\/td>\n<td class=\"liright\">60W<\/td>\n<\/tr>\n<tr>\n<td class=\"lileft\">Nh\u00e2n LED:<\/td>\n<td class=\"liright\">6 (Big) + 3 (Osram)<\/td>\n<\/tr>\n<tr>\n<td class=\"lileft\">Nhi\u1ec7t m\u00e0u:<\/td>\n<td class=\"liright\">5500k<\/td>\n<\/tr>\n<tr>\n<td class=\"lileft\">H\u1ec7 Th\u1ed1ng T\u1ea3n Nhi\u1ec7t:<\/td>\n<td class=\"liright\">Qu\u1ea1t + Kh\u1ed1i Nh\u00f4m<\/td>\n<\/tr>\n<tr>\n<td class=\"lileft\">Tu\u1ed5i th\u1ecd:<\/td>\n<td class=\"liright\">30.000 Gi\u1edd<\/td>\n<\/tr>\n<tr>\n<td class=\"lileft\">\u0110i\u1ec7n \u00c1p:<\/td>\n<td class=\"liright\">12 &#8211; 16V<\/td>\n<\/tr>\n<tr>\n<td class=\"lileft\">K\u00edch Th\u01b0\u1edbc Lens:<\/td>\n<td class=\"liright\">1.8 Inch<\/td>\n<\/tr>\n<tr>\n<td class=\"lileft\">B\u1ea3o h\u00e0nh:<\/td>\n<td class=\"liright\">2 N\u0103m<\/td>\n<\/tr>\n<tr>\n<td class=\"lileft\">\u0110\u1eb7c \u0110i\u1ec3m N\u1ed5i B\u1eadt:<\/td>\n<td class=\"liright\">Nh\u1ecf G\u1ecdn &#8211; D\u1ec5 L\u1eafp \u0110\u1eb7t<\/td>\n<\/tr>\n<\/tbody>\n<\/table>\n","protected":false},"featured_media":1671,"comment_status":"open","ping_status":"closed","template":"","meta":[],"product_brand":[134],"product_cat":[16,26],"product_tag":[],"class_list":{"0":"post-1670","1":"product","2":"type-product","3":"status-publish","4":"has-post-thumbnail","6":"product_brand-x-light","7":"product_cat-anh-sang","8":"product_cat-bi-led","10":"first","11":"instock","12":"shipping-taxable","13":"purchasable","14":"product-type-simple"},"_links":{"self":[{"href":"https:\/\/autothaiduong.vn\/index.php?rest_route=\/wp\/v2\/product\/1670","targetHints":{"allow":["GET"]}}],"collection":[{"href":"https:\/\/autothaiduong.vn\/index.php?rest_route=\/wp\/v2\/product"}],"about":[{"href":"https:\/\/autothaiduong.vn\/index.php?rest_route=\/wp\/v2\/types\/product"}],"replies":[{"embeddable":true,"href":"https:\/\/autothaiduong.vn\/index.php?rest_route=%2Fwp%2Fv2%2Fcomments&post=1670"}],"wp:featuredmedia":[{"embeddable":true,"href":"https:\/\/autothaiduong.vn\/index.php?rest_route=\/wp\/v2\/media\/1671"}],"wp:attachment":[{"href":"https:\/\/autothaiduong.vn\/index.php?rest_route=%2Fwp%2Fv2%2Fmedia&parent=1670"}],"wp:term":[{"taxonomy":"product_brand","embeddable":true,"href":"https:\/\/autothaiduong.vn\/index.php?rest_route=%2Fwp%2Fv2%2Fproduct_brand&post=1670"},{"taxonomy":"product_cat","embeddable":true,"href":"https:\/\/autothaiduong.vn\/index.php?rest_route=%2Fwp%2Fv2%2Fproduct_cat&post=1670"},{"taxonomy":"product_tag","embeddable":true,"href":"https:\/\/autothaiduong.vn\/index.php?rest_route=%2Fwp%2Fv2%2Fproduct_tag&post=1670"}],"curies":[{"name":"wp","href":"https:\/\/api.w.org\/{rel}","templated":true}]}}