{"id":1677,"date":"2025-05-15T14:34:18","date_gmt":"2025-05-15T14:34:18","guid":{"rendered":"https:\/\/autothaiduong.vn\/?post_type=product&#038;p=1677"},"modified":"2025-05-15T14:34:29","modified_gmt":"2025-05-15T14:34:29","slug":"bi-led-titan-platinum-pro","status":"publish","type":"product","link":"https:\/\/autothaiduong.vn\/?product=bi-led-titan-platinum-pro","title":{"rendered":"BI LED TITAN PLATINUM PRO"},"content":{"rendered":"<p><img loading=\"lazy\" decoding=\"async\" class=\" wp-image-1537 aligncenter\" src=\"https:\/\/autothaiduong.vn\/wp-content\/uploads\/2025\/05\/z6584734442481_f208f5944548cb4b46353402ce2e64e0-1.jpg\" alt=\"\" width=\"276\" height=\"244\" \/><\/p>\n<p style=\"text-align: center;\"><span style=\"font-size: 150%;\"><strong><span style=\"color: #ff0000;\">273-275 Tr\u1ea7n Ph\u00fa Ph\u01b0\u1eddng L\u1ed9c S\u01a1n Th\u00e0nh Ph\u1ed1 B\u1ea3o L\u1ed9c T\u1ec9nh L\u00e2m \u0110\u1ed3ng <\/span><\/strong><\/span><\/p>\n<p style=\"text-align: center;\"><span style=\"font-size: 150%;\"><strong><span style=\"color: #ff0000;\">Hotline: 0912197441<\/span><\/strong><\/span><\/p>\n<p><img loading=\"lazy\" decoding=\"async\" class=\"alignnone size-full wp-image-1678\" src=\"https:\/\/autothaiduong.vn\/wp-content\/uploads\/2025\/05\/2-5.jpg\" width=\"1280\" height=\"1280\" alt=\"BI LED TITAN PLATINUM PRO\" srcset=\"https:\/\/autothaiduong.vn\/wp-content\/uploads\/2025\/05\/2-5.jpg 1280w, https:\/\/autothaiduong.vn\/wp-content\/uploads\/2025\/05\/2-5-600x600.jpg 600w, https:\/\/autothaiduong.vn\/wp-content\/uploads\/2025\/05\/2-5-1024x1024.jpg 1024w, https:\/\/autothaiduong.vn\/wp-content\/uploads\/2025\/05\/2-5-300x300.jpg 300w, https:\/\/autothaiduong.vn\/wp-content\/uploads\/2025\/05\/2-5-768x768.jpg 768w, https:\/\/autothaiduong.vn\/wp-content\/uploads\/2025\/05\/2-5-100x100.jpg 100w\" sizes=\"auto, (max-width: 1280px) 100vw, 1280px\" \/><\/p>\n<p>Bi LED Titan Platinum Pro l\u00e0 s\u1ea3n ph\u1ea9m t\u0103ng s\u00e1ng \u0111\u01b0\u1ee3c n\u00e2ng c\u1ea5p sau s\u1ef1 th\u00e0nh c\u00f4ng c\u1ee7a phi\u00ean b\u1ea3n ti\u1ec1n nhi\u1ec7m, phi\u00ean b\u1ea3n n\u00e2ng c\u1ea5p m\u1edbi n\u00e0y kh\u00f4ng nh\u1eefng \u0111em \u0111\u1ebfn hi\u1ec7u n\u0103ng cao h\u01a1n m\u00e0 c\u00f2n mang \u0111\u1ebfn ngo\u1ea1i h\u00ecnh m\u1edbi sang tr\u1ecdng, gi\u00fap kh\u00e1ch h\u00e0ng c\u00f3 th\u00eam nh\u1eefng tr\u1ea3i nghi\u1ec7m m\u1edbi. Bi LED Titan Platinum Pro h\u1ee9a h\u1eb9n s\u1ebd tr\u1edf th\u00e0nh s\u1ea3n ph\u1ea9m \u0111\u01b0\u1ee3c s\u0103n \u0111\u00f3n nhi\u1ec1u nh\u1ea5t trong th\u1eddi gian s\u1eafp t\u1edbi.<\/p>\n<p><img loading=\"lazy\" decoding=\"async\" class=\"alignnone size-full wp-image-1679\" src=\"https:\/\/autothaiduong.vn\/wp-content\/uploads\/2025\/05\/1-10.jpg\" width=\"1280\" height=\"1280\" srcset=\"https:\/\/autothaiduong.vn\/wp-content\/uploads\/2025\/05\/1-10.jpg 1280w, https:\/\/autothaiduong.vn\/wp-content\/uploads\/2025\/05\/1-10-600x600.jpg 600w, https:\/\/autothaiduong.vn\/wp-content\/uploads\/2025\/05\/1-10-1024x1024.jpg 1024w, https:\/\/autothaiduong.vn\/wp-content\/uploads\/2025\/05\/1-10-300x300.jpg 300w, https:\/\/autothaiduong.vn\/wp-content\/uploads\/2025\/05\/1-10-768x768.jpg 768w, https:\/\/autothaiduong.vn\/wp-content\/uploads\/2025\/05\/1-10-100x100.jpg 100w\" sizes=\"auto, (max-width: 1280px) 100vw, 1280px\" \/><\/p>\n<h2><a id=\"thi--t-k--\" class=\"toc-a-tag\"><\/a>Thi\u1ebft k\u1ebf<\/h2>\n<p>Theo t\u1ed5ng quan th\u00ec body c\u1ee7a Bi LED Titan Platinum Pro c\u00f3 kh\u00e1c bi\u1ec7t so v\u1edbi phi\u00ean b\u1ea3n ti\u1ec1n nhi\u1ec7m, v\u1edbi thi\u1ebft k\u1ebf l\u1ea5y m\u00e0u t\u00edm l\u00e0m ch\u1ee7 \u0111\u1ea1o, Bi LED Titan Platinum Pro to\u00e1t l\u00ean v\u1ebb sang tr\u1ecdng kh\u00e1c bi\u1ec7t v\u00e0 \u0111em \u0111\u1ebfn s\u1ef1 cu\u1ed1n h\u00fat, b\u1eaft m\u1eaft. Body c\u1ee7a Titan Platinum Pro \u0111\u01b0\u1ee3c l\u00e0m b\u1edfi v\u1eadt li\u1ec7u Aluminum cao c\u1ea5p, c\u00e1c chi ti\u1ebft \u0111\u01b0\u1ee3c gia c\u00f4ng t\u1ec9 m\u1ec9 v\u1edbi \u0111\u1ed9 ho\u00e0n thi\u1ec7n v\u00f4 c\u00f9ng cao, mang \u0111\u1ebfn \u0111\u1ed9 c\u1ee9ng c\u00e1p nh\u1ea5t \u0111\u1ecbnh cho s\u1ea3n ph\u1ea9m, c\u0169ng nh\u1edd \u0111\u00f3 m\u00e0 vi\u1ec7c c\u1ed1 \u0111\u1ecbnh s\u1ea3n ph\u1ea9m tr\u00ean xe c\u0169ng tr\u1edf n\u00ean an to\u00e0n h\u01a1n r\u1ea5t nhi\u1ec1u.<\/p>\n<p><img loading=\"lazy\" decoding=\"async\" class=\"alignnone size-full wp-image-1680\" src=\"https:\/\/autothaiduong.vn\/wp-content\/uploads\/2025\/05\/4-8.jpg\" width=\"1280\" height=\"1280\" srcset=\"https:\/\/autothaiduong.vn\/wp-content\/uploads\/2025\/05\/4-8.jpg 1280w, https:\/\/autothaiduong.vn\/wp-content\/uploads\/2025\/05\/4-8-600x600.jpg 600w, https:\/\/autothaiduong.vn\/wp-content\/uploads\/2025\/05\/4-8-1024x1024.jpg 1024w, https:\/\/autothaiduong.vn\/wp-content\/uploads\/2025\/05\/4-8-300x300.jpg 300w, https:\/\/autothaiduong.vn\/wp-content\/uploads\/2025\/05\/4-8-768x768.jpg 768w, https:\/\/autothaiduong.vn\/wp-content\/uploads\/2025\/05\/4-8-100x100.jpg 100w\" sizes=\"auto, (max-width: 1280px) 100vw, 1280px\" \/><\/p>\n<p><a id=\"thi--t-k--\" class=\"toc-a-tag\"><\/a>Thi\u1ebft k\u1ebf c\u1ee7a Titan Platinum Pro<\/p>\n<p><img loading=\"lazy\" decoding=\"async\" class=\"alignnone size-full wp-image-1681\" src=\"https:\/\/autothaiduong.vn\/wp-content\/uploads\/2025\/05\/6-5.jpg\" width=\"1280\" height=\"1280\" srcset=\"https:\/\/autothaiduong.vn\/wp-content\/uploads\/2025\/05\/6-5.jpg 1280w, https:\/\/autothaiduong.vn\/wp-content\/uploads\/2025\/05\/6-5-600x600.jpg 600w, https:\/\/autothaiduong.vn\/wp-content\/uploads\/2025\/05\/6-5-1024x1024.jpg 1024w, https:\/\/autothaiduong.vn\/wp-content\/uploads\/2025\/05\/6-5-300x300.jpg 300w, https:\/\/autothaiduong.vn\/wp-content\/uploads\/2025\/05\/6-5-768x768.jpg 768w, https:\/\/autothaiduong.vn\/wp-content\/uploads\/2025\/05\/6-5-100x100.jpg 100w\" sizes=\"auto, (max-width: 1280px) 100vw, 1280px\" \/><\/p>\n<p>K\u00edch th\u01b0\u1edbc Titan Platinum Pro<\/p>\n<h2><a id=\"t--n-nhi--t-cao-c--p\" class=\"toc-a-tag\"><\/a>T\u1ea3n nhi\u1ec7t cao c\u1ea5p<\/h2>\n<p>Bi LED Titan Platinum Pro \u0111\u01b0\u1ee3c l\u00e0m b\u1eb1ng v\u1eadt li\u1ec7u Aluminum cao c\u1ea5p v\u00e0 trang b\u1ecb driver r\u1eddi cho ra kh\u1ea3 n\u0103ng t\u1ea3n nhi\u1ec7t v\u00f4 c\u00f9ng t\u1ed1t, c\u00e1c c\u00e1nh qu\u1ea1t \u0111\u01b0\u1ee3c thi\u1ebft k\u1ebf m\u1ecfng nh\u1eb9 \u0111\u1eb7t song song c\u00e1ch nhau kho\u1ea3ng 1mm, nh\u1edd \u0111\u00f3 m\u00e0 qu\u00e1 tr\u00ecnh t\u1ea3n nhi\u1ec7t, \u0111\u1ea9y nhi\u1ec7t l\u01b0\u1ee3ng ra b\u00ean ngo\u00e0i di\u1ec5n ra nhanh ch\u00f3ng v\u00e0 \u1ed5n \u0111\u1ecbnh h\u01a1n nhi\u1ec1u, c\u0169ng v\u00ec th\u1ebf m\u00e0 gi\u00fap nhi\u1ec7t \u0111\u1ed9 c\u1ee7a s\u1ea3n ph\u1ea9m ho\u1ea1t \u0111\u1ed9ng \u1edf m\u1ee9c \u1ed5n \u0111\u1ecbnh, gia t\u0103ng tu\u1ed5i th\u1ecd v\u00e0 duy tr\u00ec c\u00f4ng su\u1ea5t cho nh\u00e2n LED.<\/p>\n<p><img loading=\"lazy\" decoding=\"async\" class=\"alignnone size-full wp-image-1682\" src=\"https:\/\/autothaiduong.vn\/wp-content\/uploads\/2025\/05\/8-3.jpg\" width=\"1280\" height=\"1280\" srcset=\"https:\/\/autothaiduong.vn\/wp-content\/uploads\/2025\/05\/8-3.jpg 1280w, https:\/\/autothaiduong.vn\/wp-content\/uploads\/2025\/05\/8-3-600x600.jpg 600w, https:\/\/autothaiduong.vn\/wp-content\/uploads\/2025\/05\/8-3-1024x1024.jpg 1024w, https:\/\/autothaiduong.vn\/wp-content\/uploads\/2025\/05\/8-3-300x300.jpg 300w, https:\/\/autothaiduong.vn\/wp-content\/uploads\/2025\/05\/8-3-768x768.jpg 768w, https:\/\/autothaiduong.vn\/wp-content\/uploads\/2025\/05\/8-3-100x100.jpg 100w\" sizes=\"auto, (max-width: 1280px) 100vw, 1280px\" \/><\/p>\n<p>C\u1ea5u h\u00ecnh \u00e1nh s\u00e1ng<\/p>\n<p>Bi g\u1ea7m LED Titan Platinum Pro \u0111\u01b0\u1ee3c trang b\u1ecb c\u1ea5u h\u00ecnh 9+3\u00a0 nh\u00e2n chip LED Osram v\u1edbi 9 nh\u00e2n LED \u1edf ch\u00f3a ph\u1ea3n x\u1ea1 ch\u00ednh v\u00e03\u00a0 nh\u00e2n chip LED \u1edf ch\u00f3a ph\u1ea3n x\u1ea1 ph\u1ee5 cho ra c\u00f4ng su\u1ea5t m\u1ea1nh m\u1ebd v\u1edbi ch\u1ebf \u0111\u1ed9 Cos 70W v\u00e0 ch\u1ebf \u0111\u1ed9 Pha 80W. \u0110\u1eb7c bi\u1ec7t l\u00e0 nh\u1edd s\u1eed d\u1ee5ng c\u00f4ng ngh\u1ec7 chip Osram\u00a0 m\u00e0 s\u1ea3n ph\u1ea9m mang \u0111\u1ebfn \u0111\u1ed9 ho\u00e0n thi\u1ec7n m\u00e0u \u0111\u1ea1t 85\/100, v\u00ec v\u1eady m\u00e0 Titan Platinum Pro c\u00f3 kh\u1ea3 n\u0103ng t\u00e1i t\u1ea1o trung th\u1ef1c m\u00e0u s\u1eafc c\u1ee7a v\u1eadt th\u1ec3 gi\u00fap gi\u1ea3m hi\u1ec7n t\u01b0\u1ee3ng ch\u00e1y s\u00e1ng c\u0169ng nh\u01b0 h\u1ea1n ch\u1ebf t\u00ecnh tr\u1ea1ng m\u1ecfi m\u1eaft cho t\u00e0i x\u1ebf.<\/p>\n<p>\u1ede ch\u1ebf \u0111\u1ed9 Cos, Bi LED Titan Platinum Pro cho ra \u00e1nh s\u00e1ng \u0111\u1ea1t c\u00f4ng su\u1ea5t 70W v\u1edbi \u00e1nh s\u00e1ng ph\u00e1t ra m\u1ea1nh m\u1ebd, gom t\u1ea1i t\u00e2m t\u1ed1t gi\u00fap bao qu\u00e1t t\u1ea7m nh\u00ecn, \u0111\u1ea3m b\u1ea3o \u0111\u01b0\u1ee3c di chuy\u1ec3n c\u1ee7a t\u00e0i x\u1ebf.<\/p>\n<p><img loading=\"lazy\" decoding=\"async\" class=\"alignnone size-full wp-image-1683\" src=\"https:\/\/autothaiduong.vn\/wp-content\/uploads\/2025\/05\/cos-9.jpg\" width=\"1280\" height=\"1280\" srcset=\"https:\/\/autothaiduong.vn\/wp-content\/uploads\/2025\/05\/cos-9.jpg 1280w, https:\/\/autothaiduong.vn\/wp-content\/uploads\/2025\/05\/cos-9-600x600.jpg 600w, https:\/\/autothaiduong.vn\/wp-content\/uploads\/2025\/05\/cos-9-1024x1024.jpg 1024w, https:\/\/autothaiduong.vn\/wp-content\/uploads\/2025\/05\/cos-9-300x300.jpg 300w, https:\/\/autothaiduong.vn\/wp-content\/uploads\/2025\/05\/cos-9-768x768.jpg 768w, https:\/\/autothaiduong.vn\/wp-content\/uploads\/2025\/05\/cos-9-100x100.jpg 100w\" sizes=\"auto, (max-width: 1280px) 100vw, 1280px\" \/><\/p>\n<p>\u1ede ch\u1ebf \u0111\u1ed9 Pha, Bi LED Titan Platinum Pro cho ra \u00e1nh s\u00e1ng \u0111\u1ea1t c\u00f4ng su\u1ea5t 80W v\u1edbi t\u1ea7m chi\u1ebfu xa l\u00ean \u0111\u1ebfn 800m, nh\u1edd \u0111\u00f3 m\u00e0 t\u1ea7m quan s\u00e1t c\u1ee7a t\u00e0i x\u1ebf \u0111\u01b0\u1ee3c n\u00e2ng cao v\u00e0 c\u00f3 th\u1ec3 x\u1eed l\u00fd k\u1ecbp th\u1eddi nh\u1eefng t\u00ecnh hu\u1ed1ng b\u1ea5t ng\u1edd x\u1ea3y ra.<\/p>\n<p><img loading=\"lazy\" decoding=\"async\" class=\"alignnone size-full wp-image-1684\" src=\"https:\/\/autothaiduong.vn\/wp-content\/uploads\/2025\/05\/pha-9.jpg\" width=\"1280\" height=\"1280\" srcset=\"https:\/\/autothaiduong.vn\/wp-content\/uploads\/2025\/05\/pha-9.jpg 1280w, https:\/\/autothaiduong.vn\/wp-content\/uploads\/2025\/05\/pha-9-600x600.jpg 600w, https:\/\/autothaiduong.vn\/wp-content\/uploads\/2025\/05\/pha-9-1024x1024.jpg 1024w, https:\/\/autothaiduong.vn\/wp-content\/uploads\/2025\/05\/pha-9-300x300.jpg 300w, https:\/\/autothaiduong.vn\/wp-content\/uploads\/2025\/05\/pha-9-768x768.jpg 768w, https:\/\/autothaiduong.vn\/wp-content\/uploads\/2025\/05\/pha-9-100x100.jpg 100w\" sizes=\"auto, (max-width: 1280px) 100vw, 1280px\" \/><\/p>\n<h2><a id=\"nhi--t-m-u\" class=\"toc-a-tag\"><\/a>Nhi\u1ec7t m\u00e0u<\/h2>\n<p>Bi LED Titan Platinum Pro s\u1edf h\u1eefu nhi\u1ec7t m\u00e0u 5500K tr\u1eafng th\u1eddi trang, ph\u00f9 h\u1ee3p \u0111i nhi\u1ec1u \u0111i\u1ec1u ki\u1ec7n kh\u00e1c nhau, nh\u1edd \u0111\u00f3 m\u00e0 t\u00e0i x\u1ebf c\u00f3 th\u1ec3 di chuy\u1ec3n \u1edf nhi\u1ec1u khu v\u1ef1c kh\u00e1c nhau m\u00e0 kh\u00f4ng b\u1ecb h\u1ea1n ch\u1ebf v\u1ec1 \u00e1nh s\u00e1ng. \u00c1nh s\u00e1ng\u00a0 \u1edf nhi\u1ec7t m\u00e0u 5500K \u0111\u01b0\u1ee3c \u0111\u00e1nh gi\u00e1 l\u00e0 nh\u00f3m nhi\u1ec7t m\u00e0u c\u00f3 s\u1eafc s\u00e1ng ti\u1ec7m c\u1eadn v\u1edbi s\u1eafc s\u00e1ng t\u1eeb M\u1eb7t tr\u1eddi, nh\u1edd \u0111\u00f3 m\u00e0 ch\u1ec9 s\u1ed1 ho\u00e0n m\u00e0u c\u1ee7a Bi LED Titan Platinum Pro \u0111\u1ea1t 85\/100, \u0111\u00e2y \u0111\u01b0\u1ee3c \u0111\u00e1nh gi\u00e1 l\u00e0 ch\u1ec9 s\u1ed1 ho\u00e0n m\u00e0u t\u1ed1t.<\/p>\n<h2><a id=\"x-treme-vision-nbsp-\" class=\"toc-a-tag\"><\/a>X-Treme Vision<\/h2>\n<p>X-Treme Vision l\u00e0 m\u1ed9t ti\u00eau chu\u1ea9n do 365 Group ban h\u00e0nh \u0111\u1ec3 \u0111\u00e1nh gi\u00e1 t\u1ed5ng quan kh\u1ea3 n\u0103ng chi\u1ebfu s\u00e1ng \u1edf nh\u1eefng ch\u1ebf \u0111\u1ed9 kh\u00e1c nhau. \u1ede ch\u1ebf \u0111\u1ed9 Cos, Bi LED Titan Platinum Pro \u0111\u1ea1t 5\/6 sao, ch\u1ebf \u0111\u1ed9 Pha \u0111\u1ea1t 5\/6 sao v\u00e0 ch\u1ebf \u0111\u1ed9 \u0111i m\u01b0a \u0111i s\u01b0\u01a1ng m\u00f9 nh\u1eb9 \u0111\u1ea1t 4.5\/6 sao.<\/p>\n<h2><a id=\"b--o-h-nh----a--i--m-l--p---t\" class=\"toc-a-tag\"><\/a>B\u1ea3o h\u00e0nh &#8211; \u0111\u1ecba \u0111i\u1ec3m l\u1eafp \u0111\u1eb7t<\/h2>\n<p>Bi LED Titan Platinum Pro v\u1edbi gi\u00e1 ni\u00eam y\u1ebft 9.500.000 vn\u0111 hi\u1ec7n \u0111\u00e3 c\u00f3 m\u1eb7t t\u1ea1i <strong><span style=\"color: #ff0000;\">Auto Th\u00e1i D\u01b0\u01a1ng<\/span><\/strong> &#8211; \u0110\u1ea1i l\u00ed ch\u00ednh h\u00e3ng<strong> Titan<\/strong> t\u1ea1i <strong>TP.B\u1ea3o L\u1ed9c\\<\/strong><\/p>\n<p>V\u1edbi \u0111\u1ed9i ng\u0169 k\u0129 thu\u1eadt l\u00e0nh ngh\u1ec1 &#8211; <strong><span style=\"color: #ff0000;\">Auto Th\u00e1i D\u01b0\u01a1ng<\/span><\/strong> cam k\u1ebft h\u00e0ng ch\u00ednh h\u00e3ng 100%, k\u1ef9 thu\u1eadt l\u1eafp \u0111\u1eb7t chu\u1ea9n ch\u1ec9nh, s\u1eed d\u1ee5ng m\u00e1y m\u00f3c hi\u1ec7n \u0111\u1ea1i khi l\u00e0m<\/p>\n<p><strong>Hotline: 0912197441<\/strong><\/p>\n<p>Li\u00ean h\u1ec7 ngay \u0111\u1ec3 \u0111\u01b0\u1ee3c t\u01b0 v\u1ea5n v\u00e0 l\u1eafp \u0111\u1eb7t c\u00e1c s\u1ea3n ph\u1ea9m bi led nh\u00e0 <strong>Titan<\/strong> t\u1ea1i <strong>TP.B\u1ea3o L\u1ed9c<\/strong><\/p>\n","protected":false},"excerpt":{"rendered":"<h2>Th\u00f4ng s\u1ed1 k\u1ef9 thu\u1eadt BI LED TITAN PLATINUM PRO<\/h2>\n<table>\n<tbody>\n<tr>\n<td class=\"lileft\">T\u00ean S\u1ea3n Ph\u1ea9m:<\/td>\n<td class=\"liright\">BI LED TITAN PLATINUM PRO<\/td>\n<\/tr>\n<tr>\n<td class=\"lileft\">Lo\u1ea1i \u0110\u00e8n:<\/td>\n<td class=\"liright\">Bi LED<\/td>\n<\/tr>\n<tr>\n<td class=\"lileft\">Th\u01b0\u01a1ng Hi\u1ec7u:<\/td>\n<td class=\"liright\">X-Light<\/td>\n<\/tr>\n<tr>\n<td class=\"lileft\">N\u0103m s\u1ea3n xu\u1ea5t:<\/td>\n<td class=\"liright\">2023<\/td>\n<\/tr>\n<tr>\n<td class=\"lileft\">V\u1ecb Tr\u00ed L\u1eafp \u0110\u1eb7t:<\/td>\n<td class=\"liright\">\u0110\u00e8n Ch\u00ednh<\/td>\n<\/tr>\n<tr>\n<td class=\"lileft\">D\u00f2ng Xe Ph\u00f9 H\u1ee3p:<\/td>\n<td class=\"liright\">C\u00e1c Lo\u1ea1i Xe \u00d4 T\u00f4<\/td>\n<\/tr>\n<tr>\n<td class=\"lileft\">C\u00f4ng Su\u1ea5t Cos:<\/td>\n<td class=\"liright\">70W<\/td>\n<\/tr>\n<tr>\n<td class=\"lileft\">C\u00f4ng Su\u1ea5t Pha:<\/td>\n<td class=\"liright\">80W<\/td>\n<\/tr>\n<tr>\n<td class=\"lileft\">Nh\u00e2n LED:<\/td>\n<td class=\"liright\">9 + 3<\/td>\n<\/tr>\n<tr>\n<td class=\"lileft\">Nhi\u1ec7t m\u00e0u:<\/td>\n<td class=\"liright\">5500k<\/td>\n<\/tr>\n<tr>\n<td class=\"lileft\">H\u1ec7 Th\u1ed1ng T\u1ea3n Nhi\u1ec7t:<\/td>\n<td class=\"liright\">Qu\u1ea1t + Aluminum<\/td>\n<\/tr>\n<tr>\n<td class=\"lileft\">Tu\u1ed5i th\u1ecd:<\/td>\n<td class=\"liright\">30.000 Gi\u1edd<\/td>\n<\/tr>\n<tr>\n<td class=\"lileft\">\u0110i\u1ec7n \u00c1p:<\/td>\n<td class=\"liright\">12 &#8211; 16V<\/td>\n<\/tr>\n<tr>\n<td class=\"lileft\">K\u00edch Th\u01b0\u1edbc Lens:<\/td>\n<td class=\"liright\">3.0 Inch<\/td>\n<\/tr>\n<tr>\n<td class=\"lileft\">B\u1ea3o h\u00e0nh:<\/td>\n<td class=\"liright\">3 N\u0103m<\/td>\n<\/tr>\n<tr>\n<td class=\"lileft\">\u0110\u1eb7c \u0110i\u1ec3m N\u1ed5i B\u1eadt:<\/td>\n<td class=\"liright\">C\u00f4ng Su\u1ea5t Cao &#8211; T\u1ea3n Nhi\u1ec7t T\u1ed1t<\/td>\n<\/tr>\n<\/tbody>\n<\/table>\n","protected":false},"featured_media":1678,"comment_status":"open","ping_status":"closed","template":"","meta":[],"product_brand":[28],"product_cat":[16,26],"product_tag":[],"class_list":{"0":"post-1677","1":"product","2":"type-product","3":"status-publish","4":"has-post-thumbnail","6":"product_brand-titan","7":"product_cat-anh-sang","8":"product_cat-bi-led","10":"first","11":"instock","12":"shipping-taxable","13":"purchasable","14":"product-type-simple"},"_links":{"self":[{"href":"https:\/\/autothaiduong.vn\/index.php?rest_route=\/wp\/v2\/product\/1677","targetHints":{"allow":["GET"]}}],"collection":[{"href":"https:\/\/autothaiduong.vn\/index.php?rest_route=\/wp\/v2\/product"}],"about":[{"href":"https:\/\/autothaiduong.vn\/index.php?rest_route=\/wp\/v2\/types\/product"}],"replies":[{"embeddable":true,"href":"https:\/\/autothaiduong.vn\/index.php?rest_route=%2Fwp%2Fv2%2Fcomments&post=1677"}],"wp:featuredmedia":[{"embeddable":true,"href":"https:\/\/autothaiduong.vn\/index.php?rest_route=\/wp\/v2\/media\/1678"}],"wp:attachment":[{"href":"https:\/\/autothaiduong.vn\/index.php?rest_route=%2Fwp%2Fv2%2Fmedia&parent=1677"}],"wp:term":[{"taxonomy":"product_brand","embeddable":true,"href":"https:\/\/autothaiduong.vn\/index.php?rest_route=%2Fwp%2Fv2%2Fproduct_brand&post=1677"},{"taxonomy":"product_cat","embeddable":true,"href":"https:\/\/autothaiduong.vn\/index.php?rest_route=%2Fwp%2Fv2%2Fproduct_cat&post=1677"},{"taxonomy":"product_tag","embeddable":true,"href":"https:\/\/autothaiduong.vn\/index.php?rest_route=%2Fwp%2Fv2%2Fproduct_tag&post=1677"}],"curies":[{"name":"wp","href":"https:\/\/api.w.org\/{rel}","templated":true}]}}