{"id":1685,"date":"2025-05-15T14:42:02","date_gmt":"2025-05-15T14:42:02","guid":{"rendered":"https:\/\/autothaiduong.vn\/?post_type=product&#038;p=1685"},"modified":"2025-05-15T14:43:31","modified_gmt":"2025-05-15T14:43:31","slug":"bi-led-titan-platinum-93-nhiet-mau-5000k","status":"publish","type":"product","link":"https:\/\/autothaiduong.vn\/?product=bi-led-titan-platinum-93-nhiet-mau-5000k","title":{"rendered":"BI LED TITAN PLATINUM 9+3 NHI\u1ec6T M\u00c0U 5000K"},"content":{"rendered":"<p><img loading=\"lazy\" decoding=\"async\" class=\" wp-image-1537 aligncenter\" src=\"https:\/\/autothaiduong.vn\/wp-content\/uploads\/2025\/05\/z6584734442481_f208f5944548cb4b46353402ce2e64e0-1.jpg\" alt=\"\" width=\"299\" height=\"265\" \/><\/p>\n<p style=\"text-align: center;\"><span style=\"color: #ff0000; font-size: 150%;\"><strong>273-275 Tr\u1ea7n Ph\u00fa Ph\u01b0\u1eddng L\u1ed9c S\u01a1n Th\u00e0nh Ph\u1ed1 B\u1ea3o L\u1ed9c T\u1ec9nh L\u00e2m \u0110\u1ed3ng <\/strong><\/span><\/p>\n<p style=\"text-align: center;\"><span style=\"color: #ff0000; font-size: 150%;\"><strong>Hotline: 0912197441<\/strong><\/span><\/p>\n<p><img loading=\"lazy\" decoding=\"async\" class=\"alignnone size-full wp-image-1687\" src=\"https:\/\/autothaiduong.vn\/wp-content\/uploads\/2025\/05\/bi-led-titan-platinum-3.png\" alt=\"BI LED TITAN PLATINUM 9+3 NHI\u1ec6T M\u00c0U 5000K\" width=\"1280\" height=\"852\" srcset=\"https:\/\/autothaiduong.vn\/wp-content\/uploads\/2025\/05\/bi-led-titan-platinum-3.png 1280w, https:\/\/autothaiduong.vn\/wp-content\/uploads\/2025\/05\/bi-led-titan-platinum-3-600x399.png 600w, https:\/\/autothaiduong.vn\/wp-content\/uploads\/2025\/05\/bi-led-titan-platinum-3-1024x682.png 1024w, https:\/\/autothaiduong.vn\/wp-content\/uploads\/2025\/05\/bi-led-titan-platinum-3-768x511.png 768w\" sizes=\"auto, (max-width: 1280px) 100vw, 1280px\" \/><\/p>\n<p dir=\"ltr\">Titan l\u00e0 th\u01b0\u01a1ng hi\u1ec7u chuy\u00ean cung c\u1ea5p gi\u1ea3i ph\u00e1p t\u0103ng s\u00e1ng cho \u00f4 t\u00f4 v\u00e0 xe m\u00e1y. \u00c1p d\u1ee5ng c\u00f4ng ngh\u1ec7 s\u1ea3n xu\u1ea5t \u0111\u1ebfn t\u1eeb Ch\u00e2u \u00c2u c\u00e1c s\u1ea3n ph\u1ea9m c\u1ee7a Titan lu\u00f4n \u0111\u1ea1t hi\u1ec7u n\u0103ng m\u1ea1nh m\u1ebd v\u00e0 \u0111\u1ed9 b\u1ec1n cao. Sau th\u00e0nh c\u00f4ng c\u1ee7a d\u00f2ng bi LED c\u00f3 c\u1ea5u h\u00ecnh cao nh\u1ea5t c\u1ee7a th\u01b0\u01a1ng hi\u1ec7u n\u00e0y \u2013 Titan Platinum 9+3, Titan ti\u1ebfp t\u1ee5c cho ra m\u1eaft phi\u00ean b\u1ea3n \u0111\u01b0\u1ee3c MOD l\u1ea1i ph\u1ea7n nhi\u1ec7t m\u00e0u 5000K gi\u00fap \u0111\u00e1p \u1ee9ng \u0111\u01b0\u1ee3c nhi\u1ec1u m\u1ee5c \u0111\u00edch s\u1eed d\u1ee5ng c\u1ee7a ng\u01b0\u1eddi d\u00f9ng. V\u1eady Titan Platinum 9+3 nhi\u1ec7t m\u00e0u 5000K s\u1edf h\u1eefu c\u00f4ng ngh\u1ec7 v\u00e0 t\u00ednh n\u0103ng ra sao, h\u00e3y c\u00f9ng\u00a0<b>Titan Vi\u1ec7t Nam<\/b>\u00a0t\u00ecm hi\u1ec3u nh\u00e9!<\/p>\n<p dir=\"ltr\"><img loading=\"lazy\" decoding=\"async\" class=\"alignnone size-full wp-image-1688\" src=\"https:\/\/autothaiduong.vn\/wp-content\/uploads\/2025\/05\/titan-platinum-9-3-1-1.png\" alt=\"\" width=\"800\" height=\"533\" srcset=\"https:\/\/autothaiduong.vn\/wp-content\/uploads\/2025\/05\/titan-platinum-9-3-1-1.png 800w, https:\/\/autothaiduong.vn\/wp-content\/uploads\/2025\/05\/titan-platinum-9-3-1-1-600x400.png 600w, https:\/\/autothaiduong.vn\/wp-content\/uploads\/2025\/05\/titan-platinum-9-3-1-1-768x512.png 768w\" sizes=\"auto, (max-width: 800px) 100vw, 800px\" \/><\/p>\n<h2 dir=\"ltr\"><strong><a id=\"thi--t-k--body-th-ng-minh-d--n---u-th--tr---ng\" class=\"toc-a-tag\"><\/a>Thi\u1ebft k\u1ebf body th\u00f4ng minh d\u1eabn \u0111\u1ea7u th\u1ecb tr\u01b0\u1eddng<\/strong><\/h2>\n<p dir=\"ltr\">C\u00e1c d\u00f2ng s\u1ea3n ph\u1ea9m trong Titan Platinum lu\u00f4n gi\u1eef \u0111\u01b0\u1ee3c n\u00e9t \u0111\u1eb7c tr\u01b0ng t\u1ed1i gi\u1ea3n v\u00e0 sang tr\u1ecdng. V\u1edbi 3 gam m\u00e0u ch\u00ednh: Pacific Blue, \u0111en v\u00e0 b\u1ea1c ph\u1ed1i h\u1ee3p kh\u00e9o l\u00e9o v\u1edbi nhau t\u1ea1o n\u00ean m\u1ed9t t\u1ed5ng th\u1ec3 qu\u1ea3 bi h\u00e0i h\u00f2a nh\u01b0ng v\u1eabn thu h\u00fat v\u00e0 g\u00e2y \u1ea5n t\u01b0\u1ee3ng ngay t\u1eeb l\u1ea7n \u0111\u1ea7u nh\u00ecn qua.<\/p>\n<p dir=\"ltr\"><img loading=\"lazy\" decoding=\"async\" class=\"alignnone size-full wp-image-1689\" src=\"https:\/\/autothaiduong.vn\/wp-content\/uploads\/2025\/05\/titan-platinum-9-3-nhiet-mau-5000k.png\" alt=\"\" width=\"800\" height=\"533\" srcset=\"https:\/\/autothaiduong.vn\/wp-content\/uploads\/2025\/05\/titan-platinum-9-3-nhiet-mau-5000k.png 800w, https:\/\/autothaiduong.vn\/wp-content\/uploads\/2025\/05\/titan-platinum-9-3-nhiet-mau-5000k-600x400.png 600w, https:\/\/autothaiduong.vn\/wp-content\/uploads\/2025\/05\/titan-platinum-9-3-nhiet-mau-5000k-768x512.png 768w\" sizes=\"auto, (max-width: 800px) 100vw, 800px\" \/><\/p>\n<p dir=\"ltr\">V\u1edbi thi\u1ebft k\u1ebf body th\u00f4ng minh c\u00f3 th\u1ec3 d\u1ec5 d\u00e0ng th\u00e1o r\u1eddi ph\u1ea7n \u0111u\u00f4i \u0111\u00e8n \u0111\u1ec3 s\u1eeda ch\u1eefa l\u1eafp \u0111\u1eb7t thay v\u00ec ph\u1ea3i th\u00e1o to\u00e0n b\u1ed9 h\u1ed1c \u0111\u00e8n nh\u01b0 m\u1ed9t s\u1ed1 d\u00f2ng s\u1ea3n ph\u1ea9m kh\u00e1c.<\/p>\n<p dir=\"ltr\">M\u1ed9t trong nh\u1eefng b\u1ed9 ph\u1eadn d\u1ec5 h\u01b0 h\u1ea1i nh\u1ea5t c\u1ee7a \u0111\u00e8n \u00f4 t\u00f4 \u0111\u00f3 l\u00e0 driver v\u00ec th\u01b0\u1eddng xuy\u00ean ph\u1ea3i ho\u1ea1t \u0111\u1ed9ng v\u1edbi c\u00f4ng su\u1ea5t cao. \u0110\u1eb7c bi\u1ec7t, \u0111\u1ed1i v\u1edbi nh\u1eefng qu\u1ea3 bi t\u00edch h\u1ee3p driver b\u00ean trong th\u00ec khi c\u00f3 s\u1ef1 c\u1ed1 x\u1ea3y ra k\u1ef9 thu\u1eadt vi\u00ean ph\u1ea3i th\u00e1o to\u00e0n b\u1ed9 h\u1ed1c \u0111\u00e8n tr\u00ean xe sau \u0111\u00f3 \u0111em \u0111i h\u1ea5p v\u00e0 thay \u0111\u00e8n \u2013 quy tr\u00ecnh r\u01b0\u1eddm r\u00e0 v\u00e0 ph\u1ee9c t\u1ea1p. Nh\u01b0ng ri\u00eang v\u1edbi Titan Platinum 9+3 th\u00ec ch\u1ec9 c\u1ea7n th\u00e1o body ra v\u00e0 thay m\u1edbi, thi\u1ebft k\u1ebf \u0111\u1ed9t ph\u00e1 n\u00e0y ph\u00f9 h\u1ee3p v\u1edbi nh\u1eefng anh em mu\u1ed1n b\u1ea3o tr\u00ec nhanh gi\u00fap ch\u00fang ta c\u00f3 th\u1ec3 ti\u1ebft ki\u1ec7m th\u1eddi gian, linh ho\u1ea1t trong qu\u00e1 tr\u00ecnh thi c\u00f4ng l\u1eafp \u0111\u1eb7t.<\/p>\n<p dir=\"ltr\"><img loading=\"lazy\" decoding=\"async\" class=\"alignnone size-full wp-image-1687\" src=\"https:\/\/autothaiduong.vn\/wp-content\/uploads\/2025\/05\/bi-led-titan-platinum-3.png\" alt=\"BI LED TITAN PLATINUM 9+3 NHI\u1ec6T M\u00c0U 5000K\" width=\"1280\" height=\"852\" srcset=\"https:\/\/autothaiduong.vn\/wp-content\/uploads\/2025\/05\/bi-led-titan-platinum-3.png 1280w, https:\/\/autothaiduong.vn\/wp-content\/uploads\/2025\/05\/bi-led-titan-platinum-3-600x399.png 600w, https:\/\/autothaiduong.vn\/wp-content\/uploads\/2025\/05\/bi-led-titan-platinum-3-1024x682.png 1024w, https:\/\/autothaiduong.vn\/wp-content\/uploads\/2025\/05\/bi-led-titan-platinum-3-768x511.png 768w\" sizes=\"auto, (max-width: 1280px) 100vw, 1280px\" \/><\/p>\n<p dir=\"ltr\"><em>C\u1ea5u h\u00ecnh \u00e1nh s\u00e1ng m\u1ea1nh m\u1ebd<\/em><\/p>\n<h2 dir=\"ltr\"><strong><a id=\"c-ng-ngh--chip-led-ti-n-ti--n\" class=\"toc-a-tag\"><\/a>C\u00f4ng ngh\u1ec7 chip LED ti\u00ean ti\u1ebfn<\/strong><\/h2>\n<p dir=\"ltr\">S\u1eed d\u1ee5ng c\u00f4ng ngh\u1ec7\u00a0Chip LED Titan Custom \u0111\u01b0\u1ee3c h\u00ecnh th\u00e0nh t\u1eeb nhi\u1ec1u m\u1eaft LED nh\u1ecf, c\u00f3 c\u00f4ng su\u1ea5t t\u1eeb 0,2W~0,5W cho ra \u00e1nh s\u00e1ng c\u00f3 \u0111\u1ed9 s\u00e1ng h\u01a1n nhi\u1ec1u so v\u1edbi c\u00e1c lo\u1ea1i chip LED th\u00f4ng th\u01b0\u1eddng nh\u01b0 DIP, SMD. C\u00f4ng ngh\u1ec7 chip LED \u0111\u01b0\u1ee3c Titan Custom ri\u00eang l\u1ea1i gi\u00fap tr\u00e1nh \u0111\u01b0\u1ee3c hi\u1ec7n t\u01b0\u1ee3ng \u0111\u1ed5 b\u00f3ng, c\u0169ng nh\u01b0 ch\u1ec9 s\u1ed1 th\u00f4ng quang v\u00e0 c\u01b0\u1eddng \u0111\u1ed9 chi\u1ebfu s\u00e1ng ch\u1ea5t l\u01b0\u1ee3ng h\u01a1n, b\u1ec1n h\u01a1n.<\/p>\n<p dir=\"ltr\"><img loading=\"lazy\" decoding=\"async\" class=\"alignnone size-full wp-image-1691\" src=\"https:\/\/autothaiduong.vn\/wp-content\/uploads\/2025\/05\/bi-led-titan-platinum-4.png\" alt=\"\" width=\"1280\" height=\"852\" srcset=\"https:\/\/autothaiduong.vn\/wp-content\/uploads\/2025\/05\/bi-led-titan-platinum-4.png 1280w, https:\/\/autothaiduong.vn\/wp-content\/uploads\/2025\/05\/bi-led-titan-platinum-4-600x399.png 600w, https:\/\/autothaiduong.vn\/wp-content\/uploads\/2025\/05\/bi-led-titan-platinum-4-1024x682.png 1024w, https:\/\/autothaiduong.vn\/wp-content\/uploads\/2025\/05\/bi-led-titan-platinum-4-768x511.png 768w\" sizes=\"auto, (max-width: 1280px) 100vw, 1280px\" \/><\/p>\n<p dir=\"ltr\">Chip LED Titan Custom cho ra \u0111\u1ed9 ho\u00e0n m\u00e0u CRI l\u00e0 85\/100, gi\u00fap t\u00e1i hi\u1ec7n \u00e1nh s\u00e1ng m\u1ed9t c\u00e1ch ch\u00e2n th\u1ef1c nh\u1ea5t, c\u00e1c v\u1eadt th\u1ec3 tr\u00ean \u0111\u01b0\u1eddng \u0111\u01b0\u1ee3c th\u1ec3 hi\u1ec7n r\u00f5 r\u00e0ng h\u01a1n, gi\u1ea3m thi\u1ec3u \u0111\u01b0\u1ee3c t\u00ecnh tr\u1ea1ng ph\u1ea3n s\u00e1ng g\u00e2y ch\u00f3i v\u00e0 m\u1ecfi m\u1eaft cho t\u00e0i x\u1ebf.<\/p>\n<h2 dir=\"ltr\"><strong><a id=\"kh--n-ng-chi--u-s-ng\" class=\"toc-a-tag\"><\/a>Kh\u1ea3 n\u0103ng chi\u1ebfu s\u00e1ng<\/strong><\/h2>\n<p dir=\"ltr\">Titan Platinum 9+3 l\u00e0 d\u00f2ng bi LED s\u1edf h\u1eefu s\u1ed1 l\u01b0\u1ee3ng nh\u00e2n LED cao nh\u1ea5t hi\u1ec7n t\u1ea1i\u00a0l\u00e0 12 nh\u00e2n LED Titan Custom c\u1ee5 th\u1ec3 bao g\u1ed3m 9 nh\u00e2n LED \u1edf ch\u00f3a ph\u1ea3n x\u1ea1 ch\u00ednh v\u00e0 3 nh\u00e2n LED \u1edf ch\u00f3a ph\u1ea3n x\u1ea1 ph\u1ee5 \u0111\u01b0a c\u00f4ng su\u1ea5t Low Beam l\u00ean \u0111\u1ebfn 75W v\u00e0 High Beam l\u00e0 80W v\u01b0\u1ee3t xa ng\u01b0\u1ee1ng c\u00e1c d\u00f2ng bi LED tr\u00ean th\u1ecb tr\u01b0\u1eddng \u1edf ph\u00e2n kh\u00fac 9,5 tri\u1ec7u.<\/p>\n<h3 dir=\"ltr\"><strong><a id=\"cos-g-m-t--i-t-m-kh--n-ng-chi--u-s-ng---ng--i--m\" class=\"toc-a-tag\"><\/a>Cos g\u00f4m t\u1ea1i t\u00e2m, kh\u1ea3 n\u0103ng chi\u1ebfu s\u00e1ng \u0111\u00fang \u0111i\u1ec3m<\/strong><\/h3>\n<p dir=\"ltr\"><strong><img loading=\"lazy\" decoding=\"async\" class=\"alignnone size-full wp-image-1692\" src=\"https:\/\/autothaiduong.vn\/wp-content\/uploads\/2025\/05\/anh-sang-cos-titan-platinum.png\" alt=\"\" width=\"800\" height=\"800\" srcset=\"https:\/\/autothaiduong.vn\/wp-content\/uploads\/2025\/05\/anh-sang-cos-titan-platinum.png 800w, https:\/\/autothaiduong.vn\/wp-content\/uploads\/2025\/05\/anh-sang-cos-titan-platinum-600x600.png 600w, https:\/\/autothaiduong.vn\/wp-content\/uploads\/2025\/05\/anh-sang-cos-titan-platinum-300x300.png 300w, https:\/\/autothaiduong.vn\/wp-content\/uploads\/2025\/05\/anh-sang-cos-titan-platinum-768x768.png 768w, https:\/\/autothaiduong.vn\/wp-content\/uploads\/2025\/05\/anh-sang-cos-titan-platinum-100x100.png 100w\" sizes=\"auto, (max-width: 800px) 100vw, 800px\" \/><\/strong><\/p>\n<p dir=\"ltr\">\u1ede ch\u1ebf \u0111\u1ed9 Cos, \u00e1nh s\u00e1ng d\u1ec5 d\u00e0ng \u0111\u01b0\u1ee3c chinh ph\u1ee5c b\u1edfi 12 nh\u00e2n LED, v\u1edbi Cos r\u1ef1c m\u1ed9t v\u00f9ng, v\u1ec7t c\u1eaft Cos r\u00f5 n\u00e9t, r\u1ed9ng v\u00e0 \u0111\u1ec1u chi\u1ebfu xa kho\u1ea3ng 200m, kh\u1ea3 n\u0103ng ph\u1ee7 s\u00e1ng c\u1ee7a m\u1ed9t qu\u1ea3 bi \u1edf ch\u1ebf \u0111\u1ed9 Cos c\u00f3 th\u1ec3 \u0111\u1ea1t \u0111\u01b0\u1ee3c t\u1ea7m quan s\u00e1t t\u1eeb 6 \u0111\u1ebfn 8 l\u00e0n \u0111\u01b0\u1eddng, vi\u1ec7c n\u00e0y gi\u00fap cho ch\u1ee7 xe c\u00f3 th\u1ec3 tho\u1ea3i m\u00e1i quan s\u00e1t khi di chuy\u1ec3n ban \u0111\u00eam.<\/p>\n<h3 dir=\"ltr\"><strong><a id=\"pha-cao-v--r--ng\" class=\"toc-a-tag\"><\/a>Pha cao v\u00e0 r\u1ed9ng<\/strong><\/h3>\n<p dir=\"ltr\"><img loading=\"lazy\" decoding=\"async\" class=\"alignnone size-full wp-image-1693\" src=\"https:\/\/autothaiduong.vn\/wp-content\/uploads\/2025\/05\/anh-sang-pha-bi-led-titan-platinum.png\" alt=\"\" width=\"800\" height=\"800\" srcset=\"https:\/\/autothaiduong.vn\/wp-content\/uploads\/2025\/05\/anh-sang-pha-bi-led-titan-platinum.png 800w, https:\/\/autothaiduong.vn\/wp-content\/uploads\/2025\/05\/anh-sang-pha-bi-led-titan-platinum-600x600.png 600w, https:\/\/autothaiduong.vn\/wp-content\/uploads\/2025\/05\/anh-sang-pha-bi-led-titan-platinum-300x300.png 300w, https:\/\/autothaiduong.vn\/wp-content\/uploads\/2025\/05\/anh-sang-pha-bi-led-titan-platinum-768x768.png 768w, https:\/\/autothaiduong.vn\/wp-content\/uploads\/2025\/05\/anh-sang-pha-bi-led-titan-platinum-100x100.png 100w\" sizes=\"auto, (max-width: 800px) 100vw, 800px\" \/><\/p>\n<p dir=\"ltr\">M\u1ed9t \u0111i\u1ec1u hi\u1ebfm hoi \u1edf nh\u1eefng qu\u1ea3 bi LED c\u00f3 \u0111\u01b0\u1ee3c \u0111\u00f3 ch\u00ednh l\u00e0 ch\u1ebf \u0111\u1ed9 Pha cao, r\u1ed9ng v\u00e0 xa, \u00e1nh s\u00e1ng r\u00f3t v\u00e0 \u0111\u1eadm \u1edf t\u00e2m \u0111\u1ec3 quan s\u00e1t r\u00f5 r\u00e0ng \u0111\u01b0\u1ee3c nh\u1eefng v\u1eadt th\u1ec3 ngay tr\u01b0\u1edbc m\u1eb7t v\u1edbi ng\u01b0\u1ee1ng c\u00f4ng su\u1ea5t l\u00ean \u0111\u1ebfn 80W cho ra t\u1ea7m chi\u1ebfu xa \u0111\u1ea1t 800m.<\/p>\n<h2 dir=\"ltr\"><strong><a id=\"c-ng-ngh--ph--ar-m--i-nh--t\" class=\"toc-a-tag\"><\/a>C\u00f4ng ngh\u1ec7 ph\u1ee7 AR m\u1edbi nh\u1ea5t<\/strong><\/h2>\n<p dir=\"ltr\">M\u1eaft lens c\u00f3 m\u00e0u xanh \u00e1nh t\u00edm \u1ea5n t\u01b0\u1ee3ng, \u0111\u01b0\u1ee3c ph\u1ee7 1 l\u1edbp AR gi\u00fap \u00e1nh s\u00e1ng t\u1eadp trung v\u00e0o m\u1ed9t \u0111i\u1ec3m, b\u00e1m \u0111\u01b0\u1eddng h\u01a1n, ch\u1ed1ng ch\u00f3i kh\u00f4ng g\u00e2y l\u00f3a ng\u01b0\u1eddi \u0111\u1ed1i di\u1ec7n.<\/p>\n<h2 dir=\"ltr\"><strong><a id=\"nhi--t-m-u--a-d--ng\" class=\"toc-a-tag\"><\/a>Nhi\u1ec7t m\u00e0u \u0111a d\u1ee5ng<\/strong><\/h2>\n<p dir=\"ltr\">Nhi\u1ec7t m\u00e0u 5000K t\u1ea1o ra ch\u00f9m \u00e1nh s\u00e1ng tr\u1eafng pha v\u00e0ng, k\u1ebft h\u1ee3p \u00e1nh s\u00e1ng c\u00f3 \u0111\u1ed9 ph\u1ee7 r\u1ef1c c\u1ee7a Titan Platinum 9+3 h\u1ed7 tr\u1ee3 quan s\u00e1t t\u1ed1t khi di chuy\u1ec3n trong n\u1ed9i \u0111\u00f4, kh\u1eafc ph\u1ee5c \u0111\u01b0\u1ee3c c\u00e1c \u0111i\u1ec1u ki\u1ec7n th\u1eddi ti\u1ebft kh\u00f3 kh\u0103n, b\u00ean c\u1ea1nh \u0111\u00f3, m\u00e0u s\u1eafc v\u00e0ng s\u1ebd cho ra \u00e1nh s\u00e1ng h\u00e0i h\u00f2a d\u1ecbu m\u1eaft kh\u00f4ng g\u00e2y m\u1ecfi m\u1eaft khi l\u00e1i xe \u0111\u01b0\u1eddng d\u00e0i nh\u01b0 \u00e1nh s\u00e1ng tr\u1eafng.<\/p>\n<h2 dir=\"ltr\"><strong><a id=\"h--th--ng-t--n-nhi--t-t--i--u\" class=\"toc-a-tag\"><\/a>H\u1ec7 th\u1ed1ng t\u1ea3n nhi\u1ec7t t\u1ed1i \u01b0u<\/strong><\/h2>\n<p dir=\"ltr\">\u0110\u01b0\u1ee3c \u1ee9ng d\u1ee5ng c\u00f4ng ngh\u1ec7 t\u1ea3n nhi\u1ec7t m\u1edbi l\u00e0 s\u1ef1 k\u1ebft h\u1ee3p gi\u1eefa \u0111\u1ebf \u0111\u1ed3ng DTP v\u00e0 v\u1eadt li\u1ec7u t\u1ea3n nhi\u1ec7t Black Aluminum gi\u00fap l\u00e0m m\u00e1t v\u00e0 \u0111i\u1ec1u h\u00f2a nhi\u1ec7t \u0111\u1ed9 b\u00ean trong s\u1ea3n ph\u1ea9m l\u00ean 30%.<\/p>\n<p dir=\"ltr\"><img loading=\"lazy\" decoding=\"async\" class=\"alignnone size-full wp-image-1694\" src=\"https:\/\/autothaiduong.vn\/wp-content\/uploads\/2025\/05\/bi-led-titan-platinum-5.png\" alt=\"\" width=\"1280\" height=\"1086\" srcset=\"https:\/\/autothaiduong.vn\/wp-content\/uploads\/2025\/05\/bi-led-titan-platinum-5.png 1280w, https:\/\/autothaiduong.vn\/wp-content\/uploads\/2025\/05\/bi-led-titan-platinum-5-600x509.png 600w, https:\/\/autothaiduong.vn\/wp-content\/uploads\/2025\/05\/bi-led-titan-platinum-5-1024x869.png 1024w, https:\/\/autothaiduong.vn\/wp-content\/uploads\/2025\/05\/bi-led-titan-platinum-5-768x652.png 768w\" sizes=\"auto, (max-width: 1280px) 100vw, 1280px\" \/><\/p>\n<p dir=\"ltr\">\u0110\u1ebf \u0111\u1ed3ng DTP \u0111\u1eb7t ngay b\u00ean d\u01b0\u1edbi chip LED k\u00e9o th\u1eb3ng d\u00e0i ra qu\u1ea1t t\u1ea3n nhi\u1ec7t, gi\u00fap \u0111i\u1ec1u ti\u1ebft l\u01b0u l\u01b0\u1ee3ng kh\u00ed n\u00f3ng ra b\u00ean ngo\u00e0i m\u1ed9t c\u00e1ch nhanh nh\u1ea5t. Black Aluminum nguy\u00ean kh\u1ed1i \u0111\u01b0\u1ee3c d\u1eadp \u0111\u1ecbnh h\u00ecnh th\u00e0nh t\u1eebng l\u00e1 m\u1ecfng \u0111\u1eb7t c\u00e1ch nhau 1mm, t\u1ea1o ra c\u00e1c r\u00e3nh gi\u00fap th\u1ed5i lu\u1ed3ng kh\u00ed n\u00f3ng ra b\u00ean ngo\u00e0i. K\u1ebft h\u1ee3p c\u00f9ng h\u1ec7 th\u1ed1ng qu\u1ea1t ho\u1ea1t \u0111\u1ed9ng v\u1edbi c\u00f4ng su\u1ea5t cao, v\u00e0 c\u00f4ng ngh\u1ec7 t\u1ea3n nhi\u1ec7t AI th\u00f4ng minh t\u00f9y bi\u1ebfn nhi\u1ec7t \u0111\u1ed9 b\u00ean trong \u0111\u00e8n theo nhi\u1ec7t \u0111\u1ed9 c\u1ee7a m\u00f4i tr\u01b0\u1eddng b\u00ean ngo\u00e0i g\u00f3p ph\u1ea7n t\u0103ng \u0111\u1ed9 b\u1ec1n v\u00e0 tu\u1ed5i th\u1ecd cho Platinum 9+3.<\/p>\n<p dir=\"ltr\"><strong>T\u1ed5ng k\u1ebft:<\/strong>\u00a0Bi LED Titan Platinum 9+3 b\u1ea3n n\u00e2ng c\u1ea5p nhi\u1ec7t m\u00e0u 5000k \u0111\u01b0\u1ee3c \u0111\u00e1nh gi\u00e1 l\u00e0 phi\u00ean b\u1ea3n c\u1ea3i thi\u1ec7n kh\u1ea3 n\u0103ng \u0111i m\u01b0a b\u00e1m \u0111\u01b0\u1eddng. \u0110\u01b0\u1ee3c \u0111\u00e1nh gi\u00e1 4.5\/6 sao \u1edf ch\u1ebf \u0111\u1ed9 Cos, 5\/6 sao \u1edf ch\u1ebf \u0111\u1ed9 Pha v\u00e0 4.5\/6 \u1edf kh\u1ea3 n\u0103ng \u0111i m\u01b0a ph\u00e1 s\u01b0\u01a1ng theo ti\u00eau chu\u1ea9n X-Treme Vision. \u0110\u00e2y s\u1ebd l\u00e0 s\u1ea3n ph\u1ea9m ph\u00f9 h\u1ee3p cho nhi\u1ec1u m\u1ee5c \u0111\u00edch s\u1eed d\u1ee5ng t\u1eeb \u0111i trong ph\u1ed1 v\u1edbi Cos r\u1ed9ng ph\u1ee7 t\u1ed1t, \u0111\u1ebfn \u0111i cao t\u1ed1c v\u1edbi Pha m\u1ea1nh \u0111\u1ed9 gom s\u00e1ng t\u1ed1t v\u00e0 kh\u1ea3 n\u0103ng di chuy\u1ec3n v\u1edbi nhi\u1ec1u \u0111i\u1ec1u ki\u1ec7n th\u1eddi ti\u1ebft kh\u00f3 kh\u0103n.<\/p>\n","protected":false},"excerpt":{"rendered":"<h2>Th\u00f4ng s\u1ed1 k\u1ef9 thu\u1eadt BI LED TITAN PLATINUM 9+3 NHI\u1ec6T M\u00c0U 5000K<\/h2>\n<table>\n<tbody>\n<tr>\n<td class=\"lileft\">T\u00ean S\u1ea3n Ph\u1ea9m:<\/td>\n<td class=\"liright\">BI LED TITAN PLATINUM 9+3 NHI\u1ec6T M\u00c0U 5000K<\/td>\n<\/tr>\n<tr>\n<td class=\"lileft\">Lo\u1ea1i \u0110\u00e8n:<\/td>\n<td class=\"liright\">BI LED<\/td>\n<\/tr>\n<tr>\n<td class=\"lileft\">N\u0103m s\u1ea3n xu\u1ea5t:<\/td>\n<td class=\"liright\">2022<\/td>\n<\/tr>\n<tr>\n<td class=\"lileft\">C\u00f4ng Su\u1ea5t Cos:<\/td>\n<td class=\"liright\">75W<\/td>\n<\/tr>\n<tr>\n<td class=\"lileft\">C\u00f4ng Su\u1ea5t Pha:<\/td>\n<td class=\"liright\">80W<\/td>\n<\/tr>\n<tr>\n<td class=\"lileft\">Nh\u00e2n LED:<\/td>\n<td class=\"liright\">9+3<\/td>\n<\/tr>\n<tr>\n<td class=\"lileft\">Nhi\u1ec7t m\u00e0u:<\/td>\n<td class=\"liright\">5000K<\/td>\n<\/tr>\n<tr>\n<td class=\"lileft\">H\u1ec7 Th\u1ed1ng T\u1ea3n Nhi\u1ec7t:<\/td>\n<td class=\"liright\">Aluminum<\/td>\n<\/tr>\n<tr>\n<td class=\"lileft\">Tu\u1ed5i th\u1ecd:<\/td>\n<td class=\"liright\">30.000 gi\u1edd<\/td>\n<\/tr>\n<tr>\n<td class=\"lileft\">\u0110i\u1ec7n \u00c1p:<\/td>\n<td class=\"liright\">12V<\/td>\n<\/tr>\n<tr>\n<td class=\"lileft\">K\u00edch Th\u01b0\u1edbc Lens:<\/td>\n<td class=\"liright\">3 Inch<\/td>\n<\/tr>\n<tr>\n<td class=\"lileft\">B\u1ea3o h\u00e0nh:<\/td>\n<td class=\"liright\">36 th\u00e1ng<\/td>\n<\/tr>\n<\/tbody>\n<\/table>\n","protected":false},"featured_media":1688,"comment_status":"open","ping_status":"closed","template":"","meta":[],"product_brand":[28],"product_cat":[16,26],"product_tag":[],"class_list":{"0":"post-1685","1":"product","2":"type-product","3":"status-publish","4":"has-post-thumbnail","6":"product_brand-titan","7":"product_cat-anh-sang","8":"product_cat-bi-led","10":"first","11":"instock","12":"shipping-taxable","13":"purchasable","14":"product-type-simple"},"_links":{"self":[{"href":"https:\/\/autothaiduong.vn\/index.php?rest_route=\/wp\/v2\/product\/1685","targetHints":{"allow":["GET"]}}],"collection":[{"href":"https:\/\/autothaiduong.vn\/index.php?rest_route=\/wp\/v2\/product"}],"about":[{"href":"https:\/\/autothaiduong.vn\/index.php?rest_route=\/wp\/v2\/types\/product"}],"replies":[{"embeddable":true,"href":"https:\/\/autothaiduong.vn\/index.php?rest_route=%2Fwp%2Fv2%2Fcomments&post=1685"}],"wp:featuredmedia":[{"embeddable":true,"href":"https:\/\/autothaiduong.vn\/index.php?rest_route=\/wp\/v2\/media\/1688"}],"wp:attachment":[{"href":"https:\/\/autothaiduong.vn\/index.php?rest_route=%2Fwp%2Fv2%2Fmedia&parent=1685"}],"wp:term":[{"taxonomy":"product_brand","embeddable":true,"href":"https:\/\/autothaiduong.vn\/index.php?rest_route=%2Fwp%2Fv2%2Fproduct_brand&post=1685"},{"taxonomy":"product_cat","embeddable":true,"href":"https:\/\/autothaiduong.vn\/index.php?rest_route=%2Fwp%2Fv2%2Fproduct_cat&post=1685"},{"taxonomy":"product_tag","embeddable":true,"href":"https:\/\/autothaiduong.vn\/index.php?rest_route=%2Fwp%2Fv2%2Fproduct_tag&post=1685"}],"curies":[{"name":"wp","href":"https:\/\/api.w.org\/{rel}","templated":true}]}}